{"id":3150,"date":"2023-01-04T15:28:06","date_gmt":"2023-01-04T13:28:06","guid":{"rendered":"https:\/\/dev.movacolor.com\/a-propos-de-nous\/nouvelles\/"},"modified":"2023-09-15T11:03:14","modified_gmt":"2023-09-15T09:03:14","slug":"nouvelles","status":"publish","type":"page","link":"https:\/\/www.movacolor.com\/fr\/a-propos-de-nous\/nouvelles\/","title":{"rendered":"Nouvelles"},"content":{"rendered":"<section class=\"l-section wpb_row height_auto\"><div class=\"l-section-h i-cf\"><div class=\"g-cols vc_row via_flex valign_top type_boxes stacking_default\"><div class=\"vc_col-sm-12 wpb_column vc_column_container\"><div class=\"vc_column-inner us_custom_11944701 us_animate_this\"><div class=\"wpb_wrapper\"><div class=\"wpb_text_column\"><div class=\"wpb_wrapper\"><h1><strong>Actualit\u00e9s<\/strong><\/h1>\n<p>Que vous soyez client, partenaire ou simplement int\u00e9ress\u00e9(e) par l\u2019industrie du plastique. Sur cette page, vous trouverez les derni\u00e8res actualit\u00e9s de notre entreprise ainsi que des articles instructifs sur les avanc\u00e9es dans le march\u00e9 du plastique et sur d\u2019autres sujets connexes.<\/p>\n<\/div><\/div><\/div><\/div><\/div><\/div><\/div><\/section><section class=\"l-section wpb_row us_custom_c70c97eb height_auto width_full\"><div class=\"l-section-h i-cf\"><div class=\"g-cols vc_row via_flex valign_top type_boxes stacking_default\"><div class=\"vc_col-sm-12 wpb_column vc_column_container\"><div class=\"vc_column-inner\"><div class=\"wpb_wrapper\"><div class=\"g-cols wpb_row filter news via_flex valign_top type_default stacking_default\"><div class=\"vc_col-sm-12 wpb_column vc_column_container\"><div class=\"vc_column-inner\"><div class=\"wpb_wrapper\"><div class=\"w-text us_custom_60e9caca filter-label us_animate_this\"><span class=\"w-text-h\"><span class=\"w-text-value\">Filter<\/span><\/span><\/div><form class=\"w-filter for_grid state_desktop us-field-style_1 us_custom_60e9caca us_animate_this layout_hor items_1 mod_side style_switch_default align_none drop_on_hover hide_item_title\" action onsubmit=\"return false;\" onclick='return {&quot;filterPrefix&quot;:&quot;filter&quot;,&quot;hideDisabledValues&quot;:false,&quot;layout&quot;:&quot;hor&quot;,&quot;mobileWidth&quot;:600,&quot;use_grid&quot;:&quot;first&quot;,&quot;gridNotFoundMessage&quot;:&quot;Nothing to filter. Add a suitable Grid to this page.&quot;}'><div class=\"w-filter-list\"><div class=\"w-filter-list-title\">Filter<\/div><button class=\"w-filter-list-closer\" title=\"Fermer\" aria-label=\"Fermer\"><\/button><div class=\"w-filter-item type_radio\" data-source=\"tax|category\"><button class=\"w-filter-item-title\">Cat\u00e9gorie<span><\/span><\/button><a class=\"w-filter-item-reset\" href=\"#\" title=\"R\u00e9initialiser\"><span>R\u00e9initialiser<\/span><\/a><div class=\"w-filter-item-content\"><div class=\"w-filter-item-values\" data-maxheight=\"40vh\" style=\"max-height:40vh\"><div class=\"w-filter-item-value selected\"><label><input type=\"radio\" value=\"*\" name=\"filter_category\" checked='checked'><span class=\"w-filter-item-value-label\">Tous<\/span><\/label><\/div><div class=\"w-filter-item-value\" data-item-amount=\"1\"><label><input type=\"radio\" value=\"blogs-fr\" name=\"filter_category\"><span class=\"w-filter-item-value-label\">Blogs<\/span><\/label><\/div><div class=\"w-filter-item-value\" data-item-amount=\"2\"><label><input type=\"radio\" value=\"cas\" name=\"filter_category\"><span class=\"w-filter-item-value-label\">Cas<\/span><\/label><\/div><div class=\"w-filter-item-value\" data-item-amount=\"1\"><label><input type=\"radio\" value=\"nieuws-fr\" name=\"filter_category\"><span class=\"w-filter-item-value-label\">Nieuws<\/span><\/label><\/div><\/div><\/div><\/div><\/div><div class=\"w-filter-list-panel\"><button class=\"w-btn us-btn-style_2\"><span class=\"w-btn-label\">Appliquer<\/span><\/button><\/div><style>@media( max-width:600px ){.w-filter.state_desktop .w-filter-list,.w-filter-item-title>span{display:none}.w-filter-opener{display:inline-block}}<\/style><button class=\"w-filter-opener w-btn us-btn-style_1 icon_atleft\"><i class=\"far fa-filter\"><\/i><span>Filter<\/span><\/button><div class=\"w-filter-json-filters-args hidden\" onclick='return {&quot;taxonomies_query_args&quot;:{&quot;tax|category&quot;:{&quot;blogs-fr&quot;:{&quot;fields&quot;:&quot;ids&quot;,&quot;nopaging&quot;:true,&quot;post_status&quot;:[&quot;publish&quot;,&quot;acf-disabled&quot;,&quot;inherit&quot;],&quot;post_type&quot;:[],&quot;posts_per_page&quot;:1,&quot;suppress_filters&quot;:true,&quot;tax_query&quot;:[{&quot;taxonomy&quot;:&quot;category&quot;,&quot;field&quot;:&quot;slug&quot;,&quot;terms&quot;:&quot;blogs-fr&quot;}]},&quot;cas&quot;:{&quot;fields&quot;:&quot;ids&quot;,&quot;nopaging&quot;:true,&quot;post_status&quot;:[&quot;publish&quot;,&quot;acf-disabled&quot;,&quot;inherit&quot;],&quot;post_type&quot;:[],&quot;posts_per_page&quot;:1,&quot;suppress_filters&quot;:true,&quot;tax_query&quot;:[{&quot;taxonomy&quot;:&quot;category&quot;,&quot;field&quot;:&quot;slug&quot;,&quot;terms&quot;:&quot;cas&quot;}]},&quot;nieuws-fr&quot;:{&quot;fields&quot;:&quot;ids&quot;,&quot;nopaging&quot;:true,&quot;post_status&quot;:[&quot;publish&quot;,&quot;acf-disabled&quot;,&quot;inherit&quot;],&quot;post_type&quot;:[],&quot;posts_per_page&quot;:1,&quot;suppress_filters&quot;:true,&quot;tax_query&quot;:[{&quot;taxonomy&quot;:&quot;category&quot;,&quot;field&quot;:&quot;slug&quot;,&quot;terms&quot;:&quot;nieuws-fr&quot;}]},&quot;non-classifiee&quot;:{&quot;fields&quot;:&quot;ids&quot;,&quot;nopaging&quot;:true,&quot;post_status&quot;:[&quot;publish&quot;,&quot;acf-disabled&quot;,&quot;inherit&quot;],&quot;post_type&quot;:[],&quot;posts_per_page&quot;:1,&quot;suppress_filters&quot;:true,&quot;tax_query&quot;:[{&quot;taxonomy&quot;:&quot;category&quot;,&quot;field&quot;:&quot;slug&quot;,&quot;terms&quot;:&quot;non-classifiee&quot;}]}}}}'><\/div><\/form><\/div><\/div><\/div><\/div><div class=\"w-grid us_grid us_custom_60e9caca us_animate_this type_grid layout_175 cols_3 pagination_ajax preload_style_spinner\" id=\"us_grid_1\" style=\"--columns:3;--gap:1.5rem;\" data-filterable=\"true\"><style>@media (max-width:1299px){#us_grid_1{--columns:2!important}}@media (max-width:1024px){#us_grid_1{--columns:2!important}}@media (max-width:768px){#us_grid_1{--columns:1!important}}.layout_175 .w-grid-item-h{background:var(--color-content-bg-alt);box-shadow:0 0.08rem 0.15rem rgba(0,0,0,0.1),0 0.25rem 0.75rem rgba(0,0,0,0.1);transition-duration:0.3s}.no-touch .layout_175 .w-grid-item-h:hover{box-shadow:0 0.03rem 0.06rem rgba(0,0,0,0.1),0 0.1rem 0.3rem rgba(0,0,0,0.15);z-index:4}.layout_175 .usg_vwrapper_1{margin-bottom:4.5rem!important;padding:2rem!important}.layout_175 .usg_btn_1{margin-top:3rem!important;position:absolute!important;left:2rem!important;bottom:2rem!important}@media (min-width:1025px) and (max-width:1280px){.layout_175 .usg_vwrapper_1{margin-bottom:4.5rem!important;padding:2rem!important}.layout_175 .usg_btn_1{position:absolute!important;left:2rem!important;bottom:2rem!important}}@media (min-width:769px) and (max-width:1024px){.layout_175 .usg_vwrapper_1{margin-bottom:4.5rem!important;padding:2rem!important}.layout_175 .usg_btn_1{position:absolute!important;left:2rem!important;bottom:2rem!important}}@media (max-width:768px){.layout_175 .usg_vwrapper_1{margin-bottom:4.5rem!important;padding:1.5rem!important}.layout_175 .usg_btn_1{position:absolute!important;left:1.5rem!important;bottom:1.5rem!important}}<\/style><div class=\"w-grid-list\">\t<article class=\"w-grid-item size_1x1 post-15489 post type-post status-publish format-standard has-post-thumbnail hentry category-nieuws-fr\" data-id=\"15489\">\r\n\t\t<div class=\"w-grid-item-h\">\r\n\t\t\t\t\t\t\t<a href=\"https:\/\/www.movacolor.com\/fr\/news\/volumetric-dosing-done-right-decouvrez-notre-nouvelle-unite-de-dosage\/\" class=\"w-grid-item-anchor\" aria-label=\"&#8216;Volumetric Dosing Done Right&#8217;: D\u00e9couvrez notre nouvelle unit\u00e9 de dosage\"><\/a>\r\n\t\t\t\t\t\t<div class=\"w-post-elm post_image usg_post_image_1 stretched\"><img loading=\"lazy\" decoding=\"async\" width=\"600\" height=\"400\" src=\"https:\/\/www.movacolor.com\/wp-content\/uploads\/2024\/01\/MDS-Volumetric-Feeder-Thumbnail-600x400.jpg\" class=\"attachment-us_600_400_crop size-us_600_400_crop wp-post-image\" alt=\"MDS Volumetric Feeder in Testroom\" srcset=\"https:\/\/www.movacolor.com\/wp-content\/uploads\/2024\/01\/MDS-Volumetric-Feeder-Thumbnail-600x400.jpg 600w, https:\/\/www.movacolor.com\/wp-content\/uploads\/2024\/01\/MDS-Volumetric-Feeder-Thumbnail-300x201.jpg 300w, https:\/\/www.movacolor.com\/wp-content\/uploads\/2024\/01\/MDS-Volumetric-Feeder-Thumbnail-897x600.jpg 897w, https:\/\/www.movacolor.com\/wp-content\/uploads\/2024\/01\/MDS-Volumetric-Feeder-Thumbnail.jpg 997w\" sizes=\"auto, (max-width: 600px) 100vw, 600px\" \/><\/div><div class=\"w-vwrapper usg_vwrapper_1 align_left valign_top\"><h4 class=\"w-post-elm post_title usg_post_title_1 entry-title color_link_inherit\">&#8216;Volumetric Dosing Done Right&#8217;: D\u00e9couvrez notre nouvelle unit\u00e9 de dosage<\/h4><div class=\"w-post-elm post_content usg_post_content_1\">Nous sommes tr\u00e8s heureux de lancer notre toute nouvelle unit\u00e9 de dosage : Le MDS Volumetric Feeder. Cette unit\u00e9 de dosage innovante \u00e9tablit la nouvelle norme en mati\u00e8re de dosage\u2026<\/div><\/div><button tabindex=\"-1\" class=\"w-btn us-btn-style_5 usg_btn_1\"><span class=\"w-btn-label\">Plus d&#8217;info<\/span><\/button>\t\t<\/div>\r\n\t\t\t<\/article>\r\n\t<article class=\"w-grid-item size_1x1 post-7711 post type-post status-publish format-standard has-post-thumbnail hentry category-blogs-fr\" data-id=\"7711\">\r\n\t\t<div class=\"w-grid-item-h\">\r\n\t\t\t\t\t\t\t<a href=\"https:\/\/www.movacolor.com\/fr\/news\/des-commentaires-des-clients-a-une-nouvelle-solution-le-complement-de-dosage-hors-ligne\/\" class=\"w-grid-item-anchor\" aria-label=\"Des commentaires des clients \u00e0 une nouvelle solution : Le compl\u00e9ment de dosage hors ligne\"><\/a>\r\n\t\t\t\t\t\t<div class=\"w-post-elm post_image usg_post_image_1 stretched\"><img loading=\"lazy\" decoding=\"async\" width=\"600\" height=\"400\" src=\"https:\/\/www.movacolor.com\/wp-content\/uploads\/2023\/06\/DSC00194_BLUR-1-600x400.jpg\" class=\"attachment-us_600_400_crop size-us_600_400_crop wp-post-image\" alt=\"Off-line Dosing Configuration\" srcset=\"https:\/\/www.movacolor.com\/wp-content\/uploads\/2023\/06\/DSC00194_BLUR-1-600x400.jpg 600w, https:\/\/www.movacolor.com\/wp-content\/uploads\/2023\/06\/DSC00194_BLUR-1-1500x1000.jpg 1500w\" sizes=\"auto, (max-width: 600px) 100vw, 600px\" \/><\/div><div class=\"w-vwrapper usg_vwrapper_1 align_left valign_top\"><h4 class=\"w-post-elm post_title usg_post_title_1 entry-title color_link_inherit\">Des commentaires des clients \u00e0 une nouvelle solution : Le compl\u00e9ment de dosage hors ligne<\/h4><div class=\"w-post-elm post_content usg_post_content_1\">L&#8217;ann\u00e9e derni\u00e8re, nous avons re\u00e7u plusieurs demandes concernant la viabilit\u00e9 du positionnement de notre balance MDS 6 \u00e0 c\u00f4t\u00e9 de la machine de production. Ces questions nous ont incit\u00e9s \u00e0\u2026<\/div><\/div><button tabindex=\"-1\" class=\"w-btn us-btn-style_5 usg_btn_1\"><span class=\"w-btn-label\">Plus d&#8217;info<\/span><\/button>\t\t<\/div>\r\n\t\t\t<\/article>\r\n\t<article class=\"w-grid-item size_1x1 post-7705 post type-post status-publish format-standard has-post-thumbnail hentry category-cas\" data-id=\"7705\">\r\n\t\t<div class=\"w-grid-item-h\">\r\n\t\t\t\t\t\t\t<a href=\"https:\/\/www.movacolor.com\/fr\/news\/une-solution-durable-pour-lindustrie-du-vinyle\/\" class=\"w-grid-item-anchor\" aria-label=\"Une solution durable pour l&#8217;industrie du vinyle\"><\/a>\r\n\t\t\t\t\t\t<div class=\"w-post-elm post_image usg_post_image_1 stretched\"><img loading=\"lazy\" decoding=\"async\" width=\"600\" height=\"400\" src=\"https:\/\/www.movacolor.com\/wp-content\/uploads\/2023\/07\/NEW-THUMBNAIL-600x400.png\" class=\"attachment-us_600_400_crop size-us_600_400_crop wp-post-image\" alt=\"\" srcset=\"https:\/\/www.movacolor.com\/wp-content\/uploads\/2023\/07\/NEW-THUMBNAIL-600x400.png 600w, https:\/\/www.movacolor.com\/wp-content\/uploads\/2023\/07\/NEW-THUMBNAIL-1500x1000.png 1500w\" sizes=\"auto, (max-width: 600px) 100vw, 600px\" \/><\/div><div class=\"w-vwrapper usg_vwrapper_1 align_left valign_top\"><h4 class=\"w-post-elm post_title usg_post_title_1 entry-title color_link_inherit\">Une solution durable pour l&#8217;industrie du vinyle<\/h4><div class=\"w-post-elm post_content usg_post_content_1\">L&#8217;ann\u00e9e derni\u00e8re, Harm Theunisse nous a demand\u00e9 de collaborer \u00e0 un projet sp\u00e9cial intitul\u00e9 &#8220;Green Vinyl Records&#8221;. Harm souhaitait \u00e9tudier s&#8217;il \u00e9tait possible de r\u00e9duire les d\u00e9chets et d&#8217;\u00e9conomiser de\u2026<\/div><\/div><button tabindex=\"-1\" class=\"w-btn us-btn-style_5 usg_btn_1\"><span class=\"w-btn-label\">Plus d&#8217;info<\/span><\/button>\t\t<\/div>\r\n\t\t\t<\/article>\r\n\t<article class=\"w-grid-item size_1x1 post-7717 post type-post status-publish format-standard has-post-thumbnail hentry category-cas\" data-id=\"7717\">\r\n\t\t<div class=\"w-grid-item-h\">\r\n\t\t\t\t\t\t\t<a href=\"https:\/\/www.movacolor.com\/fr\/news\/une-visite-a-notre-client-enitor-primo\/\" class=\"w-grid-item-anchor\" aria-label=\"Une visite \u00e0 notre client Enitor Primo\"><\/a>\r\n\t\t\t\t\t\t<div class=\"w-post-elm post_image usg_post_image_1 stretched\"><img loading=\"lazy\" decoding=\"async\" width=\"600\" height=\"400\" src=\"https:\/\/www.movacolor.com\/wp-content\/uploads\/2023\/06\/MicrosoftTeams-image-600x400.jpg\" class=\"attachment-us_600_400_crop size-us_600_400_crop wp-post-image\" alt=\"Jelle Wibo Elsinga - Enitor Primo\" \/><\/div><div class=\"w-vwrapper usg_vwrapper_1 align_left valign_top\"><h4 class=\"w-post-elm post_title usg_post_title_1 entry-title color_link_inherit\">Une visite \u00e0 notre client Enitor Primo<\/h4><div class=\"w-post-elm post_content usg_post_content_1\">Nous avons r\u00e9cemment eu la fantastique opportunit\u00e9 de visiter Enitor Primo, qui fait partie de la grande multinationale Primo Group et qui est un client appr\u00e9ci\u00e9 de Movacolor. Cette soci\u00e9t\u00e9\u2026<\/div><\/div><button tabindex=\"-1\" class=\"w-btn us-btn-style_5 usg_btn_1\"><span class=\"w-btn-label\">Plus d&#8217;info<\/span><\/button>\t\t<\/div>\r\n\t\t\t<\/article>\r\n<\/div>\t<div class=\"w-grid-preloader\">\r\n\t\t<div class=\"g-preloader type_1\">\r\n\t\t\t<div><\/div>\r\n\t\t<\/div>\r\n\t<\/div>\r\n\t\t<div class=\"w-grid-json hidden\" onclick='return {&quot;action&quot;:&quot;us_ajax_grid&quot;,&quot;infinite_scroll&quot;:0,&quot;max_num_pages&quot;:1,&quot;pagination&quot;:&quot;ajax&quot;,&quot;template_vars&quot;:{&quot;columns&quot;:&quot;3&quot;,&quot;exclude_items&quot;:&quot;none&quot;,&quot;img_size&quot;:&quot;default&quot;,&quot;ignore_items_size&quot;:0,&quot;items_layout&quot;:&quot;175&quot;,&quot;items_offset&quot;:&quot;1&quot;,&quot;load_animation&quot;:&quot;none&quot;,&quot;overriding_link&quot;:&quot;%7B%22type%22%3A%22post%22%7D&quot;,&quot;post_id&quot;:0,&quot;query_args&quot;:{&quot;post_type&quot;:[&quot;post&quot;],&quot;post_status&quot;:[&quot;publish&quot;,&quot;acf-disabled&quot;],&quot;posts_per_page&quot;:&quot;12&quot;},&quot;orderby_query_args&quot;:{&quot;orderby&quot;:{&quot;date&quot;:&quot;DESC&quot;}},&quot;type&quot;:&quot;grid&quot;,&quot;us_grid_post_type&quot;:&quot;post&quot;,&quot;us_grid_ajax_index&quot;:1,&quot;us_grid_filter_query_string&quot;:null,&quot;us_grid_index&quot;:1,&quot;page_args&quot;:[],&quot;lang&quot;:&quot;fr&quot;}}'><\/div>\r\n\t<\/div><\/div><\/div><\/div><\/div><\/div><\/section>\n","protected":false},"excerpt":{"rendered":"Dans le domaine de l&#8217;extrusion plastique, une entreprise se distingue de ses concurrents : Enitor Primo. Gr\u00e2ce \u00e0 son souci du d\u00e9tail, elle fabrique des produits en plastique avec pr\u00e9cision et soin. L&#8217;entreprise produit des milliers de profils diff\u00e9rents utilis\u00e9s sur des march\u00e9s aussi divers que l&#8217;industrie g\u00e9n\u00e9rale, la construction de serres, les piscines, les...","protected":false},"author":2,"featured_media":0,"parent":3106,"menu_order":0,"comment_status":"closed","ping_status":"closed","template":"","meta":{"_acf_changed":false,"footnotes":""},"class_list":["post-3150","page","type-page","status-publish","hentry"],"acf":[],"yoast_head":"<!-- This site is optimized with the Yoast SEO plugin v26.4 - https:\/\/yoast.com\/wordpress\/plugins\/seo\/ -->\n<title>Nouvelles - Movacolor<\/title>\n<meta name=\"description\" content=\"Restez au courant des derni\u00e8res nouvelles de Movacolor et d\u00e9couvrez nos articles sur les d\u00e9veloppements pertinents dans l&#039;industrie des plastiques.\" \/>\n<meta name=\"robots\" content=\"index, follow, max-snippet:-1, max-image-preview:large, max-video-preview:-1\" \/>\n<link rel=\"canonical\" href=\"https:\/\/www.movacolor.com\/fr\/a-propos-de-nous\/nouvelles\/\" \/>\n<meta property=\"og:locale\" content=\"fr_FR\" \/>\n<meta property=\"og:type\" content=\"article\" \/>\n<meta property=\"og:title\" content=\"Nouvelles - Movacolor\" \/>\n<meta property=\"og:description\" content=\"Restez au courant des derni\u00e8res nouvelles de Movacolor et d\u00e9couvrez nos articles sur les d\u00e9veloppements pertinents dans l&#039;industrie des plastiques.\" \/>\n<meta property=\"og:url\" content=\"https:\/\/www.movacolor.com\/fr\/a-propos-de-nous\/nouvelles\/\" \/>\n<meta property=\"og:site_name\" content=\"Movacolor\" \/>\n<meta property=\"article:modified_time\" content=\"2023-09-15T09:03:14+00:00\" \/>\n<meta name=\"twitter:card\" content=\"summary_large_image\" \/>\n<meta name=\"twitter:label1\" content=\"Dur\u00e9e de lecture estim\u00e9e\" \/>\n\t<meta name=\"twitter:data1\" content=\"1 minute\" \/>\n<script type=\"application\/ld+json\" class=\"yoast-schema-graph\">{\"@context\":\"https:\/\/schema.org\",\"@graph\":[{\"@type\":\"WebPage\",\"@id\":\"https:\/\/www.movacolor.com\/fr\/a-propos-de-nous\/nouvelles\/\",\"url\":\"https:\/\/www.movacolor.com\/fr\/a-propos-de-nous\/nouvelles\/\",\"name\":\"Nouvelles - Movacolor\",\"isPartOf\":{\"@id\":\"https:\/\/www.movacolor.com\/fr\/#website\"},\"datePublished\":\"2023-01-04T13:28:06+00:00\",\"dateModified\":\"2023-09-15T09:03:14+00:00\",\"description\":\"Restez au courant des derni\u00e8res nouvelles de Movacolor et d\u00e9couvrez nos articles sur les d\u00e9veloppements pertinents dans l'industrie des plastiques.\",\"breadcrumb\":{\"@id\":\"https:\/\/www.movacolor.com\/fr\/a-propos-de-nous\/nouvelles\/#breadcrumb\"},\"inLanguage\":\"fr-FR\",\"potentialAction\":[{\"@type\":\"ReadAction\",\"target\":[\"https:\/\/www.movacolor.com\/fr\/a-propos-de-nous\/nouvelles\/\"]}]},{\"@type\":\"BreadcrumbList\",\"@id\":\"https:\/\/www.movacolor.com\/fr\/a-propos-de-nous\/nouvelles\/#breadcrumb\",\"itemListElement\":[{\"@type\":\"ListItem\",\"position\":1,\"name\":\"Home\",\"item\":\"https:\/\/www.movacolor.com\/fr\/\"},{\"@type\":\"ListItem\",\"position\":2,\"name\":\"\u00c0 propos de nous\",\"item\":\"https:\/\/www.movacolor.com\/fr\/about-us\/\"},{\"@type\":\"ListItem\",\"position\":3,\"name\":\"Nouvelles\"}]},{\"@type\":\"WebSite\",\"@id\":\"https:\/\/www.movacolor.com\/fr\/#website\",\"url\":\"https:\/\/www.movacolor.com\/fr\/\",\"name\":\"Movacolor\",\"description\":\"modular dosing solutions\",\"potentialAction\":[{\"@type\":\"SearchAction\",\"target\":{\"@type\":\"EntryPoint\",\"urlTemplate\":\"https:\/\/www.movacolor.com\/fr\/?s={search_term_string}\"},\"query-input\":{\"@type\":\"PropertyValueSpecification\",\"valueRequired\":true,\"valueName\":\"search_term_string\"}}],\"inLanguage\":\"fr-FR\"}]}<\/script>\n<!-- \/ Yoast SEO plugin. -->","yoast_head_json":{"title":"Nouvelles - Movacolor","description":"Restez au courant des derni\u00e8res nouvelles de Movacolor et d\u00e9couvrez nos articles sur les d\u00e9veloppements pertinents dans l'industrie des plastiques.","robots":{"index":"index","follow":"follow","max-snippet":"max-snippet:-1","max-image-preview":"max-image-preview:large","max-video-preview":"max-video-preview:-1"},"canonical":"https:\/\/www.movacolor.com\/fr\/a-propos-de-nous\/nouvelles\/","og_locale":"fr_FR","og_type":"article","og_title":"Nouvelles - Movacolor","og_description":"Restez au courant des derni\u00e8res nouvelles de Movacolor et d\u00e9couvrez nos articles sur les d\u00e9veloppements pertinents dans l'industrie des plastiques.","og_url":"https:\/\/www.movacolor.com\/fr\/a-propos-de-nous\/nouvelles\/","og_site_name":"Movacolor","article_modified_time":"2023-09-15T09:03:14+00:00","twitter_card":"summary_large_image","twitter_misc":{"Dur\u00e9e de lecture estim\u00e9e":"1 minute"},"schema":{"@context":"https:\/\/schema.org","@graph":[{"@type":"WebPage","@id":"https:\/\/www.movacolor.com\/fr\/a-propos-de-nous\/nouvelles\/","url":"https:\/\/www.movacolor.com\/fr\/a-propos-de-nous\/nouvelles\/","name":"Nouvelles - Movacolor","isPartOf":{"@id":"https:\/\/www.movacolor.com\/fr\/#website"},"datePublished":"2023-01-04T13:28:06+00:00","dateModified":"2023-09-15T09:03:14+00:00","description":"Restez au courant des derni\u00e8res nouvelles de Movacolor et d\u00e9couvrez nos articles sur les d\u00e9veloppements pertinents dans l'industrie des plastiques.","breadcrumb":{"@id":"https:\/\/www.movacolor.com\/fr\/a-propos-de-nous\/nouvelles\/#breadcrumb"},"inLanguage":"fr-FR","potentialAction":[{"@type":"ReadAction","target":["https:\/\/www.movacolor.com\/fr\/a-propos-de-nous\/nouvelles\/"]}]},{"@type":"BreadcrumbList","@id":"https:\/\/www.movacolor.com\/fr\/a-propos-de-nous\/nouvelles\/#breadcrumb","itemListElement":[{"@type":"ListItem","position":1,"name":"Home","item":"https:\/\/www.movacolor.com\/fr\/"},{"@type":"ListItem","position":2,"name":"\u00c0 propos de nous","item":"https:\/\/www.movacolor.com\/fr\/about-us\/"},{"@type":"ListItem","position":3,"name":"Nouvelles"}]},{"@type":"WebSite","@id":"https:\/\/www.movacolor.com\/fr\/#website","url":"https:\/\/www.movacolor.com\/fr\/","name":"Movacolor","description":"modular dosing solutions","potentialAction":[{"@type":"SearchAction","target":{"@type":"EntryPoint","urlTemplate":"https:\/\/www.movacolor.com\/fr\/?s={search_term_string}"},"query-input":{"@type":"PropertyValueSpecification","valueRequired":true,"valueName":"search_term_string"}}],"inLanguage":"fr-FR"}]}},"_links":{"self":[{"href":"https:\/\/www.movacolor.com\/fr\/wp-json\/wp\/v2\/pages\/3150","targetHints":{"allow":["GET"]}}],"collection":[{"href":"https:\/\/www.movacolor.com\/fr\/wp-json\/wp\/v2\/pages"}],"about":[{"href":"https:\/\/www.movacolor.com\/fr\/wp-json\/wp\/v2\/types\/page"}],"author":[{"embeddable":true,"href":"https:\/\/www.movacolor.com\/fr\/wp-json\/wp\/v2\/users\/2"}],"replies":[{"embeddable":true,"href":"https:\/\/www.movacolor.com\/fr\/wp-json\/wp\/v2\/comments?post=3150"}],"version-history":[{"count":5,"href":"https:\/\/www.movacolor.com\/fr\/wp-json\/wp\/v2\/pages\/3150\/revisions"}],"predecessor-version":[{"id":8547,"href":"https:\/\/www.movacolor.com\/fr\/wp-json\/wp\/v2\/pages\/3150\/revisions\/8547"}],"up":[{"embeddable":true,"href":"https:\/\/www.movacolor.com\/fr\/wp-json\/wp\/v2\/pages\/3106"}],"wp:attachment":[{"href":"https:\/\/www.movacolor.com\/fr\/wp-json\/wp\/v2\/media?parent=3150"}],"curies":[{"name":"wp","href":"https:\/\/api.w.org\/{rel}","templated":true}]}}