{"id":3106,"date":"2023-01-04T15:27:52","date_gmt":"2023-01-04T13:27:52","guid":{"rendered":"https:\/\/dev.movacolor.com\/a-propos-de-nous\/"},"modified":"2024-01-15T16:44:02","modified_gmt":"2024-01-15T14:44:02","slug":"a-propos-de-nous","status":"publish","type":"page","link":"https:\/\/www.movacolor.com\/fr\/a-propos-de-nous\/","title":{"rendered":"\u00c0 propos de nous"},"content":{"rendered":"<section class=\"l-section wpb_row height_auto\"><div class=\"l-section-h i-cf\"><div class=\"g-cols vc_row via_flex valign_top type_boxes stacking_default\"><div class=\"vc_col-sm-12 wpb_column vc_column_container\"><div class=\"vc_column-inner\"><div class=\"wpb_wrapper\"><h2 class=\"w-post-elm post_title entry-title color_link_inherit\">\u00c0 propos de nous<\/h2><div class=\"g-cols wpb_row via_flex valign_top type_default stacking_default\"><div class=\"vc_col-sm-12 wpb_column vc_column_container\"><div class=\"vc_column-inner\"><div class=\"wpb_wrapper\"><div class=\"wpb_text_column\"><div class=\"wpb_wrapper\"><p>Movacolor est le premier choix des producteurs de mati\u00e8res plastiques du monde entier qui visent l&#8217;excellence dans le domaine du moulage par injection et de l&#8217;extrusion. Le leadership de Movacolor en mati\u00e8re de technologie de dosage repose sur pr\u00e8s de trente ans de partenariat avec des producteurs de mati\u00e8res plastiques du monde entier. Nous savons que les probl\u00e8mes les plus courants dans les applications de moulage par injection et d&#8217;extrusion sont les variations de couleur et d&#8217;\u00e9paisseur de paroi.<\/p>\n<p>La technologie de dosage de Movacolor est bas\u00e9e sur le dosage en ligne de m\u00e9langes-ma\u00eetres, de poudres, de mati\u00e8res rebroy\u00e9es ou de colorants liquides dans le mat\u00e9riau vierge. Nous combinons le cylindre de dosage unique de Movacolor avec un moteur pas \u00e0 pas pour assurer un d\u00e9bit constant, ce qui permet d&#8217;obtenir une couleur fiable.<\/p>\n<\/div><\/div><\/div><\/div><\/div><\/div><\/div><\/div><\/div><\/div><\/div><\/section><section class=\"l-section wpb_row us_custom_adaa8e22 height_medium\"><div class=\"l-section-h i-cf\"><div class=\"g-cols vc_row via_flex valign_top type_default stacking_default\"><div class=\"vc_col-sm-12 wpb_column vc_column_container\"><div class=\"vc_column-inner\"><div class=\"wpb_wrapper\"><div class=\"w-video align_none ratio_16x9 has_iframe\"><div class=\"w-video-h\"><iframe title=\"Youtube video player\" src=\"\/\/www.youtube.com\/embed\/XGiDiLlmQLk?autoplay=0&controls=1&origin=https:\/\/www.movacolor.com\/fr\/&loop=0&mute=0\" allowfullscreen=\"1\" loading=\"lazy\"><\/iframe><\/div><\/div><\/div><\/div><\/div><\/div><\/div><\/section><section class=\"l-section wpb_row height_medium\"><div class=\"l-section-h i-cf\"><div class=\"g-cols vc_row via_flex valign_top type_default stacking_default\"><div class=\"vc_col-sm-4 wpb_column vc_column_container\"><div class=\"vc_column-inner\"><div class=\"wpb_wrapper\"><div class=\"wpb_text_column\"><div class=\"wpb_wrapper\"><h2>Technique de dosage<\/h2>\n<p>Les entreprises de fabrication de mati\u00e8res plastiques recherchent toutes sortes de qualit\u00e9s dans la <a href=\"https:\/\/www.movacolor.com\/about-us\/dosing-technology\">technologie de dosage<\/a>. Certaines cherchent \u00e0 r\u00e9duire les co\u00fbts des colorants. D&#8217;autres recherchent un processus de production plus stable. D&#8217;autres tentent d&#8217;accro\u00eetre l&#8217;efficacit\u00e9 ou d&#8217;am\u00e9liorer la qualit\u00e9. Tous les syst\u00e8mes de dosage de Movacolor pr\u00e9sentent ces avantages sp\u00e9cifiques dans des syst\u00e8mes de dosage modulaires int\u00e9gr\u00e9s pour les applications de moulage par injection et d&#8217;extrusion.<\/p>\n<\/div><\/div><\/div><\/div><\/div><div class=\"vc_col-sm-4 wpb_column vc_column_container\"><div class=\"vc_column-inner\"><div class=\"wpb_wrapper\"><div class=\"wpb_text_column\"><div class=\"wpb_wrapper\"><h2>Syst\u00e8mes de dosage<\/h2>\n<p>Movacolor d\u00e9veloppe et commercialise des syst\u00e8mes de dosage gravim\u00e9triques, optom\u00e9triques et volum\u00e9triques ainsi que des m\u00e9langeurs continus en ligne pour le moulage par injection et l&#8217;extrusion. Ces syst\u00e8mes de dosage r\u00e9pondent aux besoins de volume \u00e9lev\u00e9, de qualit\u00e9 et de fiabilit\u00e9 dans le dosage de toutes sortes de mat\u00e9riaux, tels que les m\u00e9langes ma\u00eetres, les poudres, les rebroy\u00e9s et les liquides, pour les producteurs de plastique du monde entier.<\/p>\n<\/div><\/div><\/div><\/div><\/div><div class=\"vc_col-sm-4 wpb_column vc_column_container\"><div class=\"vc_column-inner\"><div class=\"wpb_wrapper\"><div class=\"wpb_text_column\"><div class=\"wpb_wrapper\"><h2>Plan de produit<\/h2>\n<p>Dans notre plan de produits, vous trouverez une vue d&#8217;ensemble de la gamme compl\u00e8te de produits Movacolor. La gamme de produits Movacolor comprend des syst\u00e8mes de dosage gravim\u00e9triques, optom\u00e9triques et volum\u00e9triques, ainsi que les accessoires correspondants. En d\u00e9finissant votre mat\u00e9riau et en suivant les lignes color\u00e9es, vous trouverez le syst\u00e8me de dosage le mieux adapt\u00e9 au mat\u00e9riau particulier que vous souhaitez doser dans votre application de moulage par injection ou d&#8217;extrusion.<\/p>\n<\/div><\/div><\/div><\/div><\/div><\/div><\/div><\/section><section class=\"l-section wpb_row height_medium\"><div class=\"l-section-h i-cf\"><div class=\"g-cols vc_row via_flex valign_top type_default stacking_default\"><div class=\"vc_col-sm-4 wpb_column vc_column_container\"><div class=\"vc_column-inner\"><div class=\"wpb_wrapper\"><div class=\"wpb_text_column\"><div class=\"wpb_wrapper\"><h2>Garantie de cinq ans<\/h2>\n<p>En tant que Movacolor, nous sommes fiers des <a href=\"https:\/\/www.movacolor.com\/fr\/categories-de-produits\/\">syst\u00e8mes de dosage<\/a> gravim\u00e9triques, optom\u00e9triques et volum\u00e9triques robustes de haute qualit\u00e9 que nous d\u00e9veloppons et commercialisons aupr\u00e8s des producteurs de plastiques. partout dans le monde au quotidien. C&#8217;est la raison pour laquelle nous offrons aux producteurs de plastique du monde entier une garantie standard de cinq ans sur les pi\u00e8ces anti-usure de tous les syst\u00e8mes de dosage Movacolor.<\/a><\/p>\n<\/div><\/div><\/div><\/div><\/div><div class=\"vc_col-sm-4 wpb_column vc_column_container\"><div class=\"vc_column-inner\"><div class=\"wpb_wrapper\"><div class=\"wpb_text_column\"><div class=\"wpb_wrapper\"><h2>R\u00e9seau de distribution mondial<\/h2>\n<p>Movacolor dispose d&#8217;un r\u00e9seau mondial de plus de 70\u00a0<a href=\"https:\/\/www.movacolor.com\/contact\/distributors\/\">distributeurs<\/a>, largement exp\u00e9riment\u00e9s dans les domaines du moulage par injection et de l&#8217;extrusion. Chaque distributeur est sp\u00e9cialis\u00e9 dans les applications des syst\u00e8mes de dosage Movacolor et les exigences de dosage des producteurs de plastique. Qu&#8217;ils utilisent un m\u00e9lange ma\u00eetre, de la poudre, du rebroy\u00e9 ou du liquide. Nos distributeurs peuvent toujours compter sur l\u2019expertise des ing\u00e9nieurs de Movacolor, m\u00eame lorsqu\u2019il s\u2019agit de concevoir des solutions personnalis\u00e9es pour les producteurs de plastique ayant des exigences inhabituelles, voire uniques.<\/p>\n<\/div><\/div><\/div><\/div><\/div><div class=\"vc_col-sm-4 wpb_column vc_column_container\"><div class=\"vc_column-inner\"><div class=\"wpb_wrapper\"><div class=\"wpb_text_column\"><div class=\"wpb_wrapper\"><h2>Opportunit\u00e9s d&#8217;emploi<\/h2>\n<p>Vous recherchez un emploi int\u00e9ressant au sein d\u2019une entreprise internationale fun et progressiste ? Alors venez travailler chez Movacolor \u00e0 Sneek ! Avec une \u00e9quipe jeune et enthousiaste, nous d\u00e9veloppons et commercialisons des syst\u00e8mes de dosage pour l&#8217;industrie du plastique. Apprenez-en davantage sur nos\u00a0<a href=\"https:\/\/www.movacolor.com\/fr\/a-propos-de-nous\/carrieres\/\">opportunit\u00e9s de carri\u00e8re<\/a>\u00a0actuelles.<\/p>\n<\/div><\/div><\/div><\/div><\/div><\/div><\/div><\/section>\n","protected":false},"excerpt":{"rendered":"\u00c0 propos de nousMovacolor est le premier choix des producteurs de mati\u00e8res plastiques du monde entier qui visent l&#8217;excellence dans le domaine du moulage par injection et de l&#8217;extrusion. Le leadership de Movacolor en mati\u00e8re de technologie de dosage repose sur pr\u00e8s de trente ans de partenariat avec des producteurs de mati\u00e8res plastiques du monde...","protected":false},"author":2,"featured_media":0,"parent":0,"menu_order":0,"comment_status":"closed","ping_status":"closed","template":"","meta":{"_acf_changed":false,"footnotes":""},"class_list":["post-3106","page","type-page","status-publish","hentry"],"acf":[],"yoast_head":"<!-- This site is optimized with the Yoast SEO plugin v26.4 - https:\/\/yoast.com\/wordpress\/plugins\/seo\/ -->\n<title>\u00c0 propos de nous - Movacolor<\/title>\n<meta name=\"description\" content=\"D\u00e9couvrez la solution modulaire de dosage et de m\u00e9lange de Movacolor pour limiter les d\u00e9chets et augmenter la pr\u00e9cision de votre production de plastique.\" \/>\n<meta name=\"robots\" content=\"index, follow, max-snippet:-1, max-image-preview:large, max-video-preview:-1\" \/>\n<link rel=\"canonical\" href=\"https:\/\/www.movacolor.com\/fr\/a-propos-de-nous\/\" \/>\n<meta property=\"og:locale\" content=\"fr_FR\" \/>\n<meta property=\"og:type\" content=\"article\" \/>\n<meta property=\"og:title\" content=\"\u00c0 propos de nous - Movacolor\" \/>\n<meta property=\"og:description\" content=\"D\u00e9couvrez la solution modulaire de dosage et de m\u00e9lange de Movacolor pour limiter les d\u00e9chets et augmenter la pr\u00e9cision de votre production de plastique.\" \/>\n<meta property=\"og:url\" content=\"https:\/\/www.movacolor.com\/fr\/a-propos-de-nous\/\" \/>\n<meta property=\"og:site_name\" content=\"Movacolor\" \/>\n<meta property=\"article:modified_time\" content=\"2024-01-15T14:44:02+00:00\" \/>\n<meta name=\"twitter:card\" content=\"summary_large_image\" \/>\n<meta name=\"twitter:label1\" content=\"Dur\u00e9e de lecture estim\u00e9e\" \/>\n\t<meta name=\"twitter:data1\" content=\"4 minutes\" \/>\n<script type=\"application\/ld+json\" class=\"yoast-schema-graph\">{\"@context\":\"https:\/\/schema.org\",\"@graph\":[{\"@type\":\"WebPage\",\"@id\":\"https:\/\/www.movacolor.com\/fr\/a-propos-de-nous\/\",\"url\":\"https:\/\/www.movacolor.com\/fr\/a-propos-de-nous\/\",\"name\":\"\u00c0 propos de nous - Movacolor\",\"isPartOf\":{\"@id\":\"https:\/\/www.movacolor.com\/fr\/#website\"},\"datePublished\":\"2023-01-04T13:27:52+00:00\",\"dateModified\":\"2024-01-15T14:44:02+00:00\",\"description\":\"D\u00e9couvrez la solution modulaire de dosage et de m\u00e9lange de Movacolor pour limiter les d\u00e9chets et augmenter la pr\u00e9cision de votre production de plastique.\",\"breadcrumb\":{\"@id\":\"https:\/\/www.movacolor.com\/fr\/a-propos-de-nous\/#breadcrumb\"},\"inLanguage\":\"fr-FR\",\"potentialAction\":[{\"@type\":\"ReadAction\",\"target\":[\"https:\/\/www.movacolor.com\/fr\/a-propos-de-nous\/\"]}]},{\"@type\":\"BreadcrumbList\",\"@id\":\"https:\/\/www.movacolor.com\/fr\/a-propos-de-nous\/#breadcrumb\",\"itemListElement\":[{\"@type\":\"ListItem\",\"position\":1,\"name\":\"Home\",\"item\":\"https:\/\/www.movacolor.com\/fr\/\"},{\"@type\":\"ListItem\",\"position\":2,\"name\":\"\u00c0 propos de nous\"}]},{\"@type\":\"WebSite\",\"@id\":\"https:\/\/www.movacolor.com\/fr\/#website\",\"url\":\"https:\/\/www.movacolor.com\/fr\/\",\"name\":\"Movacolor\",\"description\":\"modular dosing solutions\",\"potentialAction\":[{\"@type\":\"SearchAction\",\"target\":{\"@type\":\"EntryPoint\",\"urlTemplate\":\"https:\/\/www.movacolor.com\/fr\/?s={search_term_string}\"},\"query-input\":{\"@type\":\"PropertyValueSpecification\",\"valueRequired\":true,\"valueName\":\"search_term_string\"}}],\"inLanguage\":\"fr-FR\"}]}<\/script>\n<!-- \/ Yoast SEO plugin. -->","yoast_head_json":{"title":"\u00c0 propos de nous - Movacolor","description":"D\u00e9couvrez la solution modulaire de dosage et de m\u00e9lange de Movacolor pour limiter les d\u00e9chets et augmenter la pr\u00e9cision de votre production de plastique.","robots":{"index":"index","follow":"follow","max-snippet":"max-snippet:-1","max-image-preview":"max-image-preview:large","max-video-preview":"max-video-preview:-1"},"canonical":"https:\/\/www.movacolor.com\/fr\/a-propos-de-nous\/","og_locale":"fr_FR","og_type":"article","og_title":"\u00c0 propos de nous - Movacolor","og_description":"D\u00e9couvrez la solution modulaire de dosage et de m\u00e9lange de Movacolor pour limiter les d\u00e9chets et augmenter la pr\u00e9cision de votre production de plastique.","og_url":"https:\/\/www.movacolor.com\/fr\/a-propos-de-nous\/","og_site_name":"Movacolor","article_modified_time":"2024-01-15T14:44:02+00:00","twitter_card":"summary_large_image","twitter_misc":{"Dur\u00e9e de lecture estim\u00e9e":"4 minutes"},"schema":{"@context":"https:\/\/schema.org","@graph":[{"@type":"WebPage","@id":"https:\/\/www.movacolor.com\/fr\/a-propos-de-nous\/","url":"https:\/\/www.movacolor.com\/fr\/a-propos-de-nous\/","name":"\u00c0 propos de nous - Movacolor","isPartOf":{"@id":"https:\/\/www.movacolor.com\/fr\/#website"},"datePublished":"2023-01-04T13:27:52+00:00","dateModified":"2024-01-15T14:44:02+00:00","description":"D\u00e9couvrez la solution modulaire de dosage et de m\u00e9lange de Movacolor pour limiter les d\u00e9chets et augmenter la pr\u00e9cision de votre production de plastique.","breadcrumb":{"@id":"https:\/\/www.movacolor.com\/fr\/a-propos-de-nous\/#breadcrumb"},"inLanguage":"fr-FR","potentialAction":[{"@type":"ReadAction","target":["https:\/\/www.movacolor.com\/fr\/a-propos-de-nous\/"]}]},{"@type":"BreadcrumbList","@id":"https:\/\/www.movacolor.com\/fr\/a-propos-de-nous\/#breadcrumb","itemListElement":[{"@type":"ListItem","position":1,"name":"Home","item":"https:\/\/www.movacolor.com\/fr\/"},{"@type":"ListItem","position":2,"name":"\u00c0 propos de nous"}]},{"@type":"WebSite","@id":"https:\/\/www.movacolor.com\/fr\/#website","url":"https:\/\/www.movacolor.com\/fr\/","name":"Movacolor","description":"modular dosing solutions","potentialAction":[{"@type":"SearchAction","target":{"@type":"EntryPoint","urlTemplate":"https:\/\/www.movacolor.com\/fr\/?s={search_term_string}"},"query-input":{"@type":"PropertyValueSpecification","valueRequired":true,"valueName":"search_term_string"}}],"inLanguage":"fr-FR"}]}},"_links":{"self":[{"href":"https:\/\/www.movacolor.com\/fr\/wp-json\/wp\/v2\/pages\/3106","targetHints":{"allow":["GET"]}}],"collection":[{"href":"https:\/\/www.movacolor.com\/fr\/wp-json\/wp\/v2\/pages"}],"about":[{"href":"https:\/\/www.movacolor.com\/fr\/wp-json\/wp\/v2\/types\/page"}],"author":[{"embeddable":true,"href":"https:\/\/www.movacolor.com\/fr\/wp-json\/wp\/v2\/users\/2"}],"replies":[{"embeddable":true,"href":"https:\/\/www.movacolor.com\/fr\/wp-json\/wp\/v2\/comments?post=3106"}],"version-history":[{"count":5,"href":"https:\/\/www.movacolor.com\/fr\/wp-json\/wp\/v2\/pages\/3106\/revisions"}],"predecessor-version":[{"id":13165,"href":"https:\/\/www.movacolor.com\/fr\/wp-json\/wp\/v2\/pages\/3106\/revisions\/13165"}],"wp:attachment":[{"href":"https:\/\/www.movacolor.com\/fr\/wp-json\/wp\/v2\/media?parent=3106"}],"curies":[{"name":"wp","href":"https:\/\/api.w.org\/{rel}","templated":true}]}}