{"id":19573,"date":"2023-01-03T12:28:31","date_gmt":"2023-01-03T10:28:31","guid":{"rendered":"https:\/\/www.movacolor.com\/technologie\/"},"modified":"2025-02-17T12:50:04","modified_gmt":"2025-02-17T10:50:04","slug":"technologie","status":"publish","type":"page","link":"https:\/\/www.movacolor.com\/fr\/technologie\/","title":{"rendered":"Technologie"},"content":{"rendered":"<section class=\"l-section wpb_row height_medium\"><div class=\"l-section-h i-cf\"><div class=\"g-cols vc_row via_flex valign_top type_default stacking_default\"><div class=\"vc_col-sm-12 wpb_column vc_column_container\"><div class=\"vc_column-inner\"><div class=\"wpb_wrapper\"><div class=\"wpb_text_column\"><div class=\"wpb_wrapper\"><h1>Technologie<\/h1>\n<\/div><\/div><\/div><\/div><\/div><\/div><\/div><\/section><section class=\"l-section wpb_row us_custom_645e9f38 us_animate_this height_auto\"><div class=\"l-section-h i-cf\"><div class=\"g-cols vc_row via_flex valign_top type_boxes stacking_default\"><div class=\"vc_col-sm-12 wpb_column vc_column_container\"><div class=\"vc_column-inner us_custom_3d831995\"><div class=\"wpb_wrapper\"><div class=\"wpb_text_column\"><div class=\"wpb_wrapper\"><h2>Trouvez la technologie qui vous permettra d&#8217;atteindre l&#8217;\u00e9quilibre id\u00e9al entre co\u00fbt, durabilit\u00e9 et pr\u00e9cision.<\/h2>\n<p>Quel est le facteur le plus crucial et comment pr\u00e9f\u00e9rez-vous doser ? Nous serons heureux de vous conseiller et de vous fournir toute technique dont vous avez besoin afin de trouver celle qui convient le mieux \u00e0 vous et \u00e0 votre processus de fabrication.<\/p>\n<p>Quel que soit votre secteur d&#8217;activit\u00e9 ou votre application, nous sommes en mesure de vous fournir la technologie appropri\u00e9e pour atteindre vos objectifs commerciaux.<\/p>\n<\/div><\/div><\/div><\/div><\/div><\/div><\/div><\/section><section class=\"l-section wpb_row us_custom_b0c8f7d6 height_auto\"><div class=\"l-section-h i-cf\"><div class=\"g-cols vc_row via_flex valign_top type_default stacking_default\"><div class=\"vc_col-sm-12 wpb_column vc_column_container\"><div class=\"vc_column-inner us_custom_f44b38f2\"><div class=\"wpb_wrapper\"><div class=\"w-post-elm post_image us_custom_6eef1e9e us_animate_this stretched\"><img loading=\"lazy\" decoding=\"async\" width=\"1500\" height=\"800\" src=\"https:\/\/www.movacolor.com\/wp-content\/uploads\/2023\/01\/mvc_technology-1500x800.jpg\" class=\"attachment-us_1500_800_crop size-us_1500_800_crop wp-post-image\" alt=\"\" \/><\/div><\/div><\/div><\/div><\/div><\/div><\/section><section class=\"l-section wpb_row height_medium\"><div class=\"l-section-h i-cf\"><div class=\"g-cols vc_row via_flex valign_top type_boxes stacking_default\"><div class=\"vc_col-sm-12 wpb_column vc_column_container\"><div class=\"vc_column-inner us_custom_5548ed63\"><div class=\"wpb_wrapper\"><div class=\"wpb_text_column us_custom_60e9caca us_animate_this\"><div class=\"wpb_wrapper\"><h2>Technologies<\/h2>\n<\/div><\/div><div class=\"w-grid us_grid us_custom_e177aafb us_animate_this type_grid layout_1428 cols_3 preload_style_spinner\" id=\"us_grid_1\" style=\"--columns:3;--gap:0.5rem;\"><style>@media (max-width:1024px){#us_grid_1{--columns:2!important}}@media (max-width:768px){#us_grid_1{--columns:1!important}}.layout_1428 .w-grid-item-h{background:var(--color-content-bg-alt);box-shadow:0 0.08rem 0.15rem rgba(0,0,0,0.1),0 0.25rem 0.75rem rgba(0,0,0,0.1);transition-duration:0.3s}.no-touch .layout_1428 .w-grid-item-h:hover{box-shadow:0 0.03rem 0.06rem rgba(0,0,0,0.1),0 0.1rem 0.3rem rgba(0,0,0,0.15);z-index:4}.layout_1428 .usg_vwrapper_1{height:25vh!important;padding:1.5rem!important}.layout_1428 .usg_btn_1{position:absolute!important;left:1.5rem!important;bottom:1.5rem!important}.layout_1428 .usg_post_custom_field_1{width:3rem!important}@media (min-width:1025px) and (max-width:1280px){.layout_1428 .usg_vwrapper_1{height:15rem!important}}@media (min-width:769px) and (max-width:1024px){.layout_1428 .usg_vwrapper_1{height:15rem!important}}@media (max-width:768px){.layout_1428 .usg_vwrapper_1{height:15rem!important}}<\/style><div class=\"w-grid-list\">\t<article class=\"w-grid-item size_1x1 post-7463 page type-page status-publish has-post-thumbnail hentry us_portfolio_tag-gravimetrique\" data-id=\"7463\">\r\n\t\t<div class=\"w-grid-item-h\">\r\n\t\t\t\t\t\t<div class=\"w-vwrapper usg_vwrapper_1 align_left valign_top\"><div class=\"w-post-elm post_custom_field usg_post_custom_field_1 type_image page_icon color_link_inherit\"><img loading=\"lazy\" decoding=\"async\" width=\"1024\" height=\"1024\" src=\"https:\/\/www.movacolor.com\/wp-content\/uploads\/2023\/01\/tech-gravimetric.svg\" class=\"attachment-large size-large\" alt=\"gravimetric\" \/><\/div><h5 class=\"w-post-elm post_title usg_post_title_1 entry-title color_link_inherit\"><a href=\"https:\/\/www.movacolor.com\/fr\/gravimetrique\/\">Gravim\u00e9trique<\/a><\/h5><a class=\"w-btn us-btn-style_5 usg_btn_1\" href=\"https:\/\/www.movacolor.com\/fr\/gravimetrique\/\"><span class=\"w-btn-label\">En savoir plus<\/span><\/a><\/div>\t\t<\/div>\r\n\t\t\t<\/article>\r\n\t<article class=\"w-grid-item size_1x1 post-7462 page type-page status-publish has-post-thumbnail hentry us_portfolio_tag-volumetrique\" data-id=\"7462\">\r\n\t\t<div class=\"w-grid-item-h\">\r\n\t\t\t\t\t\t<div class=\"w-vwrapper usg_vwrapper_1 align_left valign_top\"><div class=\"w-post-elm post_custom_field usg_post_custom_field_1 type_image page_icon color_link_inherit\"><img loading=\"lazy\" decoding=\"async\" width=\"1024\" height=\"1024\" src=\"https:\/\/www.movacolor.com\/wp-content\/uploads\/2023\/01\/tech-volumetric.svg\" class=\"attachment-large size-large\" alt=\"volumetric\" \/><\/div><h5 class=\"w-post-elm post_title usg_post_title_1 entry-title color_link_inherit\"><a href=\"https:\/\/www.movacolor.com\/fr\/volumetrique\/\">Volum\u00e9trique<\/a><\/h5><a class=\"w-btn us-btn-style_5 usg_btn_1\" href=\"https:\/\/www.movacolor.com\/fr\/volumetrique\/\"><span class=\"w-btn-label\">En savoir plus<\/span><\/a><\/div>\t\t<\/div>\r\n\t\t\t<\/article>\r\n\t<article class=\"w-grid-item size_1x1 post-7461 page type-page status-publish has-post-thumbnail hentry us_portfolio_tag-optometrie\" data-id=\"7461\">\r\n\t\t<div class=\"w-grid-item-h\">\r\n\t\t\t\t\t\t<div class=\"w-vwrapper usg_vwrapper_1 align_left valign_top\"><div class=\"w-post-elm post_custom_field usg_post_custom_field_1 type_image page_icon color_link_inherit\"><img loading=\"lazy\" decoding=\"async\" width=\"1024\" height=\"1024\" src=\"https:\/\/www.movacolor.com\/wp-content\/uploads\/2023\/01\/tech-optometric.svg\" class=\"attachment-large size-large\" alt=\"optometric\" \/><\/div><h5 class=\"w-post-elm post_title usg_post_title_1 entry-title color_link_inherit\"><a href=\"https:\/\/www.movacolor.com\/fr\/optometrie\/\">Optom\u00e9trie<\/a><\/h5><a class=\"w-btn us-btn-style_5 usg_btn_1\" href=\"https:\/\/www.movacolor.com\/fr\/optometrie\/\"><span class=\"w-btn-label\">En savoir plus<\/span><\/a><\/div>\t\t<\/div>\r\n\t\t\t<\/article>\r\n<\/div>\t<div class=\"w-grid-preloader\">\r\n\t\t<div class=\"g-preloader type_1\">\r\n\t\t\t<div><\/div>\r\n\t\t<\/div>\r\n\t<\/div>\r\n\t\t<div class=\"w-grid-json hidden\" onclick='return {&quot;action&quot;:&quot;us_ajax_grid&quot;,&quot;infinite_scroll&quot;:0,&quot;max_num_pages&quot;:1,&quot;pagination&quot;:&quot;none&quot;,&quot;template_vars&quot;:{&quot;columns&quot;:&quot;3&quot;,&quot;exclude_items&quot;:&quot;none&quot;,&quot;img_size&quot;:&quot;default&quot;,&quot;ignore_items_size&quot;:0,&quot;items_layout&quot;:&quot;1428&quot;,&quot;items_offset&quot;:&quot;1&quot;,&quot;load_animation&quot;:&quot;none&quot;,&quot;overriding_link&quot;:&quot;{\\&quot;url\\&quot;:\\&quot;\\&quot;}&quot;,&quot;post_id&quot;:0,&quot;query_args&quot;:{&quot;ignore_sticky_posts&quot;:1,&quot;post_type&quot;:&quot;any&quot;,&quot;post__in&quot;:[&quot;91&quot;,&quot;113&quot;,&quot;116&quot;],&quot;posts_per_page&quot;:&quot;999&quot;},&quot;orderby_query_args&quot;:{&quot;orderby&quot;:{&quot;post__in&quot;:&quot;ASC&quot;},&quot;order&quot;:&quot;ASC&quot;},&quot;type&quot;:&quot;grid&quot;,&quot;us_grid_post_type&quot;:&quot;ids&quot;,&quot;us_grid_ajax_index&quot;:1,&quot;us_grid_filter_query_string&quot;:null,&quot;us_grid_index&quot;:1,&quot;page_args&quot;:[],&quot;lang&quot;:&quot;fr&quot;}}'><\/div>\r\n\t<\/div><\/div><\/div><\/div><\/div><\/div><\/section><section class=\"l-section wpb_row us_custom_c70c97eb height_medium\"><div class=\"l-section-h i-cf\"><div class=\"g-cols vc_row via_flex valign_top type_boxes stacking_default\"><div class=\"vc_col-sm-12 wpb_column vc_column_container\"><div class=\"vc_column-inner us_custom_5548ed63\"><div class=\"wpb_wrapper\"><section class=\"l-section wpb_row height_auto width_full\"><div class=\"l-section-h i-cf\"><div class=\"g-cols vc_row via_flex valign_top type_default stacking_default\"><div class=\"vc_col-sm-12 wpb_column vc_column_container\"><div class=\"vc_column-inner us_custom_5548ed63\"><div class=\"wpb_wrapper\"><div class=\"wpb_text_column us_custom_60e9caca us_animate_this\"><div class=\"wpb_wrapper\"><h2 class=\"p1\">Tu veux en savoir plus ? Contacte-nous.<\/h2>\n<\/div><\/div><div class=\"g-cols wpb_row us_custom_e177aafb shadow-banner us_animate_this via_flex valign_top type_boxes stacking_default\" style=\"--additional-gap:0.5rem;\"><div class=\"vc_col-sm-6 wpb_column vc_column_container  has_bg_color\"><div class=\"vc_column-inner us_custom_d96e306f us_animate_this\"><div class=\"wpb_wrapper\"><div class=\"wpb_text_column\"><div class=\"wpb_wrapper\"><h4>Contact<\/h4>\n<p>Is your question not listed here? Please feel free to contact us.<\/p>\n<\/div><\/div><div class=\"w-separator size_custom\" style=\"height:5rem\"><\/div><div class=\"w-btn-wrapper align_none\"><a class=\"w-btn us-btn-style_5 us_custom_f1b98e29 icon_atleft\" title=\"Contact\" href=\"\/service\/contact\/\"><i class=\"far fa-phone\"><\/i><span class=\"w-btn-label\">To contact<\/span><\/a><\/div><\/div><\/div><\/div><div class=\"vc_col-sm-6 wpb_column vc_column_container  has_bg_color\"><div class=\"vc_column-inner us_custom_82d545e0 us_animate_this\"><div class=\"wpb_wrapper\"><div class=\"wpb_text_column\"><div class=\"wpb_wrapper\"><h4>Trouver un distributeur<\/h4>\n<p>You can chat with us via the chatbot. We are available to you on weekdays from 7 a.m. to 4:30 p.m.<\/p>\n<\/div><\/div><div class=\"w-separator size_custom\" style=\"height:5rem\"><\/div><div class=\"w-btn-wrapper align_none\"><a class=\"w-btn us-btn-style_5 us_custom_f1b98e29\" href=\"https:\/\/wa.me\/+31615311281?text=I have a question about:\"><span class=\"w-btn-label\">Start conversation<\/span><\/a><\/div><\/div><\/div><\/div><\/div><\/div><\/div><\/div><\/div><\/div><\/section>\n<\/div><\/div><\/div><\/div><\/div><\/section>\n","protected":false},"excerpt":{"rendered":"Le dosage optom\u00e9trique, pr\u00e9sent\u00e9 pour la premi\u00e8re fois par Movacolor en 2016, est une m\u00e9thode ultramoderne permettant de mesurer et de distribuer avec pr\u00e9cision des mati\u00e8res plastiques \u00e0 l\u2019aide de la technologie laser. Cette technique est couramment utilis\u00e9e pour les applications de fabrication de plastique n\u00e9cessitant une haute pr\u00e9cision, notamment dans le secteur de la...","protected":false},"author":2,"featured_media":387,"parent":0,"menu_order":0,"comment_status":"closed","ping_status":"closed","template":"","meta":{"_acf_changed":false,"footnotes":""},"class_list":["post-19573","page","type-page","status-publish","has-post-thumbnail","hentry"],"acf":[],"yoast_head":"<!-- This site is optimized with the Yoast SEO plugin v26.4 - https:\/\/yoast.com\/wordpress\/plugins\/seo\/ -->\n<title>Technologie - Movacolor<\/title>\n<meta name=\"description\" content=\"Trouvez la technologie qui vous permettra d&#039;atteindre l&#039;\u00e9quilibre id\u00e9al entre co\u00fbts, durabilit\u00e9 et pr\u00e9cision gr\u00e2ce \u00e0 notre concept de dosage et de m\u00e9lange modulaire.\" \/>\n<meta name=\"robots\" content=\"index, follow, max-snippet:-1, max-image-preview:large, max-video-preview:-1\" \/>\n<link rel=\"canonical\" href=\"https:\/\/www.movacolor.com\/fr\/technologie\/\" \/>\n<meta property=\"og:locale\" content=\"fr_FR\" \/>\n<meta property=\"og:type\" content=\"article\" \/>\n<meta property=\"og:title\" content=\"Technologie - Movacolor\" \/>\n<meta property=\"og:description\" content=\"Trouvez la technologie qui vous permettra d&#039;atteindre l&#039;\u00e9quilibre id\u00e9al entre co\u00fbts, durabilit\u00e9 et pr\u00e9cision gr\u00e2ce \u00e0 notre concept de dosage et de m\u00e9lange modulaire.\" \/>\n<meta property=\"og:url\" content=\"https:\/\/www.movacolor.com\/fr\/technologie\/\" \/>\n<meta property=\"og:site_name\" content=\"Movacolor\" \/>\n<meta property=\"article:modified_time\" content=\"2025-02-17T10:50:04+00:00\" \/>\n<meta property=\"og:image\" content=\"https:\/\/www.movacolor.com\/wp-content\/uploads\/2023\/01\/mvc_technology.jpg\" \/>\n\t<meta property=\"og:image:width\" content=\"1920\" \/>\n\t<meta property=\"og:image:height\" content=\"1280\" \/>\n\t<meta property=\"og:image:type\" content=\"image\/jpeg\" \/>\n<meta name=\"twitter:card\" content=\"summary_large_image\" \/>\n<meta name=\"twitter:label1\" content=\"Dur\u00e9e de lecture estim\u00e9e\" \/>\n\t<meta name=\"twitter:data1\" content=\"2 minutes\" \/>\n<script type=\"application\/ld+json\" class=\"yoast-schema-graph\">{\"@context\":\"https:\/\/schema.org\",\"@graph\":[{\"@type\":\"WebPage\",\"@id\":\"https:\/\/www.movacolor.com\/fr\/technologie\/\",\"url\":\"https:\/\/www.movacolor.com\/fr\/technologie\/\",\"name\":\"Technologie - Movacolor\",\"isPartOf\":{\"@id\":\"https:\/\/www.movacolor.com\/fr\/#website\"},\"primaryImageOfPage\":{\"@id\":\"https:\/\/www.movacolor.com\/fr\/technologie\/#primaryimage\"},\"image\":{\"@id\":\"https:\/\/www.movacolor.com\/fr\/technologie\/#primaryimage\"},\"thumbnailUrl\":\"https:\/\/www.movacolor.com\/wp-content\/uploads\/2023\/01\/mvc_technology.jpg\",\"datePublished\":\"2023-01-03T10:28:31+00:00\",\"dateModified\":\"2025-02-17T10:50:04+00:00\",\"description\":\"Trouvez la technologie qui vous permettra d'atteindre l'\u00e9quilibre id\u00e9al entre co\u00fbts, durabilit\u00e9 et pr\u00e9cision gr\u00e2ce \u00e0 notre concept de dosage et de m\u00e9lange modulaire.\",\"breadcrumb\":{\"@id\":\"https:\/\/www.movacolor.com\/fr\/technologie\/#breadcrumb\"},\"inLanguage\":\"fr-FR\",\"potentialAction\":[{\"@type\":\"ReadAction\",\"target\":[\"https:\/\/www.movacolor.com\/fr\/technologie\/\"]}]},{\"@type\":\"ImageObject\",\"inLanguage\":\"fr-FR\",\"@id\":\"https:\/\/www.movacolor.com\/fr\/technologie\/#primaryimage\",\"url\":\"https:\/\/www.movacolor.com\/wp-content\/uploads\/2023\/01\/mvc_technology.jpg\",\"contentUrl\":\"https:\/\/www.movacolor.com\/wp-content\/uploads\/2023\/01\/mvc_technology.jpg\",\"width\":1920,\"height\":1280},{\"@type\":\"BreadcrumbList\",\"@id\":\"https:\/\/www.movacolor.com\/fr\/technologie\/#breadcrumb\",\"itemListElement\":[{\"@type\":\"ListItem\",\"position\":1,\"name\":\"Home\",\"item\":\"https:\/\/www.movacolor.com\/fr\/\"},{\"@type\":\"ListItem\",\"position\":2,\"name\":\"Technologie\"}]},{\"@type\":\"WebSite\",\"@id\":\"https:\/\/www.movacolor.com\/fr\/#website\",\"url\":\"https:\/\/www.movacolor.com\/fr\/\",\"name\":\"Movacolor\",\"description\":\"modular dosing solutions\",\"potentialAction\":[{\"@type\":\"SearchAction\",\"target\":{\"@type\":\"EntryPoint\",\"urlTemplate\":\"https:\/\/www.movacolor.com\/fr\/?s={search_term_string}\"},\"query-input\":{\"@type\":\"PropertyValueSpecification\",\"valueRequired\":true,\"valueName\":\"search_term_string\"}}],\"inLanguage\":\"fr-FR\"}]}<\/script>\n<!-- \/ Yoast SEO plugin. -->","yoast_head_json":{"title":"Technologie - Movacolor","description":"Trouvez la technologie qui vous permettra d'atteindre l'\u00e9quilibre id\u00e9al entre co\u00fbts, durabilit\u00e9 et pr\u00e9cision gr\u00e2ce \u00e0 notre concept de dosage et de m\u00e9lange modulaire.","robots":{"index":"index","follow":"follow","max-snippet":"max-snippet:-1","max-image-preview":"max-image-preview:large","max-video-preview":"max-video-preview:-1"},"canonical":"https:\/\/www.movacolor.com\/fr\/technologie\/","og_locale":"fr_FR","og_type":"article","og_title":"Technologie - Movacolor","og_description":"Trouvez la technologie qui vous permettra d'atteindre l'\u00e9quilibre id\u00e9al entre co\u00fbts, durabilit\u00e9 et pr\u00e9cision gr\u00e2ce \u00e0 notre concept de dosage et de m\u00e9lange modulaire.","og_url":"https:\/\/www.movacolor.com\/fr\/technologie\/","og_site_name":"Movacolor","article_modified_time":"2025-02-17T10:50:04+00:00","og_image":[{"width":1920,"height":1280,"url":"https:\/\/www.movacolor.com\/wp-content\/uploads\/2023\/01\/mvc_technology.jpg","type":"image\/jpeg"}],"twitter_card":"summary_large_image","twitter_misc":{"Dur\u00e9e de lecture estim\u00e9e":"2 minutes"},"schema":{"@context":"https:\/\/schema.org","@graph":[{"@type":"WebPage","@id":"https:\/\/www.movacolor.com\/fr\/technologie\/","url":"https:\/\/www.movacolor.com\/fr\/technologie\/","name":"Technologie - Movacolor","isPartOf":{"@id":"https:\/\/www.movacolor.com\/fr\/#website"},"primaryImageOfPage":{"@id":"https:\/\/www.movacolor.com\/fr\/technologie\/#primaryimage"},"image":{"@id":"https:\/\/www.movacolor.com\/fr\/technologie\/#primaryimage"},"thumbnailUrl":"https:\/\/www.movacolor.com\/wp-content\/uploads\/2023\/01\/mvc_technology.jpg","datePublished":"2023-01-03T10:28:31+00:00","dateModified":"2025-02-17T10:50:04+00:00","description":"Trouvez la technologie qui vous permettra d'atteindre l'\u00e9quilibre id\u00e9al entre co\u00fbts, durabilit\u00e9 et pr\u00e9cision gr\u00e2ce \u00e0 notre concept de dosage et de m\u00e9lange modulaire.","breadcrumb":{"@id":"https:\/\/www.movacolor.com\/fr\/technologie\/#breadcrumb"},"inLanguage":"fr-FR","potentialAction":[{"@type":"ReadAction","target":["https:\/\/www.movacolor.com\/fr\/technologie\/"]}]},{"@type":"ImageObject","inLanguage":"fr-FR","@id":"https:\/\/www.movacolor.com\/fr\/technologie\/#primaryimage","url":"https:\/\/www.movacolor.com\/wp-content\/uploads\/2023\/01\/mvc_technology.jpg","contentUrl":"https:\/\/www.movacolor.com\/wp-content\/uploads\/2023\/01\/mvc_technology.jpg","width":1920,"height":1280},{"@type":"BreadcrumbList","@id":"https:\/\/www.movacolor.com\/fr\/technologie\/#breadcrumb","itemListElement":[{"@type":"ListItem","position":1,"name":"Home","item":"https:\/\/www.movacolor.com\/fr\/"},{"@type":"ListItem","position":2,"name":"Technologie"}]},{"@type":"WebSite","@id":"https:\/\/www.movacolor.com\/fr\/#website","url":"https:\/\/www.movacolor.com\/fr\/","name":"Movacolor","description":"modular dosing solutions","potentialAction":[{"@type":"SearchAction","target":{"@type":"EntryPoint","urlTemplate":"https:\/\/www.movacolor.com\/fr\/?s={search_term_string}"},"query-input":{"@type":"PropertyValueSpecification","valueRequired":true,"valueName":"search_term_string"}}],"inLanguage":"fr-FR"}]}},"_links":{"self":[{"href":"https:\/\/www.movacolor.com\/fr\/wp-json\/wp\/v2\/pages\/19573","targetHints":{"allow":["GET"]}}],"collection":[{"href":"https:\/\/www.movacolor.com\/fr\/wp-json\/wp\/v2\/pages"}],"about":[{"href":"https:\/\/www.movacolor.com\/fr\/wp-json\/wp\/v2\/types\/page"}],"author":[{"embeddable":true,"href":"https:\/\/www.movacolor.com\/fr\/wp-json\/wp\/v2\/users\/2"}],"replies":[{"embeddable":true,"href":"https:\/\/www.movacolor.com\/fr\/wp-json\/wp\/v2\/comments?post=19573"}],"version-history":[{"count":2,"href":"https:\/\/www.movacolor.com\/fr\/wp-json\/wp\/v2\/pages\/19573\/revisions"}],"predecessor-version":[{"id":19575,"href":"https:\/\/www.movacolor.com\/fr\/wp-json\/wp\/v2\/pages\/19573\/revisions\/19575"}],"wp:featuredmedia":[{"embeddable":true,"href":"https:\/\/www.movacolor.com\/fr\/wp-json\/wp\/v2\/media\/387"}],"wp:attachment":[{"href":"https:\/\/www.movacolor.com\/fr\/wp-json\/wp\/v2\/media?parent=19573"}],"curies":[{"name":"wp","href":"https:\/\/api.w.org\/{rel}","templated":true}]}}