{"id":7686,"date":"2023-01-03T12:35:05","date_gmt":"2023-01-03T10:35:05","guid":{"rendered":"https:\/\/www.movacolor.com\/proceso\/moldeo-por-inyeccion\/"},"modified":"2023-11-30T11:21:20","modified_gmt":"2023-11-30T09:21:20","slug":"moldeo-por-inyeccion","status":"publish","type":"page","link":"https:\/\/www.movacolor.com\/es\/process\/injection-molding\/","title":{"rendered":"Moldeo por inyecci\u00f3n"},"content":{"rendered":"<p>Los sistemas de dosificaci\u00f3n volum\u00e9trica y gravim\u00e9trica son esenciales en el moldeo por inyecci\u00f3n. El proceso de fabricaci\u00f3n por moldeo por inyecci\u00f3n produce piezas a partir de materiales pl\u00e1sticos termopl\u00e1sticos y termoestables. Debido a los elevados costes de fabricaci\u00f3n de los moldes, el moldeo por inyecci\u00f3n se utiliza principalmente en la producci\u00f3n en masa, donde se fabrican miles de piezas.<\/p>\n","protected":false},"excerpt":{"rendered":"<p>Los sistemas de dosificaci\u00f3n volum\u00e9trica y gravim\u00e9trica son esenciales en el moldeo por inyecci\u00f3n. El proceso de fabricaci\u00f3n por moldeo por inyecci\u00f3n produce piezas a partir de materiales pl\u00e1sticos termopl\u00e1sticos y termoestables. Debido a los elevados costes de fabricaci\u00f3n de los moldes, el moldeo por inyecci\u00f3n se utiliza principalmente en la producci\u00f3n en masa, donde&#8230;<\/p>\n","protected":false},"author":2,"featured_media":4082,"parent":7681,"menu_order":0,"comment_status":"closed","ping_status":"closed","template":"","meta":{"_acf_changed":false,"footnotes":""},"class_list":["post-7686","page","type-page","status-publish","has-post-thumbnail","hentry","us_portfolio_tag-moldeo-por-inyeccion"],"acf":[],"yoast_head":"<!-- This site is optimized with the Yoast SEO plugin v26.4 - https:\/\/yoast.com\/wordpress\/plugins\/seo\/ -->\n<title>Moldeo por inyecci\u00f3n &quot; Visite nuestro sitio web para obtener m\u00e1s informaci\u00f3n.<\/title>\n<meta name=\"description\" content=\"Explore nuestros alimentadores gravim\u00e9tricos y volum\u00e9tricos para la industria del moldeo por inyecci\u00f3n, dise\u00f1ados para dosificar aditivos con precisi\u00f3n.\" \/>\n<meta name=\"robots\" content=\"index, follow, max-snippet:-1, max-image-preview:large, max-video-preview:-1\" \/>\n<link rel=\"canonical\" href=\"https:\/\/www.movacolor.com\/es\/process\/injection-molding\/\" \/>\n<meta property=\"og:locale\" content=\"es_ES\" \/>\n<meta property=\"og:type\" content=\"article\" \/>\n<meta property=\"og:title\" content=\"Moldeo por inyecci\u00f3n &quot; Visite nuestro sitio web para obtener m\u00e1s informaci\u00f3n.\" \/>\n<meta property=\"og:description\" content=\"Explore nuestros alimentadores gravim\u00e9tricos y volum\u00e9tricos para la industria del moldeo por inyecci\u00f3n, dise\u00f1ados para dosificar aditivos con precisi\u00f3n.\" \/>\n<meta property=\"og:url\" content=\"https:\/\/www.movacolor.com\/es\/process\/injection-molding\/\" \/>\n<meta property=\"og:site_name\" content=\"Movacolor\" \/>\n<meta property=\"article:modified_time\" content=\"2023-11-30T09:21:20+00:00\" \/>\n<meta property=\"og:image\" content=\"https:\/\/www.movacolor.com\/wp-content\/uploads\/2023\/03\/Injection_molding.jpg\" \/>\n\t<meta property=\"og:image:width\" content=\"1920\" \/>\n\t<meta property=\"og:image:height\" content=\"1280\" \/>\n\t<meta property=\"og:image:type\" content=\"image\/jpeg\" \/>\n<meta name=\"twitter:card\" content=\"summary_large_image\" \/>\n<script type=\"application\/ld+json\" class=\"yoast-schema-graph\">{\"@context\":\"https:\/\/schema.org\",\"@graph\":[{\"@type\":\"WebPage\",\"@id\":\"https:\/\/www.movacolor.com\/es\/process\/injection-molding\/\",\"url\":\"https:\/\/www.movacolor.com\/es\/process\/injection-molding\/\",\"name\":\"Moldeo por inyecci\u00f3n \\\" Visite nuestro sitio web para obtener m\u00e1s informaci\u00f3n.\",\"isPartOf\":{\"@id\":\"https:\/\/www.movacolor.com\/es\/#website\"},\"primaryImageOfPage\":{\"@id\":\"https:\/\/www.movacolor.com\/es\/process\/injection-molding\/#primaryimage\"},\"image\":{\"@id\":\"https:\/\/www.movacolor.com\/es\/process\/injection-molding\/#primaryimage\"},\"thumbnailUrl\":\"https:\/\/www.movacolor.com\/wp-content\/uploads\/2023\/03\/Injection_molding.jpg\",\"datePublished\":\"2023-01-03T10:35:05+00:00\",\"dateModified\":\"2023-11-30T09:21:20+00:00\",\"description\":\"Explore nuestros alimentadores gravim\u00e9tricos y volum\u00e9tricos para la industria del moldeo por inyecci\u00f3n, dise\u00f1ados para dosificar aditivos con precisi\u00f3n.\",\"breadcrumb\":{\"@id\":\"https:\/\/www.movacolor.com\/es\/process\/injection-molding\/#breadcrumb\"},\"inLanguage\":\"es\",\"potentialAction\":[{\"@type\":\"ReadAction\",\"target\":[\"https:\/\/www.movacolor.com\/es\/process\/injection-molding\/\"]}]},{\"@type\":\"ImageObject\",\"inLanguage\":\"es\",\"@id\":\"https:\/\/www.movacolor.com\/es\/process\/injection-molding\/#primaryimage\",\"url\":\"https:\/\/www.movacolor.com\/wp-content\/uploads\/2023\/03\/Injection_molding.jpg\",\"contentUrl\":\"https:\/\/www.movacolor.com\/wp-content\/uploads\/2023\/03\/Injection_molding.jpg\",\"width\":1920,\"height\":1280,\"caption\":\"Injection Molding\"},{\"@type\":\"BreadcrumbList\",\"@id\":\"https:\/\/www.movacolor.com\/es\/process\/injection-molding\/#breadcrumb\",\"itemListElement\":[{\"@type\":\"ListItem\",\"position\":1,\"name\":\"Home\",\"item\":\"https:\/\/www.movacolor.com\/es\/\"},{\"@type\":\"ListItem\",\"position\":2,\"name\":\"Proceso\",\"item\":\"https:\/\/www.movacolor.com\/es\/proceso\/\"},{\"@type\":\"ListItem\",\"position\":3,\"name\":\"Moldeo por inyecci\u00f3n\"}]},{\"@type\":\"WebSite\",\"@id\":\"https:\/\/www.movacolor.com\/es\/#website\",\"url\":\"https:\/\/www.movacolor.com\/es\/\",\"name\":\"Movacolor\",\"description\":\"modular dosing solutions\",\"potentialAction\":[{\"@type\":\"SearchAction\",\"target\":{\"@type\":\"EntryPoint\",\"urlTemplate\":\"https:\/\/www.movacolor.com\/es\/?s={search_term_string}\"},\"query-input\":{\"@type\":\"PropertyValueSpecification\",\"valueRequired\":true,\"valueName\":\"search_term_string\"}}],\"inLanguage\":\"es\"}]}<\/script>\n<!-- \/ Yoast SEO plugin. -->","yoast_head_json":{"title":"Moldeo por inyecci\u00f3n \" Visite nuestro sitio web para obtener m\u00e1s informaci\u00f3n.","description":"Explore nuestros alimentadores gravim\u00e9tricos y volum\u00e9tricos para la industria del moldeo por inyecci\u00f3n, dise\u00f1ados para dosificar aditivos con precisi\u00f3n.","robots":{"index":"index","follow":"follow","max-snippet":"max-snippet:-1","max-image-preview":"max-image-preview:large","max-video-preview":"max-video-preview:-1"},"canonical":"https:\/\/www.movacolor.com\/es\/process\/injection-molding\/","og_locale":"es_ES","og_type":"article","og_title":"Moldeo por inyecci\u00f3n \" Visite nuestro sitio web para obtener m\u00e1s informaci\u00f3n.","og_description":"Explore nuestros alimentadores gravim\u00e9tricos y volum\u00e9tricos para la industria del moldeo por inyecci\u00f3n, dise\u00f1ados para dosificar aditivos con precisi\u00f3n.","og_url":"https:\/\/www.movacolor.com\/es\/process\/injection-molding\/","og_site_name":"Movacolor","article_modified_time":"2023-11-30T09:21:20+00:00","og_image":[{"width":1920,"height":1280,"url":"https:\/\/www.movacolor.com\/wp-content\/uploads\/2023\/03\/Injection_molding.jpg","type":"image\/jpeg"}],"twitter_card":"summary_large_image","schema":{"@context":"https:\/\/schema.org","@graph":[{"@type":"WebPage","@id":"https:\/\/www.movacolor.com\/es\/process\/injection-molding\/","url":"https:\/\/www.movacolor.com\/es\/process\/injection-molding\/","name":"Moldeo por inyecci\u00f3n \" Visite nuestro sitio web para obtener m\u00e1s informaci\u00f3n.","isPartOf":{"@id":"https:\/\/www.movacolor.com\/es\/#website"},"primaryImageOfPage":{"@id":"https:\/\/www.movacolor.com\/es\/process\/injection-molding\/#primaryimage"},"image":{"@id":"https:\/\/www.movacolor.com\/es\/process\/injection-molding\/#primaryimage"},"thumbnailUrl":"https:\/\/www.movacolor.com\/wp-content\/uploads\/2023\/03\/Injection_molding.jpg","datePublished":"2023-01-03T10:35:05+00:00","dateModified":"2023-11-30T09:21:20+00:00","description":"Explore nuestros alimentadores gravim\u00e9tricos y volum\u00e9tricos para la industria del moldeo por inyecci\u00f3n, dise\u00f1ados para dosificar aditivos con precisi\u00f3n.","breadcrumb":{"@id":"https:\/\/www.movacolor.com\/es\/process\/injection-molding\/#breadcrumb"},"inLanguage":"es","potentialAction":[{"@type":"ReadAction","target":["https:\/\/www.movacolor.com\/es\/process\/injection-molding\/"]}]},{"@type":"ImageObject","inLanguage":"es","@id":"https:\/\/www.movacolor.com\/es\/process\/injection-molding\/#primaryimage","url":"https:\/\/www.movacolor.com\/wp-content\/uploads\/2023\/03\/Injection_molding.jpg","contentUrl":"https:\/\/www.movacolor.com\/wp-content\/uploads\/2023\/03\/Injection_molding.jpg","width":1920,"height":1280,"caption":"Injection Molding"},{"@type":"BreadcrumbList","@id":"https:\/\/www.movacolor.com\/es\/process\/injection-molding\/#breadcrumb","itemListElement":[{"@type":"ListItem","position":1,"name":"Home","item":"https:\/\/www.movacolor.com\/es\/"},{"@type":"ListItem","position":2,"name":"Proceso","item":"https:\/\/www.movacolor.com\/es\/proceso\/"},{"@type":"ListItem","position":3,"name":"Moldeo por inyecci\u00f3n"}]},{"@type":"WebSite","@id":"https:\/\/www.movacolor.com\/es\/#website","url":"https:\/\/www.movacolor.com\/es\/","name":"Movacolor","description":"modular dosing solutions","potentialAction":[{"@type":"SearchAction","target":{"@type":"EntryPoint","urlTemplate":"https:\/\/www.movacolor.com\/es\/?s={search_term_string}"},"query-input":{"@type":"PropertyValueSpecification","valueRequired":true,"valueName":"search_term_string"}}],"inLanguage":"es"}]}},"_links":{"self":[{"href":"https:\/\/www.movacolor.com\/es\/wp-json\/wp\/v2\/pages\/7686","targetHints":{"allow":["GET"]}}],"collection":[{"href":"https:\/\/www.movacolor.com\/es\/wp-json\/wp\/v2\/pages"}],"about":[{"href":"https:\/\/www.movacolor.com\/es\/wp-json\/wp\/v2\/types\/page"}],"author":[{"embeddable":true,"href":"https:\/\/www.movacolor.com\/es\/wp-json\/wp\/v2\/users\/2"}],"replies":[{"embeddable":true,"href":"https:\/\/www.movacolor.com\/es\/wp-json\/wp\/v2\/comments?post=7686"}],"version-history":[{"count":1,"href":"https:\/\/www.movacolor.com\/es\/wp-json\/wp\/v2\/pages\/7686\/revisions"}],"predecessor-version":[{"id":10256,"href":"https:\/\/www.movacolor.com\/es\/wp-json\/wp\/v2\/pages\/7686\/revisions\/10256"}],"up":[{"embeddable":true,"href":"https:\/\/www.movacolor.com\/es\/wp-json\/wp\/v2\/pages\/7681"}],"wp:featuredmedia":[{"embeddable":true,"href":"https:\/\/www.movacolor.com\/es\/wp-json\/wp\/v2\/media\/4082"}],"wp:attachment":[{"href":"https:\/\/www.movacolor.com\/es\/wp-json\/wp\/v2\/media?parent=7686"}],"curies":[{"name":"wp","href":"https:\/\/api.w.org\/{rel}","templated":true}]}}