{"id":7685,"date":"2023-01-03T12:35:23","date_gmt":"2023-01-03T10:35:23","guid":{"rendered":"https:\/\/www.movacolor.com\/proceso\/extrusion\/"},"modified":"2024-02-08T22:10:46","modified_gmt":"2024-02-08T20:10:46","slug":"extrusion","status":"publish","type":"page","link":"https:\/\/www.movacolor.com\/es\/proceso\/extrusion\/","title":{"rendered":"Extrusi\u00f3n"},"content":{"rendered":"<section class=\"texto-con-imagen\">\n<div class=\"row\">\n<div class=\"content\">\n<p>La dosificaci\u00f3n exacta es muy importante durante la extrusi\u00f3n. Las piezas que se fabrican con la extrusora deben cumplir los m\u00e1s altos requisitos de calidad. Para te\u00f1ir el material principal mediante la dosificaci\u00f3n de un aditivo, se recomienda elegir un sistema de dosificaci\u00f3n adecuado al proceso de extrusi\u00f3n.<\/p>\n<h2>Dosificadores gravim\u00e9tricos y volum\u00e9tricos para extrusi\u00f3n<\/h2>\n<p>Movacolor desarrolla y comercializa alimentadores gravim\u00e9tricos y volum\u00e9tricos para cualquier aplicaci\u00f3n de extrusi\u00f3n. El fabricante s\u00f3lo necesita un sistema de dosificaci\u00f3n de alta precisi\u00f3n para extrusi\u00f3n que adem\u00e1s sea f\u00e1cil de manejar para todos los que trabajan en el \u00e1rea de producci\u00f3n de un productor de pl\u00e1stico. Nuestros sistemas de dosificaci\u00f3n gravim\u00e9trica y volum\u00e9trica para extrusi\u00f3n funcionan silenciosamente.<\/p>\n<\/div>\n<div><\/div>\n<div><\/div>\n<\/div>\n<\/section>\n<section class=\"contenido-contenido-dos-columnas\">\n<div class=\"fila\">\n<div class=\"columna\">\n<div class=\"column\">\n<p>Un sistema de dosificaci\u00f3n que utiliza colorantes y otros aditivos caros con moderaci\u00f3n y, por tanto, puede ahorrar costes, adem\u00e1s de contribuir a un proceso de extrusi\u00f3n continuo. Precisamente este tipo de sistema de dosificaci\u00f3n es el que ofrece Movacolor: alimentadores gravim\u00e9tricos y volum\u00e9tricos de alta precisi\u00f3n para extrusi\u00f3n. Los alimentadores gravim\u00e9tricos tambi\u00e9n se conocen como alimentadores por p\u00e9rdida de peso.<\/p>\n<\/div>\n<div><\/div>\n<\/div>\n<div><\/div>\n<\/div>\n<\/section>\n","protected":false},"excerpt":{"rendered":"<p>La dosificaci\u00f3n exacta es muy importante durante la extrusi\u00f3n. Las piezas que se fabrican con la extrusora deben cumplir los m\u00e1s altos requisitos de calidad. Para te\u00f1ir el material principal mediante la dosificaci\u00f3n de un aditivo, se recomienda elegir un sistema de dosificaci\u00f3n adecuado al proceso de extrusi\u00f3n. Dosificadores gravim\u00e9tricos y volum\u00e9tricos para extrusi\u00f3n Movacolor&#8230;<\/p>\n","protected":false},"author":2,"featured_media":0,"parent":7681,"menu_order":0,"comment_status":"closed","ping_status":"closed","template":"","meta":{"_acf_changed":false,"footnotes":""},"class_list":["post-7685","page","type-page","status-publish","hentry","us_portfolio_tag-extrusion-es"],"acf":[],"yoast_head":"<!-- This site is optimized with the Yoast SEO plugin v26.4 - https:\/\/yoast.com\/wordpress\/plugins\/seo\/ -->\n<title>Extrusi\u00f3n &quot; Visite nuestro sitio web para obtener m\u00e1s informaci\u00f3n.<\/title>\n<meta name=\"description\" content=\"La dosificaci\u00f3n exacta es muy importante durante la extrusi\u00f3n. \u00bfQuiere saber m\u00e1s sobre la extrusi\u00f3n con sistema de dosificaci\u00f3n preciso?\" \/>\n<meta name=\"robots\" content=\"index, follow, max-snippet:-1, max-image-preview:large, max-video-preview:-1\" \/>\n<link rel=\"canonical\" href=\"https:\/\/www.movacolor.com\/es\/proceso\/extrusion\/\" \/>\n<meta property=\"og:locale\" content=\"es_ES\" \/>\n<meta property=\"og:type\" content=\"article\" \/>\n<meta property=\"og:title\" content=\"Extrusi\u00f3n &quot; Visite nuestro sitio web para obtener m\u00e1s informaci\u00f3n.\" \/>\n<meta property=\"og:description\" content=\"La dosificaci\u00f3n exacta es muy importante durante la extrusi\u00f3n. \u00bfQuiere saber m\u00e1s sobre la extrusi\u00f3n con sistema de dosificaci\u00f3n preciso?\" \/>\n<meta property=\"og:url\" content=\"https:\/\/www.movacolor.com\/es\/proceso\/extrusion\/\" \/>\n<meta property=\"og:site_name\" content=\"Movacolor\" \/>\n<meta property=\"article:modified_time\" content=\"2024-02-08T20:10:46+00:00\" \/>\n<meta name=\"twitter:card\" content=\"summary_large_image\" \/>\n<meta name=\"twitter:label1\" content=\"Tiempo de lectura\" \/>\n\t<meta name=\"twitter:data1\" content=\"1 minuto\" \/>\n<script type=\"application\/ld+json\" class=\"yoast-schema-graph\">{\"@context\":\"https:\/\/schema.org\",\"@graph\":[{\"@type\":\"WebPage\",\"@id\":\"https:\/\/www.movacolor.com\/es\/proceso\/extrusion\/\",\"url\":\"https:\/\/www.movacolor.com\/es\/proceso\/extrusion\/\",\"name\":\"Extrusi\u00f3n \\\" Visite nuestro sitio web para obtener m\u00e1s informaci\u00f3n.\",\"isPartOf\":{\"@id\":\"https:\/\/www.movacolor.com\/es\/#website\"},\"datePublished\":\"2023-01-03T10:35:23+00:00\",\"dateModified\":\"2024-02-08T20:10:46+00:00\",\"description\":\"La dosificaci\u00f3n exacta es muy importante durante la extrusi\u00f3n. \u00bfQuiere saber m\u00e1s sobre la extrusi\u00f3n con sistema de dosificaci\u00f3n preciso?\",\"breadcrumb\":{\"@id\":\"https:\/\/www.movacolor.com\/es\/proceso\/extrusion\/#breadcrumb\"},\"inLanguage\":\"es\",\"potentialAction\":[{\"@type\":\"ReadAction\",\"target\":[\"https:\/\/www.movacolor.com\/es\/proceso\/extrusion\/\"]}]},{\"@type\":\"BreadcrumbList\",\"@id\":\"https:\/\/www.movacolor.com\/es\/proceso\/extrusion\/#breadcrumb\",\"itemListElement\":[{\"@type\":\"ListItem\",\"position\":1,\"name\":\"Home\",\"item\":\"https:\/\/www.movacolor.com\/es\/\"},{\"@type\":\"ListItem\",\"position\":2,\"name\":\"Proceso\",\"item\":\"https:\/\/www.movacolor.com\/es\/proceso\/\"},{\"@type\":\"ListItem\",\"position\":3,\"name\":\"Extrusi\u00f3n\"}]},{\"@type\":\"WebSite\",\"@id\":\"https:\/\/www.movacolor.com\/es\/#website\",\"url\":\"https:\/\/www.movacolor.com\/es\/\",\"name\":\"Movacolor\",\"description\":\"modular dosing solutions\",\"potentialAction\":[{\"@type\":\"SearchAction\",\"target\":{\"@type\":\"EntryPoint\",\"urlTemplate\":\"https:\/\/www.movacolor.com\/es\/?s={search_term_string}\"},\"query-input\":{\"@type\":\"PropertyValueSpecification\",\"valueRequired\":true,\"valueName\":\"search_term_string\"}}],\"inLanguage\":\"es\"}]}<\/script>\n<!-- \/ Yoast SEO plugin. -->","yoast_head_json":{"title":"Extrusi\u00f3n \" Visite nuestro sitio web para obtener m\u00e1s informaci\u00f3n.","description":"La dosificaci\u00f3n exacta es muy importante durante la extrusi\u00f3n. \u00bfQuiere saber m\u00e1s sobre la extrusi\u00f3n con sistema de dosificaci\u00f3n preciso?","robots":{"index":"index","follow":"follow","max-snippet":"max-snippet:-1","max-image-preview":"max-image-preview:large","max-video-preview":"max-video-preview:-1"},"canonical":"https:\/\/www.movacolor.com\/es\/proceso\/extrusion\/","og_locale":"es_ES","og_type":"article","og_title":"Extrusi\u00f3n \" Visite nuestro sitio web para obtener m\u00e1s informaci\u00f3n.","og_description":"La dosificaci\u00f3n exacta es muy importante durante la extrusi\u00f3n. \u00bfQuiere saber m\u00e1s sobre la extrusi\u00f3n con sistema de dosificaci\u00f3n preciso?","og_url":"https:\/\/www.movacolor.com\/es\/proceso\/extrusion\/","og_site_name":"Movacolor","article_modified_time":"2024-02-08T20:10:46+00:00","twitter_card":"summary_large_image","twitter_misc":{"Tiempo de lectura":"1 minuto"},"schema":{"@context":"https:\/\/schema.org","@graph":[{"@type":"WebPage","@id":"https:\/\/www.movacolor.com\/es\/proceso\/extrusion\/","url":"https:\/\/www.movacolor.com\/es\/proceso\/extrusion\/","name":"Extrusi\u00f3n \" Visite nuestro sitio web para obtener m\u00e1s informaci\u00f3n.","isPartOf":{"@id":"https:\/\/www.movacolor.com\/es\/#website"},"datePublished":"2023-01-03T10:35:23+00:00","dateModified":"2024-02-08T20:10:46+00:00","description":"La dosificaci\u00f3n exacta es muy importante durante la extrusi\u00f3n. \u00bfQuiere saber m\u00e1s sobre la extrusi\u00f3n con sistema de dosificaci\u00f3n preciso?","breadcrumb":{"@id":"https:\/\/www.movacolor.com\/es\/proceso\/extrusion\/#breadcrumb"},"inLanguage":"es","potentialAction":[{"@type":"ReadAction","target":["https:\/\/www.movacolor.com\/es\/proceso\/extrusion\/"]}]},{"@type":"BreadcrumbList","@id":"https:\/\/www.movacolor.com\/es\/proceso\/extrusion\/#breadcrumb","itemListElement":[{"@type":"ListItem","position":1,"name":"Home","item":"https:\/\/www.movacolor.com\/es\/"},{"@type":"ListItem","position":2,"name":"Proceso","item":"https:\/\/www.movacolor.com\/es\/proceso\/"},{"@type":"ListItem","position":3,"name":"Extrusi\u00f3n"}]},{"@type":"WebSite","@id":"https:\/\/www.movacolor.com\/es\/#website","url":"https:\/\/www.movacolor.com\/es\/","name":"Movacolor","description":"modular dosing solutions","potentialAction":[{"@type":"SearchAction","target":{"@type":"EntryPoint","urlTemplate":"https:\/\/www.movacolor.com\/es\/?s={search_term_string}"},"query-input":{"@type":"PropertyValueSpecification","valueRequired":true,"valueName":"search_term_string"}}],"inLanguage":"es"}]}},"_links":{"self":[{"href":"https:\/\/www.movacolor.com\/es\/wp-json\/wp\/v2\/pages\/7685","targetHints":{"allow":["GET"]}}],"collection":[{"href":"https:\/\/www.movacolor.com\/es\/wp-json\/wp\/v2\/pages"}],"about":[{"href":"https:\/\/www.movacolor.com\/es\/wp-json\/wp\/v2\/types\/page"}],"author":[{"embeddable":true,"href":"https:\/\/www.movacolor.com\/es\/wp-json\/wp\/v2\/users\/2"}],"replies":[{"embeddable":true,"href":"https:\/\/www.movacolor.com\/es\/wp-json\/wp\/v2\/comments?post=7685"}],"version-history":[{"count":1,"href":"https:\/\/www.movacolor.com\/es\/wp-json\/wp\/v2\/pages\/7685\/revisions"}],"predecessor-version":[{"id":17089,"href":"https:\/\/www.movacolor.com\/es\/wp-json\/wp\/v2\/pages\/7685\/revisions\/17089"}],"up":[{"embeddable":true,"href":"https:\/\/www.movacolor.com\/es\/wp-json\/wp\/v2\/pages\/7681"}],"wp:attachment":[{"href":"https:\/\/www.movacolor.com\/es\/wp-json\/wp\/v2\/media?parent=7685"}],"curies":[{"name":"wp","href":"https:\/\/api.w.org\/{rel}","templated":true}]}}