{"id":7681,"date":"2023-01-03T12:28:03","date_gmt":"2023-01-03T10:28:03","guid":{"rendered":"https:\/\/www.movacolor.com\/proceso\/"},"modified":"2024-02-09T20:40:52","modified_gmt":"2024-02-09T18:40:52","slug":"proceso","status":"publish","type":"page","link":"https:\/\/www.movacolor.com\/es\/proceso\/","title":{"rendered":"Proceso"},"content":{"rendered":"<section class=\"l-section wpb_row us_custom_645e9f38 us_animate_this height_auto\"><div class=\"l-section-h i-cf\"><div class=\"g-cols vc_row via_flex valign_top type_boxes stacking_default\"><div class=\"vc_col-sm-12 wpb_column vc_column_container\"><div class=\"vc_column-inner us_custom_3d831995\"><div class=\"wpb_wrapper\"><div class=\"wpb_text_column\"><div class=\"wpb_wrapper\"><h2>Saque el m\u00e1ximo partido a su proceso de producci\u00f3n con nuestras soluciones modulares de dosificaci\u00f3n y mezcla.<\/h2>\n<\/div><\/div><\/div><\/div><\/div><\/div><\/div><\/section><section class=\"l-section wpb_row us_custom_b0c8f7d6 height_auto\"><div class=\"l-section-h i-cf\"><div class=\"g-cols vc_row via_flex valign_top type_default stacking_default\"><div class=\"vc_col-sm-12 wpb_column vc_column_container\"><div class=\"vc_column-inner us_custom_f44b38f2\"><div class=\"wpb_wrapper\"><div class=\"w-post-elm post_image us_custom_6eef1e9e us_animate_this stretched\"><img loading=\"lazy\" decoding=\"async\" width=\"1500\" height=\"800\" src=\"https:\/\/www.movacolor.com\/wp-content\/uploads\/2023\/01\/mvc_process-1500x800.jpg\" class=\"attachment-us_1500_800_crop size-us_1500_800_crop wp-post-image\" alt=\"\" \/><\/div><\/div><\/div><\/div><\/div><\/div><\/section><section class=\"l-section wpb_row us_custom_2231b372 height_auto\"><div class=\"l-section-h i-cf\"><div class=\"g-cols vc_row via_flex valign_top type_boxes stacking_default\"><div class=\"vc_col-sm-12 wpb_column vc_column_container\"><div class=\"vc_column-inner\"><div class=\"wpb_wrapper\"><div class=\"w-separator size_custom\" style=\"height:7vmin\" id=\"b02b\"><style>@media(max-width:1499px){ #b02b{height:0rem!important}}@media(max-width:1024px){ #b02b{height:0rem!important}}<\/style><\/div><div class=\"wpb_text_column us_custom_60e9caca us_animate_this\"><div class=\"wpb_wrapper\"><p><span data-contrast=\"auto\">Nuestras soluciones le ayudar\u00e1n a ahorrar dinero en materias primas, optimizar su proceso de producci\u00f3n y mejorar la calidad de su producto final. <\/span><\/p>\n<p><span data-contrast=\"auto\">\u00bfLe preocupa que no haya una soluci\u00f3n de dosificaci\u00f3n para su proceso de fabricaci\u00f3n de pl\u00e1sticos? No busque m\u00e1s; las soluciones modulares de Movacolor permiten una configuraci\u00f3n completamente personalizable basada en sus requisitos. Nuestro especialista de producto le ayudar\u00e1 a determinar lo que hay que hacer para conseguir la mejor soluci\u00f3n posible. <\/span> <\/p>\n<\/div><\/div><div class=\"w-btn-wrapper align_none\"><a class=\"w-btn us-btn-style_1 us_custom_e177aafb us_animate_this\" href=\"https:\/\/www.movacolor.com\/es\/categorias-de-productos\/\"><span class=\"w-btn-label\">M\u00e1s informaci\u00f3n<\/span><\/a><\/div><div class=\"w-separator size_custom\" style=\"height:5vmin\" id=\"f480\"><style>@media(max-width:768px){ #f480{height:1.5rem!important}}@media(max-width:1024px){ #f480{height:0rem!important}}<\/style><\/div><\/div><\/div><\/div><\/div><\/div><\/section><section class=\"l-section wpb_row height_medium\"><div class=\"l-section-h i-cf\"><div class=\"g-cols vc_row via_flex valign_top type_boxes stacking_default\"><div class=\"vc_col-sm-12 wpb_column vc_column_container\"><div class=\"vc_column-inner us_custom_5548ed63\"><div class=\"wpb_wrapper\"><div class=\"wpb_text_column us_custom_60e9caca us_animate_this\"><div class=\"wpb_wrapper\"><h2>Procesos<\/h2>\n<\/div><\/div><div class=\"w-grid us_grid us_custom_e177aafb us_animate_this type_grid layout_1428 cols_3 preload_style_spinner\" id=\"us_grid_1\" style=\"--columns:3;--gap:0.5rem;\"><style>@media (max-width:1024px){#us_grid_1{--columns:2!important}}@media (max-width:768px){#us_grid_1{--columns:1!important}}.layout_1428 .w-grid-item-h{background:var(--color-content-bg-alt);box-shadow:0 0.08rem 0.15rem rgba(0,0,0,0.1),0 0.25rem 0.75rem rgba(0,0,0,0.1);transition-duration:0.3s}.no-touch .layout_1428 .w-grid-item-h:hover{box-shadow:0 0.03rem 0.06rem rgba(0,0,0,0.1),0 0.1rem 0.3rem rgba(0,0,0,0.15);z-index:4}.layout_1428 .usg_vwrapper_1{height:25vh!important;padding:1.5rem!important}.layout_1428 .usg_btn_1{position:absolute!important;left:1.5rem!important;bottom:1.5rem!important}.layout_1428 .usg_post_custom_field_1{width:3rem!important}@media (min-width:1025px) and (max-width:1280px){.layout_1428 .usg_vwrapper_1{height:15rem!important}}@media (min-width:769px) and (max-width:1024px){.layout_1428 .usg_vwrapper_1{height:15rem!important}}@media (max-width:768px){.layout_1428 .usg_vwrapper_1{height:15rem!important}}<\/style><div class=\"w-grid-list\">\t<article class=\"w-grid-item size_1x1 post-7685 page type-page status-publish hentry us_portfolio_tag-extrusion-es\" data-id=\"7685\">\r\n\t\t<div class=\"w-grid-item-h\">\r\n\t\t\t\t\t\t<div class=\"w-vwrapper usg_vwrapper_1 align_left valign_top\"><div class=\"w-post-elm post_custom_field usg_post_custom_field_1 type_image page_icon color_link_inherit\"><img loading=\"lazy\" decoding=\"async\" width=\"1024\" height=\"1024\" src=\"https:\/\/www.movacolor.com\/wp-content\/uploads\/2023\/01\/process-extrusion.svg\" class=\"attachment-large size-large\" alt=\"extrusion\" \/><\/div><h5 class=\"w-post-elm post_title usg_post_title_1 entry-title color_link_inherit\"><a href=\"https:\/\/www.movacolor.com\/es\/proceso\/extrusion\/\">Extrusi\u00f3n<\/a><\/h5><a class=\"w-btn us-btn-style_5 usg_btn_1\" href=\"https:\/\/www.movacolor.com\/es\/proceso\/extrusion\/\"><span class=\"w-btn-label\">Seguir leyendo<\/span><\/a><\/div>\t\t<\/div>\r\n\t\t\t<\/article>\r\n\t<article class=\"w-grid-item size_1x1 post-7686 page type-page status-publish has-post-thumbnail hentry us_portfolio_tag-moldeo-por-inyeccion\" data-id=\"7686\">\r\n\t\t<div class=\"w-grid-item-h\">\r\n\t\t\t\t\t\t<div class=\"w-vwrapper usg_vwrapper_1 align_left valign_top\"><div class=\"w-post-elm post_custom_field usg_post_custom_field_1 type_image page_icon color_link_inherit\"><img loading=\"lazy\" decoding=\"async\" width=\"1024\" height=\"1024\" src=\"https:\/\/www.movacolor.com\/wp-content\/uploads\/2023\/01\/process-injectionmolding.svg\" class=\"attachment-large size-large\" alt=\"injection molding\" \/><\/div><h5 class=\"w-post-elm post_title usg_post_title_1 entry-title color_link_inherit\"><a href=\"https:\/\/www.movacolor.com\/es\/process\/injection-molding\/\">Moldeo por inyecci\u00f3n<\/a><\/h5><a class=\"w-btn us-btn-style_5 usg_btn_1\" href=\"https:\/\/www.movacolor.com\/es\/process\/injection-molding\/\"><span class=\"w-btn-label\">Seguir leyendo<\/span><\/a><\/div>\t\t<\/div>\r\n\t\t\t<\/article>\r\n\t<article class=\"w-grid-item size_1x1 post-7684 page type-page status-publish has-post-thumbnail hentry us_portfolio_tag-moldeo-por-soplado\" data-id=\"7684\">\r\n\t\t<div class=\"w-grid-item-h\">\r\n\t\t\t\t\t\t<div class=\"w-vwrapper usg_vwrapper_1 align_left valign_top\"><div class=\"w-post-elm post_custom_field usg_post_custom_field_1 type_image page_icon color_link_inherit\"><img loading=\"lazy\" decoding=\"async\" width=\"1024\" height=\"1024\" src=\"https:\/\/www.movacolor.com\/wp-content\/uploads\/2023\/01\/process-blowmolding.svg\" class=\"attachment-large size-large\" alt=\"blow molding\" \/><\/div><h5 class=\"w-post-elm post_title usg_post_title_1 entry-title color_link_inherit\"><a href=\"https:\/\/www.movacolor.com\/es\/process\/blow-molding\/\">Moldeo por soplado<\/a><\/h5><a class=\"w-btn us-btn-style_5 usg_btn_1\" href=\"https:\/\/www.movacolor.com\/es\/process\/blow-molding\/\"><span class=\"w-btn-label\">Seguir leyendo<\/span><\/a><\/div>\t\t<\/div>\r\n\t\t\t<\/article>\r\n<\/div>\t<div class=\"w-grid-preloader\">\r\n\t\t<div class=\"g-preloader type_1\">\r\n\t\t\t<div><\/div>\r\n\t\t<\/div>\r\n\t<\/div>\r\n\t\t<div class=\"w-grid-json hidden\" onclick='return {&quot;action&quot;:&quot;us_ajax_grid&quot;,&quot;infinite_scroll&quot;:0,&quot;max_num_pages&quot;:1,&quot;pagination&quot;:&quot;none&quot;,&quot;template_vars&quot;:{&quot;columns&quot;:&quot;3&quot;,&quot;exclude_items&quot;:&quot;none&quot;,&quot;img_size&quot;:&quot;default&quot;,&quot;ignore_items_size&quot;:0,&quot;items_layout&quot;:&quot;1428&quot;,&quot;items_offset&quot;:&quot;1&quot;,&quot;load_animation&quot;:&quot;none&quot;,&quot;overriding_link&quot;:&quot;{\\&quot;url\\&quot;:\\&quot;\\&quot;}&quot;,&quot;post_id&quot;:0,&quot;query_args&quot;:{&quot;ignore_sticky_posts&quot;:1,&quot;post_type&quot;:&quot;any&quot;,&quot;post__in&quot;:[&quot;120&quot;,&quot;118&quot;,&quot;124&quot;],&quot;posts_per_page&quot;:&quot;999&quot;},&quot;orderby_query_args&quot;:{&quot;orderby&quot;:{&quot;post__in&quot;:&quot;ASC&quot;},&quot;order&quot;:&quot;ASC&quot;},&quot;type&quot;:&quot;grid&quot;,&quot;us_grid_post_type&quot;:&quot;ids&quot;,&quot;us_grid_ajax_index&quot;:1,&quot;us_grid_filter_query_string&quot;:null,&quot;us_grid_index&quot;:1,&quot;page_args&quot;:[],&quot;lang&quot;:&quot;es&quot;}}'><\/div>\r\n\t<\/div><\/div><\/div><\/div><\/div><\/div><\/section>\n","protected":false},"excerpt":{"rendered":"","protected":false},"author":6,"featured_media":384,"parent":0,"menu_order":0,"comment_status":"closed","ping_status":"closed","template":"","meta":{"_acf_changed":false,"footnotes":""},"class_list":["post-7681","page","type-page","status-publish","has-post-thumbnail","hentry"],"acf":[],"yoast_head":"<!-- This site is optimized with the Yoast SEO plugin v26.4 - https:\/\/yoast.com\/wordpress\/plugins\/seo\/ -->\n<title>Proceso - Movacolor<\/title>\n<meta name=\"description\" content=\"Optimice su producci\u00f3n con soluciones modulares de dosificaci\u00f3n y mezcla de Movacolor. Ahorre en materias primas y mejore la calidad de su producto final.\" \/>\n<meta name=\"robots\" content=\"index, follow, max-snippet:-1, max-image-preview:large, max-video-preview:-1\" \/>\n<link rel=\"canonical\" href=\"https:\/\/www.movacolor.com\/es\/proceso\/\" \/>\n<meta property=\"og:locale\" content=\"es_ES\" \/>\n<meta property=\"og:type\" content=\"article\" \/>\n<meta property=\"og:title\" content=\"Proceso - Movacolor\" \/>\n<meta property=\"og:description\" content=\"Optimice su producci\u00f3n con soluciones modulares de dosificaci\u00f3n y mezcla de Movacolor. Ahorre en materias primas y mejore la calidad de su producto final.\" \/>\n<meta property=\"og:url\" content=\"https:\/\/www.movacolor.com\/es\/proceso\/\" \/>\n<meta property=\"og:site_name\" content=\"Movacolor\" \/>\n<meta property=\"article:modified_time\" content=\"2024-02-09T18:40:52+00:00\" \/>\n<meta property=\"og:image\" content=\"https:\/\/www.movacolor.com\/wp-content\/uploads\/2023\/01\/mvc_process.jpg\" \/>\n\t<meta property=\"og:image:width\" content=\"1920\" \/>\n\t<meta property=\"og:image:height\" content=\"1280\" \/>\n\t<meta property=\"og:image:type\" content=\"image\/jpeg\" \/>\n<meta name=\"twitter:card\" content=\"summary_large_image\" \/>\n<meta name=\"twitter:label1\" content=\"Tiempo de lectura\" \/>\n\t<meta name=\"twitter:data1\" content=\"1 minuto\" \/>\n<script type=\"application\/ld+json\" class=\"yoast-schema-graph\">{\"@context\":\"https:\/\/schema.org\",\"@graph\":[{\"@type\":\"WebPage\",\"@id\":\"https:\/\/www.movacolor.com\/es\/proceso\/\",\"url\":\"https:\/\/www.movacolor.com\/es\/proceso\/\",\"name\":\"Proceso - Movacolor\",\"isPartOf\":{\"@id\":\"https:\/\/www.movacolor.com\/es\/#website\"},\"primaryImageOfPage\":{\"@id\":\"https:\/\/www.movacolor.com\/es\/proceso\/#primaryimage\"},\"image\":{\"@id\":\"https:\/\/www.movacolor.com\/es\/proceso\/#primaryimage\"},\"thumbnailUrl\":\"https:\/\/www.movacolor.com\/wp-content\/uploads\/2023\/01\/mvc_process.jpg\",\"datePublished\":\"2023-01-03T10:28:03+00:00\",\"dateModified\":\"2024-02-09T18:40:52+00:00\",\"description\":\"Optimice su producci\u00f3n con soluciones modulares de dosificaci\u00f3n y mezcla de Movacolor. Ahorre en materias primas y mejore la calidad de su producto final.\",\"breadcrumb\":{\"@id\":\"https:\/\/www.movacolor.com\/es\/proceso\/#breadcrumb\"},\"inLanguage\":\"es\",\"potentialAction\":[{\"@type\":\"ReadAction\",\"target\":[\"https:\/\/www.movacolor.com\/es\/proceso\/\"]}]},{\"@type\":\"ImageObject\",\"inLanguage\":\"es\",\"@id\":\"https:\/\/www.movacolor.com\/es\/proceso\/#primaryimage\",\"url\":\"https:\/\/www.movacolor.com\/wp-content\/uploads\/2023\/01\/mvc_process.jpg\",\"contentUrl\":\"https:\/\/www.movacolor.com\/wp-content\/uploads\/2023\/01\/mvc_process.jpg\",\"width\":1920,\"height\":1280},{\"@type\":\"BreadcrumbList\",\"@id\":\"https:\/\/www.movacolor.com\/es\/proceso\/#breadcrumb\",\"itemListElement\":[{\"@type\":\"ListItem\",\"position\":1,\"name\":\"Home\",\"item\":\"https:\/\/www.movacolor.com\/es\/\"},{\"@type\":\"ListItem\",\"position\":2,\"name\":\"Proceso\"}]},{\"@type\":\"WebSite\",\"@id\":\"https:\/\/www.movacolor.com\/es\/#website\",\"url\":\"https:\/\/www.movacolor.com\/es\/\",\"name\":\"Movacolor\",\"description\":\"modular dosing solutions\",\"potentialAction\":[{\"@type\":\"SearchAction\",\"target\":{\"@type\":\"EntryPoint\",\"urlTemplate\":\"https:\/\/www.movacolor.com\/es\/?s={search_term_string}\"},\"query-input\":{\"@type\":\"PropertyValueSpecification\",\"valueRequired\":true,\"valueName\":\"search_term_string\"}}],\"inLanguage\":\"es\"}]}<\/script>\n<!-- \/ Yoast SEO plugin. -->","yoast_head_json":{"title":"Proceso - Movacolor","description":"Optimice su producci\u00f3n con soluciones modulares de dosificaci\u00f3n y mezcla de Movacolor. Ahorre en materias primas y mejore la calidad de su producto final.","robots":{"index":"index","follow":"follow","max-snippet":"max-snippet:-1","max-image-preview":"max-image-preview:large","max-video-preview":"max-video-preview:-1"},"canonical":"https:\/\/www.movacolor.com\/es\/proceso\/","og_locale":"es_ES","og_type":"article","og_title":"Proceso - Movacolor","og_description":"Optimice su producci\u00f3n con soluciones modulares de dosificaci\u00f3n y mezcla de Movacolor. Ahorre en materias primas y mejore la calidad de su producto final.","og_url":"https:\/\/www.movacolor.com\/es\/proceso\/","og_site_name":"Movacolor","article_modified_time":"2024-02-09T18:40:52+00:00","og_image":[{"width":1920,"height":1280,"url":"https:\/\/www.movacolor.com\/wp-content\/uploads\/2023\/01\/mvc_process.jpg","type":"image\/jpeg"}],"twitter_card":"summary_large_image","twitter_misc":{"Tiempo de lectura":"1 minuto"},"schema":{"@context":"https:\/\/schema.org","@graph":[{"@type":"WebPage","@id":"https:\/\/www.movacolor.com\/es\/proceso\/","url":"https:\/\/www.movacolor.com\/es\/proceso\/","name":"Proceso - Movacolor","isPartOf":{"@id":"https:\/\/www.movacolor.com\/es\/#website"},"primaryImageOfPage":{"@id":"https:\/\/www.movacolor.com\/es\/proceso\/#primaryimage"},"image":{"@id":"https:\/\/www.movacolor.com\/es\/proceso\/#primaryimage"},"thumbnailUrl":"https:\/\/www.movacolor.com\/wp-content\/uploads\/2023\/01\/mvc_process.jpg","datePublished":"2023-01-03T10:28:03+00:00","dateModified":"2024-02-09T18:40:52+00:00","description":"Optimice su producci\u00f3n con soluciones modulares de dosificaci\u00f3n y mezcla de Movacolor. Ahorre en materias primas y mejore la calidad de su producto final.","breadcrumb":{"@id":"https:\/\/www.movacolor.com\/es\/proceso\/#breadcrumb"},"inLanguage":"es","potentialAction":[{"@type":"ReadAction","target":["https:\/\/www.movacolor.com\/es\/proceso\/"]}]},{"@type":"ImageObject","inLanguage":"es","@id":"https:\/\/www.movacolor.com\/es\/proceso\/#primaryimage","url":"https:\/\/www.movacolor.com\/wp-content\/uploads\/2023\/01\/mvc_process.jpg","contentUrl":"https:\/\/www.movacolor.com\/wp-content\/uploads\/2023\/01\/mvc_process.jpg","width":1920,"height":1280},{"@type":"BreadcrumbList","@id":"https:\/\/www.movacolor.com\/es\/proceso\/#breadcrumb","itemListElement":[{"@type":"ListItem","position":1,"name":"Home","item":"https:\/\/www.movacolor.com\/es\/"},{"@type":"ListItem","position":2,"name":"Proceso"}]},{"@type":"WebSite","@id":"https:\/\/www.movacolor.com\/es\/#website","url":"https:\/\/www.movacolor.com\/es\/","name":"Movacolor","description":"modular dosing solutions","potentialAction":[{"@type":"SearchAction","target":{"@type":"EntryPoint","urlTemplate":"https:\/\/www.movacolor.com\/es\/?s={search_term_string}"},"query-input":{"@type":"PropertyValueSpecification","valueRequired":true,"valueName":"search_term_string"}}],"inLanguage":"es"}]}},"_links":{"self":[{"href":"https:\/\/www.movacolor.com\/es\/wp-json\/wp\/v2\/pages\/7681","targetHints":{"allow":["GET"]}}],"collection":[{"href":"https:\/\/www.movacolor.com\/es\/wp-json\/wp\/v2\/pages"}],"about":[{"href":"https:\/\/www.movacolor.com\/es\/wp-json\/wp\/v2\/types\/page"}],"author":[{"embeddable":true,"href":"https:\/\/www.movacolor.com\/es\/wp-json\/wp\/v2\/users\/6"}],"replies":[{"embeddable":true,"href":"https:\/\/www.movacolor.com\/es\/wp-json\/wp\/v2\/comments?post=7681"}],"version-history":[{"count":5,"href":"https:\/\/www.movacolor.com\/es\/wp-json\/wp\/v2\/pages\/7681\/revisions"}],"predecessor-version":[{"id":13176,"href":"https:\/\/www.movacolor.com\/es\/wp-json\/wp\/v2\/pages\/7681\/revisions\/13176"}],"wp:featuredmedia":[{"embeddable":true,"href":"https:\/\/www.movacolor.com\/es\/wp-json\/wp\/v2\/media\/384"}],"wp:attachment":[{"href":"https:\/\/www.movacolor.com\/es\/wp-json\/wp\/v2\/media?parent=7681"}],"curies":[{"name":"wp","href":"https:\/\/api.w.org\/{rel}","templated":true}]}}