{"id":7680,"date":"2023-01-03T12:35:54","date_gmt":"2023-01-03T10:35:54","guid":{"rendered":"https:\/\/www.movacolor.com\/material\/regrind\/"},"modified":"2023-12-06T09:12:06","modified_gmt":"2023-12-06T07:12:06","slug":"regrind","status":"publish","type":"page","link":"https:\/\/www.movacolor.com\/es\/material\/regrind\/","title":{"rendered":"Regrind"},"content":{"rendered":"<p>En la industria del pl\u00e1stico, el ahorro va de la mano de un proceso de producci\u00f3n estable y sostenible. Movacolor pidi\u00f3 a sus ingenieros que desarrollaran una m\u00e1quina dosificadora que pudiera dosificar desechos y residuos directamente como triturado junto con el masterbatch o polvo de flujo libre y correlacionar el volumen de color directamente con el volumen de triturado. Los ingenieros respondieron con la <a href=\"https:\/\/www.movacolor.com\/es\/product-categories\/mcs\/mcs-regrind\/\">MCS Regrind<\/a>, <a href=\"https:\/\/www.movacolor.com\/es\/product-categories\/mds\/mds-40-ho-balance\/\">MDS HO Balance<\/a> y <a href=\"https:\/\/www.movacolor.com\/es\/product-categories\/mbs\/mbs-33-blender\/\">MBS 33 Blender R<\/a>.<\/p>\n<h2><strong>Equipos de dosificaci\u00f3n para la dosificaci\u00f3n simult\u00e1nea de masterbatch y remolido<\/strong><\/h2>\n<p>La unidad de dosificaci\u00f3n MCS Regrind se ha desarrollado especialmente para el procesamiento de remolido y consta de dos unidades gravim\u00e9tricas MDS Balance. Dependiendo de la cantidad de remolido, se a\u00f1ade Masterbatch en consecuencia. M\u00e1s remolido significa menos masterbatch y m\u00e1s masterbatch significa menos remolido. En la pr\u00e1ctica, este sistema especial de dosificaci\u00f3n muy precisa del material triturado permite un ahorro sustancial de masterbatch y un aprovechamiento razonable de los rechazos y residuos.<\/p>\n","protected":false},"excerpt":{"rendered":"<p>En la industria del pl\u00e1stico, el ahorro va de la mano de un proceso de producci\u00f3n estable y sostenible. Movacolor pidi\u00f3 a sus ingenieros que desarrollaran una m\u00e1quina dosificadora que pudiera dosificar desechos y residuos directamente como triturado junto con el masterbatch o polvo de flujo libre y correlacionar el volumen de color directamente con&#8230;<\/p>\n","protected":false},"author":2,"featured_media":4066,"parent":7674,"menu_order":0,"comment_status":"closed","ping_status":"closed","template":"","meta":{"_acf_changed":false,"footnotes":""},"class_list":["post-7680","page","type-page","status-publish","has-post-thumbnail","hentry","us_portfolio_tag-regrind-es"],"acf":[],"yoast_head":"<!-- This site is optimized with the Yoast SEO plugin v26.4 - https:\/\/yoast.com\/wordpress\/plugins\/seo\/ -->\n<title>Regrind - Movacolor<\/title>\n<meta name=\"description\" content=\"Descubra c\u00f3mo nuestras unidades gravim\u00e9tricas le permiten procesar el material triturado para ahorrar costes y reducir los residuos.\" \/>\n<meta name=\"robots\" content=\"index, follow, max-snippet:-1, max-image-preview:large, max-video-preview:-1\" \/>\n<link rel=\"canonical\" href=\"https:\/\/www.movacolor.com\/es\/material\/regrind\/\" \/>\n<meta property=\"og:locale\" content=\"es_ES\" \/>\n<meta property=\"og:type\" content=\"article\" \/>\n<meta property=\"og:title\" content=\"Regrind - Movacolor\" \/>\n<meta property=\"og:description\" content=\"Descubra c\u00f3mo nuestras unidades gravim\u00e9tricas le permiten procesar el material triturado para ahorrar costes y reducir los residuos.\" \/>\n<meta property=\"og:url\" content=\"https:\/\/www.movacolor.com\/es\/material\/regrind\/\" \/>\n<meta property=\"og:site_name\" content=\"Movacolor\" \/>\n<meta property=\"article:modified_time\" content=\"2023-12-06T07:12:06+00:00\" \/>\n<meta property=\"og:image\" content=\"https:\/\/www.movacolor.com\/wp-content\/uploads\/2023\/03\/Regrind.jpg\" \/>\n\t<meta property=\"og:image:width\" content=\"1920\" \/>\n\t<meta property=\"og:image:height\" content=\"1282\" \/>\n\t<meta property=\"og:image:type\" content=\"image\/jpeg\" \/>\n<meta name=\"twitter:card\" content=\"summary_large_image\" \/>\n<meta name=\"twitter:label1\" content=\"Tiempo de lectura\" \/>\n\t<meta name=\"twitter:data1\" content=\"1 minuto\" \/>\n<script type=\"application\/ld+json\" class=\"yoast-schema-graph\">{\"@context\":\"https:\/\/schema.org\",\"@graph\":[{\"@type\":\"WebPage\",\"@id\":\"https:\/\/www.movacolor.com\/es\/material\/regrind\/\",\"url\":\"https:\/\/www.movacolor.com\/es\/material\/regrind\/\",\"name\":\"Regrind - Movacolor\",\"isPartOf\":{\"@id\":\"https:\/\/www.movacolor.com\/es\/#website\"},\"primaryImageOfPage\":{\"@id\":\"https:\/\/www.movacolor.com\/es\/material\/regrind\/#primaryimage\"},\"image\":{\"@id\":\"https:\/\/www.movacolor.com\/es\/material\/regrind\/#primaryimage\"},\"thumbnailUrl\":\"https:\/\/www.movacolor.com\/wp-content\/uploads\/2023\/03\/Regrind.jpg\",\"datePublished\":\"2023-01-03T10:35:54+00:00\",\"dateModified\":\"2023-12-06T07:12:06+00:00\",\"description\":\"Descubra c\u00f3mo nuestras unidades gravim\u00e9tricas le permiten procesar el material triturado para ahorrar costes y reducir los residuos.\",\"breadcrumb\":{\"@id\":\"https:\/\/www.movacolor.com\/es\/material\/regrind\/#breadcrumb\"},\"inLanguage\":\"es\",\"potentialAction\":[{\"@type\":\"ReadAction\",\"target\":[\"https:\/\/www.movacolor.com\/es\/material\/regrind\/\"]}]},{\"@type\":\"ImageObject\",\"inLanguage\":\"es\",\"@id\":\"https:\/\/www.movacolor.com\/es\/material\/regrind\/#primaryimage\",\"url\":\"https:\/\/www.movacolor.com\/wp-content\/uploads\/2023\/03\/Regrind.jpg\",\"contentUrl\":\"https:\/\/www.movacolor.com\/wp-content\/uploads\/2023\/03\/Regrind.jpg\",\"width\":1920,\"height\":1282,\"caption\":\"Regrind\"},{\"@type\":\"BreadcrumbList\",\"@id\":\"https:\/\/www.movacolor.com\/es\/material\/regrind\/#breadcrumb\",\"itemListElement\":[{\"@type\":\"ListItem\",\"position\":1,\"name\":\"Home\",\"item\":\"https:\/\/www.movacolor.com\/es\/\"},{\"@type\":\"ListItem\",\"position\":2,\"name\":\"Material\",\"item\":\"https:\/\/www.movacolor.com\/es\/material\/\"},{\"@type\":\"ListItem\",\"position\":3,\"name\":\"Regrind\"}]},{\"@type\":\"WebSite\",\"@id\":\"https:\/\/www.movacolor.com\/es\/#website\",\"url\":\"https:\/\/www.movacolor.com\/es\/\",\"name\":\"Movacolor\",\"description\":\"modular dosing solutions\",\"potentialAction\":[{\"@type\":\"SearchAction\",\"target\":{\"@type\":\"EntryPoint\",\"urlTemplate\":\"https:\/\/www.movacolor.com\/es\/?s={search_term_string}\"},\"query-input\":{\"@type\":\"PropertyValueSpecification\",\"valueRequired\":true,\"valueName\":\"search_term_string\"}}],\"inLanguage\":\"es\"}]}<\/script>\n<!-- \/ Yoast SEO plugin. -->","yoast_head_json":{"title":"Regrind - Movacolor","description":"Descubra c\u00f3mo nuestras unidades gravim\u00e9tricas le permiten procesar el material triturado para ahorrar costes y reducir los residuos.","robots":{"index":"index","follow":"follow","max-snippet":"max-snippet:-1","max-image-preview":"max-image-preview:large","max-video-preview":"max-video-preview:-1"},"canonical":"https:\/\/www.movacolor.com\/es\/material\/regrind\/","og_locale":"es_ES","og_type":"article","og_title":"Regrind - Movacolor","og_description":"Descubra c\u00f3mo nuestras unidades gravim\u00e9tricas le permiten procesar el material triturado para ahorrar costes y reducir los residuos.","og_url":"https:\/\/www.movacolor.com\/es\/material\/regrind\/","og_site_name":"Movacolor","article_modified_time":"2023-12-06T07:12:06+00:00","og_image":[{"width":1920,"height":1282,"url":"https:\/\/www.movacolor.com\/wp-content\/uploads\/2023\/03\/Regrind.jpg","type":"image\/jpeg"}],"twitter_card":"summary_large_image","twitter_misc":{"Tiempo de lectura":"1 minuto"},"schema":{"@context":"https:\/\/schema.org","@graph":[{"@type":"WebPage","@id":"https:\/\/www.movacolor.com\/es\/material\/regrind\/","url":"https:\/\/www.movacolor.com\/es\/material\/regrind\/","name":"Regrind - Movacolor","isPartOf":{"@id":"https:\/\/www.movacolor.com\/es\/#website"},"primaryImageOfPage":{"@id":"https:\/\/www.movacolor.com\/es\/material\/regrind\/#primaryimage"},"image":{"@id":"https:\/\/www.movacolor.com\/es\/material\/regrind\/#primaryimage"},"thumbnailUrl":"https:\/\/www.movacolor.com\/wp-content\/uploads\/2023\/03\/Regrind.jpg","datePublished":"2023-01-03T10:35:54+00:00","dateModified":"2023-12-06T07:12:06+00:00","description":"Descubra c\u00f3mo nuestras unidades gravim\u00e9tricas le permiten procesar el material triturado para ahorrar costes y reducir los residuos.","breadcrumb":{"@id":"https:\/\/www.movacolor.com\/es\/material\/regrind\/#breadcrumb"},"inLanguage":"es","potentialAction":[{"@type":"ReadAction","target":["https:\/\/www.movacolor.com\/es\/material\/regrind\/"]}]},{"@type":"ImageObject","inLanguage":"es","@id":"https:\/\/www.movacolor.com\/es\/material\/regrind\/#primaryimage","url":"https:\/\/www.movacolor.com\/wp-content\/uploads\/2023\/03\/Regrind.jpg","contentUrl":"https:\/\/www.movacolor.com\/wp-content\/uploads\/2023\/03\/Regrind.jpg","width":1920,"height":1282,"caption":"Regrind"},{"@type":"BreadcrumbList","@id":"https:\/\/www.movacolor.com\/es\/material\/regrind\/#breadcrumb","itemListElement":[{"@type":"ListItem","position":1,"name":"Home","item":"https:\/\/www.movacolor.com\/es\/"},{"@type":"ListItem","position":2,"name":"Material","item":"https:\/\/www.movacolor.com\/es\/material\/"},{"@type":"ListItem","position":3,"name":"Regrind"}]},{"@type":"WebSite","@id":"https:\/\/www.movacolor.com\/es\/#website","url":"https:\/\/www.movacolor.com\/es\/","name":"Movacolor","description":"modular dosing solutions","potentialAction":[{"@type":"SearchAction","target":{"@type":"EntryPoint","urlTemplate":"https:\/\/www.movacolor.com\/es\/?s={search_term_string}"},"query-input":{"@type":"PropertyValueSpecification","valueRequired":true,"valueName":"search_term_string"}}],"inLanguage":"es"}]}},"_links":{"self":[{"href":"https:\/\/www.movacolor.com\/es\/wp-json\/wp\/v2\/pages\/7680","targetHints":{"allow":["GET"]}}],"collection":[{"href":"https:\/\/www.movacolor.com\/es\/wp-json\/wp\/v2\/pages"}],"about":[{"href":"https:\/\/www.movacolor.com\/es\/wp-json\/wp\/v2\/types\/page"}],"author":[{"embeddable":true,"href":"https:\/\/www.movacolor.com\/es\/wp-json\/wp\/v2\/users\/2"}],"replies":[{"embeddable":true,"href":"https:\/\/www.movacolor.com\/es\/wp-json\/wp\/v2\/comments?post=7680"}],"version-history":[{"count":1,"href":"https:\/\/www.movacolor.com\/es\/wp-json\/wp\/v2\/pages\/7680\/revisions"}],"predecessor-version":[{"id":10475,"href":"https:\/\/www.movacolor.com\/es\/wp-json\/wp\/v2\/pages\/7680\/revisions\/10475"}],"up":[{"embeddable":true,"href":"https:\/\/www.movacolor.com\/es\/wp-json\/wp\/v2\/pages\/7674"}],"wp:featuredmedia":[{"embeddable":true,"href":"https:\/\/www.movacolor.com\/es\/wp-json\/wp\/v2\/media\/4066"}],"wp:attachment":[{"href":"https:\/\/www.movacolor.com\/es\/wp-json\/wp\/v2\/media?parent=7680"}],"curies":[{"name":"wp","href":"https:\/\/api.w.org\/{rel}","templated":true}]}}