{"id":7679,"date":"2023-01-03T12:36:44","date_gmt":"2023-01-03T10:36:44","guid":{"rendered":"https:\/\/www.movacolor.com\/material\/polvo\/"},"modified":"2024-02-09T19:02:11","modified_gmt":"2024-02-09T17:02:11","slug":"polvo","status":"publish","type":"page","link":"https:\/\/www.movacolor.com\/es\/material\/polvo\/","title":{"rendered":"Polvo"},"content":{"rendered":"<p>La dosificaci\u00f3n de polvos en aplicaciones de moldeo por inyecci\u00f3n o extrusi\u00f3n es un negocio muy especializado. Hemos incorporado con \u00e9xito las experiencias de fabricantes de polvo y productores de pl\u00e1stico de todo el mundo en el proceso de desarrollo de productos de nuestros sistemas de dosificaci\u00f3n de polvo. Con los sistemas de dosificaci\u00f3n de polvo Movacolor, los productores de pl\u00e1stico pueden ahorrar hasta un cincuenta por ciento en costosos aditivos en polvo.<\/p>\n<h2><strong>Dosificaci\u00f3n de polvo con un dosificador gravim\u00e9trico o volum\u00e9trico<\/strong><\/h2>\n<p>Los polvos que no fluyen libremente y los polvos de alta resistencia pueden dosificarse sin problemas con un alimentador gravim\u00e9trico o volum\u00e9trico de Movacolor. La decisi\u00f3n de qu\u00e9 alimentador elegir depende de si decide hacer una peque\u00f1a inversi\u00f3n y elegir un alimentador volum\u00e9trico o ahorrar dinero a largo plazo y elegir un alimentador gravim\u00e9trico de alta precisi\u00f3n.<\/p>\n<p>El circuito cerrado y la tecnolog\u00eda de p\u00e9rdida de peso de un alimentador gravim\u00e9trico ofrecen la m\u00e1xima eficacia y ahorro en la dosificaci\u00f3n de polvo. Los alimentadores gravim\u00e9tricos y volum\u00e9tricos de Movacolor para la dosificaci\u00f3n de polvo est\u00e1n equipados con una espiral simple o doble y son accionados por un motor paso a paso. Esto, junto con la excitaci\u00f3n continua en la tolva pulida de alto grado del sistema de dosificaci\u00f3n de polvo, garantiza un flujo constante de polvo en la corriente principal de material.<\/p>\n<p>La mayor\u00eda de nuestros alimentadores volum\u00e9tricos requieren calibraci\u00f3n manual. Esto contrasta con nuestros alimentadores gravim\u00e9tricos, todos ellos equipados con una funci\u00f3n de calibraci\u00f3n autom\u00e1tica. El alimentador \/ dosificador volum\u00e9trico MDS 6 de Movacolor es una excepci\u00f3n respecto a los dem\u00e1s alimentadores volum\u00e9tricos y puede precalibrarse para dosificar en porcentajes.<\/p>\n","protected":false},"excerpt":{"rendered":"<p>La dosificaci\u00f3n de polvos en aplicaciones de moldeo por inyecci\u00f3n o extrusi\u00f3n es un negocio muy especializado. Hemos incorporado con \u00e9xito las experiencias de fabricantes de polvo y productores de pl\u00e1stico de todo el mundo en el proceso de desarrollo de productos de nuestros sistemas de dosificaci\u00f3n de polvo. Con los sistemas de dosificaci\u00f3n de&#8230;<\/p>\n","protected":false},"author":2,"featured_media":4058,"parent":7674,"menu_order":0,"comment_status":"closed","ping_status":"closed","template":"","meta":{"_acf_changed":false,"footnotes":""},"class_list":["post-7679","page","type-page","status-publish","has-post-thumbnail","hentry","us_portfolio_tag-polvo"],"acf":[],"yoast_head":"<!-- This site is optimized with the Yoast SEO plugin v26.4 - https:\/\/yoast.com\/wordpress\/plugins\/seo\/ -->\n<title>Dosificaci\u00f3n de polvo con dosificador gravim\u00e9trico o volum\u00e9trico<\/title>\n<meta name=\"description\" content=\"Ahorre aditivos de polvo con los sistemas de dosificaci\u00f3n de polvo Movacolor. Gravim\u00e9tricos o volum\u00e9tricos, modular y eficiente.\" \/>\n<meta name=\"robots\" content=\"index, follow, max-snippet:-1, max-image-preview:large, max-video-preview:-1\" \/>\n<link rel=\"canonical\" href=\"https:\/\/www.movacolor.com\/es\/material\/polvo\/\" \/>\n<meta property=\"og:locale\" content=\"es_ES\" \/>\n<meta property=\"og:type\" content=\"article\" \/>\n<meta property=\"og:title\" content=\"Dosificaci\u00f3n de polvo con dosificador gravim\u00e9trico o volum\u00e9trico\" \/>\n<meta property=\"og:description\" content=\"Ahorre aditivos de polvo con los sistemas de dosificaci\u00f3n de polvo Movacolor. Gravim\u00e9tricos o volum\u00e9tricos, modular y eficiente.\" \/>\n<meta property=\"og:url\" content=\"https:\/\/www.movacolor.com\/es\/material\/polvo\/\" \/>\n<meta property=\"og:site_name\" content=\"Movacolor\" \/>\n<meta property=\"article:modified_time\" content=\"2024-02-09T17:02:11+00:00\" \/>\n<meta property=\"og:image\" content=\"https:\/\/www.movacolor.com\/wp-content\/uploads\/2023\/03\/Powder.jpg\" \/>\n\t<meta property=\"og:image:width\" content=\"1920\" \/>\n\t<meta property=\"og:image:height\" content=\"1280\" \/>\n\t<meta property=\"og:image:type\" content=\"image\/jpeg\" \/>\n<meta name=\"twitter:card\" content=\"summary_large_image\" \/>\n<meta name=\"twitter:label1\" content=\"Tiempo de lectura\" \/>\n\t<meta name=\"twitter:data1\" content=\"2 minutos\" \/>\n<script type=\"application\/ld+json\" class=\"yoast-schema-graph\">{\"@context\":\"https:\/\/schema.org\",\"@graph\":[{\"@type\":\"WebPage\",\"@id\":\"https:\/\/www.movacolor.com\/es\/material\/polvo\/\",\"url\":\"https:\/\/www.movacolor.com\/es\/material\/polvo\/\",\"name\":\"Dosificaci\u00f3n de polvo con dosificador gravim\u00e9trico o volum\u00e9trico\",\"isPartOf\":{\"@id\":\"https:\/\/www.movacolor.com\/es\/#website\"},\"primaryImageOfPage\":{\"@id\":\"https:\/\/www.movacolor.com\/es\/material\/polvo\/#primaryimage\"},\"image\":{\"@id\":\"https:\/\/www.movacolor.com\/es\/material\/polvo\/#primaryimage\"},\"thumbnailUrl\":\"https:\/\/www.movacolor.com\/wp-content\/uploads\/2023\/03\/Powder.jpg\",\"datePublished\":\"2023-01-03T10:36:44+00:00\",\"dateModified\":\"2024-02-09T17:02:11+00:00\",\"description\":\"Ahorre aditivos de polvo con los sistemas de dosificaci\u00f3n de polvo Movacolor. Gravim\u00e9tricos o volum\u00e9tricos, modular y eficiente.\",\"breadcrumb\":{\"@id\":\"https:\/\/www.movacolor.com\/es\/material\/polvo\/#breadcrumb\"},\"inLanguage\":\"es\",\"potentialAction\":[{\"@type\":\"ReadAction\",\"target\":[\"https:\/\/www.movacolor.com\/es\/material\/polvo\/\"]}]},{\"@type\":\"ImageObject\",\"inLanguage\":\"es\",\"@id\":\"https:\/\/www.movacolor.com\/es\/material\/polvo\/#primaryimage\",\"url\":\"https:\/\/www.movacolor.com\/wp-content\/uploads\/2023\/03\/Powder.jpg\",\"contentUrl\":\"https:\/\/www.movacolor.com\/wp-content\/uploads\/2023\/03\/Powder.jpg\",\"width\":1920,\"height\":1280,\"caption\":\"Powder\"},{\"@type\":\"BreadcrumbList\",\"@id\":\"https:\/\/www.movacolor.com\/es\/material\/polvo\/#breadcrumb\",\"itemListElement\":[{\"@type\":\"ListItem\",\"position\":1,\"name\":\"Home\",\"item\":\"https:\/\/www.movacolor.com\/es\/\"},{\"@type\":\"ListItem\",\"position\":2,\"name\":\"Material\",\"item\":\"https:\/\/www.movacolor.com\/es\/material\/\"},{\"@type\":\"ListItem\",\"position\":3,\"name\":\"Polvo\"}]},{\"@type\":\"WebSite\",\"@id\":\"https:\/\/www.movacolor.com\/es\/#website\",\"url\":\"https:\/\/www.movacolor.com\/es\/\",\"name\":\"Movacolor\",\"description\":\"modular dosing solutions\",\"potentialAction\":[{\"@type\":\"SearchAction\",\"target\":{\"@type\":\"EntryPoint\",\"urlTemplate\":\"https:\/\/www.movacolor.com\/es\/?s={search_term_string}\"},\"query-input\":{\"@type\":\"PropertyValueSpecification\",\"valueRequired\":true,\"valueName\":\"search_term_string\"}}],\"inLanguage\":\"es\"}]}<\/script>\n<!-- \/ Yoast SEO plugin. -->","yoast_head_json":{"title":"Dosificaci\u00f3n de polvo con dosificador gravim\u00e9trico o volum\u00e9trico","description":"Ahorre aditivos de polvo con los sistemas de dosificaci\u00f3n de polvo Movacolor. Gravim\u00e9tricos o volum\u00e9tricos, modular y eficiente.","robots":{"index":"index","follow":"follow","max-snippet":"max-snippet:-1","max-image-preview":"max-image-preview:large","max-video-preview":"max-video-preview:-1"},"canonical":"https:\/\/www.movacolor.com\/es\/material\/polvo\/","og_locale":"es_ES","og_type":"article","og_title":"Dosificaci\u00f3n de polvo con dosificador gravim\u00e9trico o volum\u00e9trico","og_description":"Ahorre aditivos de polvo con los sistemas de dosificaci\u00f3n de polvo Movacolor. Gravim\u00e9tricos o volum\u00e9tricos, modular y eficiente.","og_url":"https:\/\/www.movacolor.com\/es\/material\/polvo\/","og_site_name":"Movacolor","article_modified_time":"2024-02-09T17:02:11+00:00","og_image":[{"width":1920,"height":1280,"url":"https:\/\/www.movacolor.com\/wp-content\/uploads\/2023\/03\/Powder.jpg","type":"image\/jpeg"}],"twitter_card":"summary_large_image","twitter_misc":{"Tiempo de lectura":"2 minutos"},"schema":{"@context":"https:\/\/schema.org","@graph":[{"@type":"WebPage","@id":"https:\/\/www.movacolor.com\/es\/material\/polvo\/","url":"https:\/\/www.movacolor.com\/es\/material\/polvo\/","name":"Dosificaci\u00f3n de polvo con dosificador gravim\u00e9trico o volum\u00e9trico","isPartOf":{"@id":"https:\/\/www.movacolor.com\/es\/#website"},"primaryImageOfPage":{"@id":"https:\/\/www.movacolor.com\/es\/material\/polvo\/#primaryimage"},"image":{"@id":"https:\/\/www.movacolor.com\/es\/material\/polvo\/#primaryimage"},"thumbnailUrl":"https:\/\/www.movacolor.com\/wp-content\/uploads\/2023\/03\/Powder.jpg","datePublished":"2023-01-03T10:36:44+00:00","dateModified":"2024-02-09T17:02:11+00:00","description":"Ahorre aditivos de polvo con los sistemas de dosificaci\u00f3n de polvo Movacolor. Gravim\u00e9tricos o volum\u00e9tricos, modular y eficiente.","breadcrumb":{"@id":"https:\/\/www.movacolor.com\/es\/material\/polvo\/#breadcrumb"},"inLanguage":"es","potentialAction":[{"@type":"ReadAction","target":["https:\/\/www.movacolor.com\/es\/material\/polvo\/"]}]},{"@type":"ImageObject","inLanguage":"es","@id":"https:\/\/www.movacolor.com\/es\/material\/polvo\/#primaryimage","url":"https:\/\/www.movacolor.com\/wp-content\/uploads\/2023\/03\/Powder.jpg","contentUrl":"https:\/\/www.movacolor.com\/wp-content\/uploads\/2023\/03\/Powder.jpg","width":1920,"height":1280,"caption":"Powder"},{"@type":"BreadcrumbList","@id":"https:\/\/www.movacolor.com\/es\/material\/polvo\/#breadcrumb","itemListElement":[{"@type":"ListItem","position":1,"name":"Home","item":"https:\/\/www.movacolor.com\/es\/"},{"@type":"ListItem","position":2,"name":"Material","item":"https:\/\/www.movacolor.com\/es\/material\/"},{"@type":"ListItem","position":3,"name":"Polvo"}]},{"@type":"WebSite","@id":"https:\/\/www.movacolor.com\/es\/#website","url":"https:\/\/www.movacolor.com\/es\/","name":"Movacolor","description":"modular dosing solutions","potentialAction":[{"@type":"SearchAction","target":{"@type":"EntryPoint","urlTemplate":"https:\/\/www.movacolor.com\/es\/?s={search_term_string}"},"query-input":{"@type":"PropertyValueSpecification","valueRequired":true,"valueName":"search_term_string"}}],"inLanguage":"es"}]}},"_links":{"self":[{"href":"https:\/\/www.movacolor.com\/es\/wp-json\/wp\/v2\/pages\/7679","targetHints":{"allow":["GET"]}}],"collection":[{"href":"https:\/\/www.movacolor.com\/es\/wp-json\/wp\/v2\/pages"}],"about":[{"href":"https:\/\/www.movacolor.com\/es\/wp-json\/wp\/v2\/types\/page"}],"author":[{"embeddable":true,"href":"https:\/\/www.movacolor.com\/es\/wp-json\/wp\/v2\/users\/2"}],"replies":[{"embeddable":true,"href":"https:\/\/www.movacolor.com\/es\/wp-json\/wp\/v2\/comments?post=7679"}],"version-history":[{"count":1,"href":"https:\/\/www.movacolor.com\/es\/wp-json\/wp\/v2\/pages\/7679\/revisions"}],"predecessor-version":[{"id":17108,"href":"https:\/\/www.movacolor.com\/es\/wp-json\/wp\/v2\/pages\/7679\/revisions\/17108"}],"up":[{"embeddable":true,"href":"https:\/\/www.movacolor.com\/es\/wp-json\/wp\/v2\/pages\/7674"}],"wp:featuredmedia":[{"embeddable":true,"href":"https:\/\/www.movacolor.com\/es\/wp-json\/wp\/v2\/media\/4058"}],"wp:attachment":[{"href":"https:\/\/www.movacolor.com\/es\/wp-json\/wp\/v2\/media?parent=7679"}],"curies":[{"name":"wp","href":"https:\/\/api.w.org\/{rel}","templated":true}]}}