{"id":7678,"date":"2023-01-03T12:37:09","date_gmt":"2023-01-03T10:37:09","guid":{"rendered":"https:\/\/www.movacolor.com\/material\/masterbatch\/"},"modified":"2024-02-09T18:40:18","modified_gmt":"2024-02-09T16:40:18","slug":"masterbatch","status":"publish","type":"page","link":"https:\/\/www.movacolor.com\/es\/material\/masterbatch\/","title":{"rendered":"Masterbatch"},"content":{"rendered":"<p>Productores de productos pl\u00e1sticos de todo el mundo participan en el desarrollo de los sistemas de dosificaci\u00f3n de masterbatch de alta precisi\u00f3n de Movacolor. Sus experiencias con colorantes y el deseo de procesos de producci\u00f3n estables, alta eficiencia y ahorro forman el punto de partida de las innovaciones de Movacolor en tecnolog\u00eda de dosificaci\u00f3n.<\/p>\n<h2>Sistemas de dosificaci\u00f3n masterbatch con control preciso<\/h2>\n<p>El sistema gravim\u00e9trico de dosificaci\u00f3n de masterbatch en l\u00ednea <a href=\"https:\/\/www.movacolor.com\/product-categories\/modular-dosing-solutions\/mds-6-balance\/\">MDS Balance<\/a> garantiza una medici\u00f3n \u00f3ptima en el proceso de dosificaci\u00f3n en aplicaciones de extrusi\u00f3n y moldeo por inyecci\u00f3n. La <a href=\"https:\/\/www.movacolor.com\/product-categories\/modular-dosing-solutions\/mds-6-balance\/\">MDS Balance<\/a> puede ampliarse a un sistema de dosificaci\u00f3n multicomponente para dosificar hasta seis aditivos simult\u00e1neamente.<\/p>\n<p>Para procesos de alto rendimiento, el departamento de ingenier\u00eda de Movacolor ha desarrollado la <a href=\"https:\/\/www.movacolor.com\/es\/product-categories\/mds\/mds-40-ho-balance\/\">MDS HO Balance<\/a>. Este sistema espec\u00edfico de dosificaci\u00f3n de masterbatch tiene una capacidad de entre 50 kg\/h y 1.000 kg\/h. Por supuesto, con el alto nivel de precisi\u00f3n a la hora de dosificar masterbatch garantizado.<\/p>\n<p>La capacidad m\u00e1s peque\u00f1a de masterbatch que se puede dosificar con los alimentadores en l\u00ednea de Movacolor no es inferior a 0,1 kg\/h. El sistema de dosificaci\u00f3n que puede dosificar una cantidad tan peque\u00f1a es el <a href=\"https:\/\/www.movacolor.com\/es\/product-categories\/mds\/mds-200-nexus\/\">MDS Nexus<\/a>.<\/p>\n","protected":false},"excerpt":{"rendered":"<p>Productores de productos pl\u00e1sticos de todo el mundo participan en el desarrollo de los sistemas de dosificaci\u00f3n de masterbatch de alta precisi\u00f3n de Movacolor. Sus experiencias con colorantes y el deseo de procesos de producci\u00f3n estables, alta eficiencia y ahorro forman el punto de partida de las innovaciones de Movacolor en tecnolog\u00eda de dosificaci\u00f3n. Sistemas&#8230;<\/p>\n","protected":false},"author":2,"featured_media":0,"parent":7674,"menu_order":0,"comment_status":"closed","ping_status":"closed","template":"","meta":{"_acf_changed":false,"footnotes":""},"class_list":["post-7678","page","type-page","status-publish","hentry","us_portfolio_tag-masterbatch-es"],"acf":[],"yoast_head":"<!-- This site is optimized with the Yoast SEO plugin v26.4 - https:\/\/yoast.com\/wordpress\/plugins\/seo\/ -->\n<title>Masterbatch - Movacolor<\/title>\n<meta name=\"description\" content=\"Descubra sistemas precisos de dosificaci\u00f3n de masterbatch de Movacolor. Gravim\u00e9tricos, eficientes, con asesoramiento gratuito.\" \/>\n<meta name=\"robots\" content=\"index, follow, max-snippet:-1, max-image-preview:large, max-video-preview:-1\" \/>\n<link rel=\"canonical\" href=\"https:\/\/www.movacolor.com\/es\/material\/masterbatch\/\" \/>\n<meta property=\"og:locale\" content=\"es_ES\" \/>\n<meta property=\"og:type\" content=\"article\" \/>\n<meta property=\"og:title\" content=\"Masterbatch - Movacolor\" \/>\n<meta property=\"og:description\" content=\"Descubra sistemas precisos de dosificaci\u00f3n de masterbatch de Movacolor. Gravim\u00e9tricos, eficientes, con asesoramiento gratuito.\" \/>\n<meta property=\"og:url\" content=\"https:\/\/www.movacolor.com\/es\/material\/masterbatch\/\" \/>\n<meta property=\"og:site_name\" content=\"Movacolor\" \/>\n<meta property=\"article:modified_time\" content=\"2024-02-09T16:40:18+00:00\" \/>\n<meta name=\"twitter:card\" content=\"summary_large_image\" \/>\n<meta name=\"twitter:label1\" content=\"Tiempo de lectura\" \/>\n\t<meta name=\"twitter:data1\" content=\"1 minuto\" \/>\n<script type=\"application\/ld+json\" class=\"yoast-schema-graph\">{\"@context\":\"https:\/\/schema.org\",\"@graph\":[{\"@type\":\"WebPage\",\"@id\":\"https:\/\/www.movacolor.com\/es\/material\/masterbatch\/\",\"url\":\"https:\/\/www.movacolor.com\/es\/material\/masterbatch\/\",\"name\":\"Masterbatch - Movacolor\",\"isPartOf\":{\"@id\":\"https:\/\/www.movacolor.com\/es\/#website\"},\"datePublished\":\"2023-01-03T10:37:09+00:00\",\"dateModified\":\"2024-02-09T16:40:18+00:00\",\"description\":\"Descubra sistemas precisos de dosificaci\u00f3n de masterbatch de Movacolor. Gravim\u00e9tricos, eficientes, con asesoramiento gratuito.\",\"breadcrumb\":{\"@id\":\"https:\/\/www.movacolor.com\/es\/material\/masterbatch\/#breadcrumb\"},\"inLanguage\":\"es\",\"potentialAction\":[{\"@type\":\"ReadAction\",\"target\":[\"https:\/\/www.movacolor.com\/es\/material\/masterbatch\/\"]}]},{\"@type\":\"BreadcrumbList\",\"@id\":\"https:\/\/www.movacolor.com\/es\/material\/masterbatch\/#breadcrumb\",\"itemListElement\":[{\"@type\":\"ListItem\",\"position\":1,\"name\":\"Home\",\"item\":\"https:\/\/www.movacolor.com\/es\/\"},{\"@type\":\"ListItem\",\"position\":2,\"name\":\"Material\",\"item\":\"https:\/\/www.movacolor.com\/es\/material\/\"},{\"@type\":\"ListItem\",\"position\":3,\"name\":\"Masterbatch\"}]},{\"@type\":\"WebSite\",\"@id\":\"https:\/\/www.movacolor.com\/es\/#website\",\"url\":\"https:\/\/www.movacolor.com\/es\/\",\"name\":\"Movacolor\",\"description\":\"modular dosing solutions\",\"potentialAction\":[{\"@type\":\"SearchAction\",\"target\":{\"@type\":\"EntryPoint\",\"urlTemplate\":\"https:\/\/www.movacolor.com\/es\/?s={search_term_string}\"},\"query-input\":{\"@type\":\"PropertyValueSpecification\",\"valueRequired\":true,\"valueName\":\"search_term_string\"}}],\"inLanguage\":\"es\"}]}<\/script>\n<!-- \/ Yoast SEO plugin. -->","yoast_head_json":{"title":"Masterbatch - Movacolor","description":"Descubra sistemas precisos de dosificaci\u00f3n de masterbatch de Movacolor. Gravim\u00e9tricos, eficientes, con asesoramiento gratuito.","robots":{"index":"index","follow":"follow","max-snippet":"max-snippet:-1","max-image-preview":"max-image-preview:large","max-video-preview":"max-video-preview:-1"},"canonical":"https:\/\/www.movacolor.com\/es\/material\/masterbatch\/","og_locale":"es_ES","og_type":"article","og_title":"Masterbatch - Movacolor","og_description":"Descubra sistemas precisos de dosificaci\u00f3n de masterbatch de Movacolor. Gravim\u00e9tricos, eficientes, con asesoramiento gratuito.","og_url":"https:\/\/www.movacolor.com\/es\/material\/masterbatch\/","og_site_name":"Movacolor","article_modified_time":"2024-02-09T16:40:18+00:00","twitter_card":"summary_large_image","twitter_misc":{"Tiempo de lectura":"1 minuto"},"schema":{"@context":"https:\/\/schema.org","@graph":[{"@type":"WebPage","@id":"https:\/\/www.movacolor.com\/es\/material\/masterbatch\/","url":"https:\/\/www.movacolor.com\/es\/material\/masterbatch\/","name":"Masterbatch - Movacolor","isPartOf":{"@id":"https:\/\/www.movacolor.com\/es\/#website"},"datePublished":"2023-01-03T10:37:09+00:00","dateModified":"2024-02-09T16:40:18+00:00","description":"Descubra sistemas precisos de dosificaci\u00f3n de masterbatch de Movacolor. Gravim\u00e9tricos, eficientes, con asesoramiento gratuito.","breadcrumb":{"@id":"https:\/\/www.movacolor.com\/es\/material\/masterbatch\/#breadcrumb"},"inLanguage":"es","potentialAction":[{"@type":"ReadAction","target":["https:\/\/www.movacolor.com\/es\/material\/masterbatch\/"]}]},{"@type":"BreadcrumbList","@id":"https:\/\/www.movacolor.com\/es\/material\/masterbatch\/#breadcrumb","itemListElement":[{"@type":"ListItem","position":1,"name":"Home","item":"https:\/\/www.movacolor.com\/es\/"},{"@type":"ListItem","position":2,"name":"Material","item":"https:\/\/www.movacolor.com\/es\/material\/"},{"@type":"ListItem","position":3,"name":"Masterbatch"}]},{"@type":"WebSite","@id":"https:\/\/www.movacolor.com\/es\/#website","url":"https:\/\/www.movacolor.com\/es\/","name":"Movacolor","description":"modular dosing solutions","potentialAction":[{"@type":"SearchAction","target":{"@type":"EntryPoint","urlTemplate":"https:\/\/www.movacolor.com\/es\/?s={search_term_string}"},"query-input":{"@type":"PropertyValueSpecification","valueRequired":true,"valueName":"search_term_string"}}],"inLanguage":"es"}]}},"_links":{"self":[{"href":"https:\/\/www.movacolor.com\/es\/wp-json\/wp\/v2\/pages\/7678","targetHints":{"allow":["GET"]}}],"collection":[{"href":"https:\/\/www.movacolor.com\/es\/wp-json\/wp\/v2\/pages"}],"about":[{"href":"https:\/\/www.movacolor.com\/es\/wp-json\/wp\/v2\/types\/page"}],"author":[{"embeddable":true,"href":"https:\/\/www.movacolor.com\/es\/wp-json\/wp\/v2\/users\/2"}],"replies":[{"embeddable":true,"href":"https:\/\/www.movacolor.com\/es\/wp-json\/wp\/v2\/comments?post=7678"}],"version-history":[{"count":1,"href":"https:\/\/www.movacolor.com\/es\/wp-json\/wp\/v2\/pages\/7678\/revisions"}],"predecessor-version":[{"id":17096,"href":"https:\/\/www.movacolor.com\/es\/wp-json\/wp\/v2\/pages\/7678\/revisions\/17096"}],"up":[{"embeddable":true,"href":"https:\/\/www.movacolor.com\/es\/wp-json\/wp\/v2\/pages\/7674"}],"wp:attachment":[{"href":"https:\/\/www.movacolor.com\/es\/wp-json\/wp\/v2\/media?parent=7678"}],"curies":[{"name":"wp","href":"https:\/\/api.w.org\/{rel}","templated":true}]}}