{"id":7677,"date":"2023-01-03T12:37:26","date_gmt":"2023-01-03T10:37:26","guid":{"rendered":"https:\/\/www.movacolor.com\/material\/liquido\/"},"modified":"2023-12-06T09:23:57","modified_gmt":"2023-12-06T07:23:57","slug":"liquido","status":"publish","type":"page","link":"https:\/\/www.movacolor.com\/es\/material\/liquido\/","title":{"rendered":"L\u00edquido"},"content":{"rendered":"<p>Movacolor hace posible la dosificaci\u00f3n de l\u00edquidos con el sistema de dosificaci\u00f3n de l\u00edquidos <a href=\"https:\/\/www.movacolor.com\/es\/product-categories\/mds\/mds-balance-liquid\/\">MDS Balance liquid<\/a>. El <a href=\"https:\/\/www.movacolor.com\/es\/product-categories\/mds\/mds-balance-liquid\/\">MDS Balance liquid<\/a> es sin\u00f3nimo de dosificaci\u00f3n precisa de colorantes l\u00edquidos en aplicaciones de moldeo por inyecci\u00f3n o extrusi\u00f3n. Este sistema de dosificaci\u00f3n gravim\u00e9trica demuestra que una forma eficiente de colorear con colorantes l\u00edquidos tiene un efecto positivo en un proceso de producci\u00f3n estable y de alta calidad. El resultado: un gran ahorro en colorantes l\u00edquidos y un producto final superior.<\/p>\n<h2><strong>Sistema de dosificaci\u00f3n de l\u00edquidos con calibraci\u00f3n autom\u00e1tica<\/strong><\/h2>\n<p>Una de las razones por las que los productores de pl\u00e1stico eligen el sistema de dosificaci\u00f3n de l\u00edquidos <a href=\"https:\/\/www.movacolor.com\/es\/product-categories\/mds\/mds-balance-liquid\/\">MDS Balance liquid<\/a> es la funci\u00f3n de calibraci\u00f3n autom\u00e1tica. La medici\u00f3n continua de la p\u00e9rdida de peso compensa autom\u00e1ticamente las variaciones de viscosidad o los cambios en el proceso.<\/p>\n<p>El sistema de dosificaci\u00f3n de l\u00edquidos ofrece el m\u00e1ximo control de calidad. Es f\u00e1cil de conectar con nuestro software inteligente para el registro continuo de datos, la supervisi\u00f3n y la gesti\u00f3n de materiales.<\/p>\n","protected":false},"excerpt":{"rendered":"<p>Movacolor hace posible la dosificaci\u00f3n de l\u00edquidos con el sistema de dosificaci\u00f3n de l\u00edquidos MDS Balance liquid. El MDS Balance liquid es sin\u00f3nimo de dosificaci\u00f3n precisa de colorantes l\u00edquidos en aplicaciones de moldeo por inyecci\u00f3n o extrusi\u00f3n. Este sistema de dosificaci\u00f3n gravim\u00e9trica demuestra que una forma eficiente de colorear con colorantes l\u00edquidos tiene un efecto&#8230;<\/p>\n","protected":false},"author":2,"featured_media":4050,"parent":7674,"menu_order":0,"comment_status":"closed","ping_status":"closed","template":"","meta":{"_acf_changed":false,"footnotes":""},"class_list":["post-7677","page","type-page","status-publish","has-post-thumbnail","hentry","us_portfolio_tag-liquido"],"acf":[],"yoast_head":"<!-- This site is optimized with the Yoast SEO plugin v26.4 - https:\/\/yoast.com\/wordpress\/plugins\/seo\/ -->\n<title>L\u00edquido - Movacolor<\/title>\n<meta name=\"description\" content=\"Movacolor hace posible la dosificaci\u00f3n de l\u00edquidos con el sistema de dosificaci\u00f3n de l\u00edquidos MDS Balance liquid. M\u00e1s informaci\u00f3n sobre las posibilidades.\" \/>\n<meta name=\"robots\" content=\"index, follow, max-snippet:-1, max-image-preview:large, max-video-preview:-1\" \/>\n<link rel=\"canonical\" href=\"https:\/\/www.movacolor.com\/es\/material\/liquido\/\" \/>\n<meta property=\"og:locale\" content=\"es_ES\" \/>\n<meta property=\"og:type\" content=\"article\" \/>\n<meta property=\"og:title\" content=\"L\u00edquido - Movacolor\" \/>\n<meta property=\"og:description\" content=\"Movacolor hace posible la dosificaci\u00f3n de l\u00edquidos con el sistema de dosificaci\u00f3n de l\u00edquidos MDS Balance liquid. M\u00e1s informaci\u00f3n sobre las posibilidades.\" \/>\n<meta property=\"og:url\" content=\"https:\/\/www.movacolor.com\/es\/material\/liquido\/\" \/>\n<meta property=\"og:site_name\" content=\"Movacolor\" \/>\n<meta property=\"article:modified_time\" content=\"2023-12-06T07:23:57+00:00\" \/>\n<meta property=\"og:image\" content=\"https:\/\/www.movacolor.com\/wp-content\/uploads\/2023\/03\/Liquid.jpg\" \/>\n\t<meta property=\"og:image:width\" content=\"1920\" \/>\n\t<meta property=\"og:image:height\" content=\"1860\" \/>\n\t<meta property=\"og:image:type\" content=\"image\/jpeg\" \/>\n<meta name=\"twitter:card\" content=\"summary_large_image\" \/>\n<meta name=\"twitter:label1\" content=\"Tiempo de lectura\" \/>\n\t<meta name=\"twitter:data1\" content=\"1 minuto\" \/>\n<script type=\"application\/ld+json\" class=\"yoast-schema-graph\">{\"@context\":\"https:\/\/schema.org\",\"@graph\":[{\"@type\":\"WebPage\",\"@id\":\"https:\/\/www.movacolor.com\/es\/material\/liquido\/\",\"url\":\"https:\/\/www.movacolor.com\/es\/material\/liquido\/\",\"name\":\"L\u00edquido - Movacolor\",\"isPartOf\":{\"@id\":\"https:\/\/www.movacolor.com\/es\/#website\"},\"primaryImageOfPage\":{\"@id\":\"https:\/\/www.movacolor.com\/es\/material\/liquido\/#primaryimage\"},\"image\":{\"@id\":\"https:\/\/www.movacolor.com\/es\/material\/liquido\/#primaryimage\"},\"thumbnailUrl\":\"https:\/\/www.movacolor.com\/wp-content\/uploads\/2023\/03\/Liquid.jpg\",\"datePublished\":\"2023-01-03T10:37:26+00:00\",\"dateModified\":\"2023-12-06T07:23:57+00:00\",\"description\":\"Movacolor hace posible la dosificaci\u00f3n de l\u00edquidos con el sistema de dosificaci\u00f3n de l\u00edquidos MDS Balance liquid. M\u00e1s informaci\u00f3n sobre las posibilidades.\",\"breadcrumb\":{\"@id\":\"https:\/\/www.movacolor.com\/es\/material\/liquido\/#breadcrumb\"},\"inLanguage\":\"es\",\"potentialAction\":[{\"@type\":\"ReadAction\",\"target\":[\"https:\/\/www.movacolor.com\/es\/material\/liquido\/\"]}]},{\"@type\":\"ImageObject\",\"inLanguage\":\"es\",\"@id\":\"https:\/\/www.movacolor.com\/es\/material\/liquido\/#primaryimage\",\"url\":\"https:\/\/www.movacolor.com\/wp-content\/uploads\/2023\/03\/Liquid.jpg\",\"contentUrl\":\"https:\/\/www.movacolor.com\/wp-content\/uploads\/2023\/03\/Liquid.jpg\",\"width\":1920,\"height\":1860,\"caption\":\"Liquid colorant\"},{\"@type\":\"BreadcrumbList\",\"@id\":\"https:\/\/www.movacolor.com\/es\/material\/liquido\/#breadcrumb\",\"itemListElement\":[{\"@type\":\"ListItem\",\"position\":1,\"name\":\"Home\",\"item\":\"https:\/\/www.movacolor.com\/es\/\"},{\"@type\":\"ListItem\",\"position\":2,\"name\":\"Material\",\"item\":\"https:\/\/www.movacolor.com\/es\/material\/\"},{\"@type\":\"ListItem\",\"position\":3,\"name\":\"L\u00edquido\"}]},{\"@type\":\"WebSite\",\"@id\":\"https:\/\/www.movacolor.com\/es\/#website\",\"url\":\"https:\/\/www.movacolor.com\/es\/\",\"name\":\"Movacolor\",\"description\":\"modular dosing solutions\",\"potentialAction\":[{\"@type\":\"SearchAction\",\"target\":{\"@type\":\"EntryPoint\",\"urlTemplate\":\"https:\/\/www.movacolor.com\/es\/?s={search_term_string}\"},\"query-input\":{\"@type\":\"PropertyValueSpecification\",\"valueRequired\":true,\"valueName\":\"search_term_string\"}}],\"inLanguage\":\"es\"}]}<\/script>\n<!-- \/ Yoast SEO plugin. -->","yoast_head_json":{"title":"L\u00edquido - Movacolor","description":"Movacolor hace posible la dosificaci\u00f3n de l\u00edquidos con el sistema de dosificaci\u00f3n de l\u00edquidos MDS Balance liquid. M\u00e1s informaci\u00f3n sobre las posibilidades.","robots":{"index":"index","follow":"follow","max-snippet":"max-snippet:-1","max-image-preview":"max-image-preview:large","max-video-preview":"max-video-preview:-1"},"canonical":"https:\/\/www.movacolor.com\/es\/material\/liquido\/","og_locale":"es_ES","og_type":"article","og_title":"L\u00edquido - Movacolor","og_description":"Movacolor hace posible la dosificaci\u00f3n de l\u00edquidos con el sistema de dosificaci\u00f3n de l\u00edquidos MDS Balance liquid. M\u00e1s informaci\u00f3n sobre las posibilidades.","og_url":"https:\/\/www.movacolor.com\/es\/material\/liquido\/","og_site_name":"Movacolor","article_modified_time":"2023-12-06T07:23:57+00:00","og_image":[{"width":1920,"height":1860,"url":"https:\/\/www.movacolor.com\/wp-content\/uploads\/2023\/03\/Liquid.jpg","type":"image\/jpeg"}],"twitter_card":"summary_large_image","twitter_misc":{"Tiempo de lectura":"1 minuto"},"schema":{"@context":"https:\/\/schema.org","@graph":[{"@type":"WebPage","@id":"https:\/\/www.movacolor.com\/es\/material\/liquido\/","url":"https:\/\/www.movacolor.com\/es\/material\/liquido\/","name":"L\u00edquido - Movacolor","isPartOf":{"@id":"https:\/\/www.movacolor.com\/es\/#website"},"primaryImageOfPage":{"@id":"https:\/\/www.movacolor.com\/es\/material\/liquido\/#primaryimage"},"image":{"@id":"https:\/\/www.movacolor.com\/es\/material\/liquido\/#primaryimage"},"thumbnailUrl":"https:\/\/www.movacolor.com\/wp-content\/uploads\/2023\/03\/Liquid.jpg","datePublished":"2023-01-03T10:37:26+00:00","dateModified":"2023-12-06T07:23:57+00:00","description":"Movacolor hace posible la dosificaci\u00f3n de l\u00edquidos con el sistema de dosificaci\u00f3n de l\u00edquidos MDS Balance liquid. M\u00e1s informaci\u00f3n sobre las posibilidades.","breadcrumb":{"@id":"https:\/\/www.movacolor.com\/es\/material\/liquido\/#breadcrumb"},"inLanguage":"es","potentialAction":[{"@type":"ReadAction","target":["https:\/\/www.movacolor.com\/es\/material\/liquido\/"]}]},{"@type":"ImageObject","inLanguage":"es","@id":"https:\/\/www.movacolor.com\/es\/material\/liquido\/#primaryimage","url":"https:\/\/www.movacolor.com\/wp-content\/uploads\/2023\/03\/Liquid.jpg","contentUrl":"https:\/\/www.movacolor.com\/wp-content\/uploads\/2023\/03\/Liquid.jpg","width":1920,"height":1860,"caption":"Liquid colorant"},{"@type":"BreadcrumbList","@id":"https:\/\/www.movacolor.com\/es\/material\/liquido\/#breadcrumb","itemListElement":[{"@type":"ListItem","position":1,"name":"Home","item":"https:\/\/www.movacolor.com\/es\/"},{"@type":"ListItem","position":2,"name":"Material","item":"https:\/\/www.movacolor.com\/es\/material\/"},{"@type":"ListItem","position":3,"name":"L\u00edquido"}]},{"@type":"WebSite","@id":"https:\/\/www.movacolor.com\/es\/#website","url":"https:\/\/www.movacolor.com\/es\/","name":"Movacolor","description":"modular dosing solutions","potentialAction":[{"@type":"SearchAction","target":{"@type":"EntryPoint","urlTemplate":"https:\/\/www.movacolor.com\/es\/?s={search_term_string}"},"query-input":{"@type":"PropertyValueSpecification","valueRequired":true,"valueName":"search_term_string"}}],"inLanguage":"es"}]}},"_links":{"self":[{"href":"https:\/\/www.movacolor.com\/es\/wp-json\/wp\/v2\/pages\/7677","targetHints":{"allow":["GET"]}}],"collection":[{"href":"https:\/\/www.movacolor.com\/es\/wp-json\/wp\/v2\/pages"}],"about":[{"href":"https:\/\/www.movacolor.com\/es\/wp-json\/wp\/v2\/types\/page"}],"author":[{"embeddable":true,"href":"https:\/\/www.movacolor.com\/es\/wp-json\/wp\/v2\/users\/2"}],"replies":[{"embeddable":true,"href":"https:\/\/www.movacolor.com\/es\/wp-json\/wp\/v2\/comments?post=7677"}],"version-history":[{"count":1,"href":"https:\/\/www.movacolor.com\/es\/wp-json\/wp\/v2\/pages\/7677\/revisions"}],"predecessor-version":[{"id":10479,"href":"https:\/\/www.movacolor.com\/es\/wp-json\/wp\/v2\/pages\/7677\/revisions\/10479"}],"up":[{"embeddable":true,"href":"https:\/\/www.movacolor.com\/es\/wp-json\/wp\/v2\/pages\/7674"}],"wp:featuredmedia":[{"embeddable":true,"href":"https:\/\/www.movacolor.com\/es\/wp-json\/wp\/v2\/media\/4050"}],"wp:attachment":[{"href":"https:\/\/www.movacolor.com\/es\/wp-json\/wp\/v2\/media?parent=7677"}],"curies":[{"name":"wp","href":"https:\/\/api.w.org\/{rel}","templated":true}]}}