{"id":7674,"date":"2023-01-03T12:28:18","date_gmt":"2023-01-03T10:28:18","guid":{"rendered":"https:\/\/www.movacolor.com\/material\/"},"modified":"2024-02-09T18:49:10","modified_gmt":"2024-02-09T16:49:10","slug":"material","status":"publish","type":"page","link":"https:\/\/www.movacolor.com\/es\/material\/","title":{"rendered":"Material"},"content":{"rendered":"<section class=\"l-section wpb_row us_custom_645e9f38 us_animate_this height_auto\"><div class=\"l-section-h i-cf\"><div class=\"g-cols vc_row via_flex valign_top type_boxes stacking_default\"><div class=\"vc_col-sm-12 wpb_column vc_column_container\"><div class=\"vc_column-inner us_custom_3d831995\"><div class=\"wpb_wrapper\"><div class=\"wpb_text_column\"><div class=\"wpb_wrapper\"><h1>Materiales<\/h1>\n<p>La innovadora gama de productos de alta calidad de Movacolor consta de m\u00e1quinas dosificadoras gravim\u00e9tricas, optom\u00e9tricas y volum\u00e9tricas que pueden dosificar f\u00e1cilmente todo tipo de materiales como triturado, masterbatch, l\u00edquidos y polvos. Todos estos materiales tienen sus retos a la hora de manipularlos durante el proceso de dosificaci\u00f3n. Movacolor es especialista en la dosificaci\u00f3n de cada uno de estos materiales.<\/p>\n<\/div><\/div><\/div><\/div><\/div><\/div><\/div><\/section><section class=\"l-section wpb_row us_custom_b0c8f7d6 height_auto\"><div class=\"l-section-h i-cf\"><div class=\"g-cols vc_row via_flex valign_top type_default stacking_default\"><div class=\"vc_col-sm-12 wpb_column vc_column_container\"><div class=\"vc_column-inner us_custom_f44b38f2\"><div class=\"wpb_wrapper\"><div class=\"w-post-elm post_image us_custom_6eef1e9e us_animate_this stretched\"><img loading=\"lazy\" decoding=\"async\" width=\"1500\" height=\"800\" src=\"https:\/\/www.movacolor.com\/wp-content\/uploads\/2023\/01\/mvc_materials-1500x800.jpg\" class=\"attachment-us_1500_800_crop size-us_1500_800_crop wp-post-image\" alt=\"\" \/><\/div><\/div><\/div><\/div><\/div><\/div><\/section><section class=\"l-section wpb_row us_custom_2231b372 height_auto\"><div class=\"l-section-h i-cf\"><div class=\"g-cols vc_row via_flex valign_top type_boxes stacking_default\"><div class=\"vc_col-sm-12 wpb_column vc_column_container\"><div class=\"vc_column-inner\"><div class=\"wpb_wrapper\"><div class=\"w-separator size_custom\" style=\"height:7vmin\" id=\"ue37\"><style>@media(max-width:1499px){ #ue37{height:0rem!important}}@media(max-width:1024px){ #ue37{height:0rem!important}}<\/style><\/div><div class=\"wpb_text_column us_custom_60e9caca us_animate_this\"><div class=\"wpb_wrapper\"><h2><strong>Dosificaci\u00f3n de materiales remolidos con sistemas de dosificaci\u00f3n gravim\u00e9trica<\/strong><\/h2>\n<p>En la industria del pl\u00e1stico, el ahorro de costes y la sostenibilidad ocupan un lugar prioritario. Por eso es cada vez m\u00e1s importante devolver los desechos y residuos al proceso de producci\u00f3n. Los sistemas de dosificaci\u00f3n de Movacolor pueden dosificar f\u00e1cilmente materiales como triturado junto con masterbatch o polvo suelto.<\/p>\n<p>Hemos desarrollado varios sistemas de dosificaci\u00f3n innovadores que pueden manipular f\u00e1cilmente el triturado, como el alimentador gravim\u00e9trico MCS Regrind y el mezclador gravim\u00e9trico MBS 34 Blender. Tambi\u00e9n los materiales dif\u00edciles de manipular, como las escamas de PET, pueden dosificarse en el flujo de material principal con el alimentador gravim\u00e9trico MDS HO Balance, hasta un 75%. M\u00e1s informaci\u00f3n sobre nuestros <a href=\"https:\/\/www.movacolor.com\/es\/regrind-2\/\">alimentadores de triturado<\/a> y dosificaci\u00f3n de materiales triturados.<\/p>\n<h2><strong>Dosificaci\u00f3n de masterbatch con sistemas de dosificaci\u00f3n gravim\u00e9tricos, volum\u00e9tricos y optom\u00e9tricos<\/strong><\/h2>\n<p>Los dosificadores gravim\u00e9tricos, volum\u00e9tricos y optom\u00e9tricos de Movacolor son los m\u00e1s precisos del mundo para dosificar materiales como gr\u00e1nulos de pl\u00e1stico, tambi\u00e9n conocidos como masterbatch. Para el desarrollo de nuestros innovadores sistemas de dosificaci\u00f3n utilizamos las experiencias de nuestros clientes con respecto al uso de colorantes en su proceso de producci\u00f3n y su deseo de un proceso de producci\u00f3n estable, eficiencia y alto ahorro. M\u00e1s informaci\u00f3n sobre la dosificaci\u00f3n de materiales <a href=\"https:\/\/www.movacolor.com\/materials\/master-batch\/\">masterbatch<\/a>.<\/p>\n<h2><strong>Dosificaci\u00f3n de materiales l\u00edquidos con sistemas de dosificaci\u00f3n de l\u00edquidos<\/strong><\/h2>\n<p>La dosificaci\u00f3n precisa de material l\u00edquido es siempre un gran reto. La dosificaci\u00f3n de materiales l\u00edquidos como colorantes es m\u00e1s com\u00fan en el moldeo por inyecci\u00f3n y extrusi\u00f3n. El innovador sistema de dosificaci\u00f3n gravim\u00e9trica de alta calidad para material l\u00edquido demuestra que el uso eficiente de colorantes l\u00edquidos asegura un proceso de producci\u00f3n estable. El resultado es un gran ahorro en costosos colorantes l\u00edquidos y un producto final de alta calidad. Para dosificar materiales como colorantes l\u00edquidos, Movacolor ha desarrollado la innovadora MDS Balance Liquid. Lea m\u00e1s sobre la dosificaci\u00f3n de materiales l\u00edquidos <a href=\"https:\/\/www.movacolor.com\/es\/liquid-2\/\">aqu\u00ed<\/a>.<\/p>\n<h2><strong>Dosificaci\u00f3n de materiales en polvo con sistemas de dosificaci\u00f3n de polvo<\/strong><\/h2>\n<p>La dosificaci\u00f3n de materiales en polvo es un trabajo muy especializado. Con las experiencias que los fabricantes de polvo y productores de pl\u00e1stico de todo el mundo comparten con nosotros, Movacolor ha desarrollado un sistema de dosificaci\u00f3n gravim\u00e9trico de alta calidad que puede dosificar con precisi\u00f3n polvos que no fluyen libremente, as\u00ed como polvos de alta resistencia. Gracias a nuestros sistemas de dosificaci\u00f3n de polvo puede ahorrar hasta un 50% en sus costosos aditivos en polvo. Para poder manejar f\u00e1cilmente los aditivos en polvo en su proceso de producci\u00f3n, Movacolor ha desarrollado especialmente la gama MDS Balance Powder. Lea m\u00e1s sobre estos <a href=\"https:\/\/www.movacolor.com\/es\/powder-2\/\">alimentadores de polvo<\/a> y dosificaci\u00f3n de materiales en polvo.<\/p>\n<\/div><\/div><div class=\"w-separator size_custom\" style=\"height:5vmin\" id=\"l1bc\"><style>@media(max-width:768px){ #l1bc{height:1.5rem!important}}@media(max-width:1024px){ #l1bc{height:0rem!important}}<\/style><\/div><\/div><\/div><\/div><\/div><\/div><\/section><section class=\"l-section wpb_row height_medium\"><div class=\"l-section-h i-cf\"><div class=\"g-cols vc_row via_flex valign_top type_boxes stacking_default\"><div class=\"vc_col-sm-12 wpb_column vc_column_container\"><div class=\"vc_column-inner us_custom_5548ed63\"><div class=\"wpb_wrapper\"><div class=\"wpb_text_column us_custom_60e9caca us_animate_this\"><div class=\"wpb_wrapper\"><h2>Materiales<\/h2>\n<\/div><\/div><div class=\"w-grid us_grid us_custom_e177aafb us_animate_this type_grid layout_1428 cols_3 preload_style_spinner\" id=\"us_grid_1\" style=\"--columns:3;--gap:0.5rem;\"><style>@media (max-width:1024px){#us_grid_1{--columns:2!important}}@media (max-width:768px){#us_grid_1{--columns:1!important}}.layout_1428 .w-grid-item-h{background:var(--color-content-bg-alt);box-shadow:0 0.08rem 0.15rem rgba(0,0,0,0.1),0 0.25rem 0.75rem rgba(0,0,0,0.1);transition-duration:0.3s}.no-touch .layout_1428 .w-grid-item-h:hover{box-shadow:0 0.03rem 0.06rem rgba(0,0,0,0.1),0 0.1rem 0.3rem rgba(0,0,0,0.15);z-index:4}.layout_1428 .usg_vwrapper_1{height:25vh!important;padding:1.5rem!important}.layout_1428 .usg_btn_1{position:absolute!important;left:1.5rem!important;bottom:1.5rem!important}.layout_1428 .usg_post_custom_field_1{width:3rem!important}@media (min-width:1025px) and (max-width:1280px){.layout_1428 .usg_vwrapper_1{height:15rem!important}}@media (min-width:769px) and (max-width:1024px){.layout_1428 .usg_vwrapper_1{height:15rem!important}}@media (max-width:768px){.layout_1428 .usg_vwrapper_1{height:15rem!important}}<\/style><div class=\"w-grid-list\">\t<article class=\"w-grid-item size_1x1 post-7678 page type-page status-publish hentry us_portfolio_tag-masterbatch-es\" data-id=\"7678\">\r\n\t\t<div class=\"w-grid-item-h\">\r\n\t\t\t\t\t\t<div class=\"w-vwrapper usg_vwrapper_1 align_left valign_top\"><div class=\"w-post-elm post_custom_field usg_post_custom_field_1 type_image page_icon color_link_inherit\"><img loading=\"lazy\" decoding=\"async\" width=\"1024\" height=\"1024\" src=\"https:\/\/www.movacolor.com\/wp-content\/uploads\/2023\/01\/material-masterbatch.svg\" class=\"attachment-large size-large\" alt=\"master batch\" \/><\/div><h5 class=\"w-post-elm post_title usg_post_title_1 entry-title color_link_inherit\"><a href=\"https:\/\/www.movacolor.com\/es\/material\/masterbatch\/\">Masterbatch<\/a><\/h5><a class=\"w-btn us-btn-style_5 usg_btn_1\" href=\"https:\/\/www.movacolor.com\/es\/material\/masterbatch\/\"><span class=\"w-btn-label\">Seguir leyendo<\/span><\/a><\/div>\t\t<\/div>\r\n\t\t\t<\/article>\r\n\t<article class=\"w-grid-item size_1x1 post-7680 page type-page status-publish has-post-thumbnail hentry us_portfolio_tag-regrind-es\" data-id=\"7680\">\r\n\t\t<div class=\"w-grid-item-h\">\r\n\t\t\t\t\t\t<div class=\"w-vwrapper usg_vwrapper_1 align_left valign_top\"><div class=\"w-post-elm post_custom_field usg_post_custom_field_1 type_image page_icon color_link_inherit\"><img loading=\"lazy\" decoding=\"async\" width=\"1024\" height=\"1024\" src=\"https:\/\/www.movacolor.com\/wp-content\/uploads\/2023\/01\/material-regrind.svg\" class=\"attachment-large size-large\" alt=\"regrind\" \/><\/div><h5 class=\"w-post-elm post_title usg_post_title_1 entry-title color_link_inherit\"><a href=\"https:\/\/www.movacolor.com\/es\/material\/regrind\/\">Regrind<\/a><\/h5><a class=\"w-btn us-btn-style_5 usg_btn_1\" href=\"https:\/\/www.movacolor.com\/es\/material\/regrind\/\"><span class=\"w-btn-label\">Seguir leyendo<\/span><\/a><\/div>\t\t<\/div>\r\n\t\t\t<\/article>\r\n\t<article class=\"w-grid-item size_1x1 post-7677 page type-page status-publish has-post-thumbnail hentry us_portfolio_tag-liquido\" data-id=\"7677\">\r\n\t\t<div class=\"w-grid-item-h\">\r\n\t\t\t\t\t\t<div class=\"w-vwrapper usg_vwrapper_1 align_left valign_top\"><div class=\"w-post-elm post_custom_field usg_post_custom_field_1 type_image page_icon color_link_inherit\"><img loading=\"lazy\" decoding=\"async\" width=\"1024\" height=\"1024\" src=\"https:\/\/www.movacolor.com\/wp-content\/uploads\/2023\/01\/material-liquid.svg\" class=\"attachment-large size-large\" alt=\"liquid\" \/><\/div><h5 class=\"w-post-elm post_title usg_post_title_1 entry-title color_link_inherit\"><a href=\"https:\/\/www.movacolor.com\/es\/material\/liquido\/\">L\u00edquido<\/a><\/h5><a class=\"w-btn us-btn-style_5 usg_btn_1\" href=\"https:\/\/www.movacolor.com\/es\/material\/liquido\/\"><span class=\"w-btn-label\">Seguir leyendo<\/span><\/a><\/div>\t\t<\/div>\r\n\t\t\t<\/article>\r\n\t<article class=\"w-grid-item size_1x1 post-7679 page type-page status-publish has-post-thumbnail hentry us_portfolio_tag-polvo\" data-id=\"7679\">\r\n\t\t<div class=\"w-grid-item-h\">\r\n\t\t\t\t\t\t<div class=\"w-vwrapper usg_vwrapper_1 align_left valign_top\"><div class=\"w-post-elm post_custom_field usg_post_custom_field_1 type_image page_icon color_link_inherit\"><img loading=\"lazy\" decoding=\"async\" width=\"1024\" height=\"1024\" src=\"https:\/\/www.movacolor.com\/wp-content\/uploads\/2023\/01\/material-powder.svg\" class=\"attachment-large size-large\" alt=\"powder\" \/><\/div><h5 class=\"w-post-elm post_title usg_post_title_1 entry-title color_link_inherit\"><a href=\"https:\/\/www.movacolor.com\/es\/material\/polvo\/\">Polvo<\/a><\/h5><a class=\"w-btn us-btn-style_5 usg_btn_1\" href=\"https:\/\/www.movacolor.com\/es\/material\/polvo\/\"><span class=\"w-btn-label\">Seguir leyendo<\/span><\/a><\/div>\t\t<\/div>\r\n\t\t\t<\/article>\r\n<\/div>\t<div class=\"w-grid-preloader\">\r\n\t\t<div class=\"g-preloader type_1\">\r\n\t\t\t<div><\/div>\r\n\t\t<\/div>\r\n\t<\/div>\r\n\t\t<div class=\"w-grid-json hidden\" onclick='return {&quot;action&quot;:&quot;us_ajax_grid&quot;,&quot;infinite_scroll&quot;:0,&quot;max_num_pages&quot;:1,&quot;pagination&quot;:&quot;none&quot;,&quot;template_vars&quot;:{&quot;columns&quot;:&quot;3&quot;,&quot;exclude_items&quot;:&quot;none&quot;,&quot;img_size&quot;:&quot;default&quot;,&quot;ignore_items_size&quot;:0,&quot;items_layout&quot;:&quot;1428&quot;,&quot;items_offset&quot;:&quot;1&quot;,&quot;load_animation&quot;:&quot;none&quot;,&quot;overriding_link&quot;:&quot;{\\&quot;url\\&quot;:\\&quot;\\&quot;}&quot;,&quot;post_id&quot;:0,&quot;query_args&quot;:{&quot;ignore_sticky_posts&quot;:1,&quot;post_type&quot;:&quot;any&quot;,&quot;post__in&quot;:[&quot;128&quot;,&quot;122&quot;,&quot;130&quot;,&quot;126&quot;],&quot;posts_per_page&quot;:&quot;999&quot;},&quot;orderby_query_args&quot;:{&quot;orderby&quot;:{&quot;post__in&quot;:&quot;ASC&quot;},&quot;order&quot;:&quot;ASC&quot;},&quot;type&quot;:&quot;grid&quot;,&quot;us_grid_post_type&quot;:&quot;ids&quot;,&quot;us_grid_ajax_index&quot;:1,&quot;us_grid_filter_query_string&quot;:null,&quot;us_grid_index&quot;:1,&quot;page_args&quot;:[],&quot;lang&quot;:&quot;es&quot;}}'><\/div>\r\n\t<\/div><\/div><\/div><\/div><\/div><\/div><\/section><section class=\"l-section wpb_row us_custom_c70c97eb height_medium\"><div class=\"l-section-h i-cf\"><div class=\"g-cols vc_row via_flex valign_top type_boxes stacking_default\"><div class=\"vc_col-sm-12 wpb_column vc_column_container\"><div class=\"vc_column-inner us_custom_5548ed63\"><div class=\"wpb_wrapper\"><section class=\"l-section wpb_row height_auto width_full\"><div class=\"l-section-h i-cf\"><div class=\"g-cols vc_row via_flex valign_top type_default stacking_default\"><div class=\"vc_col-sm-12 wpb_column vc_column_container\"><div class=\"vc_column-inner us_custom_5548ed63\"><div class=\"wpb_wrapper\"><div class=\"wpb_text_column us_custom_60e9caca us_animate_this\"><div class=\"wpb_wrapper\"><h2>\u00bfQuiere saber m\u00e1s? Cont\u00e1ctenos.<\/h2>\n<\/div><\/div><div class=\"g-cols wpb_row us_custom_e177aafb shadow-banner us_animate_this via_flex valign_top type_boxes stacking_default\" style=\"--additional-gap:0.5rem;\"><div class=\"vc_col-sm-6 wpb_column vc_column_container  has_bg_color\"><div class=\"vc_column-inner us_custom_d96e306f us_animate_this\"><div class=\"wpb_wrapper\"><div class=\"wpb_text_column\"><div class=\"wpb_wrapper\"><h4>Contacto<\/h4>\n<p>\u00bfSu pregunta no aparece aqu\u00ed? Si\u00e9ntete libre de contactarnos.<\/p>\n<\/div><\/div><div class=\"w-separator size_custom\" style=\"height:5rem\"><\/div><div class=\"w-btn-wrapper align_none\"><a class=\"w-btn us-btn-style_5 us_custom_f1b98e29 icon_atleft\" title=\"Contacto\" href=\"\/service\/contact\/\"><i class=\"far fa-phone\"><\/i><span class=\"w-btn-label\">Contactar<\/span><\/a><\/div><\/div><\/div><\/div><div class=\"vc_col-sm-6 wpb_column vc_column_container  has_bg_color\"><div class=\"vc_column-inner us_custom_82d545e0 us_animate_this\"><div class=\"wpb_wrapper\"><div class=\"wpb_text_column\"><div class=\"wpb_wrapper\"><h4>Encontrar un distribuidor<\/h4>\n<p>Puedes chatear con nosotros a trav\u00e9s del chatbot. Estamos disponibles para usted de lunes a viernes de 7 a. m. a 4:30 p. m.<\/p>\n<\/div><\/div><div class=\"w-separator size_custom\" style=\"height:5rem\"><\/div><div class=\"w-btn-wrapper align_none\"><a class=\"w-btn us-btn-style_5 us_custom_f1b98e29\" href=\"https:\/\/wa.me\/+31615311281?text=I have a question about:\"><span class=\"w-btn-label\">Iniciar conversaci\u00f3n<\/span><\/a><\/div><\/div><\/div><\/div><\/div><\/div><\/div><\/div><\/div><\/div><\/section>\n<\/div><\/div><\/div><\/div><\/div><\/section>\n","protected":false},"excerpt":{"rendered":"La dosificaci\u00f3n de polvos en aplicaciones de moldeo por inyecci\u00f3n o extrusi\u00f3n es un negocio muy especializado. Hemos incorporado con \u00e9xito las experiencias de fabricantes de polvo y productores de pl\u00e1stico de todo el mundo en el proceso de desarrollo de productos de nuestros sistemas de dosificaci\u00f3n de polvo. Con los sistemas de dosificaci\u00f3n de...","protected":false},"author":2,"featured_media":378,"parent":0,"menu_order":0,"comment_status":"closed","ping_status":"closed","template":"","meta":{"_acf_changed":false,"footnotes":""},"class_list":["post-7674","page","type-page","status-publish","has-post-thumbnail","hentry"],"acf":[],"yoast_head":"<!-- This site is optimized with the Yoast SEO plugin v26.4 - https:\/\/yoast.com\/wordpress\/plugins\/seo\/ -->\n<title>Material - Movacolor<\/title>\n<meta name=\"description\" content=\"Descubra las soluciones de dosificaci\u00f3n Movacolor para triturado, masterbatch, l\u00edquidos y polvos. Precisi\u00f3n en su proceso de producci\u00f3n.\" \/>\n<meta name=\"robots\" content=\"index, follow, max-snippet:-1, max-image-preview:large, max-video-preview:-1\" \/>\n<link rel=\"canonical\" href=\"https:\/\/www.movacolor.com\/es\/material\/\" \/>\n<meta property=\"og:locale\" content=\"es_ES\" \/>\n<meta property=\"og:type\" content=\"article\" \/>\n<meta property=\"og:title\" content=\"Material - Movacolor\" \/>\n<meta property=\"og:description\" content=\"Descubra las soluciones de dosificaci\u00f3n Movacolor para triturado, masterbatch, l\u00edquidos y polvos. Precisi\u00f3n en su proceso de producci\u00f3n.\" \/>\n<meta property=\"og:url\" content=\"https:\/\/www.movacolor.com\/es\/material\/\" \/>\n<meta property=\"og:site_name\" content=\"Movacolor\" \/>\n<meta property=\"article:modified_time\" content=\"2024-02-09T16:49:10+00:00\" \/>\n<meta property=\"og:image\" content=\"https:\/\/www.movacolor.com\/wp-content\/uploads\/2023\/01\/mvc_materials.jpg\" \/>\n\t<meta property=\"og:image:width\" content=\"1920\" \/>\n\t<meta property=\"og:image:height\" content=\"1280\" \/>\n\t<meta property=\"og:image:type\" content=\"image\/jpeg\" \/>\n<meta name=\"twitter:card\" content=\"summary_large_image\" \/>\n<meta name=\"twitter:label1\" content=\"Tiempo de lectura\" \/>\n\t<meta name=\"twitter:data1\" content=\"3 minutos\" \/>\n<script type=\"application\/ld+json\" class=\"yoast-schema-graph\">{\"@context\":\"https:\/\/schema.org\",\"@graph\":[{\"@type\":\"WebPage\",\"@id\":\"https:\/\/www.movacolor.com\/es\/material\/\",\"url\":\"https:\/\/www.movacolor.com\/es\/material\/\",\"name\":\"Material - Movacolor\",\"isPartOf\":{\"@id\":\"https:\/\/www.movacolor.com\/es\/#website\"},\"primaryImageOfPage\":{\"@id\":\"https:\/\/www.movacolor.com\/es\/material\/#primaryimage\"},\"image\":{\"@id\":\"https:\/\/www.movacolor.com\/es\/material\/#primaryimage\"},\"thumbnailUrl\":\"https:\/\/www.movacolor.com\/wp-content\/uploads\/2023\/01\/mvc_materials.jpg\",\"datePublished\":\"2023-01-03T10:28:18+00:00\",\"dateModified\":\"2024-02-09T16:49:10+00:00\",\"description\":\"Descubra las soluciones de dosificaci\u00f3n Movacolor para triturado, masterbatch, l\u00edquidos y polvos. Precisi\u00f3n en su proceso de producci\u00f3n.\",\"breadcrumb\":{\"@id\":\"https:\/\/www.movacolor.com\/es\/material\/#breadcrumb\"},\"inLanguage\":\"es\",\"potentialAction\":[{\"@type\":\"ReadAction\",\"target\":[\"https:\/\/www.movacolor.com\/es\/material\/\"]}]},{\"@type\":\"ImageObject\",\"inLanguage\":\"es\",\"@id\":\"https:\/\/www.movacolor.com\/es\/material\/#primaryimage\",\"url\":\"https:\/\/www.movacolor.com\/wp-content\/uploads\/2023\/01\/mvc_materials.jpg\",\"contentUrl\":\"https:\/\/www.movacolor.com\/wp-content\/uploads\/2023\/01\/mvc_materials.jpg\",\"width\":1920,\"height\":1280},{\"@type\":\"BreadcrumbList\",\"@id\":\"https:\/\/www.movacolor.com\/es\/material\/#breadcrumb\",\"itemListElement\":[{\"@type\":\"ListItem\",\"position\":1,\"name\":\"Home\",\"item\":\"https:\/\/www.movacolor.com\/es\/\"},{\"@type\":\"ListItem\",\"position\":2,\"name\":\"Material\"}]},{\"@type\":\"WebSite\",\"@id\":\"https:\/\/www.movacolor.com\/es\/#website\",\"url\":\"https:\/\/www.movacolor.com\/es\/\",\"name\":\"Movacolor\",\"description\":\"modular dosing solutions\",\"potentialAction\":[{\"@type\":\"SearchAction\",\"target\":{\"@type\":\"EntryPoint\",\"urlTemplate\":\"https:\/\/www.movacolor.com\/es\/?s={search_term_string}\"},\"query-input\":{\"@type\":\"PropertyValueSpecification\",\"valueRequired\":true,\"valueName\":\"search_term_string\"}}],\"inLanguage\":\"es\"}]}<\/script>\n<!-- \/ Yoast SEO plugin. -->","yoast_head_json":{"title":"Material - Movacolor","description":"Descubra las soluciones de dosificaci\u00f3n Movacolor para triturado, masterbatch, l\u00edquidos y polvos. Precisi\u00f3n en su proceso de producci\u00f3n.","robots":{"index":"index","follow":"follow","max-snippet":"max-snippet:-1","max-image-preview":"max-image-preview:large","max-video-preview":"max-video-preview:-1"},"canonical":"https:\/\/www.movacolor.com\/es\/material\/","og_locale":"es_ES","og_type":"article","og_title":"Material - Movacolor","og_description":"Descubra las soluciones de dosificaci\u00f3n Movacolor para triturado, masterbatch, l\u00edquidos y polvos. Precisi\u00f3n en su proceso de producci\u00f3n.","og_url":"https:\/\/www.movacolor.com\/es\/material\/","og_site_name":"Movacolor","article_modified_time":"2024-02-09T16:49:10+00:00","og_image":[{"width":1920,"height":1280,"url":"https:\/\/www.movacolor.com\/wp-content\/uploads\/2023\/01\/mvc_materials.jpg","type":"image\/jpeg"}],"twitter_card":"summary_large_image","twitter_misc":{"Tiempo de lectura":"3 minutos"},"schema":{"@context":"https:\/\/schema.org","@graph":[{"@type":"WebPage","@id":"https:\/\/www.movacolor.com\/es\/material\/","url":"https:\/\/www.movacolor.com\/es\/material\/","name":"Material - Movacolor","isPartOf":{"@id":"https:\/\/www.movacolor.com\/es\/#website"},"primaryImageOfPage":{"@id":"https:\/\/www.movacolor.com\/es\/material\/#primaryimage"},"image":{"@id":"https:\/\/www.movacolor.com\/es\/material\/#primaryimage"},"thumbnailUrl":"https:\/\/www.movacolor.com\/wp-content\/uploads\/2023\/01\/mvc_materials.jpg","datePublished":"2023-01-03T10:28:18+00:00","dateModified":"2024-02-09T16:49:10+00:00","description":"Descubra las soluciones de dosificaci\u00f3n Movacolor para triturado, masterbatch, l\u00edquidos y polvos. Precisi\u00f3n en su proceso de producci\u00f3n.","breadcrumb":{"@id":"https:\/\/www.movacolor.com\/es\/material\/#breadcrumb"},"inLanguage":"es","potentialAction":[{"@type":"ReadAction","target":["https:\/\/www.movacolor.com\/es\/material\/"]}]},{"@type":"ImageObject","inLanguage":"es","@id":"https:\/\/www.movacolor.com\/es\/material\/#primaryimage","url":"https:\/\/www.movacolor.com\/wp-content\/uploads\/2023\/01\/mvc_materials.jpg","contentUrl":"https:\/\/www.movacolor.com\/wp-content\/uploads\/2023\/01\/mvc_materials.jpg","width":1920,"height":1280},{"@type":"BreadcrumbList","@id":"https:\/\/www.movacolor.com\/es\/material\/#breadcrumb","itemListElement":[{"@type":"ListItem","position":1,"name":"Home","item":"https:\/\/www.movacolor.com\/es\/"},{"@type":"ListItem","position":2,"name":"Material"}]},{"@type":"WebSite","@id":"https:\/\/www.movacolor.com\/es\/#website","url":"https:\/\/www.movacolor.com\/es\/","name":"Movacolor","description":"modular dosing solutions","potentialAction":[{"@type":"SearchAction","target":{"@type":"EntryPoint","urlTemplate":"https:\/\/www.movacolor.com\/es\/?s={search_term_string}"},"query-input":{"@type":"PropertyValueSpecification","valueRequired":true,"valueName":"search_term_string"}}],"inLanguage":"es"}]}},"_links":{"self":[{"href":"https:\/\/www.movacolor.com\/es\/wp-json\/wp\/v2\/pages\/7674","targetHints":{"allow":["GET"]}}],"collection":[{"href":"https:\/\/www.movacolor.com\/es\/wp-json\/wp\/v2\/pages"}],"about":[{"href":"https:\/\/www.movacolor.com\/es\/wp-json\/wp\/v2\/types\/page"}],"author":[{"embeddable":true,"href":"https:\/\/www.movacolor.com\/es\/wp-json\/wp\/v2\/users\/2"}],"replies":[{"embeddable":true,"href":"https:\/\/www.movacolor.com\/es\/wp-json\/wp\/v2\/comments?post=7674"}],"version-history":[{"count":2,"href":"https:\/\/www.movacolor.com\/es\/wp-json\/wp\/v2\/pages\/7674\/revisions"}],"predecessor-version":[{"id":7676,"href":"https:\/\/www.movacolor.com\/es\/wp-json\/wp\/v2\/pages\/7674\/revisions\/7676"}],"wp:featuredmedia":[{"embeddable":true,"href":"https:\/\/www.movacolor.com\/es\/wp-json\/wp\/v2\/media\/378"}],"wp:attachment":[{"href":"https:\/\/www.movacolor.com\/es\/wp-json\/wp\/v2\/media?parent=7674"}],"curies":[{"name":"wp","href":"https:\/\/api.w.org\/{rel}","templated":true}]}}