{"id":7673,"date":"2023-01-03T12:29:20","date_gmt":"2023-01-03T10:29:20","guid":{"rendered":"https:\/\/www.movacolor.com\/tecnologia\/gravimetria\/"},"modified":"2024-02-08T22:09:28","modified_gmt":"2024-02-08T20:09:28","slug":"gravimetria","status":"publish","type":"page","link":"https:\/\/www.movacolor.com\/es\/tecnologia\/gravimetria\/","title":{"rendered":"Gravimetr\u00eda"},"content":{"rendered":"<p>La dosificaci\u00f3n gravim\u00e9trica es un m\u00e9todo utilizado en diversos campos, especialmente en la industria del pl\u00e1stico, para medir y dosificar con precisi\u00f3n materiales en funci\u00f3n de su peso.<\/p>\n<p>La dosificaci\u00f3n gravim\u00e9trica consiste en medir la masa ponderal de una sustancia y utilizar la tecnolog\u00eda de p\u00e9rdida de peso para controlar la dispersi\u00f3n del material. Ofrece un alto nivel de precisi\u00f3n y control en comparaci\u00f3n, por ejemplo, con los <a href=\"https:\/\/www.movacolor.com\/tecnolog\u00eda\/volumetr\u00eda\/\">m\u00e9todos de dosificaci\u00f3n volum\u00e9trica<\/a>, que se basan \u00fanicamente en la medici\u00f3n del volumen.<\/p>\n<p><strong>En la dosificaci\u00f3n gravim\u00e9trica, el proceso suele implicar los siguientes pasos: <\/strong><\/p>\n<ol>\n<li><strong>Pesaje:<\/strong> La sustancia a dosificar se coloca en una balanza de precisi\u00f3n y su masa se mide con un alto grado de exactitud. Esta medici\u00f3n puede realizarse utilizando diversos tipos de equipos de pesaje, como c\u00e9lulas de carga.<\/li>\n<li><strong>Dosificaci\u00f3n:<\/strong> En funci\u00f3n de la dosis deseada y del peso medido de la sustancia, el sistema de dosificaci\u00f3n dispensa la cantidad necesaria de material mediante sinfines y cilindros dosificadores.<\/li>\n<li><strong>Control de retroalimentaci\u00f3n:<\/strong> A lo largo del proceso de dosificaci\u00f3n, un sistema de control supervisa continuamente el peso del material que se dispensa. Si se produce alguna desviaci\u00f3n de la dosificaci\u00f3n deseada, el sistema de control ajusta autom\u00e1ticamente la velocidad de dosificaci\u00f3n para mantener la precisi\u00f3n.<\/li>\n<\/ol>\n<p>&nbsp;<\/p>\n<p><strong>La dosificaci\u00f3n gravim\u00e9trica ofrece varias ventajas para la producci\u00f3n: <\/strong><\/p>\n<ol>\n<li><strong>Precisi\u00f3n: <\/strong>Dado que se basa en mediciones de masa real, la dosificaci\u00f3n gravim\u00e9trica es muy precisa y se ve menos afectada por variaciones en la densidad del material, la temperatura u otros factores que pueden influir en las mediciones basadas en el volumen.<\/li>\n<li><strong>Flexibilidad: <\/strong>La dosificaci\u00f3n gravim\u00e9trica puede utilizarse para una amplia gama de materiales, desde <a href=\"https:\/\/www.movacolor.com\/material\/polvo\/\">polvos<\/a> y <a href=\"https:\/\/www.movacolor.com\/material\/masterbatch\/\">gr\u00e1nulos <\/a>hasta <a href=\"https:\/\/www.movacolor.com\/material\/l\u00edquido\/\">l\u00edquidos<\/a>, siempre que puedan pesarse de forma fiable.<\/li>\n<li><strong>Consistencia: <\/strong>El control preciso que proporciona la dosificaci\u00f3n gravim\u00e9trica garantiza que cada dosis sea constante, lo que resulta crucial en industrias en las que la calidad y la uniformidad del producto son esenciales.<\/li>\n<li><strong>Optimizaci\u00f3n de procesos: <\/strong>Los sistemas de dosificaci\u00f3n gravim\u00e9trica pueden integrarse en l\u00edneas de producci\u00f3n automatizadas, lo que permite procesos de fabricaci\u00f3n eficientes y optimizados, con el menor tiempo de inactividad posible.<\/li>\n<li><strong>Reducci\u00f3n de residuos: <\/strong>Una dosificaci\u00f3n precisa reduce el desperdicio de material y contribuye al ahorro de costes.<\/li>\n<\/ol>\n<p>&nbsp;<\/p>\n<p>&nbsp;<\/p>\n<h2><strong>Limite los residuos, reduzca los costes y aumente la calidad del producto con las soluciones de dosificaci\u00f3n gravim\u00e9trica y mezcla de Movacolor <\/strong><\/h2>\n<p>&nbsp;<\/p>\n<p>A lo largo de los a\u00f1os, hemos desarrollado una amplia gama de sistemas modulares de mezcla y dosificaci\u00f3n gravim\u00e9trica <a href=\"https:\/\/www.movacolor.com\/categor\u00edas-producto\/?filtro_rango_2187=g-series,3-series,20-series\">de alta precisi\u00f3n para fabricantes de pl\u00e1stico<\/a> de todo el mundo, para cualquier tipo de aplicaci\u00f3n. Satisfacemos sus necesidades, tanto si busca un alimentador de p\u00e9rdida de peso como un <a href=\"https:\/\/www.movacolor.com\/categor\u00edas-producto\/?filtro_rango_2187=3-series,20-series\">mezclador gravim\u00e9trico por lotes<\/a>. Nuestras soluciones gravim\u00e9tricas est\u00e1n dise\u00f1adas para ofrecerle un control total y se adaptan f\u00e1cilmente a cualquier proceso, ya sea extrusi\u00f3n, moldeo por inyecci\u00f3n o moldeo por soplado. Al optar por una soluci\u00f3n de dosificaci\u00f3n gravim\u00e9trica de Movacolor, puede reducir costes, disminuir residuos y maximizar la eficacia de la producci\u00f3n.<\/p>\n<p>Nuestro concepto de dosificaci\u00f3n modular le permite personalizar su configuraci\u00f3n y combinar varias unidades, garantiz\u00e1ndole un sistema de dosificaci\u00f3n que se adapte a sus requisitos de producci\u00f3n. Si no encuentra la soluci\u00f3n adecuada para su proceso de producci\u00f3n, deje sus datos de contacto en el siguiente formulario para ponerse en contacto con uno de nuestros especialistas en dosificaci\u00f3n. Estaremos encantados de asesorarle gratuitamente.<\/p>\n","protected":false},"excerpt":{"rendered":"<p>La dosificaci\u00f3n gravim\u00e9trica es un m\u00e9todo utilizado en diversos campos, especialmente en la industria del pl\u00e1stico, para medir y dosificar con precisi\u00f3n materiales en funci\u00f3n de su peso. La dosificaci\u00f3n gravim\u00e9trica consiste en medir la masa ponderal de una sustancia y utilizar la tecnolog\u00eda de p\u00e9rdida de peso para controlar la dispersi\u00f3n del material. Ofrece&#8230;<\/p>\n","protected":false},"author":2,"featured_media":570,"parent":7668,"menu_order":0,"comment_status":"closed","ping_status":"closed","template":"","meta":{"_acf_changed":false,"footnotes":""},"class_list":["post-7673","page","type-page","status-publish","has-post-thumbnail","hentry","us_portfolio_tag-gravimetria"],"acf":[],"yoast_head":"<!-- This site is optimized with the Yoast SEO plugin v26.4 - https:\/\/yoast.com\/wordpress\/plugins\/seo\/ -->\n<title>Sistemas de dosificaci\u00f3n gravim\u00e9trica para cualquier tipo de aplicaci\u00f3n<\/title>\n<meta name=\"description\" content=\"Mejora tu producci\u00f3n de pl\u00e1sticos con nuestros sistemas modulares de dosificaci\u00f3n gravim\u00e9trica de alta precisi\u00f3n. M\u00e1s informaci\u00f3n sobre nuestras soluciones\" \/>\n<meta name=\"robots\" content=\"index, follow, max-snippet:-1, max-image-preview:large, max-video-preview:-1\" \/>\n<link rel=\"canonical\" href=\"https:\/\/www.movacolor.com\/es\/tecnologia\/gravimetria\/\" \/>\n<meta property=\"og:locale\" content=\"es_ES\" \/>\n<meta property=\"og:type\" content=\"article\" \/>\n<meta property=\"og:title\" content=\"Sistemas de dosificaci\u00f3n gravim\u00e9trica para cualquier tipo de aplicaci\u00f3n\" \/>\n<meta property=\"og:description\" content=\"Mejora tu producci\u00f3n de pl\u00e1sticos con nuestros sistemas modulares de dosificaci\u00f3n gravim\u00e9trica de alta precisi\u00f3n. M\u00e1s informaci\u00f3n sobre nuestras soluciones\" \/>\n<meta property=\"og:url\" content=\"https:\/\/www.movacolor.com\/es\/tecnologia\/gravimetria\/\" \/>\n<meta property=\"og:site_name\" content=\"Movacolor\" \/>\n<meta property=\"article:modified_time\" content=\"2024-02-08T20:09:28+00:00\" \/>\n<meta property=\"og:image\" content=\"https:\/\/www.movacolor.com\/wp-content\/uploads\/2023\/01\/Working-in-a-cleanroom-is-balancing-between-the-highest-standards.jpg\" \/>\n\t<meta property=\"og:image:width\" content=\"1500\" \/>\n\t<meta property=\"og:image:height\" content=\"843\" \/>\n\t<meta property=\"og:image:type\" content=\"image\/jpeg\" \/>\n<meta name=\"twitter:card\" content=\"summary_large_image\" \/>\n<meta name=\"twitter:label1\" content=\"Tiempo de lectura\" \/>\n\t<meta name=\"twitter:data1\" content=\"3 minutos\" \/>\n<script type=\"application\/ld+json\" class=\"yoast-schema-graph\">{\"@context\":\"https:\/\/schema.org\",\"@graph\":[{\"@type\":\"WebPage\",\"@id\":\"https:\/\/www.movacolor.com\/es\/tecnologia\/gravimetria\/\",\"url\":\"https:\/\/www.movacolor.com\/es\/tecnologia\/gravimetria\/\",\"name\":\"Sistemas de dosificaci\u00f3n gravim\u00e9trica para cualquier tipo de aplicaci\u00f3n\",\"isPartOf\":{\"@id\":\"https:\/\/www.movacolor.com\/es\/#website\"},\"primaryImageOfPage\":{\"@id\":\"https:\/\/www.movacolor.com\/es\/tecnologia\/gravimetria\/#primaryimage\"},\"image\":{\"@id\":\"https:\/\/www.movacolor.com\/es\/tecnologia\/gravimetria\/#primaryimage\"},\"thumbnailUrl\":\"https:\/\/www.movacolor.com\/wp-content\/uploads\/2023\/01\/Working-in-a-cleanroom-is-balancing-between-the-highest-standards.jpg\",\"datePublished\":\"2023-01-03T10:29:20+00:00\",\"dateModified\":\"2024-02-08T20:09:28+00:00\",\"description\":\"Mejora tu producci\u00f3n de pl\u00e1sticos con nuestros sistemas modulares de dosificaci\u00f3n gravim\u00e9trica de alta precisi\u00f3n. M\u00e1s informaci\u00f3n sobre nuestras soluciones\",\"breadcrumb\":{\"@id\":\"https:\/\/www.movacolor.com\/es\/tecnologia\/gravimetria\/#breadcrumb\"},\"inLanguage\":\"es\",\"potentialAction\":[{\"@type\":\"ReadAction\",\"target\":[\"https:\/\/www.movacolor.com\/es\/tecnologia\/gravimetria\/\"]}]},{\"@type\":\"ImageObject\",\"inLanguage\":\"es\",\"@id\":\"https:\/\/www.movacolor.com\/es\/tecnologia\/gravimetria\/#primaryimage\",\"url\":\"https:\/\/www.movacolor.com\/wp-content\/uploads\/2023\/01\/Working-in-a-cleanroom-is-balancing-between-the-highest-standards.jpg\",\"contentUrl\":\"https:\/\/www.movacolor.com\/wp-content\/uploads\/2023\/01\/Working-in-a-cleanroom-is-balancing-between-the-highest-standards.jpg\",\"width\":1500,\"height\":843},{\"@type\":\"BreadcrumbList\",\"@id\":\"https:\/\/www.movacolor.com\/es\/tecnologia\/gravimetria\/#breadcrumb\",\"itemListElement\":[{\"@type\":\"ListItem\",\"position\":1,\"name\":\"Home\",\"item\":\"https:\/\/www.movacolor.com\/es\/\"},{\"@type\":\"ListItem\",\"position\":2,\"name\":\"Tecnolog\u00eda\",\"item\":\"https:\/\/www.movacolor.com\/es\/technology\/\"},{\"@type\":\"ListItem\",\"position\":3,\"name\":\"Gravimetr\u00eda\"}]},{\"@type\":\"WebSite\",\"@id\":\"https:\/\/www.movacolor.com\/es\/#website\",\"url\":\"https:\/\/www.movacolor.com\/es\/\",\"name\":\"Movacolor\",\"description\":\"modular dosing solutions\",\"potentialAction\":[{\"@type\":\"SearchAction\",\"target\":{\"@type\":\"EntryPoint\",\"urlTemplate\":\"https:\/\/www.movacolor.com\/es\/?s={search_term_string}\"},\"query-input\":{\"@type\":\"PropertyValueSpecification\",\"valueRequired\":true,\"valueName\":\"search_term_string\"}}],\"inLanguage\":\"es\"}]}<\/script>\n<!-- \/ Yoast SEO plugin. -->","yoast_head_json":{"title":"Sistemas de dosificaci\u00f3n gravim\u00e9trica para cualquier tipo de aplicaci\u00f3n","description":"Mejora tu producci\u00f3n de pl\u00e1sticos con nuestros sistemas modulares de dosificaci\u00f3n gravim\u00e9trica de alta precisi\u00f3n. M\u00e1s informaci\u00f3n sobre nuestras soluciones","robots":{"index":"index","follow":"follow","max-snippet":"max-snippet:-1","max-image-preview":"max-image-preview:large","max-video-preview":"max-video-preview:-1"},"canonical":"https:\/\/www.movacolor.com\/es\/tecnologia\/gravimetria\/","og_locale":"es_ES","og_type":"article","og_title":"Sistemas de dosificaci\u00f3n gravim\u00e9trica para cualquier tipo de aplicaci\u00f3n","og_description":"Mejora tu producci\u00f3n de pl\u00e1sticos con nuestros sistemas modulares de dosificaci\u00f3n gravim\u00e9trica de alta precisi\u00f3n. M\u00e1s informaci\u00f3n sobre nuestras soluciones","og_url":"https:\/\/www.movacolor.com\/es\/tecnologia\/gravimetria\/","og_site_name":"Movacolor","article_modified_time":"2024-02-08T20:09:28+00:00","og_image":[{"width":1500,"height":843,"url":"https:\/\/www.movacolor.com\/wp-content\/uploads\/2023\/01\/Working-in-a-cleanroom-is-balancing-between-the-highest-standards.jpg","type":"image\/jpeg"}],"twitter_card":"summary_large_image","twitter_misc":{"Tiempo de lectura":"3 minutos"},"schema":{"@context":"https:\/\/schema.org","@graph":[{"@type":"WebPage","@id":"https:\/\/www.movacolor.com\/es\/tecnologia\/gravimetria\/","url":"https:\/\/www.movacolor.com\/es\/tecnologia\/gravimetria\/","name":"Sistemas de dosificaci\u00f3n gravim\u00e9trica para cualquier tipo de aplicaci\u00f3n","isPartOf":{"@id":"https:\/\/www.movacolor.com\/es\/#website"},"primaryImageOfPage":{"@id":"https:\/\/www.movacolor.com\/es\/tecnologia\/gravimetria\/#primaryimage"},"image":{"@id":"https:\/\/www.movacolor.com\/es\/tecnologia\/gravimetria\/#primaryimage"},"thumbnailUrl":"https:\/\/www.movacolor.com\/wp-content\/uploads\/2023\/01\/Working-in-a-cleanroom-is-balancing-between-the-highest-standards.jpg","datePublished":"2023-01-03T10:29:20+00:00","dateModified":"2024-02-08T20:09:28+00:00","description":"Mejora tu producci\u00f3n de pl\u00e1sticos con nuestros sistemas modulares de dosificaci\u00f3n gravim\u00e9trica de alta precisi\u00f3n. M\u00e1s informaci\u00f3n sobre nuestras soluciones","breadcrumb":{"@id":"https:\/\/www.movacolor.com\/es\/tecnologia\/gravimetria\/#breadcrumb"},"inLanguage":"es","potentialAction":[{"@type":"ReadAction","target":["https:\/\/www.movacolor.com\/es\/tecnologia\/gravimetria\/"]}]},{"@type":"ImageObject","inLanguage":"es","@id":"https:\/\/www.movacolor.com\/es\/tecnologia\/gravimetria\/#primaryimage","url":"https:\/\/www.movacolor.com\/wp-content\/uploads\/2023\/01\/Working-in-a-cleanroom-is-balancing-between-the-highest-standards.jpg","contentUrl":"https:\/\/www.movacolor.com\/wp-content\/uploads\/2023\/01\/Working-in-a-cleanroom-is-balancing-between-the-highest-standards.jpg","width":1500,"height":843},{"@type":"BreadcrumbList","@id":"https:\/\/www.movacolor.com\/es\/tecnologia\/gravimetria\/#breadcrumb","itemListElement":[{"@type":"ListItem","position":1,"name":"Home","item":"https:\/\/www.movacolor.com\/es\/"},{"@type":"ListItem","position":2,"name":"Tecnolog\u00eda","item":"https:\/\/www.movacolor.com\/es\/technology\/"},{"@type":"ListItem","position":3,"name":"Gravimetr\u00eda"}]},{"@type":"WebSite","@id":"https:\/\/www.movacolor.com\/es\/#website","url":"https:\/\/www.movacolor.com\/es\/","name":"Movacolor","description":"modular dosing solutions","potentialAction":[{"@type":"SearchAction","target":{"@type":"EntryPoint","urlTemplate":"https:\/\/www.movacolor.com\/es\/?s={search_term_string}"},"query-input":{"@type":"PropertyValueSpecification","valueRequired":true,"valueName":"search_term_string"}}],"inLanguage":"es"}]}},"_links":{"self":[{"href":"https:\/\/www.movacolor.com\/es\/wp-json\/wp\/v2\/pages\/7673","targetHints":{"allow":["GET"]}}],"collection":[{"href":"https:\/\/www.movacolor.com\/es\/wp-json\/wp\/v2\/pages"}],"about":[{"href":"https:\/\/www.movacolor.com\/es\/wp-json\/wp\/v2\/types\/page"}],"author":[{"embeddable":true,"href":"https:\/\/www.movacolor.com\/es\/wp-json\/wp\/v2\/users\/2"}],"replies":[{"embeddable":true,"href":"https:\/\/www.movacolor.com\/es\/wp-json\/wp\/v2\/comments?post=7673"}],"version-history":[{"count":1,"href":"https:\/\/www.movacolor.com\/es\/wp-json\/wp\/v2\/pages\/7673\/revisions"}],"predecessor-version":[{"id":8561,"href":"https:\/\/www.movacolor.com\/es\/wp-json\/wp\/v2\/pages\/7673\/revisions\/8561"}],"up":[{"embeddable":true,"href":"https:\/\/www.movacolor.com\/es\/wp-json\/wp\/v2\/pages\/7668"}],"wp:featuredmedia":[{"embeddable":true,"href":"https:\/\/www.movacolor.com\/es\/wp-json\/wp\/v2\/media\/570"}],"wp:attachment":[{"href":"https:\/\/www.movacolor.com\/es\/wp-json\/wp\/v2\/media?parent=7673"}],"curies":[{"name":"wp","href":"https:\/\/api.w.org\/{rel}","templated":true}]}}