{"id":7672,"date":"2023-01-03T12:33:35","date_gmt":"2023-01-03T10:33:35","guid":{"rendered":"https:\/\/www.movacolor.com\/tecnologia\/volumetrico\/"},"modified":"2024-02-08T22:28:04","modified_gmt":"2024-02-08T20:28:04","slug":"volumetrico","status":"publish","type":"page","link":"https:\/\/www.movacolor.com\/es\/tecnologia\/volumetrico\/","title":{"rendered":"Volum\u00e9trico"},"content":{"rendered":"<p>La dosificaci\u00f3n volum\u00e9trica es una t\u00e9cnica muy utilizada en diversas industrias para dispensar materiales en funci\u00f3n del volumen y las revoluciones por minuto. A diferencia de <a href=\"https:\/\/www.movacolor.com\/tecnolog\u00eda\/gravimetr\u00eda\/\">la dosificaci\u00f3n gravim\u00e9trica<\/a>, que se basa en la medici\u00f3n del peso, la dosificaci\u00f3n volum\u00e9trica consiste principalmente en dispensar un volumen de material en funci\u00f3n de las revoluciones por minuto. Aunque puede que no ofrezca el mismo nivel de precisi\u00f3n que los m\u00e9todos gravim\u00e9tricos, la dosificaci\u00f3n volum\u00e9trica sigue siendo una opci\u00f3n pr\u00e1ctica en casos en los que la precisi\u00f3n puede no ser tan crucial.<\/p>\n<p><strong>En la dosificaci\u00f3n volum\u00e9trica, el proceso suele implicar los siguientes pasos: <\/strong><\/p>\n<ol>\n<li><strong>Calibraci\u00f3n:<\/strong> La calibraci\u00f3n en la dosificaci\u00f3n volum\u00e9trica se refiere a la determinaci\u00f3n del volumen de material a dosificar, bas\u00e1ndose en la velocidad de rotaci\u00f3n de la herramienta de dosificaci\u00f3n en combinaci\u00f3n con el tiempo de dosificaci\u00f3n. Mediante una calibraci\u00f3n eficaz, los fabricantes pueden conseguir hasta cierto punto un rendimiento constante y fiable, disminuyendo el riesgo de dosificaci\u00f3n excesiva o insuficiente.<\/li>\n<li><strong>Dosificaci\u00f3n: <\/strong>En funci\u00f3n de las rotaciones por minuto y el tiempo de dosificaci\u00f3n preestablecidos, el material se dispensa en el proceso de producci\u00f3n.<\/li>\n<\/ol>\n<p>&nbsp;<\/p>\n<p><strong>La dosificaci\u00f3n volum\u00e9trica ofrece varias ventajas: <\/strong><\/p>\n<ol>\n<li><strong>Simplicidad: <\/strong>Los sistemas de dosificaci\u00f3n volum\u00e9trica no suelen ser muy complejos, por lo que son f\u00e1ciles de ejecutar y mantener.<\/li>\n<li><strong>Rentabilidad: <\/strong>Las configuraciones de dosificaci\u00f3n volum\u00e9trica suelen ser m\u00e1s rentables para los costes iniciales, lo que puede resultar ventajoso para los productores que priorizan las consideraciones econ\u00f3micas por encima de la precisi\u00f3n.<\/li>\n<li><strong>Compatibilidad de materiales: <\/strong>La dosificaci\u00f3n volum\u00e9trica es adecuada para una amplia gama de materiales, tales como <a href=\"https:\/\/www.movacolor.com\/material\/l\u00edquido\/\">l\u00edquidos,<\/a> <a href=\"https:\/\/www.movacolor.com\/material\/polvo\/\">polvos<\/a>y <a href=\"https:\/\/www.movacolor.com\/material\/masterbatch\/\">gr\u00e1nulos<\/a>.<\/li>\n<\/ol>\n<p>&nbsp;<\/p>\n<p>La <a href=\"https:\/\/www.movacolor.com\/informaci\u00f3n\/volumetr\u00eda-vs-gravimetr\u00eda\/\">dosificaci\u00f3n volum\u00e9trica, en comparaci\u00f3n con los m\u00e9todos gravim\u00e9tricos<\/a>, presenta ciertas limitaciones de precisi\u00f3n. Esto se debe a que la velocidad y el tiempo de alimentaci\u00f3n de la herramienta de dosificaci\u00f3n no se ajustan autom\u00e1ticamente cuando se producen cambios en la densidad, la viscosidad o las condiciones ambientales del material. Estos factores pueden introducir imprecisiones en la dosificaci\u00f3n basada en el volumen, mientras que nuestra<a href=\"https:\/\/www.movacolor.com\/tecnolog\u00eda-balanza\/\"> tecnolog\u00eda de balanza<\/a> gravim\u00e9trica descarta autom\u00e1ticamente estos factores mediante un software avanzado.<\/p>\n<h2><strong>Aumente la eficacia con las soluciones de dosificaci\u00f3n volum\u00e9trica de Movacolor <\/strong><\/h2>\n<p>&nbsp;<\/p>\n<p>Nuestra gama de sistemas de dosificaci\u00f3n volum\u00e9trica en l\u00ednea se adapta a diversas aplicaciones de<a href=\"https:\/\/www.movacolor.com\/proceso\/moldeo-injecci\u00f3n\/\"> moldeo por inyecci\u00f3n<\/a> y <a href=\"https:\/\/www.movacolor.com\/proceso\/extrusi\u00f3n\/\">extrusi\u00f3n<\/a>. Optar por nuestras soluciones de dosificaci\u00f3n volum\u00e9trica en l\u00ednea puede agilizar sus procesos, reducir potencialmente los costes y mejorar la eficacia de la producci\u00f3n, especialmente cuando todav\u00eda se mezclan los materiales a mano. Todos los sistemas de dosificaci\u00f3n volum\u00e9trica est\u00e1n equipados con nuestro exclusivo cilindro dosificador de gran precisi\u00f3n. Este cilindro dosificador dosifica el aditivo en un flujo constante directamente en el flujo principal de material sin pulsaciones ni interrupciones, lo que garantiza una dosificaci\u00f3n mucho m\u00e1s precisa que otras t\u00e9cnicas de dosificaci\u00f3n volum\u00e9trica que utilizan un sinf\u00edn tradicional.<\/p>\n<p>Nuestro innovador concepto de dosificaci\u00f3n modular le permite adaptar su configuraci\u00f3n e incluso combinar varias unidades, lo que garantiza un sistema de dosificaci\u00f3n perfectamente adaptado a sus necesidades de producci\u00f3n. Si tiene dificultades para encontrar la soluci\u00f3n \u00f3ptima para su proceso de producci\u00f3n, env\u00edenos sus datos de contacto a trav\u00e9s del siguiente formulario. Nuestro equipo de especialistas en dosificaci\u00f3n estar\u00e1 encantado de ponerse en contacto con usted.<\/p>\n","protected":false},"excerpt":{"rendered":"<p>La dosificaci\u00f3n volum\u00e9trica es una t\u00e9cnica muy utilizada en diversas industrias para dispensar materiales en funci\u00f3n del volumen y las revoluciones por minuto. A diferencia de la dosificaci\u00f3n gravim\u00e9trica, que se basa en la medici\u00f3n del peso, la dosificaci\u00f3n volum\u00e9trica consiste principalmente en dispensar un volumen de material en funci\u00f3n de las revoluciones por minuto&#8230;.<\/p>\n","protected":false},"author":2,"featured_media":3001,"parent":7668,"menu_order":0,"comment_status":"closed","ping_status":"closed","template":"","meta":{"_acf_changed":false,"footnotes":""},"class_list":["post-7672","page","type-page","status-publish","has-post-thumbnail","hentry","us_portfolio_tag-volumetrico"],"acf":[],"yoast_head":"<!-- This site is optimized with the Yoast SEO plugin v26.4 - https:\/\/yoast.com\/wordpress\/plugins\/seo\/ -->\n<title>Sistemas de dosificaci\u00f3n volum\u00e9trica para moldeo por inyecci\u00f3n y extrusi\u00f3n<\/title>\n<meta name=\"description\" content=\"Descubre nuestros sistemas modulares de dosificaci\u00f3n volum\u00e9trica para moldeo por inyecci\u00f3n y extrusi\u00f3n. Inf\u00f3rmate sobre ellos para tu producci\u00f3n.\" \/>\n<meta name=\"robots\" content=\"index, follow, max-snippet:-1, max-image-preview:large, max-video-preview:-1\" \/>\n<link rel=\"canonical\" href=\"https:\/\/www.movacolor.com\/es\/tecnologia\/volumetrico\/\" \/>\n<meta property=\"og:locale\" content=\"es_ES\" \/>\n<meta property=\"og:type\" content=\"article\" \/>\n<meta property=\"og:title\" content=\"Sistemas de dosificaci\u00f3n volum\u00e9trica para moldeo por inyecci\u00f3n y extrusi\u00f3n\" \/>\n<meta property=\"og:description\" content=\"Descubre nuestros sistemas modulares de dosificaci\u00f3n volum\u00e9trica para moldeo por inyecci\u00f3n y extrusi\u00f3n. Inf\u00f3rmate sobre ellos para tu producci\u00f3n.\" \/>\n<meta property=\"og:url\" content=\"https:\/\/www.movacolor.com\/es\/tecnologia\/volumetrico\/\" \/>\n<meta property=\"og:site_name\" content=\"Movacolor\" \/>\n<meta property=\"article:modified_time\" content=\"2024-02-08T20:28:04+00:00\" \/>\n<meta property=\"og:image\" content=\"https:\/\/www.movacolor.com\/wp-content\/uploads\/2023\/03\/Assembly-1-scaled.jpg\" \/>\n\t<meta property=\"og:image:width\" content=\"2560\" \/>\n\t<meta property=\"og:image:height\" content=\"1707\" \/>\n\t<meta property=\"og:image:type\" content=\"image\/jpeg\" \/>\n<meta name=\"twitter:card\" content=\"summary_large_image\" \/>\n<meta name=\"twitter:label1\" content=\"Tiempo de lectura\" \/>\n\t<meta name=\"twitter:data1\" content=\"3 minutos\" \/>\n<script type=\"application\/ld+json\" class=\"yoast-schema-graph\">{\"@context\":\"https:\/\/schema.org\",\"@graph\":[{\"@type\":\"WebPage\",\"@id\":\"https:\/\/www.movacolor.com\/es\/tecnologia\/volumetrico\/\",\"url\":\"https:\/\/www.movacolor.com\/es\/tecnologia\/volumetrico\/\",\"name\":\"Sistemas de dosificaci\u00f3n volum\u00e9trica para moldeo por inyecci\u00f3n y extrusi\u00f3n\",\"isPartOf\":{\"@id\":\"https:\/\/www.movacolor.com\/es\/#website\"},\"primaryImageOfPage\":{\"@id\":\"https:\/\/www.movacolor.com\/es\/tecnologia\/volumetrico\/#primaryimage\"},\"image\":{\"@id\":\"https:\/\/www.movacolor.com\/es\/tecnologia\/volumetrico\/#primaryimage\"},\"thumbnailUrl\":\"https:\/\/www.movacolor.com\/wp-content\/uploads\/2023\/03\/Assembly-1-scaled.jpg\",\"datePublished\":\"2023-01-03T10:33:35+00:00\",\"dateModified\":\"2024-02-08T20:28:04+00:00\",\"description\":\"Descubre nuestros sistemas modulares de dosificaci\u00f3n volum\u00e9trica para moldeo por inyecci\u00f3n y extrusi\u00f3n. Inf\u00f3rmate sobre ellos para tu producci\u00f3n.\",\"breadcrumb\":{\"@id\":\"https:\/\/www.movacolor.com\/es\/tecnologia\/volumetrico\/#breadcrumb\"},\"inLanguage\":\"es\",\"potentialAction\":[{\"@type\":\"ReadAction\",\"target\":[\"https:\/\/www.movacolor.com\/es\/tecnologia\/volumetrico\/\"]}]},{\"@type\":\"ImageObject\",\"inLanguage\":\"es\",\"@id\":\"https:\/\/www.movacolor.com\/es\/tecnologia\/volumetrico\/#primaryimage\",\"url\":\"https:\/\/www.movacolor.com\/wp-content\/uploads\/2023\/03\/Assembly-1-scaled.jpg\",\"contentUrl\":\"https:\/\/www.movacolor.com\/wp-content\/uploads\/2023\/03\/Assembly-1-scaled.jpg\",\"width\":2560,\"height\":1707},{\"@type\":\"BreadcrumbList\",\"@id\":\"https:\/\/www.movacolor.com\/es\/tecnologia\/volumetrico\/#breadcrumb\",\"itemListElement\":[{\"@type\":\"ListItem\",\"position\":1,\"name\":\"Home\",\"item\":\"https:\/\/www.movacolor.com\/es\/\"},{\"@type\":\"ListItem\",\"position\":2,\"name\":\"Tecnolog\u00eda\",\"item\":\"https:\/\/www.movacolor.com\/es\/technology\/\"},{\"@type\":\"ListItem\",\"position\":3,\"name\":\"Volum\u00e9trico\"}]},{\"@type\":\"WebSite\",\"@id\":\"https:\/\/www.movacolor.com\/es\/#website\",\"url\":\"https:\/\/www.movacolor.com\/es\/\",\"name\":\"Movacolor\",\"description\":\"modular dosing solutions\",\"potentialAction\":[{\"@type\":\"SearchAction\",\"target\":{\"@type\":\"EntryPoint\",\"urlTemplate\":\"https:\/\/www.movacolor.com\/es\/?s={search_term_string}\"},\"query-input\":{\"@type\":\"PropertyValueSpecification\",\"valueRequired\":true,\"valueName\":\"search_term_string\"}}],\"inLanguage\":\"es\"}]}<\/script>\n<!-- \/ Yoast SEO plugin. -->","yoast_head_json":{"title":"Sistemas de dosificaci\u00f3n volum\u00e9trica para moldeo por inyecci\u00f3n y extrusi\u00f3n","description":"Descubre nuestros sistemas modulares de dosificaci\u00f3n volum\u00e9trica para moldeo por inyecci\u00f3n y extrusi\u00f3n. Inf\u00f3rmate sobre ellos para tu producci\u00f3n.","robots":{"index":"index","follow":"follow","max-snippet":"max-snippet:-1","max-image-preview":"max-image-preview:large","max-video-preview":"max-video-preview:-1"},"canonical":"https:\/\/www.movacolor.com\/es\/tecnologia\/volumetrico\/","og_locale":"es_ES","og_type":"article","og_title":"Sistemas de dosificaci\u00f3n volum\u00e9trica para moldeo por inyecci\u00f3n y extrusi\u00f3n","og_description":"Descubre nuestros sistemas modulares de dosificaci\u00f3n volum\u00e9trica para moldeo por inyecci\u00f3n y extrusi\u00f3n. Inf\u00f3rmate sobre ellos para tu producci\u00f3n.","og_url":"https:\/\/www.movacolor.com\/es\/tecnologia\/volumetrico\/","og_site_name":"Movacolor","article_modified_time":"2024-02-08T20:28:04+00:00","og_image":[{"width":2560,"height":1707,"url":"https:\/\/www.movacolor.com\/wp-content\/uploads\/2023\/03\/Assembly-1-scaled.jpg","type":"image\/jpeg"}],"twitter_card":"summary_large_image","twitter_misc":{"Tiempo de lectura":"3 minutos"},"schema":{"@context":"https:\/\/schema.org","@graph":[{"@type":"WebPage","@id":"https:\/\/www.movacolor.com\/es\/tecnologia\/volumetrico\/","url":"https:\/\/www.movacolor.com\/es\/tecnologia\/volumetrico\/","name":"Sistemas de dosificaci\u00f3n volum\u00e9trica para moldeo por inyecci\u00f3n y extrusi\u00f3n","isPartOf":{"@id":"https:\/\/www.movacolor.com\/es\/#website"},"primaryImageOfPage":{"@id":"https:\/\/www.movacolor.com\/es\/tecnologia\/volumetrico\/#primaryimage"},"image":{"@id":"https:\/\/www.movacolor.com\/es\/tecnologia\/volumetrico\/#primaryimage"},"thumbnailUrl":"https:\/\/www.movacolor.com\/wp-content\/uploads\/2023\/03\/Assembly-1-scaled.jpg","datePublished":"2023-01-03T10:33:35+00:00","dateModified":"2024-02-08T20:28:04+00:00","description":"Descubre nuestros sistemas modulares de dosificaci\u00f3n volum\u00e9trica para moldeo por inyecci\u00f3n y extrusi\u00f3n. Inf\u00f3rmate sobre ellos para tu producci\u00f3n.","breadcrumb":{"@id":"https:\/\/www.movacolor.com\/es\/tecnologia\/volumetrico\/#breadcrumb"},"inLanguage":"es","potentialAction":[{"@type":"ReadAction","target":["https:\/\/www.movacolor.com\/es\/tecnologia\/volumetrico\/"]}]},{"@type":"ImageObject","inLanguage":"es","@id":"https:\/\/www.movacolor.com\/es\/tecnologia\/volumetrico\/#primaryimage","url":"https:\/\/www.movacolor.com\/wp-content\/uploads\/2023\/03\/Assembly-1-scaled.jpg","contentUrl":"https:\/\/www.movacolor.com\/wp-content\/uploads\/2023\/03\/Assembly-1-scaled.jpg","width":2560,"height":1707},{"@type":"BreadcrumbList","@id":"https:\/\/www.movacolor.com\/es\/tecnologia\/volumetrico\/#breadcrumb","itemListElement":[{"@type":"ListItem","position":1,"name":"Home","item":"https:\/\/www.movacolor.com\/es\/"},{"@type":"ListItem","position":2,"name":"Tecnolog\u00eda","item":"https:\/\/www.movacolor.com\/es\/technology\/"},{"@type":"ListItem","position":3,"name":"Volum\u00e9trico"}]},{"@type":"WebSite","@id":"https:\/\/www.movacolor.com\/es\/#website","url":"https:\/\/www.movacolor.com\/es\/","name":"Movacolor","description":"modular dosing solutions","potentialAction":[{"@type":"SearchAction","target":{"@type":"EntryPoint","urlTemplate":"https:\/\/www.movacolor.com\/es\/?s={search_term_string}"},"query-input":{"@type":"PropertyValueSpecification","valueRequired":true,"valueName":"search_term_string"}}],"inLanguage":"es"}]}},"_links":{"self":[{"href":"https:\/\/www.movacolor.com\/es\/wp-json\/wp\/v2\/pages\/7672","targetHints":{"allow":["GET"]}}],"collection":[{"href":"https:\/\/www.movacolor.com\/es\/wp-json\/wp\/v2\/pages"}],"about":[{"href":"https:\/\/www.movacolor.com\/es\/wp-json\/wp\/v2\/types\/page"}],"author":[{"embeddable":true,"href":"https:\/\/www.movacolor.com\/es\/wp-json\/wp\/v2\/users\/2"}],"replies":[{"embeddable":true,"href":"https:\/\/www.movacolor.com\/es\/wp-json\/wp\/v2\/comments?post=7672"}],"version-history":[{"count":2,"href":"https:\/\/www.movacolor.com\/es\/wp-json\/wp\/v2\/pages\/7672\/revisions"}],"predecessor-version":[{"id":13162,"href":"https:\/\/www.movacolor.com\/es\/wp-json\/wp\/v2\/pages\/7672\/revisions\/13162"}],"up":[{"embeddable":true,"href":"https:\/\/www.movacolor.com\/es\/wp-json\/wp\/v2\/pages\/7668"}],"wp:featuredmedia":[{"embeddable":true,"href":"https:\/\/www.movacolor.com\/es\/wp-json\/wp\/v2\/media\/3001"}],"wp:attachment":[{"href":"https:\/\/www.movacolor.com\/es\/wp-json\/wp\/v2\/media?parent=7672"}],"curies":[{"name":"wp","href":"https:\/\/api.w.org\/{rel}","templated":true}]}}