{"id":7671,"date":"2023-01-03T12:34:06","date_gmt":"2023-01-03T10:34:06","guid":{"rendered":"https:\/\/www.movacolor.com\/tecnologia\/optometria\/"},"modified":"2023-09-15T14:23:25","modified_gmt":"2023-09-15T12:23:25","slug":"optometria","status":"publish","type":"page","link":"https:\/\/www.movacolor.com\/es\/technology\/optometric\/","title":{"rendered":"Optometr\u00eda"},"content":{"rendered":"<p>La dosificaci\u00f3n optom\u00e9trica, introducida por primera vez por Movacolor en el a\u00f1o 2016, es un m\u00e9todo de \u00faltima generaci\u00f3n para medir y dosificar con precisi\u00f3n materiales pl\u00e1sticos mediante tecnolog\u00eda l\u00e1ser. Esta t\u00e9cnica es de uso com\u00fan en aplicaciones de fabricaci\u00f3n de pl\u00e1sticos de alta precisi\u00f3n como en el sector de la <a href=\"https:\/\/www.movacolor.com\/industria\/medicina\/\">medicina<\/a> y<a href=\"https:\/\/www.movacolor.com\/industria\/automoci\u00f3n\/\">la automoci\u00f3n<\/a>. La dosificaci\u00f3n optom\u00e9trica utiliza un disco dosificador y un sensor \u00f3ptico para contar los gr\u00e1nulos de pl\u00e1stico individualmente, lo que garantiza un notable \u00edndice de precisi\u00f3n del 100\u00a0% y proporciona un control total sobre el proceso de dosificaci\u00f3n.<\/p>\n<h2><strong>\u00bfC\u00f3mo funciona un sistema de dosificaci\u00f3n optom\u00e9trica? <\/strong><\/h2>\n<p>La tecnolog\u00eda de dosificaci\u00f3n optom\u00e9trica de Movacolor es \u00fanica en el mundo de la dosificaci\u00f3n. Pero, \u00bfc\u00f3mo funciona? Un cartucho de aire crea un vac\u00edo detr\u00e1s de un disco con unos peque\u00f1os orificios. El disco gira y recoge los gr\u00e1nulos de masterbatch. Un sensor optom\u00e9trico detecta los gr\u00e1nulos de masterbatch cuando la se\u00f1al del sensor se bloquea. Con esta t\u00e9cnica nuestro software es capaz de contar las partes de masterbatch gr\u00e1nulo a gr\u00e1nulo. Si al peque\u00f1o cartucho de aire le falta un gr\u00e1nulo de masterbatch o m\u00e1s, el sensor lo notar\u00e1 y el disco de dosificaci\u00f3n corregir\u00e1 los gr\u00e1nulos que faltan girando un poco m\u00e1s r\u00e1pido.<\/p>\n<h2><strong>Sistemas de dosificaci\u00f3n optom\u00e9trica para productos finales de alta precisi\u00f3n<\/strong><\/h2>\n<p>&nbsp;<\/p>\n<p>La tecnolog\u00eda de dosificaci\u00f3n optom\u00e9trica se ha desarrollado para fabricantes que producen productos finales de alta precisi\u00f3n en m\u00e1quinas de microinyecci\u00f3n o microextrusoras. Incluso con pesos de disparo inferiores a 1 gramo, esta tecnolog\u00eda sigue siendo eficaz. Dado que este tipo de m\u00e1quinas de moldeo por inyecci\u00f3n y extrusoras tienen una capacidad de mezcla limitada y que los productos finales requieren tolerancias muy precisas, para estas aplicaciones se suele utilizar material precompuesto. Aunque producir estos materiales precompuestos especializados es bastante caro debido a las peque\u00f1as cantidades de producci\u00f3n. Para resolver este problema, nuestros t\u00e9cnicos idearon la tecnolog\u00eda de dosificaci\u00f3n optom\u00e9trica. Estos sistemas de dosificaci\u00f3n extremadamente precisos ofrecen la ventaja de una importante reducci\u00f3n de costes al permitir el uso de material virgen est\u00e1ndar en combinaci\u00f3n con la dosificaci\u00f3n de masterbatches o aditivos.<\/p>\n<p>Nuestro enfoque de dosificaci\u00f3n adaptable le permite personalizar su configuraci\u00f3n o fusionar varias unidades; esto le garantiza un sistema de dosificaci\u00f3n que se ajusta perfectamente a sus necesidades de producci\u00f3n. Si tiene dificultades para encontrar la soluci\u00f3n \u00f3ptima para su proceso de fabricaci\u00f3n, p\u00f3ngase en contacto con nosotros rellenando el siguiente formulario. Nuestro equipo de expertos en dosificaci\u00f3n est\u00e1 a su disposici\u00f3n para asesorarle de forma gratuita.<\/p>\n","protected":false},"excerpt":{"rendered":"<p>La dosificaci\u00f3n optom\u00e9trica, introducida por primera vez por Movacolor en el a\u00f1o 2016, es un m\u00e9todo de \u00faltima generaci\u00f3n para medir y dosificar con precisi\u00f3n materiales pl\u00e1sticos mediante tecnolog\u00eda l\u00e1ser. Esta t\u00e9cnica es de uso com\u00fan en aplicaciones de fabricaci\u00f3n de pl\u00e1sticos de alta precisi\u00f3n como en el sector de la medicina yla automoci\u00f3n. La&#8230;<\/p>\n","protected":false},"author":2,"featured_media":3015,"parent":7668,"menu_order":0,"comment_status":"closed","ping_status":"closed","template":"","meta":{"_acf_changed":false,"footnotes":""},"class_list":["post-7671","page","type-page","status-publish","has-post-thumbnail","hentry","us_portfolio_tag-optometria"],"acf":[],"yoast_head":"<!-- This site is optimized with the Yoast SEO plugin v26.4 - https:\/\/yoast.com\/wordpress\/plugins\/seo\/ -->\n<title>Dosificaci\u00f3n optom\u00e9trica para moldeo por microinyecci\u00f3n y extrusi\u00f3n de alta precisi\u00f3n<\/title>\n<meta name=\"robots\" content=\"index, follow, max-snippet:-1, max-image-preview:large, max-video-preview:-1\" \/>\n<link rel=\"canonical\" href=\"https:\/\/www.movacolor.com\/es\/technology\/optometric\/\" \/>\n<meta property=\"og:locale\" content=\"es_ES\" \/>\n<meta property=\"og:type\" content=\"article\" \/>\n<meta property=\"og:title\" content=\"Dosificaci\u00f3n optom\u00e9trica para moldeo por microinyecci\u00f3n y extrusi\u00f3n de alta precisi\u00f3n\" \/>\n<meta property=\"og:description\" content=\"La dosificaci\u00f3n optom\u00e9trica, introducida por primera vez por Movacolor en el a\u00f1o 2016, es un m\u00e9todo de \u00faltima generaci\u00f3n para medir y dosificar con precisi\u00f3n materiales pl\u00e1sticos mediante tecnolog\u00eda l\u00e1ser. Esta t\u00e9cnica es de uso com\u00fan en aplicaciones de fabricaci\u00f3n de pl\u00e1sticos de alta precisi\u00f3n como en el sector de la medicina yla automoci\u00f3n. La...\" \/>\n<meta property=\"og:url\" content=\"https:\/\/www.movacolor.com\/es\/technology\/optometric\/\" \/>\n<meta property=\"og:site_name\" content=\"Movacolor\" \/>\n<meta property=\"article:modified_time\" content=\"2023-09-15T12:23:25+00:00\" \/>\n<meta property=\"og:image\" content=\"https:\/\/www.movacolor.com\/wp-content\/uploads\/2023\/03\/Assembly-3-scaled.jpg\" \/>\n\t<meta property=\"og:image:width\" content=\"2560\" \/>\n\t<meta property=\"og:image:height\" content=\"1707\" \/>\n\t<meta property=\"og:image:type\" content=\"image\/jpeg\" \/>\n<meta name=\"twitter:card\" content=\"summary_large_image\" \/>\n<meta name=\"twitter:label1\" content=\"Tiempo de lectura\" \/>\n\t<meta name=\"twitter:data1\" content=\"2 minutos\" \/>\n<script type=\"application\/ld+json\" class=\"yoast-schema-graph\">{\"@context\":\"https:\/\/schema.org\",\"@graph\":[{\"@type\":\"WebPage\",\"@id\":\"https:\/\/www.movacolor.com\/es\/technology\/optometric\/\",\"url\":\"https:\/\/www.movacolor.com\/es\/technology\/optometric\/\",\"name\":\"Dosificaci\u00f3n optom\u00e9trica para moldeo por microinyecci\u00f3n y extrusi\u00f3n de alta precisi\u00f3n\",\"isPartOf\":{\"@id\":\"https:\/\/www.movacolor.com\/es\/#website\"},\"primaryImageOfPage\":{\"@id\":\"https:\/\/www.movacolor.com\/es\/technology\/optometric\/#primaryimage\"},\"image\":{\"@id\":\"https:\/\/www.movacolor.com\/es\/technology\/optometric\/#primaryimage\"},\"thumbnailUrl\":\"https:\/\/www.movacolor.com\/wp-content\/uploads\/2023\/03\/Assembly-3-scaled.jpg\",\"datePublished\":\"2023-01-03T10:34:06+00:00\",\"dateModified\":\"2023-09-15T12:23:25+00:00\",\"breadcrumb\":{\"@id\":\"https:\/\/www.movacolor.com\/es\/technology\/optometric\/#breadcrumb\"},\"inLanguage\":\"es\",\"potentialAction\":[{\"@type\":\"ReadAction\",\"target\":[\"https:\/\/www.movacolor.com\/es\/technology\/optometric\/\"]}]},{\"@type\":\"ImageObject\",\"inLanguage\":\"es\",\"@id\":\"https:\/\/www.movacolor.com\/es\/technology\/optometric\/#primaryimage\",\"url\":\"https:\/\/www.movacolor.com\/wp-content\/uploads\/2023\/03\/Assembly-3-scaled.jpg\",\"contentUrl\":\"https:\/\/www.movacolor.com\/wp-content\/uploads\/2023\/03\/Assembly-3-scaled.jpg\",\"width\":2560,\"height\":1707},{\"@type\":\"BreadcrumbList\",\"@id\":\"https:\/\/www.movacolor.com\/es\/technology\/optometric\/#breadcrumb\",\"itemListElement\":[{\"@type\":\"ListItem\",\"position\":1,\"name\":\"Home\",\"item\":\"https:\/\/www.movacolor.com\/es\/\"},{\"@type\":\"ListItem\",\"position\":2,\"name\":\"Tecnolog\u00eda\",\"item\":\"https:\/\/www.movacolor.com\/es\/technology\/\"},{\"@type\":\"ListItem\",\"position\":3,\"name\":\"Optometr\u00eda\"}]},{\"@type\":\"WebSite\",\"@id\":\"https:\/\/www.movacolor.com\/es\/#website\",\"url\":\"https:\/\/www.movacolor.com\/es\/\",\"name\":\"Movacolor\",\"description\":\"modular dosing solutions\",\"potentialAction\":[{\"@type\":\"SearchAction\",\"target\":{\"@type\":\"EntryPoint\",\"urlTemplate\":\"https:\/\/www.movacolor.com\/es\/?s={search_term_string}\"},\"query-input\":{\"@type\":\"PropertyValueSpecification\",\"valueRequired\":true,\"valueName\":\"search_term_string\"}}],\"inLanguage\":\"es\"}]}<\/script>\n<!-- \/ Yoast SEO plugin. -->","yoast_head_json":{"title":"Dosificaci\u00f3n optom\u00e9trica para moldeo por microinyecci\u00f3n y extrusi\u00f3n de alta precisi\u00f3n","robots":{"index":"index","follow":"follow","max-snippet":"max-snippet:-1","max-image-preview":"max-image-preview:large","max-video-preview":"max-video-preview:-1"},"canonical":"https:\/\/www.movacolor.com\/es\/technology\/optometric\/","og_locale":"es_ES","og_type":"article","og_title":"Dosificaci\u00f3n optom\u00e9trica para moldeo por microinyecci\u00f3n y extrusi\u00f3n de alta precisi\u00f3n","og_description":"La dosificaci\u00f3n optom\u00e9trica, introducida por primera vez por Movacolor en el a\u00f1o 2016, es un m\u00e9todo de \u00faltima generaci\u00f3n para medir y dosificar con precisi\u00f3n materiales pl\u00e1sticos mediante tecnolog\u00eda l\u00e1ser. Esta t\u00e9cnica es de uso com\u00fan en aplicaciones de fabricaci\u00f3n de pl\u00e1sticos de alta precisi\u00f3n como en el sector de la medicina yla automoci\u00f3n. La...","og_url":"https:\/\/www.movacolor.com\/es\/technology\/optometric\/","og_site_name":"Movacolor","article_modified_time":"2023-09-15T12:23:25+00:00","og_image":[{"width":2560,"height":1707,"url":"https:\/\/www.movacolor.com\/wp-content\/uploads\/2023\/03\/Assembly-3-scaled.jpg","type":"image\/jpeg"}],"twitter_card":"summary_large_image","twitter_misc":{"Tiempo de lectura":"2 minutos"},"schema":{"@context":"https:\/\/schema.org","@graph":[{"@type":"WebPage","@id":"https:\/\/www.movacolor.com\/es\/technology\/optometric\/","url":"https:\/\/www.movacolor.com\/es\/technology\/optometric\/","name":"Dosificaci\u00f3n optom\u00e9trica para moldeo por microinyecci\u00f3n y extrusi\u00f3n de alta precisi\u00f3n","isPartOf":{"@id":"https:\/\/www.movacolor.com\/es\/#website"},"primaryImageOfPage":{"@id":"https:\/\/www.movacolor.com\/es\/technology\/optometric\/#primaryimage"},"image":{"@id":"https:\/\/www.movacolor.com\/es\/technology\/optometric\/#primaryimage"},"thumbnailUrl":"https:\/\/www.movacolor.com\/wp-content\/uploads\/2023\/03\/Assembly-3-scaled.jpg","datePublished":"2023-01-03T10:34:06+00:00","dateModified":"2023-09-15T12:23:25+00:00","breadcrumb":{"@id":"https:\/\/www.movacolor.com\/es\/technology\/optometric\/#breadcrumb"},"inLanguage":"es","potentialAction":[{"@type":"ReadAction","target":["https:\/\/www.movacolor.com\/es\/technology\/optometric\/"]}]},{"@type":"ImageObject","inLanguage":"es","@id":"https:\/\/www.movacolor.com\/es\/technology\/optometric\/#primaryimage","url":"https:\/\/www.movacolor.com\/wp-content\/uploads\/2023\/03\/Assembly-3-scaled.jpg","contentUrl":"https:\/\/www.movacolor.com\/wp-content\/uploads\/2023\/03\/Assembly-3-scaled.jpg","width":2560,"height":1707},{"@type":"BreadcrumbList","@id":"https:\/\/www.movacolor.com\/es\/technology\/optometric\/#breadcrumb","itemListElement":[{"@type":"ListItem","position":1,"name":"Home","item":"https:\/\/www.movacolor.com\/es\/"},{"@type":"ListItem","position":2,"name":"Tecnolog\u00eda","item":"https:\/\/www.movacolor.com\/es\/technology\/"},{"@type":"ListItem","position":3,"name":"Optometr\u00eda"}]},{"@type":"WebSite","@id":"https:\/\/www.movacolor.com\/es\/#website","url":"https:\/\/www.movacolor.com\/es\/","name":"Movacolor","description":"modular dosing solutions","potentialAction":[{"@type":"SearchAction","target":{"@type":"EntryPoint","urlTemplate":"https:\/\/www.movacolor.com\/es\/?s={search_term_string}"},"query-input":{"@type":"PropertyValueSpecification","valueRequired":true,"valueName":"search_term_string"}}],"inLanguage":"es"}]}},"_links":{"self":[{"href":"https:\/\/www.movacolor.com\/es\/wp-json\/wp\/v2\/pages\/7671","targetHints":{"allow":["GET"]}}],"collection":[{"href":"https:\/\/www.movacolor.com\/es\/wp-json\/wp\/v2\/pages"}],"about":[{"href":"https:\/\/www.movacolor.com\/es\/wp-json\/wp\/v2\/types\/page"}],"author":[{"embeddable":true,"href":"https:\/\/www.movacolor.com\/es\/wp-json\/wp\/v2\/users\/2"}],"replies":[{"embeddable":true,"href":"https:\/\/www.movacolor.com\/es\/wp-json\/wp\/v2\/comments?post=7671"}],"version-history":[{"count":2,"href":"https:\/\/www.movacolor.com\/es\/wp-json\/wp\/v2\/pages\/7671\/revisions"}],"predecessor-version":[{"id":8566,"href":"https:\/\/www.movacolor.com\/es\/wp-json\/wp\/v2\/pages\/7671\/revisions\/8566"}],"up":[{"embeddable":true,"href":"https:\/\/www.movacolor.com\/es\/wp-json\/wp\/v2\/pages\/7668"}],"wp:featuredmedia":[{"embeddable":true,"href":"https:\/\/www.movacolor.com\/es\/wp-json\/wp\/v2\/media\/3015"}],"wp:attachment":[{"href":"https:\/\/www.movacolor.com\/es\/wp-json\/wp\/v2\/media?parent=7671"}],"curies":[{"name":"wp","href":"https:\/\/api.w.org\/{rel}","templated":true}]}}