{"id":7666,"date":"2023-01-03T12:38:44","date_gmt":"2023-01-03T10:38:44","guid":{"rendered":"https:\/\/www.movacolor.com\/industria\/automovil\/"},"modified":"2023-01-03T12:38:44","modified_gmt":"2023-01-03T10:38:44","slug":"automovil","status":"publish","type":"page","link":"https:\/\/www.movacolor.com\/es\/industry\/automotive\/","title":{"rendered":"Autom\u00f3vil"},"content":{"rendered":"<p>\u00bfNecesita una alta calidad de color en la coloraci\u00f3n de productos pl\u00e1sticos para automoci\u00f3n? Los sistemas de dosificaci\u00f3n gravim\u00e9trica, optom\u00e9trica y volum\u00e9trica Movacolor para moldeo por inyecci\u00f3n y extrusi\u00f3n son la respuesta. Desde las piezas de automoci\u00f3n m\u00e1s grandes hasta las m\u00e1s peque\u00f1as, usted necesita una garant\u00eda de m\u00e1xima calidad al dosificar masterbatch, polvo, triturado o colorantes l\u00edquidos.<\/p>\n","protected":false},"excerpt":{"rendered":"<p>\u00bfNecesita una alta calidad de color en la coloraci\u00f3n de productos pl\u00e1sticos para automoci\u00f3n? Los sistemas de dosificaci\u00f3n gravim\u00e9trica, optom\u00e9trica y volum\u00e9trica Movacolor para moldeo por inyecci\u00f3n y extrusi\u00f3n son la respuesta. Desde las piezas de automoci\u00f3n m\u00e1s grandes hasta las m\u00e1s peque\u00f1as, usted necesita una garant\u00eda de m\u00e1xima calidad al dosificar masterbatch, polvo, triturado&#8230;<\/p>\n","protected":false},"author":2,"featured_media":3228,"parent":7653,"menu_order":0,"comment_status":"closed","ping_status":"closed","template":"","meta":{"_acf_changed":false,"footnotes":""},"class_list":["post-7666","page","type-page","status-publish","has-post-thumbnail","hentry","us_portfolio_tag-automovil"],"acf":[],"yoast_head":"<!-- This site is optimized with the Yoast SEO plugin v26.4 - https:\/\/yoast.com\/wordpress\/plugins\/seo\/ -->\n<title>Autom\u00f3vil - Movacolor<\/title>\n<meta name=\"robots\" content=\"index, follow, max-snippet:-1, max-image-preview:large, max-video-preview:-1\" \/>\n<link rel=\"canonical\" href=\"https:\/\/www.movacolor.com\/es\/industry\/automotive\/\" \/>\n<meta property=\"og:locale\" content=\"es_ES\" \/>\n<meta property=\"og:type\" content=\"article\" \/>\n<meta property=\"og:title\" content=\"Autom\u00f3vil - Movacolor\" \/>\n<meta property=\"og:description\" content=\"\u00bfNecesita una alta calidad de color en la coloraci\u00f3n de productos pl\u00e1sticos para automoci\u00f3n? Los sistemas de dosificaci\u00f3n gravim\u00e9trica, optom\u00e9trica y volum\u00e9trica Movacolor para moldeo por inyecci\u00f3n y extrusi\u00f3n son la respuesta. Desde las piezas de automoci\u00f3n m\u00e1s grandes hasta las m\u00e1s peque\u00f1as, usted necesita una garant\u00eda de m\u00e1xima calidad al dosificar masterbatch, polvo, triturado...\" \/>\n<meta property=\"og:url\" content=\"https:\/\/www.movacolor.com\/es\/industry\/automotive\/\" \/>\n<meta property=\"og:site_name\" content=\"Movacolor\" \/>\n<meta name=\"twitter:card\" content=\"summary_large_image\" \/>\n<script type=\"application\/ld+json\" class=\"yoast-schema-graph\">{\"@context\":\"https:\/\/schema.org\",\"@graph\":[{\"@type\":\"WebPage\",\"@id\":\"https:\/\/www.movacolor.com\/es\/industry\/automotive\/\",\"url\":\"https:\/\/www.movacolor.com\/es\/industry\/automotive\/\",\"name\":\"Autom\u00f3vil - Movacolor\",\"isPartOf\":{\"@id\":\"https:\/\/www.movacolor.com\/es\/#website\"},\"primaryImageOfPage\":{\"@id\":\"https:\/\/www.movacolor.com\/es\/industry\/automotive\/#primaryimage\"},\"image\":{\"@id\":\"https:\/\/www.movacolor.com\/es\/industry\/automotive\/#primaryimage\"},\"thumbnailUrl\":\"https:\/\/www.movacolor.com\/wp-content\/uploads\/2023\/03\/Automotive.jpg\",\"datePublished\":\"2023-01-03T10:38:44+00:00\",\"breadcrumb\":{\"@id\":\"https:\/\/www.movacolor.com\/es\/industry\/automotive\/#breadcrumb\"},\"inLanguage\":\"es\",\"potentialAction\":[{\"@type\":\"ReadAction\",\"target\":[\"https:\/\/www.movacolor.com\/es\/industry\/automotive\/\"]}]},{\"@type\":\"ImageObject\",\"inLanguage\":\"es\",\"@id\":\"https:\/\/www.movacolor.com\/es\/industry\/automotive\/#primaryimage\",\"url\":\"https:\/\/www.movacolor.com\/wp-content\/uploads\/2023\/03\/Automotive.jpg\",\"contentUrl\":\"https:\/\/www.movacolor.com\/wp-content\/uploads\/2023\/03\/Automotive.jpg\",\"width\":600,\"height\":400,\"caption\":\"Automotive\"},{\"@type\":\"BreadcrumbList\",\"@id\":\"https:\/\/www.movacolor.com\/es\/industry\/automotive\/#breadcrumb\",\"itemListElement\":[{\"@type\":\"ListItem\",\"position\":1,\"name\":\"Home\",\"item\":\"https:\/\/www.movacolor.com\/es\/\"},{\"@type\":\"ListItem\",\"position\":2,\"name\":\"Industria\",\"item\":\"https:\/\/www.movacolor.com\/es\/industria\/\"},{\"@type\":\"ListItem\",\"position\":3,\"name\":\"Autom\u00f3vil\"}]},{\"@type\":\"WebSite\",\"@id\":\"https:\/\/www.movacolor.com\/es\/#website\",\"url\":\"https:\/\/www.movacolor.com\/es\/\",\"name\":\"Movacolor\",\"description\":\"modular dosing solutions\",\"potentialAction\":[{\"@type\":\"SearchAction\",\"target\":{\"@type\":\"EntryPoint\",\"urlTemplate\":\"https:\/\/www.movacolor.com\/es\/?s={search_term_string}\"},\"query-input\":{\"@type\":\"PropertyValueSpecification\",\"valueRequired\":true,\"valueName\":\"search_term_string\"}}],\"inLanguage\":\"es\"}]}<\/script>\n<!-- \/ Yoast SEO plugin. -->","yoast_head_json":{"title":"Autom\u00f3vil - Movacolor","robots":{"index":"index","follow":"follow","max-snippet":"max-snippet:-1","max-image-preview":"max-image-preview:large","max-video-preview":"max-video-preview:-1"},"canonical":"https:\/\/www.movacolor.com\/es\/industry\/automotive\/","og_locale":"es_ES","og_type":"article","og_title":"Autom\u00f3vil - Movacolor","og_description":"\u00bfNecesita una alta calidad de color en la coloraci\u00f3n de productos pl\u00e1sticos para automoci\u00f3n? Los sistemas de dosificaci\u00f3n gravim\u00e9trica, optom\u00e9trica y volum\u00e9trica Movacolor para moldeo por inyecci\u00f3n y extrusi\u00f3n son la respuesta. Desde las piezas de automoci\u00f3n m\u00e1s grandes hasta las m\u00e1s peque\u00f1as, usted necesita una garant\u00eda de m\u00e1xima calidad al dosificar masterbatch, polvo, triturado...","og_url":"https:\/\/www.movacolor.com\/es\/industry\/automotive\/","og_site_name":"Movacolor","twitter_card":"summary_large_image","schema":{"@context":"https:\/\/schema.org","@graph":[{"@type":"WebPage","@id":"https:\/\/www.movacolor.com\/es\/industry\/automotive\/","url":"https:\/\/www.movacolor.com\/es\/industry\/automotive\/","name":"Autom\u00f3vil - Movacolor","isPartOf":{"@id":"https:\/\/www.movacolor.com\/es\/#website"},"primaryImageOfPage":{"@id":"https:\/\/www.movacolor.com\/es\/industry\/automotive\/#primaryimage"},"image":{"@id":"https:\/\/www.movacolor.com\/es\/industry\/automotive\/#primaryimage"},"thumbnailUrl":"https:\/\/www.movacolor.com\/wp-content\/uploads\/2023\/03\/Automotive.jpg","datePublished":"2023-01-03T10:38:44+00:00","breadcrumb":{"@id":"https:\/\/www.movacolor.com\/es\/industry\/automotive\/#breadcrumb"},"inLanguage":"es","potentialAction":[{"@type":"ReadAction","target":["https:\/\/www.movacolor.com\/es\/industry\/automotive\/"]}]},{"@type":"ImageObject","inLanguage":"es","@id":"https:\/\/www.movacolor.com\/es\/industry\/automotive\/#primaryimage","url":"https:\/\/www.movacolor.com\/wp-content\/uploads\/2023\/03\/Automotive.jpg","contentUrl":"https:\/\/www.movacolor.com\/wp-content\/uploads\/2023\/03\/Automotive.jpg","width":600,"height":400,"caption":"Automotive"},{"@type":"BreadcrumbList","@id":"https:\/\/www.movacolor.com\/es\/industry\/automotive\/#breadcrumb","itemListElement":[{"@type":"ListItem","position":1,"name":"Home","item":"https:\/\/www.movacolor.com\/es\/"},{"@type":"ListItem","position":2,"name":"Industria","item":"https:\/\/www.movacolor.com\/es\/industria\/"},{"@type":"ListItem","position":3,"name":"Autom\u00f3vil"}]},{"@type":"WebSite","@id":"https:\/\/www.movacolor.com\/es\/#website","url":"https:\/\/www.movacolor.com\/es\/","name":"Movacolor","description":"modular dosing solutions","potentialAction":[{"@type":"SearchAction","target":{"@type":"EntryPoint","urlTemplate":"https:\/\/www.movacolor.com\/es\/?s={search_term_string}"},"query-input":{"@type":"PropertyValueSpecification","valueRequired":true,"valueName":"search_term_string"}}],"inLanguage":"es"}]}},"_links":{"self":[{"href":"https:\/\/www.movacolor.com\/es\/wp-json\/wp\/v2\/pages\/7666","targetHints":{"allow":["GET"]}}],"collection":[{"href":"https:\/\/www.movacolor.com\/es\/wp-json\/wp\/v2\/pages"}],"about":[{"href":"https:\/\/www.movacolor.com\/es\/wp-json\/wp\/v2\/types\/page"}],"author":[{"embeddable":true,"href":"https:\/\/www.movacolor.com\/es\/wp-json\/wp\/v2\/users\/2"}],"replies":[{"embeddable":true,"href":"https:\/\/www.movacolor.com\/es\/wp-json\/wp\/v2\/comments?post=7666"}],"version-history":[{"count":0,"href":"https:\/\/www.movacolor.com\/es\/wp-json\/wp\/v2\/pages\/7666\/revisions"}],"up":[{"embeddable":true,"href":"https:\/\/www.movacolor.com\/es\/wp-json\/wp\/v2\/pages\/7653"}],"wp:featuredmedia":[{"embeddable":true,"href":"https:\/\/www.movacolor.com\/es\/wp-json\/wp\/v2\/media\/3228"}],"wp:attachment":[{"href":"https:\/\/www.movacolor.com\/es\/wp-json\/wp\/v2\/media?parent=7666"}],"curies":[{"name":"wp","href":"https:\/\/api.w.org\/{rel}","templated":true}]}}