{"id":7664,"date":"2023-01-13T15:32:21","date_gmt":"2023-01-13T13:32:21","guid":{"rendered":"https:\/\/www.movacolor.com\/industria\/alambres-y-cables\/"},"modified":"2024-02-09T19:05:47","modified_gmt":"2024-02-09T17:05:47","slug":"alambres-y-cables","status":"publish","type":"page","link":"https:\/\/www.movacolor.com\/es\/industria\/alambres-y-cables\/","title":{"rendered":"Alambres y cables"},"content":{"rendered":"<p>Para dosificar materias primas como polvo o gr\u00e1nulos en el proceso de producci\u00f3n por extrusi\u00f3n de alambres y cables, la tecnolog\u00eda de dosificaci\u00f3n marca la diferencia en t\u00e9rminos de calidad, consistencia y ahorro. La dosificaci\u00f3n constante de polvo o gr\u00e1nulos tambi\u00e9n es importante para el grosor de la pared de la capa aislante y desempe\u00f1a un papel importante en la prevenci\u00f3n de problemas. Movacolor ofrece una gama completa de sistemas de dosificaci\u00f3n volum\u00e9trica y gravim\u00e9trica que proporcionan un control \u00f3ptimo.<\/p>\n","protected":false},"excerpt":{"rendered":"<p>Para dosificar materias primas como polvo o gr\u00e1nulos en el proceso de producci\u00f3n por extrusi\u00f3n de alambres y cables, la tecnolog\u00eda de dosificaci\u00f3n marca la diferencia en t\u00e9rminos de calidad, consistencia y ahorro. La dosificaci\u00f3n constante de polvo o gr\u00e1nulos tambi\u00e9n es importante para el grosor de la pared de la capa aislante y desempe\u00f1a&#8230;<\/p>\n","protected":false},"author":2,"featured_media":3268,"parent":7653,"menu_order":0,"comment_status":"closed","ping_status":"closed","template":"","meta":{"_acf_changed":false,"footnotes":""},"class_list":["post-7664","page","type-page","status-publish","has-post-thumbnail","hentry","us_portfolio_tag-alambre","us_portfolio_tag-cable-es"],"acf":[],"yoast_head":"<!-- This site is optimized with the Yoast SEO plugin v26.4 - https:\/\/yoast.com\/wordpress\/plugins\/seo\/ -->\n<title>Alambres y cables - Movacolor<\/title>\n<meta name=\"description\" content=\"Dosificaci\u00f3n clave para en la producci\u00f3n de alambres y cables. Movacolor ofrece sistemas volum\u00e9tricos y gravim\u00e9tricos para control \u00f3ptimo.\" \/>\n<meta name=\"robots\" content=\"index, follow, max-snippet:-1, max-image-preview:large, max-video-preview:-1\" \/>\n<link rel=\"canonical\" href=\"https:\/\/www.movacolor.com\/es\/industria\/alambres-y-cables\/\" \/>\n<meta property=\"og:locale\" content=\"es_ES\" \/>\n<meta property=\"og:type\" content=\"article\" \/>\n<meta property=\"og:title\" content=\"Alambres y cables - Movacolor\" \/>\n<meta property=\"og:description\" content=\"Dosificaci\u00f3n clave para en la producci\u00f3n de alambres y cables. Movacolor ofrece sistemas volum\u00e9tricos y gravim\u00e9tricos para control \u00f3ptimo.\" \/>\n<meta property=\"og:url\" content=\"https:\/\/www.movacolor.com\/es\/industria\/alambres-y-cables\/\" \/>\n<meta property=\"og:site_name\" content=\"Movacolor\" \/>\n<meta property=\"article:modified_time\" content=\"2024-02-09T17:05:47+00:00\" \/>\n<meta property=\"og:image\" content=\"https:\/\/www.movacolor.com\/wp-content\/uploads\/2023\/03\/8-cables.jpg\" \/>\n\t<meta property=\"og:image:width\" content=\"567\" \/>\n\t<meta property=\"og:image:height\" content=\"847\" \/>\n\t<meta property=\"og:image:type\" content=\"image\/jpeg\" \/>\n<meta name=\"twitter:card\" content=\"summary_large_image\" \/>\n<meta name=\"twitter:label1\" content=\"Tiempo de lectura\" \/>\n\t<meta name=\"twitter:data1\" content=\"1 minuto\" \/>\n<script type=\"application\/ld+json\" class=\"yoast-schema-graph\">{\"@context\":\"https:\/\/schema.org\",\"@graph\":[{\"@type\":\"WebPage\",\"@id\":\"https:\/\/www.movacolor.com\/es\/industria\/alambres-y-cables\/\",\"url\":\"https:\/\/www.movacolor.com\/es\/industria\/alambres-y-cables\/\",\"name\":\"Alambres y cables - Movacolor\",\"isPartOf\":{\"@id\":\"https:\/\/www.movacolor.com\/es\/#website\"},\"primaryImageOfPage\":{\"@id\":\"https:\/\/www.movacolor.com\/es\/industria\/alambres-y-cables\/#primaryimage\"},\"image\":{\"@id\":\"https:\/\/www.movacolor.com\/es\/industria\/alambres-y-cables\/#primaryimage\"},\"thumbnailUrl\":\"https:\/\/www.movacolor.com\/wp-content\/uploads\/2023\/03\/8-cables.jpg\",\"datePublished\":\"2023-01-13T13:32:21+00:00\",\"dateModified\":\"2024-02-09T17:05:47+00:00\",\"description\":\"Dosificaci\u00f3n clave para en la producci\u00f3n de alambres y cables. Movacolor ofrece sistemas volum\u00e9tricos y gravim\u00e9tricos para control \u00f3ptimo.\",\"breadcrumb\":{\"@id\":\"https:\/\/www.movacolor.com\/es\/industria\/alambres-y-cables\/#breadcrumb\"},\"inLanguage\":\"es\",\"potentialAction\":[{\"@type\":\"ReadAction\",\"target\":[\"https:\/\/www.movacolor.com\/es\/industria\/alambres-y-cables\/\"]}]},{\"@type\":\"ImageObject\",\"inLanguage\":\"es\",\"@id\":\"https:\/\/www.movacolor.com\/es\/industria\/alambres-y-cables\/#primaryimage\",\"url\":\"https:\/\/www.movacolor.com\/wp-content\/uploads\/2023\/03\/8-cables.jpg\",\"contentUrl\":\"https:\/\/www.movacolor.com\/wp-content\/uploads\/2023\/03\/8-cables.jpg\",\"width\":567,\"height\":847,\"caption\":\"8 cables\"},{\"@type\":\"BreadcrumbList\",\"@id\":\"https:\/\/www.movacolor.com\/es\/industria\/alambres-y-cables\/#breadcrumb\",\"itemListElement\":[{\"@type\":\"ListItem\",\"position\":1,\"name\":\"Home\",\"item\":\"https:\/\/www.movacolor.com\/es\/\"},{\"@type\":\"ListItem\",\"position\":2,\"name\":\"Industria\",\"item\":\"https:\/\/www.movacolor.com\/es\/industria\/\"},{\"@type\":\"ListItem\",\"position\":3,\"name\":\"Alambres y cables\"}]},{\"@type\":\"WebSite\",\"@id\":\"https:\/\/www.movacolor.com\/es\/#website\",\"url\":\"https:\/\/www.movacolor.com\/es\/\",\"name\":\"Movacolor\",\"description\":\"modular dosing solutions\",\"potentialAction\":[{\"@type\":\"SearchAction\",\"target\":{\"@type\":\"EntryPoint\",\"urlTemplate\":\"https:\/\/www.movacolor.com\/es\/?s={search_term_string}\"},\"query-input\":{\"@type\":\"PropertyValueSpecification\",\"valueRequired\":true,\"valueName\":\"search_term_string\"}}],\"inLanguage\":\"es\"}]}<\/script>\n<!-- \/ Yoast SEO plugin. -->","yoast_head_json":{"title":"Alambres y cables - Movacolor","description":"Dosificaci\u00f3n clave para en la producci\u00f3n de alambres y cables. Movacolor ofrece sistemas volum\u00e9tricos y gravim\u00e9tricos para control \u00f3ptimo.","robots":{"index":"index","follow":"follow","max-snippet":"max-snippet:-1","max-image-preview":"max-image-preview:large","max-video-preview":"max-video-preview:-1"},"canonical":"https:\/\/www.movacolor.com\/es\/industria\/alambres-y-cables\/","og_locale":"es_ES","og_type":"article","og_title":"Alambres y cables - Movacolor","og_description":"Dosificaci\u00f3n clave para en la producci\u00f3n de alambres y cables. Movacolor ofrece sistemas volum\u00e9tricos y gravim\u00e9tricos para control \u00f3ptimo.","og_url":"https:\/\/www.movacolor.com\/es\/industria\/alambres-y-cables\/","og_site_name":"Movacolor","article_modified_time":"2024-02-09T17:05:47+00:00","og_image":[{"width":567,"height":847,"url":"https:\/\/www.movacolor.com\/wp-content\/uploads\/2023\/03\/8-cables.jpg","type":"image\/jpeg"}],"twitter_card":"summary_large_image","twitter_misc":{"Tiempo de lectura":"1 minuto"},"schema":{"@context":"https:\/\/schema.org","@graph":[{"@type":"WebPage","@id":"https:\/\/www.movacolor.com\/es\/industria\/alambres-y-cables\/","url":"https:\/\/www.movacolor.com\/es\/industria\/alambres-y-cables\/","name":"Alambres y cables - Movacolor","isPartOf":{"@id":"https:\/\/www.movacolor.com\/es\/#website"},"primaryImageOfPage":{"@id":"https:\/\/www.movacolor.com\/es\/industria\/alambres-y-cables\/#primaryimage"},"image":{"@id":"https:\/\/www.movacolor.com\/es\/industria\/alambres-y-cables\/#primaryimage"},"thumbnailUrl":"https:\/\/www.movacolor.com\/wp-content\/uploads\/2023\/03\/8-cables.jpg","datePublished":"2023-01-13T13:32:21+00:00","dateModified":"2024-02-09T17:05:47+00:00","description":"Dosificaci\u00f3n clave para en la producci\u00f3n de alambres y cables. Movacolor ofrece sistemas volum\u00e9tricos y gravim\u00e9tricos para control \u00f3ptimo.","breadcrumb":{"@id":"https:\/\/www.movacolor.com\/es\/industria\/alambres-y-cables\/#breadcrumb"},"inLanguage":"es","potentialAction":[{"@type":"ReadAction","target":["https:\/\/www.movacolor.com\/es\/industria\/alambres-y-cables\/"]}]},{"@type":"ImageObject","inLanguage":"es","@id":"https:\/\/www.movacolor.com\/es\/industria\/alambres-y-cables\/#primaryimage","url":"https:\/\/www.movacolor.com\/wp-content\/uploads\/2023\/03\/8-cables.jpg","contentUrl":"https:\/\/www.movacolor.com\/wp-content\/uploads\/2023\/03\/8-cables.jpg","width":567,"height":847,"caption":"8 cables"},{"@type":"BreadcrumbList","@id":"https:\/\/www.movacolor.com\/es\/industria\/alambres-y-cables\/#breadcrumb","itemListElement":[{"@type":"ListItem","position":1,"name":"Home","item":"https:\/\/www.movacolor.com\/es\/"},{"@type":"ListItem","position":2,"name":"Industria","item":"https:\/\/www.movacolor.com\/es\/industria\/"},{"@type":"ListItem","position":3,"name":"Alambres y cables"}]},{"@type":"WebSite","@id":"https:\/\/www.movacolor.com\/es\/#website","url":"https:\/\/www.movacolor.com\/es\/","name":"Movacolor","description":"modular dosing solutions","potentialAction":[{"@type":"SearchAction","target":{"@type":"EntryPoint","urlTemplate":"https:\/\/www.movacolor.com\/es\/?s={search_term_string}"},"query-input":{"@type":"PropertyValueSpecification","valueRequired":true,"valueName":"search_term_string"}}],"inLanguage":"es"}]}},"_links":{"self":[{"href":"https:\/\/www.movacolor.com\/es\/wp-json\/wp\/v2\/pages\/7664","targetHints":{"allow":["GET"]}}],"collection":[{"href":"https:\/\/www.movacolor.com\/es\/wp-json\/wp\/v2\/pages"}],"about":[{"href":"https:\/\/www.movacolor.com\/es\/wp-json\/wp\/v2\/types\/page"}],"author":[{"embeddable":true,"href":"https:\/\/www.movacolor.com\/es\/wp-json\/wp\/v2\/users\/2"}],"replies":[{"embeddable":true,"href":"https:\/\/www.movacolor.com\/es\/wp-json\/wp\/v2\/comments?post=7664"}],"version-history":[{"count":1,"href":"https:\/\/www.movacolor.com\/es\/wp-json\/wp\/v2\/pages\/7664\/revisions"}],"predecessor-version":[{"id":17111,"href":"https:\/\/www.movacolor.com\/es\/wp-json\/wp\/v2\/pages\/7664\/revisions\/17111"}],"up":[{"embeddable":true,"href":"https:\/\/www.movacolor.com\/es\/wp-json\/wp\/v2\/pages\/7653"}],"wp:featuredmedia":[{"embeddable":true,"href":"https:\/\/www.movacolor.com\/es\/wp-json\/wp\/v2\/media\/3268"}],"wp:attachment":[{"href":"https:\/\/www.movacolor.com\/es\/wp-json\/wp\/v2\/media?parent=7664"}],"curies":[{"name":"wp","href":"https:\/\/api.w.org\/{rel}","templated":true}]}}