{"id":7663,"date":"2023-01-13T15:32:34","date_gmt":"2023-01-13T13:32:34","guid":{"rendered":"https:\/\/www.movacolor.com\/industria\/medico\/"},"modified":"2024-02-09T18:43:02","modified_gmt":"2024-02-09T16:43:02","slug":"medico","status":"publish","type":"page","link":"https:\/\/www.movacolor.com\/es\/industria\/medico\/","title":{"rendered":"M\u00e9dico"},"content":{"rendered":"<p>Los productos m\u00e9dicos de pl\u00e1stico se fabrican tanto por moldeo por inyecci\u00f3n como por extrusi\u00f3n. Los productos m\u00e9dicos deben cumplir las normas de calidad m\u00e1s estrictas porque de ellos pueden depender vidas humanas. La dosificaci\u00f3n de aditivos es una parte importante del proceso de producci\u00f3n porque el personal m\u00e9dico reconoce las piezas tanto por su forma como por su color.<\/p>\n","protected":false},"excerpt":{"rendered":"<p>Los productos m\u00e9dicos de pl\u00e1stico se fabrican tanto por moldeo por inyecci\u00f3n como por extrusi\u00f3n. Los productos m\u00e9dicos deben cumplir las normas de calidad m\u00e1s estrictas porque de ellos pueden depender vidas humanas. La dosificaci\u00f3n de aditivos es una parte importante del proceso de producci\u00f3n porque el personal m\u00e9dico reconoce las piezas tanto por su&#8230;<\/p>\n","protected":false},"author":2,"featured_media":3283,"parent":7653,"menu_order":0,"comment_status":"closed","ping_status":"closed","template":"","meta":{"_acf_changed":false,"footnotes":""},"class_list":["post-7663","page","type-page","status-publish","has-post-thumbnail","hentry","us_portfolio_tag-medico"],"acf":[],"yoast_head":"<!-- This site is optimized with the Yoast SEO plugin v26.4 - https:\/\/yoast.com\/wordpress\/plugins\/seo\/ -->\n<title>M\u00e9dico - Movacolor<\/title>\n<meta name=\"description\" content=\"Dosificaci\u00f3n precisa para productos m\u00e9dicos pl\u00e1sticos. Asesoramiento gratuito. Optimizar su proceso con nuestras soluciones de dosificaci\u00f3n de alta calidad.\" \/>\n<meta name=\"robots\" content=\"index, follow, max-snippet:-1, max-image-preview:large, max-video-preview:-1\" \/>\n<link rel=\"canonical\" href=\"https:\/\/www.movacolor.com\/es\/industria\/medico\/\" \/>\n<meta property=\"og:locale\" content=\"es_ES\" \/>\n<meta property=\"og:type\" content=\"article\" \/>\n<meta property=\"og:title\" content=\"M\u00e9dico - Movacolor\" \/>\n<meta property=\"og:description\" content=\"Dosificaci\u00f3n precisa para productos m\u00e9dicos pl\u00e1sticos. Asesoramiento gratuito. Optimizar su proceso con nuestras soluciones de dosificaci\u00f3n de alta calidad.\" \/>\n<meta property=\"og:url\" content=\"https:\/\/www.movacolor.com\/es\/industria\/medico\/\" \/>\n<meta property=\"og:site_name\" content=\"Movacolor\" \/>\n<meta property=\"article:modified_time\" content=\"2024-02-09T16:43:02+00:00\" \/>\n<meta property=\"og:image\" content=\"https:\/\/www.movacolor.com\/wp-content\/uploads\/2023\/03\/4-Medical.jpg\" \/>\n\t<meta property=\"og:image:width\" content=\"816\" \/>\n\t<meta property=\"og:image:height\" content=\"588\" \/>\n\t<meta property=\"og:image:type\" content=\"image\/jpeg\" \/>\n<meta name=\"twitter:card\" content=\"summary_large_image\" \/>\n<meta name=\"twitter:label1\" content=\"Tiempo de lectura\" \/>\n\t<meta name=\"twitter:data1\" content=\"1 minuto\" \/>\n<script type=\"application\/ld+json\" class=\"yoast-schema-graph\">{\"@context\":\"https:\/\/schema.org\",\"@graph\":[{\"@type\":\"WebPage\",\"@id\":\"https:\/\/www.movacolor.com\/es\/industria\/medico\/\",\"url\":\"https:\/\/www.movacolor.com\/es\/industria\/medico\/\",\"name\":\"M\u00e9dico - Movacolor\",\"isPartOf\":{\"@id\":\"https:\/\/www.movacolor.com\/es\/#website\"},\"primaryImageOfPage\":{\"@id\":\"https:\/\/www.movacolor.com\/es\/industria\/medico\/#primaryimage\"},\"image\":{\"@id\":\"https:\/\/www.movacolor.com\/es\/industria\/medico\/#primaryimage\"},\"thumbnailUrl\":\"https:\/\/www.movacolor.com\/wp-content\/uploads\/2023\/03\/4-Medical.jpg\",\"datePublished\":\"2023-01-13T13:32:34+00:00\",\"dateModified\":\"2024-02-09T16:43:02+00:00\",\"description\":\"Dosificaci\u00f3n precisa para productos m\u00e9dicos pl\u00e1sticos. Asesoramiento gratuito. Optimizar su proceso con nuestras soluciones de dosificaci\u00f3n de alta calidad.\",\"breadcrumb\":{\"@id\":\"https:\/\/www.movacolor.com\/es\/industria\/medico\/#breadcrumb\"},\"inLanguage\":\"es\",\"potentialAction\":[{\"@type\":\"ReadAction\",\"target\":[\"https:\/\/www.movacolor.com\/es\/industria\/medico\/\"]}]},{\"@type\":\"ImageObject\",\"inLanguage\":\"es\",\"@id\":\"https:\/\/www.movacolor.com\/es\/industria\/medico\/#primaryimage\",\"url\":\"https:\/\/www.movacolor.com\/wp-content\/uploads\/2023\/03\/4-Medical.jpg\",\"contentUrl\":\"https:\/\/www.movacolor.com\/wp-content\/uploads\/2023\/03\/4-Medical.jpg\",\"width\":816,\"height\":588,\"caption\":\"Medical\"},{\"@type\":\"BreadcrumbList\",\"@id\":\"https:\/\/www.movacolor.com\/es\/industria\/medico\/#breadcrumb\",\"itemListElement\":[{\"@type\":\"ListItem\",\"position\":1,\"name\":\"Home\",\"item\":\"https:\/\/www.movacolor.com\/es\/\"},{\"@type\":\"ListItem\",\"position\":2,\"name\":\"Industria\",\"item\":\"https:\/\/www.movacolor.com\/es\/industria\/\"},{\"@type\":\"ListItem\",\"position\":3,\"name\":\"M\u00e9dico\"}]},{\"@type\":\"WebSite\",\"@id\":\"https:\/\/www.movacolor.com\/es\/#website\",\"url\":\"https:\/\/www.movacolor.com\/es\/\",\"name\":\"Movacolor\",\"description\":\"modular dosing solutions\",\"potentialAction\":[{\"@type\":\"SearchAction\",\"target\":{\"@type\":\"EntryPoint\",\"urlTemplate\":\"https:\/\/www.movacolor.com\/es\/?s={search_term_string}\"},\"query-input\":{\"@type\":\"PropertyValueSpecification\",\"valueRequired\":true,\"valueName\":\"search_term_string\"}}],\"inLanguage\":\"es\"}]}<\/script>\n<!-- \/ Yoast SEO plugin. -->","yoast_head_json":{"title":"M\u00e9dico - Movacolor","description":"Dosificaci\u00f3n precisa para productos m\u00e9dicos pl\u00e1sticos. Asesoramiento gratuito. Optimizar su proceso con nuestras soluciones de dosificaci\u00f3n de alta calidad.","robots":{"index":"index","follow":"follow","max-snippet":"max-snippet:-1","max-image-preview":"max-image-preview:large","max-video-preview":"max-video-preview:-1"},"canonical":"https:\/\/www.movacolor.com\/es\/industria\/medico\/","og_locale":"es_ES","og_type":"article","og_title":"M\u00e9dico - Movacolor","og_description":"Dosificaci\u00f3n precisa para productos m\u00e9dicos pl\u00e1sticos. Asesoramiento gratuito. Optimizar su proceso con nuestras soluciones de dosificaci\u00f3n de alta calidad.","og_url":"https:\/\/www.movacolor.com\/es\/industria\/medico\/","og_site_name":"Movacolor","article_modified_time":"2024-02-09T16:43:02+00:00","og_image":[{"width":816,"height":588,"url":"https:\/\/www.movacolor.com\/wp-content\/uploads\/2023\/03\/4-Medical.jpg","type":"image\/jpeg"}],"twitter_card":"summary_large_image","twitter_misc":{"Tiempo de lectura":"1 minuto"},"schema":{"@context":"https:\/\/schema.org","@graph":[{"@type":"WebPage","@id":"https:\/\/www.movacolor.com\/es\/industria\/medico\/","url":"https:\/\/www.movacolor.com\/es\/industria\/medico\/","name":"M\u00e9dico - Movacolor","isPartOf":{"@id":"https:\/\/www.movacolor.com\/es\/#website"},"primaryImageOfPage":{"@id":"https:\/\/www.movacolor.com\/es\/industria\/medico\/#primaryimage"},"image":{"@id":"https:\/\/www.movacolor.com\/es\/industria\/medico\/#primaryimage"},"thumbnailUrl":"https:\/\/www.movacolor.com\/wp-content\/uploads\/2023\/03\/4-Medical.jpg","datePublished":"2023-01-13T13:32:34+00:00","dateModified":"2024-02-09T16:43:02+00:00","description":"Dosificaci\u00f3n precisa para productos m\u00e9dicos pl\u00e1sticos. Asesoramiento gratuito. Optimizar su proceso con nuestras soluciones de dosificaci\u00f3n de alta calidad.","breadcrumb":{"@id":"https:\/\/www.movacolor.com\/es\/industria\/medico\/#breadcrumb"},"inLanguage":"es","potentialAction":[{"@type":"ReadAction","target":["https:\/\/www.movacolor.com\/es\/industria\/medico\/"]}]},{"@type":"ImageObject","inLanguage":"es","@id":"https:\/\/www.movacolor.com\/es\/industria\/medico\/#primaryimage","url":"https:\/\/www.movacolor.com\/wp-content\/uploads\/2023\/03\/4-Medical.jpg","contentUrl":"https:\/\/www.movacolor.com\/wp-content\/uploads\/2023\/03\/4-Medical.jpg","width":816,"height":588,"caption":"Medical"},{"@type":"BreadcrumbList","@id":"https:\/\/www.movacolor.com\/es\/industria\/medico\/#breadcrumb","itemListElement":[{"@type":"ListItem","position":1,"name":"Home","item":"https:\/\/www.movacolor.com\/es\/"},{"@type":"ListItem","position":2,"name":"Industria","item":"https:\/\/www.movacolor.com\/es\/industria\/"},{"@type":"ListItem","position":3,"name":"M\u00e9dico"}]},{"@type":"WebSite","@id":"https:\/\/www.movacolor.com\/es\/#website","url":"https:\/\/www.movacolor.com\/es\/","name":"Movacolor","description":"modular dosing solutions","potentialAction":[{"@type":"SearchAction","target":{"@type":"EntryPoint","urlTemplate":"https:\/\/www.movacolor.com\/es\/?s={search_term_string}"},"query-input":{"@type":"PropertyValueSpecification","valueRequired":true,"valueName":"search_term_string"}}],"inLanguage":"es"}]}},"_links":{"self":[{"href":"https:\/\/www.movacolor.com\/es\/wp-json\/wp\/v2\/pages\/7663","targetHints":{"allow":["GET"]}}],"collection":[{"href":"https:\/\/www.movacolor.com\/es\/wp-json\/wp\/v2\/pages"}],"about":[{"href":"https:\/\/www.movacolor.com\/es\/wp-json\/wp\/v2\/types\/page"}],"author":[{"embeddable":true,"href":"https:\/\/www.movacolor.com\/es\/wp-json\/wp\/v2\/users\/2"}],"replies":[{"embeddable":true,"href":"https:\/\/www.movacolor.com\/es\/wp-json\/wp\/v2\/comments?post=7663"}],"version-history":[{"count":1,"href":"https:\/\/www.movacolor.com\/es\/wp-json\/wp\/v2\/pages\/7663\/revisions"}],"predecessor-version":[{"id":17099,"href":"https:\/\/www.movacolor.com\/es\/wp-json\/wp\/v2\/pages\/7663\/revisions\/17099"}],"up":[{"embeddable":true,"href":"https:\/\/www.movacolor.com\/es\/wp-json\/wp\/v2\/pages\/7653"}],"wp:featuredmedia":[{"embeddable":true,"href":"https:\/\/www.movacolor.com\/es\/wp-json\/wp\/v2\/media\/3283"}],"wp:attachment":[{"href":"https:\/\/www.movacolor.com\/es\/wp-json\/wp\/v2\/media?parent=7663"}],"curies":[{"name":"wp","href":"https:\/\/api.w.org\/{rel}","templated":true}]}}