{"id":7662,"date":"2023-01-13T15:32:49","date_gmt":"2023-01-13T13:32:49","guid":{"rendered":"https:\/\/www.movacolor.com\/industria\/tapones-y-cierres\/"},"modified":"2023-11-30T11:17:06","modified_gmt":"2023-11-30T09:17:06","slug":"tapones-y-cierres","status":"publish","type":"page","link":"https:\/\/www.movacolor.com\/es\/industry\/caps-closures\/","title":{"rendered":"Tapones y cierres"},"content":{"rendered":"<p>El tiempo es oro en la producci\u00f3n de tapones y cierres. A altas velocidades, una m\u00e1quina de moldeo por inyecci\u00f3n o una extrusora producen miles de tapones y cierres. Por lo tanto, una dosificaci\u00f3n precisa y de alta calidad es extremadamente importante.<\/p>\n","protected":false},"excerpt":{"rendered":"<p>El tiempo es oro en la producci\u00f3n de tapones y cierres. A altas velocidades, una m\u00e1quina de moldeo por inyecci\u00f3n o una extrusora producen miles de tapones y cierres. Por lo tanto, una dosificaci\u00f3n precisa y de alta calidad es extremadamente importante.<\/p>\n","protected":false},"author":2,"featured_media":3292,"parent":7653,"menu_order":0,"comment_status":"closed","ping_status":"closed","template":"","meta":{"_acf_changed":false,"footnotes":""},"class_list":["post-7662","page","type-page","status-publish","has-post-thumbnail","hentry","us_portfolio_tag-cierres","us_portfolio_tag-tapas"],"acf":[],"yoast_head":"<!-- This site is optimized with the Yoast SEO plugin v26.4 - https:\/\/yoast.com\/wordpress\/plugins\/seo\/ -->\n<title>Tapones y cierres - Movacolor<\/title>\n<meta name=\"description\" content=\"Descubra c\u00f3mo puede colorear los tapones y cierres con distintos tipos de aditivos, como masterbatch, polvo y triturado. Descubra nuestras soluciones!\" \/>\n<meta name=\"robots\" content=\"index, follow, max-snippet:-1, max-image-preview:large, max-video-preview:-1\" \/>\n<link rel=\"canonical\" href=\"https:\/\/www.movacolor.com\/es\/industry\/caps-closures\/\" \/>\n<meta property=\"og:locale\" content=\"es_ES\" \/>\n<meta property=\"og:type\" content=\"article\" \/>\n<meta property=\"og:title\" content=\"Tapones y cierres - Movacolor\" \/>\n<meta property=\"og:description\" content=\"Descubra c\u00f3mo puede colorear los tapones y cierres con distintos tipos de aditivos, como masterbatch, polvo y triturado. Descubra nuestras soluciones!\" \/>\n<meta property=\"og:url\" content=\"https:\/\/www.movacolor.com\/es\/industry\/caps-closures\/\" \/>\n<meta property=\"og:site_name\" content=\"Movacolor\" \/>\n<meta property=\"article:modified_time\" content=\"2023-11-30T09:17:06+00:00\" \/>\n<meta property=\"og:image\" content=\"https:\/\/www.movacolor.com\/wp-content\/uploads\/2023\/03\/5-Caps-and-closures.jpg\" \/>\n\t<meta property=\"og:image:width\" content=\"851\" \/>\n\t<meta property=\"og:image:height\" content=\"564\" \/>\n\t<meta property=\"og:image:type\" content=\"image\/jpeg\" \/>\n<meta name=\"twitter:card\" content=\"summary_large_image\" \/>\n<script type=\"application\/ld+json\" class=\"yoast-schema-graph\">{\"@context\":\"https:\/\/schema.org\",\"@graph\":[{\"@type\":\"WebPage\",\"@id\":\"https:\/\/www.movacolor.com\/es\/industry\/caps-closures\/\",\"url\":\"https:\/\/www.movacolor.com\/es\/industry\/caps-closures\/\",\"name\":\"Tapones y cierres - Movacolor\",\"isPartOf\":{\"@id\":\"https:\/\/www.movacolor.com\/es\/#website\"},\"primaryImageOfPage\":{\"@id\":\"https:\/\/www.movacolor.com\/es\/industry\/caps-closures\/#primaryimage\"},\"image\":{\"@id\":\"https:\/\/www.movacolor.com\/es\/industry\/caps-closures\/#primaryimage\"},\"thumbnailUrl\":\"https:\/\/www.movacolor.com\/wp-content\/uploads\/2023\/03\/5-Caps-and-closures.jpg\",\"datePublished\":\"2023-01-13T13:32:49+00:00\",\"dateModified\":\"2023-11-30T09:17:06+00:00\",\"description\":\"Descubra c\u00f3mo puede colorear los tapones y cierres con distintos tipos de aditivos, como masterbatch, polvo y triturado. Descubra nuestras soluciones!\",\"breadcrumb\":{\"@id\":\"https:\/\/www.movacolor.com\/es\/industry\/caps-closures\/#breadcrumb\"},\"inLanguage\":\"es\",\"potentialAction\":[{\"@type\":\"ReadAction\",\"target\":[\"https:\/\/www.movacolor.com\/es\/industry\/caps-closures\/\"]}]},{\"@type\":\"ImageObject\",\"inLanguage\":\"es\",\"@id\":\"https:\/\/www.movacolor.com\/es\/industry\/caps-closures\/#primaryimage\",\"url\":\"https:\/\/www.movacolor.com\/wp-content\/uploads\/2023\/03\/5-Caps-and-closures.jpg\",\"contentUrl\":\"https:\/\/www.movacolor.com\/wp-content\/uploads\/2023\/03\/5-Caps-and-closures.jpg\",\"width\":851,\"height\":564,\"caption\":\"5 Caps and closures\"},{\"@type\":\"BreadcrumbList\",\"@id\":\"https:\/\/www.movacolor.com\/es\/industry\/caps-closures\/#breadcrumb\",\"itemListElement\":[{\"@type\":\"ListItem\",\"position\":1,\"name\":\"Home\",\"item\":\"https:\/\/www.movacolor.com\/es\/\"},{\"@type\":\"ListItem\",\"position\":2,\"name\":\"Industria\",\"item\":\"https:\/\/www.movacolor.com\/es\/industria\/\"},{\"@type\":\"ListItem\",\"position\":3,\"name\":\"Tapones y cierres\"}]},{\"@type\":\"WebSite\",\"@id\":\"https:\/\/www.movacolor.com\/es\/#website\",\"url\":\"https:\/\/www.movacolor.com\/es\/\",\"name\":\"Movacolor\",\"description\":\"modular dosing solutions\",\"potentialAction\":[{\"@type\":\"SearchAction\",\"target\":{\"@type\":\"EntryPoint\",\"urlTemplate\":\"https:\/\/www.movacolor.com\/es\/?s={search_term_string}\"},\"query-input\":{\"@type\":\"PropertyValueSpecification\",\"valueRequired\":true,\"valueName\":\"search_term_string\"}}],\"inLanguage\":\"es\"}]}<\/script>\n<!-- \/ Yoast SEO plugin. -->","yoast_head_json":{"title":"Tapones y cierres - Movacolor","description":"Descubra c\u00f3mo puede colorear los tapones y cierres con distintos tipos de aditivos, como masterbatch, polvo y triturado. Descubra nuestras soluciones!","robots":{"index":"index","follow":"follow","max-snippet":"max-snippet:-1","max-image-preview":"max-image-preview:large","max-video-preview":"max-video-preview:-1"},"canonical":"https:\/\/www.movacolor.com\/es\/industry\/caps-closures\/","og_locale":"es_ES","og_type":"article","og_title":"Tapones y cierres - Movacolor","og_description":"Descubra c\u00f3mo puede colorear los tapones y cierres con distintos tipos de aditivos, como masterbatch, polvo y triturado. Descubra nuestras soluciones!","og_url":"https:\/\/www.movacolor.com\/es\/industry\/caps-closures\/","og_site_name":"Movacolor","article_modified_time":"2023-11-30T09:17:06+00:00","og_image":[{"width":851,"height":564,"url":"https:\/\/www.movacolor.com\/wp-content\/uploads\/2023\/03\/5-Caps-and-closures.jpg","type":"image\/jpeg"}],"twitter_card":"summary_large_image","schema":{"@context":"https:\/\/schema.org","@graph":[{"@type":"WebPage","@id":"https:\/\/www.movacolor.com\/es\/industry\/caps-closures\/","url":"https:\/\/www.movacolor.com\/es\/industry\/caps-closures\/","name":"Tapones y cierres - Movacolor","isPartOf":{"@id":"https:\/\/www.movacolor.com\/es\/#website"},"primaryImageOfPage":{"@id":"https:\/\/www.movacolor.com\/es\/industry\/caps-closures\/#primaryimage"},"image":{"@id":"https:\/\/www.movacolor.com\/es\/industry\/caps-closures\/#primaryimage"},"thumbnailUrl":"https:\/\/www.movacolor.com\/wp-content\/uploads\/2023\/03\/5-Caps-and-closures.jpg","datePublished":"2023-01-13T13:32:49+00:00","dateModified":"2023-11-30T09:17:06+00:00","description":"Descubra c\u00f3mo puede colorear los tapones y cierres con distintos tipos de aditivos, como masterbatch, polvo y triturado. Descubra nuestras soluciones!","breadcrumb":{"@id":"https:\/\/www.movacolor.com\/es\/industry\/caps-closures\/#breadcrumb"},"inLanguage":"es","potentialAction":[{"@type":"ReadAction","target":["https:\/\/www.movacolor.com\/es\/industry\/caps-closures\/"]}]},{"@type":"ImageObject","inLanguage":"es","@id":"https:\/\/www.movacolor.com\/es\/industry\/caps-closures\/#primaryimage","url":"https:\/\/www.movacolor.com\/wp-content\/uploads\/2023\/03\/5-Caps-and-closures.jpg","contentUrl":"https:\/\/www.movacolor.com\/wp-content\/uploads\/2023\/03\/5-Caps-and-closures.jpg","width":851,"height":564,"caption":"5 Caps and closures"},{"@type":"BreadcrumbList","@id":"https:\/\/www.movacolor.com\/es\/industry\/caps-closures\/#breadcrumb","itemListElement":[{"@type":"ListItem","position":1,"name":"Home","item":"https:\/\/www.movacolor.com\/es\/"},{"@type":"ListItem","position":2,"name":"Industria","item":"https:\/\/www.movacolor.com\/es\/industria\/"},{"@type":"ListItem","position":3,"name":"Tapones y cierres"}]},{"@type":"WebSite","@id":"https:\/\/www.movacolor.com\/es\/#website","url":"https:\/\/www.movacolor.com\/es\/","name":"Movacolor","description":"modular dosing solutions","potentialAction":[{"@type":"SearchAction","target":{"@type":"EntryPoint","urlTemplate":"https:\/\/www.movacolor.com\/es\/?s={search_term_string}"},"query-input":{"@type":"PropertyValueSpecification","valueRequired":true,"valueName":"search_term_string"}}],"inLanguage":"es"}]}},"_links":{"self":[{"href":"https:\/\/www.movacolor.com\/es\/wp-json\/wp\/v2\/pages\/7662","targetHints":{"allow":["GET"]}}],"collection":[{"href":"https:\/\/www.movacolor.com\/es\/wp-json\/wp\/v2\/pages"}],"about":[{"href":"https:\/\/www.movacolor.com\/es\/wp-json\/wp\/v2\/types\/page"}],"author":[{"embeddable":true,"href":"https:\/\/www.movacolor.com\/es\/wp-json\/wp\/v2\/users\/2"}],"replies":[{"embeddable":true,"href":"https:\/\/www.movacolor.com\/es\/wp-json\/wp\/v2\/comments?post=7662"}],"version-history":[{"count":1,"href":"https:\/\/www.movacolor.com\/es\/wp-json\/wp\/v2\/pages\/7662\/revisions"}],"predecessor-version":[{"id":10255,"href":"https:\/\/www.movacolor.com\/es\/wp-json\/wp\/v2\/pages\/7662\/revisions\/10255"}],"up":[{"embeddable":true,"href":"https:\/\/www.movacolor.com\/es\/wp-json\/wp\/v2\/pages\/7653"}],"wp:featuredmedia":[{"embeddable":true,"href":"https:\/\/www.movacolor.com\/es\/wp-json\/wp\/v2\/media\/3292"}],"wp:attachment":[{"href":"https:\/\/www.movacolor.com\/es\/wp-json\/wp\/v2\/media?parent=7662"}],"curies":[{"name":"wp","href":"https:\/\/api.w.org\/{rel}","templated":true}]}}