{"id":7661,"date":"2023-01-19T10:53:27","date_gmt":"2023-01-19T08:53:27","guid":{"rendered":"https:\/\/www.movacolor.com\/industria\/pelicula\/"},"modified":"2024-02-09T20:46:06","modified_gmt":"2024-02-09T18:46:06","slug":"pelicula","status":"publish","type":"page","link":"https:\/\/www.movacolor.com\/es\/industria\/pelicula\/","title":{"rendered":"Pel\u00edcula"},"content":{"rendered":"<p>S\u00f3lo la m\u00e1xima calidad es suficiente en el proceso de extrusi\u00f3n para producir pel\u00edculas de pl\u00e1stico. Pero, \u00bfc\u00f3mo se garantiza un proceso de producci\u00f3n estable, la calidad y, al mismo tiempo, el ahorro de granulado o polvo? Utilizando un sistema de dosificaci\u00f3n gravim\u00e9trica o volum\u00e9trica de eficacia probada en extrusi\u00f3n en todo el mundo.<\/p>\n","protected":false},"excerpt":{"rendered":"<p>S\u00f3lo la m\u00e1xima calidad es suficiente en el proceso de extrusi\u00f3n para producir pel\u00edculas de pl\u00e1stico. Pero, \u00bfc\u00f3mo se garantiza un proceso de producci\u00f3n estable, la calidad y, al mismo tiempo, el ahorro de granulado o polvo? Utilizando un sistema de dosificaci\u00f3n gravim\u00e9trica o volum\u00e9trica de eficacia probada en extrusi\u00f3n en todo el mundo.<\/p>\n","protected":false},"author":2,"featured_media":3568,"parent":7653,"menu_order":0,"comment_status":"closed","ping_status":"closed","template":"","meta":{"_acf_changed":false,"footnotes":""},"class_list":["post-7661","page","type-page","status-publish","has-post-thumbnail","hentry","us_portfolio_tag-pelicula"],"acf":[],"yoast_head":"<!-- This site is optimized with the Yoast SEO plugin v26.4 - https:\/\/yoast.com\/wordpress\/plugins\/seo\/ -->\n<title>Pel\u00edcula - Movacolor<\/title>\n<meta name=\"description\" content=\"Optimice la producci\u00f3n de pel\u00edculas pl\u00e1sticas con la tecnolog\u00eda de dosificaci\u00f3n Movacolor. Garantice la calidad en extrusi\u00f3n con nuestro sistema probado.\" \/>\n<meta name=\"robots\" content=\"index, follow, max-snippet:-1, max-image-preview:large, max-video-preview:-1\" \/>\n<link rel=\"canonical\" href=\"https:\/\/www.movacolor.com\/es\/industria\/pelicula\/\" \/>\n<meta property=\"og:locale\" content=\"es_ES\" \/>\n<meta property=\"og:type\" content=\"article\" \/>\n<meta property=\"og:title\" content=\"Pel\u00edcula - Movacolor\" \/>\n<meta property=\"og:description\" content=\"Optimice la producci\u00f3n de pel\u00edculas pl\u00e1sticas con la tecnolog\u00eda de dosificaci\u00f3n Movacolor. Garantice la calidad en extrusi\u00f3n con nuestro sistema probado.\" \/>\n<meta property=\"og:url\" content=\"https:\/\/www.movacolor.com\/es\/industria\/pelicula\/\" \/>\n<meta property=\"og:site_name\" content=\"Movacolor\" \/>\n<meta property=\"article:modified_time\" content=\"2024-02-09T18:46:06+00:00\" \/>\n<meta property=\"og:image\" content=\"https:\/\/www.movacolor.com\/wp-content\/uploads\/2023\/03\/12-film.jpg\" \/>\n\t<meta property=\"og:image:width\" content=\"289\" \/>\n\t<meta property=\"og:image:height\" content=\"415\" \/>\n\t<meta property=\"og:image:type\" content=\"image\/jpeg\" \/>\n<meta name=\"twitter:card\" content=\"summary_large_image\" \/>\n<meta name=\"twitter:label1\" content=\"Tiempo de lectura\" \/>\n\t<meta name=\"twitter:data1\" content=\"1 minuto\" \/>\n<script type=\"application\/ld+json\" class=\"yoast-schema-graph\">{\"@context\":\"https:\/\/schema.org\",\"@graph\":[{\"@type\":\"WebPage\",\"@id\":\"https:\/\/www.movacolor.com\/es\/industria\/pelicula\/\",\"url\":\"https:\/\/www.movacolor.com\/es\/industria\/pelicula\/\",\"name\":\"Pel\u00edcula - Movacolor\",\"isPartOf\":{\"@id\":\"https:\/\/www.movacolor.com\/es\/#website\"},\"primaryImageOfPage\":{\"@id\":\"https:\/\/www.movacolor.com\/es\/industria\/pelicula\/#primaryimage\"},\"image\":{\"@id\":\"https:\/\/www.movacolor.com\/es\/industria\/pelicula\/#primaryimage\"},\"thumbnailUrl\":\"https:\/\/www.movacolor.com\/wp-content\/uploads\/2023\/03\/12-film.jpg\",\"datePublished\":\"2023-01-19T08:53:27+00:00\",\"dateModified\":\"2024-02-09T18:46:06+00:00\",\"description\":\"Optimice la producci\u00f3n de pel\u00edculas pl\u00e1sticas con la tecnolog\u00eda de dosificaci\u00f3n Movacolor. Garantice la calidad en extrusi\u00f3n con nuestro sistema probado.\",\"breadcrumb\":{\"@id\":\"https:\/\/www.movacolor.com\/es\/industria\/pelicula\/#breadcrumb\"},\"inLanguage\":\"es\",\"potentialAction\":[{\"@type\":\"ReadAction\",\"target\":[\"https:\/\/www.movacolor.com\/es\/industria\/pelicula\/\"]}]},{\"@type\":\"ImageObject\",\"inLanguage\":\"es\",\"@id\":\"https:\/\/www.movacolor.com\/es\/industria\/pelicula\/#primaryimage\",\"url\":\"https:\/\/www.movacolor.com\/wp-content\/uploads\/2023\/03\/12-film.jpg\",\"contentUrl\":\"https:\/\/www.movacolor.com\/wp-content\/uploads\/2023\/03\/12-film.jpg\",\"width\":289,\"height\":415,\"caption\":\"Film\"},{\"@type\":\"BreadcrumbList\",\"@id\":\"https:\/\/www.movacolor.com\/es\/industria\/pelicula\/#breadcrumb\",\"itemListElement\":[{\"@type\":\"ListItem\",\"position\":1,\"name\":\"Home\",\"item\":\"https:\/\/www.movacolor.com\/es\/\"},{\"@type\":\"ListItem\",\"position\":2,\"name\":\"Industria\",\"item\":\"https:\/\/www.movacolor.com\/es\/industria\/\"},{\"@type\":\"ListItem\",\"position\":3,\"name\":\"Pel\u00edcula\"}]},{\"@type\":\"WebSite\",\"@id\":\"https:\/\/www.movacolor.com\/es\/#website\",\"url\":\"https:\/\/www.movacolor.com\/es\/\",\"name\":\"Movacolor\",\"description\":\"modular dosing solutions\",\"potentialAction\":[{\"@type\":\"SearchAction\",\"target\":{\"@type\":\"EntryPoint\",\"urlTemplate\":\"https:\/\/www.movacolor.com\/es\/?s={search_term_string}\"},\"query-input\":{\"@type\":\"PropertyValueSpecification\",\"valueRequired\":true,\"valueName\":\"search_term_string\"}}],\"inLanguage\":\"es\"}]}<\/script>\n<!-- \/ Yoast SEO plugin. -->","yoast_head_json":{"title":"Pel\u00edcula - Movacolor","description":"Optimice la producci\u00f3n de pel\u00edculas pl\u00e1sticas con la tecnolog\u00eda de dosificaci\u00f3n Movacolor. Garantice la calidad en extrusi\u00f3n con nuestro sistema probado.","robots":{"index":"index","follow":"follow","max-snippet":"max-snippet:-1","max-image-preview":"max-image-preview:large","max-video-preview":"max-video-preview:-1"},"canonical":"https:\/\/www.movacolor.com\/es\/industria\/pelicula\/","og_locale":"es_ES","og_type":"article","og_title":"Pel\u00edcula - Movacolor","og_description":"Optimice la producci\u00f3n de pel\u00edculas pl\u00e1sticas con la tecnolog\u00eda de dosificaci\u00f3n Movacolor. Garantice la calidad en extrusi\u00f3n con nuestro sistema probado.","og_url":"https:\/\/www.movacolor.com\/es\/industria\/pelicula\/","og_site_name":"Movacolor","article_modified_time":"2024-02-09T18:46:06+00:00","og_image":[{"width":289,"height":415,"url":"https:\/\/www.movacolor.com\/wp-content\/uploads\/2023\/03\/12-film.jpg","type":"image\/jpeg"}],"twitter_card":"summary_large_image","twitter_misc":{"Tiempo de lectura":"1 minuto"},"schema":{"@context":"https:\/\/schema.org","@graph":[{"@type":"WebPage","@id":"https:\/\/www.movacolor.com\/es\/industria\/pelicula\/","url":"https:\/\/www.movacolor.com\/es\/industria\/pelicula\/","name":"Pel\u00edcula - Movacolor","isPartOf":{"@id":"https:\/\/www.movacolor.com\/es\/#website"},"primaryImageOfPage":{"@id":"https:\/\/www.movacolor.com\/es\/industria\/pelicula\/#primaryimage"},"image":{"@id":"https:\/\/www.movacolor.com\/es\/industria\/pelicula\/#primaryimage"},"thumbnailUrl":"https:\/\/www.movacolor.com\/wp-content\/uploads\/2023\/03\/12-film.jpg","datePublished":"2023-01-19T08:53:27+00:00","dateModified":"2024-02-09T18:46:06+00:00","description":"Optimice la producci\u00f3n de pel\u00edculas pl\u00e1sticas con la tecnolog\u00eda de dosificaci\u00f3n Movacolor. Garantice la calidad en extrusi\u00f3n con nuestro sistema probado.","breadcrumb":{"@id":"https:\/\/www.movacolor.com\/es\/industria\/pelicula\/#breadcrumb"},"inLanguage":"es","potentialAction":[{"@type":"ReadAction","target":["https:\/\/www.movacolor.com\/es\/industria\/pelicula\/"]}]},{"@type":"ImageObject","inLanguage":"es","@id":"https:\/\/www.movacolor.com\/es\/industria\/pelicula\/#primaryimage","url":"https:\/\/www.movacolor.com\/wp-content\/uploads\/2023\/03\/12-film.jpg","contentUrl":"https:\/\/www.movacolor.com\/wp-content\/uploads\/2023\/03\/12-film.jpg","width":289,"height":415,"caption":"Film"},{"@type":"BreadcrumbList","@id":"https:\/\/www.movacolor.com\/es\/industria\/pelicula\/#breadcrumb","itemListElement":[{"@type":"ListItem","position":1,"name":"Home","item":"https:\/\/www.movacolor.com\/es\/"},{"@type":"ListItem","position":2,"name":"Industria","item":"https:\/\/www.movacolor.com\/es\/industria\/"},{"@type":"ListItem","position":3,"name":"Pel\u00edcula"}]},{"@type":"WebSite","@id":"https:\/\/www.movacolor.com\/es\/#website","url":"https:\/\/www.movacolor.com\/es\/","name":"Movacolor","description":"modular dosing solutions","potentialAction":[{"@type":"SearchAction","target":{"@type":"EntryPoint","urlTemplate":"https:\/\/www.movacolor.com\/es\/?s={search_term_string}"},"query-input":{"@type":"PropertyValueSpecification","valueRequired":true,"valueName":"search_term_string"}}],"inLanguage":"es"}]}},"_links":{"self":[{"href":"https:\/\/www.movacolor.com\/es\/wp-json\/wp\/v2\/pages\/7661","targetHints":{"allow":["GET"]}}],"collection":[{"href":"https:\/\/www.movacolor.com\/es\/wp-json\/wp\/v2\/pages"}],"about":[{"href":"https:\/\/www.movacolor.com\/es\/wp-json\/wp\/v2\/types\/page"}],"author":[{"embeddable":true,"href":"https:\/\/www.movacolor.com\/es\/wp-json\/wp\/v2\/users\/2"}],"replies":[{"embeddable":true,"href":"https:\/\/www.movacolor.com\/es\/wp-json\/wp\/v2\/comments?post=7661"}],"version-history":[{"count":1,"href":"https:\/\/www.movacolor.com\/es\/wp-json\/wp\/v2\/pages\/7661\/revisions"}],"predecessor-version":[{"id":17127,"href":"https:\/\/www.movacolor.com\/es\/wp-json\/wp\/v2\/pages\/7661\/revisions\/17127"}],"up":[{"embeddable":true,"href":"https:\/\/www.movacolor.com\/es\/wp-json\/wp\/v2\/pages\/7653"}],"wp:featuredmedia":[{"embeddable":true,"href":"https:\/\/www.movacolor.com\/es\/wp-json\/wp\/v2\/media\/3568"}],"wp:attachment":[{"href":"https:\/\/www.movacolor.com\/es\/wp-json\/wp\/v2\/media?parent=7661"}],"curies":[{"name":"wp","href":"https:\/\/api.w.org\/{rel}","templated":true}]}}