{"id":7658,"date":"2023-03-22T13:58:47","date_gmt":"2023-03-22T11:58:47","guid":{"rendered":"https:\/\/www.movacolor.com\/industria\/embalaje\/"},"modified":"2024-02-09T18:46:48","modified_gmt":"2024-02-09T16:46:48","slug":"embalaje","status":"publish","type":"page","link":"https:\/\/www.movacolor.com\/es\/industria\/embalaje\/","title":{"rendered":"Embalaje"},"content":{"rendered":"<div class=\"content\">\n<p>La variaci\u00f3n del color o de la calidad es un problema bastante com\u00fan en los envases de pl\u00e1stico. Movacolor tiene la soluci\u00f3n. Tenemos m\u00e1s de veinte a\u00f1os de experiencia desarrollando y produciendo sistemas de dosificaci\u00f3n gravim\u00e9trica y volum\u00e9trica que evitan la variaci\u00f3n de color. El control gravim\u00e9trico ofrece el m\u00e1ximo control tambi\u00e9n en porcentajes de dosificaci\u00f3n extremadamente bajos del 0,01%.<\/p>\n<\/div>\n<div><\/div>\n","protected":false},"excerpt":{"rendered":"<p>La variaci\u00f3n del color o de la calidad es un problema bastante com\u00fan en los envases de pl\u00e1stico. Movacolor tiene la soluci\u00f3n. Tenemos m\u00e1s de veinte a\u00f1os de experiencia desarrollando y produciendo sistemas de dosificaci\u00f3n gravim\u00e9trica y volum\u00e9trica que evitan la variaci\u00f3n de color. El control gravim\u00e9trico ofrece el m\u00e1ximo control tambi\u00e9n en porcentajes de&#8230;<\/p>\n","protected":false},"author":6,"featured_media":3533,"parent":7653,"menu_order":0,"comment_status":"closed","ping_status":"closed","template":"","meta":{"_acf_changed":false,"footnotes":""},"class_list":["post-7658","page","type-page","status-publish","has-post-thumbnail","hentry","us_portfolio_tag-embalaje"],"acf":[],"yoast_head":"<!-- This site is optimized with the Yoast SEO plugin v26.4 - https:\/\/yoast.com\/wordpress\/plugins\/seo\/ -->\n<title>Embalaje - Movacolor<\/title>\n<meta name=\"description\" content=\"Evite variaciones en el color garantice calidad en el embalaje pl\u00e1stico con los sistemas de dosificaci\u00f3n de Movacolor. Consejos gratuitos para producci\u00f3n.\" \/>\n<meta name=\"robots\" content=\"index, follow, max-snippet:-1, max-image-preview:large, max-video-preview:-1\" \/>\n<link rel=\"canonical\" href=\"https:\/\/www.movacolor.com\/es\/industria\/embalaje\/\" \/>\n<meta property=\"og:locale\" content=\"es_ES\" \/>\n<meta property=\"og:type\" content=\"article\" \/>\n<meta property=\"og:title\" content=\"Embalaje - Movacolor\" \/>\n<meta property=\"og:description\" content=\"Evite variaciones en el color garantice calidad en el embalaje pl\u00e1stico con los sistemas de dosificaci\u00f3n de Movacolor. Consejos gratuitos para producci\u00f3n.\" \/>\n<meta property=\"og:url\" content=\"https:\/\/www.movacolor.com\/es\/industria\/embalaje\/\" \/>\n<meta property=\"og:site_name\" content=\"Movacolor\" \/>\n<meta property=\"article:modified_time\" content=\"2024-02-09T16:46:48+00:00\" \/>\n<meta property=\"og:image\" content=\"https:\/\/www.movacolor.com\/wp-content\/uploads\/2023\/03\/7-packaging.jpg\" \/>\n\t<meta property=\"og:image:width\" content=\"849\" \/>\n\t<meta property=\"og:image:height\" content=\"565\" \/>\n\t<meta property=\"og:image:type\" content=\"image\/jpeg\" \/>\n<meta name=\"twitter:card\" content=\"summary_large_image\" \/>\n<meta name=\"twitter:label1\" content=\"Tiempo de lectura\" \/>\n\t<meta name=\"twitter:data1\" content=\"1 minuto\" \/>\n<script type=\"application\/ld+json\" class=\"yoast-schema-graph\">{\"@context\":\"https:\/\/schema.org\",\"@graph\":[{\"@type\":\"WebPage\",\"@id\":\"https:\/\/www.movacolor.com\/es\/industria\/embalaje\/\",\"url\":\"https:\/\/www.movacolor.com\/es\/industria\/embalaje\/\",\"name\":\"Embalaje - Movacolor\",\"isPartOf\":{\"@id\":\"https:\/\/www.movacolor.com\/es\/#website\"},\"primaryImageOfPage\":{\"@id\":\"https:\/\/www.movacolor.com\/es\/industria\/embalaje\/#primaryimage\"},\"image\":{\"@id\":\"https:\/\/www.movacolor.com\/es\/industria\/embalaje\/#primaryimage\"},\"thumbnailUrl\":\"https:\/\/www.movacolor.com\/wp-content\/uploads\/2023\/03\/7-packaging.jpg\",\"datePublished\":\"2023-03-22T11:58:47+00:00\",\"dateModified\":\"2024-02-09T16:46:48+00:00\",\"description\":\"Evite variaciones en el color garantice calidad en el embalaje pl\u00e1stico con los sistemas de dosificaci\u00f3n de Movacolor. Consejos gratuitos para producci\u00f3n.\",\"breadcrumb\":{\"@id\":\"https:\/\/www.movacolor.com\/es\/industria\/embalaje\/#breadcrumb\"},\"inLanguage\":\"es\",\"potentialAction\":[{\"@type\":\"ReadAction\",\"target\":[\"https:\/\/www.movacolor.com\/es\/industria\/embalaje\/\"]}]},{\"@type\":\"ImageObject\",\"inLanguage\":\"es\",\"@id\":\"https:\/\/www.movacolor.com\/es\/industria\/embalaje\/#primaryimage\",\"url\":\"https:\/\/www.movacolor.com\/wp-content\/uploads\/2023\/03\/7-packaging.jpg\",\"contentUrl\":\"https:\/\/www.movacolor.com\/wp-content\/uploads\/2023\/03\/7-packaging.jpg\",\"width\":849,\"height\":565,\"caption\":\"Packaging\"},{\"@type\":\"BreadcrumbList\",\"@id\":\"https:\/\/www.movacolor.com\/es\/industria\/embalaje\/#breadcrumb\",\"itemListElement\":[{\"@type\":\"ListItem\",\"position\":1,\"name\":\"Home\",\"item\":\"https:\/\/www.movacolor.com\/es\/\"},{\"@type\":\"ListItem\",\"position\":2,\"name\":\"Industria\",\"item\":\"https:\/\/www.movacolor.com\/es\/industria\/\"},{\"@type\":\"ListItem\",\"position\":3,\"name\":\"Embalaje\"}]},{\"@type\":\"WebSite\",\"@id\":\"https:\/\/www.movacolor.com\/es\/#website\",\"url\":\"https:\/\/www.movacolor.com\/es\/\",\"name\":\"Movacolor\",\"description\":\"modular dosing solutions\",\"potentialAction\":[{\"@type\":\"SearchAction\",\"target\":{\"@type\":\"EntryPoint\",\"urlTemplate\":\"https:\/\/www.movacolor.com\/es\/?s={search_term_string}\"},\"query-input\":{\"@type\":\"PropertyValueSpecification\",\"valueRequired\":true,\"valueName\":\"search_term_string\"}}],\"inLanguage\":\"es\"}]}<\/script>\n<!-- \/ Yoast SEO plugin. -->","yoast_head_json":{"title":"Embalaje - Movacolor","description":"Evite variaciones en el color garantice calidad en el embalaje pl\u00e1stico con los sistemas de dosificaci\u00f3n de Movacolor. Consejos gratuitos para producci\u00f3n.","robots":{"index":"index","follow":"follow","max-snippet":"max-snippet:-1","max-image-preview":"max-image-preview:large","max-video-preview":"max-video-preview:-1"},"canonical":"https:\/\/www.movacolor.com\/es\/industria\/embalaje\/","og_locale":"es_ES","og_type":"article","og_title":"Embalaje - Movacolor","og_description":"Evite variaciones en el color garantice calidad en el embalaje pl\u00e1stico con los sistemas de dosificaci\u00f3n de Movacolor. Consejos gratuitos para producci\u00f3n.","og_url":"https:\/\/www.movacolor.com\/es\/industria\/embalaje\/","og_site_name":"Movacolor","article_modified_time":"2024-02-09T16:46:48+00:00","og_image":[{"width":849,"height":565,"url":"https:\/\/www.movacolor.com\/wp-content\/uploads\/2023\/03\/7-packaging.jpg","type":"image\/jpeg"}],"twitter_card":"summary_large_image","twitter_misc":{"Tiempo de lectura":"1 minuto"},"schema":{"@context":"https:\/\/schema.org","@graph":[{"@type":"WebPage","@id":"https:\/\/www.movacolor.com\/es\/industria\/embalaje\/","url":"https:\/\/www.movacolor.com\/es\/industria\/embalaje\/","name":"Embalaje - Movacolor","isPartOf":{"@id":"https:\/\/www.movacolor.com\/es\/#website"},"primaryImageOfPage":{"@id":"https:\/\/www.movacolor.com\/es\/industria\/embalaje\/#primaryimage"},"image":{"@id":"https:\/\/www.movacolor.com\/es\/industria\/embalaje\/#primaryimage"},"thumbnailUrl":"https:\/\/www.movacolor.com\/wp-content\/uploads\/2023\/03\/7-packaging.jpg","datePublished":"2023-03-22T11:58:47+00:00","dateModified":"2024-02-09T16:46:48+00:00","description":"Evite variaciones en el color garantice calidad en el embalaje pl\u00e1stico con los sistemas de dosificaci\u00f3n de Movacolor. Consejos gratuitos para producci\u00f3n.","breadcrumb":{"@id":"https:\/\/www.movacolor.com\/es\/industria\/embalaje\/#breadcrumb"},"inLanguage":"es","potentialAction":[{"@type":"ReadAction","target":["https:\/\/www.movacolor.com\/es\/industria\/embalaje\/"]}]},{"@type":"ImageObject","inLanguage":"es","@id":"https:\/\/www.movacolor.com\/es\/industria\/embalaje\/#primaryimage","url":"https:\/\/www.movacolor.com\/wp-content\/uploads\/2023\/03\/7-packaging.jpg","contentUrl":"https:\/\/www.movacolor.com\/wp-content\/uploads\/2023\/03\/7-packaging.jpg","width":849,"height":565,"caption":"Packaging"},{"@type":"BreadcrumbList","@id":"https:\/\/www.movacolor.com\/es\/industria\/embalaje\/#breadcrumb","itemListElement":[{"@type":"ListItem","position":1,"name":"Home","item":"https:\/\/www.movacolor.com\/es\/"},{"@type":"ListItem","position":2,"name":"Industria","item":"https:\/\/www.movacolor.com\/es\/industria\/"},{"@type":"ListItem","position":3,"name":"Embalaje"}]},{"@type":"WebSite","@id":"https:\/\/www.movacolor.com\/es\/#website","url":"https:\/\/www.movacolor.com\/es\/","name":"Movacolor","description":"modular dosing solutions","potentialAction":[{"@type":"SearchAction","target":{"@type":"EntryPoint","urlTemplate":"https:\/\/www.movacolor.com\/es\/?s={search_term_string}"},"query-input":{"@type":"PropertyValueSpecification","valueRequired":true,"valueName":"search_term_string"}}],"inLanguage":"es"}]}},"_links":{"self":[{"href":"https:\/\/www.movacolor.com\/es\/wp-json\/wp\/v2\/pages\/7658","targetHints":{"allow":["GET"]}}],"collection":[{"href":"https:\/\/www.movacolor.com\/es\/wp-json\/wp\/v2\/pages"}],"about":[{"href":"https:\/\/www.movacolor.com\/es\/wp-json\/wp\/v2\/types\/page"}],"author":[{"embeddable":true,"href":"https:\/\/www.movacolor.com\/es\/wp-json\/wp\/v2\/users\/6"}],"replies":[{"embeddable":true,"href":"https:\/\/www.movacolor.com\/es\/wp-json\/wp\/v2\/comments?post=7658"}],"version-history":[{"count":1,"href":"https:\/\/www.movacolor.com\/es\/wp-json\/wp\/v2\/pages\/7658\/revisions"}],"predecessor-version":[{"id":17104,"href":"https:\/\/www.movacolor.com\/es\/wp-json\/wp\/v2\/pages\/7658\/revisions\/17104"}],"up":[{"embeddable":true,"href":"https:\/\/www.movacolor.com\/es\/wp-json\/wp\/v2\/pages\/7653"}],"wp:featuredmedia":[{"embeddable":true,"href":"https:\/\/www.movacolor.com\/es\/wp-json\/wp\/v2\/media\/3533"}],"wp:attachment":[{"href":"https:\/\/www.movacolor.com\/es\/wp-json\/wp\/v2\/media?parent=7658"}],"curies":[{"name":"wp","href":"https:\/\/api.w.org\/{rel}","templated":true}]}}