{"id":7612,"date":"2023-01-11T09:00:18","date_gmt":"2023-01-11T07:00:18","guid":{"rendered":"https:\/\/www.movacolor.com\/contacto\/representantes\/"},"modified":"2023-11-28T16:53:56","modified_gmt":"2023-11-28T14:53:56","slug":"representantes","status":"publish","type":"page","link":"https:\/\/www.movacolor.com\/es\/contact\/distribuidores-y-agentes\/","title":{"rendered":"Distribuidores y agentes"},"content":{"rendered":"<section class=\"l-section wpb_row us_custom_60e9caca us_animate_this height_auto\"><div class=\"l-section-h i-cf\"><div class=\"g-cols vc_row via_flex valign_top type_boxes stacking_default\"><div class=\"vc_col-sm-12 wpb_column vc_column_container\"><div class=\"vc_column-inner us_custom_3d831995\"><div class=\"wpb_wrapper\"><div class=\"wpb_text_column\"><div class=\"wpb_wrapper\"><h1>Distribuidores y agentes<\/h1>\n<p>Movacolor cuenta con una red mundial de distribuidores y agentes con amplia experiencia en los campos del moldeo por inyecci\u00f3n y la extrusi\u00f3n. Cada representante est\u00e1 especializado en las aplicaciones de los sistemas de dosificaci\u00f3n Movacolor y en los requisitos de dosificaci\u00f3n de los productores de pl\u00e1sticos.<\/p>\n<\/div><\/div><\/div><\/div><\/div><\/div><\/div><\/section><section class=\"l-section wpb_row us_custom_c70c97eb height_auto width_full\"><div class=\"l-section-h i-cf\"><div class=\"g-cols vc_row via_flex valign_top type_boxes stacking_default\"><div class=\"vc_col-sm-12 wpb_column vc_column_container\"><div class=\"vc_column-inner\"><div class=\"wpb_wrapper\"><div class=\"w-html\"><div id=\"wpsl-wrap\">\r\n\t\t<\/div>\r\n\t<\/div>\r\n\t<div id=\"wpsl-gmap\" class=\"wpsl-gmap-canvas\"><\/div>\r\n\t<div id=\"wpsl-result-list\">\r\n\t\t\t<form autocomplete=\"off\">\r\n\t\t\t<div class=\"wpsl-input\">\r\n\t<div class=\"legend-mob\"><div class=\"w-hwrapper align_none valign_top wpsl-cat-wrapper\"><div class=\"w-iconbox iconpos_left style_default color_primary align_left no_text icontype_img\"><div class=\"w-iconbox-icon\" style=\"font-size:2rem;\"><img decoding=\"async\" src=\"https:\/\/www.movacolor.com\/wp-content\/uploads\/2025\/02\/Movacolor-kantoor-aanwijzer-store-locator-.png\" alt=\"Oficina Movacolor\"><\/div><div class=\"w-iconbox-meta\"><div class=\"w-iconbox-title\">Oficina Movacolor<\/div><\/div><\/div><div class=\"w-iconbox iconpos_left style_default color_primary align_left no_text icontype_img\"><div class=\"w-iconbox-icon\" style=\"font-size:2rem;\"><img decoding=\"async\" src=\"https:\/\/www.movacolor.com\/wp-content\/uploads\/2025\/02\/Location-point-store-locator-website-.png\" alt=\"Socio comercial\"><\/div><div class=\"w-iconbox-meta\"><div class=\"w-iconbox-title\">Socio comercial<\/div><\/div><\/div><\/div><\/div>\r\n\t\t\t\t<div><h5><label for=\"wpsl-search-input\">Find your local Channel Partner<\/label><\/h5><\/div>\r\n\t\t\t<div class=\"wpsl-search-wrapper\">\r\n\t\t\t\t<input id=\"wpsl-search-input\" class=\"wpsl-input-field\" type=\"text\" value=\"\" name=\"wpsl-search-input\" placeholder=\"Tu ubicaci\u00f3n\" aria-required=\"true\" \/>\r\n\t\t\t\t<input id=\"wpsl-search-btn\" class=\"wpsl-btn fa-input\" type=\"submit\" value=\"&#xf002;\">\r\n\t\t\t<\/div>\r\n\t\t<\/form>\r\n\t\t\t<\/div>\r\n\t\t<div id=\"wpsl-stores\" >\r\n\t\t\t<ul><\/ul>\r\n\t\t<\/div>\r\n\t\t<div id=\"wpsl-direction-details\">\r\n\t\t\t<ul><\/ul>\r\n\t\t<\/div>\r\n\t<\/div>\r\n\t<div class=\"legend\"><div class=\"w-hwrapper align_none valign_top wpsl-cat-wrapper\"><div class=\"w-iconbox iconpos_left style_default color_primary align_left no_text icontype_img\"><div class=\"w-iconbox-icon\" style=\"font-size:2rem;\"><img decoding=\"async\" src=\"https:\/\/www.movacolor.com\/wp-content\/uploads\/2025\/02\/Movacolor-kantoor-aanwijzer-store-locator-.png\" alt=\"Oficina Movacolor\"><\/div><div class=\"w-iconbox-meta\"><div class=\"w-iconbox-title\">Oficina Movacolor<\/div><\/div><\/div><div class=\"w-iconbox iconpos_left style_default color_primary align_left no_text icontype_img\"><div class=\"w-iconbox-icon\" style=\"font-size:2rem;\"><img decoding=\"async\" src=\"https:\/\/www.movacolor.com\/wp-content\/uploads\/2025\/02\/Location-point-store-locator-website-.png\" alt=\"Socio comercial\"><\/div><div class=\"w-iconbox-meta\"><div class=\"w-iconbox-title\">Socio comercial<\/div><\/div><\/div><\/div><\/div>\r\n<\/div>\r\n<\/div><\/div><\/div><\/div><\/div><\/div><\/section>\n","protected":false},"excerpt":{"rendered":"Distribuidores y agentes Movacolor cuenta con una red mundial de distribuidores y agentes con amplia experiencia en los campos del moldeo por inyecci\u00f3n y la extrusi\u00f3n. Cada representante est\u00e1 especializado en las aplicaciones de los sistemas de dosificaci\u00f3n Movacolor y en los requisitos de dosificaci\u00f3n de los productores de pl\u00e1sticos. Oficina MovacolorSocio comercial Find your...","protected":false},"author":2,"featured_media":0,"parent":7606,"menu_order":0,"comment_status":"closed","ping_status":"closed","template":"","meta":{"_acf_changed":false,"footnotes":""},"class_list":["post-7612","page","type-page","status-publish","hentry"],"acf":[],"yoast_head":"<!-- This site is optimized with the Yoast SEO plugin v26.4 - https:\/\/yoast.com\/wordpress\/plugins\/seo\/ -->\n<title>Distribuidores y agentes - Movacolor<\/title>\n<meta name=\"description\" content=\"P\u00f3ngase en contacto con su distribuidor o agente local de Movacolor hoy mismo.\" \/>\n<meta name=\"robots\" content=\"index, follow, max-snippet:-1, max-image-preview:large, max-video-preview:-1\" \/>\n<link rel=\"canonical\" href=\"https:\/\/www.movacolor.com\/es\/contact\/distribuidores-y-agentes\/\" \/>\n<meta property=\"og:locale\" content=\"es_ES\" \/>\n<meta property=\"og:type\" content=\"article\" \/>\n<meta property=\"og:title\" content=\"Distribuidores y agentes - Movacolor\" \/>\n<meta property=\"og:description\" content=\"P\u00f3ngase en contacto con su distribuidor o agente local de Movacolor hoy mismo.\" \/>\n<meta property=\"og:url\" content=\"https:\/\/www.movacolor.com\/es\/contact\/distribuidores-y-agentes\/\" \/>\n<meta property=\"og:site_name\" content=\"Movacolor\" \/>\n<meta property=\"article:modified_time\" content=\"2023-11-28T14:53:56+00:00\" \/>\n<meta name=\"twitter:card\" content=\"summary_large_image\" \/>\n<meta name=\"twitter:label1\" content=\"Tiempo de lectura\" \/>\n\t<meta name=\"twitter:data1\" content=\"1 minuto\" \/>\n<script type=\"application\/ld+json\" class=\"yoast-schema-graph\">{\"@context\":\"https:\/\/schema.org\",\"@graph\":[{\"@type\":\"WebPage\",\"@id\":\"https:\/\/www.movacolor.com\/es\/contact\/distribuidores-y-agentes\/\",\"url\":\"https:\/\/www.movacolor.com\/es\/contact\/distribuidores-y-agentes\/\",\"name\":\"Distribuidores y agentes - Movacolor\",\"isPartOf\":{\"@id\":\"https:\/\/www.movacolor.com\/es\/#website\"},\"datePublished\":\"2023-01-11T07:00:18+00:00\",\"dateModified\":\"2023-11-28T14:53:56+00:00\",\"description\":\"P\u00f3ngase en contacto con su distribuidor o agente local de Movacolor hoy mismo.\",\"breadcrumb\":{\"@id\":\"https:\/\/www.movacolor.com\/es\/contact\/distribuidores-y-agentes\/#breadcrumb\"},\"inLanguage\":\"es\",\"potentialAction\":[{\"@type\":\"ReadAction\",\"target\":[\"https:\/\/www.movacolor.com\/es\/contact\/distribuidores-y-agentes\/\"]}]},{\"@type\":\"BreadcrumbList\",\"@id\":\"https:\/\/www.movacolor.com\/es\/contact\/distribuidores-y-agentes\/#breadcrumb\",\"itemListElement\":[{\"@type\":\"ListItem\",\"position\":1,\"name\":\"Home\",\"item\":\"https:\/\/www.movacolor.com\/es\/\"},{\"@type\":\"ListItem\",\"position\":2,\"name\":\"Contacto\",\"item\":\"https:\/\/www.movacolor.com\/es\/contacto\/\"},{\"@type\":\"ListItem\",\"position\":3,\"name\":\"Distribuidores y agentes\"}]},{\"@type\":\"WebSite\",\"@id\":\"https:\/\/www.movacolor.com\/es\/#website\",\"url\":\"https:\/\/www.movacolor.com\/es\/\",\"name\":\"Movacolor\",\"description\":\"modular dosing solutions\",\"potentialAction\":[{\"@type\":\"SearchAction\",\"target\":{\"@type\":\"EntryPoint\",\"urlTemplate\":\"https:\/\/www.movacolor.com\/es\/?s={search_term_string}\"},\"query-input\":{\"@type\":\"PropertyValueSpecification\",\"valueRequired\":true,\"valueName\":\"search_term_string\"}}],\"inLanguage\":\"es\"}]}<\/script>\n<!-- \/ Yoast SEO plugin. -->","yoast_head_json":{"title":"Distribuidores y agentes - Movacolor","description":"P\u00f3ngase en contacto con su distribuidor o agente local de Movacolor hoy mismo.","robots":{"index":"index","follow":"follow","max-snippet":"max-snippet:-1","max-image-preview":"max-image-preview:large","max-video-preview":"max-video-preview:-1"},"canonical":"https:\/\/www.movacolor.com\/es\/contact\/distribuidores-y-agentes\/","og_locale":"es_ES","og_type":"article","og_title":"Distribuidores y agentes - Movacolor","og_description":"P\u00f3ngase en contacto con su distribuidor o agente local de Movacolor hoy mismo.","og_url":"https:\/\/www.movacolor.com\/es\/contact\/distribuidores-y-agentes\/","og_site_name":"Movacolor","article_modified_time":"2023-11-28T14:53:56+00:00","twitter_card":"summary_large_image","twitter_misc":{"Tiempo de lectura":"1 minuto"},"schema":{"@context":"https:\/\/schema.org","@graph":[{"@type":"WebPage","@id":"https:\/\/www.movacolor.com\/es\/contact\/distribuidores-y-agentes\/","url":"https:\/\/www.movacolor.com\/es\/contact\/distribuidores-y-agentes\/","name":"Distribuidores y agentes - Movacolor","isPartOf":{"@id":"https:\/\/www.movacolor.com\/es\/#website"},"datePublished":"2023-01-11T07:00:18+00:00","dateModified":"2023-11-28T14:53:56+00:00","description":"P\u00f3ngase en contacto con su distribuidor o agente local de Movacolor hoy mismo.","breadcrumb":{"@id":"https:\/\/www.movacolor.com\/es\/contact\/distribuidores-y-agentes\/#breadcrumb"},"inLanguage":"es","potentialAction":[{"@type":"ReadAction","target":["https:\/\/www.movacolor.com\/es\/contact\/distribuidores-y-agentes\/"]}]},{"@type":"BreadcrumbList","@id":"https:\/\/www.movacolor.com\/es\/contact\/distribuidores-y-agentes\/#breadcrumb","itemListElement":[{"@type":"ListItem","position":1,"name":"Home","item":"https:\/\/www.movacolor.com\/es\/"},{"@type":"ListItem","position":2,"name":"Contacto","item":"https:\/\/www.movacolor.com\/es\/contacto\/"},{"@type":"ListItem","position":3,"name":"Distribuidores y agentes"}]},{"@type":"WebSite","@id":"https:\/\/www.movacolor.com\/es\/#website","url":"https:\/\/www.movacolor.com\/es\/","name":"Movacolor","description":"modular dosing solutions","potentialAction":[{"@type":"SearchAction","target":{"@type":"EntryPoint","urlTemplate":"https:\/\/www.movacolor.com\/es\/?s={search_term_string}"},"query-input":{"@type":"PropertyValueSpecification","valueRequired":true,"valueName":"search_term_string"}}],"inLanguage":"es"}]}},"_links":{"self":[{"href":"https:\/\/www.movacolor.com\/es\/wp-json\/wp\/v2\/pages\/7612","targetHints":{"allow":["GET"]}}],"collection":[{"href":"https:\/\/www.movacolor.com\/es\/wp-json\/wp\/v2\/pages"}],"about":[{"href":"https:\/\/www.movacolor.com\/es\/wp-json\/wp\/v2\/types\/page"}],"author":[{"embeddable":true,"href":"https:\/\/www.movacolor.com\/es\/wp-json\/wp\/v2\/users\/2"}],"replies":[{"embeddable":true,"href":"https:\/\/www.movacolor.com\/es\/wp-json\/wp\/v2\/comments?post=7612"}],"version-history":[{"count":5,"href":"https:\/\/www.movacolor.com\/es\/wp-json\/wp\/v2\/pages\/7612\/revisions"}],"predecessor-version":[{"id":10248,"href":"https:\/\/www.movacolor.com\/es\/wp-json\/wp\/v2\/pages\/7612\/revisions\/10248"}],"up":[{"embeddable":true,"href":"https:\/\/www.movacolor.com\/es\/wp-json\/wp\/v2\/pages\/7606"}],"wp:attachment":[{"href":"https:\/\/www.movacolor.com\/es\/wp-json\/wp\/v2\/media?parent=7612"}],"curies":[{"name":"wp","href":"https:\/\/api.w.org\/{rel}","templated":true}]}}