{"id":7600,"date":"2023-03-17T15:13:17","date_gmt":"2023-03-17T13:13:17","guid":{"rendered":"https:\/\/www.movacolor.com\/sala-de-exposicion-en-linea\/"},"modified":"2023-07-25T12:08:50","modified_gmt":"2023-07-25T10:08:50","slug":"sala-de-exposicion-en-linea","status":"publish","type":"page","link":"https:\/\/www.movacolor.com\/es\/online-showroom\/","title":{"rendered":"Sala de exposici\u00f3n en l\u00ednea"},"content":{"rendered":"<section class=\"l-section wpb_row height_medium\"><div class=\"l-section-h i-cf\"><div class=\"g-cols vc_row via_flex valign_top type_default stacking_default\"><div class=\"vc_col-sm-12 wpb_column vc_column_container\"><div class=\"vc_column-inner\"><div class=\"wpb_wrapper\"><div class=\"wpb_text_column\"><div class=\"wpb_wrapper\"><h1>Sala de exposici\u00f3n Movacolor en l\u00ednea<\/h1>\n<p>En nuestra sala de exposici\u00f3n en l\u00ednea puede aprender todo sobre nuestras innovadoras soluciones de dosificaci\u00f3n y mezcla para aplicaciones de extrusi\u00f3n, moldeo por inyecci\u00f3n, moldeo por soplado y compuestos.<\/p>\n<p>Si tiene alguna pregunta sobre nuestro concepto de dosificaci\u00f3n modular, no dude en <a href=\"https:\/\/www.movacolor.com\/es\/contact\/\">llamarnos o enviarnos un correo electr\u00f3nico<\/a>.<\/p>\n<\/div><\/div><div class=\"w-separator size_medium\"><\/div>[vc_raw_html]PGlmcmFtZSB3aWR0aD0nMTQ0MCcgaGVpZ2h0PSc2MDAnIHNyYz0naHR0cHM6Ly9teS5tYXR0ZXJwb3J0LmNvbS9zaG93Lz9tPWh4Smh6cnRuOFQ5JyBmcmFtZWJvcmRlcj0nMCcgYWxsb3dmdWxsc2NyZWVuIGFsbG93PSd4ci1zcGF0aWFsLXRyYWNraW5nJz48L2lmcmFtZT4=[\/vc_raw_html]<\/div><\/div><\/div><\/div><\/div><\/section><section class=\"l-section wpb_row height_medium\"><div class=\"l-section-h i-cf\"><div class=\"g-cols vc_row via_flex valign_top type_default stacking_default\"><div class=\"vc_col-sm-12 wpb_column vc_column_container\"><div class=\"vc_column-inner\"><div class=\"wpb_wrapper\"><\/div><\/div><\/div><\/div><\/div><\/section>\n","protected":false},"excerpt":{"rendered":"Sala de exposici\u00f3n Movacolor en l\u00ednea En nuestra sala de exposici\u00f3n en l\u00ednea puede aprender todo sobre nuestras innovadoras soluciones de dosificaci\u00f3n y mezcla para aplicaciones de extrusi\u00f3n, moldeo por inyecci\u00f3n, moldeo por soplado y compuestos. Si tiene alguna pregunta sobre nuestro concepto de dosificaci\u00f3n modular, no dude en llamarnos o enviarnos un correo electr\u00f3nico....","protected":false},"author":6,"featured_media":0,"parent":0,"menu_order":0,"comment_status":"closed","ping_status":"closed","template":"","meta":{"_acf_changed":false,"footnotes":""},"class_list":["post-7600","page","type-page","status-publish","hentry"],"acf":[],"yoast_head":"<!-- This site is optimized with the Yoast SEO plugin v26.4 - https:\/\/yoast.com\/wordpress\/plugins\/seo\/ -->\n<title>Sala de exposici\u00f3n en l\u00ednea - Movacolor<\/title>\n<meta name=\"robots\" content=\"index, follow, max-snippet:-1, max-image-preview:large, max-video-preview:-1\" \/>\n<link rel=\"canonical\" href=\"https:\/\/www.movacolor.com\/es\/online-showroom\/\" \/>\n<meta property=\"og:locale\" content=\"es_ES\" \/>\n<meta property=\"og:type\" content=\"article\" \/>\n<meta property=\"og:title\" content=\"Sala de exposici\u00f3n en l\u00ednea - Movacolor\" \/>\n<meta property=\"og:url\" content=\"https:\/\/www.movacolor.com\/es\/online-showroom\/\" \/>\n<meta property=\"og:site_name\" content=\"Movacolor\" \/>\n<meta property=\"article:modified_time\" content=\"2023-07-25T10:08:50+00:00\" \/>\n<meta name=\"twitter:card\" content=\"summary_large_image\" \/>\n<meta name=\"twitter:label1\" content=\"Tiempo de lectura\" \/>\n\t<meta name=\"twitter:data1\" content=\"1 minuto\" \/>\n<script type=\"application\/ld+json\" class=\"yoast-schema-graph\">{\"@context\":\"https:\/\/schema.org\",\"@graph\":[{\"@type\":\"WebPage\",\"@id\":\"https:\/\/www.movacolor.com\/es\/online-showroom\/\",\"url\":\"https:\/\/www.movacolor.com\/es\/online-showroom\/\",\"name\":\"Sala de exposici\u00f3n en l\u00ednea - Movacolor\",\"isPartOf\":{\"@id\":\"https:\/\/www.movacolor.com\/es\/#website\"},\"datePublished\":\"2023-03-17T13:13:17+00:00\",\"dateModified\":\"2023-07-25T10:08:50+00:00\",\"breadcrumb\":{\"@id\":\"https:\/\/www.movacolor.com\/es\/online-showroom\/#breadcrumb\"},\"inLanguage\":\"es\",\"potentialAction\":[{\"@type\":\"ReadAction\",\"target\":[\"https:\/\/www.movacolor.com\/es\/online-showroom\/\"]}]},{\"@type\":\"BreadcrumbList\",\"@id\":\"https:\/\/www.movacolor.com\/es\/online-showroom\/#breadcrumb\",\"itemListElement\":[{\"@type\":\"ListItem\",\"position\":1,\"name\":\"Home\",\"item\":\"https:\/\/www.movacolor.com\/es\/\"},{\"@type\":\"ListItem\",\"position\":2,\"name\":\"Sala de exposici\u00f3n en l\u00ednea\"}]},{\"@type\":\"WebSite\",\"@id\":\"https:\/\/www.movacolor.com\/es\/#website\",\"url\":\"https:\/\/www.movacolor.com\/es\/\",\"name\":\"Movacolor\",\"description\":\"modular dosing solutions\",\"potentialAction\":[{\"@type\":\"SearchAction\",\"target\":{\"@type\":\"EntryPoint\",\"urlTemplate\":\"https:\/\/www.movacolor.com\/es\/?s={search_term_string}\"},\"query-input\":{\"@type\":\"PropertyValueSpecification\",\"valueRequired\":true,\"valueName\":\"search_term_string\"}}],\"inLanguage\":\"es\"}]}<\/script>\n<!-- \/ Yoast SEO plugin. -->","yoast_head_json":{"title":"Sala de exposici\u00f3n en l\u00ednea - Movacolor","robots":{"index":"index","follow":"follow","max-snippet":"max-snippet:-1","max-image-preview":"max-image-preview:large","max-video-preview":"max-video-preview:-1"},"canonical":"https:\/\/www.movacolor.com\/es\/online-showroom\/","og_locale":"es_ES","og_type":"article","og_title":"Sala de exposici\u00f3n en l\u00ednea - Movacolor","og_url":"https:\/\/www.movacolor.com\/es\/online-showroom\/","og_site_name":"Movacolor","article_modified_time":"2023-07-25T10:08:50+00:00","twitter_card":"summary_large_image","twitter_misc":{"Tiempo de lectura":"1 minuto"},"schema":{"@context":"https:\/\/schema.org","@graph":[{"@type":"WebPage","@id":"https:\/\/www.movacolor.com\/es\/online-showroom\/","url":"https:\/\/www.movacolor.com\/es\/online-showroom\/","name":"Sala de exposici\u00f3n en l\u00ednea - Movacolor","isPartOf":{"@id":"https:\/\/www.movacolor.com\/es\/#website"},"datePublished":"2023-03-17T13:13:17+00:00","dateModified":"2023-07-25T10:08:50+00:00","breadcrumb":{"@id":"https:\/\/www.movacolor.com\/es\/online-showroom\/#breadcrumb"},"inLanguage":"es","potentialAction":[{"@type":"ReadAction","target":["https:\/\/www.movacolor.com\/es\/online-showroom\/"]}]},{"@type":"BreadcrumbList","@id":"https:\/\/www.movacolor.com\/es\/online-showroom\/#breadcrumb","itemListElement":[{"@type":"ListItem","position":1,"name":"Home","item":"https:\/\/www.movacolor.com\/es\/"},{"@type":"ListItem","position":2,"name":"Sala de exposici\u00f3n en l\u00ednea"}]},{"@type":"WebSite","@id":"https:\/\/www.movacolor.com\/es\/#website","url":"https:\/\/www.movacolor.com\/es\/","name":"Movacolor","description":"modular dosing solutions","potentialAction":[{"@type":"SearchAction","target":{"@type":"EntryPoint","urlTemplate":"https:\/\/www.movacolor.com\/es\/?s={search_term_string}"},"query-input":{"@type":"PropertyValueSpecification","valueRequired":true,"valueName":"search_term_string"}}],"inLanguage":"es"}]}},"_links":{"self":[{"href":"https:\/\/www.movacolor.com\/es\/wp-json\/wp\/v2\/pages\/7600","targetHints":{"allow":["GET"]}}],"collection":[{"href":"https:\/\/www.movacolor.com\/es\/wp-json\/wp\/v2\/pages"}],"about":[{"href":"https:\/\/www.movacolor.com\/es\/wp-json\/wp\/v2\/types\/page"}],"author":[{"embeddable":true,"href":"https:\/\/www.movacolor.com\/es\/wp-json\/wp\/v2\/users\/6"}],"replies":[{"embeddable":true,"href":"https:\/\/www.movacolor.com\/es\/wp-json\/wp\/v2\/comments?post=7600"}],"version-history":[{"count":2,"href":"https:\/\/www.movacolor.com\/es\/wp-json\/wp\/v2\/pages\/7600\/revisions"}],"predecessor-version":[{"id":7602,"href":"https:\/\/www.movacolor.com\/es\/wp-json\/wp\/v2\/pages\/7600\/revisions\/7602"}],"wp:attachment":[{"href":"https:\/\/www.movacolor.com\/es\/wp-json\/wp\/v2\/media?parent=7600"}],"curies":[{"name":"wp","href":"https:\/\/api.w.org\/{rel}","templated":true}]}}