{"id":7597,"date":"2023-03-20T09:25:11","date_gmt":"2023-03-20T07:25:11","guid":{"rendered":"https:\/\/www.movacolor.com\/alimentador-volumetrico\/"},"modified":"2023-07-25T12:08:21","modified_gmt":"2023-07-25T10:08:21","slug":"alimentador-volumetrico","status":"publish","type":"page","link":"https:\/\/www.movacolor.com\/es\/volumetric-feeder\/","title":{"rendered":"Alimentador volum\u00e9trico"},"content":{"rendered":"<section class=\"l-section wpb_row height_medium\"><div class=\"l-section-h i-cf\"><div class=\"g-cols vc_row via_flex valign_top type_default stacking_default\"><div class=\"vc_col-sm-12 wpb_column vc_column_container\"><div class=\"vc_column-inner\"><div class=\"wpb_wrapper\"><div class=\"wpb_text_column\"><div class=\"wpb_wrapper\"><section class=\"texto-con-imagen\">\n<h1 class=\"row\">Dosificadores volum\u00e9tricos para extrusi\u00f3n y moldeo por inyecci\u00f3n<\/h1>\n<p class=\"row\">Dosificar con un dosificador volum\u00e9trico significa a\u00f1adir masterbatch, polvo, triturado o aditivos l\u00edquidos por volumen a un proceso de producci\u00f3n de pl\u00e1sticos. Un dosificador volum\u00e9trico debe calibrarse manualmente, ya que el volumen puede variar debido a factores externos. La alimentaci\u00f3n volum\u00e9trica se utiliza tanto en el moldeo por inyecci\u00f3n como en la extrusi\u00f3n.<\/p>\n<p><h2 class=\"row\">Alimentadores volum\u00e9tricos de baja inversi\u00f3n<\/h2>\n<p class=\"row\">En la industria del moldeo por inyecci\u00f3n el alimentador volum\u00e9trico <a title=\"MC12: modelo de entrada dosificaci\u00f3n volum\u00e9trica para moldeo por inyecci\u00f3n y extrusi\u00f3n\" href=\"https:\/\/www.movacolor.com\/es\/product-categories\/mds\/mds-6-feeder-mc12\/\">MDS 6 Feeder (MC12)<\/a> de Movacolor es muy vendido. Este es el alimentador volum\u00e9trico m\u00e1s barato de Movacolor y tambi\u00e9n muy adecuado para aplicaciones de extrusi\u00f3n. Para la industria de extrusi\u00f3n Movacolor ofrece el alimentador volum\u00e9trico <a title=\"MC18: sistema de dosificaci\u00f3n en l\u00ednea para moldeo por inyecci\u00f3n y extrusi\u00f3n\" href=\"https:\/\/www.movacolor.com\/es\/product-categories\/mds\/mds-6-feeder-mc18\/\">MDS 6 Feeder (MC18)<\/a>, que se ajusta autom\u00e1ticamente a la velocidad de la extrusora. Los robustos MC12 Economy y MC18 synchronic tienen una capacidad de 0,07-180 kg\/h, suponen una inversi\u00f3n relativamente baja, proporcionan de inmediato un gran ahorro y son f\u00e1ciles de manejar con un panel de control.<\/p>\n<p><strong>Sistema de inyecci\u00f3n de moldes<\/strong>.<\/p>\n<\/section>\n<section class=\"content content--two-columns\">\n<div class=\"row\">\n<div class=\"columna\">\n<div class=\"column\">Ambos alimentadores volum\u00e9tricos tambi\u00e9n cuentan con una versi\u00f3n <a title=\"MCMicro: el sistema de dosificaci\u00f3n m\u00e1s peque\u00f1o para peque\u00f1as m\u00e1quinas de moldeo por inyecci\u00f3n\" href=\"https:\/\/www.movacolor.com\/es\/product-categories\/mds\/mds-200-compact-feeder-mc12\/\">MDS 200 Compact Feeder(MC12)<\/a> que se utiliza para las m\u00e1quinas de moldeo por inyecci\u00f3n m\u00e1s peque\u00f1as y es capaz de dosificar masterbatch y polvo con una capacidad que var\u00eda de 0,01 &#8211; 1,0 gr\/s. Los productores de pl\u00e1stico que optan por un cargador de tolva autom\u00e1tico para llenar la tolva autom\u00e1ticamente con masterbatch, polvo o triturado eligen el alimentador MDS 6 (MC18).<\/div>\n<div>\n<div><\/div>\n<h2 class=\"column\">Cargadores volum\u00e9tricos con funciones adicionales<\/h2>\n<div class=\"column\">\u00bfEs siempre necesario calibrar a mano un alimentador volum\u00e9trico? No, no es necesario. El alimentador volum\u00e9trico <a title=\"MC30 Auto-Calibrate: control de dosificaci\u00f3n en l\u00ednea para moldeo por inyecci\u00f3n y extrusi\u00f3n\" href=\"https:\/\/www.movacolor.com\/es\/product-categories\/mds\/mds-6-feeder-mc30\/\">MDS 6 Feeder (MC30)<\/a> de Movacolor est\u00e1 equipado con una funci\u00f3n de calibraci\u00f3n autom\u00e1tica del material. Otras caracter\u00edsticas del alimentador volum\u00e9trico MDS 6 Feebder (MC30) son:<\/div>\n<\/div>\n<\/div>\n<div>\n<\/section>\n<section class=\"content content--two-columns\">\n<div class=\"fila\">\n<div class=\"columna\">\n<div class=\"columna\">\n<ul>\n<li>Alimentaci\u00f3n precisa a trav\u00e9s del cilindro dosificador<\/li>\n<li>Velocidad del motor paso a paso.\n<li>Velocidad del motor paso a paso a partir de 0,1 hasta 200 rpm<\/li>\n<li>Ajuste manual<\/li>\n<li>Capacidad\n<li>Capacidad 0,07-180 kg\/h, medida con masterbatch granular normal 0,8 kg\/dm3<\/li>\n<li>Funci\u00f3n de almacenamiento autom\u00e1tico de recetas<\/li>\n<li>El control guiado por men\u00fas tiene una pantalla LCD gr\u00e1fica con retroiluminaci\u00f3n<\/li>\n<li>Una salida de aviso y alarma y un control integrado del cargador de tolva tambi\u00e9n forman parte del alimentador MDS 6 (MC30)<\/li>\n<p>.<\/p>\n<li>Este alimentador volum\u00e9trico es adecuado tanto para moldeo por inyecci\u00f3n como para extrusi\u00f3n<\/li>\n<p>.\n<\/ul>\n<h2>Alimentaci\u00f3n volum\u00e9trica con un cilindro dosificador de alta precisi\u00f3n<\/h2>\n<p>Todos nuestros alimentadores volum\u00e9tricos est\u00e1n equipados con un exclusivo cilindro dosificador Movacolor de alta precisi\u00f3n. El cilindro dosificador Movacolor dosifica el aditivo en un flujo constante directamente en el material principal sin interrupciones ni pulsaciones. La dosificaci\u00f3n con un cilindro dosificador Movacolor garantiza una dosificaci\u00f3n mucho m\u00e1s precisa que otras t\u00e9cnicas de dosificaci\u00f3n que utilizan un tornillo, por ejemplo.<\/p>\n<h2>\u00bfCu\u00e1ndo es un alimentador volum\u00e9trico la mejor opci\u00f3n?<\/h2>\n<p>Un alimentador volum\u00e9trico se adapta perfectamente a las necesidades de las empresas de transformaci\u00f3n de pl\u00e1sticos que lo deseen:<\/p>\n<\/div>\n<\/div>\n<\/div>\n<div>\n<\/section>\n<section class=\"content content--two-columns\">\n<div class=\"fila\">\n<div class=\"columna\">\n<div class=\"columna\">\n<ul>\n<li>Reducci\u00f3n de costes (de inversi\u00f3n)<\/li>\n<li>Dosificaci\u00f3n precisa cuando se calibra regularmente a mano<\/li>\n<p>.<\/p>\n<li>Alimentaci\u00f3n volum\u00e9trica precisa que ofrece control y supervisi\u00f3n adicionales<\/li>\n<li>Un dosificador preciso en t\u00e9rminos de sostenibilidad<\/li>\n<li>Mayor eficiencia<\/li>\n<li>M\u00e1s estabilidad en el proceso de producci\u00f3n<\/li>\n<p>.\n<\/ul>\n<\/div>\n<\/div>\n<\/div>\n<p><\/secci\u00f3n><\/p>\n<\/div><\/div><\/div><\/div><\/div><\/div><\/div><\/section>\n","protected":false},"excerpt":{"rendered":"Dosificadores volum\u00e9tricos para extrusi\u00f3n y moldeo por inyecci\u00f3n Dosificar con un dosificador volum\u00e9trico significa a\u00f1adir masterbatch, polvo, triturado o aditivos l\u00edquidos por volumen a un proceso de producci\u00f3n de pl\u00e1sticos. Un dosificador volum\u00e9trico debe calibrarse manualmente, ya que el volumen puede variar debido a factores externos. La alimentaci\u00f3n volum\u00e9trica se utiliza tanto en el moldeo...","protected":false},"author":6,"featured_media":0,"parent":0,"menu_order":0,"comment_status":"closed","ping_status":"closed","template":"","meta":{"_acf_changed":false,"footnotes":""},"class_list":["post-7597","page","type-page","status-publish","hentry"],"acf":[],"yoast_head":"<!-- This site is optimized with the Yoast SEO plugin v26.4 - https:\/\/yoast.com\/wordpress\/plugins\/seo\/ -->\n<title>Alimentador volum\u00e9trico &quot; Visite nuestro sitio web para obtener m\u00e1s informaci\u00f3n.<\/title>\n<meta name=\"description\" content=\"\u00bfCu\u00e1les son las principales ventajas de un alimentador volum\u00e9trico? Lea esto y mucho m\u00e1s en el sitio web de Movacolor.\" \/>\n<meta name=\"robots\" content=\"index, follow, max-snippet:-1, max-image-preview:large, max-video-preview:-1\" \/>\n<link rel=\"canonical\" href=\"https:\/\/www.movacolor.com\/es\/volumetric-feeder\/\" \/>\n<meta property=\"og:locale\" content=\"es_ES\" \/>\n<meta property=\"og:type\" content=\"article\" \/>\n<meta property=\"og:title\" content=\"Alimentador volum\u00e9trico &quot; Visite nuestro sitio web para obtener m\u00e1s informaci\u00f3n.\" \/>\n<meta property=\"og:description\" content=\"\u00bfCu\u00e1les son las principales ventajas de un alimentador volum\u00e9trico? Lea esto y mucho m\u00e1s en el sitio web de Movacolor.\" \/>\n<meta property=\"og:url\" content=\"https:\/\/www.movacolor.com\/es\/volumetric-feeder\/\" \/>\n<meta property=\"og:site_name\" content=\"Movacolor\" \/>\n<meta property=\"article:modified_time\" content=\"2023-07-25T10:08:21+00:00\" \/>\n<meta name=\"twitter:card\" content=\"summary_large_image\" \/>\n<meta name=\"twitter:label1\" content=\"Tiempo de lectura\" \/>\n\t<meta name=\"twitter:data1\" content=\"3 minutos\" \/>\n<script type=\"application\/ld+json\" class=\"yoast-schema-graph\">{\"@context\":\"https:\/\/schema.org\",\"@graph\":[{\"@type\":\"WebPage\",\"@id\":\"https:\/\/www.movacolor.com\/es\/volumetric-feeder\/\",\"url\":\"https:\/\/www.movacolor.com\/es\/volumetric-feeder\/\",\"name\":\"Alimentador volum\u00e9trico \\\" Visite nuestro sitio web para obtener m\u00e1s informaci\u00f3n.\",\"isPartOf\":{\"@id\":\"https:\/\/www.movacolor.com\/es\/#website\"},\"datePublished\":\"2023-03-20T07:25:11+00:00\",\"dateModified\":\"2023-07-25T10:08:21+00:00\",\"description\":\"\u00bfCu\u00e1les son las principales ventajas de un alimentador volum\u00e9trico? Lea esto y mucho m\u00e1s en el sitio web de Movacolor.\",\"breadcrumb\":{\"@id\":\"https:\/\/www.movacolor.com\/es\/volumetric-feeder\/#breadcrumb\"},\"inLanguage\":\"es\",\"potentialAction\":[{\"@type\":\"ReadAction\",\"target\":[\"https:\/\/www.movacolor.com\/es\/volumetric-feeder\/\"]}]},{\"@type\":\"BreadcrumbList\",\"@id\":\"https:\/\/www.movacolor.com\/es\/volumetric-feeder\/#breadcrumb\",\"itemListElement\":[{\"@type\":\"ListItem\",\"position\":1,\"name\":\"Home\",\"item\":\"https:\/\/www.movacolor.com\/es\/\"},{\"@type\":\"ListItem\",\"position\":2,\"name\":\"Alimentador volum\u00e9trico\"}]},{\"@type\":\"WebSite\",\"@id\":\"https:\/\/www.movacolor.com\/es\/#website\",\"url\":\"https:\/\/www.movacolor.com\/es\/\",\"name\":\"Movacolor\",\"description\":\"modular dosing solutions\",\"potentialAction\":[{\"@type\":\"SearchAction\",\"target\":{\"@type\":\"EntryPoint\",\"urlTemplate\":\"https:\/\/www.movacolor.com\/es\/?s={search_term_string}\"},\"query-input\":{\"@type\":\"PropertyValueSpecification\",\"valueRequired\":true,\"valueName\":\"search_term_string\"}}],\"inLanguage\":\"es\"}]}<\/script>\n<!-- \/ Yoast SEO plugin. -->","yoast_head_json":{"title":"Alimentador volum\u00e9trico \" Visite nuestro sitio web para obtener m\u00e1s informaci\u00f3n.","description":"\u00bfCu\u00e1les son las principales ventajas de un alimentador volum\u00e9trico? Lea esto y mucho m\u00e1s en el sitio web de Movacolor.","robots":{"index":"index","follow":"follow","max-snippet":"max-snippet:-1","max-image-preview":"max-image-preview:large","max-video-preview":"max-video-preview:-1"},"canonical":"https:\/\/www.movacolor.com\/es\/volumetric-feeder\/","og_locale":"es_ES","og_type":"article","og_title":"Alimentador volum\u00e9trico \" Visite nuestro sitio web para obtener m\u00e1s informaci\u00f3n.","og_description":"\u00bfCu\u00e1les son las principales ventajas de un alimentador volum\u00e9trico? Lea esto y mucho m\u00e1s en el sitio web de Movacolor.","og_url":"https:\/\/www.movacolor.com\/es\/volumetric-feeder\/","og_site_name":"Movacolor","article_modified_time":"2023-07-25T10:08:21+00:00","twitter_card":"summary_large_image","twitter_misc":{"Tiempo de lectura":"3 minutos"},"schema":{"@context":"https:\/\/schema.org","@graph":[{"@type":"WebPage","@id":"https:\/\/www.movacolor.com\/es\/volumetric-feeder\/","url":"https:\/\/www.movacolor.com\/es\/volumetric-feeder\/","name":"Alimentador volum\u00e9trico \" Visite nuestro sitio web para obtener m\u00e1s informaci\u00f3n.","isPartOf":{"@id":"https:\/\/www.movacolor.com\/es\/#website"},"datePublished":"2023-03-20T07:25:11+00:00","dateModified":"2023-07-25T10:08:21+00:00","description":"\u00bfCu\u00e1les son las principales ventajas de un alimentador volum\u00e9trico? Lea esto y mucho m\u00e1s en el sitio web de Movacolor.","breadcrumb":{"@id":"https:\/\/www.movacolor.com\/es\/volumetric-feeder\/#breadcrumb"},"inLanguage":"es","potentialAction":[{"@type":"ReadAction","target":["https:\/\/www.movacolor.com\/es\/volumetric-feeder\/"]}]},{"@type":"BreadcrumbList","@id":"https:\/\/www.movacolor.com\/es\/volumetric-feeder\/#breadcrumb","itemListElement":[{"@type":"ListItem","position":1,"name":"Home","item":"https:\/\/www.movacolor.com\/es\/"},{"@type":"ListItem","position":2,"name":"Alimentador volum\u00e9trico"}]},{"@type":"WebSite","@id":"https:\/\/www.movacolor.com\/es\/#website","url":"https:\/\/www.movacolor.com\/es\/","name":"Movacolor","description":"modular dosing solutions","potentialAction":[{"@type":"SearchAction","target":{"@type":"EntryPoint","urlTemplate":"https:\/\/www.movacolor.com\/es\/?s={search_term_string}"},"query-input":{"@type":"PropertyValueSpecification","valueRequired":true,"valueName":"search_term_string"}}],"inLanguage":"es"}]}},"_links":{"self":[{"href":"https:\/\/www.movacolor.com\/es\/wp-json\/wp\/v2\/pages\/7597","targetHints":{"allow":["GET"]}}],"collection":[{"href":"https:\/\/www.movacolor.com\/es\/wp-json\/wp\/v2\/pages"}],"about":[{"href":"https:\/\/www.movacolor.com\/es\/wp-json\/wp\/v2\/types\/page"}],"author":[{"embeddable":true,"href":"https:\/\/www.movacolor.com\/es\/wp-json\/wp\/v2\/users\/6"}],"replies":[{"embeddable":true,"href":"https:\/\/www.movacolor.com\/es\/wp-json\/wp\/v2\/comments?post=7597"}],"version-history":[{"count":2,"href":"https:\/\/www.movacolor.com\/es\/wp-json\/wp\/v2\/pages\/7597\/revisions"}],"predecessor-version":[{"id":7599,"href":"https:\/\/www.movacolor.com\/es\/wp-json\/wp\/v2\/pages\/7597\/revisions\/7599"}],"wp:attachment":[{"href":"https:\/\/www.movacolor.com\/es\/wp-json\/wp\/v2\/media?parent=7597"}],"curies":[{"name":"wp","href":"https:\/\/api.w.org\/{rel}","templated":true}]}}