{"id":7594,"date":"2023-03-20T13:35:05","date_gmt":"2023-03-20T11:35:05","guid":{"rendered":"https:\/\/www.movacolor.com\/mcbalance-mds-6-balance-numero-1-mundial-en-dosificacion-gravimetrica\/"},"modified":"2023-07-25T12:07:43","modified_gmt":"2023-07-25T10:07:43","slug":"mcbalance-mds-6-balance-numero-1-mundial-en-dosificacion-gravimetrica","status":"publish","type":"page","link":"https:\/\/www.movacolor.com\/es\/mcbalance-mds-6-balance-worlds-number-1-in-gravimetric-dosing\/","title":{"rendered":"MCBalance (MDS 6 Balance): N\u00famero 1 mundial en dosificaci\u00f3n gravim\u00e9trica"},"content":{"rendered":"<section class=\"l-section wpb_row height_medium\"><div class=\"l-section-h i-cf\"><div class=\"g-cols vc_row via_flex valign_top type_default stacking_default\"><div class=\"vc_col-sm-12 wpb_column vc_column_container\"><div class=\"vc_column-inner\"><div class=\"wpb_wrapper\"><div class=\"wpb_text_column\"><div class=\"wpb_wrapper\"><h2><strong>MCBalance (MDS 6 Balance)<\/strong><\/h2>\n<p>El alimentador gravim\u00e9trico MDS 6 Balance de Movacolor es el est\u00e1ndar m\u00e1s alto en dosificaci\u00f3n gravim\u00e9trica para aplicaciones de moldeo por inyecci\u00f3n, moldeo por soplado y extrusi\u00f3n. El cilindro dosificador y la tecnolog\u00eda de pesaje patentada garantizan una dosificaci\u00f3n extremadamente precisa, incluso cuando se requieren tasas de dosificaci\u00f3n bajas. De este modo, se puede conseguir un gran ahorro en aditivos caros.<\/p>\n<div class=\"columna\">\n<div class=\"column\">\n<h2><strong>Beneficios<\/strong><\/h2>\n<p><strong style=\"font-size: 16px;\">Dosificaci\u00f3n extremadamente precisa<br \/>\n<\/strong>La <a style=\"font-size: 16px;\" title=\"MCBalance: dosificaci\u00f3n gravim\u00e9trica de alta precisi\u00f3n\" href=\"https:\/\/www.movacolor.com\/es\/product-categories\/mds\/mds-6-balance\/\">Balanza MDS 6<\/a><span style=\"font-size: 16px;\"> de Movacolor est\u00e1 desarrollada con una tecnolog\u00eda de pesaje patentada y equipada con un cilindro dosificador de alta precisi\u00f3n y un motor paso a paso \u00fanicos. El cilindro dosificador libera el aditivo en un flujo constante y sin pulsaciones. El motor paso a paso tiene una velocidad ajustable de 0,1 a 200 rpm y garantiza el m\u00e1ximo control sin interrupciones.  No hay otro m\u00e9todo de dosificaci\u00f3n en el mundo tan preciso como \u00e9ste.<\/span><\/p>\n<p><strong>Sistema operativo f\u00e1cil de usar<br \/>\n<\/strong>Cualquiera puede manejar la MDS 6 Balance. El controlador de pantalla t\u00e1ctil de respuesta r\u00e1pida y f\u00e1cil de usar cuenta con una pantalla a todo color de 8 pulgadas. Los men\u00fas de los controladores de pantalla t\u00e1ctil son autoexplicativos y, por lo tanto, f\u00e1ciles de manejar para todo el mundo. Los sistemas est\u00e1n equipados con el software MCSmart, que le permite supervisar todas sus unidades MDS 6 Balance desde un ordenador. Los aditivos pueden cambiarse en menos de 60 segundos y las unidades son f\u00e1ciles de limpiar.<\/p>\n<p><strong>Sistema modular para cualquier tipo de aplicaci\u00f3n<br \/>\n<\/strong>La MDS 6 Balance forma parte de la cartera de productos del sistema de dosificaci\u00f3n modular de Movacolor y puede configurarse f\u00e1cilmente para satisfacer todo tipo de aplicaciones en moldeo por inyecci\u00f3n, moldeo por soplado o extrusi\u00f3n. Este alimentador gravim\u00e9trico de alta precisi\u00f3n puede configurarse para dosificar materiales secos, rectificados, polvos de flujo libre y puede utilizarse en extrusi\u00f3n multicomponente o con cargadores de tolva integrados.<\/p>\n<\/div>\n<div>\n<\/div>\n<div>\n<\/div><\/div><\/div><\/div><\/div><\/div><\/div><\/section>\n","protected":false},"excerpt":{"rendered":"MCBalance (MDS 6 Balance) El alimentador gravim\u00e9trico MDS 6 Balance de Movacolor es el est\u00e1ndar m\u00e1s alto en dosificaci\u00f3n gravim\u00e9trica para aplicaciones de moldeo por inyecci\u00f3n, moldeo por soplado y extrusi\u00f3n. El cilindro dosificador y la tecnolog\u00eda de pesaje patentada garantizan una dosificaci\u00f3n extremadamente precisa, incluso cuando se requieren tasas de dosificaci\u00f3n bajas. De este...","protected":false},"author":6,"featured_media":0,"parent":0,"menu_order":0,"comment_status":"closed","ping_status":"closed","template":"","meta":{"_acf_changed":false,"footnotes":""},"class_list":["post-7594","page","type-page","status-publish","hentry"],"acf":[],"yoast_head":"<!-- This site is optimized with the Yoast SEO plugin v26.4 - https:\/\/yoast.com\/wordpress\/plugins\/seo\/ -->\n<title>MCBalance (MDS 6 Balance): N\u00famero 1 mundial en dosificaci\u00f3n gravim\u00e9trica - Movacolor<\/title>\n<meta name=\"robots\" content=\"index, follow, max-snippet:-1, max-image-preview:large, max-video-preview:-1\" \/>\n<link rel=\"canonical\" href=\"https:\/\/www.movacolor.com\/es\/mcbalance-mds-6-balance-worlds-number-1-in-gravimetric-dosing\/\" \/>\n<meta property=\"og:locale\" content=\"es_ES\" \/>\n<meta property=\"og:type\" content=\"article\" \/>\n<meta property=\"og:title\" content=\"MCBalance (MDS 6 Balance): N\u00famero 1 mundial en dosificaci\u00f3n gravim\u00e9trica - Movacolor\" \/>\n<meta property=\"og:url\" content=\"https:\/\/www.movacolor.com\/es\/mcbalance-mds-6-balance-worlds-number-1-in-gravimetric-dosing\/\" \/>\n<meta property=\"og:site_name\" content=\"Movacolor\" \/>\n<meta property=\"article:modified_time\" content=\"2023-07-25T10:07:43+00:00\" \/>\n<meta name=\"twitter:card\" content=\"summary_large_image\" \/>\n<meta name=\"twitter:label1\" content=\"Tiempo de lectura\" \/>\n\t<meta name=\"twitter:data1\" content=\"2 minutos\" \/>\n<script type=\"application\/ld+json\" class=\"yoast-schema-graph\">{\"@context\":\"https:\/\/schema.org\",\"@graph\":[{\"@type\":\"WebPage\",\"@id\":\"https:\/\/www.movacolor.com\/es\/mcbalance-mds-6-balance-worlds-number-1-in-gravimetric-dosing\/\",\"url\":\"https:\/\/www.movacolor.com\/es\/mcbalance-mds-6-balance-worlds-number-1-in-gravimetric-dosing\/\",\"name\":\"MCBalance (MDS 6 Balance): N\u00famero 1 mundial en dosificaci\u00f3n gravim\u00e9trica - Movacolor\",\"isPartOf\":{\"@id\":\"https:\/\/www.movacolor.com\/es\/#website\"},\"datePublished\":\"2023-03-20T11:35:05+00:00\",\"dateModified\":\"2023-07-25T10:07:43+00:00\",\"breadcrumb\":{\"@id\":\"https:\/\/www.movacolor.com\/es\/mcbalance-mds-6-balance-worlds-number-1-in-gravimetric-dosing\/#breadcrumb\"},\"inLanguage\":\"es\",\"potentialAction\":[{\"@type\":\"ReadAction\",\"target\":[\"https:\/\/www.movacolor.com\/es\/mcbalance-mds-6-balance-worlds-number-1-in-gravimetric-dosing\/\"]}]},{\"@type\":\"BreadcrumbList\",\"@id\":\"https:\/\/www.movacolor.com\/es\/mcbalance-mds-6-balance-worlds-number-1-in-gravimetric-dosing\/#breadcrumb\",\"itemListElement\":[{\"@type\":\"ListItem\",\"position\":1,\"name\":\"Home\",\"item\":\"https:\/\/www.movacolor.com\/es\/\"},{\"@type\":\"ListItem\",\"position\":2,\"name\":\"MCBalance (MDS 6 Balance): N\u00famero 1 mundial en dosificaci\u00f3n gravim\u00e9trica\"}]},{\"@type\":\"WebSite\",\"@id\":\"https:\/\/www.movacolor.com\/es\/#website\",\"url\":\"https:\/\/www.movacolor.com\/es\/\",\"name\":\"Movacolor\",\"description\":\"modular dosing solutions\",\"potentialAction\":[{\"@type\":\"SearchAction\",\"target\":{\"@type\":\"EntryPoint\",\"urlTemplate\":\"https:\/\/www.movacolor.com\/es\/?s={search_term_string}\"},\"query-input\":{\"@type\":\"PropertyValueSpecification\",\"valueRequired\":true,\"valueName\":\"search_term_string\"}}],\"inLanguage\":\"es\"}]}<\/script>\n<!-- \/ Yoast SEO plugin. -->","yoast_head_json":{"title":"MCBalance (MDS 6 Balance): N\u00famero 1 mundial en dosificaci\u00f3n gravim\u00e9trica - Movacolor","robots":{"index":"index","follow":"follow","max-snippet":"max-snippet:-1","max-image-preview":"max-image-preview:large","max-video-preview":"max-video-preview:-1"},"canonical":"https:\/\/www.movacolor.com\/es\/mcbalance-mds-6-balance-worlds-number-1-in-gravimetric-dosing\/","og_locale":"es_ES","og_type":"article","og_title":"MCBalance (MDS 6 Balance): N\u00famero 1 mundial en dosificaci\u00f3n gravim\u00e9trica - Movacolor","og_url":"https:\/\/www.movacolor.com\/es\/mcbalance-mds-6-balance-worlds-number-1-in-gravimetric-dosing\/","og_site_name":"Movacolor","article_modified_time":"2023-07-25T10:07:43+00:00","twitter_card":"summary_large_image","twitter_misc":{"Tiempo de lectura":"2 minutos"},"schema":{"@context":"https:\/\/schema.org","@graph":[{"@type":"WebPage","@id":"https:\/\/www.movacolor.com\/es\/mcbalance-mds-6-balance-worlds-number-1-in-gravimetric-dosing\/","url":"https:\/\/www.movacolor.com\/es\/mcbalance-mds-6-balance-worlds-number-1-in-gravimetric-dosing\/","name":"MCBalance (MDS 6 Balance): N\u00famero 1 mundial en dosificaci\u00f3n gravim\u00e9trica - Movacolor","isPartOf":{"@id":"https:\/\/www.movacolor.com\/es\/#website"},"datePublished":"2023-03-20T11:35:05+00:00","dateModified":"2023-07-25T10:07:43+00:00","breadcrumb":{"@id":"https:\/\/www.movacolor.com\/es\/mcbalance-mds-6-balance-worlds-number-1-in-gravimetric-dosing\/#breadcrumb"},"inLanguage":"es","potentialAction":[{"@type":"ReadAction","target":["https:\/\/www.movacolor.com\/es\/mcbalance-mds-6-balance-worlds-number-1-in-gravimetric-dosing\/"]}]},{"@type":"BreadcrumbList","@id":"https:\/\/www.movacolor.com\/es\/mcbalance-mds-6-balance-worlds-number-1-in-gravimetric-dosing\/#breadcrumb","itemListElement":[{"@type":"ListItem","position":1,"name":"Home","item":"https:\/\/www.movacolor.com\/es\/"},{"@type":"ListItem","position":2,"name":"MCBalance (MDS 6 Balance): N\u00famero 1 mundial en dosificaci\u00f3n gravim\u00e9trica"}]},{"@type":"WebSite","@id":"https:\/\/www.movacolor.com\/es\/#website","url":"https:\/\/www.movacolor.com\/es\/","name":"Movacolor","description":"modular dosing solutions","potentialAction":[{"@type":"SearchAction","target":{"@type":"EntryPoint","urlTemplate":"https:\/\/www.movacolor.com\/es\/?s={search_term_string}"},"query-input":{"@type":"PropertyValueSpecification","valueRequired":true,"valueName":"search_term_string"}}],"inLanguage":"es"}]}},"_links":{"self":[{"href":"https:\/\/www.movacolor.com\/es\/wp-json\/wp\/v2\/pages\/7594","targetHints":{"allow":["GET"]}}],"collection":[{"href":"https:\/\/www.movacolor.com\/es\/wp-json\/wp\/v2\/pages"}],"about":[{"href":"https:\/\/www.movacolor.com\/es\/wp-json\/wp\/v2\/types\/page"}],"author":[{"embeddable":true,"href":"https:\/\/www.movacolor.com\/es\/wp-json\/wp\/v2\/users\/6"}],"replies":[{"embeddable":true,"href":"https:\/\/www.movacolor.com\/es\/wp-json\/wp\/v2\/comments?post=7594"}],"version-history":[{"count":2,"href":"https:\/\/www.movacolor.com\/es\/wp-json\/wp\/v2\/pages\/7594\/revisions"}],"predecessor-version":[{"id":7596,"href":"https:\/\/www.movacolor.com\/es\/wp-json\/wp\/v2\/pages\/7594\/revisions\/7596"}],"wp:attachment":[{"href":"https:\/\/www.movacolor.com\/es\/wp-json\/wp\/v2\/media?parent=7594"}],"curies":[{"name":"wp","href":"https:\/\/api.w.org\/{rel}","templated":true}]}}