{"id":7591,"date":"2023-03-22T15:29:50","date_gmt":"2023-03-22T13:29:50","guid":{"rendered":"https:\/\/www.movacolor.com\/tecnologia-de-dosificacion\/"},"modified":"2023-07-25T12:07:05","modified_gmt":"2023-07-25T10:07:05","slug":"tecnologia-de-dosificacion","status":"publish","type":"page","link":"https:\/\/www.movacolor.com\/es\/dosing-technology\/","title":{"rendered":"Tecnolog\u00eda de dosificaci\u00f3n"},"content":{"rendered":"<section class=\"l-section wpb_row height_medium\"><div class=\"l-section-h i-cf\"><div class=\"g-cols vc_row via_flex valign_top type_default stacking_default\"><div class=\"vc_col-sm-12 wpb_column vc_column_container\"><div class=\"vc_column-inner\"><div class=\"wpb_wrapper\"><div class=\"wpb_text_column\"><div class=\"wpb_wrapper\"><h1>Tecnolog\u00eda de dosificaci\u00f3n<\/h1>\n<p>Las empresas fabricantes de pl\u00e1sticos buscan todo tipo de cualidades en la tecnolog\u00eda de dosificaci\u00f3n. Algunas buscan una reducci\u00f3n de costes en colorantes. Otras buscan un proceso de producci\u00f3n m\u00e1s estable. Otras intentan aumentar la eficiencia o mejorar la calidad. Todos los sistemas de dosificaci\u00f3n de Movacolor presentan estas ventajas espec\u00edficas en sistemas de dosificaci\u00f3n modulares integrados para aplicaciones de moldeo por inyecci\u00f3n y extrusi\u00f3n.<\/p>\n<h2>Tecnolog\u00eda de dosificaci\u00f3n basada en los \u00faltimos avances<\/h2>\n<p>Los ingenieros de Movacolor est\u00e1n constantemente al tanto de los \u00faltimos avances en la industria del pl\u00e1stico y trabajan para mejorar la tecnolog\u00eda de dosificaci\u00f3n de alta precisi\u00f3n de los productos Movacolor <a href=\"https:\/\/www.movacolor.com\/products\">productos<\/a>. La tecnolog\u00eda de dosificaci\u00f3n de Movacolor se basa en la dosificaci\u00f3n en l\u00ednea de materiales como masterbatch, polvo, triturado o colorantes l\u00edquidos en material virgen.<\/p>\n<section class=\"contenido-contenido-dos-columnas\">\n<div class=\"fila\">\n<div class=\"columna\">\n<div class=\"columna\">\n<p>Para los alimentadores gravim\u00e9tricos y volum\u00e9tricos combinamos el exclusivo cilindro dosificador Movacolor con un motor paso a paso para garantizar un flujo constante que da como resultado un color y un espesor de pared fiables y un producto final de alta calidad. Nuestros dosificadores optom\u00e9tricos est\u00e1n desarrollados con una tecnolog\u00eda de dosificaci\u00f3n optom\u00e9trica, basada en un sensor \u00f3ptico y un disco de dosificaci\u00f3n especial. Esta tecnolog\u00eda de dosificaci\u00f3n, \u00fanica en el mundo, permite dosificar de forma ultraprecisa, gr\u00e1nulo a gr\u00e1nulo.<\/p>\n<h2><strong>Tecnolog\u00eda de dosificaci\u00f3n con cilindro dosificador<\/strong><\/h2>\n<p>El exclusivo cilindro dosificador de alta precisi\u00f3n es una invenci\u00f3n propia de Movacolor y forma parte de la tecnolog\u00eda de dosificaci\u00f3n Movacolor. El cilindro dosificador garantiza una dosificaci\u00f3n extremadamente constante, sin pulsaciones ni interrupciones, desde las dosis m\u00e1s peque\u00f1as (0,01 kg\/h) hasta las m\u00e1s grandes (1.000 kg\/h). Esto le permite dosificar en el punto exacto: no es necesario dosificar aditivos caros para compensar una dosificaci\u00f3n o mezcla irregular. El resultado: un ahorro del 20-50% en aditivos caros.<\/p>\n<p>El cilindro de dosificaci\u00f3n Movacolor tiene un rango de capacidad incre\u00edblemente amplio para una sola herramienta de dosificaci\u00f3n (0,7 &#8211; 18 kg\/h con el cilindro de dosificaci\u00f3n GX). Esta herramienta de dosificaci\u00f3n \u00fanica y de alta precisi\u00f3n resuelve los problemas de salida irregular y paradas que suelen producirse con los dispositivos de dosificaci\u00f3n tradicionales basados en sinfines o discos regulares.<\/p>\n<h2><strong>Tecnolog\u00eda de dosificaci\u00f3n con motor paso a paso<\/strong><\/h2>\n<p>Para satisfacer las necesidades de precisi\u00f3n de los productores de pl\u00e1sticos, Movacolor ha estado y est\u00e1 siempre a la vanguardia de los \u00faltimos avances en el mundo de la tecnolog\u00eda de dosificaci\u00f3n. Por ello, Movacolor ha desarrollado el motor paso a paso con una velocidad ajustable de 0,1 a 200 rpm. El motor paso a paso acciona el cilindro dosificador Movacolor. El motor paso a paso Movacolor es superior a un motor de corriente continua, ya que funciona por pasos. Esto permite al operador ajustar la velocidad del cilindro dosificador muy r\u00e1pidamente.<\/p>\n<h2><strong>Tecnolog\u00eda de dosificaci\u00f3n con pieza de cuello e inserto<\/strong><\/h2>\n<p>Las piezas de cuello y los insertos de pieza de cuello tambi\u00e9n forman parte de la exclusiva tecnolog\u00eda de dosificaci\u00f3n Movacolor. Uno o varios sistemas de dosificaci\u00f3n Movacolor<span style=\"font-size: 16px;\"> pueden colocarse en el neckpiece. Los cuellos e insertos Movacolor evitan la separaci\u00f3n del material introduciendo el colorante directamente en la garganta de la m\u00e1quina, lo que tambi\u00e9n se conoce como dosificaci\u00f3n en l\u00ednea. Los ingenieros de Movacolor han desarrollado varios insertos de cuello para cualquier tipo de aplicaci\u00f3n, lo que le permite dosificar con precisi\u00f3n todo tipo de <\/span><span style=\"font-size: 16px;\">materiales<\/span><span style=\"font-size: 16px;\">.<\/span>.<\/p>\n<\/div><\/div><\/div><\/div><\/div><\/div><\/div><\/section>\n<\/div>\n<\/div>\n<\/div>\n<\/section>\n","protected":false},"excerpt":{"rendered":"Tecnolog\u00eda de dosificaci\u00f3n Las empresas fabricantes de pl\u00e1sticos buscan todo tipo de cualidades en la tecnolog\u00eda de dosificaci\u00f3n. Algunas buscan una reducci\u00f3n de costes en colorantes. Otras buscan un proceso de producci\u00f3n m\u00e1s estable. Otras intentan aumentar la eficiencia o mejorar la calidad. Todos los sistemas de dosificaci\u00f3n de Movacolor presentan estas ventajas espec\u00edficas en...","protected":false},"author":6,"featured_media":0,"parent":0,"menu_order":0,"comment_status":"closed","ping_status":"closed","template":"","meta":{"_acf_changed":false,"footnotes":""},"class_list":["post-7591","page","type-page","status-publish","hentry"],"acf":[],"yoast_head":"<!-- This site is optimized with the Yoast SEO plugin v26.4 - https:\/\/yoast.com\/wordpress\/plugins\/seo\/ -->\n<title>Tecnolog\u00eda de dosificaci\u00f3n &quot; Visite nuestro sitio web para obtener m\u00e1s informaci\u00f3n.<\/title>\n<meta name=\"description\" content=\"\u00bfQuiere saber m\u00e1s sobre la tecnolog\u00eda de dosificaci\u00f3n precisa? Obtenga m\u00e1s informaci\u00f3n en el sitio web de Movacolor.\" \/>\n<meta name=\"robots\" content=\"index, follow, max-snippet:-1, max-image-preview:large, max-video-preview:-1\" \/>\n<link rel=\"canonical\" href=\"https:\/\/www.movacolor.com\/es\/dosing-technology\/\" \/>\n<meta property=\"og:locale\" content=\"es_ES\" \/>\n<meta property=\"og:type\" content=\"article\" \/>\n<meta property=\"og:title\" content=\"Tecnolog\u00eda de dosificaci\u00f3n &quot; Visite nuestro sitio web para obtener m\u00e1s informaci\u00f3n.\" \/>\n<meta property=\"og:description\" content=\"\u00bfQuiere saber m\u00e1s sobre la tecnolog\u00eda de dosificaci\u00f3n precisa? Obtenga m\u00e1s informaci\u00f3n en el sitio web de Movacolor.\" \/>\n<meta property=\"og:url\" content=\"https:\/\/www.movacolor.com\/es\/dosing-technology\/\" \/>\n<meta property=\"og:site_name\" content=\"Movacolor\" \/>\n<meta property=\"article:modified_time\" content=\"2023-07-25T10:07:05+00:00\" \/>\n<meta name=\"twitter:card\" content=\"summary_large_image\" \/>\n<meta name=\"twitter:label1\" content=\"Tiempo de lectura\" \/>\n\t<meta name=\"twitter:data1\" content=\"3 minutos\" \/>\n<script type=\"application\/ld+json\" class=\"yoast-schema-graph\">{\"@context\":\"https:\/\/schema.org\",\"@graph\":[{\"@type\":\"WebPage\",\"@id\":\"https:\/\/www.movacolor.com\/es\/dosing-technology\/\",\"url\":\"https:\/\/www.movacolor.com\/es\/dosing-technology\/\",\"name\":\"Tecnolog\u00eda de dosificaci\u00f3n \\\" Visite nuestro sitio web para obtener m\u00e1s informaci\u00f3n.\",\"isPartOf\":{\"@id\":\"https:\/\/www.movacolor.com\/es\/#website\"},\"datePublished\":\"2023-03-22T13:29:50+00:00\",\"dateModified\":\"2023-07-25T10:07:05+00:00\",\"description\":\"\u00bfQuiere saber m\u00e1s sobre la tecnolog\u00eda de dosificaci\u00f3n precisa? Obtenga m\u00e1s informaci\u00f3n en el sitio web de Movacolor.\",\"breadcrumb\":{\"@id\":\"https:\/\/www.movacolor.com\/es\/dosing-technology\/#breadcrumb\"},\"inLanguage\":\"es\",\"potentialAction\":[{\"@type\":\"ReadAction\",\"target\":[\"https:\/\/www.movacolor.com\/es\/dosing-technology\/\"]}]},{\"@type\":\"BreadcrumbList\",\"@id\":\"https:\/\/www.movacolor.com\/es\/dosing-technology\/#breadcrumb\",\"itemListElement\":[{\"@type\":\"ListItem\",\"position\":1,\"name\":\"Home\",\"item\":\"https:\/\/www.movacolor.com\/es\/\"},{\"@type\":\"ListItem\",\"position\":2,\"name\":\"Tecnolog\u00eda de dosificaci\u00f3n\"}]},{\"@type\":\"WebSite\",\"@id\":\"https:\/\/www.movacolor.com\/es\/#website\",\"url\":\"https:\/\/www.movacolor.com\/es\/\",\"name\":\"Movacolor\",\"description\":\"modular dosing solutions\",\"potentialAction\":[{\"@type\":\"SearchAction\",\"target\":{\"@type\":\"EntryPoint\",\"urlTemplate\":\"https:\/\/www.movacolor.com\/es\/?s={search_term_string}\"},\"query-input\":{\"@type\":\"PropertyValueSpecification\",\"valueRequired\":true,\"valueName\":\"search_term_string\"}}],\"inLanguage\":\"es\"}]}<\/script>\n<!-- \/ Yoast SEO plugin. -->","yoast_head_json":{"title":"Tecnolog\u00eda de dosificaci\u00f3n \" Visite nuestro sitio web para obtener m\u00e1s informaci\u00f3n.","description":"\u00bfQuiere saber m\u00e1s sobre la tecnolog\u00eda de dosificaci\u00f3n precisa? Obtenga m\u00e1s informaci\u00f3n en el sitio web de Movacolor.","robots":{"index":"index","follow":"follow","max-snippet":"max-snippet:-1","max-image-preview":"max-image-preview:large","max-video-preview":"max-video-preview:-1"},"canonical":"https:\/\/www.movacolor.com\/es\/dosing-technology\/","og_locale":"es_ES","og_type":"article","og_title":"Tecnolog\u00eda de dosificaci\u00f3n \" Visite nuestro sitio web para obtener m\u00e1s informaci\u00f3n.","og_description":"\u00bfQuiere saber m\u00e1s sobre la tecnolog\u00eda de dosificaci\u00f3n precisa? Obtenga m\u00e1s informaci\u00f3n en el sitio web de Movacolor.","og_url":"https:\/\/www.movacolor.com\/es\/dosing-technology\/","og_site_name":"Movacolor","article_modified_time":"2023-07-25T10:07:05+00:00","twitter_card":"summary_large_image","twitter_misc":{"Tiempo de lectura":"3 minutos"},"schema":{"@context":"https:\/\/schema.org","@graph":[{"@type":"WebPage","@id":"https:\/\/www.movacolor.com\/es\/dosing-technology\/","url":"https:\/\/www.movacolor.com\/es\/dosing-technology\/","name":"Tecnolog\u00eda de dosificaci\u00f3n \" Visite nuestro sitio web para obtener m\u00e1s informaci\u00f3n.","isPartOf":{"@id":"https:\/\/www.movacolor.com\/es\/#website"},"datePublished":"2023-03-22T13:29:50+00:00","dateModified":"2023-07-25T10:07:05+00:00","description":"\u00bfQuiere saber m\u00e1s sobre la tecnolog\u00eda de dosificaci\u00f3n precisa? Obtenga m\u00e1s informaci\u00f3n en el sitio web de Movacolor.","breadcrumb":{"@id":"https:\/\/www.movacolor.com\/es\/dosing-technology\/#breadcrumb"},"inLanguage":"es","potentialAction":[{"@type":"ReadAction","target":["https:\/\/www.movacolor.com\/es\/dosing-technology\/"]}]},{"@type":"BreadcrumbList","@id":"https:\/\/www.movacolor.com\/es\/dosing-technology\/#breadcrumb","itemListElement":[{"@type":"ListItem","position":1,"name":"Home","item":"https:\/\/www.movacolor.com\/es\/"},{"@type":"ListItem","position":2,"name":"Tecnolog\u00eda de dosificaci\u00f3n"}]},{"@type":"WebSite","@id":"https:\/\/www.movacolor.com\/es\/#website","url":"https:\/\/www.movacolor.com\/es\/","name":"Movacolor","description":"modular dosing solutions","potentialAction":[{"@type":"SearchAction","target":{"@type":"EntryPoint","urlTemplate":"https:\/\/www.movacolor.com\/es\/?s={search_term_string}"},"query-input":{"@type":"PropertyValueSpecification","valueRequired":true,"valueName":"search_term_string"}}],"inLanguage":"es"}]}},"_links":{"self":[{"href":"https:\/\/www.movacolor.com\/es\/wp-json\/wp\/v2\/pages\/7591","targetHints":{"allow":["GET"]}}],"collection":[{"href":"https:\/\/www.movacolor.com\/es\/wp-json\/wp\/v2\/pages"}],"about":[{"href":"https:\/\/www.movacolor.com\/es\/wp-json\/wp\/v2\/types\/page"}],"author":[{"embeddable":true,"href":"https:\/\/www.movacolor.com\/es\/wp-json\/wp\/v2\/users\/6"}],"replies":[{"embeddable":true,"href":"https:\/\/www.movacolor.com\/es\/wp-json\/wp\/v2\/comments?post=7591"}],"version-history":[{"count":2,"href":"https:\/\/www.movacolor.com\/es\/wp-json\/wp\/v2\/pages\/7591\/revisions"}],"predecessor-version":[{"id":7593,"href":"https:\/\/www.movacolor.com\/es\/wp-json\/wp\/v2\/pages\/7591\/revisions\/7593"}],"wp:attachment":[{"href":"https:\/\/www.movacolor.com\/es\/wp-json\/wp\/v2\/media?parent=7591"}],"curies":[{"name":"wp","href":"https:\/\/api.w.org\/{rel}","templated":true}]}}