{"id":7588,"date":"2023-03-22T15:54:14","date_gmt":"2023-03-22T13:54:14","guid":{"rendered":"https:\/\/www.movacolor.com\/mezcladores-gravimetricos\/"},"modified":"2023-07-25T12:06:22","modified_gmt":"2023-07-25T10:06:22","slug":"mezcladores-gravimetricos","status":"publish","type":"page","link":"https:\/\/www.movacolor.com\/es\/gravimetric-blenders\/","title":{"rendered":"Mezcladores gravim\u00e9tricos"},"content":{"rendered":"<section class=\"l-section wpb_row height_medium\"><div class=\"l-section-h i-cf\"><div class=\"g-cols vc_row via_flex valign_top type_default stacking_default\"><div class=\"vc_col-sm-12 wpb_column vc_column_container\"><div class=\"vc_column-inner\"><div class=\"wpb_wrapper\"><div class=\"wpb_text_column\"><div class=\"wpb_wrapper\"><h1>Mezcladores gravim\u00e9tricos<\/h1>\n<p>Los mezcladores gravim\u00e9tricos se utilizan en la industria del pl\u00e1stico para pesar con precisi\u00f3n dos o m\u00e1s componentes y luego mezclarlos antes de procesarlos en una m\u00e1quina de moldeo por inyecci\u00f3n, una extrusora o una m\u00e1quina de moldeo por soplado. Existen dos tipos de mezcladores gravim\u00e9tricos: mezcladores de p\u00e9rdida de peso y mezcladores de ganancia de peso. Los mezcladores gravim\u00e9tricos de Movacolor pueden equiparse con ambas tecnolog\u00edas. Esto permite mezclar y dosificar en l\u00ednea con gran precisi\u00f3n en un \u00fanico sistema h\u00edbrido.<\/p>\n<h2>Mezclador gravim\u00e9trico basado en la tecnolog\u00eda de p\u00e9rdida de peso<\/h2>\n<p>Un mezclador gravim\u00e9trico basado en la tecnolog\u00eda de p\u00e9rdida de peso o un alimentador gravim\u00e9trico como la balanza MDS de Movacolor mide la p\u00e9rdida de peso de una o m\u00e1s tolvas mediante una c\u00e9lula de carga situada debajo del bastidor de carga en el que est\u00e1 fijada la tolva. El material se dosifica con un tornillo dosificador desde las tolvas o en l\u00ednea con un cilindro dosificador. Todos los materiales se dosifican juntos y la velocidad de dosificaci\u00f3n de cada tolva se controla con un sistema de supervisi\u00f3n especial para garantizar que se consigue la mezcla correcta.<\/p>\n<h2>Mezclador gravim\u00e9trico basado en la tecnolog\u00eda de ganancia de peso<\/h2>\n<p>Un mezclador gravim\u00e9trico basado en la tecnolog\u00eda de ganancia en peso tiene dos o m\u00e1s tolvas situadas encima de un dep\u00f3sito de pesaje. Estas tolvas contienen los componentes que deben mezclarse. Los componentes se dosifican uno a uno en la tolva de pesaje hasta alcanzar el peso deseado. A continuaci\u00f3n, se pesa todo el lote y se mezcla en la c\u00e1mara de mezcla subyacente. Cuando todos los componentes se han mezclado correctamente, la mezcla se libera en la m\u00e1quina de moldeo por inyecci\u00f3n, la extrusora o la m\u00e1quina de moldeo por soplado. Una aplicaci\u00f3n t\u00edpica de una mezcladora gravim\u00e9trica es mezclar materiales como el material principal, el triturado y el masterbatch.<\/p>\n<\/div><\/div><\/div><\/div><\/div><\/div><\/div><\/section>\n","protected":false},"excerpt":{"rendered":"Mezcladores gravim\u00e9tricos Los mezcladores gravim\u00e9tricos se utilizan en la industria del pl\u00e1stico para pesar con precisi\u00f3n dos o m\u00e1s componentes y luego mezclarlos antes de procesarlos en una m\u00e1quina de moldeo por inyecci\u00f3n, una extrusora o una m\u00e1quina de moldeo por soplado. Existen dos tipos de mezcladores gravim\u00e9tricos: mezcladores de p\u00e9rdida de peso y mezcladores...","protected":false},"author":6,"featured_media":0,"parent":0,"menu_order":0,"comment_status":"closed","ping_status":"closed","template":"","meta":{"_acf_changed":false,"footnotes":""},"class_list":["post-7588","page","type-page","status-publish","hentry"],"acf":[],"yoast_head":"<!-- This site is optimized with the Yoast SEO plugin v26.4 - https:\/\/yoast.com\/wordpress\/plugins\/seo\/ -->\n<title>Mezclador gravim\u00e9trico &quot; Visite nuestro sitio web para obtener m\u00e1s informaci\u00f3n.<\/title>\n<meta name=\"description\" content=\"\u00bfQu\u00e9 es un mezclador gravim\u00e9trico y cu\u00e1ndo se utiliza? Visite el sitio web de Movacolor y obtenga respuestas a estas preguntas.\" \/>\n<meta name=\"robots\" content=\"index, follow, max-snippet:-1, max-image-preview:large, max-video-preview:-1\" \/>\n<link rel=\"canonical\" href=\"https:\/\/www.movacolor.com\/es\/gravimetric-blenders\/\" \/>\n<meta property=\"og:locale\" content=\"es_ES\" \/>\n<meta property=\"og:type\" content=\"article\" \/>\n<meta property=\"og:title\" content=\"Mezclador gravim\u00e9trico &quot; Visite nuestro sitio web para obtener m\u00e1s informaci\u00f3n.\" \/>\n<meta property=\"og:description\" content=\"\u00bfQu\u00e9 es un mezclador gravim\u00e9trico y cu\u00e1ndo se utiliza? Visite el sitio web de Movacolor y obtenga respuestas a estas preguntas.\" \/>\n<meta property=\"og:url\" content=\"https:\/\/www.movacolor.com\/es\/gravimetric-blenders\/\" \/>\n<meta property=\"og:site_name\" content=\"Movacolor\" \/>\n<meta property=\"article:modified_time\" content=\"2023-07-25T10:06:22+00:00\" \/>\n<meta name=\"twitter:card\" content=\"summary_large_image\" \/>\n<meta name=\"twitter:label1\" content=\"Tiempo de lectura\" \/>\n\t<meta name=\"twitter:data1\" content=\"2 minutos\" \/>\n<script type=\"application\/ld+json\" class=\"yoast-schema-graph\">{\"@context\":\"https:\/\/schema.org\",\"@graph\":[{\"@type\":\"WebPage\",\"@id\":\"https:\/\/www.movacolor.com\/es\/gravimetric-blenders\/\",\"url\":\"https:\/\/www.movacolor.com\/es\/gravimetric-blenders\/\",\"name\":\"Mezclador gravim\u00e9trico \\\" Visite nuestro sitio web para obtener m\u00e1s informaci\u00f3n.\",\"isPartOf\":{\"@id\":\"https:\/\/www.movacolor.com\/es\/#website\"},\"datePublished\":\"2023-03-22T13:54:14+00:00\",\"dateModified\":\"2023-07-25T10:06:22+00:00\",\"description\":\"\u00bfQu\u00e9 es un mezclador gravim\u00e9trico y cu\u00e1ndo se utiliza? Visite el sitio web de Movacolor y obtenga respuestas a estas preguntas.\",\"breadcrumb\":{\"@id\":\"https:\/\/www.movacolor.com\/es\/gravimetric-blenders\/#breadcrumb\"},\"inLanguage\":\"es\",\"potentialAction\":[{\"@type\":\"ReadAction\",\"target\":[\"https:\/\/www.movacolor.com\/es\/gravimetric-blenders\/\"]}]},{\"@type\":\"BreadcrumbList\",\"@id\":\"https:\/\/www.movacolor.com\/es\/gravimetric-blenders\/#breadcrumb\",\"itemListElement\":[{\"@type\":\"ListItem\",\"position\":1,\"name\":\"Home\",\"item\":\"https:\/\/www.movacolor.com\/es\/\"},{\"@type\":\"ListItem\",\"position\":2,\"name\":\"Mezcladores gravim\u00e9tricos\"}]},{\"@type\":\"WebSite\",\"@id\":\"https:\/\/www.movacolor.com\/es\/#website\",\"url\":\"https:\/\/www.movacolor.com\/es\/\",\"name\":\"Movacolor\",\"description\":\"modular dosing solutions\",\"potentialAction\":[{\"@type\":\"SearchAction\",\"target\":{\"@type\":\"EntryPoint\",\"urlTemplate\":\"https:\/\/www.movacolor.com\/es\/?s={search_term_string}\"},\"query-input\":{\"@type\":\"PropertyValueSpecification\",\"valueRequired\":true,\"valueName\":\"search_term_string\"}}],\"inLanguage\":\"es\"}]}<\/script>\n<!-- \/ Yoast SEO plugin. -->","yoast_head_json":{"title":"Mezclador gravim\u00e9trico \" Visite nuestro sitio web para obtener m\u00e1s informaci\u00f3n.","description":"\u00bfQu\u00e9 es un mezclador gravim\u00e9trico y cu\u00e1ndo se utiliza? Visite el sitio web de Movacolor y obtenga respuestas a estas preguntas.","robots":{"index":"index","follow":"follow","max-snippet":"max-snippet:-1","max-image-preview":"max-image-preview:large","max-video-preview":"max-video-preview:-1"},"canonical":"https:\/\/www.movacolor.com\/es\/gravimetric-blenders\/","og_locale":"es_ES","og_type":"article","og_title":"Mezclador gravim\u00e9trico \" Visite nuestro sitio web para obtener m\u00e1s informaci\u00f3n.","og_description":"\u00bfQu\u00e9 es un mezclador gravim\u00e9trico y cu\u00e1ndo se utiliza? Visite el sitio web de Movacolor y obtenga respuestas a estas preguntas.","og_url":"https:\/\/www.movacolor.com\/es\/gravimetric-blenders\/","og_site_name":"Movacolor","article_modified_time":"2023-07-25T10:06:22+00:00","twitter_card":"summary_large_image","twitter_misc":{"Tiempo de lectura":"2 minutos"},"schema":{"@context":"https:\/\/schema.org","@graph":[{"@type":"WebPage","@id":"https:\/\/www.movacolor.com\/es\/gravimetric-blenders\/","url":"https:\/\/www.movacolor.com\/es\/gravimetric-blenders\/","name":"Mezclador gravim\u00e9trico \" Visite nuestro sitio web para obtener m\u00e1s informaci\u00f3n.","isPartOf":{"@id":"https:\/\/www.movacolor.com\/es\/#website"},"datePublished":"2023-03-22T13:54:14+00:00","dateModified":"2023-07-25T10:06:22+00:00","description":"\u00bfQu\u00e9 es un mezclador gravim\u00e9trico y cu\u00e1ndo se utiliza? Visite el sitio web de Movacolor y obtenga respuestas a estas preguntas.","breadcrumb":{"@id":"https:\/\/www.movacolor.com\/es\/gravimetric-blenders\/#breadcrumb"},"inLanguage":"es","potentialAction":[{"@type":"ReadAction","target":["https:\/\/www.movacolor.com\/es\/gravimetric-blenders\/"]}]},{"@type":"BreadcrumbList","@id":"https:\/\/www.movacolor.com\/es\/gravimetric-blenders\/#breadcrumb","itemListElement":[{"@type":"ListItem","position":1,"name":"Home","item":"https:\/\/www.movacolor.com\/es\/"},{"@type":"ListItem","position":2,"name":"Mezcladores gravim\u00e9tricos"}]},{"@type":"WebSite","@id":"https:\/\/www.movacolor.com\/es\/#website","url":"https:\/\/www.movacolor.com\/es\/","name":"Movacolor","description":"modular dosing solutions","potentialAction":[{"@type":"SearchAction","target":{"@type":"EntryPoint","urlTemplate":"https:\/\/www.movacolor.com\/es\/?s={search_term_string}"},"query-input":{"@type":"PropertyValueSpecification","valueRequired":true,"valueName":"search_term_string"}}],"inLanguage":"es"}]}},"_links":{"self":[{"href":"https:\/\/www.movacolor.com\/es\/wp-json\/wp\/v2\/pages\/7588","targetHints":{"allow":["GET"]}}],"collection":[{"href":"https:\/\/www.movacolor.com\/es\/wp-json\/wp\/v2\/pages"}],"about":[{"href":"https:\/\/www.movacolor.com\/es\/wp-json\/wp\/v2\/types\/page"}],"author":[{"embeddable":true,"href":"https:\/\/www.movacolor.com\/es\/wp-json\/wp\/v2\/users\/6"}],"replies":[{"embeddable":true,"href":"https:\/\/www.movacolor.com\/es\/wp-json\/wp\/v2\/comments?post=7588"}],"version-history":[{"count":2,"href":"https:\/\/www.movacolor.com\/es\/wp-json\/wp\/v2\/pages\/7588\/revisions"}],"predecessor-version":[{"id":7590,"href":"https:\/\/www.movacolor.com\/es\/wp-json\/wp\/v2\/pages\/7588\/revisions\/7590"}],"wp:attachment":[{"href":"https:\/\/www.movacolor.com\/es\/wp-json\/wp\/v2\/media?parent=7588"}],"curies":[{"name":"wp","href":"https:\/\/api.w.org\/{rel}","templated":true}]}}