{"id":7585,"date":"2023-03-28T09:58:55","date_gmt":"2023-03-28T07:58:55","guid":{"rendered":"https:\/\/www.movacolor.com\/politica-de-privacidad-y-cookies\/"},"modified":"2024-02-09T18:24:02","modified_gmt":"2024-02-09T16:24:02","slug":"politica-de-privacidad-y-cookies","status":"publish","type":"page","link":"https:\/\/www.movacolor.com\/es\/politica-de-privacidad-y-cookies\/","title":{"rendered":"Pol\u00edtica de privacidad y cookies"},"content":{"rendered":"<section class=\"l-section wpb_row height_medium\"><div class=\"l-section-h i-cf\"><div class=\"g-cols vc_row via_flex valign_top type_default stacking_default\"><div class=\"vc_col-sm-12 wpb_column vc_column_container\"><div class=\"vc_column-inner\"><div class=\"wpb_wrapper\"><div class=\"wpb_text_column\"><div class=\"wpb_wrapper\"><h1>Pol\u00edtica de privacidad y cookies<\/h1>\n<\/div><\/div><div class=\"w-separator size_medium\"><\/div><div class=\"wpb_text_column\"><div class=\"wpb_wrapper\"><p>11 de agosto de 2023 &#8211; Durante el procesamiento nos ajustamos a los requisitos de la legislaci\u00f3n aplicable en materia de protecci\u00f3n de datos. Esto significa que<\/p>\n<p>especificamos claramente nuestros prop\u00f3sitos antes de procesar los datos personales, mediante el uso de esta Declaraci\u00f3n de Privacidad;<br \/>\nlimitamos nuestra recopilaci\u00f3n de datos personales \u00fanicamente a los datos personales necesarios para fines leg\u00edtimos;<br \/>\npedir primero permiso expl\u00edcito para procesar sus datos personales en los casos en que se requiera su permiso;<br \/>\ntomaremos las medidas de seguridad adecuadas para proteger sus datos personales y exigiremos lo mismo a las partes que procesen datos personales en nuestro nombre;<br \/>\nrespetar su derecho a inspeccionar, corregir o eliminar sus datos personales en nuestro poder.<\/p>\n<p>Movacolor B.V. es la parte responsable de todo el procesamiento de datos. En esta declaraci\u00f3n de privacidad, explicaremos qu\u00e9 datos personales recopilamos y con qu\u00e9 fines. Le recomendamos que la lea detenidamente.<\/p>\n<p><strong>Acceso al portal<\/strong><\/p>\n<p>Dentro de nuestro portal, puede acceder a un entorno de gesti\u00f3n en el que puede configurar, especificar y modificar ajustes.<\/p>\n<p>Para ello, utilizamos su n\u00famero de tel\u00e9fono, direcci\u00f3n de correo electr\u00f3nico, direcci\u00f3n IP, direcci\u00f3n de facturaci\u00f3n y los datos de su nombre y direcci\u00f3n. Lo hacemos sobre la base de su consentimiento. Almacenamos esta informaci\u00f3n hasta que finalizan los servicios que le prestamos.<\/p>\n<p><strong>Formulario de contacto y bolet\u00edn de noticias<\/strong><\/p>\n<p>Puede utilizar nuestro formulario de contacto para hacer preguntas o cualquier solicitud.<\/p>\n<p>Para ello, utilizamos su direcci\u00f3n IP, nombre y direcci\u00f3n, n\u00famero de tel\u00e9fono y direcci\u00f3n de correo electr\u00f3nico. Necesitamos estos datos debido a nuestro acuerdo con usted. Almacenamos esta informaci\u00f3n hasta que estamos seguros de que est\u00e1 satisfecho con nuestra respuesta y seis meses despu\u00e9s. De esta forma podemos acceder f\u00e1cilmente a la informaci\u00f3n en caso de que tenga alguna pregunta posterior y capacitar nuestro servicio de atenci\u00f3n al cliente para mejorar a\u00fan m\u00e1s.<\/p>\n<p>Disponemos de un bolet\u00edn informativo para informar a los interesados de nuestros productos y\/o servicios. Cada bolet\u00edn contiene un enlace con el que puede darse de baja de nuestro bolet\u00edn. Tambi\u00e9n puede hacerlo a trav\u00e9s de nuestro portal.<br \/>\nSu direcci\u00f3n de correo electr\u00f3nico se a\u00f1ade a la lista de suscriptores, s\u00f3lo con su permiso. Almacenamos esta informaci\u00f3n hasta que cancele su suscripci\u00f3n.<\/p>\n<p><strong>Tramitaci\u00f3n de su pedido<\/strong><\/p>\n<p>Utilizaremos sus datos personales para tramitar su pedido. Podemos compartir sus datos con el servicio de mensajer\u00eda para que entreguen su pedido. Tambi\u00e9n podemos obtener informaci\u00f3n sobre su pago de su banco o de la entidad emisora de su tarjeta de cr\u00e9dito.<\/p>\n<p>Para ello utilizamos su direcci\u00f3n de correo electr\u00f3nico, direcci\u00f3n IP, n\u00famero de tel\u00e9fono, direcci\u00f3n de facturaci\u00f3n y datos de su nombre y direcci\u00f3n. Necesitamos estos datos en virtud de nuestro acuerdo con usted. Almacenamos esta informaci\u00f3n hasta que se haya completado su pedido y siete a\u00f1os despu\u00e9s (el periodo legal de retenci\u00f3n).<\/p>\n<p><strong>Promoci\u00f3n<\/strong><\/p>\n<p>Aparte de los anuncios en el sitio web, podemos informarle sobre nuevos productos o servicios<\/p>\n<p>por correo electr\u00f3nico<br \/>\na trav\u00e9s de las redes sociales<\/p>\n<p>Puede oponerse en todo momento a esta comunicaci\u00f3n promocional. Cada correo electr\u00f3nico contiene un enlace de cancelaci\u00f3n. En las redes sociales, puede bloquearnos o utilizar la opci\u00f3n de cancelaci\u00f3n. Adem\u00e1s, puede informarnos a trav\u00e9s del portal.<\/p>\n<p><strong>Suministro de datos a terceros<\/strong><\/p>\n<p>A excepci\u00f3n de las partes mencionadas anteriormente, bajo ninguna circunstancia proporcionamos sus datos personales a otras empresas u organizaciones, a menos que as\u00ed nos lo exija la ley (por ejemplo, cuando la polic\u00eda exige el acceso a datos personales en caso de sospecha de delito).<\/p>\n<p><strong>Cookies de seguimiento<\/strong><\/p>\n<p>Nuestro sitio web utiliza cookies. Las cookies son peque\u00f1os archivos en los que podemos almacenar informaci\u00f3n para que no tenga que volver a rellenarla. Tambi\u00e9n podemos utilizarlas para saber si vuelve a visitarnos.<\/p>\n<p>La primera vez que visite nuestro sitio web, le mostraremos una notificaci\u00f3n en la que se explican nuestras cookies y le pediremos permiso para utilizarlas.<\/p>\n<p>Puede desactivar el uso de cookies a trav\u00e9s de la configuraci\u00f3n de su navegador, pero es posible que algunas partes de nuestro sitio web no funcionen correctamente como consecuencia de ello.<\/p>\n<p>Nuestro sitio web utiliza cookies de seguimiento para mejorar la experiencia de navegaci\u00f3n y ofrecer contenidos y servicios personalizados. Estas cookies de seguimiento recopilan informaci\u00f3n no personal sobre sus interacciones con nuestro sitio web, como las p\u00e1ginas visitadas, los enlaces en los que ha hecho clic y la duraci\u00f3n de las visitas. Estos datos nos ayudan a analizar y mejorar el rendimiento de nuestro sitio web, adaptar el contenido a sus intereses y medir la eficacia de nuestras campa\u00f1as de marketing.<\/p>\n<p>Estas cookies de seguimiento no recopilan ninguna informaci\u00f3n personal identificable (IPI), como su nombre, direcci\u00f3n o datos de contacto. La informaci\u00f3n recopilada se utiliza exclusivamente para fines internos, y no la compartimos con terceros con fines publicitarios o de marketing.<\/p>\n<p>Puede desactivar o gestionar estas cookies de seguimiento a trav\u00e9s de la configuraci\u00f3n de su navegador, aunque esto puede afectar a determinadas caracter\u00edsticas y funcionalidades de nuestro sitio web. Al continuar utilizando nuestro sitio web, usted acepta el uso de cookies de seguimiento como se describe en esta Pol\u00edtica de Privacidad.<\/p>\n<p><strong>Leadinfo<\/strong><\/p>\n<p>Utilizamos el servicio de generaci\u00f3n de prospectos proporcionado por Leadinfo B.V., Rotterdam, Pa\u00edses Bajos, que reconoce las visitas de empresas a nuestro sitio web bas\u00e1ndose en las direcciones IP y nos muestra informaci\u00f3n relacionada disponible p\u00fablicamente, como nombres o direcciones de empresas. Adem\u00e1s, Leadinfo coloca dos cookies de origen para proporcionar transparencia sobre c\u00f3mo nuestros visitantes utilizan nuestro sitio web y la herramienta procesa dominios de entradas de formularios proporcionados (por ejemplo, &#8220;leadinfo.com&#8221;) para correlacionar direcciones IP con empresas y mejorar sus servicios. Para m\u00e1s informaci\u00f3n, visite www.leadinfo.com. En esta p\u00e1gina: www.leadinfo.com\/en\/opt-out dispone de una opci\u00f3n de exclusi\u00f3n voluntaria. En caso de opt-out, sus datos dejar\u00e1n de ser utilizados por Leadinfo.<\/p>\n<p><strong>Google Analytics<\/strong><\/p>\n<p>Utilizamos Google Analytics para realizar un seguimiento de los visitantes de nuestro sitio web y para obtener informes sobre el uso que hacen los visitantes del sitio web. Aceptamos el acuerdo de procesamiento de datos de Google. No permitimos que Google utilice la informaci\u00f3n obtenida por Analytics para otros servicios de Google, y anonimizamos las direcciones IP.<\/p>\n<p><strong>Microsoft Clarity<\/strong><\/p>\n<p>Estamos asociados con Microsoft Clarity y Microsoft Advertising para captar c\u00f3mo utiliza e interact\u00faa con nuestro sitio web a trav\u00e9s de m\u00e9tricas de comportamiento, mapas de calor y repetici\u00f3n de sesiones para mejorar y comercializar nuestros productos y servicios. Los datos de uso del sitio web se capturan utilizando cookies propias y de terceros y otras tecnolog\u00edas de seguimiento para determinar la popularidad de los productos\/servicios y la actividad en l\u00ednea. Adem\u00e1s, utilizamos esta informaci\u00f3n con fines de optimizaci\u00f3n del sitio, fraude\/seguridad y publicidad. Para obtener m\u00e1s informaci\u00f3n sobre c\u00f3mo Microsoft recopila y utiliza sus datos, visite la Declaraci\u00f3n de privacidad de Microsoft.<\/p>\n<p><strong>Seguridad<\/strong><\/p>\n<p>Tomamos medidas de seguridad para reducir el uso indebido y el acceso no autorizado a los datos personales. En particular, adoptamos las siguientes medidas:<\/p>\n<p>El acceso a los datos personales requiere el uso de un nombre de usuario y una contrase\u00f1a.<br \/>\nHacemos uso de conexiones seguras (Secure Sockets Layer de SSL) para cifrar toda la informaci\u00f3n entre usted y nuestro sitio web al introducir sus datos personales<br \/>\nCambios en esta declaraci\u00f3n de privacidad<\/p>\n<p>Nos reservamos el derecho a modificar esta declaraci\u00f3n. Le recomendamos que consulte esta declaraci\u00f3n con regularidad para mantenerse informado de cualquier cambio.<\/p>\n<p><strong>Consulta y modificaci\u00f3n de sus datos<\/strong><\/p>\n<p>Siempre puede ponerse en contacto con nosotros si tiene alguna pregunta sobre nuestra pol\u00edtica de privacidad o si desea revisar, modificar o eliminar sus datos personales.<\/p>\n<p><strong>Usted tiene el siguiente derecho<\/strong><\/p>\n<p>Ser informado sobre qu\u00e9 datos personales tenemos y para qu\u00e9 los utilizamos;<br \/>\nInspeccionar los datos personales que conservamos de usted;<br \/>\nQue se corrijan los datos incorrectos;<br \/>\nSolicitar la supresi\u00f3n de datos personales obsoletos;<br \/>\nRevocar su consentimiento;<br \/>\nOponerse a determinados usos.<\/p>\n<p>Le rogamos que deje siempre claro qui\u00e9n es usted, para que podamos asegurarnos de no modificar o eliminar los datos de la persona equivocada.<\/p>\n<p><strong>Quejas<\/strong><\/p>\n<p>Si cree que no le estamos ayudando correctamente, tiene derecho a presentar una queja ante la autoridad competente. En el caso de los Pa\u00edses Bajos, se trata de la Autoriteit Persoonsgegevens.<\/p>\n<p><strong>Datos de contacto<\/strong><\/p>\n<p>Movacolor B.V.<br \/>\nWolkammersstraat 5<br \/>\n8601 VB Sneek<br \/>\nPa\u00edses Bajos<br \/>\ninfo@movacolor.com<br \/>\n+31 515 570 020<\/p>\n<\/div><\/div><\/div><\/div><\/div><\/div><\/div><\/section>\n","protected":false},"excerpt":{"rendered":"Pol\u00edtica de privacidad y cookies 11 de agosto de 2023 &#8211; Durante el procesamiento nos ajustamos a los requisitos de la legislaci\u00f3n aplicable en materia de protecci\u00f3n de datos. Esto significa que especificamos claramente nuestros prop\u00f3sitos antes de procesar los datos personales, mediante el uso de esta Declaraci\u00f3n de Privacidad; limitamos nuestra recopilaci\u00f3n de datos...","protected":false},"author":2,"featured_media":0,"parent":0,"menu_order":0,"comment_status":"closed","ping_status":"closed","template":"","meta":{"_acf_changed":false,"footnotes":""},"class_list":["post-7585","page","type-page","status-publish","hentry"],"acf":[],"yoast_head":"<!-- This site is optimized with the Yoast SEO plugin v26.4 - https:\/\/yoast.com\/wordpress\/plugins\/seo\/ -->\n<title>Pol\u00edtica de privacidad y cookies - Movacolor<\/title>\n<meta name=\"description\" content=\"Descubra nuestra pol\u00edtica de privacidad y cookies. Protegemos sus datos. Cont\u00e1ctenos para consultas y modificaciones.\" \/>\n<meta name=\"robots\" content=\"index, follow, max-snippet:-1, max-image-preview:large, max-video-preview:-1\" \/>\n<link rel=\"canonical\" href=\"https:\/\/www.movacolor.com\/es\/politica-de-privacidad-y-cookies\/\" \/>\n<meta property=\"og:locale\" content=\"es_ES\" \/>\n<meta property=\"og:type\" content=\"article\" \/>\n<meta property=\"og:title\" content=\"Pol\u00edtica de privacidad y cookies - Movacolor\" \/>\n<meta property=\"og:description\" content=\"Descubra nuestra pol\u00edtica de privacidad y cookies. Protegemos sus datos. Cont\u00e1ctenos para consultas y modificaciones.\" \/>\n<meta property=\"og:url\" content=\"https:\/\/www.movacolor.com\/es\/politica-de-privacidad-y-cookies\/\" \/>\n<meta property=\"og:site_name\" content=\"Movacolor\" \/>\n<meta property=\"article:modified_time\" content=\"2024-02-09T16:24:02+00:00\" \/>\n<meta name=\"twitter:card\" content=\"summary_large_image\" \/>\n<meta name=\"twitter:label1\" content=\"Tiempo de lectura\" \/>\n\t<meta name=\"twitter:data1\" content=\"7 minutos\" \/>\n<script type=\"application\/ld+json\" class=\"yoast-schema-graph\">{\"@context\":\"https:\/\/schema.org\",\"@graph\":[{\"@type\":\"WebPage\",\"@id\":\"https:\/\/www.movacolor.com\/es\/politica-de-privacidad-y-cookies\/\",\"url\":\"https:\/\/www.movacolor.com\/es\/politica-de-privacidad-y-cookies\/\",\"name\":\"Pol\u00edtica de privacidad y cookies - Movacolor\",\"isPartOf\":{\"@id\":\"https:\/\/www.movacolor.com\/es\/#website\"},\"datePublished\":\"2023-03-28T07:58:55+00:00\",\"dateModified\":\"2024-02-09T16:24:02+00:00\",\"description\":\"Descubra nuestra pol\u00edtica de privacidad y cookies. Protegemos sus datos. Cont\u00e1ctenos para consultas y modificaciones.\",\"breadcrumb\":{\"@id\":\"https:\/\/www.movacolor.com\/es\/politica-de-privacidad-y-cookies\/#breadcrumb\"},\"inLanguage\":\"es\",\"potentialAction\":[{\"@type\":\"ReadAction\",\"target\":[\"https:\/\/www.movacolor.com\/es\/politica-de-privacidad-y-cookies\/\"]}]},{\"@type\":\"BreadcrumbList\",\"@id\":\"https:\/\/www.movacolor.com\/es\/politica-de-privacidad-y-cookies\/#breadcrumb\",\"itemListElement\":[{\"@type\":\"ListItem\",\"position\":1,\"name\":\"Home\",\"item\":\"https:\/\/www.movacolor.com\/es\/\"},{\"@type\":\"ListItem\",\"position\":2,\"name\":\"Pol\u00edtica de privacidad y cookies\"}]},{\"@type\":\"WebSite\",\"@id\":\"https:\/\/www.movacolor.com\/es\/#website\",\"url\":\"https:\/\/www.movacolor.com\/es\/\",\"name\":\"Movacolor\",\"description\":\"modular dosing solutions\",\"potentialAction\":[{\"@type\":\"SearchAction\",\"target\":{\"@type\":\"EntryPoint\",\"urlTemplate\":\"https:\/\/www.movacolor.com\/es\/?s={search_term_string}\"},\"query-input\":{\"@type\":\"PropertyValueSpecification\",\"valueRequired\":true,\"valueName\":\"search_term_string\"}}],\"inLanguage\":\"es\"}]}<\/script>\n<!-- \/ Yoast SEO plugin. -->","yoast_head_json":{"title":"Pol\u00edtica de privacidad y cookies - Movacolor","description":"Descubra nuestra pol\u00edtica de privacidad y cookies. Protegemos sus datos. Cont\u00e1ctenos para consultas y modificaciones.","robots":{"index":"index","follow":"follow","max-snippet":"max-snippet:-1","max-image-preview":"max-image-preview:large","max-video-preview":"max-video-preview:-1"},"canonical":"https:\/\/www.movacolor.com\/es\/politica-de-privacidad-y-cookies\/","og_locale":"es_ES","og_type":"article","og_title":"Pol\u00edtica de privacidad y cookies - Movacolor","og_description":"Descubra nuestra pol\u00edtica de privacidad y cookies. Protegemos sus datos. Cont\u00e1ctenos para consultas y modificaciones.","og_url":"https:\/\/www.movacolor.com\/es\/politica-de-privacidad-y-cookies\/","og_site_name":"Movacolor","article_modified_time":"2024-02-09T16:24:02+00:00","twitter_card":"summary_large_image","twitter_misc":{"Tiempo de lectura":"7 minutos"},"schema":{"@context":"https:\/\/schema.org","@graph":[{"@type":"WebPage","@id":"https:\/\/www.movacolor.com\/es\/politica-de-privacidad-y-cookies\/","url":"https:\/\/www.movacolor.com\/es\/politica-de-privacidad-y-cookies\/","name":"Pol\u00edtica de privacidad y cookies - Movacolor","isPartOf":{"@id":"https:\/\/www.movacolor.com\/es\/#website"},"datePublished":"2023-03-28T07:58:55+00:00","dateModified":"2024-02-09T16:24:02+00:00","description":"Descubra nuestra pol\u00edtica de privacidad y cookies. Protegemos sus datos. Cont\u00e1ctenos para consultas y modificaciones.","breadcrumb":{"@id":"https:\/\/www.movacolor.com\/es\/politica-de-privacidad-y-cookies\/#breadcrumb"},"inLanguage":"es","potentialAction":[{"@type":"ReadAction","target":["https:\/\/www.movacolor.com\/es\/politica-de-privacidad-y-cookies\/"]}]},{"@type":"BreadcrumbList","@id":"https:\/\/www.movacolor.com\/es\/politica-de-privacidad-y-cookies\/#breadcrumb","itemListElement":[{"@type":"ListItem","position":1,"name":"Home","item":"https:\/\/www.movacolor.com\/es\/"},{"@type":"ListItem","position":2,"name":"Pol\u00edtica de privacidad y cookies"}]},{"@type":"WebSite","@id":"https:\/\/www.movacolor.com\/es\/#website","url":"https:\/\/www.movacolor.com\/es\/","name":"Movacolor","description":"modular dosing solutions","potentialAction":[{"@type":"SearchAction","target":{"@type":"EntryPoint","urlTemplate":"https:\/\/www.movacolor.com\/es\/?s={search_term_string}"},"query-input":{"@type":"PropertyValueSpecification","valueRequired":true,"valueName":"search_term_string"}}],"inLanguage":"es"}]}},"_links":{"self":[{"href":"https:\/\/www.movacolor.com\/es\/wp-json\/wp\/v2\/pages\/7585","targetHints":{"allow":["GET"]}}],"collection":[{"href":"https:\/\/www.movacolor.com\/es\/wp-json\/wp\/v2\/pages"}],"about":[{"href":"https:\/\/www.movacolor.com\/es\/wp-json\/wp\/v2\/types\/page"}],"author":[{"embeddable":true,"href":"https:\/\/www.movacolor.com\/es\/wp-json\/wp\/v2\/users\/2"}],"replies":[{"embeddable":true,"href":"https:\/\/www.movacolor.com\/es\/wp-json\/wp\/v2\/comments?post=7585"}],"version-history":[{"count":4,"href":"https:\/\/www.movacolor.com\/es\/wp-json\/wp\/v2\/pages\/7585\/revisions"}],"predecessor-version":[{"id":8040,"href":"https:\/\/www.movacolor.com\/es\/wp-json\/wp\/v2\/pages\/7585\/revisions\/8040"}],"wp:attachment":[{"href":"https:\/\/www.movacolor.com\/es\/wp-json\/wp\/v2\/media?parent=7585"}],"curies":[{"name":"wp","href":"https:\/\/api.w.org\/{rel}","templated":true}]}}