{"id":3156,"date":"2023-01-04T15:28:06","date_gmt":"2023-01-04T13:28:06","guid":{"rendered":"https:\/\/dev.movacolor.com\/acerca-de-nosotros\/noticias\/"},"modified":"2024-02-08T22:30:02","modified_gmt":"2024-02-08T20:30:02","slug":"noticias","status":"publish","type":"page","link":"https:\/\/www.movacolor.com\/es\/acerca-de-nosotros\/noticias\/","title":{"rendered":"Noticias"},"content":{"rendered":"<section class=\"l-section wpb_row height_auto\"><div class=\"l-section-h i-cf\"><div class=\"g-cols vc_row via_flex valign_top type_boxes stacking_default\"><div class=\"vc_col-sm-12 wpb_column vc_column_container\"><div class=\"vc_column-inner us_custom_11944701 us_animate_this\"><div class=\"wpb_wrapper\"><div class=\"wpb_text_column\"><div class=\"wpb_wrapper\"><h1><strong>Novedad<\/strong><\/h1>\n<p>Independientemente de si es usted cliente, socio o simplemente est\u00e1 interesado en la industria del pl\u00e1stico, en esta p\u00e1gina encontrar\u00e1 las \u00faltimas noticias sobre nuestra empresa y art\u00edculos de inter\u00e9s sobre temas y novedades relevantes del mercado de los pl\u00e1sticos.<\/p>\n<\/div><\/div><\/div><\/div><\/div><\/div><\/div><\/section><section class=\"l-section wpb_row us_custom_c70c97eb height_auto width_full\"><div class=\"l-section-h i-cf\"><div class=\"g-cols vc_row via_flex valign_top type_boxes stacking_default\"><div class=\"vc_col-sm-12 wpb_column vc_column_container\"><div class=\"vc_column-inner\"><div class=\"wpb_wrapper\"><div class=\"g-cols wpb_row filter news via_flex valign_top type_default stacking_default\"><div class=\"vc_col-sm-12 wpb_column vc_column_container\"><div class=\"vc_column-inner\"><div class=\"wpb_wrapper\"><div class=\"w-text us_custom_60e9caca filter-label us_animate_this\"><span class=\"w-text-h\"><span class=\"w-text-value\">Filter<\/span><\/span><\/div><form class=\"w-filter for_grid state_desktop us-field-style_1 us_custom_60e9caca us_animate_this layout_hor items_1 mod_side style_switch_default align_none drop_on_hover hide_item_title\" action onsubmit=\"return false;\" onclick='return {&quot;filterPrefix&quot;:&quot;filter&quot;,&quot;hideDisabledValues&quot;:false,&quot;layout&quot;:&quot;hor&quot;,&quot;mobileWidth&quot;:600,&quot;use_grid&quot;:&quot;first&quot;,&quot;gridNotFoundMessage&quot;:&quot;Nothing to filter. Add a suitable Grid to this page.&quot;}'><div class=\"w-filter-list\"><div class=\"w-filter-list-title\">Filter<\/div><button class=\"w-filter-list-closer\" title=\"Cerrar\" aria-label=\"Cerrar\"><\/button><div class=\"w-filter-item type_radio\" data-source=\"tax|category\"><button class=\"w-filter-item-title\">Categor\u00eda<span><\/span><\/button><a class=\"w-filter-item-reset\" href=\"#\" title=\"Reiniciar\"><span>Reiniciar<\/span><\/a><div class=\"w-filter-item-content\"><div class=\"w-filter-item-values\" data-maxheight=\"40vh\" style=\"max-height:40vh\"><div class=\"w-filter-item-value selected\"><label><input type=\"radio\" value=\"*\" name=\"filter_category\" checked='checked'><span class=\"w-filter-item-value-label\">Todo<\/span><\/label><\/div><div class=\"w-filter-item-value\" data-item-amount=\"1\"><label><input type=\"radio\" value=\"blogs-es\" name=\"filter_category\"><span class=\"w-filter-item-value-label\">Blogs<\/span><\/label><\/div><div class=\"w-filter-item-value\" data-item-amount=\"2\"><label><input type=\"radio\" value=\"casos\" name=\"filter_category\"><span class=\"w-filter-item-value-label\">Casos<\/span><\/label><\/div><div class=\"w-filter-item-value\" data-item-amount=\"1\"><label><input type=\"radio\" value=\"eventos\" name=\"filter_category\"><span class=\"w-filter-item-value-label\">Eventos<\/span><\/label><\/div><div class=\"w-filter-item-value\" data-item-amount=\"1\"><label><input type=\"radio\" value=\"noticias\" name=\"filter_category\"><span class=\"w-filter-item-value-label\">Noticias<\/span><\/label><\/div><\/div><\/div><\/div><\/div><div class=\"w-filter-list-panel\"><button class=\"w-btn us-btn-style_2\"><span class=\"w-btn-label\">Aplicar<\/span><\/button><\/div><style>@media( max-width:600px ){.w-filter.state_desktop .w-filter-list,.w-filter-item-title>span{display:none}.w-filter-opener{display:inline-block}}<\/style><button class=\"w-filter-opener w-btn us-btn-style_1 icon_atleft\"><i class=\"far fa-filter\"><\/i><span>Filter<\/span><\/button><div class=\"w-filter-json-filters-args hidden\" onclick='return {&quot;taxonomies_query_args&quot;:{&quot;tax|category&quot;:{&quot;blogs-es&quot;:{&quot;fields&quot;:&quot;ids&quot;,&quot;nopaging&quot;:true,&quot;post_status&quot;:[&quot;publish&quot;,&quot;acf-disabled&quot;,&quot;inherit&quot;],&quot;post_type&quot;:[],&quot;posts_per_page&quot;:1,&quot;suppress_filters&quot;:true,&quot;tax_query&quot;:[{&quot;taxonomy&quot;:&quot;category&quot;,&quot;field&quot;:&quot;slug&quot;,&quot;terms&quot;:&quot;blogs-es&quot;}]},&quot;casos&quot;:{&quot;fields&quot;:&quot;ids&quot;,&quot;nopaging&quot;:true,&quot;post_status&quot;:[&quot;publish&quot;,&quot;acf-disabled&quot;,&quot;inherit&quot;],&quot;post_type&quot;:[],&quot;posts_per_page&quot;:1,&quot;suppress_filters&quot;:true,&quot;tax_query&quot;:[{&quot;taxonomy&quot;:&quot;category&quot;,&quot;field&quot;:&quot;slug&quot;,&quot;terms&quot;:&quot;casos&quot;}]},&quot;eventos&quot;:{&quot;fields&quot;:&quot;ids&quot;,&quot;nopaging&quot;:true,&quot;post_status&quot;:[&quot;publish&quot;,&quot;acf-disabled&quot;,&quot;inherit&quot;],&quot;post_type&quot;:[],&quot;posts_per_page&quot;:1,&quot;suppress_filters&quot;:true,&quot;tax_query&quot;:[{&quot;taxonomy&quot;:&quot;category&quot;,&quot;field&quot;:&quot;slug&quot;,&quot;terms&quot;:&quot;eventos&quot;}]},&quot;noticias&quot;:{&quot;fields&quot;:&quot;ids&quot;,&quot;nopaging&quot;:true,&quot;post_status&quot;:[&quot;publish&quot;,&quot;acf-disabled&quot;,&quot;inherit&quot;],&quot;post_type&quot;:[],&quot;posts_per_page&quot;:1,&quot;suppress_filters&quot;:true,&quot;tax_query&quot;:[{&quot;taxonomy&quot;:&quot;category&quot;,&quot;field&quot;:&quot;slug&quot;,&quot;terms&quot;:&quot;noticias&quot;}]},&quot;sin-categorizar&quot;:{&quot;fields&quot;:&quot;ids&quot;,&quot;nopaging&quot;:true,&quot;post_status&quot;:[&quot;publish&quot;,&quot;acf-disabled&quot;,&quot;inherit&quot;],&quot;post_type&quot;:[],&quot;posts_per_page&quot;:1,&quot;suppress_filters&quot;:true,&quot;tax_query&quot;:[{&quot;taxonomy&quot;:&quot;category&quot;,&quot;field&quot;:&quot;slug&quot;,&quot;terms&quot;:&quot;sin-categorizar&quot;}]}}}}'><\/div><\/form><\/div><\/div><\/div><\/div><div class=\"w-grid us_grid us_custom_60e9caca us_animate_this type_grid layout_175 cols_3 pagination_ajax preload_style_spinner\" id=\"us_grid_1\" style=\"--columns:3;--gap:1.5rem;\" data-filterable=\"true\"><style>@media (max-width:1299px){#us_grid_1{--columns:2!important}}@media (max-width:1024px){#us_grid_1{--columns:2!important}}@media (max-width:768px){#us_grid_1{--columns:1!important}}.layout_175 .w-grid-item-h{background:var(--color-content-bg-alt);box-shadow:0 0.08rem 0.15rem rgba(0,0,0,0.1),0 0.25rem 0.75rem rgba(0,0,0,0.1);transition-duration:0.3s}.no-touch .layout_175 .w-grid-item-h:hover{box-shadow:0 0.03rem 0.06rem rgba(0,0,0,0.1),0 0.1rem 0.3rem rgba(0,0,0,0.15);z-index:4}.layout_175 .usg_vwrapper_1{margin-bottom:4.5rem!important;padding:2rem!important}.layout_175 .usg_btn_1{margin-top:3rem!important;position:absolute!important;left:2rem!important;bottom:2rem!important}@media (min-width:1025px) and (max-width:1280px){.layout_175 .usg_vwrapper_1{margin-bottom:4.5rem!important;padding:2rem!important}.layout_175 .usg_btn_1{position:absolute!important;left:2rem!important;bottom:2rem!important}}@media (min-width:769px) and (max-width:1024px){.layout_175 .usg_vwrapper_1{margin-bottom:4.5rem!important;padding:2rem!important}.layout_175 .usg_btn_1{position:absolute!important;left:2rem!important;bottom:2rem!important}}@media (max-width:768px){.layout_175 .usg_vwrapper_1{margin-bottom:4.5rem!important;padding:1.5rem!important}.layout_175 .usg_btn_1{position:absolute!important;left:1.5rem!important;bottom:1.5rem!important}}<\/style><div class=\"w-grid-list\">\t<article class=\"w-grid-item size_1x1 post-15510 post type-post status-publish format-standard has-post-thumbnail hentry category-noticias\" data-id=\"15510\">\r\n\t\t<div class=\"w-grid-item-h\">\r\n\t\t\t\t\t\t\t<a href=\"https:\/\/www.movacolor.com\/es\/news\/volumetric-dosing-done-right-explore-nuestra-nueva-unidad-de-dosificacion\/\" class=\"w-grid-item-anchor\" aria-label=\"&#8216;Volumetric Dosing Done Right&#8217;: Explore nuestra nueva unidad de dosificaci\u00f3n\"><\/a>\r\n\t\t\t\t\t\t<div class=\"w-post-elm post_image usg_post_image_1 stretched\"><img loading=\"lazy\" decoding=\"async\" width=\"600\" height=\"400\" src=\"https:\/\/www.movacolor.com\/wp-content\/uploads\/2024\/01\/MDS-Volumetric-Feeder-Thumbnail-600x400.jpg\" class=\"attachment-us_600_400_crop size-us_600_400_crop wp-post-image\" alt=\"MDS Volumetric Feeder in Testroom\" srcset=\"https:\/\/www.movacolor.com\/wp-content\/uploads\/2024\/01\/MDS-Volumetric-Feeder-Thumbnail-600x400.jpg 600w, https:\/\/www.movacolor.com\/wp-content\/uploads\/2024\/01\/MDS-Volumetric-Feeder-Thumbnail-300x201.jpg 300w, https:\/\/www.movacolor.com\/wp-content\/uploads\/2024\/01\/MDS-Volumetric-Feeder-Thumbnail-897x600.jpg 897w, https:\/\/www.movacolor.com\/wp-content\/uploads\/2024\/01\/MDS-Volumetric-Feeder-Thumbnail.jpg 997w\" sizes=\"auto, (max-width: 600px) 100vw, 600px\" \/><\/div><div class=\"w-vwrapper usg_vwrapper_1 align_left valign_top\"><h4 class=\"w-post-elm post_title usg_post_title_1 entry-title color_link_inherit\">&#8216;Volumetric Dosing Done Right&#8217;: Explore nuestra nueva unidad de dosificaci\u00f3n<\/h4><div class=\"w-post-elm post_content usg_post_content_1\">Estamos muy contentos de lanzar nuestra nueva unidad de dosificaci\u00f3n: El MDS Volumetric Feeder. Esta innovadora unidad de dosificaci\u00f3n establece el nuevo est\u00e1ndar en dosificaci\u00f3n volum\u00e9trica, dirigida espec\u00edficamente a los&hellip;<\/div><\/div><button tabindex=\"-1\" class=\"w-btn us-btn-style_5 usg_btn_1\"><span class=\"w-btn-label\">Seguir leyendo<\/span><\/button>\t\t<\/div>\r\n\t\t\t<\/article>\r\n\t<article class=\"w-grid-item size_1x1 post-7714 post type-post status-publish format-standard has-post-thumbnail hentry category-blogs-es\" data-id=\"7714\">\r\n\t\t<div class=\"w-grid-item-h\">\r\n\t\t\t\t\t\t\t<a href=\"https:\/\/www.movacolor.com\/es\/news\/de-la-opinion-del-cliente-a-una-nueva-solucion-el-complemento-de-dosificacion-fuera-de-linea\/\" class=\"w-grid-item-anchor\" aria-label=\"De la opini\u00f3n del cliente a una nueva soluci\u00f3n: El complemento de dosificaci\u00f3n fuera de l\u00ednea\"><\/a>\r\n\t\t\t\t\t\t<div class=\"w-post-elm post_image usg_post_image_1 stretched\"><img loading=\"lazy\" decoding=\"async\" width=\"600\" height=\"400\" src=\"https:\/\/www.movacolor.com\/wp-content\/uploads\/2023\/06\/DSC00194_BLUR-1-600x400.jpg\" class=\"attachment-us_600_400_crop size-us_600_400_crop wp-post-image\" alt=\"Off-line Dosing Configuration\" srcset=\"https:\/\/www.movacolor.com\/wp-content\/uploads\/2023\/06\/DSC00194_BLUR-1-600x400.jpg 600w, https:\/\/www.movacolor.com\/wp-content\/uploads\/2023\/06\/DSC00194_BLUR-1-1500x1000.jpg 1500w\" sizes=\"auto, (max-width: 600px) 100vw, 600px\" \/><\/div><div class=\"w-vwrapper usg_vwrapper_1 align_left valign_top\"><h4 class=\"w-post-elm post_title usg_post_title_1 entry-title color_link_inherit\">De la opini\u00f3n del cliente a una nueva soluci\u00f3n: El complemento de dosificaci\u00f3n fuera de l\u00ednea<\/h4><div class=\"w-post-elm post_content usg_post_content_1\">El a\u00f1o pasado recibimos varias consultas sobre la viabilidad de colocar nuestra balanza MDS 6 junto a la m\u00e1quina de producci\u00f3n. Estas preguntas nos impulsaron a desarrollar una nueva soluci\u00f3n&hellip;<\/div><\/div><button tabindex=\"-1\" class=\"w-btn us-btn-style_5 usg_btn_1\"><span class=\"w-btn-label\">Seguir leyendo<\/span><\/button>\t\t<\/div>\r\n\t\t\t<\/article>\r\n\t<article class=\"w-grid-item size_1x1 post-11070 post type-post status-publish format-standard has-post-thumbnail hentry category-eventos\" data-id=\"11070\">\r\n\t\t<div class=\"w-grid-item-h\">\r\n\t\t\t\t\t\t\t<a href=\"https:\/\/www.movacolor.com\/es\/news\/asista-a-nuestro-seminario-web-go-beyond-blending-el-14-de-noviembre\/\" class=\"w-grid-item-anchor\" aria-label=\"Asista a nuestro seminario web Go Beyond Blending el 14 de noviembre\"><\/a>\r\n\t\t\t\t\t\t<div class=\"w-post-elm post_image usg_post_image_1 stretched\"><img loading=\"lazy\" decoding=\"async\" width=\"600\" height=\"400\" src=\"https:\/\/www.movacolor.com\/wp-content\/uploads\/2023\/03\/DSC00368-Edit_LR-600x400.jpg\" class=\"attachment-us_600_400_crop size-us_600_400_crop wp-post-image\" alt=\"\" srcset=\"https:\/\/www.movacolor.com\/wp-content\/uploads\/2023\/03\/DSC00368-Edit_LR-600x400.jpg 600w, https:\/\/www.movacolor.com\/wp-content\/uploads\/2023\/03\/DSC00368-Edit_LR-300x200.jpg 300w, https:\/\/www.movacolor.com\/wp-content\/uploads\/2023\/03\/DSC00368-Edit_LR-1024x683.jpg 1024w, https:\/\/www.movacolor.com\/wp-content\/uploads\/2023\/03\/DSC00368-Edit_LR-1500x1000.jpg 1500w, https:\/\/www.movacolor.com\/wp-content\/uploads\/2023\/03\/DSC00368-Edit_LR.jpg 1920w\" sizes=\"auto, (max-width: 600px) 100vw, 600px\" \/><\/div><div class=\"w-vwrapper usg_vwrapper_1 align_left valign_top\"><h4 class=\"w-post-elm post_title usg_post_title_1 entry-title color_link_inherit\">Asista a nuestro seminario web Go Beyond Blending el 14 de noviembre<\/h4><div class=\"w-post-elm post_content usg_post_content_1\">\u00bfBusca reducir los costes de producci\u00f3n y aumentar la eficiencia de los materiales? Descubra c\u00f3mo nuestras soluciones modulares de dosificaci\u00f3n y mezcla a medida -que abarcan polvos, gr\u00e1nulos, remolidos y&hellip;<\/div><\/div><button tabindex=\"-1\" class=\"w-btn us-btn-style_5 usg_btn_1\"><span class=\"w-btn-label\">Seguir leyendo<\/span><\/button>\t\t<\/div>\r\n\t\t\t<\/article>\r\n\t<article class=\"w-grid-item size_1x1 post-7708 post type-post status-publish format-standard has-post-thumbnail hentry category-casos\" data-id=\"7708\">\r\n\t\t<div class=\"w-grid-item-h\">\r\n\t\t\t\t\t\t\t<a href=\"https:\/\/www.movacolor.com\/es\/news\/a-sustainable-solution-in-the-vinyl-industry\/\" class=\"w-grid-item-anchor\" aria-label=\"Una soluci\u00f3n sostenible para la industria del vinilo\"><\/a>\r\n\t\t\t\t\t\t<div class=\"w-post-elm post_image usg_post_image_1 stretched\"><img loading=\"lazy\" decoding=\"async\" width=\"600\" height=\"400\" src=\"https:\/\/www.movacolor.com\/wp-content\/uploads\/2023\/07\/NEW-THUMBNAIL-600x400.png\" class=\"attachment-us_600_400_crop size-us_600_400_crop wp-post-image\" alt=\"\" srcset=\"https:\/\/www.movacolor.com\/wp-content\/uploads\/2023\/07\/NEW-THUMBNAIL-600x400.png 600w, https:\/\/www.movacolor.com\/wp-content\/uploads\/2023\/07\/NEW-THUMBNAIL-1500x1000.png 1500w\" sizes=\"auto, (max-width: 600px) 100vw, 600px\" \/><\/div><div class=\"w-vwrapper usg_vwrapper_1 align_left valign_top\"><h4 class=\"w-post-elm post_title usg_post_title_1 entry-title color_link_inherit\">Una soluci\u00f3n sostenible para la industria del vinilo<\/h4><div class=\"w-post-elm post_content usg_post_content_1\">El a\u00f1o pasado Harm Theunisse se puso en contacto con nosotros para colaborar en un proyecto especial llamado &#8220;Discos de vinilo ecol\u00f3gicos&#8221;. Harm quer\u00eda investigar si era posible reducir los&hellip;<\/div><\/div><button tabindex=\"-1\" class=\"w-btn us-btn-style_5 usg_btn_1\"><span class=\"w-btn-label\">Seguir leyendo<\/span><\/button>\t\t<\/div>\r\n\t\t\t<\/article>\r\n\t<article class=\"w-grid-item size_1x1 post-7720 post type-post status-publish format-standard has-post-thumbnail hentry category-casos\" data-id=\"7720\">\r\n\t\t<div class=\"w-grid-item-h\">\r\n\t\t\t\t\t\t\t<a href=\"https:\/\/www.movacolor.com\/es\/news\/a-visit-to-our-valued-customer-enitor-primo\/\" class=\"w-grid-item-anchor\" aria-label=\"Visita a nuestro apreciado cliente Enitor Primo\"><\/a>\r\n\t\t\t\t\t\t<div class=\"w-post-elm post_image usg_post_image_1 stretched\"><img loading=\"lazy\" decoding=\"async\" width=\"600\" height=\"400\" src=\"https:\/\/www.movacolor.com\/wp-content\/uploads\/2023\/06\/MicrosoftTeams-image-600x400.jpg\" class=\"attachment-us_600_400_crop size-us_600_400_crop wp-post-image\" alt=\"Jelle Wibo Elsinga - Enitor Primo\" \/><\/div><div class=\"w-vwrapper usg_vwrapper_1 align_left valign_top\"><h4 class=\"w-post-elm post_title usg_post_title_1 entry-title color_link_inherit\">Visita a nuestro apreciado cliente Enitor Primo<\/h4><div class=\"w-post-elm post_content usg_post_content_1\">Recientemente tuvimos la fant\u00e1stica oportunidad de visitar Enitor Primo, parte de la gran multinacional Primo Group y un valioso cliente de Movacolor. Se especializan en la producci\u00f3n de extrusi\u00f3n de&hellip;<\/div><\/div><button tabindex=\"-1\" class=\"w-btn us-btn-style_5 usg_btn_1\"><span class=\"w-btn-label\">Seguir leyendo<\/span><\/button>\t\t<\/div>\r\n\t\t\t<\/article>\r\n<\/div>\t<div class=\"w-grid-preloader\">\r\n\t\t<div class=\"g-preloader type_1\">\r\n\t\t\t<div><\/div>\r\n\t\t<\/div>\r\n\t<\/div>\r\n\t\t<div class=\"w-grid-json hidden\" onclick='return {&quot;action&quot;:&quot;us_ajax_grid&quot;,&quot;infinite_scroll&quot;:0,&quot;max_num_pages&quot;:1,&quot;pagination&quot;:&quot;ajax&quot;,&quot;template_vars&quot;:{&quot;columns&quot;:&quot;3&quot;,&quot;exclude_items&quot;:&quot;none&quot;,&quot;img_size&quot;:&quot;default&quot;,&quot;ignore_items_size&quot;:0,&quot;items_layout&quot;:&quot;175&quot;,&quot;items_offset&quot;:&quot;1&quot;,&quot;load_animation&quot;:&quot;none&quot;,&quot;overriding_link&quot;:&quot;%7B%22type%22%3A%22post%22%7D&quot;,&quot;post_id&quot;:0,&quot;query_args&quot;:{&quot;post_type&quot;:[&quot;post&quot;],&quot;post_status&quot;:[&quot;publish&quot;,&quot;acf-disabled&quot;],&quot;posts_per_page&quot;:&quot;12&quot;},&quot;orderby_query_args&quot;:{&quot;orderby&quot;:{&quot;date&quot;:&quot;DESC&quot;}},&quot;type&quot;:&quot;grid&quot;,&quot;us_grid_post_type&quot;:&quot;post&quot;,&quot;us_grid_ajax_index&quot;:1,&quot;us_grid_filter_query_string&quot;:null,&quot;us_grid_index&quot;:1,&quot;page_args&quot;:[],&quot;lang&quot;:&quot;es&quot;}}'><\/div>\r\n\t<\/div><\/div><\/div><\/div><\/div><\/div><\/section>\n","protected":false},"excerpt":{"rendered":"Cuando se trata de extrusi\u00f3n de pl\u00e1stico, una empresa que destaca entre sus competidores es Enitor Primo. Con un enfoque centrado en los detalles, fabrican productos de pl\u00e1stico con precisi\u00f3n y cuidado. La empresa produce miles de perfiles diferentes que se utilizan en mercados tan diversos como la industria general, la construcci\u00f3n de invernaderos, piscinas,...","protected":false},"author":2,"featured_media":0,"parent":3104,"menu_order":0,"comment_status":"closed","ping_status":"closed","template":"","meta":{"_acf_changed":false,"footnotes":""},"class_list":["post-3156","page","type-page","status-publish","hentry"],"acf":[],"yoast_head":"<!-- This site is optimized with the Yoast SEO plugin v26.4 - https:\/\/yoast.com\/wordpress\/plugins\/seo\/ -->\n<title>Noticias - Movacolor<\/title>\n<meta name=\"description\" content=\"Mantente al d\u00eda de las novedades de Movacolor y descubre nuestros art\u00edculos sobre desarrollos relevantes en la industria del pl\u00e1stico.\" \/>\n<meta name=\"robots\" content=\"index, follow, max-snippet:-1, max-image-preview:large, max-video-preview:-1\" \/>\n<link rel=\"canonical\" href=\"https:\/\/www.movacolor.com\/es\/acerca-de-nosotros\/noticias\/\" \/>\n<meta property=\"og:locale\" content=\"es_ES\" \/>\n<meta property=\"og:type\" content=\"article\" \/>\n<meta property=\"og:title\" content=\"Noticias - Movacolor\" \/>\n<meta property=\"og:description\" content=\"Mantente al d\u00eda de las novedades de Movacolor y descubre nuestros art\u00edculos sobre desarrollos relevantes en la industria del pl\u00e1stico.\" \/>\n<meta property=\"og:url\" content=\"https:\/\/www.movacolor.com\/es\/acerca-de-nosotros\/noticias\/\" \/>\n<meta property=\"og:site_name\" content=\"Movacolor\" \/>\n<meta property=\"article:modified_time\" content=\"2024-02-08T20:30:02+00:00\" \/>\n<meta name=\"twitter:card\" content=\"summary_large_image\" \/>\n<meta name=\"twitter:label1\" content=\"Tiempo de lectura\" \/>\n\t<meta name=\"twitter:data1\" content=\"1 minuto\" \/>\n<script type=\"application\/ld+json\" class=\"yoast-schema-graph\">{\"@context\":\"https:\/\/schema.org\",\"@graph\":[{\"@type\":\"WebPage\",\"@id\":\"https:\/\/www.movacolor.com\/es\/acerca-de-nosotros\/noticias\/\",\"url\":\"https:\/\/www.movacolor.com\/es\/acerca-de-nosotros\/noticias\/\",\"name\":\"Noticias - Movacolor\",\"isPartOf\":{\"@id\":\"https:\/\/www.movacolor.com\/es\/#website\"},\"datePublished\":\"2023-01-04T13:28:06+00:00\",\"dateModified\":\"2024-02-08T20:30:02+00:00\",\"description\":\"Mantente al d\u00eda de las novedades de Movacolor y descubre nuestros art\u00edculos sobre desarrollos relevantes en la industria del pl\u00e1stico.\",\"breadcrumb\":{\"@id\":\"https:\/\/www.movacolor.com\/es\/acerca-de-nosotros\/noticias\/#breadcrumb\"},\"inLanguage\":\"es\",\"potentialAction\":[{\"@type\":\"ReadAction\",\"target\":[\"https:\/\/www.movacolor.com\/es\/acerca-de-nosotros\/noticias\/\"]}]},{\"@type\":\"BreadcrumbList\",\"@id\":\"https:\/\/www.movacolor.com\/es\/acerca-de-nosotros\/noticias\/#breadcrumb\",\"itemListElement\":[{\"@type\":\"ListItem\",\"position\":1,\"name\":\"Home\",\"item\":\"https:\/\/www.movacolor.com\/es\/\"},{\"@type\":\"ListItem\",\"position\":2,\"name\":\"Acerca de nosotros\",\"item\":\"https:\/\/www.movacolor.com\/es\/acerca-de-nosotros\/\"},{\"@type\":\"ListItem\",\"position\":3,\"name\":\"Noticias\"}]},{\"@type\":\"WebSite\",\"@id\":\"https:\/\/www.movacolor.com\/es\/#website\",\"url\":\"https:\/\/www.movacolor.com\/es\/\",\"name\":\"Movacolor\",\"description\":\"modular dosing solutions\",\"potentialAction\":[{\"@type\":\"SearchAction\",\"target\":{\"@type\":\"EntryPoint\",\"urlTemplate\":\"https:\/\/www.movacolor.com\/es\/?s={search_term_string}\"},\"query-input\":{\"@type\":\"PropertyValueSpecification\",\"valueRequired\":true,\"valueName\":\"search_term_string\"}}],\"inLanguage\":\"es\"}]}<\/script>\n<!-- \/ Yoast SEO plugin. -->","yoast_head_json":{"title":"Noticias - Movacolor","description":"Mantente al d\u00eda de las novedades de Movacolor y descubre nuestros art\u00edculos sobre desarrollos relevantes en la industria del pl\u00e1stico.","robots":{"index":"index","follow":"follow","max-snippet":"max-snippet:-1","max-image-preview":"max-image-preview:large","max-video-preview":"max-video-preview:-1"},"canonical":"https:\/\/www.movacolor.com\/es\/acerca-de-nosotros\/noticias\/","og_locale":"es_ES","og_type":"article","og_title":"Noticias - Movacolor","og_description":"Mantente al d\u00eda de las novedades de Movacolor y descubre nuestros art\u00edculos sobre desarrollos relevantes en la industria del pl\u00e1stico.","og_url":"https:\/\/www.movacolor.com\/es\/acerca-de-nosotros\/noticias\/","og_site_name":"Movacolor","article_modified_time":"2024-02-08T20:30:02+00:00","twitter_card":"summary_large_image","twitter_misc":{"Tiempo de lectura":"1 minuto"},"schema":{"@context":"https:\/\/schema.org","@graph":[{"@type":"WebPage","@id":"https:\/\/www.movacolor.com\/es\/acerca-de-nosotros\/noticias\/","url":"https:\/\/www.movacolor.com\/es\/acerca-de-nosotros\/noticias\/","name":"Noticias - Movacolor","isPartOf":{"@id":"https:\/\/www.movacolor.com\/es\/#website"},"datePublished":"2023-01-04T13:28:06+00:00","dateModified":"2024-02-08T20:30:02+00:00","description":"Mantente al d\u00eda de las novedades de Movacolor y descubre nuestros art\u00edculos sobre desarrollos relevantes en la industria del pl\u00e1stico.","breadcrumb":{"@id":"https:\/\/www.movacolor.com\/es\/acerca-de-nosotros\/noticias\/#breadcrumb"},"inLanguage":"es","potentialAction":[{"@type":"ReadAction","target":["https:\/\/www.movacolor.com\/es\/acerca-de-nosotros\/noticias\/"]}]},{"@type":"BreadcrumbList","@id":"https:\/\/www.movacolor.com\/es\/acerca-de-nosotros\/noticias\/#breadcrumb","itemListElement":[{"@type":"ListItem","position":1,"name":"Home","item":"https:\/\/www.movacolor.com\/es\/"},{"@type":"ListItem","position":2,"name":"Acerca de nosotros","item":"https:\/\/www.movacolor.com\/es\/acerca-de-nosotros\/"},{"@type":"ListItem","position":3,"name":"Noticias"}]},{"@type":"WebSite","@id":"https:\/\/www.movacolor.com\/es\/#website","url":"https:\/\/www.movacolor.com\/es\/","name":"Movacolor","description":"modular dosing solutions","potentialAction":[{"@type":"SearchAction","target":{"@type":"EntryPoint","urlTemplate":"https:\/\/www.movacolor.com\/es\/?s={search_term_string}"},"query-input":{"@type":"PropertyValueSpecification","valueRequired":true,"valueName":"search_term_string"}}],"inLanguage":"es"}]}},"_links":{"self":[{"href":"https:\/\/www.movacolor.com\/es\/wp-json\/wp\/v2\/pages\/3156","targetHints":{"allow":["GET"]}}],"collection":[{"href":"https:\/\/www.movacolor.com\/es\/wp-json\/wp\/v2\/pages"}],"about":[{"href":"https:\/\/www.movacolor.com\/es\/wp-json\/wp\/v2\/types\/page"}],"author":[{"embeddable":true,"href":"https:\/\/www.movacolor.com\/es\/wp-json\/wp\/v2\/users\/2"}],"replies":[{"embeddable":true,"href":"https:\/\/www.movacolor.com\/es\/wp-json\/wp\/v2\/comments?post=3156"}],"version-history":[{"count":5,"href":"https:\/\/www.movacolor.com\/es\/wp-json\/wp\/v2\/pages\/3156\/revisions"}],"predecessor-version":[{"id":17093,"href":"https:\/\/www.movacolor.com\/es\/wp-json\/wp\/v2\/pages\/3156\/revisions\/17093"}],"up":[{"embeddable":true,"href":"https:\/\/www.movacolor.com\/es\/wp-json\/wp\/v2\/pages\/3104"}],"wp:attachment":[{"href":"https:\/\/www.movacolor.com\/es\/wp-json\/wp\/v2\/media?parent=3156"}],"curies":[{"name":"wp","href":"https:\/\/api.w.org\/{rel}","templated":true}]}}