{"id":8047,"date":"2023-03-22T15:29:50","date_gmt":"2023-03-22T13:29:50","guid":{"rendered":"https:\/\/www.movacolor.com\/dosiertechnik\/"},"modified":"2023-08-14T09:27:31","modified_gmt":"2023-08-14T07:27:31","slug":"dosiertechnik","status":"publish","type":"page","link":"https:\/\/www.movacolor.com\/de\/dosing-technology\/","title":{"rendered":"Dosiertechnik"},"content":{"rendered":"<section class=\"l-section wpb_row height_medium\"><div class=\"l-section-h i-cf\"><div class=\"g-cols vc_row via_flex valign_top type_default stacking_default\"><div class=\"vc_col-sm-12 wpb_column vc_column_container\"><div class=\"vc_column-inner\"><div class=\"wpb_wrapper\"><div class=\"wpb_text_column\"><div class=\"wpb_wrapper\"><h2>Dosiertechnik<\/h2>\n<p>Kunststoff herstellende Unternehmen suchen nach allen m\u00f6glichen Qualit\u00e4ten in der Dosiertechnik. Einige suchen nach einer Kostenreduzierung f\u00fcr Farbstoffe. Einige suchen nach einem stabileren Produktionsprozess. Andere versuchen, die Effizienz zu erh\u00f6hen oder die Qualit\u00e4t zu verbessern. Alle Dosiersysteme von Movacolor bieten diese spezifischen Vorteile in integrierten modularen Dosiersystemen f\u00fcr Spritzgie\u00df- und Extrusionsanwendungen.<\/p>\n<h2>Dosiertechnologie auf der Grundlage der neuesten Entwicklungen<\/h2>\n<p>Die Ingenieure von Movacolor halten sich st\u00e4ndig \u00fcber die neuesten Entwicklungen in der Kunststoffindustrie auf dem Laufenden und arbeiten an der Verbesserung der hochpr\u00e4zisen Dosiertechnik der Movacolor-Produkte. Die Dosiertechnologie von Movacolor basiert auf der Inline-Dosierung von Materialien wie Masterbatch, Pulver, Mahlgut oder fl\u00fcssigen Farbstoffen in neues Material.<\/p>\n<p>Bei gravimetrischen Dosierern und volumetrischen Dosierern kombinieren wir den einzigartigen Movacolor-Dosierzylinder mit einem Schrittmotor, um einen gleichm\u00e4\u00dfigen Fluss zu gew\u00e4hrleisten, der zu einer zuverl\u00e4ssigen Farbe und Wandst\u00e4rke und einem qualitativ hochwertigen Endprodukt f\u00fchrt. Unsere optometrischen Dosierer wurden mit einer optometrischen Dosiertechnologie entwickelt, die auf einem optischen Sensor und einer speziellen Dosierscheibe basiert. Diese weltweit einzigartige Dosiertechnik erm\u00f6glicht eine ultrapr\u00e4zise Dosierung, Pellet f\u00fcr Pellet.<\/p>\n<h2>Dosiertechnik mit einem Dosierzylinder<\/h2>\n<p>Der einzigartige hochpr\u00e4zise Dosierzylinder ist eine gesch\u00fctzte Erfindung von Movacolor und Teil der Movacolor-Dosiertechnologie. Der Dosierzylinder sorgt f\u00fcr eine extrem konstante, pulsations- und unterbrechungsfreie Dosierung von der kleinsten (0,01 kg\/Std.) bis zur gr\u00f6\u00dften (1.000 kg\/Std.). So k\u00f6nnen Sie punktgenau dosieren: Es ist keine zus\u00e4tzliche Dosierung teurer Zusatzstoffe erforderlich, um Unregelm\u00e4\u00dfigkeiten bei der Dosierung oder Vermischung auszugleichen. Das Ergebnis: 20-50 % Einsparungen bei teuren Zusatzstoffen.<\/p>\n<p>Der Movacolor-Dosierzylinder hat einen unglaublich gro\u00dfen Leistungsbereich f\u00fcr ein einzelnes Dosierwerkzeug (0,7 &#8211; 18 kg\/Std. mit GX-Dosierzylinder). Dieses einzigartige und hochpr\u00e4zise Dosierwerkzeug l\u00f6st die Probleme des unregelm\u00e4\u00dfigen Aussto\u00dfes und der Unterbrechungen, die h\u00e4ufig bei herk\u00f6mmlichen Dosierger\u00e4ten mit Schnecken oder Scheiben auftreten.<\/p>\n<h2>Dosiertechnologie mit einem Schrittmotor<\/h2>\n<p>Um die von den Kunststoffherstellern geforderte Genauigkeit zu erreichen, war und ist Movacolor immer auf dem neuesten Stand der Entwicklungen in der Welt der Dosiertechnik. Deshalb hat Movacolor den Schrittmotor mit einer einstellbaren Geschwindigkeit von 0,1 bis 200 U\/min entwickelt. Der Schrittmotor treibt den Movacolor-Dosierzylinder an. Der Movacolor-Schrittmotor ist einem Gleichstrommotor \u00fcberlegen, weil er in Stufen funktioniert. Dadurch kann der Bediener die Geschwindigkeit des Dosierzylinders sehr schnell einstellen.<\/p>\n<h2>Dosiertechnik mit Halsst\u00fcck und Einsatz<\/h2>\n<p>Halsst\u00fccke und Halsst\u00fcckeins\u00e4tze sind ebenfalls Teil der einzigartigen Movacolor-Dosiertechnik. Auf dem Halsst\u00fcck k\u00f6nnen ein oder mehrere Movacolor-Dosiersysteme angebracht werden. Die Movacolor-Halsst\u00fccke und -Halsst\u00fcckeins\u00e4tze verhindern eine Materialtrennung, indem sie den Farbstoff direkt in den Maschinenhals einbringen, auch bekannt als Inline-Dosierung. Die Ingenieure von Movacolor haben verschiedene Halsst\u00fcck-Eins\u00e4tze f\u00fcr jede Art von Anwendung entwickelt, so dass Sie mit allen Arten von Materialien genau dosieren k\u00f6nnen.<\/p>\n<\/div><\/div><\/div><\/div><\/div><\/div><\/div><\/section>\n<p>&nbsp;<\/p>\n","protected":false},"excerpt":{"rendered":"<p>&nbsp;<\/p>\n","protected":false},"author":6,"featured_media":0,"parent":0,"menu_order":0,"comment_status":"closed","ping_status":"closed","template":"","meta":{"_acf_changed":false,"footnotes":""},"class_list":["post-8047","page","type-page","status-publish","hentry"],"acf":[],"yoast_head":"<!-- This site is optimized with the Yoast SEO plugin v26.4 - https:\/\/yoast.com\/wordpress\/plugins\/seo\/ -->\n<title>Dosiertechnik &quot; Besuchen Sie unsere Website und lesen Sie mehr!<\/title>\n<meta name=\"description\" content=\"M\u00f6chten Sie mehr \u00fcber die genaue Dosierungstechnologie erfahren? Lesen Sie mehr dar\u00fcber auf der Movacolor-Website!\" \/>\n<meta name=\"robots\" content=\"index, follow, max-snippet:-1, max-image-preview:large, max-video-preview:-1\" \/>\n<link rel=\"canonical\" href=\"https:\/\/www.movacolor.com\/de\/dosing-technology\/\" \/>\n<meta property=\"og:locale\" content=\"de_DE\" \/>\n<meta property=\"og:type\" content=\"article\" \/>\n<meta property=\"og:title\" content=\"Dosiertechnik &quot; Besuchen Sie unsere Website und lesen Sie mehr!\" \/>\n<meta property=\"og:description\" content=\"M\u00f6chten Sie mehr \u00fcber die genaue Dosierungstechnologie erfahren? Lesen Sie mehr dar\u00fcber auf der Movacolor-Website!\" \/>\n<meta property=\"og:url\" content=\"https:\/\/www.movacolor.com\/de\/dosing-technology\/\" \/>\n<meta property=\"og:site_name\" content=\"Movacolor\" \/>\n<meta property=\"article:modified_time\" content=\"2023-08-14T07:27:31+00:00\" \/>\n<meta name=\"twitter:card\" content=\"summary_large_image\" \/>\n<meta name=\"twitter:label1\" content=\"Gesch\u00e4tzte Lesezeit\" \/>\n\t<meta name=\"twitter:data1\" content=\"2\u00a0Minuten\" \/>\n<script type=\"application\/ld+json\" class=\"yoast-schema-graph\">{\"@context\":\"https:\/\/schema.org\",\"@graph\":[{\"@type\":\"WebPage\",\"@id\":\"https:\/\/www.movacolor.com\/de\/dosing-technology\/\",\"url\":\"https:\/\/www.movacolor.com\/de\/dosing-technology\/\",\"name\":\"Dosiertechnik \\\" Besuchen Sie unsere Website und lesen Sie mehr!\",\"isPartOf\":{\"@id\":\"https:\/\/www.movacolor.com\/de\/#website\"},\"datePublished\":\"2023-03-22T13:29:50+00:00\",\"dateModified\":\"2023-08-14T07:27:31+00:00\",\"description\":\"M\u00f6chten Sie mehr \u00fcber die genaue Dosierungstechnologie erfahren? Lesen Sie mehr dar\u00fcber auf der Movacolor-Website!\",\"breadcrumb\":{\"@id\":\"https:\/\/www.movacolor.com\/de\/dosing-technology\/#breadcrumb\"},\"inLanguage\":\"de\",\"potentialAction\":[{\"@type\":\"ReadAction\",\"target\":[\"https:\/\/www.movacolor.com\/de\/dosing-technology\/\"]}]},{\"@type\":\"BreadcrumbList\",\"@id\":\"https:\/\/www.movacolor.com\/de\/dosing-technology\/#breadcrumb\",\"itemListElement\":[{\"@type\":\"ListItem\",\"position\":1,\"name\":\"Home\",\"item\":\"https:\/\/www.movacolor.com\/de\/\"},{\"@type\":\"ListItem\",\"position\":2,\"name\":\"Dosiertechnik\"}]},{\"@type\":\"WebSite\",\"@id\":\"https:\/\/www.movacolor.com\/de\/#website\",\"url\":\"https:\/\/www.movacolor.com\/de\/\",\"name\":\"Movacolor\",\"description\":\"modular dosing solutions\",\"potentialAction\":[{\"@type\":\"SearchAction\",\"target\":{\"@type\":\"EntryPoint\",\"urlTemplate\":\"https:\/\/www.movacolor.com\/de\/?s={search_term_string}\"},\"query-input\":{\"@type\":\"PropertyValueSpecification\",\"valueRequired\":true,\"valueName\":\"search_term_string\"}}],\"inLanguage\":\"de\"}]}<\/script>\n<!-- \/ Yoast SEO plugin. -->","yoast_head_json":{"title":"Dosiertechnik \" Besuchen Sie unsere Website und lesen Sie mehr!","description":"M\u00f6chten Sie mehr \u00fcber die genaue Dosierungstechnologie erfahren? Lesen Sie mehr dar\u00fcber auf der Movacolor-Website!","robots":{"index":"index","follow":"follow","max-snippet":"max-snippet:-1","max-image-preview":"max-image-preview:large","max-video-preview":"max-video-preview:-1"},"canonical":"https:\/\/www.movacolor.com\/de\/dosing-technology\/","og_locale":"de_DE","og_type":"article","og_title":"Dosiertechnik \" Besuchen Sie unsere Website und lesen Sie mehr!","og_description":"M\u00f6chten Sie mehr \u00fcber die genaue Dosierungstechnologie erfahren? Lesen Sie mehr dar\u00fcber auf der Movacolor-Website!","og_url":"https:\/\/www.movacolor.com\/de\/dosing-technology\/","og_site_name":"Movacolor","article_modified_time":"2023-08-14T07:27:31+00:00","twitter_card":"summary_large_image","twitter_misc":{"Gesch\u00e4tzte Lesezeit":"2\u00a0Minuten"},"schema":{"@context":"https:\/\/schema.org","@graph":[{"@type":"WebPage","@id":"https:\/\/www.movacolor.com\/de\/dosing-technology\/","url":"https:\/\/www.movacolor.com\/de\/dosing-technology\/","name":"Dosiertechnik \" Besuchen Sie unsere Website und lesen Sie mehr!","isPartOf":{"@id":"https:\/\/www.movacolor.com\/de\/#website"},"datePublished":"2023-03-22T13:29:50+00:00","dateModified":"2023-08-14T07:27:31+00:00","description":"M\u00f6chten Sie mehr \u00fcber die genaue Dosierungstechnologie erfahren? Lesen Sie mehr dar\u00fcber auf der Movacolor-Website!","breadcrumb":{"@id":"https:\/\/www.movacolor.com\/de\/dosing-technology\/#breadcrumb"},"inLanguage":"de","potentialAction":[{"@type":"ReadAction","target":["https:\/\/www.movacolor.com\/de\/dosing-technology\/"]}]},{"@type":"BreadcrumbList","@id":"https:\/\/www.movacolor.com\/de\/dosing-technology\/#breadcrumb","itemListElement":[{"@type":"ListItem","position":1,"name":"Home","item":"https:\/\/www.movacolor.com\/de\/"},{"@type":"ListItem","position":2,"name":"Dosiertechnik"}]},{"@type":"WebSite","@id":"https:\/\/www.movacolor.com\/de\/#website","url":"https:\/\/www.movacolor.com\/de\/","name":"Movacolor","description":"modular dosing solutions","potentialAction":[{"@type":"SearchAction","target":{"@type":"EntryPoint","urlTemplate":"https:\/\/www.movacolor.com\/de\/?s={search_term_string}"},"query-input":{"@type":"PropertyValueSpecification","valueRequired":true,"valueName":"search_term_string"}}],"inLanguage":"de"}]}},"_links":{"self":[{"href":"https:\/\/www.movacolor.com\/de\/wp-json\/wp\/v2\/pages\/8047","targetHints":{"allow":["GET"]}}],"collection":[{"href":"https:\/\/www.movacolor.com\/de\/wp-json\/wp\/v2\/pages"}],"about":[{"href":"https:\/\/www.movacolor.com\/de\/wp-json\/wp\/v2\/types\/page"}],"author":[{"embeddable":true,"href":"https:\/\/www.movacolor.com\/de\/wp-json\/wp\/v2\/users\/6"}],"replies":[{"embeddable":true,"href":"https:\/\/www.movacolor.com\/de\/wp-json\/wp\/v2\/comments?post=8047"}],"version-history":[{"count":2,"href":"https:\/\/www.movacolor.com\/de\/wp-json\/wp\/v2\/pages\/8047\/revisions"}],"predecessor-version":[{"id":8049,"href":"https:\/\/www.movacolor.com\/de\/wp-json\/wp\/v2\/pages\/8047\/revisions\/8049"}],"wp:attachment":[{"href":"https:\/\/www.movacolor.com\/de\/wp-json\/wp\/v2\/media?parent=8047"}],"curies":[{"name":"wp","href":"https:\/\/api.w.org\/{rel}","templated":true}]}}