{"id":8044,"date":"2023-03-22T15:54:14","date_gmt":"2023-03-22T13:54:14","guid":{"rendered":"https:\/\/www.movacolor.com\/gravimetrische-mischer\/"},"modified":"2023-08-14T09:24:51","modified_gmt":"2023-08-14T07:24:51","slug":"gravimetrische-mischer","status":"publish","type":"page","link":"https:\/\/www.movacolor.com\/de\/gravimetric-blenders\/","title":{"rendered":"Gravimetrische Mischer"},"content":{"rendered":"<section class=\"l-section wpb_row height_medium\"><div class=\"l-section-h i-cf\"><div class=\"g-cols vc_row via_flex valign_top type_default stacking_default\"><div class=\"vc_col-sm-12 wpb_column vc_column_container\"><div class=\"vc_column-inner\"><div class=\"wpb_wrapper\"><div class=\"wpb_text_column\"><div class=\"wpb_wrapper\"><h2>Gravimetrische Dosierger\u00e4te<\/h2>\n<p>Gravimetrische Mischer werden in der Kunststoffindustrie eingesetzt, um zwei oder mehr Komponenten genau zu wiegen und sie dann zu mischen, bevor sie in einer Spritzgie\u00dfmaschine, einem Extruder oder einer Blasformmaschine verarbeitet werden. Es gibt zwei Arten von gravimetrischen Dosierern: Gewichtsverlustdosierer und Gewichtszunahmedosierer. Die gravimetrischen Dosierger\u00e4te von Movacolor k\u00f6nnen mit beiden Technologien ausgestattet werden. Dies erm\u00f6glicht eine sehr genaue Mischung und Inline-Dosierung in einem einzigartigen Hybridsystem.<\/p>\n<h2>Gravimetrisches Dosierger\u00e4t auf Basis der Gewichtsverlust-Technologie<\/h2>\n<p>Ein gravimetrischer Mischer auf der Grundlage der Gewichtsverlusttechnologie oder ein gravimetrischer Dosierer wie der MDS Balance von Movacolor misst den Gewichtsverlust eines oder mehrerer Trichter mithilfe einer W\u00e4gezelle, die sich unter dem Lastrahmen befindet, an dem der Trichter befestigt ist. Das Material wird mit einer Dosierschnecke aus den Trichtern oder inline mit einem Dosierzylinder dosiert. Alle Materialien werden zusammen dosiert, und die Dosierrate aus jedem Trichter wird mit einem speziellen \u00dcberwachungssystem kontrolliert, um sicherzustellen, dass die richtige Mischung erreicht wird.<\/p>\n<p>Gravimetrischer Mischer auf der Grundlage der Gewichtszunahme-Technologie<br \/>\nEin gravimetrischer Mischer, der auf der Gain-in-Weight-Technologie basiert, hat zwei oder mehr Trichter, die \u00fcber einem Wiegebeh\u00e4lter angeordnet sind. In diesen Trichtern befinden sich die zu mischenden Komponenten. Die Komponenten werden nacheinander in den Wiegebeh\u00e4lter dosiert, bis das gew\u00fcnschte Gewicht erreicht ist. Dann wird die gesamte Charge gewogen und in der darunter liegenden Mischkammer gemischt. Wenn alle Komponenten ordnungsgem\u00e4\u00df gemischt wurden, wird die Mischung in die Spritzgie\u00dfmaschine, den Extruder oder die Blasformmaschine gegeben. Eine typische Anwendung eines gravimetrischen Mischers ist das Zusammenmischen von Materialien wie Hauptmaterial, Mahlgut und Masterbatch.<\/p>\n<\/div><\/div><\/div><\/div><\/div><\/div><\/div><\/section>\n","protected":false},"excerpt":{"rendered":"Gravimetrische Dosierger\u00e4te Gravimetrische Mischer werden in der Kunststoffindustrie eingesetzt, um zwei oder mehr Komponenten genau zu wiegen und sie dann zu mischen, bevor sie in einer Spritzgie\u00dfmaschine, einem Extruder oder einer Blasformmaschine verarbeitet werden. Es gibt zwei Arten von gravimetrischen Dosierern: Gewichtsverlustdosierer und Gewichtszunahmedosierer. Die gravimetrischen Dosierger\u00e4te von Movacolor k\u00f6nnen mit beiden Technologien ausgestattet werden....","protected":false},"author":6,"featured_media":0,"parent":0,"menu_order":0,"comment_status":"closed","ping_status":"closed","template":"","meta":{"_acf_changed":false,"footnotes":""},"class_list":["post-8044","page","type-page","status-publish","hentry"],"acf":[],"yoast_head":"<!-- This site is optimized with the Yoast SEO plugin v26.4 - https:\/\/yoast.com\/wordpress\/plugins\/seo\/ -->\n<title>Gravimetrischer Blender &quot; Besuchen Sie unsere Website und lesen Sie mehr!<\/title>\n<meta name=\"description\" content=\"Was ist ein gravimetrischer Mixer und wann verwendet man ihn? Besuchen Sie die Website von Movacolor und erhalten Sie Antworten auf diese Fragen!\" \/>\n<meta name=\"robots\" content=\"index, follow, max-snippet:-1, max-image-preview:large, max-video-preview:-1\" \/>\n<link rel=\"canonical\" href=\"https:\/\/www.movacolor.com\/de\/gravimetric-blenders\/\" \/>\n<meta property=\"og:locale\" content=\"de_DE\" \/>\n<meta property=\"og:type\" content=\"article\" \/>\n<meta property=\"og:title\" content=\"Gravimetrischer Blender &quot; Besuchen Sie unsere Website und lesen Sie mehr!\" \/>\n<meta property=\"og:description\" content=\"Was ist ein gravimetrischer Mixer und wann verwendet man ihn? Besuchen Sie die Website von Movacolor und erhalten Sie Antworten auf diese Fragen!\" \/>\n<meta property=\"og:url\" content=\"https:\/\/www.movacolor.com\/de\/gravimetric-blenders\/\" \/>\n<meta property=\"og:site_name\" content=\"Movacolor\" \/>\n<meta property=\"article:modified_time\" content=\"2023-08-14T07:24:51+00:00\" \/>\n<meta name=\"twitter:card\" content=\"summary_large_image\" \/>\n<meta name=\"twitter:label1\" content=\"Gesch\u00e4tzte Lesezeit\" \/>\n\t<meta name=\"twitter:data1\" content=\"1\u00a0Minute\" \/>\n<script type=\"application\/ld+json\" class=\"yoast-schema-graph\">{\"@context\":\"https:\/\/schema.org\",\"@graph\":[{\"@type\":\"WebPage\",\"@id\":\"https:\/\/www.movacolor.com\/de\/gravimetric-blenders\/\",\"url\":\"https:\/\/www.movacolor.com\/de\/gravimetric-blenders\/\",\"name\":\"Gravimetrischer Blender \\\" Besuchen Sie unsere Website und lesen Sie mehr!\",\"isPartOf\":{\"@id\":\"https:\/\/www.movacolor.com\/de\/#website\"},\"datePublished\":\"2023-03-22T13:54:14+00:00\",\"dateModified\":\"2023-08-14T07:24:51+00:00\",\"description\":\"Was ist ein gravimetrischer Mixer und wann verwendet man ihn? Besuchen Sie die Website von Movacolor und erhalten Sie Antworten auf diese Fragen!\",\"breadcrumb\":{\"@id\":\"https:\/\/www.movacolor.com\/de\/gravimetric-blenders\/#breadcrumb\"},\"inLanguage\":\"de\",\"potentialAction\":[{\"@type\":\"ReadAction\",\"target\":[\"https:\/\/www.movacolor.com\/de\/gravimetric-blenders\/\"]}]},{\"@type\":\"BreadcrumbList\",\"@id\":\"https:\/\/www.movacolor.com\/de\/gravimetric-blenders\/#breadcrumb\",\"itemListElement\":[{\"@type\":\"ListItem\",\"position\":1,\"name\":\"Home\",\"item\":\"https:\/\/www.movacolor.com\/de\/\"},{\"@type\":\"ListItem\",\"position\":2,\"name\":\"Gravimetrische Mischer\"}]},{\"@type\":\"WebSite\",\"@id\":\"https:\/\/www.movacolor.com\/de\/#website\",\"url\":\"https:\/\/www.movacolor.com\/de\/\",\"name\":\"Movacolor\",\"description\":\"modular dosing solutions\",\"potentialAction\":[{\"@type\":\"SearchAction\",\"target\":{\"@type\":\"EntryPoint\",\"urlTemplate\":\"https:\/\/www.movacolor.com\/de\/?s={search_term_string}\"},\"query-input\":{\"@type\":\"PropertyValueSpecification\",\"valueRequired\":true,\"valueName\":\"search_term_string\"}}],\"inLanguage\":\"de\"}]}<\/script>\n<!-- \/ Yoast SEO plugin. -->","yoast_head_json":{"title":"Gravimetrischer Blender \" Besuchen Sie unsere Website und lesen Sie mehr!","description":"Was ist ein gravimetrischer Mixer und wann verwendet man ihn? Besuchen Sie die Website von Movacolor und erhalten Sie Antworten auf diese Fragen!","robots":{"index":"index","follow":"follow","max-snippet":"max-snippet:-1","max-image-preview":"max-image-preview:large","max-video-preview":"max-video-preview:-1"},"canonical":"https:\/\/www.movacolor.com\/de\/gravimetric-blenders\/","og_locale":"de_DE","og_type":"article","og_title":"Gravimetrischer Blender \" Besuchen Sie unsere Website und lesen Sie mehr!","og_description":"Was ist ein gravimetrischer Mixer und wann verwendet man ihn? Besuchen Sie die Website von Movacolor und erhalten Sie Antworten auf diese Fragen!","og_url":"https:\/\/www.movacolor.com\/de\/gravimetric-blenders\/","og_site_name":"Movacolor","article_modified_time":"2023-08-14T07:24:51+00:00","twitter_card":"summary_large_image","twitter_misc":{"Gesch\u00e4tzte Lesezeit":"1\u00a0Minute"},"schema":{"@context":"https:\/\/schema.org","@graph":[{"@type":"WebPage","@id":"https:\/\/www.movacolor.com\/de\/gravimetric-blenders\/","url":"https:\/\/www.movacolor.com\/de\/gravimetric-blenders\/","name":"Gravimetrischer Blender \" Besuchen Sie unsere Website und lesen Sie mehr!","isPartOf":{"@id":"https:\/\/www.movacolor.com\/de\/#website"},"datePublished":"2023-03-22T13:54:14+00:00","dateModified":"2023-08-14T07:24:51+00:00","description":"Was ist ein gravimetrischer Mixer und wann verwendet man ihn? Besuchen Sie die Website von Movacolor und erhalten Sie Antworten auf diese Fragen!","breadcrumb":{"@id":"https:\/\/www.movacolor.com\/de\/gravimetric-blenders\/#breadcrumb"},"inLanguage":"de","potentialAction":[{"@type":"ReadAction","target":["https:\/\/www.movacolor.com\/de\/gravimetric-blenders\/"]}]},{"@type":"BreadcrumbList","@id":"https:\/\/www.movacolor.com\/de\/gravimetric-blenders\/#breadcrumb","itemListElement":[{"@type":"ListItem","position":1,"name":"Home","item":"https:\/\/www.movacolor.com\/de\/"},{"@type":"ListItem","position":2,"name":"Gravimetrische Mischer"}]},{"@type":"WebSite","@id":"https:\/\/www.movacolor.com\/de\/#website","url":"https:\/\/www.movacolor.com\/de\/","name":"Movacolor","description":"modular dosing solutions","potentialAction":[{"@type":"SearchAction","target":{"@type":"EntryPoint","urlTemplate":"https:\/\/www.movacolor.com\/de\/?s={search_term_string}"},"query-input":{"@type":"PropertyValueSpecification","valueRequired":true,"valueName":"search_term_string"}}],"inLanguage":"de"}]}},"_links":{"self":[{"href":"https:\/\/www.movacolor.com\/de\/wp-json\/wp\/v2\/pages\/8044","targetHints":{"allow":["GET"]}}],"collection":[{"href":"https:\/\/www.movacolor.com\/de\/wp-json\/wp\/v2\/pages"}],"about":[{"href":"https:\/\/www.movacolor.com\/de\/wp-json\/wp\/v2\/types\/page"}],"author":[{"embeddable":true,"href":"https:\/\/www.movacolor.com\/de\/wp-json\/wp\/v2\/users\/6"}],"replies":[{"embeddable":true,"href":"https:\/\/www.movacolor.com\/de\/wp-json\/wp\/v2\/comments?post=8044"}],"version-history":[{"count":2,"href":"https:\/\/www.movacolor.com\/de\/wp-json\/wp\/v2\/pages\/8044\/revisions"}],"predecessor-version":[{"id":8046,"href":"https:\/\/www.movacolor.com\/de\/wp-json\/wp\/v2\/pages\/8044\/revisions\/8046"}],"wp:attachment":[{"href":"https:\/\/www.movacolor.com\/de\/wp-json\/wp\/v2\/media?parent=8044"}],"curies":[{"name":"wp","href":"https:\/\/api.w.org\/{rel}","templated":true}]}}