{"id":6164,"date":"2023-01-11T09:00:18","date_gmt":"2023-01-11T07:00:18","guid":{"rendered":"https:\/\/www.movacolor.com\/kontakt\/haendler\/"},"modified":"2023-11-28T16:55:21","modified_gmt":"2023-11-28T14:55:21","slug":"haendler","status":"publish","type":"page","link":"https:\/\/www.movacolor.com\/de\/kontakt\/vertriebshandler-und-agenten\/","title":{"rendered":"Vertriebsh\u00e4ndler und Agenten"},"content":{"rendered":"<section class=\"l-section wpb_row us_custom_60e9caca us_animate_this height_auto\"><div class=\"l-section-h i-cf\"><div class=\"g-cols vc_row via_flex valign_top type_boxes stacking_default\"><div class=\"vc_col-sm-12 wpb_column vc_column_container\"><div class=\"vc_column-inner us_custom_3d831995\"><div class=\"wpb_wrapper\"><div class=\"wpb_text_column\"><div class=\"wpb_wrapper\"><h1>Vertriebspartner &amp; Agenten<\/h1>\n<p>Movacolor verf\u00fcgt \u00fcber ein weltweites Netz von Vertriebsh\u00e4ndlern und Vertretern, die \u00fcber umfassende Erfahrungen in den Bereichen Spritzgie\u00dfen und Extrusion verf\u00fcgen. Jeder Vertreter ist auf die Anwendungen der Movacolor-Dosiersysteme und die Dosieranforderungen der Kunststoffhersteller spezialisiert.<\/p>\n<\/div><\/div><\/div><\/div><\/div><\/div><\/div><\/section><section class=\"l-section wpb_row us_custom_c70c97eb height_auto width_full\"><div class=\"l-section-h i-cf\"><div class=\"g-cols vc_row via_flex valign_top type_boxes stacking_default\"><div class=\"vc_col-sm-12 wpb_column vc_column_container\"><div class=\"vc_column-inner\"><div class=\"wpb_wrapper\"><div class=\"w-html\"><div id=\"wpsl-wrap\">\r\n\t\t<\/div>\r\n\t<\/div>\r\n\t<div id=\"wpsl-gmap\" class=\"wpsl-gmap-canvas\"><\/div>\r\n\t<div id=\"wpsl-result-list\">\r\n\t\t\t<form autocomplete=\"off\">\r\n\t\t\t<div class=\"wpsl-input\">\r\n\t<div class=\"legend-mob\"><div class=\"w-hwrapper align_none valign_top wpsl-cat-wrapper\"><div class=\"w-iconbox iconpos_left style_default color_primary align_left no_text icontype_img\"><div class=\"w-iconbox-icon\" style=\"font-size:2rem;\"><img decoding=\"async\" src=\"https:\/\/www.movacolor.com\/wp-content\/uploads\/2025\/02\/Movacolor-kantoor-aanwijzer-store-locator-.png\" alt=\"Movacolor B\u00fcro\"><\/div><div class=\"w-iconbox-meta\"><div class=\"w-iconbox-title\">Movacolor B\u00fcro<\/div><\/div><\/div><div class=\"w-iconbox iconpos_left style_default color_primary align_left no_text icontype_img\"><div class=\"w-iconbox-icon\" style=\"font-size:2rem;\"><img decoding=\"async\" src=\"https:\/\/www.movacolor.com\/wp-content\/uploads\/2025\/02\/Location-point-store-locator-website-.png\" alt=\"Vertriebspartner\"><\/div><div class=\"w-iconbox-meta\"><div class=\"w-iconbox-title\">Vertriebspartner<\/div><\/div><\/div><\/div><\/div>\r\n\t\t\t\t<div><h5><label for=\"wpsl-search-input\">Find your local Channel Partner<\/label><\/h5><\/div>\r\n\t\t\t<div class=\"wpsl-search-wrapper\">\r\n\t\t\t\t<input id=\"wpsl-search-input\" class=\"wpsl-input-field\" type=\"text\" value=\"\" name=\"wpsl-search-input\" placeholder=\"Ihr Standort\" aria-required=\"true\" \/>\r\n\t\t\t\t<input id=\"wpsl-search-btn\" class=\"wpsl-btn fa-input\" type=\"submit\" value=\"&#xf002;\">\r\n\t\t\t<\/div>\r\n\t\t<\/form>\r\n\t\t\t<\/div>\r\n\t\t<div id=\"wpsl-stores\" >\r\n\t\t\t<ul><\/ul>\r\n\t\t<\/div>\r\n\t\t<div id=\"wpsl-direction-details\">\r\n\t\t\t<ul><\/ul>\r\n\t\t<\/div>\r\n\t<\/div>\r\n\t<div class=\"legend\"><div class=\"w-hwrapper align_none valign_top wpsl-cat-wrapper\"><div class=\"w-iconbox iconpos_left style_default color_primary align_left no_text icontype_img\"><div class=\"w-iconbox-icon\" style=\"font-size:2rem;\"><img decoding=\"async\" src=\"https:\/\/www.movacolor.com\/wp-content\/uploads\/2025\/02\/Movacolor-kantoor-aanwijzer-store-locator-.png\" alt=\"Movacolor B\u00fcro\"><\/div><div class=\"w-iconbox-meta\"><div class=\"w-iconbox-title\">Movacolor B\u00fcro<\/div><\/div><\/div><div class=\"w-iconbox iconpos_left style_default color_primary align_left no_text icontype_img\"><div class=\"w-iconbox-icon\" style=\"font-size:2rem;\"><img decoding=\"async\" src=\"https:\/\/www.movacolor.com\/wp-content\/uploads\/2025\/02\/Location-point-store-locator-website-.png\" alt=\"Vertriebspartner\"><\/div><div class=\"w-iconbox-meta\"><div class=\"w-iconbox-title\">Vertriebspartner<\/div><\/div><\/div><\/div><\/div>\r\n<\/div>\r\n<\/div><\/div><\/div><\/div><\/div><\/div><\/section>\n","protected":false},"excerpt":{"rendered":"Vertriebspartner &amp; Agenten Movacolor verf\u00fcgt \u00fcber ein weltweites Netz von Vertriebsh\u00e4ndlern und Vertretern, die \u00fcber umfassende Erfahrungen in den Bereichen Spritzgie\u00dfen und Extrusion verf\u00fcgen. Jeder Vertreter ist auf die Anwendungen der Movacolor-Dosiersysteme und die Dosieranforderungen der Kunststoffhersteller spezialisiert. Movacolor B\u00fcroVertriebspartner Find your local Channel Partner Movacolor B\u00fcroVertriebspartner","protected":false},"author":2,"featured_media":0,"parent":6160,"menu_order":0,"comment_status":"closed","ping_status":"closed","template":"","meta":{"_acf_changed":false,"footnotes":""},"class_list":["post-6164","page","type-page","status-publish","hentry"],"acf":[],"yoast_head":"<!-- This site is optimized with the Yoast SEO plugin v26.4 - https:\/\/yoast.com\/wordpress\/plugins\/seo\/ -->\n<title>Vertriebsh\u00e4ndler und Agenten - Movacolor<\/title>\n<meta name=\"description\" content=\"Setzen Sie sich noch heute mit Ihrem Movacolor-Vertriebspartner in Verbindung!\" \/>\n<meta name=\"robots\" content=\"index, follow, max-snippet:-1, max-image-preview:large, max-video-preview:-1\" \/>\n<link rel=\"canonical\" href=\"https:\/\/www.movacolor.com\/de\/kontakt\/vertriebshandler-und-agenten\/\" \/>\n<meta property=\"og:locale\" content=\"de_DE\" \/>\n<meta property=\"og:type\" content=\"article\" \/>\n<meta property=\"og:title\" content=\"Vertriebsh\u00e4ndler und Agenten - Movacolor\" \/>\n<meta property=\"og:description\" content=\"Setzen Sie sich noch heute mit Ihrem Movacolor-Vertriebspartner in Verbindung!\" \/>\n<meta property=\"og:url\" content=\"https:\/\/www.movacolor.com\/de\/kontakt\/vertriebshandler-und-agenten\/\" \/>\n<meta property=\"og:site_name\" content=\"Movacolor\" \/>\n<meta property=\"article:modified_time\" content=\"2023-11-28T14:55:21+00:00\" \/>\n<meta name=\"twitter:card\" content=\"summary_large_image\" \/>\n<meta name=\"twitter:label1\" content=\"Gesch\u00e4tzte Lesezeit\" \/>\n\t<meta name=\"twitter:data1\" content=\"1\u00a0Minute\" \/>\n<script type=\"application\/ld+json\" class=\"yoast-schema-graph\">{\"@context\":\"https:\/\/schema.org\",\"@graph\":[{\"@type\":\"WebPage\",\"@id\":\"https:\/\/www.movacolor.com\/de\/kontakt\/vertriebshandler-und-agenten\/\",\"url\":\"https:\/\/www.movacolor.com\/de\/kontakt\/vertriebshandler-und-agenten\/\",\"name\":\"Vertriebsh\u00e4ndler und Agenten - Movacolor\",\"isPartOf\":{\"@id\":\"https:\/\/www.movacolor.com\/de\/#website\"},\"datePublished\":\"2023-01-11T07:00:18+00:00\",\"dateModified\":\"2023-11-28T14:55:21+00:00\",\"description\":\"Setzen Sie sich noch heute mit Ihrem Movacolor-Vertriebspartner in Verbindung!\",\"breadcrumb\":{\"@id\":\"https:\/\/www.movacolor.com\/de\/kontakt\/vertriebshandler-und-agenten\/#breadcrumb\"},\"inLanguage\":\"de\",\"potentialAction\":[{\"@type\":\"ReadAction\",\"target\":[\"https:\/\/www.movacolor.com\/de\/kontakt\/vertriebshandler-und-agenten\/\"]}]},{\"@type\":\"BreadcrumbList\",\"@id\":\"https:\/\/www.movacolor.com\/de\/kontakt\/vertriebshandler-und-agenten\/#breadcrumb\",\"itemListElement\":[{\"@type\":\"ListItem\",\"position\":1,\"name\":\"Home\",\"item\":\"https:\/\/www.movacolor.com\/de\/\"},{\"@type\":\"ListItem\",\"position\":2,\"name\":\"Kontakt\",\"item\":\"https:\/\/www.movacolor.com\/de\/contact\/\"},{\"@type\":\"ListItem\",\"position\":3,\"name\":\"Vertriebsh\u00e4ndler und Agenten\"}]},{\"@type\":\"WebSite\",\"@id\":\"https:\/\/www.movacolor.com\/de\/#website\",\"url\":\"https:\/\/www.movacolor.com\/de\/\",\"name\":\"Movacolor\",\"description\":\"modular dosing solutions\",\"potentialAction\":[{\"@type\":\"SearchAction\",\"target\":{\"@type\":\"EntryPoint\",\"urlTemplate\":\"https:\/\/www.movacolor.com\/de\/?s={search_term_string}\"},\"query-input\":{\"@type\":\"PropertyValueSpecification\",\"valueRequired\":true,\"valueName\":\"search_term_string\"}}],\"inLanguage\":\"de\"}]}<\/script>\n<!-- \/ Yoast SEO plugin. -->","yoast_head_json":{"title":"Vertriebsh\u00e4ndler und Agenten - Movacolor","description":"Setzen Sie sich noch heute mit Ihrem Movacolor-Vertriebspartner in Verbindung!","robots":{"index":"index","follow":"follow","max-snippet":"max-snippet:-1","max-image-preview":"max-image-preview:large","max-video-preview":"max-video-preview:-1"},"canonical":"https:\/\/www.movacolor.com\/de\/kontakt\/vertriebshandler-und-agenten\/","og_locale":"de_DE","og_type":"article","og_title":"Vertriebsh\u00e4ndler und Agenten - Movacolor","og_description":"Setzen Sie sich noch heute mit Ihrem Movacolor-Vertriebspartner in Verbindung!","og_url":"https:\/\/www.movacolor.com\/de\/kontakt\/vertriebshandler-und-agenten\/","og_site_name":"Movacolor","article_modified_time":"2023-11-28T14:55:21+00:00","twitter_card":"summary_large_image","twitter_misc":{"Gesch\u00e4tzte Lesezeit":"1\u00a0Minute"},"schema":{"@context":"https:\/\/schema.org","@graph":[{"@type":"WebPage","@id":"https:\/\/www.movacolor.com\/de\/kontakt\/vertriebshandler-und-agenten\/","url":"https:\/\/www.movacolor.com\/de\/kontakt\/vertriebshandler-und-agenten\/","name":"Vertriebsh\u00e4ndler und Agenten - Movacolor","isPartOf":{"@id":"https:\/\/www.movacolor.com\/de\/#website"},"datePublished":"2023-01-11T07:00:18+00:00","dateModified":"2023-11-28T14:55:21+00:00","description":"Setzen Sie sich noch heute mit Ihrem Movacolor-Vertriebspartner in Verbindung!","breadcrumb":{"@id":"https:\/\/www.movacolor.com\/de\/kontakt\/vertriebshandler-und-agenten\/#breadcrumb"},"inLanguage":"de","potentialAction":[{"@type":"ReadAction","target":["https:\/\/www.movacolor.com\/de\/kontakt\/vertriebshandler-und-agenten\/"]}]},{"@type":"BreadcrumbList","@id":"https:\/\/www.movacolor.com\/de\/kontakt\/vertriebshandler-und-agenten\/#breadcrumb","itemListElement":[{"@type":"ListItem","position":1,"name":"Home","item":"https:\/\/www.movacolor.com\/de\/"},{"@type":"ListItem","position":2,"name":"Kontakt","item":"https:\/\/www.movacolor.com\/de\/contact\/"},{"@type":"ListItem","position":3,"name":"Vertriebsh\u00e4ndler und Agenten"}]},{"@type":"WebSite","@id":"https:\/\/www.movacolor.com\/de\/#website","url":"https:\/\/www.movacolor.com\/de\/","name":"Movacolor","description":"modular dosing solutions","potentialAction":[{"@type":"SearchAction","target":{"@type":"EntryPoint","urlTemplate":"https:\/\/www.movacolor.com\/de\/?s={search_term_string}"},"query-input":{"@type":"PropertyValueSpecification","valueRequired":true,"valueName":"search_term_string"}}],"inLanguage":"de"}]}},"_links":{"self":[{"href":"https:\/\/www.movacolor.com\/de\/wp-json\/wp\/v2\/pages\/6164","targetHints":{"allow":["GET"]}}],"collection":[{"href":"https:\/\/www.movacolor.com\/de\/wp-json\/wp\/v2\/pages"}],"about":[{"href":"https:\/\/www.movacolor.com\/de\/wp-json\/wp\/v2\/types\/page"}],"author":[{"embeddable":true,"href":"https:\/\/www.movacolor.com\/de\/wp-json\/wp\/v2\/users\/2"}],"replies":[{"embeddable":true,"href":"https:\/\/www.movacolor.com\/de\/wp-json\/wp\/v2\/comments?post=6164"}],"version-history":[{"count":5,"href":"https:\/\/www.movacolor.com\/de\/wp-json\/wp\/v2\/pages\/6164\/revisions"}],"predecessor-version":[{"id":10251,"href":"https:\/\/www.movacolor.com\/de\/wp-json\/wp\/v2\/pages\/6164\/revisions\/10251"}],"up":[{"embeddable":true,"href":"https:\/\/www.movacolor.com\/de\/wp-json\/wp\/v2\/pages\/6160"}],"wp:attachment":[{"href":"https:\/\/www.movacolor.com\/de\/wp-json\/wp\/v2\/media?parent=6164"}],"curies":[{"name":"wp","href":"https:\/\/api.w.org\/{rel}","templated":true}]}}