{"id":6128,"date":"2023-01-03T12:35:05","date_gmt":"2023-01-03T10:35:05","guid":{"rendered":"https:\/\/www.movacolor.com\/prozess\/spritzguss\/"},"modified":"2024-02-09T21:58:11","modified_gmt":"2024-02-09T19:58:11","slug":"spritzguss","status":"publish","type":"page","link":"https:\/\/www.movacolor.com\/de\/prozess\/spritzgiesen\/","title":{"rendered":"Spritzgie\u00dfen"},"content":{"rendered":"<p>Volumetrische und gravimetrische Dosierger\u00e4te sind wichtig beim Spritzguss. Beim Fertigen im Spritzgussverfahren, werden Teile sowohl aus thermoplastischen als auch duroplastischen Werkstoffen gefertigt. Wegen der hohen Herstellungskosten der Werkzeuge wendet man das Spritzguss verfahren haupts\u00e4chlich bei der Massenproduktion an.<\/p>\n","protected":false},"excerpt":{"rendered":"<p>Volumetrische und gravimetrische Dosierger\u00e4te sind wichtig beim Spritzguss. Beim Fertigen im Spritzgussverfahren, werden Teile sowohl aus thermoplastischen als auch duroplastischen Werkstoffen gefertigt. Wegen der hohen Herstellungskosten der Werkzeuge wendet man das Spritzguss verfahren haupts\u00e4chlich bei der Massenproduktion an.<\/p>\n","protected":false},"author":2,"featured_media":4080,"parent":6057,"menu_order":0,"comment_status":"closed","ping_status":"closed","template":"","meta":{"_acf_changed":false,"footnotes":""},"class_list":["post-6128","page","type-page","status-publish","has-post-thumbnail","hentry","us_portfolio_tag-spritzguss"],"acf":[],"yoast_head":"<!-- This site is optimized with the Yoast SEO plugin v26.4 - https:\/\/yoast.com\/wordpress\/plugins\/seo\/ -->\n<title>Injection molding \u00bb Visit our website en read more!<\/title>\n<meta name=\"description\" content=\"Optimieren Sie das Spritzgie\u00dfen mit Movacolors pr\u00e4zisen gravimetrischen und volumetrischen Dosierger\u00e4ten. Qualit\u00e4t und Kontrolle f\u00fcr Kunststoffteile.\" \/>\n<meta name=\"robots\" content=\"index, follow, max-snippet:-1, max-image-preview:large, max-video-preview:-1\" \/>\n<link rel=\"canonical\" href=\"https:\/\/www.movacolor.com\/de\/prozess\/spritzgiesen\/\" \/>\n<meta property=\"og:locale\" content=\"de_DE\" \/>\n<meta property=\"og:type\" content=\"article\" \/>\n<meta property=\"og:title\" content=\"Injection molding \u00bb Visit our website en read more!\" \/>\n<meta property=\"og:description\" content=\"Optimieren Sie das Spritzgie\u00dfen mit Movacolors pr\u00e4zisen gravimetrischen und volumetrischen Dosierger\u00e4ten. Qualit\u00e4t und Kontrolle f\u00fcr Kunststoffteile.\" \/>\n<meta property=\"og:url\" content=\"https:\/\/www.movacolor.com\/de\/prozess\/spritzgiesen\/\" \/>\n<meta property=\"og:site_name\" content=\"Movacolor\" \/>\n<meta property=\"article:modified_time\" content=\"2024-02-09T19:58:11+00:00\" \/>\n<meta property=\"og:image\" content=\"https:\/\/www.movacolor.com\/wp-content\/uploads\/2023\/03\/Injection_molding.jpg\" \/>\n\t<meta property=\"og:image:width\" content=\"1920\" \/>\n\t<meta property=\"og:image:height\" content=\"1280\" \/>\n\t<meta property=\"og:image:type\" content=\"image\/jpeg\" \/>\n<meta name=\"twitter:card\" content=\"summary_large_image\" \/>\n<meta name=\"twitter:label1\" content=\"Gesch\u00e4tzte Lesezeit\" \/>\n\t<meta name=\"twitter:data1\" content=\"1\u00a0Minute\" \/>\n<script type=\"application\/ld+json\" class=\"yoast-schema-graph\">{\"@context\":\"https:\/\/schema.org\",\"@graph\":[{\"@type\":\"WebPage\",\"@id\":\"https:\/\/www.movacolor.com\/de\/prozess\/spritzgiesen\/\",\"url\":\"https:\/\/www.movacolor.com\/de\/prozess\/spritzgiesen\/\",\"name\":\"Injection molding \u00bb Visit our website en read more!\",\"isPartOf\":{\"@id\":\"https:\/\/www.movacolor.com\/de\/#website\"},\"primaryImageOfPage\":{\"@id\":\"https:\/\/www.movacolor.com\/de\/prozess\/spritzgiesen\/#primaryimage\"},\"image\":{\"@id\":\"https:\/\/www.movacolor.com\/de\/prozess\/spritzgiesen\/#primaryimage\"},\"thumbnailUrl\":\"https:\/\/www.movacolor.com\/wp-content\/uploads\/2023\/03\/Injection_molding.jpg\",\"datePublished\":\"2023-01-03T10:35:05+00:00\",\"dateModified\":\"2024-02-09T19:58:11+00:00\",\"description\":\"Optimieren Sie das Spritzgie\u00dfen mit Movacolors pr\u00e4zisen gravimetrischen und volumetrischen Dosierger\u00e4ten. Qualit\u00e4t und Kontrolle f\u00fcr Kunststoffteile.\",\"breadcrumb\":{\"@id\":\"https:\/\/www.movacolor.com\/de\/prozess\/spritzgiesen\/#breadcrumb\"},\"inLanguage\":\"de\",\"potentialAction\":[{\"@type\":\"ReadAction\",\"target\":[\"https:\/\/www.movacolor.com\/de\/prozess\/spritzgiesen\/\"]}]},{\"@type\":\"ImageObject\",\"inLanguage\":\"de\",\"@id\":\"https:\/\/www.movacolor.com\/de\/prozess\/spritzgiesen\/#primaryimage\",\"url\":\"https:\/\/www.movacolor.com\/wp-content\/uploads\/2023\/03\/Injection_molding.jpg\",\"contentUrl\":\"https:\/\/www.movacolor.com\/wp-content\/uploads\/2023\/03\/Injection_molding.jpg\",\"width\":1920,\"height\":1280,\"caption\":\"Injection Molding\"},{\"@type\":\"BreadcrumbList\",\"@id\":\"https:\/\/www.movacolor.com\/de\/prozess\/spritzgiesen\/#breadcrumb\",\"itemListElement\":[{\"@type\":\"ListItem\",\"position\":1,\"name\":\"Home\",\"item\":\"https:\/\/www.movacolor.com\/de\/\"},{\"@type\":\"ListItem\",\"position\":2,\"name\":\"Prozess\",\"item\":\"https:\/\/www.movacolor.com\/de\/prozess\/\"},{\"@type\":\"ListItem\",\"position\":3,\"name\":\"Spritzgie\u00dfen\"}]},{\"@type\":\"WebSite\",\"@id\":\"https:\/\/www.movacolor.com\/de\/#website\",\"url\":\"https:\/\/www.movacolor.com\/de\/\",\"name\":\"Movacolor\",\"description\":\"modular dosing solutions\",\"potentialAction\":[{\"@type\":\"SearchAction\",\"target\":{\"@type\":\"EntryPoint\",\"urlTemplate\":\"https:\/\/www.movacolor.com\/de\/?s={search_term_string}\"},\"query-input\":{\"@type\":\"PropertyValueSpecification\",\"valueRequired\":true,\"valueName\":\"search_term_string\"}}],\"inLanguage\":\"de\"}]}<\/script>\n<!-- \/ Yoast SEO plugin. -->","yoast_head_json":{"title":"Injection molding \u00bb Visit our website en read more!","description":"Optimieren Sie das Spritzgie\u00dfen mit Movacolors pr\u00e4zisen gravimetrischen und volumetrischen Dosierger\u00e4ten. Qualit\u00e4t und Kontrolle f\u00fcr Kunststoffteile.","robots":{"index":"index","follow":"follow","max-snippet":"max-snippet:-1","max-image-preview":"max-image-preview:large","max-video-preview":"max-video-preview:-1"},"canonical":"https:\/\/www.movacolor.com\/de\/prozess\/spritzgiesen\/","og_locale":"de_DE","og_type":"article","og_title":"Injection molding \u00bb Visit our website en read more!","og_description":"Optimieren Sie das Spritzgie\u00dfen mit Movacolors pr\u00e4zisen gravimetrischen und volumetrischen Dosierger\u00e4ten. Qualit\u00e4t und Kontrolle f\u00fcr Kunststoffteile.","og_url":"https:\/\/www.movacolor.com\/de\/prozess\/spritzgiesen\/","og_site_name":"Movacolor","article_modified_time":"2024-02-09T19:58:11+00:00","og_image":[{"width":1920,"height":1280,"url":"https:\/\/www.movacolor.com\/wp-content\/uploads\/2023\/03\/Injection_molding.jpg","type":"image\/jpeg"}],"twitter_card":"summary_large_image","twitter_misc":{"Gesch\u00e4tzte Lesezeit":"1\u00a0Minute"},"schema":{"@context":"https:\/\/schema.org","@graph":[{"@type":"WebPage","@id":"https:\/\/www.movacolor.com\/de\/prozess\/spritzgiesen\/","url":"https:\/\/www.movacolor.com\/de\/prozess\/spritzgiesen\/","name":"Injection molding \u00bb Visit our website en read more!","isPartOf":{"@id":"https:\/\/www.movacolor.com\/de\/#website"},"primaryImageOfPage":{"@id":"https:\/\/www.movacolor.com\/de\/prozess\/spritzgiesen\/#primaryimage"},"image":{"@id":"https:\/\/www.movacolor.com\/de\/prozess\/spritzgiesen\/#primaryimage"},"thumbnailUrl":"https:\/\/www.movacolor.com\/wp-content\/uploads\/2023\/03\/Injection_molding.jpg","datePublished":"2023-01-03T10:35:05+00:00","dateModified":"2024-02-09T19:58:11+00:00","description":"Optimieren Sie das Spritzgie\u00dfen mit Movacolors pr\u00e4zisen gravimetrischen und volumetrischen Dosierger\u00e4ten. Qualit\u00e4t und Kontrolle f\u00fcr Kunststoffteile.","breadcrumb":{"@id":"https:\/\/www.movacolor.com\/de\/prozess\/spritzgiesen\/#breadcrumb"},"inLanguage":"de","potentialAction":[{"@type":"ReadAction","target":["https:\/\/www.movacolor.com\/de\/prozess\/spritzgiesen\/"]}]},{"@type":"ImageObject","inLanguage":"de","@id":"https:\/\/www.movacolor.com\/de\/prozess\/spritzgiesen\/#primaryimage","url":"https:\/\/www.movacolor.com\/wp-content\/uploads\/2023\/03\/Injection_molding.jpg","contentUrl":"https:\/\/www.movacolor.com\/wp-content\/uploads\/2023\/03\/Injection_molding.jpg","width":1920,"height":1280,"caption":"Injection Molding"},{"@type":"BreadcrumbList","@id":"https:\/\/www.movacolor.com\/de\/prozess\/spritzgiesen\/#breadcrumb","itemListElement":[{"@type":"ListItem","position":1,"name":"Home","item":"https:\/\/www.movacolor.com\/de\/"},{"@type":"ListItem","position":2,"name":"Prozess","item":"https:\/\/www.movacolor.com\/de\/prozess\/"},{"@type":"ListItem","position":3,"name":"Spritzgie\u00dfen"}]},{"@type":"WebSite","@id":"https:\/\/www.movacolor.com\/de\/#website","url":"https:\/\/www.movacolor.com\/de\/","name":"Movacolor","description":"modular dosing solutions","potentialAction":[{"@type":"SearchAction","target":{"@type":"EntryPoint","urlTemplate":"https:\/\/www.movacolor.com\/de\/?s={search_term_string}"},"query-input":{"@type":"PropertyValueSpecification","valueRequired":true,"valueName":"search_term_string"}}],"inLanguage":"de"}]}},"_links":{"self":[{"href":"https:\/\/www.movacolor.com\/de\/wp-json\/wp\/v2\/pages\/6128","targetHints":{"allow":["GET"]}}],"collection":[{"href":"https:\/\/www.movacolor.com\/de\/wp-json\/wp\/v2\/pages"}],"about":[{"href":"https:\/\/www.movacolor.com\/de\/wp-json\/wp\/v2\/types\/page"}],"author":[{"embeddable":true,"href":"https:\/\/www.movacolor.com\/de\/wp-json\/wp\/v2\/users\/2"}],"replies":[{"embeddable":true,"href":"https:\/\/www.movacolor.com\/de\/wp-json\/wp\/v2\/comments?post=6128"}],"version-history":[{"count":4,"href":"https:\/\/www.movacolor.com\/de\/wp-json\/wp\/v2\/pages\/6128\/revisions"}],"predecessor-version":[{"id":11040,"href":"https:\/\/www.movacolor.com\/de\/wp-json\/wp\/v2\/pages\/6128\/revisions\/11040"}],"up":[{"embeddable":true,"href":"https:\/\/www.movacolor.com\/de\/wp-json\/wp\/v2\/pages\/6057"}],"wp:featuredmedia":[{"embeddable":true,"href":"https:\/\/www.movacolor.com\/de\/wp-json\/wp\/v2\/media\/4080"}],"wp:attachment":[{"href":"https:\/\/www.movacolor.com\/de\/wp-json\/wp\/v2\/media?parent=6128"}],"curies":[{"name":"wp","href":"https:\/\/api.w.org\/{rel}","templated":true}]}}