{"id":6127,"date":"2023-01-03T12:35:23","date_gmt":"2023-01-03T10:35:23","guid":{"rendered":"https:\/\/www.movacolor.com\/prozess\/extrudieren\/"},"modified":"2024-01-09T14:53:04","modified_gmt":"2024-01-09T12:53:04","slug":"extrudieren","status":"publish","type":"page","link":"https:\/\/www.movacolor.com\/de\/prozess\/extrudieren\/","title":{"rendered":"Extrudieren"},"content":{"rendered":"<section class=\"l-section wpb_row height_medium\"><div class=\"l-section-h i-cf\"><div class=\"g-cols vc_row via_flex valign_top type_default stacking_default\"><div class=\"vc_col-sm-12 wpb_column vc_column_container\"><div class=\"vc_column-inner\"><div class=\"wpb_wrapper\"><div class=\"wpb_text_column\"><div class=\"wpb_wrapper\"><p>Eine genaue Dosierung ist beim Extrudieren sehr wichtig. Die Teile die mit dem Extruder gefertigt werden, m\u00fcssen h\u00f6chsten Qualit\u00e4tsanforderungen entsprechen. In Bezug auf das F\u00e4rben des Hauptmaterials durch Dosieren des Additive, empfiehlt sich die Wahl eines Dosierger\u00e4ts, das zum Extrudierprozess\u00a0passt.<\/p>\n<h2>Gravimetrische und volumetrische Feeder f\u00fcr die Extrusion<\/h2>\n<p>Movacolor entwickelt und vermarktet\u00a0gravimetrische und volumetrische Feeder f\u00fcr alle m\u00f6glichen Extrusionsanwendungen. Der Hersteller ben\u00f6tigt lediglich eine hochpr\u00e4zise Dosieranlage zur Extrusion, die f\u00fcr alle Mitarbeiter im Produktionsbereich eines Kunststoffherstellers einfach zu bedienen ist. Unsere gravimetrischen und volumetrischen Dosiersysteme f\u00fcr die Extrusion arbeiten ger\u00e4uschlos.<\/p>\n<p>Die Dosieranlage setzt Farbstoffe und andere teure Additive sparsam ein, spart Kosten und tr\u00e4gt zu einem kontinuierlichen Extrusionsprozess bei. Movacolor bietet eben diese Dosierger\u00e4te: hochpr\u00e4zise gravimetrische und volumetrische Feeder f\u00fcr die Extrusion. Gravimetrische Feeder sind auch als\u00a0<a href=\"https:\/\/www.movacolor.de\/gewichtsverlust-feeder\">Gewichtsverlust Feeder<\/a>\u00a0bekannt.<\/p>\n<p>&nbsp;<\/p>\n<h2>Extrusion mit einem hochpr\u00e4zisen Dosiersystem<\/h2>\n<p>Die hochpr\u00e4zisen Dosiertechnologien f\u00fcr die Dosierung von Zusatzstoffen in der Extrusion, wie Masterbatch, Katalysatoren, Reinigungsmittel, Pulver und Mahlgut, basieren auf dem Einsatz eines Dosierzylinders. Alle unsere gravimetrischen und volumetrischen Dosierger\u00e4te sind mit einem einzigartigen Movacolor-Dosierzylinder ausgestattet.<\/p>\n<p>Der Movacolor-Dosierzylinder dosiert mit h\u00f6chster Pr\u00e4zision, wenn er f\u00fcr die Extrusion verwendet wird. Er gibt den Zusatzstoff in einem gleichm\u00e4\u00dfigen Fluss direkt in das Hauptmaterial ab, ohne Pulsationen oder Unterbrechungen. Der Schrittmotor gew\u00e4hrleistet eine maximale Kontrolle \u00fcber Ihre Extrusionsanwendung ohne Unterbrechungen oder Impulse. Die Dosierung mit einem Movacolor-Dosierzylinder gew\u00e4hrleistet daher eine weitaus genauere Dosierung als andere Dosiertechniken, die auf dem Mischen, der Verwendung einer Schnecke, einer Scheibe oder eines F\u00f6rderbandes basieren.<\/p>\n<h2>Extrusion mit einfach zu bedienenden modularen Dosiersystemen<\/h2>\n<p>In der Kunststoffindustrie f\u00fchrt jede Minute, in der eine Extrusionsmaschine nicht in Betrieb ist, zu unn\u00f6tigen Kosten. Movacolor konstruiert seine Dosiereinheiten f\u00fcr die Extrusion so, dass Farbstoffe in weniger als einer Minute gewechselt werden k\u00f6nnen. Alle unsere volumetrischen, optometrischen und gravimetrischen Dosierger\u00e4te f\u00fcr die Extrusion sind schnell und einfach zu reinigen.<\/p>\n<\/div><\/div><\/div><\/div><\/div><\/div><\/div><\/section>\n","protected":false},"excerpt":{"rendered":"Eine genaue Dosierung ist beim Extrudieren sehr wichtig. Die Teile die mit dem Extruder gefertigt werden, m\u00fcssen h\u00f6chsten Qualit\u00e4tsanforderungen entsprechen. In Bezug auf das F\u00e4rben des Hauptmaterials durch Dosieren des Additive, empfiehlt sich die Wahl eines Dosierger\u00e4ts, das zum Extrudierprozess\u00a0passt. Gravimetrische und volumetrische Feeder f\u00fcr die Extrusion Movacolor entwickelt und vermarktet\u00a0gravimetrische und volumetrische Feeder f\u00fcr...","protected":false},"author":2,"featured_media":0,"parent":6057,"menu_order":0,"comment_status":"closed","ping_status":"closed","template":"","meta":{"_acf_changed":false,"footnotes":""},"class_list":["post-6127","page","type-page","status-publish","hentry","us_portfolio_tag-extrudieren"],"acf":[],"yoast_head":"<!-- This site is optimized with the Yoast SEO plugin v26.4 - https:\/\/yoast.com\/wordpress\/plugins\/seo\/ -->\n<title>Extrusion \u00bb Visit our website en read more!<\/title>\n<meta name=\"description\" content=\"Eine genaue Dosierung ist bei der Extrusion wichtig. Erfahren Sie mehr \u00fcber die Extrusion mit einem hochpr\u00e4zisen Dosiersystem? Besuchen Sie unsere Website!\" \/>\n<meta name=\"robots\" content=\"index, follow, max-snippet:-1, max-image-preview:large, max-video-preview:-1\" \/>\n<link rel=\"canonical\" href=\"https:\/\/www.movacolor.com\/de\/prozess\/extrudieren\/\" \/>\n<meta property=\"og:locale\" content=\"de_DE\" \/>\n<meta property=\"og:type\" content=\"article\" \/>\n<meta property=\"og:title\" content=\"Extrusion \u00bb Visit our website en read more!\" \/>\n<meta property=\"og:description\" content=\"Eine genaue Dosierung ist bei der Extrusion wichtig. Erfahren Sie mehr \u00fcber die Extrusion mit einem hochpr\u00e4zisen Dosiersystem? Besuchen Sie unsere Website!\" \/>\n<meta property=\"og:url\" content=\"https:\/\/www.movacolor.com\/de\/prozess\/extrudieren\/\" \/>\n<meta property=\"og:site_name\" content=\"Movacolor\" \/>\n<meta property=\"article:modified_time\" content=\"2024-01-09T12:53:04+00:00\" \/>\n<meta name=\"twitter:card\" content=\"summary_large_image\" \/>\n<meta name=\"twitter:label1\" content=\"Gesch\u00e4tzte Lesezeit\" \/>\n\t<meta name=\"twitter:data1\" content=\"2\u00a0Minuten\" \/>\n<script type=\"application\/ld+json\" class=\"yoast-schema-graph\">{\"@context\":\"https:\/\/schema.org\",\"@graph\":[{\"@type\":\"WebPage\",\"@id\":\"https:\/\/www.movacolor.com\/de\/prozess\/extrudieren\/\",\"url\":\"https:\/\/www.movacolor.com\/de\/prozess\/extrudieren\/\",\"name\":\"Extrusion \u00bb Visit our website en read more!\",\"isPartOf\":{\"@id\":\"https:\/\/www.movacolor.com\/de\/#website\"},\"datePublished\":\"2023-01-03T10:35:23+00:00\",\"dateModified\":\"2024-01-09T12:53:04+00:00\",\"description\":\"Eine genaue Dosierung ist bei der Extrusion wichtig. Erfahren Sie mehr \u00fcber die Extrusion mit einem hochpr\u00e4zisen Dosiersystem? Besuchen Sie unsere Website!\",\"breadcrumb\":{\"@id\":\"https:\/\/www.movacolor.com\/de\/prozess\/extrudieren\/#breadcrumb\"},\"inLanguage\":\"de\",\"potentialAction\":[{\"@type\":\"ReadAction\",\"target\":[\"https:\/\/www.movacolor.com\/de\/prozess\/extrudieren\/\"]}]},{\"@type\":\"BreadcrumbList\",\"@id\":\"https:\/\/www.movacolor.com\/de\/prozess\/extrudieren\/#breadcrumb\",\"itemListElement\":[{\"@type\":\"ListItem\",\"position\":1,\"name\":\"Home\",\"item\":\"https:\/\/www.movacolor.com\/de\/\"},{\"@type\":\"ListItem\",\"position\":2,\"name\":\"Prozess\",\"item\":\"https:\/\/www.movacolor.com\/de\/prozess\/\"},{\"@type\":\"ListItem\",\"position\":3,\"name\":\"Extrudieren\"}]},{\"@type\":\"WebSite\",\"@id\":\"https:\/\/www.movacolor.com\/de\/#website\",\"url\":\"https:\/\/www.movacolor.com\/de\/\",\"name\":\"Movacolor\",\"description\":\"modular dosing solutions\",\"potentialAction\":[{\"@type\":\"SearchAction\",\"target\":{\"@type\":\"EntryPoint\",\"urlTemplate\":\"https:\/\/www.movacolor.com\/de\/?s={search_term_string}\"},\"query-input\":{\"@type\":\"PropertyValueSpecification\",\"valueRequired\":true,\"valueName\":\"search_term_string\"}}],\"inLanguage\":\"de\"}]}<\/script>\n<!-- \/ Yoast SEO plugin. -->","yoast_head_json":{"title":"Extrusion \u00bb Visit our website en read more!","description":"Eine genaue Dosierung ist bei der Extrusion wichtig. Erfahren Sie mehr \u00fcber die Extrusion mit einem hochpr\u00e4zisen Dosiersystem? Besuchen Sie unsere Website!","robots":{"index":"index","follow":"follow","max-snippet":"max-snippet:-1","max-image-preview":"max-image-preview:large","max-video-preview":"max-video-preview:-1"},"canonical":"https:\/\/www.movacolor.com\/de\/prozess\/extrudieren\/","og_locale":"de_DE","og_type":"article","og_title":"Extrusion \u00bb Visit our website en read more!","og_description":"Eine genaue Dosierung ist bei der Extrusion wichtig. Erfahren Sie mehr \u00fcber die Extrusion mit einem hochpr\u00e4zisen Dosiersystem? Besuchen Sie unsere Website!","og_url":"https:\/\/www.movacolor.com\/de\/prozess\/extrudieren\/","og_site_name":"Movacolor","article_modified_time":"2024-01-09T12:53:04+00:00","twitter_card":"summary_large_image","twitter_misc":{"Gesch\u00e4tzte Lesezeit":"2\u00a0Minuten"},"schema":{"@context":"https:\/\/schema.org","@graph":[{"@type":"WebPage","@id":"https:\/\/www.movacolor.com\/de\/prozess\/extrudieren\/","url":"https:\/\/www.movacolor.com\/de\/prozess\/extrudieren\/","name":"Extrusion \u00bb Visit our website en read more!","isPartOf":{"@id":"https:\/\/www.movacolor.com\/de\/#website"},"datePublished":"2023-01-03T10:35:23+00:00","dateModified":"2024-01-09T12:53:04+00:00","description":"Eine genaue Dosierung ist bei der Extrusion wichtig. Erfahren Sie mehr \u00fcber die Extrusion mit einem hochpr\u00e4zisen Dosiersystem? Besuchen Sie unsere Website!","breadcrumb":{"@id":"https:\/\/www.movacolor.com\/de\/prozess\/extrudieren\/#breadcrumb"},"inLanguage":"de","potentialAction":[{"@type":"ReadAction","target":["https:\/\/www.movacolor.com\/de\/prozess\/extrudieren\/"]}]},{"@type":"BreadcrumbList","@id":"https:\/\/www.movacolor.com\/de\/prozess\/extrudieren\/#breadcrumb","itemListElement":[{"@type":"ListItem","position":1,"name":"Home","item":"https:\/\/www.movacolor.com\/de\/"},{"@type":"ListItem","position":2,"name":"Prozess","item":"https:\/\/www.movacolor.com\/de\/prozess\/"},{"@type":"ListItem","position":3,"name":"Extrudieren"}]},{"@type":"WebSite","@id":"https:\/\/www.movacolor.com\/de\/#website","url":"https:\/\/www.movacolor.com\/de\/","name":"Movacolor","description":"modular dosing solutions","potentialAction":[{"@type":"SearchAction","target":{"@type":"EntryPoint","urlTemplate":"https:\/\/www.movacolor.com\/de\/?s={search_term_string}"},"query-input":{"@type":"PropertyValueSpecification","valueRequired":true,"valueName":"search_term_string"}}],"inLanguage":"de"}]}},"_links":{"self":[{"href":"https:\/\/www.movacolor.com\/de\/wp-json\/wp\/v2\/pages\/6127","targetHints":{"allow":["GET"]}}],"collection":[{"href":"https:\/\/www.movacolor.com\/de\/wp-json\/wp\/v2\/pages"}],"about":[{"href":"https:\/\/www.movacolor.com\/de\/wp-json\/wp\/v2\/types\/page"}],"author":[{"embeddable":true,"href":"https:\/\/www.movacolor.com\/de\/wp-json\/wp\/v2\/users\/2"}],"replies":[{"embeddable":true,"href":"https:\/\/www.movacolor.com\/de\/wp-json\/wp\/v2\/comments?post=6127"}],"version-history":[{"count":4,"href":"https:\/\/www.movacolor.com\/de\/wp-json\/wp\/v2\/pages\/6127\/revisions"}],"predecessor-version":[{"id":12136,"href":"https:\/\/www.movacolor.com\/de\/wp-json\/wp\/v2\/pages\/6127\/revisions\/12136"}],"up":[{"embeddable":true,"href":"https:\/\/www.movacolor.com\/de\/wp-json\/wp\/v2\/pages\/6057"}],"wp:attachment":[{"href":"https:\/\/www.movacolor.com\/de\/wp-json\/wp\/v2\/media?parent=6127"}],"curies":[{"name":"wp","href":"https:\/\/api.w.org\/{rel}","templated":true}]}}