{"id":6121,"date":"2023-01-03T12:36:44","date_gmt":"2023-01-03T10:36:44","guid":{"rendered":"https:\/\/www.movacolor.com\/materialien\/pulver\/"},"modified":"2023-12-06T09:32:10","modified_gmt":"2023-12-06T07:32:10","slug":"pulver","status":"publish","type":"page","link":"https:\/\/www.movacolor.com\/de\/materialien\/pulver\/","title":{"rendered":"Pulver"},"content":{"rendered":"<p>Das Dosieren von Pulvern in Spritzguss- oder Extrusion Anwendungen ist ein sehr spezialisiertes Gesch\u00e4ft. Wir haben die Erfahrungen von Pulver Herstellern und Kunststoffproduzenten weltweit erfolgreich in den Produktentwicklungsprozess unserer Pulverdosierger\u00e4te einflie\u00dfen lassen. Mit Movacolor-Pulverdosierger\u00e4ten k\u00f6nnen Kunststoffhersteller bis zu 50\u00a0% der teuren Pulver Additive einsparen.<\/p>\n","protected":false},"excerpt":{"rendered":"<p>Das Dosieren von Pulvern in Spritzguss- oder Extrusion Anwendungen ist ein sehr spezialisiertes Gesch\u00e4ft. Wir haben die Erfahrungen von Pulver Herstellern und Kunststoffproduzenten weltweit erfolgreich in den Produktentwicklungsprozess unserer Pulverdosierger\u00e4te einflie\u00dfen lassen. Mit Movacolor-Pulverdosierger\u00e4ten k\u00f6nnen Kunststoffhersteller bis zu 50\u00a0% der teuren Pulver Additive einsparen.<\/p>\n","protected":false},"author":2,"featured_media":4056,"parent":4397,"menu_order":0,"comment_status":"closed","ping_status":"closed","template":"","meta":{"_acf_changed":false,"footnotes":""},"class_list":["post-6121","page","type-page","status-publish","has-post-thumbnail","hentry","us_portfolio_tag-pulver"],"acf":[],"yoast_head":"<!-- This site is optimized with the Yoast SEO plugin v26.4 - https:\/\/yoast.com\/wordpress\/plugins\/seo\/ -->\n<title>Pulverdosierung - gravimetrischen oder volumetrischen Dosierger\u00e4t<\/title>\n<meta name=\"description\" content=\"Unser modulares Dosierkonzept erm\u00f6glicht es Ihnen, Ihr Pulverdosiersystem so zu konfigurieren, dass es Ihren Produktionsanforderungen entspricht.\" \/>\n<meta name=\"robots\" content=\"index, follow, max-snippet:-1, max-image-preview:large, max-video-preview:-1\" \/>\n<link rel=\"canonical\" href=\"https:\/\/www.movacolor.com\/de\/materialien\/pulver\/\" \/>\n<meta property=\"og:locale\" content=\"de_DE\" \/>\n<meta property=\"og:type\" content=\"article\" \/>\n<meta property=\"og:title\" content=\"Pulverdosierung - gravimetrischen oder volumetrischen Dosierger\u00e4t\" \/>\n<meta property=\"og:description\" content=\"Unser modulares Dosierkonzept erm\u00f6glicht es Ihnen, Ihr Pulverdosiersystem so zu konfigurieren, dass es Ihren Produktionsanforderungen entspricht.\" \/>\n<meta property=\"og:url\" content=\"https:\/\/www.movacolor.com\/de\/materialien\/pulver\/\" \/>\n<meta property=\"og:site_name\" content=\"Movacolor\" \/>\n<meta property=\"article:modified_time\" content=\"2023-12-06T07:32:10+00:00\" \/>\n<meta property=\"og:image\" content=\"https:\/\/www.movacolor.com\/wp-content\/uploads\/2023\/03\/Powder.jpg\" \/>\n\t<meta property=\"og:image:width\" content=\"1920\" \/>\n\t<meta property=\"og:image:height\" content=\"1280\" \/>\n\t<meta property=\"og:image:type\" content=\"image\/jpeg\" \/>\n<meta name=\"twitter:card\" content=\"summary_large_image\" \/>\n<meta name=\"twitter:label1\" content=\"Gesch\u00e4tzte Lesezeit\" \/>\n\t<meta name=\"twitter:data1\" content=\"1\u00a0Minute\" \/>\n<script type=\"application\/ld+json\" class=\"yoast-schema-graph\">{\"@context\":\"https:\/\/schema.org\",\"@graph\":[{\"@type\":\"WebPage\",\"@id\":\"https:\/\/www.movacolor.com\/de\/materialien\/pulver\/\",\"url\":\"https:\/\/www.movacolor.com\/de\/materialien\/pulver\/\",\"name\":\"Pulverdosierung - gravimetrischen oder volumetrischen Dosierger\u00e4t\",\"isPartOf\":{\"@id\":\"https:\/\/www.movacolor.com\/de\/#website\"},\"primaryImageOfPage\":{\"@id\":\"https:\/\/www.movacolor.com\/de\/materialien\/pulver\/#primaryimage\"},\"image\":{\"@id\":\"https:\/\/www.movacolor.com\/de\/materialien\/pulver\/#primaryimage\"},\"thumbnailUrl\":\"https:\/\/www.movacolor.com\/wp-content\/uploads\/2023\/03\/Powder.jpg\",\"datePublished\":\"2023-01-03T10:36:44+00:00\",\"dateModified\":\"2023-12-06T07:32:10+00:00\",\"description\":\"Unser modulares Dosierkonzept erm\u00f6glicht es Ihnen, Ihr Pulverdosiersystem so zu konfigurieren, dass es Ihren Produktionsanforderungen entspricht.\",\"breadcrumb\":{\"@id\":\"https:\/\/www.movacolor.com\/de\/materialien\/pulver\/#breadcrumb\"},\"inLanguage\":\"de\",\"potentialAction\":[{\"@type\":\"ReadAction\",\"target\":[\"https:\/\/www.movacolor.com\/de\/materialien\/pulver\/\"]}]},{\"@type\":\"ImageObject\",\"inLanguage\":\"de\",\"@id\":\"https:\/\/www.movacolor.com\/de\/materialien\/pulver\/#primaryimage\",\"url\":\"https:\/\/www.movacolor.com\/wp-content\/uploads\/2023\/03\/Powder.jpg\",\"contentUrl\":\"https:\/\/www.movacolor.com\/wp-content\/uploads\/2023\/03\/Powder.jpg\",\"width\":1920,\"height\":1280,\"caption\":\"Powder\"},{\"@type\":\"BreadcrumbList\",\"@id\":\"https:\/\/www.movacolor.com\/de\/materialien\/pulver\/#breadcrumb\",\"itemListElement\":[{\"@type\":\"ListItem\",\"position\":1,\"name\":\"Home\",\"item\":\"https:\/\/www.movacolor.com\/de\/\"},{\"@type\":\"ListItem\",\"position\":2,\"name\":\"Materialien\",\"item\":\"https:\/\/www.movacolor.com\/de\/materialien\/\"},{\"@type\":\"ListItem\",\"position\":3,\"name\":\"Pulver\"}]},{\"@type\":\"WebSite\",\"@id\":\"https:\/\/www.movacolor.com\/de\/#website\",\"url\":\"https:\/\/www.movacolor.com\/de\/\",\"name\":\"Movacolor\",\"description\":\"modular dosing solutions\",\"potentialAction\":[{\"@type\":\"SearchAction\",\"target\":{\"@type\":\"EntryPoint\",\"urlTemplate\":\"https:\/\/www.movacolor.com\/de\/?s={search_term_string}\"},\"query-input\":{\"@type\":\"PropertyValueSpecification\",\"valueRequired\":true,\"valueName\":\"search_term_string\"}}],\"inLanguage\":\"de\"}]}<\/script>\n<!-- \/ Yoast SEO plugin. -->","yoast_head_json":{"title":"Pulverdosierung - gravimetrischen oder volumetrischen Dosierger\u00e4t","description":"Unser modulares Dosierkonzept erm\u00f6glicht es Ihnen, Ihr Pulverdosiersystem so zu konfigurieren, dass es Ihren Produktionsanforderungen entspricht.","robots":{"index":"index","follow":"follow","max-snippet":"max-snippet:-1","max-image-preview":"max-image-preview:large","max-video-preview":"max-video-preview:-1"},"canonical":"https:\/\/www.movacolor.com\/de\/materialien\/pulver\/","og_locale":"de_DE","og_type":"article","og_title":"Pulverdosierung - gravimetrischen oder volumetrischen Dosierger\u00e4t","og_description":"Unser modulares Dosierkonzept erm\u00f6glicht es Ihnen, Ihr Pulverdosiersystem so zu konfigurieren, dass es Ihren Produktionsanforderungen entspricht.","og_url":"https:\/\/www.movacolor.com\/de\/materialien\/pulver\/","og_site_name":"Movacolor","article_modified_time":"2023-12-06T07:32:10+00:00","og_image":[{"width":1920,"height":1280,"url":"https:\/\/www.movacolor.com\/wp-content\/uploads\/2023\/03\/Powder.jpg","type":"image\/jpeg"}],"twitter_card":"summary_large_image","twitter_misc":{"Gesch\u00e4tzte Lesezeit":"1\u00a0Minute"},"schema":{"@context":"https:\/\/schema.org","@graph":[{"@type":"WebPage","@id":"https:\/\/www.movacolor.com\/de\/materialien\/pulver\/","url":"https:\/\/www.movacolor.com\/de\/materialien\/pulver\/","name":"Pulverdosierung - gravimetrischen oder volumetrischen Dosierger\u00e4t","isPartOf":{"@id":"https:\/\/www.movacolor.com\/de\/#website"},"primaryImageOfPage":{"@id":"https:\/\/www.movacolor.com\/de\/materialien\/pulver\/#primaryimage"},"image":{"@id":"https:\/\/www.movacolor.com\/de\/materialien\/pulver\/#primaryimage"},"thumbnailUrl":"https:\/\/www.movacolor.com\/wp-content\/uploads\/2023\/03\/Powder.jpg","datePublished":"2023-01-03T10:36:44+00:00","dateModified":"2023-12-06T07:32:10+00:00","description":"Unser modulares Dosierkonzept erm\u00f6glicht es Ihnen, Ihr Pulverdosiersystem so zu konfigurieren, dass es Ihren Produktionsanforderungen entspricht.","breadcrumb":{"@id":"https:\/\/www.movacolor.com\/de\/materialien\/pulver\/#breadcrumb"},"inLanguage":"de","potentialAction":[{"@type":"ReadAction","target":["https:\/\/www.movacolor.com\/de\/materialien\/pulver\/"]}]},{"@type":"ImageObject","inLanguage":"de","@id":"https:\/\/www.movacolor.com\/de\/materialien\/pulver\/#primaryimage","url":"https:\/\/www.movacolor.com\/wp-content\/uploads\/2023\/03\/Powder.jpg","contentUrl":"https:\/\/www.movacolor.com\/wp-content\/uploads\/2023\/03\/Powder.jpg","width":1920,"height":1280,"caption":"Powder"},{"@type":"BreadcrumbList","@id":"https:\/\/www.movacolor.com\/de\/materialien\/pulver\/#breadcrumb","itemListElement":[{"@type":"ListItem","position":1,"name":"Home","item":"https:\/\/www.movacolor.com\/de\/"},{"@type":"ListItem","position":2,"name":"Materialien","item":"https:\/\/www.movacolor.com\/de\/materialien\/"},{"@type":"ListItem","position":3,"name":"Pulver"}]},{"@type":"WebSite","@id":"https:\/\/www.movacolor.com\/de\/#website","url":"https:\/\/www.movacolor.com\/de\/","name":"Movacolor","description":"modular dosing solutions","potentialAction":[{"@type":"SearchAction","target":{"@type":"EntryPoint","urlTemplate":"https:\/\/www.movacolor.com\/de\/?s={search_term_string}"},"query-input":{"@type":"PropertyValueSpecification","valueRequired":true,"valueName":"search_term_string"}}],"inLanguage":"de"}]}},"_links":{"self":[{"href":"https:\/\/www.movacolor.com\/de\/wp-json\/wp\/v2\/pages\/6121","targetHints":{"allow":["GET"]}}],"collection":[{"href":"https:\/\/www.movacolor.com\/de\/wp-json\/wp\/v2\/pages"}],"about":[{"href":"https:\/\/www.movacolor.com\/de\/wp-json\/wp\/v2\/types\/page"}],"author":[{"embeddable":true,"href":"https:\/\/www.movacolor.com\/de\/wp-json\/wp\/v2\/users\/2"}],"replies":[{"embeddable":true,"href":"https:\/\/www.movacolor.com\/de\/wp-json\/wp\/v2\/comments?post=6121"}],"version-history":[{"count":2,"href":"https:\/\/www.movacolor.com\/de\/wp-json\/wp\/v2\/pages\/6121\/revisions"}],"predecessor-version":[{"id":7299,"href":"https:\/\/www.movacolor.com\/de\/wp-json\/wp\/v2\/pages\/6121\/revisions\/7299"}],"up":[{"embeddable":true,"href":"https:\/\/www.movacolor.com\/de\/wp-json\/wp\/v2\/pages\/4397"}],"wp:featuredmedia":[{"embeddable":true,"href":"https:\/\/www.movacolor.com\/de\/wp-json\/wp\/v2\/media\/4056"}],"wp:attachment":[{"href":"https:\/\/www.movacolor.com\/de\/wp-json\/wp\/v2\/media?parent=6121"}],"curies":[{"name":"wp","href":"https:\/\/api.w.org\/{rel}","templated":true}]}}