{"id":6119,"date":"2023-01-03T12:37:26","date_gmt":"2023-01-03T10:37:26","guid":{"rendered":"https:\/\/www.movacolor.com\/materialien\/fluessigkeit\/"},"modified":"2023-12-06T09:26:36","modified_gmt":"2023-12-06T07:26:36","slug":"fluessigkeit","status":"publish","type":"page","link":"https:\/\/www.movacolor.com\/de\/materialien\/flussig\/","title":{"rendered":"Fl\u00fcssig"},"content":{"rendered":"<p>Movacolor erm\u00f6glicht die Fl\u00fcssigdosierung mit dem Fl\u00fcssigkeitsdosierger\u00e4t MCLiquid. Das MCLiquid steht f\u00fcr die genaue Dosierung von Fl\u00fcssigfarbstoffen bei Spritzguss- oder Extrusionsanwendungen. Diese gravimetrische Dosieranlage beweist, dass sich eine effiziente F\u00e4rbung mit fl\u00fcssigen Farbstoffen positiv auf einen stabilen und qualitativ hochwertigen Produktionsprozess auswirkt. Das Ergebnis: Deutliche Einsparungen bei den fl\u00fcssigen Farbstoffen und ein hochwertiges Endprodukt.<\/p>\n","protected":false},"excerpt":{"rendered":"<p>Movacolor erm\u00f6glicht die Fl\u00fcssigdosierung mit dem Fl\u00fcssigkeitsdosierger\u00e4t MCLiquid. Das MCLiquid steht f\u00fcr die genaue Dosierung von Fl\u00fcssigfarbstoffen bei Spritzguss- oder Extrusionsanwendungen. Diese gravimetrische Dosieranlage beweist, dass sich eine effiziente F\u00e4rbung mit fl\u00fcssigen Farbstoffen positiv auf einen stabilen und qualitativ hochwertigen Produktionsprozess auswirkt. Das Ergebnis: Deutliche Einsparungen bei den fl\u00fcssigen Farbstoffen und ein hochwertiges Endprodukt.<\/p>\n","protected":false},"author":2,"featured_media":4048,"parent":4397,"menu_order":0,"comment_status":"closed","ping_status":"closed","template":"","meta":{"_acf_changed":false,"footnotes":""},"class_list":["post-6119","page","type-page","status-publish","has-post-thumbnail","hentry","us_portfolio_tag-flussigkeit"],"acf":[],"yoast_head":"<!-- This site is optimized with the Yoast SEO plugin v26.4 - https:\/\/yoast.com\/wordpress\/plugins\/seo\/ -->\n<title>Fl\u00fcssig - Movacolor<\/title>\n<meta name=\"description\" content=\"Movacolor erm\u00f6glicht die Fl\u00fcssigkeitsdosierung mit dem Fl\u00fcssigkeitsdosiersystem MDS Balance liquid. Lesen Sie mehr \u00fcber die M\u00f6glichkeiten.\" \/>\n<meta name=\"robots\" content=\"index, follow, max-snippet:-1, max-image-preview:large, max-video-preview:-1\" \/>\n<link rel=\"canonical\" href=\"https:\/\/www.movacolor.com\/de\/materialien\/flussig\/\" \/>\n<meta property=\"og:locale\" content=\"de_DE\" \/>\n<meta property=\"og:type\" content=\"article\" \/>\n<meta property=\"og:title\" content=\"Fl\u00fcssig - Movacolor\" \/>\n<meta property=\"og:description\" content=\"Movacolor erm\u00f6glicht die Fl\u00fcssigkeitsdosierung mit dem Fl\u00fcssigkeitsdosiersystem MDS Balance liquid. Lesen Sie mehr \u00fcber die M\u00f6glichkeiten.\" \/>\n<meta property=\"og:url\" content=\"https:\/\/www.movacolor.com\/de\/materialien\/flussig\/\" \/>\n<meta property=\"og:site_name\" content=\"Movacolor\" \/>\n<meta property=\"article:modified_time\" content=\"2023-12-06T07:26:36+00:00\" \/>\n<meta property=\"og:image\" content=\"https:\/\/www.movacolor.com\/wp-content\/uploads\/2023\/03\/Liquid.jpg\" \/>\n\t<meta property=\"og:image:width\" content=\"1920\" \/>\n\t<meta property=\"og:image:height\" content=\"1860\" \/>\n\t<meta property=\"og:image:type\" content=\"image\/jpeg\" \/>\n<meta name=\"twitter:card\" content=\"summary_large_image\" \/>\n<meta name=\"twitter:label1\" content=\"Gesch\u00e4tzte Lesezeit\" \/>\n\t<meta name=\"twitter:data1\" content=\"1\u00a0Minute\" \/>\n<script type=\"application\/ld+json\" class=\"yoast-schema-graph\">{\"@context\":\"https:\/\/schema.org\",\"@graph\":[{\"@type\":\"WebPage\",\"@id\":\"https:\/\/www.movacolor.com\/de\/materialien\/flussig\/\",\"url\":\"https:\/\/www.movacolor.com\/de\/materialien\/flussig\/\",\"name\":\"Fl\u00fcssig - Movacolor\",\"isPartOf\":{\"@id\":\"https:\/\/www.movacolor.com\/de\/#website\"},\"primaryImageOfPage\":{\"@id\":\"https:\/\/www.movacolor.com\/de\/materialien\/flussig\/#primaryimage\"},\"image\":{\"@id\":\"https:\/\/www.movacolor.com\/de\/materialien\/flussig\/#primaryimage\"},\"thumbnailUrl\":\"https:\/\/www.movacolor.com\/wp-content\/uploads\/2023\/03\/Liquid.jpg\",\"datePublished\":\"2023-01-03T10:37:26+00:00\",\"dateModified\":\"2023-12-06T07:26:36+00:00\",\"description\":\"Movacolor erm\u00f6glicht die Fl\u00fcssigkeitsdosierung mit dem Fl\u00fcssigkeitsdosiersystem MDS Balance liquid. Lesen Sie mehr \u00fcber die M\u00f6glichkeiten.\",\"breadcrumb\":{\"@id\":\"https:\/\/www.movacolor.com\/de\/materialien\/flussig\/#breadcrumb\"},\"inLanguage\":\"de\",\"potentialAction\":[{\"@type\":\"ReadAction\",\"target\":[\"https:\/\/www.movacolor.com\/de\/materialien\/flussig\/\"]}]},{\"@type\":\"ImageObject\",\"inLanguage\":\"de\",\"@id\":\"https:\/\/www.movacolor.com\/de\/materialien\/flussig\/#primaryimage\",\"url\":\"https:\/\/www.movacolor.com\/wp-content\/uploads\/2023\/03\/Liquid.jpg\",\"contentUrl\":\"https:\/\/www.movacolor.com\/wp-content\/uploads\/2023\/03\/Liquid.jpg\",\"width\":1920,\"height\":1860,\"caption\":\"Liquid colorant\"},{\"@type\":\"BreadcrumbList\",\"@id\":\"https:\/\/www.movacolor.com\/de\/materialien\/flussig\/#breadcrumb\",\"itemListElement\":[{\"@type\":\"ListItem\",\"position\":1,\"name\":\"Home\",\"item\":\"https:\/\/www.movacolor.com\/de\/\"},{\"@type\":\"ListItem\",\"position\":2,\"name\":\"Materialien\",\"item\":\"https:\/\/www.movacolor.com\/de\/materialien\/\"},{\"@type\":\"ListItem\",\"position\":3,\"name\":\"Fl\u00fcssig\"}]},{\"@type\":\"WebSite\",\"@id\":\"https:\/\/www.movacolor.com\/de\/#website\",\"url\":\"https:\/\/www.movacolor.com\/de\/\",\"name\":\"Movacolor\",\"description\":\"modular dosing solutions\",\"potentialAction\":[{\"@type\":\"SearchAction\",\"target\":{\"@type\":\"EntryPoint\",\"urlTemplate\":\"https:\/\/www.movacolor.com\/de\/?s={search_term_string}\"},\"query-input\":{\"@type\":\"PropertyValueSpecification\",\"valueRequired\":true,\"valueName\":\"search_term_string\"}}],\"inLanguage\":\"de\"}]}<\/script>\n<!-- \/ Yoast SEO plugin. -->","yoast_head_json":{"title":"Fl\u00fcssig - Movacolor","description":"Movacolor erm\u00f6glicht die Fl\u00fcssigkeitsdosierung mit dem Fl\u00fcssigkeitsdosiersystem MDS Balance liquid. Lesen Sie mehr \u00fcber die M\u00f6glichkeiten.","robots":{"index":"index","follow":"follow","max-snippet":"max-snippet:-1","max-image-preview":"max-image-preview:large","max-video-preview":"max-video-preview:-1"},"canonical":"https:\/\/www.movacolor.com\/de\/materialien\/flussig\/","og_locale":"de_DE","og_type":"article","og_title":"Fl\u00fcssig - Movacolor","og_description":"Movacolor erm\u00f6glicht die Fl\u00fcssigkeitsdosierung mit dem Fl\u00fcssigkeitsdosiersystem MDS Balance liquid. Lesen Sie mehr \u00fcber die M\u00f6glichkeiten.","og_url":"https:\/\/www.movacolor.com\/de\/materialien\/flussig\/","og_site_name":"Movacolor","article_modified_time":"2023-12-06T07:26:36+00:00","og_image":[{"width":1920,"height":1860,"url":"https:\/\/www.movacolor.com\/wp-content\/uploads\/2023\/03\/Liquid.jpg","type":"image\/jpeg"}],"twitter_card":"summary_large_image","twitter_misc":{"Gesch\u00e4tzte Lesezeit":"1\u00a0Minute"},"schema":{"@context":"https:\/\/schema.org","@graph":[{"@type":"WebPage","@id":"https:\/\/www.movacolor.com\/de\/materialien\/flussig\/","url":"https:\/\/www.movacolor.com\/de\/materialien\/flussig\/","name":"Fl\u00fcssig - Movacolor","isPartOf":{"@id":"https:\/\/www.movacolor.com\/de\/#website"},"primaryImageOfPage":{"@id":"https:\/\/www.movacolor.com\/de\/materialien\/flussig\/#primaryimage"},"image":{"@id":"https:\/\/www.movacolor.com\/de\/materialien\/flussig\/#primaryimage"},"thumbnailUrl":"https:\/\/www.movacolor.com\/wp-content\/uploads\/2023\/03\/Liquid.jpg","datePublished":"2023-01-03T10:37:26+00:00","dateModified":"2023-12-06T07:26:36+00:00","description":"Movacolor erm\u00f6glicht die Fl\u00fcssigkeitsdosierung mit dem Fl\u00fcssigkeitsdosiersystem MDS Balance liquid. Lesen Sie mehr \u00fcber die M\u00f6glichkeiten.","breadcrumb":{"@id":"https:\/\/www.movacolor.com\/de\/materialien\/flussig\/#breadcrumb"},"inLanguage":"de","potentialAction":[{"@type":"ReadAction","target":["https:\/\/www.movacolor.com\/de\/materialien\/flussig\/"]}]},{"@type":"ImageObject","inLanguage":"de","@id":"https:\/\/www.movacolor.com\/de\/materialien\/flussig\/#primaryimage","url":"https:\/\/www.movacolor.com\/wp-content\/uploads\/2023\/03\/Liquid.jpg","contentUrl":"https:\/\/www.movacolor.com\/wp-content\/uploads\/2023\/03\/Liquid.jpg","width":1920,"height":1860,"caption":"Liquid colorant"},{"@type":"BreadcrumbList","@id":"https:\/\/www.movacolor.com\/de\/materialien\/flussig\/#breadcrumb","itemListElement":[{"@type":"ListItem","position":1,"name":"Home","item":"https:\/\/www.movacolor.com\/de\/"},{"@type":"ListItem","position":2,"name":"Materialien","item":"https:\/\/www.movacolor.com\/de\/materialien\/"},{"@type":"ListItem","position":3,"name":"Fl\u00fcssig"}]},{"@type":"WebSite","@id":"https:\/\/www.movacolor.com\/de\/#website","url":"https:\/\/www.movacolor.com\/de\/","name":"Movacolor","description":"modular dosing solutions","potentialAction":[{"@type":"SearchAction","target":{"@type":"EntryPoint","urlTemplate":"https:\/\/www.movacolor.com\/de\/?s={search_term_string}"},"query-input":{"@type":"PropertyValueSpecification","valueRequired":true,"valueName":"search_term_string"}}],"inLanguage":"de"}]}},"_links":{"self":[{"href":"https:\/\/www.movacolor.com\/de\/wp-json\/wp\/v2\/pages\/6119","targetHints":{"allow":["GET"]}}],"collection":[{"href":"https:\/\/www.movacolor.com\/de\/wp-json\/wp\/v2\/pages"}],"about":[{"href":"https:\/\/www.movacolor.com\/de\/wp-json\/wp\/v2\/types\/page"}],"author":[{"embeddable":true,"href":"https:\/\/www.movacolor.com\/de\/wp-json\/wp\/v2\/users\/2"}],"replies":[{"embeddable":true,"href":"https:\/\/www.movacolor.com\/de\/wp-json\/wp\/v2\/comments?post=6119"}],"version-history":[{"count":4,"href":"https:\/\/www.movacolor.com\/de\/wp-json\/wp\/v2\/pages\/6119\/revisions"}],"predecessor-version":[{"id":10480,"href":"https:\/\/www.movacolor.com\/de\/wp-json\/wp\/v2\/pages\/6119\/revisions\/10480"}],"up":[{"embeddable":true,"href":"https:\/\/www.movacolor.com\/de\/wp-json\/wp\/v2\/pages\/4397"}],"wp:featuredmedia":[{"embeddable":true,"href":"https:\/\/www.movacolor.com\/de\/wp-json\/wp\/v2\/media\/4048"}],"wp:attachment":[{"href":"https:\/\/www.movacolor.com\/de\/wp-json\/wp\/v2\/media?parent=6119"}],"curies":[{"name":"wp","href":"https:\/\/api.w.org\/{rel}","templated":true}]}}