{"id":6114,"date":"2023-01-03T12:29:20","date_gmt":"2023-01-03T10:29:20","guid":{"rendered":"https:\/\/www.movacolor.com\/technologie\/gravimetrisch\/"},"modified":"2024-02-09T21:39:43","modified_gmt":"2024-02-09T19:39:43","slug":"gravimetrisch","status":"publish","type":"page","link":"https:\/\/www.movacolor.com\/de\/technologie\/gravimetrisch\/","title":{"rendered":"Gravimetrisch"},"content":{"rendered":"<p>Movacolor ist weltweit f\u00fchrend in der Entwicklung und Vermarktung von hochpr\u00e4zisen gravimetrischen Dosiersystemen. Im Laufe der Jahre haben wir eine breite Palette von hochpr\u00e4zisen gravimetrischen Dosiersystemen f\u00fcr Kunststoffhersteller auf der ganzen Welt und f\u00fcr jede Art von Anwendung entwickelt.<\/p>\n<h2>Einfach zu bedienen<\/h2>\n<p>Mit der Entwicklung der hochpr\u00e4zisen MDS Balance hat Movacolor als einer der Ersten in der Welt seine patentierte gravimetrische Dosiertechnologie eingef\u00fchrt. Dieses Dosierger\u00e4t stellt den h\u00f6chsten Standard in der gravimetrischen Dosierung dar und kann von Kunststoffherstellern t\u00e4glich in der Extrusion, beim Spritzgie\u00dfen und Blasformen eingesetzt werden. Die hochpr\u00e4zise gravimetrische Dosiertechnik von Movacolor basiert auf einem W\u00e4gesystem mit Gewichtsverlust und einem Dosierzylinder, der geradlinig und pulsationsfrei dosiert.<\/p>\n<p>Die gravimetrischen Dosierer von Movacolor sind mit einer Movacolor-Touchscreen-Steuerung ausgestattet, die Ihnen die volle Kontrolle \u00fcber Ihren Extrusions-, Spritzguss- oder Blasformprozess gibt. Die Movacolor-Touchscreen-Steuerungen sind so konzipiert, dass jeder Bediener in der Kunststoffindustrie damit arbeiten kann und die Inbetriebnahme Ihrer Spritzgie\u00dfmaschine oder Ihres Extruders keinerlei Zeit in Anspruch nimmt.<\/p>\n","protected":false},"excerpt":{"rendered":"<p>Movacolor ist weltweit f\u00fchrend in der Entwicklung und Vermarktung von hochpr\u00e4zisen gravimetrischen Dosiersystemen. Im Laufe der Jahre haben wir eine breite Palette von hochpr\u00e4zisen gravimetrischen Dosiersystemen f\u00fcr Kunststoffhersteller auf der ganzen Welt und f\u00fcr jede Art von Anwendung entwickelt. Einfach zu bedienen Mit der Entwicklung der hochpr\u00e4zisen MDS Balance hat Movacolor als einer der Ersten&#8230;<\/p>\n","protected":false},"author":2,"featured_media":568,"parent":6106,"menu_order":0,"comment_status":"closed","ping_status":"closed","template":"","meta":{"_acf_changed":false,"footnotes":""},"class_list":["post-6114","page","type-page","status-publish","has-post-thumbnail","hentry","us_portfolio_tag-gravimetrisch"],"acf":[],"yoast_head":"<!-- This site is optimized with the Yoast SEO plugin v26.4 - https:\/\/yoast.com\/wordpress\/plugins\/seo\/ -->\n<title>Gravimetrisch Dosiersysteme f\u00fcr jede Art von Anwendung<\/title>\n<meta name=\"description\" content=\"Weltweit f\u00fchrende gravimetrische Dosiersysteme von Movacolor. Einfache Anwendung f\u00fcr Hersteller in den Bereichen Extrusion, Spritzguss und Blasformen.\" \/>\n<meta name=\"robots\" content=\"index, follow, max-snippet:-1, max-image-preview:large, max-video-preview:-1\" \/>\n<link rel=\"canonical\" href=\"https:\/\/www.movacolor.com\/de\/technologie\/gravimetrisch\/\" \/>\n<meta property=\"og:locale\" content=\"de_DE\" \/>\n<meta property=\"og:type\" content=\"article\" \/>\n<meta property=\"og:title\" content=\"Gravimetrisch Dosiersysteme f\u00fcr jede Art von Anwendung\" \/>\n<meta property=\"og:description\" content=\"Weltweit f\u00fchrende gravimetrische Dosiersysteme von Movacolor. Einfache Anwendung f\u00fcr Hersteller in den Bereichen Extrusion, Spritzguss und Blasformen.\" \/>\n<meta property=\"og:url\" content=\"https:\/\/www.movacolor.com\/de\/technologie\/gravimetrisch\/\" \/>\n<meta property=\"og:site_name\" content=\"Movacolor\" \/>\n<meta property=\"article:modified_time\" content=\"2024-02-09T19:39:43+00:00\" \/>\n<meta property=\"og:image\" content=\"https:\/\/www.movacolor.com\/wp-content\/uploads\/2023\/01\/Working-in-a-cleanroom-is-balancing-between-the-highest-standards.jpg\" \/>\n\t<meta property=\"og:image:width\" content=\"1500\" \/>\n\t<meta property=\"og:image:height\" content=\"843\" \/>\n\t<meta property=\"og:image:type\" content=\"image\/jpeg\" \/>\n<meta name=\"twitter:card\" content=\"summary_large_image\" \/>\n<meta name=\"twitter:label1\" content=\"Gesch\u00e4tzte Lesezeit\" \/>\n\t<meta name=\"twitter:data1\" content=\"1\u00a0Minute\" \/>\n<script type=\"application\/ld+json\" class=\"yoast-schema-graph\">{\"@context\":\"https:\/\/schema.org\",\"@graph\":[{\"@type\":\"WebPage\",\"@id\":\"https:\/\/www.movacolor.com\/de\/technologie\/gravimetrisch\/\",\"url\":\"https:\/\/www.movacolor.com\/de\/technologie\/gravimetrisch\/\",\"name\":\"Gravimetrisch Dosiersysteme f\u00fcr jede Art von Anwendung\",\"isPartOf\":{\"@id\":\"https:\/\/www.movacolor.com\/de\/#website\"},\"primaryImageOfPage\":{\"@id\":\"https:\/\/www.movacolor.com\/de\/technologie\/gravimetrisch\/#primaryimage\"},\"image\":{\"@id\":\"https:\/\/www.movacolor.com\/de\/technologie\/gravimetrisch\/#primaryimage\"},\"thumbnailUrl\":\"https:\/\/www.movacolor.com\/wp-content\/uploads\/2023\/01\/Working-in-a-cleanroom-is-balancing-between-the-highest-standards.jpg\",\"datePublished\":\"2023-01-03T10:29:20+00:00\",\"dateModified\":\"2024-02-09T19:39:43+00:00\",\"description\":\"Weltweit f\u00fchrende gravimetrische Dosiersysteme von Movacolor. Einfache Anwendung f\u00fcr Hersteller in den Bereichen Extrusion, Spritzguss und Blasformen.\",\"breadcrumb\":{\"@id\":\"https:\/\/www.movacolor.com\/de\/technologie\/gravimetrisch\/#breadcrumb\"},\"inLanguage\":\"de\",\"potentialAction\":[{\"@type\":\"ReadAction\",\"target\":[\"https:\/\/www.movacolor.com\/de\/technologie\/gravimetrisch\/\"]}]},{\"@type\":\"ImageObject\",\"inLanguage\":\"de\",\"@id\":\"https:\/\/www.movacolor.com\/de\/technologie\/gravimetrisch\/#primaryimage\",\"url\":\"https:\/\/www.movacolor.com\/wp-content\/uploads\/2023\/01\/Working-in-a-cleanroom-is-balancing-between-the-highest-standards.jpg\",\"contentUrl\":\"https:\/\/www.movacolor.com\/wp-content\/uploads\/2023\/01\/Working-in-a-cleanroom-is-balancing-between-the-highest-standards.jpg\",\"width\":1500,\"height\":843},{\"@type\":\"BreadcrumbList\",\"@id\":\"https:\/\/www.movacolor.com\/de\/technologie\/gravimetrisch\/#breadcrumb\",\"itemListElement\":[{\"@type\":\"ListItem\",\"position\":1,\"name\":\"Home\",\"item\":\"https:\/\/www.movacolor.com\/de\/\"},{\"@type\":\"ListItem\",\"position\":2,\"name\":\"Technologie\",\"item\":\"https:\/\/www.movacolor.com\/de\/technologie\/\"},{\"@type\":\"ListItem\",\"position\":3,\"name\":\"Gravimetrisch\"}]},{\"@type\":\"WebSite\",\"@id\":\"https:\/\/www.movacolor.com\/de\/#website\",\"url\":\"https:\/\/www.movacolor.com\/de\/\",\"name\":\"Movacolor\",\"description\":\"modular dosing solutions\",\"potentialAction\":[{\"@type\":\"SearchAction\",\"target\":{\"@type\":\"EntryPoint\",\"urlTemplate\":\"https:\/\/www.movacolor.com\/de\/?s={search_term_string}\"},\"query-input\":{\"@type\":\"PropertyValueSpecification\",\"valueRequired\":true,\"valueName\":\"search_term_string\"}}],\"inLanguage\":\"de\"}]}<\/script>\n<!-- \/ Yoast SEO plugin. -->","yoast_head_json":{"title":"Gravimetrisch Dosiersysteme f\u00fcr jede Art von Anwendung","description":"Weltweit f\u00fchrende gravimetrische Dosiersysteme von Movacolor. Einfache Anwendung f\u00fcr Hersteller in den Bereichen Extrusion, Spritzguss und Blasformen.","robots":{"index":"index","follow":"follow","max-snippet":"max-snippet:-1","max-image-preview":"max-image-preview:large","max-video-preview":"max-video-preview:-1"},"canonical":"https:\/\/www.movacolor.com\/de\/technologie\/gravimetrisch\/","og_locale":"de_DE","og_type":"article","og_title":"Gravimetrisch Dosiersysteme f\u00fcr jede Art von Anwendung","og_description":"Weltweit f\u00fchrende gravimetrische Dosiersysteme von Movacolor. Einfache Anwendung f\u00fcr Hersteller in den Bereichen Extrusion, Spritzguss und Blasformen.","og_url":"https:\/\/www.movacolor.com\/de\/technologie\/gravimetrisch\/","og_site_name":"Movacolor","article_modified_time":"2024-02-09T19:39:43+00:00","og_image":[{"width":1500,"height":843,"url":"https:\/\/www.movacolor.com\/wp-content\/uploads\/2023\/01\/Working-in-a-cleanroom-is-balancing-between-the-highest-standards.jpg","type":"image\/jpeg"}],"twitter_card":"summary_large_image","twitter_misc":{"Gesch\u00e4tzte Lesezeit":"1\u00a0Minute"},"schema":{"@context":"https:\/\/schema.org","@graph":[{"@type":"WebPage","@id":"https:\/\/www.movacolor.com\/de\/technologie\/gravimetrisch\/","url":"https:\/\/www.movacolor.com\/de\/technologie\/gravimetrisch\/","name":"Gravimetrisch Dosiersysteme f\u00fcr jede Art von Anwendung","isPartOf":{"@id":"https:\/\/www.movacolor.com\/de\/#website"},"primaryImageOfPage":{"@id":"https:\/\/www.movacolor.com\/de\/technologie\/gravimetrisch\/#primaryimage"},"image":{"@id":"https:\/\/www.movacolor.com\/de\/technologie\/gravimetrisch\/#primaryimage"},"thumbnailUrl":"https:\/\/www.movacolor.com\/wp-content\/uploads\/2023\/01\/Working-in-a-cleanroom-is-balancing-between-the-highest-standards.jpg","datePublished":"2023-01-03T10:29:20+00:00","dateModified":"2024-02-09T19:39:43+00:00","description":"Weltweit f\u00fchrende gravimetrische Dosiersysteme von Movacolor. Einfache Anwendung f\u00fcr Hersteller in den Bereichen Extrusion, Spritzguss und Blasformen.","breadcrumb":{"@id":"https:\/\/www.movacolor.com\/de\/technologie\/gravimetrisch\/#breadcrumb"},"inLanguage":"de","potentialAction":[{"@type":"ReadAction","target":["https:\/\/www.movacolor.com\/de\/technologie\/gravimetrisch\/"]}]},{"@type":"ImageObject","inLanguage":"de","@id":"https:\/\/www.movacolor.com\/de\/technologie\/gravimetrisch\/#primaryimage","url":"https:\/\/www.movacolor.com\/wp-content\/uploads\/2023\/01\/Working-in-a-cleanroom-is-balancing-between-the-highest-standards.jpg","contentUrl":"https:\/\/www.movacolor.com\/wp-content\/uploads\/2023\/01\/Working-in-a-cleanroom-is-balancing-between-the-highest-standards.jpg","width":1500,"height":843},{"@type":"BreadcrumbList","@id":"https:\/\/www.movacolor.com\/de\/technologie\/gravimetrisch\/#breadcrumb","itemListElement":[{"@type":"ListItem","position":1,"name":"Home","item":"https:\/\/www.movacolor.com\/de\/"},{"@type":"ListItem","position":2,"name":"Technologie","item":"https:\/\/www.movacolor.com\/de\/technologie\/"},{"@type":"ListItem","position":3,"name":"Gravimetrisch"}]},{"@type":"WebSite","@id":"https:\/\/www.movacolor.com\/de\/#website","url":"https:\/\/www.movacolor.com\/de\/","name":"Movacolor","description":"modular dosing solutions","potentialAction":[{"@type":"SearchAction","target":{"@type":"EntryPoint","urlTemplate":"https:\/\/www.movacolor.com\/de\/?s={search_term_string}"},"query-input":{"@type":"PropertyValueSpecification","valueRequired":true,"valueName":"search_term_string"}}],"inLanguage":"de"}]}},"_links":{"self":[{"href":"https:\/\/www.movacolor.com\/de\/wp-json\/wp\/v2\/pages\/6114","targetHints":{"allow":["GET"]}}],"collection":[{"href":"https:\/\/www.movacolor.com\/de\/wp-json\/wp\/v2\/pages"}],"about":[{"href":"https:\/\/www.movacolor.com\/de\/wp-json\/wp\/v2\/types\/page"}],"author":[{"embeddable":true,"href":"https:\/\/www.movacolor.com\/de\/wp-json\/wp\/v2\/users\/2"}],"replies":[{"embeddable":true,"href":"https:\/\/www.movacolor.com\/de\/wp-json\/wp\/v2\/comments?post=6114"}],"version-history":[{"count":1,"href":"https:\/\/www.movacolor.com\/de\/wp-json\/wp\/v2\/pages\/6114\/revisions"}],"predecessor-version":[{"id":7314,"href":"https:\/\/www.movacolor.com\/de\/wp-json\/wp\/v2\/pages\/6114\/revisions\/7314"}],"up":[{"embeddable":true,"href":"https:\/\/www.movacolor.com\/de\/wp-json\/wp\/v2\/pages\/6106"}],"wp:featuredmedia":[{"embeddable":true,"href":"https:\/\/www.movacolor.com\/de\/wp-json\/wp\/v2\/media\/568"}],"wp:attachment":[{"href":"https:\/\/www.movacolor.com\/de\/wp-json\/wp\/v2\/media?parent=6114"}],"curies":[{"name":"wp","href":"https:\/\/api.w.org\/{rel}","templated":true}]}}