{"id":6113,"date":"2023-01-03T12:33:35","date_gmt":"2023-01-03T10:33:35","guid":{"rendered":"https:\/\/www.movacolor.com\/technologie\/volumetrisch\/"},"modified":"2024-02-09T20:20:44","modified_gmt":"2024-02-09T18:20:44","slug":"volumetrisch","status":"publish","type":"page","link":"https:\/\/www.movacolor.com\/de\/technologie\/volumetrisch\/","title":{"rendered":"Volumetrisch"},"content":{"rendered":"<p>Movacolor entwickelt und vertreibt volumetrische Dosiersysteme mit einem einzigartigen ultrapr\u00e4zisen Dosierzylinder f\u00fcr Extrusion und Spritzguss. Unsere volumetrischen Dosiersysteme sind in Fabriken auf der ganzen Welt installiert und k\u00f6nnen unter fast allen Bedingungen arbeiten.<\/p>\n<h2><strong>Eingangsmodell der volumetrischen Dosierung<br \/>\n<\/strong><\/h2>\n<p>Das volumetrische Dosiersystem MDS 6 Feeder (MC12) ist das Einstiegsmodell von Movacolor und wird f\u00fcr Spritzgie\u00dfanwendungen gut verkauft. Der MDS-Dosierer ist unser preisg\u00fcnstigstes Dosiersystem und eignet sich perfekt f\u00fcr die Einf\u00e4rbung von PET, Kappen und Verschl\u00fcssen, Spielzeug und anderen Anwendungen in der Kunststoffverarbeitungsindustrie.<\/p>\n<h2><strong>Volumetrische Dosierung mit Extruder-Synchronisation<\/strong><\/h2>\n<p>Das volumetrische Dosiersystem <a href=\"https:\/\/www.movacolor.com\/de\/product-categories\/mds\/mds-6-feeder-mc18\/\">MDS 6 Feeder (MC18)<\/a> wird haupts\u00e4chlich in der Extrusionsindustrie eingesetzt. Der MDS 6 Feeder (MC18) ist mit der Besonderheit ausgestattet, dass er sich automatisch an die Extrudergeschwindigkeit anpasst. Kunststoffhersteller, die sich f\u00fcr einen automatischen Trichterlader zum Bef\u00fcllen des Trichters mit Masterbatch, Pulver oder Mahlgut entscheiden, w\u00e4hlen unser volumetrisches Dosiersystem.<\/p>\n","protected":false},"excerpt":{"rendered":"<p>Movacolor entwickelt und vertreibt volumetrische Dosiersysteme mit einem einzigartigen ultrapr\u00e4zisen Dosierzylinder f\u00fcr Extrusion und Spritzguss. Unsere volumetrischen Dosiersysteme sind in Fabriken auf der ganzen Welt installiert und k\u00f6nnen unter fast allen Bedingungen arbeiten. Eingangsmodell der volumetrischen Dosierung Das volumetrische Dosiersystem MDS 6 Feeder (MC12) ist das Einstiegsmodell von Movacolor und wird f\u00fcr Spritzgie\u00dfanwendungen gut verkauft&#8230;.<\/p>\n","protected":false},"author":2,"featured_media":2999,"parent":6106,"menu_order":0,"comment_status":"closed","ping_status":"closed","template":"","meta":{"_acf_changed":false,"footnotes":""},"class_list":["post-6113","page","type-page","status-publish","has-post-thumbnail","hentry","us_portfolio_tag-volumetrisch"],"acf":[],"yoast_head":"<!-- This site is optimized with the Yoast SEO plugin v26.4 - https:\/\/yoast.com\/wordpress\/plugins\/seo\/ -->\n<title>Volumetrische Dosierung f\u00fcr Spritzguss und Extrusion<\/title>\n<meta name=\"description\" content=\"Pr\u00e4zise volumetrische Dosiersysteme von Movacolor f\u00fcr Extrusion und Spritzguss. Ideal f\u00fcr PET, Kappen, Spielzeug und mehr. Entdecken Sie unsere Modelle!\" \/>\n<meta name=\"robots\" content=\"index, follow, max-snippet:-1, max-image-preview:large, max-video-preview:-1\" \/>\n<link rel=\"canonical\" href=\"https:\/\/www.movacolor.com\/de\/technologie\/volumetrisch\/\" \/>\n<meta property=\"og:locale\" content=\"de_DE\" \/>\n<meta property=\"og:type\" content=\"article\" \/>\n<meta property=\"og:title\" content=\"Volumetrische Dosierung f\u00fcr Spritzguss und Extrusion\" \/>\n<meta property=\"og:description\" content=\"Pr\u00e4zise volumetrische Dosiersysteme von Movacolor f\u00fcr Extrusion und Spritzguss. Ideal f\u00fcr PET, Kappen, Spielzeug und mehr. Entdecken Sie unsere Modelle!\" \/>\n<meta property=\"og:url\" content=\"https:\/\/www.movacolor.com\/de\/technologie\/volumetrisch\/\" \/>\n<meta property=\"og:site_name\" content=\"Movacolor\" \/>\n<meta property=\"article:modified_time\" content=\"2024-02-09T18:20:44+00:00\" \/>\n<meta property=\"og:image\" content=\"https:\/\/www.movacolor.com\/wp-content\/uploads\/2023\/03\/Assembly-1-scaled.jpg\" \/>\n\t<meta property=\"og:image:width\" content=\"2560\" \/>\n\t<meta property=\"og:image:height\" content=\"1707\" \/>\n\t<meta property=\"og:image:type\" content=\"image\/jpeg\" \/>\n<meta name=\"twitter:card\" content=\"summary_large_image\" \/>\n<meta name=\"twitter:label1\" content=\"Gesch\u00e4tzte Lesezeit\" \/>\n\t<meta name=\"twitter:data1\" content=\"1\u00a0Minute\" \/>\n<script type=\"application\/ld+json\" class=\"yoast-schema-graph\">{\"@context\":\"https:\/\/schema.org\",\"@graph\":[{\"@type\":\"WebPage\",\"@id\":\"https:\/\/www.movacolor.com\/de\/technologie\/volumetrisch\/\",\"url\":\"https:\/\/www.movacolor.com\/de\/technologie\/volumetrisch\/\",\"name\":\"Volumetrische Dosierung f\u00fcr Spritzguss und Extrusion\",\"isPartOf\":{\"@id\":\"https:\/\/www.movacolor.com\/de\/#website\"},\"primaryImageOfPage\":{\"@id\":\"https:\/\/www.movacolor.com\/de\/technologie\/volumetrisch\/#primaryimage\"},\"image\":{\"@id\":\"https:\/\/www.movacolor.com\/de\/technologie\/volumetrisch\/#primaryimage\"},\"thumbnailUrl\":\"https:\/\/www.movacolor.com\/wp-content\/uploads\/2023\/03\/Assembly-1-scaled.jpg\",\"datePublished\":\"2023-01-03T10:33:35+00:00\",\"dateModified\":\"2024-02-09T18:20:44+00:00\",\"description\":\"Pr\u00e4zise volumetrische Dosiersysteme von Movacolor f\u00fcr Extrusion und Spritzguss. Ideal f\u00fcr PET, Kappen, Spielzeug und mehr. Entdecken Sie unsere Modelle!\",\"breadcrumb\":{\"@id\":\"https:\/\/www.movacolor.com\/de\/technologie\/volumetrisch\/#breadcrumb\"},\"inLanguage\":\"de\",\"potentialAction\":[{\"@type\":\"ReadAction\",\"target\":[\"https:\/\/www.movacolor.com\/de\/technologie\/volumetrisch\/\"]}]},{\"@type\":\"ImageObject\",\"inLanguage\":\"de\",\"@id\":\"https:\/\/www.movacolor.com\/de\/technologie\/volumetrisch\/#primaryimage\",\"url\":\"https:\/\/www.movacolor.com\/wp-content\/uploads\/2023\/03\/Assembly-1-scaled.jpg\",\"contentUrl\":\"https:\/\/www.movacolor.com\/wp-content\/uploads\/2023\/03\/Assembly-1-scaled.jpg\",\"width\":2560,\"height\":1707},{\"@type\":\"BreadcrumbList\",\"@id\":\"https:\/\/www.movacolor.com\/de\/technologie\/volumetrisch\/#breadcrumb\",\"itemListElement\":[{\"@type\":\"ListItem\",\"position\":1,\"name\":\"Home\",\"item\":\"https:\/\/www.movacolor.com\/de\/\"},{\"@type\":\"ListItem\",\"position\":2,\"name\":\"Technologie\",\"item\":\"https:\/\/www.movacolor.com\/de\/technologie\/\"},{\"@type\":\"ListItem\",\"position\":3,\"name\":\"Volumetrisch\"}]},{\"@type\":\"WebSite\",\"@id\":\"https:\/\/www.movacolor.com\/de\/#website\",\"url\":\"https:\/\/www.movacolor.com\/de\/\",\"name\":\"Movacolor\",\"description\":\"modular dosing solutions\",\"potentialAction\":[{\"@type\":\"SearchAction\",\"target\":{\"@type\":\"EntryPoint\",\"urlTemplate\":\"https:\/\/www.movacolor.com\/de\/?s={search_term_string}\"},\"query-input\":{\"@type\":\"PropertyValueSpecification\",\"valueRequired\":true,\"valueName\":\"search_term_string\"}}],\"inLanguage\":\"de\"}]}<\/script>\n<!-- \/ Yoast SEO plugin. -->","yoast_head_json":{"title":"Volumetrische Dosierung f\u00fcr Spritzguss und Extrusion","description":"Pr\u00e4zise volumetrische Dosiersysteme von Movacolor f\u00fcr Extrusion und Spritzguss. Ideal f\u00fcr PET, Kappen, Spielzeug und mehr. Entdecken Sie unsere Modelle!","robots":{"index":"index","follow":"follow","max-snippet":"max-snippet:-1","max-image-preview":"max-image-preview:large","max-video-preview":"max-video-preview:-1"},"canonical":"https:\/\/www.movacolor.com\/de\/technologie\/volumetrisch\/","og_locale":"de_DE","og_type":"article","og_title":"Volumetrische Dosierung f\u00fcr Spritzguss und Extrusion","og_description":"Pr\u00e4zise volumetrische Dosiersysteme von Movacolor f\u00fcr Extrusion und Spritzguss. Ideal f\u00fcr PET, Kappen, Spielzeug und mehr. Entdecken Sie unsere Modelle!","og_url":"https:\/\/www.movacolor.com\/de\/technologie\/volumetrisch\/","og_site_name":"Movacolor","article_modified_time":"2024-02-09T18:20:44+00:00","og_image":[{"width":2560,"height":1707,"url":"https:\/\/www.movacolor.com\/wp-content\/uploads\/2023\/03\/Assembly-1-scaled.jpg","type":"image\/jpeg"}],"twitter_card":"summary_large_image","twitter_misc":{"Gesch\u00e4tzte Lesezeit":"1\u00a0Minute"},"schema":{"@context":"https:\/\/schema.org","@graph":[{"@type":"WebPage","@id":"https:\/\/www.movacolor.com\/de\/technologie\/volumetrisch\/","url":"https:\/\/www.movacolor.com\/de\/technologie\/volumetrisch\/","name":"Volumetrische Dosierung f\u00fcr Spritzguss und Extrusion","isPartOf":{"@id":"https:\/\/www.movacolor.com\/de\/#website"},"primaryImageOfPage":{"@id":"https:\/\/www.movacolor.com\/de\/technologie\/volumetrisch\/#primaryimage"},"image":{"@id":"https:\/\/www.movacolor.com\/de\/technologie\/volumetrisch\/#primaryimage"},"thumbnailUrl":"https:\/\/www.movacolor.com\/wp-content\/uploads\/2023\/03\/Assembly-1-scaled.jpg","datePublished":"2023-01-03T10:33:35+00:00","dateModified":"2024-02-09T18:20:44+00:00","description":"Pr\u00e4zise volumetrische Dosiersysteme von Movacolor f\u00fcr Extrusion und Spritzguss. Ideal f\u00fcr PET, Kappen, Spielzeug und mehr. Entdecken Sie unsere Modelle!","breadcrumb":{"@id":"https:\/\/www.movacolor.com\/de\/technologie\/volumetrisch\/#breadcrumb"},"inLanguage":"de","potentialAction":[{"@type":"ReadAction","target":["https:\/\/www.movacolor.com\/de\/technologie\/volumetrisch\/"]}]},{"@type":"ImageObject","inLanguage":"de","@id":"https:\/\/www.movacolor.com\/de\/technologie\/volumetrisch\/#primaryimage","url":"https:\/\/www.movacolor.com\/wp-content\/uploads\/2023\/03\/Assembly-1-scaled.jpg","contentUrl":"https:\/\/www.movacolor.com\/wp-content\/uploads\/2023\/03\/Assembly-1-scaled.jpg","width":2560,"height":1707},{"@type":"BreadcrumbList","@id":"https:\/\/www.movacolor.com\/de\/technologie\/volumetrisch\/#breadcrumb","itemListElement":[{"@type":"ListItem","position":1,"name":"Home","item":"https:\/\/www.movacolor.com\/de\/"},{"@type":"ListItem","position":2,"name":"Technologie","item":"https:\/\/www.movacolor.com\/de\/technologie\/"},{"@type":"ListItem","position":3,"name":"Volumetrisch"}]},{"@type":"WebSite","@id":"https:\/\/www.movacolor.com\/de\/#website","url":"https:\/\/www.movacolor.com\/de\/","name":"Movacolor","description":"modular dosing solutions","potentialAction":[{"@type":"SearchAction","target":{"@type":"EntryPoint","urlTemplate":"https:\/\/www.movacolor.com\/de\/?s={search_term_string}"},"query-input":{"@type":"PropertyValueSpecification","valueRequired":true,"valueName":"search_term_string"}}],"inLanguage":"de"}]}},"_links":{"self":[{"href":"https:\/\/www.movacolor.com\/de\/wp-json\/wp\/v2\/pages\/6113","targetHints":{"allow":["GET"]}}],"collection":[{"href":"https:\/\/www.movacolor.com\/de\/wp-json\/wp\/v2\/pages"}],"about":[{"href":"https:\/\/www.movacolor.com\/de\/wp-json\/wp\/v2\/types\/page"}],"author":[{"embeddable":true,"href":"https:\/\/www.movacolor.com\/de\/wp-json\/wp\/v2\/users\/2"}],"replies":[{"embeddable":true,"href":"https:\/\/www.movacolor.com\/de\/wp-json\/wp\/v2\/comments?post=6113"}],"version-history":[{"count":3,"href":"https:\/\/www.movacolor.com\/de\/wp-json\/wp\/v2\/pages\/6113\/revisions"}],"predecessor-version":[{"id":17119,"href":"https:\/\/www.movacolor.com\/de\/wp-json\/wp\/v2\/pages\/6113\/revisions\/17119"}],"up":[{"embeddable":true,"href":"https:\/\/www.movacolor.com\/de\/wp-json\/wp\/v2\/pages\/6106"}],"wp:featuredmedia":[{"embeddable":true,"href":"https:\/\/www.movacolor.com\/de\/wp-json\/wp\/v2\/media\/2999"}],"wp:attachment":[{"href":"https:\/\/www.movacolor.com\/de\/wp-json\/wp\/v2\/media?parent=6113"}],"curies":[{"name":"wp","href":"https:\/\/api.w.org\/{rel}","templated":true}]}}