{"id":6112,"date":"2023-01-03T12:34:06","date_gmt":"2023-01-03T10:34:06","guid":{"rendered":"https:\/\/www.movacolor.com\/technologie\/optometrisch\/"},"modified":"2024-02-09T19:03:34","modified_gmt":"2024-02-09T17:03:34","slug":"optometrisch","status":"publish","type":"page","link":"https:\/\/www.movacolor.com\/de\/technologie\/optometrisch\/","title":{"rendered":"Optometrisch"},"content":{"rendered":"<p>Die optometrische Dosiertechnologie von Movacolor ist einzigartig in der Welt der Dosierung. Die optometrische Dosiereinheit ist mit einem optischen Sensor ausgestattet, der die Masterbatch-St\u00fccke buchst\u00e4blich Pellet f\u00fcr Pellet z\u00e4hlt. Mit diesem Durchbruch sind wir in der Lage, mit geringeren Kapazit\u00e4ten noch genauer zu dosieren.<\/p>\n<h3><strong>Optometrische Dosieranlagen f\u00fcr kleine hochpr\u00e4zise Endprodukte<\/strong><\/h3>\n<p>Die optometrische Dosiertechnologie wurde von Movacolor speziell f\u00fcr die Herstellung von ultrakleinen, hochpr\u00e4zisen Endprodukten auf Mikro-Spritzgie\u00dfmaschinen und Mikro-Extrudern entwickelt. Schussgewichte von weniger als 1 Gramm sind dabei keine Ausnahme. Aufgrund der engen Toleranzen bei den hochpr\u00e4zisen Endprodukten und der begrenzten Mischkapazit\u00e4ten dieser kleinen Spritzgie\u00dfmaschinen und Extruder wird f\u00fcr diese hochpr\u00e4zisen Anwendungen in den meisten F\u00e4llen vorgemischtes Material verwendet.<\/p>\n<p>Diese speziell hergestellten Vormischungen sind aufgrund der kleinen Produktionscharge enorm teuer. Aus diesem Grund haben die Ingenieure von Movacolor die optometrische Dosiertechnologie entwickelt. Dieses hochpr\u00e4zise, patentierte Dosiersystem erm\u00f6glicht hohe Kostensenkungen durch die Verwendung von Standard-Neuware und einer Masterbatch- oder Additiv-Dosierung auf den Mikro-Spritzgie\u00dfmaschinen und Mikro-Extrudern.<\/p>\n","protected":false},"excerpt":{"rendered":"<p>Die optometrische Dosiertechnologie von Movacolor ist einzigartig in der Welt der Dosierung. Die optometrische Dosiereinheit ist mit einem optischen Sensor ausgestattet, der die Masterbatch-St\u00fccke buchst\u00e4blich Pellet f\u00fcr Pellet z\u00e4hlt. Mit diesem Durchbruch sind wir in der Lage, mit geringeren Kapazit\u00e4ten noch genauer zu dosieren. Optometrische Dosieranlagen f\u00fcr kleine hochpr\u00e4zise Endprodukte Die optometrische Dosiertechnologie wurde von&#8230;<\/p>\n","protected":false},"author":2,"featured_media":3013,"parent":6106,"menu_order":0,"comment_status":"closed","ping_status":"closed","template":"","meta":{"_acf_changed":false,"footnotes":""},"class_list":["post-6112","page","type-page","status-publish","has-post-thumbnail","hentry","us_portfolio_tag-optometrisch"],"acf":[],"yoast_head":"<!-- This site is optimized with the Yoast SEO plugin v26.4 - https:\/\/yoast.com\/wordpress\/plugins\/seo\/ -->\n<title>Optometrische Dosierung f\u00fcr hohe Pr\u00e4zision bei Mikro-Spritzguss und Extrusion<\/title>\n<meta name=\"description\" content=\"Einzigartige optometrische Dosiertechnologie von Movacolor f\u00fcr pr\u00e4zise Dosierung bei kleinen Endprodukten. Kosteneffizient auf Mikro-Spritzgie\u00dfmaschinen.\" \/>\n<meta name=\"robots\" content=\"index, follow, max-snippet:-1, max-image-preview:large, max-video-preview:-1\" \/>\n<link rel=\"canonical\" href=\"https:\/\/www.movacolor.com\/de\/technologie\/optometrisch\/\" \/>\n<meta property=\"og:locale\" content=\"de_DE\" \/>\n<meta property=\"og:type\" content=\"article\" \/>\n<meta property=\"og:title\" content=\"Optometrische Dosierung f\u00fcr hohe Pr\u00e4zision bei Mikro-Spritzguss und Extrusion\" \/>\n<meta property=\"og:description\" content=\"Einzigartige optometrische Dosiertechnologie von Movacolor f\u00fcr pr\u00e4zise Dosierung bei kleinen Endprodukten. Kosteneffizient auf Mikro-Spritzgie\u00dfmaschinen.\" \/>\n<meta property=\"og:url\" content=\"https:\/\/www.movacolor.com\/de\/technologie\/optometrisch\/\" \/>\n<meta property=\"og:site_name\" content=\"Movacolor\" \/>\n<meta property=\"article:modified_time\" content=\"2024-02-09T17:03:34+00:00\" \/>\n<meta property=\"og:image\" content=\"https:\/\/www.movacolor.com\/wp-content\/uploads\/2023\/03\/Assembly-3-scaled.jpg\" \/>\n\t<meta property=\"og:image:width\" content=\"2560\" \/>\n\t<meta property=\"og:image:height\" content=\"1707\" \/>\n\t<meta property=\"og:image:type\" content=\"image\/jpeg\" \/>\n<meta name=\"twitter:card\" content=\"summary_large_image\" \/>\n<meta name=\"twitter:label1\" content=\"Gesch\u00e4tzte Lesezeit\" \/>\n\t<meta name=\"twitter:data1\" content=\"1\u00a0Minute\" \/>\n<script type=\"application\/ld+json\" class=\"yoast-schema-graph\">{\"@context\":\"https:\/\/schema.org\",\"@graph\":[{\"@type\":\"WebPage\",\"@id\":\"https:\/\/www.movacolor.com\/de\/technologie\/optometrisch\/\",\"url\":\"https:\/\/www.movacolor.com\/de\/technologie\/optometrisch\/\",\"name\":\"Optometrische Dosierung f\u00fcr hohe Pr\u00e4zision bei Mikro-Spritzguss und Extrusion\",\"isPartOf\":{\"@id\":\"https:\/\/www.movacolor.com\/de\/#website\"},\"primaryImageOfPage\":{\"@id\":\"https:\/\/www.movacolor.com\/de\/technologie\/optometrisch\/#primaryimage\"},\"image\":{\"@id\":\"https:\/\/www.movacolor.com\/de\/technologie\/optometrisch\/#primaryimage\"},\"thumbnailUrl\":\"https:\/\/www.movacolor.com\/wp-content\/uploads\/2023\/03\/Assembly-3-scaled.jpg\",\"datePublished\":\"2023-01-03T10:34:06+00:00\",\"dateModified\":\"2024-02-09T17:03:34+00:00\",\"description\":\"Einzigartige optometrische Dosiertechnologie von Movacolor f\u00fcr pr\u00e4zise Dosierung bei kleinen Endprodukten. Kosteneffizient auf Mikro-Spritzgie\u00dfmaschinen.\",\"breadcrumb\":{\"@id\":\"https:\/\/www.movacolor.com\/de\/technologie\/optometrisch\/#breadcrumb\"},\"inLanguage\":\"de\",\"potentialAction\":[{\"@type\":\"ReadAction\",\"target\":[\"https:\/\/www.movacolor.com\/de\/technologie\/optometrisch\/\"]}]},{\"@type\":\"ImageObject\",\"inLanguage\":\"de\",\"@id\":\"https:\/\/www.movacolor.com\/de\/technologie\/optometrisch\/#primaryimage\",\"url\":\"https:\/\/www.movacolor.com\/wp-content\/uploads\/2023\/03\/Assembly-3-scaled.jpg\",\"contentUrl\":\"https:\/\/www.movacolor.com\/wp-content\/uploads\/2023\/03\/Assembly-3-scaled.jpg\",\"width\":2560,\"height\":1707},{\"@type\":\"BreadcrumbList\",\"@id\":\"https:\/\/www.movacolor.com\/de\/technologie\/optometrisch\/#breadcrumb\",\"itemListElement\":[{\"@type\":\"ListItem\",\"position\":1,\"name\":\"Home\",\"item\":\"https:\/\/www.movacolor.com\/de\/\"},{\"@type\":\"ListItem\",\"position\":2,\"name\":\"Technologie\",\"item\":\"https:\/\/www.movacolor.com\/de\/technologie\/\"},{\"@type\":\"ListItem\",\"position\":3,\"name\":\"Optometrisch\"}]},{\"@type\":\"WebSite\",\"@id\":\"https:\/\/www.movacolor.com\/de\/#website\",\"url\":\"https:\/\/www.movacolor.com\/de\/\",\"name\":\"Movacolor\",\"description\":\"modular dosing solutions\",\"potentialAction\":[{\"@type\":\"SearchAction\",\"target\":{\"@type\":\"EntryPoint\",\"urlTemplate\":\"https:\/\/www.movacolor.com\/de\/?s={search_term_string}\"},\"query-input\":{\"@type\":\"PropertyValueSpecification\",\"valueRequired\":true,\"valueName\":\"search_term_string\"}}],\"inLanguage\":\"de\"}]}<\/script>\n<!-- \/ Yoast SEO plugin. -->","yoast_head_json":{"title":"Optometrische Dosierung f\u00fcr hohe Pr\u00e4zision bei Mikro-Spritzguss und Extrusion","description":"Einzigartige optometrische Dosiertechnologie von Movacolor f\u00fcr pr\u00e4zise Dosierung bei kleinen Endprodukten. Kosteneffizient auf Mikro-Spritzgie\u00dfmaschinen.","robots":{"index":"index","follow":"follow","max-snippet":"max-snippet:-1","max-image-preview":"max-image-preview:large","max-video-preview":"max-video-preview:-1"},"canonical":"https:\/\/www.movacolor.com\/de\/technologie\/optometrisch\/","og_locale":"de_DE","og_type":"article","og_title":"Optometrische Dosierung f\u00fcr hohe Pr\u00e4zision bei Mikro-Spritzguss und Extrusion","og_description":"Einzigartige optometrische Dosiertechnologie von Movacolor f\u00fcr pr\u00e4zise Dosierung bei kleinen Endprodukten. Kosteneffizient auf Mikro-Spritzgie\u00dfmaschinen.","og_url":"https:\/\/www.movacolor.com\/de\/technologie\/optometrisch\/","og_site_name":"Movacolor","article_modified_time":"2024-02-09T17:03:34+00:00","og_image":[{"width":2560,"height":1707,"url":"https:\/\/www.movacolor.com\/wp-content\/uploads\/2023\/03\/Assembly-3-scaled.jpg","type":"image\/jpeg"}],"twitter_card":"summary_large_image","twitter_misc":{"Gesch\u00e4tzte Lesezeit":"1\u00a0Minute"},"schema":{"@context":"https:\/\/schema.org","@graph":[{"@type":"WebPage","@id":"https:\/\/www.movacolor.com\/de\/technologie\/optometrisch\/","url":"https:\/\/www.movacolor.com\/de\/technologie\/optometrisch\/","name":"Optometrische Dosierung f\u00fcr hohe Pr\u00e4zision bei Mikro-Spritzguss und Extrusion","isPartOf":{"@id":"https:\/\/www.movacolor.com\/de\/#website"},"primaryImageOfPage":{"@id":"https:\/\/www.movacolor.com\/de\/technologie\/optometrisch\/#primaryimage"},"image":{"@id":"https:\/\/www.movacolor.com\/de\/technologie\/optometrisch\/#primaryimage"},"thumbnailUrl":"https:\/\/www.movacolor.com\/wp-content\/uploads\/2023\/03\/Assembly-3-scaled.jpg","datePublished":"2023-01-03T10:34:06+00:00","dateModified":"2024-02-09T17:03:34+00:00","description":"Einzigartige optometrische Dosiertechnologie von Movacolor f\u00fcr pr\u00e4zise Dosierung bei kleinen Endprodukten. Kosteneffizient auf Mikro-Spritzgie\u00dfmaschinen.","breadcrumb":{"@id":"https:\/\/www.movacolor.com\/de\/technologie\/optometrisch\/#breadcrumb"},"inLanguage":"de","potentialAction":[{"@type":"ReadAction","target":["https:\/\/www.movacolor.com\/de\/technologie\/optometrisch\/"]}]},{"@type":"ImageObject","inLanguage":"de","@id":"https:\/\/www.movacolor.com\/de\/technologie\/optometrisch\/#primaryimage","url":"https:\/\/www.movacolor.com\/wp-content\/uploads\/2023\/03\/Assembly-3-scaled.jpg","contentUrl":"https:\/\/www.movacolor.com\/wp-content\/uploads\/2023\/03\/Assembly-3-scaled.jpg","width":2560,"height":1707},{"@type":"BreadcrumbList","@id":"https:\/\/www.movacolor.com\/de\/technologie\/optometrisch\/#breadcrumb","itemListElement":[{"@type":"ListItem","position":1,"name":"Home","item":"https:\/\/www.movacolor.com\/de\/"},{"@type":"ListItem","position":2,"name":"Technologie","item":"https:\/\/www.movacolor.com\/de\/technologie\/"},{"@type":"ListItem","position":3,"name":"Optometrisch"}]},{"@type":"WebSite","@id":"https:\/\/www.movacolor.com\/de\/#website","url":"https:\/\/www.movacolor.com\/de\/","name":"Movacolor","description":"modular dosing solutions","potentialAction":[{"@type":"SearchAction","target":{"@type":"EntryPoint","urlTemplate":"https:\/\/www.movacolor.com\/de\/?s={search_term_string}"},"query-input":{"@type":"PropertyValueSpecification","valueRequired":true,"valueName":"search_term_string"}}],"inLanguage":"de"}]}},"_links":{"self":[{"href":"https:\/\/www.movacolor.com\/de\/wp-json\/wp\/v2\/pages\/6112","targetHints":{"allow":["GET"]}}],"collection":[{"href":"https:\/\/www.movacolor.com\/de\/wp-json\/wp\/v2\/pages"}],"about":[{"href":"https:\/\/www.movacolor.com\/de\/wp-json\/wp\/v2\/types\/page"}],"author":[{"embeddable":true,"href":"https:\/\/www.movacolor.com\/de\/wp-json\/wp\/v2\/users\/2"}],"replies":[{"embeddable":true,"href":"https:\/\/www.movacolor.com\/de\/wp-json\/wp\/v2\/comments?post=6112"}],"version-history":[{"count":2,"href":"https:\/\/www.movacolor.com\/de\/wp-json\/wp\/v2\/pages\/6112\/revisions"}],"predecessor-version":[{"id":7312,"href":"https:\/\/www.movacolor.com\/de\/wp-json\/wp\/v2\/pages\/6112\/revisions\/7312"}],"up":[{"embeddable":true,"href":"https:\/\/www.movacolor.com\/de\/wp-json\/wp\/v2\/pages\/6106"}],"wp:featuredmedia":[{"embeddable":true,"href":"https:\/\/www.movacolor.com\/de\/wp-json\/wp\/v2\/media\/3013"}],"wp:attachment":[{"href":"https:\/\/www.movacolor.com\/de\/wp-json\/wp\/v2\/media?parent=6112"}],"curies":[{"name":"wp","href":"https:\/\/api.w.org\/{rel}","templated":true}]}}