{"id":6104,"date":"2023-01-03T12:38:08","date_gmt":"2023-01-03T10:38:08","guid":{"rendered":"https:\/\/www.movacolor.com\/anwendungen\/haushalt\/"},"modified":"2024-02-09T20:41:46","modified_gmt":"2024-02-09T18:41:46","slug":"haushalt","status":"publish","type":"page","link":"https:\/\/www.movacolor.com\/de\/anwendungen\/haushalt\/","title":{"rendered":"Haushalt"},"content":{"rendered":"<p>Fertigen Sie Haushaltsger\u00e4te mit einer Spritzgie\u00dfmaschine oder einem Folienblas-Extruder? Dann wissen Sie auch schon, dass Sie ein stabiles Dosierger\u00e4t ben\u00f6tigen, dasMasterbatch, Pulver, Regenerat oder Fl\u00fcssigkeiten sehr genau mischt. Die konstant hohe Qualit\u00e4t der Haushaltsger\u00e4te ist f\u00fcr die Hersteller von Kunststoffger\u00e4ten in der ganzen Welt unerl\u00e4sslich.<\/p>\n<p>Movacolor bietet dieses Niveau der Regelung in einem umfangreichen Produktprogramm an gravimetrischen und volumetrischen Dosierger\u00e4ten, die einzeln oder in einem Mehrkomponentensystem eingesetzt werden k\u00f6nnen. Gravimetrische Ger\u00e4te, Ein- oder Mehrkomponenten, mit wahlweise geschlossener Regeneratdosierung, lassen sich \u00fcber den Touchscreen Controller leicht bedienen.<\/p>\n<p>Beim Entwickeln von Dosierger\u00e4ten denken wir bei Movacolor stets daran, dass die leichte Bedienbarkeit f\u00fcr das Personal weltweit sehr wichtig ist. Mit unseren Ger\u00e4ten sind Farbwechsel innerhalb von 60 Sekunden m\u00f6glich, und der modulare Entwurf gestattet bei Bedarf eine schnelle und leichte Aufr\u00fcstung.<\/p>\n","protected":false},"excerpt":{"rendered":"<p>Fertigen Sie Haushaltsger\u00e4te mit einer Spritzgie\u00dfmaschine oder einem Folienblas-Extruder? Dann wissen Sie auch schon, dass Sie ein stabiles Dosierger\u00e4t ben\u00f6tigen, dasMasterbatch, Pulver, Regenerat oder Fl\u00fcssigkeiten sehr genau mischt. Die konstant hohe Qualit\u00e4t der Haushaltsger\u00e4te ist f\u00fcr die Hersteller von Kunststoffger\u00e4ten in der ganzen Welt unerl\u00e4sslich. Movacolor bietet dieses Niveau der Regelung in einem umfangreichen Produktprogramm&#8230;<\/p>\n","protected":false},"author":2,"featured_media":3252,"parent":4368,"menu_order":0,"comment_status":"closed","ping_status":"closed","template":"","meta":{"_acf_changed":false,"footnotes":""},"class_list":["post-6104","page","type-page","status-publish","has-post-thumbnail","hentry","us_portfolio_tag-haushalt"],"acf":[],"yoast_head":"<!-- This site is optimized with the Yoast SEO plugin v26.4 - https:\/\/yoast.com\/wordpress\/plugins\/seo\/ -->\n<title>Haushalt - Movacolor<\/title>\n<meta name=\"description\" content=\"Pr\u00e4zise Dosierung f\u00fcr Haushaltsger\u00e4tehersteller. Movacolor bietet einfache Bedienung, schnelle Farbwechsel und Qualit\u00e4tskontrolle.\" \/>\n<meta name=\"robots\" content=\"index, follow, max-snippet:-1, max-image-preview:large, max-video-preview:-1\" \/>\n<link rel=\"canonical\" href=\"https:\/\/www.movacolor.com\/de\/anwendungen\/haushalt\/\" \/>\n<meta property=\"og:locale\" content=\"de_DE\" \/>\n<meta property=\"og:type\" content=\"article\" \/>\n<meta property=\"og:title\" content=\"Haushalt - Movacolor\" \/>\n<meta property=\"og:description\" content=\"Pr\u00e4zise Dosierung f\u00fcr Haushaltsger\u00e4tehersteller. Movacolor bietet einfache Bedienung, schnelle Farbwechsel und Qualit\u00e4tskontrolle.\" \/>\n<meta property=\"og:url\" content=\"https:\/\/www.movacolor.com\/de\/anwendungen\/haushalt\/\" \/>\n<meta property=\"og:site_name\" content=\"Movacolor\" \/>\n<meta property=\"article:modified_time\" content=\"2024-02-09T18:41:46+00:00\" \/>\n<meta property=\"og:image\" content=\"https:\/\/www.movacolor.com\/wp-content\/uploads\/2023\/03\/Household.jpg\" \/>\n\t<meta property=\"og:image:width\" content=\"723\" \/>\n\t<meta property=\"og:image:height\" content=\"664\" \/>\n\t<meta property=\"og:image:type\" content=\"image\/jpeg\" \/>\n<meta name=\"twitter:card\" content=\"summary_large_image\" \/>\n<meta name=\"twitter:label1\" content=\"Gesch\u00e4tzte Lesezeit\" \/>\n\t<meta name=\"twitter:data1\" content=\"1\u00a0Minute\" \/>\n<script type=\"application\/ld+json\" class=\"yoast-schema-graph\">{\"@context\":\"https:\/\/schema.org\",\"@graph\":[{\"@type\":\"WebPage\",\"@id\":\"https:\/\/www.movacolor.com\/de\/anwendungen\/haushalt\/\",\"url\":\"https:\/\/www.movacolor.com\/de\/anwendungen\/haushalt\/\",\"name\":\"Haushalt - Movacolor\",\"isPartOf\":{\"@id\":\"https:\/\/www.movacolor.com\/de\/#website\"},\"primaryImageOfPage\":{\"@id\":\"https:\/\/www.movacolor.com\/de\/anwendungen\/haushalt\/#primaryimage\"},\"image\":{\"@id\":\"https:\/\/www.movacolor.com\/de\/anwendungen\/haushalt\/#primaryimage\"},\"thumbnailUrl\":\"https:\/\/www.movacolor.com\/wp-content\/uploads\/2023\/03\/Household.jpg\",\"datePublished\":\"2023-01-03T10:38:08+00:00\",\"dateModified\":\"2024-02-09T18:41:46+00:00\",\"description\":\"Pr\u00e4zise Dosierung f\u00fcr Haushaltsger\u00e4tehersteller. Movacolor bietet einfache Bedienung, schnelle Farbwechsel und Qualit\u00e4tskontrolle.\",\"breadcrumb\":{\"@id\":\"https:\/\/www.movacolor.com\/de\/anwendungen\/haushalt\/#breadcrumb\"},\"inLanguage\":\"de\",\"potentialAction\":[{\"@type\":\"ReadAction\",\"target\":[\"https:\/\/www.movacolor.com\/de\/anwendungen\/haushalt\/\"]}]},{\"@type\":\"ImageObject\",\"inLanguage\":\"de\",\"@id\":\"https:\/\/www.movacolor.com\/de\/anwendungen\/haushalt\/#primaryimage\",\"url\":\"https:\/\/www.movacolor.com\/wp-content\/uploads\/2023\/03\/Household.jpg\",\"contentUrl\":\"https:\/\/www.movacolor.com\/wp-content\/uploads\/2023\/03\/Household.jpg\",\"width\":723,\"height\":664,\"caption\":\"Household\"},{\"@type\":\"BreadcrumbList\",\"@id\":\"https:\/\/www.movacolor.com\/de\/anwendungen\/haushalt\/#breadcrumb\",\"itemListElement\":[{\"@type\":\"ListItem\",\"position\":1,\"name\":\"Home\",\"item\":\"https:\/\/www.movacolor.com\/de\/\"},{\"@type\":\"ListItem\",\"position\":2,\"name\":\"Anwendungen\",\"item\":\"https:\/\/www.movacolor.com\/de\/anwendungen\/\"},{\"@type\":\"ListItem\",\"position\":3,\"name\":\"Haushalt\"}]},{\"@type\":\"WebSite\",\"@id\":\"https:\/\/www.movacolor.com\/de\/#website\",\"url\":\"https:\/\/www.movacolor.com\/de\/\",\"name\":\"Movacolor\",\"description\":\"modular dosing solutions\",\"potentialAction\":[{\"@type\":\"SearchAction\",\"target\":{\"@type\":\"EntryPoint\",\"urlTemplate\":\"https:\/\/www.movacolor.com\/de\/?s={search_term_string}\"},\"query-input\":{\"@type\":\"PropertyValueSpecification\",\"valueRequired\":true,\"valueName\":\"search_term_string\"}}],\"inLanguage\":\"de\"}]}<\/script>\n<!-- \/ Yoast SEO plugin. -->","yoast_head_json":{"title":"Haushalt - Movacolor","description":"Pr\u00e4zise Dosierung f\u00fcr Haushaltsger\u00e4tehersteller. Movacolor bietet einfache Bedienung, schnelle Farbwechsel und Qualit\u00e4tskontrolle.","robots":{"index":"index","follow":"follow","max-snippet":"max-snippet:-1","max-image-preview":"max-image-preview:large","max-video-preview":"max-video-preview:-1"},"canonical":"https:\/\/www.movacolor.com\/de\/anwendungen\/haushalt\/","og_locale":"de_DE","og_type":"article","og_title":"Haushalt - Movacolor","og_description":"Pr\u00e4zise Dosierung f\u00fcr Haushaltsger\u00e4tehersteller. Movacolor bietet einfache Bedienung, schnelle Farbwechsel und Qualit\u00e4tskontrolle.","og_url":"https:\/\/www.movacolor.com\/de\/anwendungen\/haushalt\/","og_site_name":"Movacolor","article_modified_time":"2024-02-09T18:41:46+00:00","og_image":[{"width":723,"height":664,"url":"https:\/\/www.movacolor.com\/wp-content\/uploads\/2023\/03\/Household.jpg","type":"image\/jpeg"}],"twitter_card":"summary_large_image","twitter_misc":{"Gesch\u00e4tzte Lesezeit":"1\u00a0Minute"},"schema":{"@context":"https:\/\/schema.org","@graph":[{"@type":"WebPage","@id":"https:\/\/www.movacolor.com\/de\/anwendungen\/haushalt\/","url":"https:\/\/www.movacolor.com\/de\/anwendungen\/haushalt\/","name":"Haushalt - Movacolor","isPartOf":{"@id":"https:\/\/www.movacolor.com\/de\/#website"},"primaryImageOfPage":{"@id":"https:\/\/www.movacolor.com\/de\/anwendungen\/haushalt\/#primaryimage"},"image":{"@id":"https:\/\/www.movacolor.com\/de\/anwendungen\/haushalt\/#primaryimage"},"thumbnailUrl":"https:\/\/www.movacolor.com\/wp-content\/uploads\/2023\/03\/Household.jpg","datePublished":"2023-01-03T10:38:08+00:00","dateModified":"2024-02-09T18:41:46+00:00","description":"Pr\u00e4zise Dosierung f\u00fcr Haushaltsger\u00e4tehersteller. Movacolor bietet einfache Bedienung, schnelle Farbwechsel und Qualit\u00e4tskontrolle.","breadcrumb":{"@id":"https:\/\/www.movacolor.com\/de\/anwendungen\/haushalt\/#breadcrumb"},"inLanguage":"de","potentialAction":[{"@type":"ReadAction","target":["https:\/\/www.movacolor.com\/de\/anwendungen\/haushalt\/"]}]},{"@type":"ImageObject","inLanguage":"de","@id":"https:\/\/www.movacolor.com\/de\/anwendungen\/haushalt\/#primaryimage","url":"https:\/\/www.movacolor.com\/wp-content\/uploads\/2023\/03\/Household.jpg","contentUrl":"https:\/\/www.movacolor.com\/wp-content\/uploads\/2023\/03\/Household.jpg","width":723,"height":664,"caption":"Household"},{"@type":"BreadcrumbList","@id":"https:\/\/www.movacolor.com\/de\/anwendungen\/haushalt\/#breadcrumb","itemListElement":[{"@type":"ListItem","position":1,"name":"Home","item":"https:\/\/www.movacolor.com\/de\/"},{"@type":"ListItem","position":2,"name":"Anwendungen","item":"https:\/\/www.movacolor.com\/de\/anwendungen\/"},{"@type":"ListItem","position":3,"name":"Haushalt"}]},{"@type":"WebSite","@id":"https:\/\/www.movacolor.com\/de\/#website","url":"https:\/\/www.movacolor.com\/de\/","name":"Movacolor","description":"modular dosing solutions","potentialAction":[{"@type":"SearchAction","target":{"@type":"EntryPoint","urlTemplate":"https:\/\/www.movacolor.com\/de\/?s={search_term_string}"},"query-input":{"@type":"PropertyValueSpecification","valueRequired":true,"valueName":"search_term_string"}}],"inLanguage":"de"}]}},"_links":{"self":[{"href":"https:\/\/www.movacolor.com\/de\/wp-json\/wp\/v2\/pages\/6104","targetHints":{"allow":["GET"]}}],"collection":[{"href":"https:\/\/www.movacolor.com\/de\/wp-json\/wp\/v2\/pages"}],"about":[{"href":"https:\/\/www.movacolor.com\/de\/wp-json\/wp\/v2\/types\/page"}],"author":[{"embeddable":true,"href":"https:\/\/www.movacolor.com\/de\/wp-json\/wp\/v2\/users\/2"}],"replies":[{"embeddable":true,"href":"https:\/\/www.movacolor.com\/de\/wp-json\/wp\/v2\/comments?post=6104"}],"version-history":[{"count":1,"href":"https:\/\/www.movacolor.com\/de\/wp-json\/wp\/v2\/pages\/6104\/revisions"}],"predecessor-version":[{"id":6181,"href":"https:\/\/www.movacolor.com\/de\/wp-json\/wp\/v2\/pages\/6104\/revisions\/6181"}],"up":[{"embeddable":true,"href":"https:\/\/www.movacolor.com\/de\/wp-json\/wp\/v2\/pages\/4368"}],"wp:featuredmedia":[{"embeddable":true,"href":"https:\/\/www.movacolor.com\/de\/wp-json\/wp\/v2\/media\/3252"}],"wp:attachment":[{"href":"https:\/\/www.movacolor.com\/de\/wp-json\/wp\/v2\/media?parent=6104"}],"curies":[{"name":"wp","href":"https:\/\/api.w.org\/{rel}","templated":true}]}}