{"id":6103,"date":"2023-01-03T12:38:44","date_gmt":"2023-01-03T10:38:44","guid":{"rendered":"https:\/\/www.movacolor.com\/anwendungen\/autoteile\/"},"modified":"2024-02-09T20:49:59","modified_gmt":"2024-02-09T18:49:59","slug":"autoteile","status":"publish","type":"page","link":"https:\/\/www.movacolor.com\/de\/anwendungen\/autoteile\/","title":{"rendered":"Autoteile"},"content":{"rendered":"<p>Brauchen Sie eine hohe Farbqualit\u00e4t beim F\u00e4rben von Kunststoffprodukten f\u00fcr Kraftfahrzeuge? Gravimetrische und volumetrische Dosierger\u00e4te von Movacolor zum Spritzgie\u00dfen und zum Extrudieren bieten die L\u00f6sung. Von den gr\u00f6\u00dften bis zu den kleinsten Kfz-Teilen brauchen Sie die h\u00f6chste Qualit\u00e4tsgarantie beim Dosieren von Masterbatch, Pulver, Regenerat oder fl\u00fcssigen Farbstoffen.<\/p>\n<p>Zu diesem Zweck haben wir eine Vielzahl von Dosierger\u00e4ten entwickelt, die Qualit\u00e4tsgew\u00e4hr und konstante Produktion beim Spitzgie\u00dfen und Extrudieren bieten. Die Dosierzylindertechnik in Kombination mit gut entworfenen Bedienungselementen und einem Schrittmotor garantiert das pr\u00e4zise Dosieren beim Spritzgie\u00dfen von Kfz-Teilen. Das erspart bis zu 50% an Masterbatch, Pulver, Regenerat oder Fl\u00fcssigkeiten und sichert die Produktion hochwertiger Endprodukte.<\/p>\n","protected":false},"excerpt":{"rendered":"<p>Brauchen Sie eine hohe Farbqualit\u00e4t beim F\u00e4rben von Kunststoffprodukten f\u00fcr Kraftfahrzeuge? Gravimetrische und volumetrische Dosierger\u00e4te von Movacolor zum Spritzgie\u00dfen und zum Extrudieren bieten die L\u00f6sung. Von den gr\u00f6\u00dften bis zu den kleinsten Kfz-Teilen brauchen Sie die h\u00f6chste Qualit\u00e4tsgarantie beim Dosieren von Masterbatch, Pulver, Regenerat oder fl\u00fcssigen Farbstoffen. Zu diesem Zweck haben wir eine Vielzahl von&#8230;<\/p>\n","protected":false},"author":2,"featured_media":3226,"parent":4368,"menu_order":0,"comment_status":"closed","ping_status":"closed","template":"","meta":{"_acf_changed":false,"footnotes":""},"class_list":["post-6103","page","type-page","status-publish","has-post-thumbnail","hentry","us_portfolio_tag-autoteile"],"acf":[],"yoast_head":"<!-- This site is optimized with the Yoast SEO plugin v26.4 - https:\/\/yoast.com\/wordpress\/plugins\/seo\/ -->\n<title>Autoteile - Movacolor<\/title>\n<meta name=\"description\" content=\"Garantieren Sie h\u00f6chste Farbqualit\u00e4t f\u00fcr Autoteile mit Movacolor&#039;s Dosierger\u00e4ten. Effizientes Spritzgie\u00dfen und Extrudieren f\u00fcr pr\u00e4zises Dosieren.\" \/>\n<meta name=\"robots\" content=\"index, follow, max-snippet:-1, max-image-preview:large, max-video-preview:-1\" \/>\n<link rel=\"canonical\" href=\"https:\/\/www.movacolor.com\/de\/anwendungen\/autoteile\/\" \/>\n<meta property=\"og:locale\" content=\"de_DE\" \/>\n<meta property=\"og:type\" content=\"article\" \/>\n<meta property=\"og:title\" content=\"Autoteile - Movacolor\" \/>\n<meta property=\"og:description\" content=\"Garantieren Sie h\u00f6chste Farbqualit\u00e4t f\u00fcr Autoteile mit Movacolor&#039;s Dosierger\u00e4ten. Effizientes Spritzgie\u00dfen und Extrudieren f\u00fcr pr\u00e4zises Dosieren.\" \/>\n<meta property=\"og:url\" content=\"https:\/\/www.movacolor.com\/de\/anwendungen\/autoteile\/\" \/>\n<meta property=\"og:site_name\" content=\"Movacolor\" \/>\n<meta property=\"article:modified_time\" content=\"2024-02-09T18:49:59+00:00\" \/>\n<meta property=\"og:image\" content=\"https:\/\/www.movacolor.com\/wp-content\/uploads\/2023\/03\/Automotive.jpg\" \/>\n\t<meta property=\"og:image:width\" content=\"600\" \/>\n\t<meta property=\"og:image:height\" content=\"400\" \/>\n\t<meta property=\"og:image:type\" content=\"image\/jpeg\" \/>\n<meta name=\"twitter:card\" content=\"summary_large_image\" \/>\n<meta name=\"twitter:label1\" content=\"Gesch\u00e4tzte Lesezeit\" \/>\n\t<meta name=\"twitter:data1\" content=\"1\u00a0Minute\" \/>\n<script type=\"application\/ld+json\" class=\"yoast-schema-graph\">{\"@context\":\"https:\/\/schema.org\",\"@graph\":[{\"@type\":\"WebPage\",\"@id\":\"https:\/\/www.movacolor.com\/de\/anwendungen\/autoteile\/\",\"url\":\"https:\/\/www.movacolor.com\/de\/anwendungen\/autoteile\/\",\"name\":\"Autoteile - Movacolor\",\"isPartOf\":{\"@id\":\"https:\/\/www.movacolor.com\/de\/#website\"},\"primaryImageOfPage\":{\"@id\":\"https:\/\/www.movacolor.com\/de\/anwendungen\/autoteile\/#primaryimage\"},\"image\":{\"@id\":\"https:\/\/www.movacolor.com\/de\/anwendungen\/autoteile\/#primaryimage\"},\"thumbnailUrl\":\"https:\/\/www.movacolor.com\/wp-content\/uploads\/2023\/03\/Automotive.jpg\",\"datePublished\":\"2023-01-03T10:38:44+00:00\",\"dateModified\":\"2024-02-09T18:49:59+00:00\",\"description\":\"Garantieren Sie h\u00f6chste Farbqualit\u00e4t f\u00fcr Autoteile mit Movacolor's Dosierger\u00e4ten. Effizientes Spritzgie\u00dfen und Extrudieren f\u00fcr pr\u00e4zises Dosieren.\",\"breadcrumb\":{\"@id\":\"https:\/\/www.movacolor.com\/de\/anwendungen\/autoteile\/#breadcrumb\"},\"inLanguage\":\"de\",\"potentialAction\":[{\"@type\":\"ReadAction\",\"target\":[\"https:\/\/www.movacolor.com\/de\/anwendungen\/autoteile\/\"]}]},{\"@type\":\"ImageObject\",\"inLanguage\":\"de\",\"@id\":\"https:\/\/www.movacolor.com\/de\/anwendungen\/autoteile\/#primaryimage\",\"url\":\"https:\/\/www.movacolor.com\/wp-content\/uploads\/2023\/03\/Automotive.jpg\",\"contentUrl\":\"https:\/\/www.movacolor.com\/wp-content\/uploads\/2023\/03\/Automotive.jpg\",\"width\":600,\"height\":400,\"caption\":\"Automotive\"},{\"@type\":\"BreadcrumbList\",\"@id\":\"https:\/\/www.movacolor.com\/de\/anwendungen\/autoteile\/#breadcrumb\",\"itemListElement\":[{\"@type\":\"ListItem\",\"position\":1,\"name\":\"Home\",\"item\":\"https:\/\/www.movacolor.com\/de\/\"},{\"@type\":\"ListItem\",\"position\":2,\"name\":\"Anwendungen\",\"item\":\"https:\/\/www.movacolor.com\/de\/anwendungen\/\"},{\"@type\":\"ListItem\",\"position\":3,\"name\":\"Autoteile\"}]},{\"@type\":\"WebSite\",\"@id\":\"https:\/\/www.movacolor.com\/de\/#website\",\"url\":\"https:\/\/www.movacolor.com\/de\/\",\"name\":\"Movacolor\",\"description\":\"modular dosing solutions\",\"potentialAction\":[{\"@type\":\"SearchAction\",\"target\":{\"@type\":\"EntryPoint\",\"urlTemplate\":\"https:\/\/www.movacolor.com\/de\/?s={search_term_string}\"},\"query-input\":{\"@type\":\"PropertyValueSpecification\",\"valueRequired\":true,\"valueName\":\"search_term_string\"}}],\"inLanguage\":\"de\"}]}<\/script>\n<!-- \/ Yoast SEO plugin. -->","yoast_head_json":{"title":"Autoteile - Movacolor","description":"Garantieren Sie h\u00f6chste Farbqualit\u00e4t f\u00fcr Autoteile mit Movacolor's Dosierger\u00e4ten. Effizientes Spritzgie\u00dfen und Extrudieren f\u00fcr pr\u00e4zises Dosieren.","robots":{"index":"index","follow":"follow","max-snippet":"max-snippet:-1","max-image-preview":"max-image-preview:large","max-video-preview":"max-video-preview:-1"},"canonical":"https:\/\/www.movacolor.com\/de\/anwendungen\/autoteile\/","og_locale":"de_DE","og_type":"article","og_title":"Autoteile - Movacolor","og_description":"Garantieren Sie h\u00f6chste Farbqualit\u00e4t f\u00fcr Autoteile mit Movacolor's Dosierger\u00e4ten. Effizientes Spritzgie\u00dfen und Extrudieren f\u00fcr pr\u00e4zises Dosieren.","og_url":"https:\/\/www.movacolor.com\/de\/anwendungen\/autoteile\/","og_site_name":"Movacolor","article_modified_time":"2024-02-09T18:49:59+00:00","og_image":[{"width":600,"height":400,"url":"https:\/\/www.movacolor.com\/wp-content\/uploads\/2023\/03\/Automotive.jpg","type":"image\/jpeg"}],"twitter_card":"summary_large_image","twitter_misc":{"Gesch\u00e4tzte Lesezeit":"1\u00a0Minute"},"schema":{"@context":"https:\/\/schema.org","@graph":[{"@type":"WebPage","@id":"https:\/\/www.movacolor.com\/de\/anwendungen\/autoteile\/","url":"https:\/\/www.movacolor.com\/de\/anwendungen\/autoteile\/","name":"Autoteile - Movacolor","isPartOf":{"@id":"https:\/\/www.movacolor.com\/de\/#website"},"primaryImageOfPage":{"@id":"https:\/\/www.movacolor.com\/de\/anwendungen\/autoteile\/#primaryimage"},"image":{"@id":"https:\/\/www.movacolor.com\/de\/anwendungen\/autoteile\/#primaryimage"},"thumbnailUrl":"https:\/\/www.movacolor.com\/wp-content\/uploads\/2023\/03\/Automotive.jpg","datePublished":"2023-01-03T10:38:44+00:00","dateModified":"2024-02-09T18:49:59+00:00","description":"Garantieren Sie h\u00f6chste Farbqualit\u00e4t f\u00fcr Autoteile mit Movacolor's Dosierger\u00e4ten. Effizientes Spritzgie\u00dfen und Extrudieren f\u00fcr pr\u00e4zises Dosieren.","breadcrumb":{"@id":"https:\/\/www.movacolor.com\/de\/anwendungen\/autoteile\/#breadcrumb"},"inLanguage":"de","potentialAction":[{"@type":"ReadAction","target":["https:\/\/www.movacolor.com\/de\/anwendungen\/autoteile\/"]}]},{"@type":"ImageObject","inLanguage":"de","@id":"https:\/\/www.movacolor.com\/de\/anwendungen\/autoteile\/#primaryimage","url":"https:\/\/www.movacolor.com\/wp-content\/uploads\/2023\/03\/Automotive.jpg","contentUrl":"https:\/\/www.movacolor.com\/wp-content\/uploads\/2023\/03\/Automotive.jpg","width":600,"height":400,"caption":"Automotive"},{"@type":"BreadcrumbList","@id":"https:\/\/www.movacolor.com\/de\/anwendungen\/autoteile\/#breadcrumb","itemListElement":[{"@type":"ListItem","position":1,"name":"Home","item":"https:\/\/www.movacolor.com\/de\/"},{"@type":"ListItem","position":2,"name":"Anwendungen","item":"https:\/\/www.movacolor.com\/de\/anwendungen\/"},{"@type":"ListItem","position":3,"name":"Autoteile"}]},{"@type":"WebSite","@id":"https:\/\/www.movacolor.com\/de\/#website","url":"https:\/\/www.movacolor.com\/de\/","name":"Movacolor","description":"modular dosing solutions","potentialAction":[{"@type":"SearchAction","target":{"@type":"EntryPoint","urlTemplate":"https:\/\/www.movacolor.com\/de\/?s={search_term_string}"},"query-input":{"@type":"PropertyValueSpecification","valueRequired":true,"valueName":"search_term_string"}}],"inLanguage":"de"}]}},"_links":{"self":[{"href":"https:\/\/www.movacolor.com\/de\/wp-json\/wp\/v2\/pages\/6103","targetHints":{"allow":["GET"]}}],"collection":[{"href":"https:\/\/www.movacolor.com\/de\/wp-json\/wp\/v2\/pages"}],"about":[{"href":"https:\/\/www.movacolor.com\/de\/wp-json\/wp\/v2\/types\/page"}],"author":[{"embeddable":true,"href":"https:\/\/www.movacolor.com\/de\/wp-json\/wp\/v2\/users\/2"}],"replies":[{"embeddable":true,"href":"https:\/\/www.movacolor.com\/de\/wp-json\/wp\/v2\/comments?post=6103"}],"version-history":[{"count":1,"href":"https:\/\/www.movacolor.com\/de\/wp-json\/wp\/v2\/pages\/6103\/revisions"}],"predecessor-version":[{"id":6180,"href":"https:\/\/www.movacolor.com\/de\/wp-json\/wp\/v2\/pages\/6103\/revisions\/6180"}],"up":[{"embeddable":true,"href":"https:\/\/www.movacolor.com\/de\/wp-json\/wp\/v2\/pages\/4368"}],"wp:featuredmedia":[{"embeddable":true,"href":"https:\/\/www.movacolor.com\/de\/wp-json\/wp\/v2\/media\/3226"}],"wp:attachment":[{"href":"https:\/\/www.movacolor.com\/de\/wp-json\/wp\/v2\/media?parent=6103"}],"curies":[{"name":"wp","href":"https:\/\/api.w.org\/{rel}","templated":true}]}}