{"id":6100,"date":"2023-01-13T15:32:21","date_gmt":"2023-01-13T13:32:21","guid":{"rendered":"https:\/\/www.movacolor.com\/anwendungen\/kabeln\/"},"modified":"2024-02-09T20:36:23","modified_gmt":"2024-02-09T18:36:23","slug":"kabeln","status":"publish","type":"page","link":"https:\/\/www.movacolor.com\/de\/anwendungen\/draht-kabel\/","title":{"rendered":"Draht &#038; Kabel"},"content":{"rendered":"<p>Zum Dosieren von Rohmaterial, wie Pulver oder Granulat, beim Fertigungsverfahren von Kabeln durch Extrudieren, bietet die Dosiertechnologie einen Unterschied bez\u00fcglich der Qualit\u00e4t, der Konsistenz und der Ersparnisse. Die konstante Dosierung von Pulver oder Granulat ist auch wichtig f\u00fcr die Wanddicke der Isolierschicht, und sie spielt eine bedeutende Rolle beim Vorbeugen von Problemen. Movacolor bietet ein vollst\u00e4ndiges Programm an volumetrischen und gravimetrischen Dosierger\u00e4ten, die eine optimale Regelung erm\u00f6glichen.<\/p>\n<p>Die \u00dcberwachung des Fertigungsverfahren beim Extrudieren von Kabeln wird f\u00fcr die Kunststoffproduzenten immer interessanter. Die gravimetrischen Gewichtsabnahmeaufs\u00e4tze bieten die besten \u00dcberwachungsm\u00f6glichkeiten. Angeschlossen an das LAN-Netzwerk, k\u00f6nnen Sie s\u00e4mtliche gravimetrischen Dosierger\u00e4te in der Fabrik auf nur einem einzigen Computer \u00fcberwachen. Das ist das perfekte Instrument, um zu erkennen, was w\u00e4hrend der Nachtschicht geschehen ist.<\/p>\n<p><strong>\u201cMovacolor installierte in unserer Kabelextrusionslinie ihr Multikomponentensystem mit MCWeight und zwei MCBalances. Seitdem verf\u00fcgen wir \u00fcber die vollst\u00e4ndige Information \u00fcber den Verbrauch an Hauptmaterial, Farben und Katalysatoren, und wir sparen ungeheure Mengen an Farben und Katalysator und haben viel weniger Ausschuss.\u201d<\/strong><\/p>\n","protected":false},"excerpt":{"rendered":"<p>Zum Dosieren von Rohmaterial, wie Pulver oder Granulat, beim Fertigungsverfahren von Kabeln durch Extrudieren, bietet die Dosiertechnologie einen Unterschied bez\u00fcglich der Qualit\u00e4t, der Konsistenz und der Ersparnisse. Die konstante Dosierung von Pulver oder Granulat ist auch wichtig f\u00fcr die Wanddicke der Isolierschicht, und sie spielt eine bedeutende Rolle beim Vorbeugen von Problemen. Movacolor bietet ein&#8230;<\/p>\n","protected":false},"author":2,"featured_media":3266,"parent":4368,"menu_order":0,"comment_status":"closed","ping_status":"closed","template":"","meta":{"_acf_changed":false,"footnotes":""},"class_list":["post-6100","page","type-page","status-publish","has-post-thumbnail","hentry","us_portfolio_tag-kabeln"],"acf":[],"yoast_head":"<!-- This site is optimized with the Yoast SEO plugin v26.4 - https:\/\/yoast.com\/wordpress\/plugins\/seo\/ -->\n<title>Draht &amp; Kabel - Movacolor<\/title>\n<meta name=\"description\" content=\"Optimieren Sie Ihre Kabelproduktion mit Movacolor-Ger\u00e4ten. Gravimetrische Kontrolle f\u00fcr Qualit\u00e4t, Konsistenz und Einsparungen beim Extrudieren von Kabeln.\" \/>\n<meta name=\"robots\" content=\"index, follow, max-snippet:-1, max-image-preview:large, max-video-preview:-1\" \/>\n<link rel=\"canonical\" href=\"https:\/\/www.movacolor.com\/de\/anwendungen\/draht-kabel\/\" \/>\n<meta property=\"og:locale\" content=\"de_DE\" \/>\n<meta property=\"og:type\" content=\"article\" \/>\n<meta property=\"og:title\" content=\"Draht &amp; Kabel - Movacolor\" \/>\n<meta property=\"og:description\" content=\"Optimieren Sie Ihre Kabelproduktion mit Movacolor-Ger\u00e4ten. Gravimetrische Kontrolle f\u00fcr Qualit\u00e4t, Konsistenz und Einsparungen beim Extrudieren von Kabeln.\" \/>\n<meta property=\"og:url\" content=\"https:\/\/www.movacolor.com\/de\/anwendungen\/draht-kabel\/\" \/>\n<meta property=\"og:site_name\" content=\"Movacolor\" \/>\n<meta property=\"article:modified_time\" content=\"2024-02-09T18:36:23+00:00\" \/>\n<meta property=\"og:image\" content=\"https:\/\/www.movacolor.com\/wp-content\/uploads\/2023\/03\/8-cables.jpg\" \/>\n\t<meta property=\"og:image:width\" content=\"567\" \/>\n\t<meta property=\"og:image:height\" content=\"847\" \/>\n\t<meta property=\"og:image:type\" content=\"image\/jpeg\" \/>\n<meta name=\"twitter:card\" content=\"summary_large_image\" \/>\n<meta name=\"twitter:label1\" content=\"Gesch\u00e4tzte Lesezeit\" \/>\n\t<meta name=\"twitter:data1\" content=\"1\u00a0Minute\" \/>\n<script type=\"application\/ld+json\" class=\"yoast-schema-graph\">{\"@context\":\"https:\/\/schema.org\",\"@graph\":[{\"@type\":\"WebPage\",\"@id\":\"https:\/\/www.movacolor.com\/de\/anwendungen\/draht-kabel\/\",\"url\":\"https:\/\/www.movacolor.com\/de\/anwendungen\/draht-kabel\/\",\"name\":\"Draht & Kabel - Movacolor\",\"isPartOf\":{\"@id\":\"https:\/\/www.movacolor.com\/de\/#website\"},\"primaryImageOfPage\":{\"@id\":\"https:\/\/www.movacolor.com\/de\/anwendungen\/draht-kabel\/#primaryimage\"},\"image\":{\"@id\":\"https:\/\/www.movacolor.com\/de\/anwendungen\/draht-kabel\/#primaryimage\"},\"thumbnailUrl\":\"https:\/\/www.movacolor.com\/wp-content\/uploads\/2023\/03\/8-cables.jpg\",\"datePublished\":\"2023-01-13T13:32:21+00:00\",\"dateModified\":\"2024-02-09T18:36:23+00:00\",\"description\":\"Optimieren Sie Ihre Kabelproduktion mit Movacolor-Ger\u00e4ten. Gravimetrische Kontrolle f\u00fcr Qualit\u00e4t, Konsistenz und Einsparungen beim Extrudieren von Kabeln.\",\"breadcrumb\":{\"@id\":\"https:\/\/www.movacolor.com\/de\/anwendungen\/draht-kabel\/#breadcrumb\"},\"inLanguage\":\"de\",\"potentialAction\":[{\"@type\":\"ReadAction\",\"target\":[\"https:\/\/www.movacolor.com\/de\/anwendungen\/draht-kabel\/\"]}]},{\"@type\":\"ImageObject\",\"inLanguage\":\"de\",\"@id\":\"https:\/\/www.movacolor.com\/de\/anwendungen\/draht-kabel\/#primaryimage\",\"url\":\"https:\/\/www.movacolor.com\/wp-content\/uploads\/2023\/03\/8-cables.jpg\",\"contentUrl\":\"https:\/\/www.movacolor.com\/wp-content\/uploads\/2023\/03\/8-cables.jpg\",\"width\":567,\"height\":847,\"caption\":\"8 cables\"},{\"@type\":\"BreadcrumbList\",\"@id\":\"https:\/\/www.movacolor.com\/de\/anwendungen\/draht-kabel\/#breadcrumb\",\"itemListElement\":[{\"@type\":\"ListItem\",\"position\":1,\"name\":\"Home\",\"item\":\"https:\/\/www.movacolor.com\/de\/\"},{\"@type\":\"ListItem\",\"position\":2,\"name\":\"Anwendungen\",\"item\":\"https:\/\/www.movacolor.com\/de\/anwendungen\/\"},{\"@type\":\"ListItem\",\"position\":3,\"name\":\"Draht &#038; Kabel\"}]},{\"@type\":\"WebSite\",\"@id\":\"https:\/\/www.movacolor.com\/de\/#website\",\"url\":\"https:\/\/www.movacolor.com\/de\/\",\"name\":\"Movacolor\",\"description\":\"modular dosing solutions\",\"potentialAction\":[{\"@type\":\"SearchAction\",\"target\":{\"@type\":\"EntryPoint\",\"urlTemplate\":\"https:\/\/www.movacolor.com\/de\/?s={search_term_string}\"},\"query-input\":{\"@type\":\"PropertyValueSpecification\",\"valueRequired\":true,\"valueName\":\"search_term_string\"}}],\"inLanguage\":\"de\"}]}<\/script>\n<!-- \/ Yoast SEO plugin. -->","yoast_head_json":{"title":"Draht & Kabel - Movacolor","description":"Optimieren Sie Ihre Kabelproduktion mit Movacolor-Ger\u00e4ten. Gravimetrische Kontrolle f\u00fcr Qualit\u00e4t, Konsistenz und Einsparungen beim Extrudieren von Kabeln.","robots":{"index":"index","follow":"follow","max-snippet":"max-snippet:-1","max-image-preview":"max-image-preview:large","max-video-preview":"max-video-preview:-1"},"canonical":"https:\/\/www.movacolor.com\/de\/anwendungen\/draht-kabel\/","og_locale":"de_DE","og_type":"article","og_title":"Draht & Kabel - Movacolor","og_description":"Optimieren Sie Ihre Kabelproduktion mit Movacolor-Ger\u00e4ten. Gravimetrische Kontrolle f\u00fcr Qualit\u00e4t, Konsistenz und Einsparungen beim Extrudieren von Kabeln.","og_url":"https:\/\/www.movacolor.com\/de\/anwendungen\/draht-kabel\/","og_site_name":"Movacolor","article_modified_time":"2024-02-09T18:36:23+00:00","og_image":[{"width":567,"height":847,"url":"https:\/\/www.movacolor.com\/wp-content\/uploads\/2023\/03\/8-cables.jpg","type":"image\/jpeg"}],"twitter_card":"summary_large_image","twitter_misc":{"Gesch\u00e4tzte Lesezeit":"1\u00a0Minute"},"schema":{"@context":"https:\/\/schema.org","@graph":[{"@type":"WebPage","@id":"https:\/\/www.movacolor.com\/de\/anwendungen\/draht-kabel\/","url":"https:\/\/www.movacolor.com\/de\/anwendungen\/draht-kabel\/","name":"Draht & Kabel - Movacolor","isPartOf":{"@id":"https:\/\/www.movacolor.com\/de\/#website"},"primaryImageOfPage":{"@id":"https:\/\/www.movacolor.com\/de\/anwendungen\/draht-kabel\/#primaryimage"},"image":{"@id":"https:\/\/www.movacolor.com\/de\/anwendungen\/draht-kabel\/#primaryimage"},"thumbnailUrl":"https:\/\/www.movacolor.com\/wp-content\/uploads\/2023\/03\/8-cables.jpg","datePublished":"2023-01-13T13:32:21+00:00","dateModified":"2024-02-09T18:36:23+00:00","description":"Optimieren Sie Ihre Kabelproduktion mit Movacolor-Ger\u00e4ten. Gravimetrische Kontrolle f\u00fcr Qualit\u00e4t, Konsistenz und Einsparungen beim Extrudieren von Kabeln.","breadcrumb":{"@id":"https:\/\/www.movacolor.com\/de\/anwendungen\/draht-kabel\/#breadcrumb"},"inLanguage":"de","potentialAction":[{"@type":"ReadAction","target":["https:\/\/www.movacolor.com\/de\/anwendungen\/draht-kabel\/"]}]},{"@type":"ImageObject","inLanguage":"de","@id":"https:\/\/www.movacolor.com\/de\/anwendungen\/draht-kabel\/#primaryimage","url":"https:\/\/www.movacolor.com\/wp-content\/uploads\/2023\/03\/8-cables.jpg","contentUrl":"https:\/\/www.movacolor.com\/wp-content\/uploads\/2023\/03\/8-cables.jpg","width":567,"height":847,"caption":"8 cables"},{"@type":"BreadcrumbList","@id":"https:\/\/www.movacolor.com\/de\/anwendungen\/draht-kabel\/#breadcrumb","itemListElement":[{"@type":"ListItem","position":1,"name":"Home","item":"https:\/\/www.movacolor.com\/de\/"},{"@type":"ListItem","position":2,"name":"Anwendungen","item":"https:\/\/www.movacolor.com\/de\/anwendungen\/"},{"@type":"ListItem","position":3,"name":"Draht &#038; Kabel"}]},{"@type":"WebSite","@id":"https:\/\/www.movacolor.com\/de\/#website","url":"https:\/\/www.movacolor.com\/de\/","name":"Movacolor","description":"modular dosing solutions","potentialAction":[{"@type":"SearchAction","target":{"@type":"EntryPoint","urlTemplate":"https:\/\/www.movacolor.com\/de\/?s={search_term_string}"},"query-input":{"@type":"PropertyValueSpecification","valueRequired":true,"valueName":"search_term_string"}}],"inLanguage":"de"}]}},"_links":{"self":[{"href":"https:\/\/www.movacolor.com\/de\/wp-json\/wp\/v2\/pages\/6100","targetHints":{"allow":["GET"]}}],"collection":[{"href":"https:\/\/www.movacolor.com\/de\/wp-json\/wp\/v2\/pages"}],"about":[{"href":"https:\/\/www.movacolor.com\/de\/wp-json\/wp\/v2\/types\/page"}],"author":[{"embeddable":true,"href":"https:\/\/www.movacolor.com\/de\/wp-json\/wp\/v2\/users\/2"}],"replies":[{"embeddable":true,"href":"https:\/\/www.movacolor.com\/de\/wp-json\/wp\/v2\/comments?post=6100"}],"version-history":[{"count":3,"href":"https:\/\/www.movacolor.com\/de\/wp-json\/wp\/v2\/pages\/6100\/revisions"}],"predecessor-version":[{"id":8321,"href":"https:\/\/www.movacolor.com\/de\/wp-json\/wp\/v2\/pages\/6100\/revisions\/8321"}],"up":[{"embeddable":true,"href":"https:\/\/www.movacolor.com\/de\/wp-json\/wp\/v2\/pages\/4368"}],"wp:featuredmedia":[{"embeddable":true,"href":"https:\/\/www.movacolor.com\/de\/wp-json\/wp\/v2\/media\/3266"}],"wp:attachment":[{"href":"https:\/\/www.movacolor.com\/de\/wp-json\/wp\/v2\/media?parent=6100"}],"curies":[{"name":"wp","href":"https:\/\/api.w.org\/{rel}","templated":true}]}}