{"id":6099,"date":"2023-01-13T15:32:34","date_gmt":"2023-01-13T13:32:34","guid":{"rendered":"https:\/\/www.movacolor.com\/anwendungen\/medizinische\/"},"modified":"2023-11-30T12:50:19","modified_gmt":"2023-11-30T10:50:19","slug":"medizinische","status":"publish","type":"page","link":"https:\/\/www.movacolor.com\/de\/anwendungen\/medizinische\/","title":{"rendered":"Medizinische"},"content":{"rendered":"<p>Medizinische Kunststoffprodukte werden im Spritzgie\u00dfverfahren als auch durch Extrudieren gefertigt. Sie m\u00fcssen den h\u00f6chsten Qualit\u00e4tsanspr\u00fcchen gen\u00fcgen, denn von ihnen k\u00f6nnen Menschenleben abh\u00e4ngen. Additive Dosierung ist ein wesentlicher Bestandteil des Produktionsprozesses, denn das medizinische Personal erkennt die Ger\u00e4te sowohl an der Form als auch an der Farbe.<\/p>\n<p>Um Abweichungen auszuschlie\u00dfen, ben\u00f6tigen die Hersteller von medizinischen Kunststoffprodukten hochwertige Dosierger\u00e4te zum Dosieren von Masterbatch, Pulver, Regenerat und Fl\u00fcssigkeiten. Die Ausr\u00fcstung von Movacolor kann in steriler Umgebung eingesetzt werden, da alle Kontaktteile aus hochwertigem Edelstahl gefertigt sind.<\/p>\n<p>Die Normen unserer Kunden sind auch unsere Normen. Ein gravimetrisches oder volumetrisches Dosierger\u00e4t von Movacolor bietet eine optimale Regelung des Dosierprozesses beim Spritzgie\u00dfen oder Extrudieren. Der Dosierzylinder gew\u00e4hrleistet einen stetigen Fluss, da er von einem Schrittmotor angetrieben wird. Das Aufr\u00fcsten oder Anpassen des Dosiersystems ist recht einfach. F\u00fcr alle gravimetrischen Ger\u00e4te bietet Movacolor \u00dcberwachungssoftware (MCSmart), die es Ihnen erm\u00f6glicht, s\u00e4mtliche Information des Dosierverfahrens in Ihrem Computer zu speichern, um den Produktionsprozess vollst\u00e4ndig zu verfolgen.<\/p>\n","protected":false},"excerpt":{"rendered":"<p>Medizinische Kunststoffprodukte werden im Spritzgie\u00dfverfahren als auch durch Extrudieren gefertigt. Sie m\u00fcssen den h\u00f6chsten Qualit\u00e4tsanspr\u00fcchen gen\u00fcgen, denn von ihnen k\u00f6nnen Menschenleben abh\u00e4ngen. Additive Dosierung ist ein wesentlicher Bestandteil des Produktionsprozesses, denn das medizinische Personal erkennt die Ger\u00e4te sowohl an der Form als auch an der Farbe. Um Abweichungen auszuschlie\u00dfen, ben\u00f6tigen die Hersteller von medizinischen Kunststoffprodukten&#8230;<\/p>\n","protected":false},"author":2,"featured_media":3281,"parent":4368,"menu_order":0,"comment_status":"closed","ping_status":"closed","template":"","meta":{"_acf_changed":false,"footnotes":""},"class_list":["post-6099","page","type-page","status-publish","has-post-thumbnail","hentry","us_portfolio_tag-medizinische"],"acf":[],"yoast_head":"<!-- This site is optimized with the Yoast SEO plugin v26.4 - https:\/\/yoast.com\/wordpress\/plugins\/seo\/ -->\n<title>Medizinische - Movacolor<\/title>\n<meta name=\"description\" content=\"Entdecken Sie unsere pr\u00e4zisen Dosierl\u00f6sungen f\u00fcr Qualit\u00e4tskontrolle und Materialeffizienz in Ihrem Produktionsprozess f\u00fcr medizinische Kunststoffe.\" \/>\n<meta name=\"robots\" content=\"index, follow, max-snippet:-1, max-image-preview:large, max-video-preview:-1\" \/>\n<link rel=\"canonical\" href=\"https:\/\/www.movacolor.com\/de\/anwendungen\/medizinische\/\" \/>\n<meta property=\"og:locale\" content=\"de_DE\" \/>\n<meta property=\"og:type\" content=\"article\" \/>\n<meta property=\"og:title\" content=\"Medizinische - Movacolor\" \/>\n<meta property=\"og:description\" content=\"Entdecken Sie unsere pr\u00e4zisen Dosierl\u00f6sungen f\u00fcr Qualit\u00e4tskontrolle und Materialeffizienz in Ihrem Produktionsprozess f\u00fcr medizinische Kunststoffe.\" \/>\n<meta property=\"og:url\" content=\"https:\/\/www.movacolor.com\/de\/anwendungen\/medizinische\/\" \/>\n<meta property=\"og:site_name\" content=\"Movacolor\" \/>\n<meta property=\"article:modified_time\" content=\"2023-11-30T10:50:19+00:00\" \/>\n<meta property=\"og:image\" content=\"https:\/\/www.movacolor.com\/wp-content\/uploads\/2023\/03\/4-Medical.jpg\" \/>\n\t<meta property=\"og:image:width\" content=\"816\" \/>\n\t<meta property=\"og:image:height\" content=\"588\" \/>\n\t<meta property=\"og:image:type\" content=\"image\/jpeg\" \/>\n<meta name=\"twitter:card\" content=\"summary_large_image\" \/>\n<meta name=\"twitter:label1\" content=\"Gesch\u00e4tzte Lesezeit\" \/>\n\t<meta name=\"twitter:data1\" content=\"1\u00a0Minute\" \/>\n<script type=\"application\/ld+json\" class=\"yoast-schema-graph\">{\"@context\":\"https:\/\/schema.org\",\"@graph\":[{\"@type\":\"WebPage\",\"@id\":\"https:\/\/www.movacolor.com\/de\/anwendungen\/medizinische\/\",\"url\":\"https:\/\/www.movacolor.com\/de\/anwendungen\/medizinische\/\",\"name\":\"Medizinische - Movacolor\",\"isPartOf\":{\"@id\":\"https:\/\/www.movacolor.com\/de\/#website\"},\"primaryImageOfPage\":{\"@id\":\"https:\/\/www.movacolor.com\/de\/anwendungen\/medizinische\/#primaryimage\"},\"image\":{\"@id\":\"https:\/\/www.movacolor.com\/de\/anwendungen\/medizinische\/#primaryimage\"},\"thumbnailUrl\":\"https:\/\/www.movacolor.com\/wp-content\/uploads\/2023\/03\/4-Medical.jpg\",\"datePublished\":\"2023-01-13T13:32:34+00:00\",\"dateModified\":\"2023-11-30T10:50:19+00:00\",\"description\":\"Entdecken Sie unsere pr\u00e4zisen Dosierl\u00f6sungen f\u00fcr Qualit\u00e4tskontrolle und Materialeffizienz in Ihrem Produktionsprozess f\u00fcr medizinische Kunststoffe.\",\"breadcrumb\":{\"@id\":\"https:\/\/www.movacolor.com\/de\/anwendungen\/medizinische\/#breadcrumb\"},\"inLanguage\":\"de\",\"potentialAction\":[{\"@type\":\"ReadAction\",\"target\":[\"https:\/\/www.movacolor.com\/de\/anwendungen\/medizinische\/\"]}]},{\"@type\":\"ImageObject\",\"inLanguage\":\"de\",\"@id\":\"https:\/\/www.movacolor.com\/de\/anwendungen\/medizinische\/#primaryimage\",\"url\":\"https:\/\/www.movacolor.com\/wp-content\/uploads\/2023\/03\/4-Medical.jpg\",\"contentUrl\":\"https:\/\/www.movacolor.com\/wp-content\/uploads\/2023\/03\/4-Medical.jpg\",\"width\":816,\"height\":588,\"caption\":\"Medical\"},{\"@type\":\"BreadcrumbList\",\"@id\":\"https:\/\/www.movacolor.com\/de\/anwendungen\/medizinische\/#breadcrumb\",\"itemListElement\":[{\"@type\":\"ListItem\",\"position\":1,\"name\":\"Home\",\"item\":\"https:\/\/www.movacolor.com\/de\/\"},{\"@type\":\"ListItem\",\"position\":2,\"name\":\"Anwendungen\",\"item\":\"https:\/\/www.movacolor.com\/de\/anwendungen\/\"},{\"@type\":\"ListItem\",\"position\":3,\"name\":\"Medizinische\"}]},{\"@type\":\"WebSite\",\"@id\":\"https:\/\/www.movacolor.com\/de\/#website\",\"url\":\"https:\/\/www.movacolor.com\/de\/\",\"name\":\"Movacolor\",\"description\":\"modular dosing solutions\",\"potentialAction\":[{\"@type\":\"SearchAction\",\"target\":{\"@type\":\"EntryPoint\",\"urlTemplate\":\"https:\/\/www.movacolor.com\/de\/?s={search_term_string}\"},\"query-input\":{\"@type\":\"PropertyValueSpecification\",\"valueRequired\":true,\"valueName\":\"search_term_string\"}}],\"inLanguage\":\"de\"}]}<\/script>\n<!-- \/ Yoast SEO plugin. -->","yoast_head_json":{"title":"Medizinische - Movacolor","description":"Entdecken Sie unsere pr\u00e4zisen Dosierl\u00f6sungen f\u00fcr Qualit\u00e4tskontrolle und Materialeffizienz in Ihrem Produktionsprozess f\u00fcr medizinische Kunststoffe.","robots":{"index":"index","follow":"follow","max-snippet":"max-snippet:-1","max-image-preview":"max-image-preview:large","max-video-preview":"max-video-preview:-1"},"canonical":"https:\/\/www.movacolor.com\/de\/anwendungen\/medizinische\/","og_locale":"de_DE","og_type":"article","og_title":"Medizinische - Movacolor","og_description":"Entdecken Sie unsere pr\u00e4zisen Dosierl\u00f6sungen f\u00fcr Qualit\u00e4tskontrolle und Materialeffizienz in Ihrem Produktionsprozess f\u00fcr medizinische Kunststoffe.","og_url":"https:\/\/www.movacolor.com\/de\/anwendungen\/medizinische\/","og_site_name":"Movacolor","article_modified_time":"2023-11-30T10:50:19+00:00","og_image":[{"width":816,"height":588,"url":"https:\/\/www.movacolor.com\/wp-content\/uploads\/2023\/03\/4-Medical.jpg","type":"image\/jpeg"}],"twitter_card":"summary_large_image","twitter_misc":{"Gesch\u00e4tzte Lesezeit":"1\u00a0Minute"},"schema":{"@context":"https:\/\/schema.org","@graph":[{"@type":"WebPage","@id":"https:\/\/www.movacolor.com\/de\/anwendungen\/medizinische\/","url":"https:\/\/www.movacolor.com\/de\/anwendungen\/medizinische\/","name":"Medizinische - Movacolor","isPartOf":{"@id":"https:\/\/www.movacolor.com\/de\/#website"},"primaryImageOfPage":{"@id":"https:\/\/www.movacolor.com\/de\/anwendungen\/medizinische\/#primaryimage"},"image":{"@id":"https:\/\/www.movacolor.com\/de\/anwendungen\/medizinische\/#primaryimage"},"thumbnailUrl":"https:\/\/www.movacolor.com\/wp-content\/uploads\/2023\/03\/4-Medical.jpg","datePublished":"2023-01-13T13:32:34+00:00","dateModified":"2023-11-30T10:50:19+00:00","description":"Entdecken Sie unsere pr\u00e4zisen Dosierl\u00f6sungen f\u00fcr Qualit\u00e4tskontrolle und Materialeffizienz in Ihrem Produktionsprozess f\u00fcr medizinische Kunststoffe.","breadcrumb":{"@id":"https:\/\/www.movacolor.com\/de\/anwendungen\/medizinische\/#breadcrumb"},"inLanguage":"de","potentialAction":[{"@type":"ReadAction","target":["https:\/\/www.movacolor.com\/de\/anwendungen\/medizinische\/"]}]},{"@type":"ImageObject","inLanguage":"de","@id":"https:\/\/www.movacolor.com\/de\/anwendungen\/medizinische\/#primaryimage","url":"https:\/\/www.movacolor.com\/wp-content\/uploads\/2023\/03\/4-Medical.jpg","contentUrl":"https:\/\/www.movacolor.com\/wp-content\/uploads\/2023\/03\/4-Medical.jpg","width":816,"height":588,"caption":"Medical"},{"@type":"BreadcrumbList","@id":"https:\/\/www.movacolor.com\/de\/anwendungen\/medizinische\/#breadcrumb","itemListElement":[{"@type":"ListItem","position":1,"name":"Home","item":"https:\/\/www.movacolor.com\/de\/"},{"@type":"ListItem","position":2,"name":"Anwendungen","item":"https:\/\/www.movacolor.com\/de\/anwendungen\/"},{"@type":"ListItem","position":3,"name":"Medizinische"}]},{"@type":"WebSite","@id":"https:\/\/www.movacolor.com\/de\/#website","url":"https:\/\/www.movacolor.com\/de\/","name":"Movacolor","description":"modular dosing solutions","potentialAction":[{"@type":"SearchAction","target":{"@type":"EntryPoint","urlTemplate":"https:\/\/www.movacolor.com\/de\/?s={search_term_string}"},"query-input":{"@type":"PropertyValueSpecification","valueRequired":true,"valueName":"search_term_string"}}],"inLanguage":"de"}]}},"_links":{"self":[{"href":"https:\/\/www.movacolor.com\/de\/wp-json\/wp\/v2\/pages\/6099","targetHints":{"allow":["GET"]}}],"collection":[{"href":"https:\/\/www.movacolor.com\/de\/wp-json\/wp\/v2\/pages"}],"about":[{"href":"https:\/\/www.movacolor.com\/de\/wp-json\/wp\/v2\/types\/page"}],"author":[{"embeddable":true,"href":"https:\/\/www.movacolor.com\/de\/wp-json\/wp\/v2\/users\/2"}],"replies":[{"embeddable":true,"href":"https:\/\/www.movacolor.com\/de\/wp-json\/wp\/v2\/comments?post=6099"}],"version-history":[{"count":2,"href":"https:\/\/www.movacolor.com\/de\/wp-json\/wp\/v2\/pages\/6099\/revisions"}],"predecessor-version":[{"id":7302,"href":"https:\/\/www.movacolor.com\/de\/wp-json\/wp\/v2\/pages\/6099\/revisions\/7302"}],"up":[{"embeddable":true,"href":"https:\/\/www.movacolor.com\/de\/wp-json\/wp\/v2\/pages\/4368"}],"wp:featuredmedia":[{"embeddable":true,"href":"https:\/\/www.movacolor.com\/de\/wp-json\/wp\/v2\/media\/3281"}],"wp:attachment":[{"href":"https:\/\/www.movacolor.com\/de\/wp-json\/wp\/v2\/media?parent=6099"}],"curies":[{"name":"wp","href":"https:\/\/api.w.org\/{rel}","templated":true}]}}