{"id":6098,"date":"2023-01-13T15:32:49","date_gmt":"2023-01-13T13:32:49","guid":{"rendered":"https:\/\/www.movacolor.com\/anwendungen\/kappen-und-verschluesse\/"},"modified":"2024-02-09T20:47:33","modified_gmt":"2024-02-09T18:47:33","slug":"kappen-und-verschluesse","status":"publish","type":"page","link":"https:\/\/www.movacolor.com\/de\/anwendungen\/kappen-verschlusse\/","title":{"rendered":"Kappen &#038; Verschl\u00fcsse"},"content":{"rendered":"<p>Zeit ist Geld bei der Herstellung von Kappen und Verschl\u00fcssen. Eine Spritzgie\u00dfmaschine oder ein Extruder produzieren bei hohen Geschwindigkeiten Tausende von Kappen und Verschl\u00fcssen.<\/p>\n<p>Hohe Qualit\u00e4t und genaue Dosierung sind daher von gr\u00f6\u00dfter Bedeutung. Hersteller von Kappen und Verschl\u00fcssen bevorzugen eine stabile und kosteng\u00fcnstige Dosiereinheit. Movacolor bietet gravimetrische, optometrische und volumetrische Dosiereinheiten an, die den hohen Standards der Hersteller von Kappen und Verschl\u00fcssen entsprechen.<\/p>\n<p>Movacolor Dosiersysteme zum F\u00e4rben von Kappen und Verschl\u00fcssen k\u00f6nnen verschiedene Arten von Additiven wie Masterbatch-, Pulver-, Regenerat- und Gleitadditiven verarbeiten. Die gravimetrischen Dosiersysteme k\u00f6nnen zwischen einer und vier Komponenten variieren. Mit der bew\u00e4hrten gravimetrischen Kontrolle k\u00f6nnen Probleme wie Farbabweichungen vermieden werden. Das Ergebnis ist eine konstante Farbqualit\u00e4t und Einsparungen beim Einsatz von Farbmitteln.<\/p>\n","protected":false},"excerpt":{"rendered":"<p>Zeit ist Geld bei der Herstellung von Kappen und Verschl\u00fcssen. Eine Spritzgie\u00dfmaschine oder ein Extruder produzieren bei hohen Geschwindigkeiten Tausende von Kappen und Verschl\u00fcssen. Hohe Qualit\u00e4t und genaue Dosierung sind daher von gr\u00f6\u00dfter Bedeutung. Hersteller von Kappen und Verschl\u00fcssen bevorzugen eine stabile und kosteng\u00fcnstige Dosiereinheit. Movacolor bietet gravimetrische, optometrische und volumetrische Dosiereinheiten an, die den&#8230;<\/p>\n","protected":false},"author":2,"featured_media":3290,"parent":4368,"menu_order":0,"comment_status":"closed","ping_status":"closed","template":"","meta":{"_acf_changed":false,"footnotes":""},"class_list":["post-6098","page","type-page","status-publish","has-post-thumbnail","hentry","us_portfolio_tag-kappen","us_portfolio_tag-verschlusse"],"acf":[],"yoast_head":"<!-- This site is optimized with the Yoast SEO plugin v26.4 - https:\/\/yoast.com\/wordpress\/plugins\/seo\/ -->\n<title>Kappen &amp; Verschl\u00fcsse - Movacolor<\/title>\n<meta name=\"description\" content=\"Kappen- und Verschlussproduktion mit Movacolor-Spendersystemen. Unsere Ger\u00e4te erf\u00fcllen Ihre Anforderungen und sorgen f\u00fcr eine gleichbleibende Qualit\u00e4t\" \/>\n<meta name=\"robots\" content=\"index, follow, max-snippet:-1, max-image-preview:large, max-video-preview:-1\" \/>\n<link rel=\"canonical\" href=\"https:\/\/www.movacolor.com\/de\/anwendungen\/kappen-verschlusse\/\" \/>\n<meta property=\"og:locale\" content=\"de_DE\" \/>\n<meta property=\"og:type\" content=\"article\" \/>\n<meta property=\"og:title\" content=\"Kappen &amp; Verschl\u00fcsse - Movacolor\" \/>\n<meta property=\"og:description\" content=\"Kappen- und Verschlussproduktion mit Movacolor-Spendersystemen. Unsere Ger\u00e4te erf\u00fcllen Ihre Anforderungen und sorgen f\u00fcr eine gleichbleibende Qualit\u00e4t\" \/>\n<meta property=\"og:url\" content=\"https:\/\/www.movacolor.com\/de\/anwendungen\/kappen-verschlusse\/\" \/>\n<meta property=\"og:site_name\" content=\"Movacolor\" \/>\n<meta property=\"article:modified_time\" content=\"2024-02-09T18:47:33+00:00\" \/>\n<meta property=\"og:image\" content=\"https:\/\/www.movacolor.com\/wp-content\/uploads\/2023\/03\/5-Caps-and-closures.jpg\" \/>\n\t<meta property=\"og:image:width\" content=\"851\" \/>\n\t<meta property=\"og:image:height\" content=\"564\" \/>\n\t<meta property=\"og:image:type\" content=\"image\/jpeg\" \/>\n<meta name=\"twitter:card\" content=\"summary_large_image\" \/>\n<meta name=\"twitter:label1\" content=\"Gesch\u00e4tzte Lesezeit\" \/>\n\t<meta name=\"twitter:data1\" content=\"1\u00a0Minute\" \/>\n<script type=\"application\/ld+json\" class=\"yoast-schema-graph\">{\"@context\":\"https:\/\/schema.org\",\"@graph\":[{\"@type\":\"WebPage\",\"@id\":\"https:\/\/www.movacolor.com\/de\/anwendungen\/kappen-verschlusse\/\",\"url\":\"https:\/\/www.movacolor.com\/de\/anwendungen\/kappen-verschlusse\/\",\"name\":\"Kappen & Verschl\u00fcsse - Movacolor\",\"isPartOf\":{\"@id\":\"https:\/\/www.movacolor.com\/de\/#website\"},\"primaryImageOfPage\":{\"@id\":\"https:\/\/www.movacolor.com\/de\/anwendungen\/kappen-verschlusse\/#primaryimage\"},\"image\":{\"@id\":\"https:\/\/www.movacolor.com\/de\/anwendungen\/kappen-verschlusse\/#primaryimage\"},\"thumbnailUrl\":\"https:\/\/www.movacolor.com\/wp-content\/uploads\/2023\/03\/5-Caps-and-closures.jpg\",\"datePublished\":\"2023-01-13T13:32:49+00:00\",\"dateModified\":\"2024-02-09T18:47:33+00:00\",\"description\":\"Kappen- und Verschlussproduktion mit Movacolor-Spendersystemen. Unsere Ger\u00e4te erf\u00fcllen Ihre Anforderungen und sorgen f\u00fcr eine gleichbleibende Qualit\u00e4t\",\"breadcrumb\":{\"@id\":\"https:\/\/www.movacolor.com\/de\/anwendungen\/kappen-verschlusse\/#breadcrumb\"},\"inLanguage\":\"de\",\"potentialAction\":[{\"@type\":\"ReadAction\",\"target\":[\"https:\/\/www.movacolor.com\/de\/anwendungen\/kappen-verschlusse\/\"]}]},{\"@type\":\"ImageObject\",\"inLanguage\":\"de\",\"@id\":\"https:\/\/www.movacolor.com\/de\/anwendungen\/kappen-verschlusse\/#primaryimage\",\"url\":\"https:\/\/www.movacolor.com\/wp-content\/uploads\/2023\/03\/5-Caps-and-closures.jpg\",\"contentUrl\":\"https:\/\/www.movacolor.com\/wp-content\/uploads\/2023\/03\/5-Caps-and-closures.jpg\",\"width\":851,\"height\":564,\"caption\":\"5 Caps and closures\"},{\"@type\":\"BreadcrumbList\",\"@id\":\"https:\/\/www.movacolor.com\/de\/anwendungen\/kappen-verschlusse\/#breadcrumb\",\"itemListElement\":[{\"@type\":\"ListItem\",\"position\":1,\"name\":\"Home\",\"item\":\"https:\/\/www.movacolor.com\/de\/\"},{\"@type\":\"ListItem\",\"position\":2,\"name\":\"Anwendungen\",\"item\":\"https:\/\/www.movacolor.com\/de\/anwendungen\/\"},{\"@type\":\"ListItem\",\"position\":3,\"name\":\"Kappen &#038; Verschl\u00fcsse\"}]},{\"@type\":\"WebSite\",\"@id\":\"https:\/\/www.movacolor.com\/de\/#website\",\"url\":\"https:\/\/www.movacolor.com\/de\/\",\"name\":\"Movacolor\",\"description\":\"modular dosing solutions\",\"potentialAction\":[{\"@type\":\"SearchAction\",\"target\":{\"@type\":\"EntryPoint\",\"urlTemplate\":\"https:\/\/www.movacolor.com\/de\/?s={search_term_string}\"},\"query-input\":{\"@type\":\"PropertyValueSpecification\",\"valueRequired\":true,\"valueName\":\"search_term_string\"}}],\"inLanguage\":\"de\"}]}<\/script>\n<!-- \/ Yoast SEO plugin. -->","yoast_head_json":{"title":"Kappen & Verschl\u00fcsse - Movacolor","description":"Kappen- und Verschlussproduktion mit Movacolor-Spendersystemen. Unsere Ger\u00e4te erf\u00fcllen Ihre Anforderungen und sorgen f\u00fcr eine gleichbleibende Qualit\u00e4t","robots":{"index":"index","follow":"follow","max-snippet":"max-snippet:-1","max-image-preview":"max-image-preview:large","max-video-preview":"max-video-preview:-1"},"canonical":"https:\/\/www.movacolor.com\/de\/anwendungen\/kappen-verschlusse\/","og_locale":"de_DE","og_type":"article","og_title":"Kappen & Verschl\u00fcsse - Movacolor","og_description":"Kappen- und Verschlussproduktion mit Movacolor-Spendersystemen. Unsere Ger\u00e4te erf\u00fcllen Ihre Anforderungen und sorgen f\u00fcr eine gleichbleibende Qualit\u00e4t","og_url":"https:\/\/www.movacolor.com\/de\/anwendungen\/kappen-verschlusse\/","og_site_name":"Movacolor","article_modified_time":"2024-02-09T18:47:33+00:00","og_image":[{"width":851,"height":564,"url":"https:\/\/www.movacolor.com\/wp-content\/uploads\/2023\/03\/5-Caps-and-closures.jpg","type":"image\/jpeg"}],"twitter_card":"summary_large_image","twitter_misc":{"Gesch\u00e4tzte Lesezeit":"1\u00a0Minute"},"schema":{"@context":"https:\/\/schema.org","@graph":[{"@type":"WebPage","@id":"https:\/\/www.movacolor.com\/de\/anwendungen\/kappen-verschlusse\/","url":"https:\/\/www.movacolor.com\/de\/anwendungen\/kappen-verschlusse\/","name":"Kappen & Verschl\u00fcsse - Movacolor","isPartOf":{"@id":"https:\/\/www.movacolor.com\/de\/#website"},"primaryImageOfPage":{"@id":"https:\/\/www.movacolor.com\/de\/anwendungen\/kappen-verschlusse\/#primaryimage"},"image":{"@id":"https:\/\/www.movacolor.com\/de\/anwendungen\/kappen-verschlusse\/#primaryimage"},"thumbnailUrl":"https:\/\/www.movacolor.com\/wp-content\/uploads\/2023\/03\/5-Caps-and-closures.jpg","datePublished":"2023-01-13T13:32:49+00:00","dateModified":"2024-02-09T18:47:33+00:00","description":"Kappen- und Verschlussproduktion mit Movacolor-Spendersystemen. Unsere Ger\u00e4te erf\u00fcllen Ihre Anforderungen und sorgen f\u00fcr eine gleichbleibende Qualit\u00e4t","breadcrumb":{"@id":"https:\/\/www.movacolor.com\/de\/anwendungen\/kappen-verschlusse\/#breadcrumb"},"inLanguage":"de","potentialAction":[{"@type":"ReadAction","target":["https:\/\/www.movacolor.com\/de\/anwendungen\/kappen-verschlusse\/"]}]},{"@type":"ImageObject","inLanguage":"de","@id":"https:\/\/www.movacolor.com\/de\/anwendungen\/kappen-verschlusse\/#primaryimage","url":"https:\/\/www.movacolor.com\/wp-content\/uploads\/2023\/03\/5-Caps-and-closures.jpg","contentUrl":"https:\/\/www.movacolor.com\/wp-content\/uploads\/2023\/03\/5-Caps-and-closures.jpg","width":851,"height":564,"caption":"5 Caps and closures"},{"@type":"BreadcrumbList","@id":"https:\/\/www.movacolor.com\/de\/anwendungen\/kappen-verschlusse\/#breadcrumb","itemListElement":[{"@type":"ListItem","position":1,"name":"Home","item":"https:\/\/www.movacolor.com\/de\/"},{"@type":"ListItem","position":2,"name":"Anwendungen","item":"https:\/\/www.movacolor.com\/de\/anwendungen\/"},{"@type":"ListItem","position":3,"name":"Kappen &#038; Verschl\u00fcsse"}]},{"@type":"WebSite","@id":"https:\/\/www.movacolor.com\/de\/#website","url":"https:\/\/www.movacolor.com\/de\/","name":"Movacolor","description":"modular dosing solutions","potentialAction":[{"@type":"SearchAction","target":{"@type":"EntryPoint","urlTemplate":"https:\/\/www.movacolor.com\/de\/?s={search_term_string}"},"query-input":{"@type":"PropertyValueSpecification","valueRequired":true,"valueName":"search_term_string"}}],"inLanguage":"de"}]}},"_links":{"self":[{"href":"https:\/\/www.movacolor.com\/de\/wp-json\/wp\/v2\/pages\/6098","targetHints":{"allow":["GET"]}}],"collection":[{"href":"https:\/\/www.movacolor.com\/de\/wp-json\/wp\/v2\/pages"}],"about":[{"href":"https:\/\/www.movacolor.com\/de\/wp-json\/wp\/v2\/types\/page"}],"author":[{"embeddable":true,"href":"https:\/\/www.movacolor.com\/de\/wp-json\/wp\/v2\/users\/2"}],"replies":[{"embeddable":true,"href":"https:\/\/www.movacolor.com\/de\/wp-json\/wp\/v2\/comments?post=6098"}],"version-history":[{"count":3,"href":"https:\/\/www.movacolor.com\/de\/wp-json\/wp\/v2\/pages\/6098\/revisions"}],"predecessor-version":[{"id":8323,"href":"https:\/\/www.movacolor.com\/de\/wp-json\/wp\/v2\/pages\/6098\/revisions\/8323"}],"up":[{"embeddable":true,"href":"https:\/\/www.movacolor.com\/de\/wp-json\/wp\/v2\/pages\/4368"}],"wp:featuredmedia":[{"embeddable":true,"href":"https:\/\/www.movacolor.com\/de\/wp-json\/wp\/v2\/media\/3290"}],"wp:attachment":[{"href":"https:\/\/www.movacolor.com\/de\/wp-json\/wp\/v2\/media?parent=6098"}],"curies":[{"name":"wp","href":"https:\/\/api.w.org\/{rel}","templated":true}]}}