{"id":6097,"date":"2023-01-19T10:53:27","date_gmt":"2023-01-19T08:53:27","guid":{"rendered":"https:\/\/www.movacolor.com\/anwendungen\/folien\/"},"modified":"2024-02-09T18:45:22","modified_gmt":"2024-02-09T16:45:22","slug":"folien","status":"publish","type":"page","link":"https:\/\/www.movacolor.com\/de\/anwendungen\/folien\/","title":{"rendered":"Folien"},"content":{"rendered":"<p>Nur die h\u00f6chste Qualit\u00e4t ist im Extrudierprozess zur Herstellung von Kunststofffolien gut genug. Aber wie sichert man ein stabiles Produktionsverfahren, eine hervorragende Qualit\u00e4t und zugleich Einsparungen an Granulat oder Pulver? Durch die Verwendung eines gravimetrischen oder volumetrischen Dosierger\u00e4ts, das weltweit einen bew\u00e4hrten Ruf im Extrudieren genie\u00dft.<\/p>\n<p>Mit der Dosiertechnologie von Movacolor beugt man Schwankungen in der F\u00e4rbung oder in der Dicke vor. Das beeinflusst direkt den Fertigungsprozess und die Folienqualit\u00e4t. Die Dosiertechnologie von Movacolor basiert auf jahrelanger Erfahrung in der Dosierung von Farbstoffen wie Masterbatch und frei flie\u00dfendem Pulver. Der von einem Schrittmotor angetriebene Dosierzylinder gew\u00e4hrleistet einen stetigen Materialfluss. In Kombination mit der Funktion des Reglers wird den Folienproduzenten eine maximale Kontrolle geboten.<\/p>\n<p><strong>\u201cBei der Folienherstellung sind Mischungsschwankungen ein bekanntes Problem. Mischungsschwankungen sind nicht nur kostspielig, sondern sie schw\u00e4chen auch die Folienstruktur. Wir haben dieses Problem durch Verwendung eines gravimetrischen Mehrkomponentensystems von Movacolor gel\u00f6st.\u201d<\/strong><\/p>\n","protected":false},"excerpt":{"rendered":"<p>Nur die h\u00f6chste Qualit\u00e4t ist im Extrudierprozess zur Herstellung von Kunststofffolien gut genug. Aber wie sichert man ein stabiles Produktionsverfahren, eine hervorragende Qualit\u00e4t und zugleich Einsparungen an Granulat oder Pulver? Durch die Verwendung eines gravimetrischen oder volumetrischen Dosierger\u00e4ts, das weltweit einen bew\u00e4hrten Ruf im Extrudieren genie\u00dft. Mit der Dosiertechnologie von Movacolor beugt man Schwankungen in&#8230;<\/p>\n","protected":false},"author":2,"featured_media":3566,"parent":4368,"menu_order":0,"comment_status":"closed","ping_status":"closed","template":"","meta":{"_acf_changed":false,"footnotes":""},"class_list":["post-6097","page","type-page","status-publish","has-post-thumbnail","hentry","us_portfolio_tag-folien"],"acf":[],"yoast_head":"<!-- This site is optimized with the Yoast SEO plugin v26.4 - https:\/\/yoast.com\/wordpress\/plugins\/seo\/ -->\n<title>Folien - Movacolor<\/title>\n<meta name=\"description\" content=\"H\u00f6chste Qualit\u00e4t im Folienextrusionsprozess mit bew\u00e4hrter Dosiertechnologie von Movacolor. Maximale Kontrolle f\u00fcr stabile Produktion und Folienqualit\u00e4t.\" \/>\n<meta name=\"robots\" content=\"index, follow, max-snippet:-1, max-image-preview:large, max-video-preview:-1\" \/>\n<link rel=\"canonical\" href=\"https:\/\/www.movacolor.com\/de\/anwendungen\/folien\/\" \/>\n<meta property=\"og:locale\" content=\"de_DE\" \/>\n<meta property=\"og:type\" content=\"article\" \/>\n<meta property=\"og:title\" content=\"Folien - Movacolor\" \/>\n<meta property=\"og:description\" content=\"H\u00f6chste Qualit\u00e4t im Folienextrusionsprozess mit bew\u00e4hrter Dosiertechnologie von Movacolor. Maximale Kontrolle f\u00fcr stabile Produktion und Folienqualit\u00e4t.\" \/>\n<meta property=\"og:url\" content=\"https:\/\/www.movacolor.com\/de\/anwendungen\/folien\/\" \/>\n<meta property=\"og:site_name\" content=\"Movacolor\" \/>\n<meta property=\"article:modified_time\" content=\"2024-02-09T16:45:22+00:00\" \/>\n<meta property=\"og:image\" content=\"https:\/\/www.movacolor.com\/wp-content\/uploads\/2023\/03\/12-film.jpg\" \/>\n\t<meta property=\"og:image:width\" content=\"289\" \/>\n\t<meta property=\"og:image:height\" content=\"415\" \/>\n\t<meta property=\"og:image:type\" content=\"image\/jpeg\" \/>\n<meta name=\"twitter:card\" content=\"summary_large_image\" \/>\n<meta name=\"twitter:label1\" content=\"Gesch\u00e4tzte Lesezeit\" \/>\n\t<meta name=\"twitter:data1\" content=\"1\u00a0Minute\" \/>\n<script type=\"application\/ld+json\" class=\"yoast-schema-graph\">{\"@context\":\"https:\/\/schema.org\",\"@graph\":[{\"@type\":\"WebPage\",\"@id\":\"https:\/\/www.movacolor.com\/de\/anwendungen\/folien\/\",\"url\":\"https:\/\/www.movacolor.com\/de\/anwendungen\/folien\/\",\"name\":\"Folien - Movacolor\",\"isPartOf\":{\"@id\":\"https:\/\/www.movacolor.com\/de\/#website\"},\"primaryImageOfPage\":{\"@id\":\"https:\/\/www.movacolor.com\/de\/anwendungen\/folien\/#primaryimage\"},\"image\":{\"@id\":\"https:\/\/www.movacolor.com\/de\/anwendungen\/folien\/#primaryimage\"},\"thumbnailUrl\":\"https:\/\/www.movacolor.com\/wp-content\/uploads\/2023\/03\/12-film.jpg\",\"datePublished\":\"2023-01-19T08:53:27+00:00\",\"dateModified\":\"2024-02-09T16:45:22+00:00\",\"description\":\"H\u00f6chste Qualit\u00e4t im Folienextrusionsprozess mit bew\u00e4hrter Dosiertechnologie von Movacolor. Maximale Kontrolle f\u00fcr stabile Produktion und Folienqualit\u00e4t.\",\"breadcrumb\":{\"@id\":\"https:\/\/www.movacolor.com\/de\/anwendungen\/folien\/#breadcrumb\"},\"inLanguage\":\"de\",\"potentialAction\":[{\"@type\":\"ReadAction\",\"target\":[\"https:\/\/www.movacolor.com\/de\/anwendungen\/folien\/\"]}]},{\"@type\":\"ImageObject\",\"inLanguage\":\"de\",\"@id\":\"https:\/\/www.movacolor.com\/de\/anwendungen\/folien\/#primaryimage\",\"url\":\"https:\/\/www.movacolor.com\/wp-content\/uploads\/2023\/03\/12-film.jpg\",\"contentUrl\":\"https:\/\/www.movacolor.com\/wp-content\/uploads\/2023\/03\/12-film.jpg\",\"width\":289,\"height\":415,\"caption\":\"Film\"},{\"@type\":\"BreadcrumbList\",\"@id\":\"https:\/\/www.movacolor.com\/de\/anwendungen\/folien\/#breadcrumb\",\"itemListElement\":[{\"@type\":\"ListItem\",\"position\":1,\"name\":\"Home\",\"item\":\"https:\/\/www.movacolor.com\/de\/\"},{\"@type\":\"ListItem\",\"position\":2,\"name\":\"Anwendungen\",\"item\":\"https:\/\/www.movacolor.com\/de\/anwendungen\/\"},{\"@type\":\"ListItem\",\"position\":3,\"name\":\"Folien\"}]},{\"@type\":\"WebSite\",\"@id\":\"https:\/\/www.movacolor.com\/de\/#website\",\"url\":\"https:\/\/www.movacolor.com\/de\/\",\"name\":\"Movacolor\",\"description\":\"modular dosing solutions\",\"potentialAction\":[{\"@type\":\"SearchAction\",\"target\":{\"@type\":\"EntryPoint\",\"urlTemplate\":\"https:\/\/www.movacolor.com\/de\/?s={search_term_string}\"},\"query-input\":{\"@type\":\"PropertyValueSpecification\",\"valueRequired\":true,\"valueName\":\"search_term_string\"}}],\"inLanguage\":\"de\"}]}<\/script>\n<!-- \/ Yoast SEO plugin. -->","yoast_head_json":{"title":"Folien - Movacolor","description":"H\u00f6chste Qualit\u00e4t im Folienextrusionsprozess mit bew\u00e4hrter Dosiertechnologie von Movacolor. Maximale Kontrolle f\u00fcr stabile Produktion und Folienqualit\u00e4t.","robots":{"index":"index","follow":"follow","max-snippet":"max-snippet:-1","max-image-preview":"max-image-preview:large","max-video-preview":"max-video-preview:-1"},"canonical":"https:\/\/www.movacolor.com\/de\/anwendungen\/folien\/","og_locale":"de_DE","og_type":"article","og_title":"Folien - Movacolor","og_description":"H\u00f6chste Qualit\u00e4t im Folienextrusionsprozess mit bew\u00e4hrter Dosiertechnologie von Movacolor. Maximale Kontrolle f\u00fcr stabile Produktion und Folienqualit\u00e4t.","og_url":"https:\/\/www.movacolor.com\/de\/anwendungen\/folien\/","og_site_name":"Movacolor","article_modified_time":"2024-02-09T16:45:22+00:00","og_image":[{"width":289,"height":415,"url":"https:\/\/www.movacolor.com\/wp-content\/uploads\/2023\/03\/12-film.jpg","type":"image\/jpeg"}],"twitter_card":"summary_large_image","twitter_misc":{"Gesch\u00e4tzte Lesezeit":"1\u00a0Minute"},"schema":{"@context":"https:\/\/schema.org","@graph":[{"@type":"WebPage","@id":"https:\/\/www.movacolor.com\/de\/anwendungen\/folien\/","url":"https:\/\/www.movacolor.com\/de\/anwendungen\/folien\/","name":"Folien - Movacolor","isPartOf":{"@id":"https:\/\/www.movacolor.com\/de\/#website"},"primaryImageOfPage":{"@id":"https:\/\/www.movacolor.com\/de\/anwendungen\/folien\/#primaryimage"},"image":{"@id":"https:\/\/www.movacolor.com\/de\/anwendungen\/folien\/#primaryimage"},"thumbnailUrl":"https:\/\/www.movacolor.com\/wp-content\/uploads\/2023\/03\/12-film.jpg","datePublished":"2023-01-19T08:53:27+00:00","dateModified":"2024-02-09T16:45:22+00:00","description":"H\u00f6chste Qualit\u00e4t im Folienextrusionsprozess mit bew\u00e4hrter Dosiertechnologie von Movacolor. Maximale Kontrolle f\u00fcr stabile Produktion und Folienqualit\u00e4t.","breadcrumb":{"@id":"https:\/\/www.movacolor.com\/de\/anwendungen\/folien\/#breadcrumb"},"inLanguage":"de","potentialAction":[{"@type":"ReadAction","target":["https:\/\/www.movacolor.com\/de\/anwendungen\/folien\/"]}]},{"@type":"ImageObject","inLanguage":"de","@id":"https:\/\/www.movacolor.com\/de\/anwendungen\/folien\/#primaryimage","url":"https:\/\/www.movacolor.com\/wp-content\/uploads\/2023\/03\/12-film.jpg","contentUrl":"https:\/\/www.movacolor.com\/wp-content\/uploads\/2023\/03\/12-film.jpg","width":289,"height":415,"caption":"Film"},{"@type":"BreadcrumbList","@id":"https:\/\/www.movacolor.com\/de\/anwendungen\/folien\/#breadcrumb","itemListElement":[{"@type":"ListItem","position":1,"name":"Home","item":"https:\/\/www.movacolor.com\/de\/"},{"@type":"ListItem","position":2,"name":"Anwendungen","item":"https:\/\/www.movacolor.com\/de\/anwendungen\/"},{"@type":"ListItem","position":3,"name":"Folien"}]},{"@type":"WebSite","@id":"https:\/\/www.movacolor.com\/de\/#website","url":"https:\/\/www.movacolor.com\/de\/","name":"Movacolor","description":"modular dosing solutions","potentialAction":[{"@type":"SearchAction","target":{"@type":"EntryPoint","urlTemplate":"https:\/\/www.movacolor.com\/de\/?s={search_term_string}"},"query-input":{"@type":"PropertyValueSpecification","valueRequired":true,"valueName":"search_term_string"}}],"inLanguage":"de"}]}},"_links":{"self":[{"href":"https:\/\/www.movacolor.com\/de\/wp-json\/wp\/v2\/pages\/6097","targetHints":{"allow":["GET"]}}],"collection":[{"href":"https:\/\/www.movacolor.com\/de\/wp-json\/wp\/v2\/pages"}],"about":[{"href":"https:\/\/www.movacolor.com\/de\/wp-json\/wp\/v2\/types\/page"}],"author":[{"embeddable":true,"href":"https:\/\/www.movacolor.com\/de\/wp-json\/wp\/v2\/users\/2"}],"replies":[{"embeddable":true,"href":"https:\/\/www.movacolor.com\/de\/wp-json\/wp\/v2\/comments?post=6097"}],"version-history":[{"count":2,"href":"https:\/\/www.movacolor.com\/de\/wp-json\/wp\/v2\/pages\/6097\/revisions"}],"predecessor-version":[{"id":8320,"href":"https:\/\/www.movacolor.com\/de\/wp-json\/wp\/v2\/pages\/6097\/revisions\/8320"}],"up":[{"embeddable":true,"href":"https:\/\/www.movacolor.com\/de\/wp-json\/wp\/v2\/pages\/4368"}],"wp:featuredmedia":[{"embeddable":true,"href":"https:\/\/www.movacolor.com\/de\/wp-json\/wp\/v2\/media\/3566"}],"wp:attachment":[{"href":"https:\/\/www.movacolor.com\/de\/wp-json\/wp\/v2\/media?parent=6097"}],"curies":[{"name":"wp","href":"https:\/\/api.w.org\/{rel}","templated":true}]}}