{"id":6095,"date":"2023-03-22T13:57:30","date_gmt":"2023-03-22T11:57:30","guid":{"rendered":"https:\/\/www.movacolor.com\/anwendungen\/profile\/"},"modified":"2024-02-09T18:51:05","modified_gmt":"2024-02-09T16:51:05","slug":"profile","status":"publish","type":"page","link":"https:\/\/www.movacolor.com\/de\/anwendungen\/rohre-profile\/","title":{"rendered":"Rohre &#038; Profile"},"content":{"rendered":"<p>Die volumetrischen und gravimetrischen Inline-Dosierger\u00e4te von Movacolor wurden zur pr\u00e4zisen Dosierung von Masterbatch, leichtfl\u00fcssigem PVC-Pulver und Mahlgut im Extrudieren entwickelt. Kunststoffproduzenten, die Profile herstellen, brauchen einen konstanten Fluss von Farbstoffen und ein Dosierger\u00e4t, das die Kontrolle bietet.<\/p>\n<p>Die volumetrischen und gravimetrischen Dosierger\u00e4te von Movacolor bieten genau diese Kombination. Die \u00fcber 20-j\u00e4hrige Erfahrung von Movacolor in der Dosiertechnologie hat zu fein abgestimmten Einstellungen beim Extrudieren gef\u00fchrt. In Kombination mit dem Dosierzylinder und dem Schrittmotor, garantieren unsere Ger\u00e4te die Kontrolle \u00fcber den Fertigungsprozess von Profilen.<\/p>\n<p>Die kontinuierliche Gewichtsabnahmredosierung und Messung vermittelt Ihnen eine bessere Kontrolle des gesamten Produktionsprozesses von Profilen. Movacolor liefert Dosier- und Messer\u00e4te f\u00fcr Strangpressen mit starkem oder geringem Druck. Die Touchscreen-Steuerung macht es m\u00f6glich, s\u00e4mtliche Ger\u00e4te in einem System mit nur einem Regler zu bedienen.<\/p>\n","protected":false},"excerpt":{"rendered":"<p>Die volumetrischen und gravimetrischen Inline-Dosierger\u00e4te von Movacolor wurden zur pr\u00e4zisen Dosierung von Masterbatch, leichtfl\u00fcssigem PVC-Pulver und Mahlgut im Extrudieren entwickelt. Kunststoffproduzenten, die Profile herstellen, brauchen einen konstanten Fluss von Farbstoffen und ein Dosierger\u00e4t, das die Kontrolle bietet. Die volumetrischen und gravimetrischen Dosierger\u00e4te von Movacolor bieten genau diese Kombination. Die \u00fcber 20-j\u00e4hrige Erfahrung von Movacolor in&#8230;<\/p>\n","protected":false},"author":6,"featured_media":3574,"parent":4368,"menu_order":0,"comment_status":"closed","ping_status":"closed","template":"","meta":{"_acf_changed":false,"footnotes":""},"class_list":["post-6095","page","type-page","status-publish","has-post-thumbnail","hentry","us_portfolio_tag-profile"],"acf":[],"yoast_head":"<!-- This site is optimized with the Yoast SEO plugin v26.4 - https:\/\/yoast.com\/wordpress\/plugins\/seo\/ -->\n<title>Rohre &amp; Profile - Movacolor<\/title>\n<meta name=\"description\" content=\"Pr\u00e4zise Dosierung f\u00fcr Rohre &amp; Profile: Movacolor Dosierger\u00e4te bieten kontinuierliche Farbstoffzufuhr und Kontrolle im Kunststoff-Extrusionsprozess.\" \/>\n<meta name=\"robots\" content=\"index, follow, max-snippet:-1, max-image-preview:large, max-video-preview:-1\" \/>\n<link rel=\"canonical\" href=\"https:\/\/www.movacolor.com\/de\/anwendungen\/rohre-profile\/\" \/>\n<meta property=\"og:locale\" content=\"de_DE\" \/>\n<meta property=\"og:type\" content=\"article\" \/>\n<meta property=\"og:title\" content=\"Rohre &amp; Profile - Movacolor\" \/>\n<meta property=\"og:description\" content=\"Pr\u00e4zise Dosierung f\u00fcr Rohre &amp; Profile: Movacolor Dosierger\u00e4te bieten kontinuierliche Farbstoffzufuhr und Kontrolle im Kunststoff-Extrusionsprozess.\" \/>\n<meta property=\"og:url\" content=\"https:\/\/www.movacolor.com\/de\/anwendungen\/rohre-profile\/\" \/>\n<meta property=\"og:site_name\" content=\"Movacolor\" \/>\n<meta property=\"article:modified_time\" content=\"2024-02-09T16:51:05+00:00\" \/>\n<meta property=\"og:image\" content=\"https:\/\/www.movacolor.com\/wp-content\/uploads\/2023\/03\/10-pipes.jpg\" \/>\n\t<meta property=\"og:image:width\" content=\"727\" \/>\n\t<meta property=\"og:image:height\" content=\"660\" \/>\n\t<meta property=\"og:image:type\" content=\"image\/jpeg\" \/>\n<meta name=\"twitter:card\" content=\"summary_large_image\" \/>\n<meta name=\"twitter:label1\" content=\"Gesch\u00e4tzte Lesezeit\" \/>\n\t<meta name=\"twitter:data1\" content=\"1\u00a0Minute\" \/>\n<script type=\"application\/ld+json\" class=\"yoast-schema-graph\">{\"@context\":\"https:\/\/schema.org\",\"@graph\":[{\"@type\":\"WebPage\",\"@id\":\"https:\/\/www.movacolor.com\/de\/anwendungen\/rohre-profile\/\",\"url\":\"https:\/\/www.movacolor.com\/de\/anwendungen\/rohre-profile\/\",\"name\":\"Rohre & Profile - Movacolor\",\"isPartOf\":{\"@id\":\"https:\/\/www.movacolor.com\/de\/#website\"},\"primaryImageOfPage\":{\"@id\":\"https:\/\/www.movacolor.com\/de\/anwendungen\/rohre-profile\/#primaryimage\"},\"image\":{\"@id\":\"https:\/\/www.movacolor.com\/de\/anwendungen\/rohre-profile\/#primaryimage\"},\"thumbnailUrl\":\"https:\/\/www.movacolor.com\/wp-content\/uploads\/2023\/03\/10-pipes.jpg\",\"datePublished\":\"2023-03-22T11:57:30+00:00\",\"dateModified\":\"2024-02-09T16:51:05+00:00\",\"description\":\"Pr\u00e4zise Dosierung f\u00fcr Rohre & Profile: Movacolor Dosierger\u00e4te bieten kontinuierliche Farbstoffzufuhr und Kontrolle im Kunststoff-Extrusionsprozess.\",\"breadcrumb\":{\"@id\":\"https:\/\/www.movacolor.com\/de\/anwendungen\/rohre-profile\/#breadcrumb\"},\"inLanguage\":\"de\",\"potentialAction\":[{\"@type\":\"ReadAction\",\"target\":[\"https:\/\/www.movacolor.com\/de\/anwendungen\/rohre-profile\/\"]}]},{\"@type\":\"ImageObject\",\"inLanguage\":\"de\",\"@id\":\"https:\/\/www.movacolor.com\/de\/anwendungen\/rohre-profile\/#primaryimage\",\"url\":\"https:\/\/www.movacolor.com\/wp-content\/uploads\/2023\/03\/10-pipes.jpg\",\"contentUrl\":\"https:\/\/www.movacolor.com\/wp-content\/uploads\/2023\/03\/10-pipes.jpg\",\"width\":727,\"height\":660,\"caption\":\"Pipes\"},{\"@type\":\"BreadcrumbList\",\"@id\":\"https:\/\/www.movacolor.com\/de\/anwendungen\/rohre-profile\/#breadcrumb\",\"itemListElement\":[{\"@type\":\"ListItem\",\"position\":1,\"name\":\"Home\",\"item\":\"https:\/\/www.movacolor.com\/de\/\"},{\"@type\":\"ListItem\",\"position\":2,\"name\":\"Anwendungen\",\"item\":\"https:\/\/www.movacolor.com\/de\/anwendungen\/\"},{\"@type\":\"ListItem\",\"position\":3,\"name\":\"Rohre &#038; Profile\"}]},{\"@type\":\"WebSite\",\"@id\":\"https:\/\/www.movacolor.com\/de\/#website\",\"url\":\"https:\/\/www.movacolor.com\/de\/\",\"name\":\"Movacolor\",\"description\":\"modular dosing solutions\",\"potentialAction\":[{\"@type\":\"SearchAction\",\"target\":{\"@type\":\"EntryPoint\",\"urlTemplate\":\"https:\/\/www.movacolor.com\/de\/?s={search_term_string}\"},\"query-input\":{\"@type\":\"PropertyValueSpecification\",\"valueRequired\":true,\"valueName\":\"search_term_string\"}}],\"inLanguage\":\"de\"}]}<\/script>\n<!-- \/ Yoast SEO plugin. -->","yoast_head_json":{"title":"Rohre & Profile - Movacolor","description":"Pr\u00e4zise Dosierung f\u00fcr Rohre & Profile: Movacolor Dosierger\u00e4te bieten kontinuierliche Farbstoffzufuhr und Kontrolle im Kunststoff-Extrusionsprozess.","robots":{"index":"index","follow":"follow","max-snippet":"max-snippet:-1","max-image-preview":"max-image-preview:large","max-video-preview":"max-video-preview:-1"},"canonical":"https:\/\/www.movacolor.com\/de\/anwendungen\/rohre-profile\/","og_locale":"de_DE","og_type":"article","og_title":"Rohre & Profile - Movacolor","og_description":"Pr\u00e4zise Dosierung f\u00fcr Rohre & Profile: Movacolor Dosierger\u00e4te bieten kontinuierliche Farbstoffzufuhr und Kontrolle im Kunststoff-Extrusionsprozess.","og_url":"https:\/\/www.movacolor.com\/de\/anwendungen\/rohre-profile\/","og_site_name":"Movacolor","article_modified_time":"2024-02-09T16:51:05+00:00","og_image":[{"width":727,"height":660,"url":"https:\/\/www.movacolor.com\/wp-content\/uploads\/2023\/03\/10-pipes.jpg","type":"image\/jpeg"}],"twitter_card":"summary_large_image","twitter_misc":{"Gesch\u00e4tzte Lesezeit":"1\u00a0Minute"},"schema":{"@context":"https:\/\/schema.org","@graph":[{"@type":"WebPage","@id":"https:\/\/www.movacolor.com\/de\/anwendungen\/rohre-profile\/","url":"https:\/\/www.movacolor.com\/de\/anwendungen\/rohre-profile\/","name":"Rohre & Profile - Movacolor","isPartOf":{"@id":"https:\/\/www.movacolor.com\/de\/#website"},"primaryImageOfPage":{"@id":"https:\/\/www.movacolor.com\/de\/anwendungen\/rohre-profile\/#primaryimage"},"image":{"@id":"https:\/\/www.movacolor.com\/de\/anwendungen\/rohre-profile\/#primaryimage"},"thumbnailUrl":"https:\/\/www.movacolor.com\/wp-content\/uploads\/2023\/03\/10-pipes.jpg","datePublished":"2023-03-22T11:57:30+00:00","dateModified":"2024-02-09T16:51:05+00:00","description":"Pr\u00e4zise Dosierung f\u00fcr Rohre & Profile: Movacolor Dosierger\u00e4te bieten kontinuierliche Farbstoffzufuhr und Kontrolle im Kunststoff-Extrusionsprozess.","breadcrumb":{"@id":"https:\/\/www.movacolor.com\/de\/anwendungen\/rohre-profile\/#breadcrumb"},"inLanguage":"de","potentialAction":[{"@type":"ReadAction","target":["https:\/\/www.movacolor.com\/de\/anwendungen\/rohre-profile\/"]}]},{"@type":"ImageObject","inLanguage":"de","@id":"https:\/\/www.movacolor.com\/de\/anwendungen\/rohre-profile\/#primaryimage","url":"https:\/\/www.movacolor.com\/wp-content\/uploads\/2023\/03\/10-pipes.jpg","contentUrl":"https:\/\/www.movacolor.com\/wp-content\/uploads\/2023\/03\/10-pipes.jpg","width":727,"height":660,"caption":"Pipes"},{"@type":"BreadcrumbList","@id":"https:\/\/www.movacolor.com\/de\/anwendungen\/rohre-profile\/#breadcrumb","itemListElement":[{"@type":"ListItem","position":1,"name":"Home","item":"https:\/\/www.movacolor.com\/de\/"},{"@type":"ListItem","position":2,"name":"Anwendungen","item":"https:\/\/www.movacolor.com\/de\/anwendungen\/"},{"@type":"ListItem","position":3,"name":"Rohre &#038; Profile"}]},{"@type":"WebSite","@id":"https:\/\/www.movacolor.com\/de\/#website","url":"https:\/\/www.movacolor.com\/de\/","name":"Movacolor","description":"modular dosing solutions","potentialAction":[{"@type":"SearchAction","target":{"@type":"EntryPoint","urlTemplate":"https:\/\/www.movacolor.com\/de\/?s={search_term_string}"},"query-input":{"@type":"PropertyValueSpecification","valueRequired":true,"valueName":"search_term_string"}}],"inLanguage":"de"}]}},"_links":{"self":[{"href":"https:\/\/www.movacolor.com\/de\/wp-json\/wp\/v2\/pages\/6095","targetHints":{"allow":["GET"]}}],"collection":[{"href":"https:\/\/www.movacolor.com\/de\/wp-json\/wp\/v2\/pages"}],"about":[{"href":"https:\/\/www.movacolor.com\/de\/wp-json\/wp\/v2\/types\/page"}],"author":[{"embeddable":true,"href":"https:\/\/www.movacolor.com\/de\/wp-json\/wp\/v2\/users\/6"}],"replies":[{"embeddable":true,"href":"https:\/\/www.movacolor.com\/de\/wp-json\/wp\/v2\/comments?post=6095"}],"version-history":[{"count":3,"href":"https:\/\/www.movacolor.com\/de\/wp-json\/wp\/v2\/pages\/6095\/revisions"}],"predecessor-version":[{"id":8322,"href":"https:\/\/www.movacolor.com\/de\/wp-json\/wp\/v2\/pages\/6095\/revisions\/8322"}],"up":[{"embeddable":true,"href":"https:\/\/www.movacolor.com\/de\/wp-json\/wp\/v2\/pages\/4368"}],"wp:featuredmedia":[{"embeddable":true,"href":"https:\/\/www.movacolor.com\/de\/wp-json\/wp\/v2\/media\/3574"}],"wp:attachment":[{"href":"https:\/\/www.movacolor.com\/de\/wp-json\/wp\/v2\/media?parent=6095"}],"curies":[{"name":"wp","href":"https:\/\/api.w.org\/{rel}","templated":true}]}}