{"id":6093,"date":"2023-03-22T14:02:50","date_gmt":"2023-03-22T12:02:50","guid":{"rendered":"https:\/\/www.movacolor.com\/anwendungen\/platten\/"},"modified":"2023-11-30T12:40:53","modified_gmt":"2023-11-30T10:40:53","slug":"platten","status":"publish","type":"page","link":"https:\/\/www.movacolor.com\/de\/anwendungen\/platten\/","title":{"rendered":"Platten"},"content":{"rendered":"<p>Movacolor entwickelt und fertigt Zufuhrvorrichtungen f\u00fcr den Fertigungsprozess von Platten im Extrudierverfahren. Alle unsere gravimetrischen und volumetrischen Dosierger\u00e4te sind leicht zu betreiben. Der modulare Entwurf erleichtert dem Hersteller die Anpassung oder Aufr\u00fcstung des Dosierungssystems f\u00fcr das Extrudieren von Platten.<\/p>\n","protected":false},"excerpt":{"rendered":"<p>Movacolor entwickelt und fertigt Zufuhrvorrichtungen f\u00fcr den Fertigungsprozess von Platten im Extrudierverfahren. Alle unsere gravimetrischen und volumetrischen Dosierger\u00e4te sind leicht zu betreiben. Der modulare Entwurf erleichtert dem Hersteller die Anpassung oder Aufr\u00fcstung des Dosierungssystems f\u00fcr das Extrudieren von Platten.<\/p>\n","protected":false},"author":6,"featured_media":3540,"parent":4368,"menu_order":0,"comment_status":"closed","ping_status":"closed","template":"","meta":{"_acf_changed":false,"footnotes":""},"class_list":["post-6093","page","type-page","status-publish","has-post-thumbnail","hentry","us_portfolio_tag-platten"],"acf":[],"yoast_head":"<!-- This site is optimized with the Yoast SEO plugin v26.4 - https:\/\/yoast.com\/wordpress\/plugins\/seo\/ -->\n<title>Platten - Movacolor<\/title>\n<meta name=\"description\" content=\"Unsere gravimetrischen Dosiersysteme bieten Vorteile in der Plattenproduktion mit erh\u00f6hter Effizienz und Einsparungen durch Gewichtsverlustmessung.\" \/>\n<meta name=\"robots\" content=\"index, follow, max-snippet:-1, max-image-preview:large, max-video-preview:-1\" \/>\n<link rel=\"canonical\" href=\"https:\/\/www.movacolor.com\/de\/anwendungen\/platten\/\" \/>\n<meta property=\"og:locale\" content=\"de_DE\" \/>\n<meta property=\"og:type\" content=\"article\" \/>\n<meta property=\"og:title\" content=\"Platten - Movacolor\" \/>\n<meta property=\"og:description\" content=\"Unsere gravimetrischen Dosiersysteme bieten Vorteile in der Plattenproduktion mit erh\u00f6hter Effizienz und Einsparungen durch Gewichtsverlustmessung.\" \/>\n<meta property=\"og:url\" content=\"https:\/\/www.movacolor.com\/de\/anwendungen\/platten\/\" \/>\n<meta property=\"og:site_name\" content=\"Movacolor\" \/>\n<meta property=\"article:modified_time\" content=\"2023-11-30T10:40:53+00:00\" \/>\n<meta property=\"og:image\" content=\"https:\/\/www.movacolor.com\/wp-content\/uploads\/2023\/03\/Sheets.jpg\" \/>\n\t<meta property=\"og:image:width\" content=\"863\" \/>\n\t<meta property=\"og:image:height\" content=\"556\" \/>\n\t<meta property=\"og:image:type\" content=\"image\/jpeg\" \/>\n<meta name=\"twitter:card\" content=\"summary_large_image\" \/>\n<meta name=\"twitter:label1\" content=\"Gesch\u00e4tzte Lesezeit\" \/>\n\t<meta name=\"twitter:data1\" content=\"1\u00a0Minute\" \/>\n<script type=\"application\/ld+json\" class=\"yoast-schema-graph\">{\"@context\":\"https:\/\/schema.org\",\"@graph\":[{\"@type\":\"WebPage\",\"@id\":\"https:\/\/www.movacolor.com\/de\/anwendungen\/platten\/\",\"url\":\"https:\/\/www.movacolor.com\/de\/anwendungen\/platten\/\",\"name\":\"Platten - Movacolor\",\"isPartOf\":{\"@id\":\"https:\/\/www.movacolor.com\/de\/#website\"},\"primaryImageOfPage\":{\"@id\":\"https:\/\/www.movacolor.com\/de\/anwendungen\/platten\/#primaryimage\"},\"image\":{\"@id\":\"https:\/\/www.movacolor.com\/de\/anwendungen\/platten\/#primaryimage\"},\"thumbnailUrl\":\"https:\/\/www.movacolor.com\/wp-content\/uploads\/2023\/03\/Sheets.jpg\",\"datePublished\":\"2023-03-22T12:02:50+00:00\",\"dateModified\":\"2023-11-30T10:40:53+00:00\",\"description\":\"Unsere gravimetrischen Dosiersysteme bieten Vorteile in der Plattenproduktion mit erh\u00f6hter Effizienz und Einsparungen durch Gewichtsverlustmessung.\",\"breadcrumb\":{\"@id\":\"https:\/\/www.movacolor.com\/de\/anwendungen\/platten\/#breadcrumb\"},\"inLanguage\":\"de\",\"potentialAction\":[{\"@type\":\"ReadAction\",\"target\":[\"https:\/\/www.movacolor.com\/de\/anwendungen\/platten\/\"]}]},{\"@type\":\"ImageObject\",\"inLanguage\":\"de\",\"@id\":\"https:\/\/www.movacolor.com\/de\/anwendungen\/platten\/#primaryimage\",\"url\":\"https:\/\/www.movacolor.com\/wp-content\/uploads\/2023\/03\/Sheets.jpg\",\"contentUrl\":\"https:\/\/www.movacolor.com\/wp-content\/uploads\/2023\/03\/Sheets.jpg\",\"width\":863,\"height\":556,\"caption\":\"Sheets\"},{\"@type\":\"BreadcrumbList\",\"@id\":\"https:\/\/www.movacolor.com\/de\/anwendungen\/platten\/#breadcrumb\",\"itemListElement\":[{\"@type\":\"ListItem\",\"position\":1,\"name\":\"Home\",\"item\":\"https:\/\/www.movacolor.com\/de\/\"},{\"@type\":\"ListItem\",\"position\":2,\"name\":\"Anwendungen\",\"item\":\"https:\/\/www.movacolor.com\/de\/anwendungen\/\"},{\"@type\":\"ListItem\",\"position\":3,\"name\":\"Platten\"}]},{\"@type\":\"WebSite\",\"@id\":\"https:\/\/www.movacolor.com\/de\/#website\",\"url\":\"https:\/\/www.movacolor.com\/de\/\",\"name\":\"Movacolor\",\"description\":\"modular dosing solutions\",\"potentialAction\":[{\"@type\":\"SearchAction\",\"target\":{\"@type\":\"EntryPoint\",\"urlTemplate\":\"https:\/\/www.movacolor.com\/de\/?s={search_term_string}\"},\"query-input\":{\"@type\":\"PropertyValueSpecification\",\"valueRequired\":true,\"valueName\":\"search_term_string\"}}],\"inLanguage\":\"de\"}]}<\/script>\n<!-- \/ Yoast SEO plugin. -->","yoast_head_json":{"title":"Platten - Movacolor","description":"Unsere gravimetrischen Dosiersysteme bieten Vorteile in der Plattenproduktion mit erh\u00f6hter Effizienz und Einsparungen durch Gewichtsverlustmessung.","robots":{"index":"index","follow":"follow","max-snippet":"max-snippet:-1","max-image-preview":"max-image-preview:large","max-video-preview":"max-video-preview:-1"},"canonical":"https:\/\/www.movacolor.com\/de\/anwendungen\/platten\/","og_locale":"de_DE","og_type":"article","og_title":"Platten - Movacolor","og_description":"Unsere gravimetrischen Dosiersysteme bieten Vorteile in der Plattenproduktion mit erh\u00f6hter Effizienz und Einsparungen durch Gewichtsverlustmessung.","og_url":"https:\/\/www.movacolor.com\/de\/anwendungen\/platten\/","og_site_name":"Movacolor","article_modified_time":"2023-11-30T10:40:53+00:00","og_image":[{"width":863,"height":556,"url":"https:\/\/www.movacolor.com\/wp-content\/uploads\/2023\/03\/Sheets.jpg","type":"image\/jpeg"}],"twitter_card":"summary_large_image","twitter_misc":{"Gesch\u00e4tzte Lesezeit":"1\u00a0Minute"},"schema":{"@context":"https:\/\/schema.org","@graph":[{"@type":"WebPage","@id":"https:\/\/www.movacolor.com\/de\/anwendungen\/platten\/","url":"https:\/\/www.movacolor.com\/de\/anwendungen\/platten\/","name":"Platten - Movacolor","isPartOf":{"@id":"https:\/\/www.movacolor.com\/de\/#website"},"primaryImageOfPage":{"@id":"https:\/\/www.movacolor.com\/de\/anwendungen\/platten\/#primaryimage"},"image":{"@id":"https:\/\/www.movacolor.com\/de\/anwendungen\/platten\/#primaryimage"},"thumbnailUrl":"https:\/\/www.movacolor.com\/wp-content\/uploads\/2023\/03\/Sheets.jpg","datePublished":"2023-03-22T12:02:50+00:00","dateModified":"2023-11-30T10:40:53+00:00","description":"Unsere gravimetrischen Dosiersysteme bieten Vorteile in der Plattenproduktion mit erh\u00f6hter Effizienz und Einsparungen durch Gewichtsverlustmessung.","breadcrumb":{"@id":"https:\/\/www.movacolor.com\/de\/anwendungen\/platten\/#breadcrumb"},"inLanguage":"de","potentialAction":[{"@type":"ReadAction","target":["https:\/\/www.movacolor.com\/de\/anwendungen\/platten\/"]}]},{"@type":"ImageObject","inLanguage":"de","@id":"https:\/\/www.movacolor.com\/de\/anwendungen\/platten\/#primaryimage","url":"https:\/\/www.movacolor.com\/wp-content\/uploads\/2023\/03\/Sheets.jpg","contentUrl":"https:\/\/www.movacolor.com\/wp-content\/uploads\/2023\/03\/Sheets.jpg","width":863,"height":556,"caption":"Sheets"},{"@type":"BreadcrumbList","@id":"https:\/\/www.movacolor.com\/de\/anwendungen\/platten\/#breadcrumb","itemListElement":[{"@type":"ListItem","position":1,"name":"Home","item":"https:\/\/www.movacolor.com\/de\/"},{"@type":"ListItem","position":2,"name":"Anwendungen","item":"https:\/\/www.movacolor.com\/de\/anwendungen\/"},{"@type":"ListItem","position":3,"name":"Platten"}]},{"@type":"WebSite","@id":"https:\/\/www.movacolor.com\/de\/#website","url":"https:\/\/www.movacolor.com\/de\/","name":"Movacolor","description":"modular dosing solutions","potentialAction":[{"@type":"SearchAction","target":{"@type":"EntryPoint","urlTemplate":"https:\/\/www.movacolor.com\/de\/?s={search_term_string}"},"query-input":{"@type":"PropertyValueSpecification","valueRequired":true,"valueName":"search_term_string"}}],"inLanguage":"de"}]}},"_links":{"self":[{"href":"https:\/\/www.movacolor.com\/de\/wp-json\/wp\/v2\/pages\/6093","targetHints":{"allow":["GET"]}}],"collection":[{"href":"https:\/\/www.movacolor.com\/de\/wp-json\/wp\/v2\/pages"}],"about":[{"href":"https:\/\/www.movacolor.com\/de\/wp-json\/wp\/v2\/types\/page"}],"author":[{"embeddable":true,"href":"https:\/\/www.movacolor.com\/de\/wp-json\/wp\/v2\/users\/6"}],"replies":[{"embeddable":true,"href":"https:\/\/www.movacolor.com\/de\/wp-json\/wp\/v2\/comments?post=6093"}],"version-history":[{"count":1,"href":"https:\/\/www.movacolor.com\/de\/wp-json\/wp\/v2\/pages\/6093\/revisions"}],"predecessor-version":[{"id":6172,"href":"https:\/\/www.movacolor.com\/de\/wp-json\/wp\/v2\/pages\/6093\/revisions\/6172"}],"up":[{"embeddable":true,"href":"https:\/\/www.movacolor.com\/de\/wp-json\/wp\/v2\/pages\/4368"}],"wp:featuredmedia":[{"embeddable":true,"href":"https:\/\/www.movacolor.com\/de\/wp-json\/wp\/v2\/media\/3540"}],"wp:attachment":[{"href":"https:\/\/www.movacolor.com\/de\/wp-json\/wp\/v2\/media?parent=6093"}],"curies":[{"name":"wp","href":"https:\/\/api.w.org\/{rel}","templated":true}]}}