{"id":6092,"date":"2023-03-22T14:13:56","date_gmt":"2023-03-22T12:13:56","guid":{"rendered":"https:\/\/www.movacolor.com\/anwendungen\/spielzeug\/"},"modified":"2024-02-09T20:40:30","modified_gmt":"2024-02-09T18:40:30","slug":"spielzeug","status":"publish","type":"page","link":"https:\/\/www.movacolor.com\/de\/anwendungen\/spielzeug\/","title":{"rendered":"Spielzeug"},"content":{"rendered":"<p>Spielzeugproduzenten sind auf Pr\u00e4zisionsdosierung und Stabilit\u00e4t angewiesen. Von den kleinsten Teilen bis hin zum gr\u00f6\u00dften Spielzeug m\u00fcssen sie schnelle Farbwechsel durchf\u00fchren k\u00f6nnen. Mit einem gravimetrischen oder volumetrischen Dosierger\u00e4t k\u00f6nnen sie Farbwechsel innerhalb von 60 Sekunden durchf\u00fchren.<\/p>\n","protected":false},"excerpt":{"rendered":"<p>Spielzeugproduzenten sind auf Pr\u00e4zisionsdosierung und Stabilit\u00e4t angewiesen. Von den kleinsten Teilen bis hin zum gr\u00f6\u00dften Spielzeug m\u00fcssen sie schnelle Farbwechsel durchf\u00fchren k\u00f6nnen. Mit einem gravimetrischen oder volumetrischen Dosierger\u00e4t k\u00f6nnen sie Farbwechsel innerhalb von 60 Sekunden durchf\u00fchren.<\/p>\n","protected":false},"author":6,"featured_media":3548,"parent":4368,"menu_order":0,"comment_status":"closed","ping_status":"closed","template":"","meta":{"_acf_changed":false,"footnotes":""},"class_list":["post-6092","page","type-page","status-publish","has-post-thumbnail","hentry","us_portfolio_tag-spielzeug"],"acf":[],"yoast_head":"<!-- This site is optimized with the Yoast SEO plugin v26.4 - https:\/\/yoast.com\/wordpress\/plugins\/seo\/ -->\n<title>Spielzeug - Movacolor<\/title>\n<meta name=\"description\" content=\"Prazise Dosierung f\u00fcr Spielzeughersteller. Schnelle Farbwechsel in 60 Sekunden mit MCTwin-Technologie. Verbessern Sie Qualit\u00e4t, sparen Sie Material.\" \/>\n<meta name=\"robots\" content=\"index, follow, max-snippet:-1, max-image-preview:large, max-video-preview:-1\" \/>\n<link rel=\"canonical\" href=\"https:\/\/www.movacolor.com\/de\/anwendungen\/spielzeug\/\" \/>\n<meta property=\"og:locale\" content=\"de_DE\" \/>\n<meta property=\"og:type\" content=\"article\" \/>\n<meta property=\"og:title\" content=\"Spielzeug - Movacolor\" \/>\n<meta property=\"og:description\" content=\"Prazise Dosierung f\u00fcr Spielzeughersteller. Schnelle Farbwechsel in 60 Sekunden mit MCTwin-Technologie. Verbessern Sie Qualit\u00e4t, sparen Sie Material.\" \/>\n<meta property=\"og:url\" content=\"https:\/\/www.movacolor.com\/de\/anwendungen\/spielzeug\/\" \/>\n<meta property=\"og:site_name\" content=\"Movacolor\" \/>\n<meta property=\"article:modified_time\" content=\"2024-02-09T18:40:30+00:00\" \/>\n<meta property=\"og:image\" content=\"https:\/\/www.movacolor.com\/wp-content\/uploads\/2023\/03\/Playmobil-aquarium.jpg\" \/>\n\t<meta property=\"og:image:width\" content=\"1160\" \/>\n\t<meta property=\"og:image:height\" content=\"1160\" \/>\n\t<meta property=\"og:image:type\" content=\"image\/jpeg\" \/>\n<meta name=\"twitter:card\" content=\"summary_large_image\" \/>\n<meta name=\"twitter:label1\" content=\"Gesch\u00e4tzte Lesezeit\" \/>\n\t<meta name=\"twitter:data1\" content=\"1\u00a0Minute\" \/>\n<script type=\"application\/ld+json\" class=\"yoast-schema-graph\">{\"@context\":\"https:\/\/schema.org\",\"@graph\":[{\"@type\":\"WebPage\",\"@id\":\"https:\/\/www.movacolor.com\/de\/anwendungen\/spielzeug\/\",\"url\":\"https:\/\/www.movacolor.com\/de\/anwendungen\/spielzeug\/\",\"name\":\"Spielzeug - Movacolor\",\"isPartOf\":{\"@id\":\"https:\/\/www.movacolor.com\/de\/#website\"},\"primaryImageOfPage\":{\"@id\":\"https:\/\/www.movacolor.com\/de\/anwendungen\/spielzeug\/#primaryimage\"},\"image\":{\"@id\":\"https:\/\/www.movacolor.com\/de\/anwendungen\/spielzeug\/#primaryimage\"},\"thumbnailUrl\":\"https:\/\/www.movacolor.com\/wp-content\/uploads\/2023\/03\/Playmobil-aquarium.jpg\",\"datePublished\":\"2023-03-22T12:13:56+00:00\",\"dateModified\":\"2024-02-09T18:40:30+00:00\",\"description\":\"Prazise Dosierung f\u00fcr Spielzeughersteller. Schnelle Farbwechsel in 60 Sekunden mit MCTwin-Technologie. Verbessern Sie Qualit\u00e4t, sparen Sie Material.\",\"breadcrumb\":{\"@id\":\"https:\/\/www.movacolor.com\/de\/anwendungen\/spielzeug\/#breadcrumb\"},\"inLanguage\":\"de\",\"potentialAction\":[{\"@type\":\"ReadAction\",\"target\":[\"https:\/\/www.movacolor.com\/de\/anwendungen\/spielzeug\/\"]}]},{\"@type\":\"ImageObject\",\"inLanguage\":\"de\",\"@id\":\"https:\/\/www.movacolor.com\/de\/anwendungen\/spielzeug\/#primaryimage\",\"url\":\"https:\/\/www.movacolor.com\/wp-content\/uploads\/2023\/03\/Playmobil-aquarium.jpg\",\"contentUrl\":\"https:\/\/www.movacolor.com\/wp-content\/uploads\/2023\/03\/Playmobil-aquarium.jpg\",\"width\":1160,\"height\":1160,\"caption\":\"Playmobil aquarium\"},{\"@type\":\"BreadcrumbList\",\"@id\":\"https:\/\/www.movacolor.com\/de\/anwendungen\/spielzeug\/#breadcrumb\",\"itemListElement\":[{\"@type\":\"ListItem\",\"position\":1,\"name\":\"Home\",\"item\":\"https:\/\/www.movacolor.com\/de\/\"},{\"@type\":\"ListItem\",\"position\":2,\"name\":\"Anwendungen\",\"item\":\"https:\/\/www.movacolor.com\/de\/anwendungen\/\"},{\"@type\":\"ListItem\",\"position\":3,\"name\":\"Spielzeug\"}]},{\"@type\":\"WebSite\",\"@id\":\"https:\/\/www.movacolor.com\/de\/#website\",\"url\":\"https:\/\/www.movacolor.com\/de\/\",\"name\":\"Movacolor\",\"description\":\"modular dosing solutions\",\"potentialAction\":[{\"@type\":\"SearchAction\",\"target\":{\"@type\":\"EntryPoint\",\"urlTemplate\":\"https:\/\/www.movacolor.com\/de\/?s={search_term_string}\"},\"query-input\":{\"@type\":\"PropertyValueSpecification\",\"valueRequired\":true,\"valueName\":\"search_term_string\"}}],\"inLanguage\":\"de\"}]}<\/script>\n<!-- \/ Yoast SEO plugin. -->","yoast_head_json":{"title":"Spielzeug - Movacolor","description":"Prazise Dosierung f\u00fcr Spielzeughersteller. Schnelle Farbwechsel in 60 Sekunden mit MCTwin-Technologie. Verbessern Sie Qualit\u00e4t, sparen Sie Material.","robots":{"index":"index","follow":"follow","max-snippet":"max-snippet:-1","max-image-preview":"max-image-preview:large","max-video-preview":"max-video-preview:-1"},"canonical":"https:\/\/www.movacolor.com\/de\/anwendungen\/spielzeug\/","og_locale":"de_DE","og_type":"article","og_title":"Spielzeug - Movacolor","og_description":"Prazise Dosierung f\u00fcr Spielzeughersteller. Schnelle Farbwechsel in 60 Sekunden mit MCTwin-Technologie. Verbessern Sie Qualit\u00e4t, sparen Sie Material.","og_url":"https:\/\/www.movacolor.com\/de\/anwendungen\/spielzeug\/","og_site_name":"Movacolor","article_modified_time":"2024-02-09T18:40:30+00:00","og_image":[{"width":1160,"height":1160,"url":"https:\/\/www.movacolor.com\/wp-content\/uploads\/2023\/03\/Playmobil-aquarium.jpg","type":"image\/jpeg"}],"twitter_card":"summary_large_image","twitter_misc":{"Gesch\u00e4tzte Lesezeit":"1\u00a0Minute"},"schema":{"@context":"https:\/\/schema.org","@graph":[{"@type":"WebPage","@id":"https:\/\/www.movacolor.com\/de\/anwendungen\/spielzeug\/","url":"https:\/\/www.movacolor.com\/de\/anwendungen\/spielzeug\/","name":"Spielzeug - Movacolor","isPartOf":{"@id":"https:\/\/www.movacolor.com\/de\/#website"},"primaryImageOfPage":{"@id":"https:\/\/www.movacolor.com\/de\/anwendungen\/spielzeug\/#primaryimage"},"image":{"@id":"https:\/\/www.movacolor.com\/de\/anwendungen\/spielzeug\/#primaryimage"},"thumbnailUrl":"https:\/\/www.movacolor.com\/wp-content\/uploads\/2023\/03\/Playmobil-aquarium.jpg","datePublished":"2023-03-22T12:13:56+00:00","dateModified":"2024-02-09T18:40:30+00:00","description":"Prazise Dosierung f\u00fcr Spielzeughersteller. Schnelle Farbwechsel in 60 Sekunden mit MCTwin-Technologie. Verbessern Sie Qualit\u00e4t, sparen Sie Material.","breadcrumb":{"@id":"https:\/\/www.movacolor.com\/de\/anwendungen\/spielzeug\/#breadcrumb"},"inLanguage":"de","potentialAction":[{"@type":"ReadAction","target":["https:\/\/www.movacolor.com\/de\/anwendungen\/spielzeug\/"]}]},{"@type":"ImageObject","inLanguage":"de","@id":"https:\/\/www.movacolor.com\/de\/anwendungen\/spielzeug\/#primaryimage","url":"https:\/\/www.movacolor.com\/wp-content\/uploads\/2023\/03\/Playmobil-aquarium.jpg","contentUrl":"https:\/\/www.movacolor.com\/wp-content\/uploads\/2023\/03\/Playmobil-aquarium.jpg","width":1160,"height":1160,"caption":"Playmobil aquarium"},{"@type":"BreadcrumbList","@id":"https:\/\/www.movacolor.com\/de\/anwendungen\/spielzeug\/#breadcrumb","itemListElement":[{"@type":"ListItem","position":1,"name":"Home","item":"https:\/\/www.movacolor.com\/de\/"},{"@type":"ListItem","position":2,"name":"Anwendungen","item":"https:\/\/www.movacolor.com\/de\/anwendungen\/"},{"@type":"ListItem","position":3,"name":"Spielzeug"}]},{"@type":"WebSite","@id":"https:\/\/www.movacolor.com\/de\/#website","url":"https:\/\/www.movacolor.com\/de\/","name":"Movacolor","description":"modular dosing solutions","potentialAction":[{"@type":"SearchAction","target":{"@type":"EntryPoint","urlTemplate":"https:\/\/www.movacolor.com\/de\/?s={search_term_string}"},"query-input":{"@type":"PropertyValueSpecification","valueRequired":true,"valueName":"search_term_string"}}],"inLanguage":"de"}]}},"_links":{"self":[{"href":"https:\/\/www.movacolor.com\/de\/wp-json\/wp\/v2\/pages\/6092","targetHints":{"allow":["GET"]}}],"collection":[{"href":"https:\/\/www.movacolor.com\/de\/wp-json\/wp\/v2\/pages"}],"about":[{"href":"https:\/\/www.movacolor.com\/de\/wp-json\/wp\/v2\/types\/page"}],"author":[{"embeddable":true,"href":"https:\/\/www.movacolor.com\/de\/wp-json\/wp\/v2\/users\/6"}],"replies":[{"embeddable":true,"href":"https:\/\/www.movacolor.com\/de\/wp-json\/wp\/v2\/comments?post=6092"}],"version-history":[{"count":1,"href":"https:\/\/www.movacolor.com\/de\/wp-json\/wp\/v2\/pages\/6092\/revisions"}],"predecessor-version":[{"id":6171,"href":"https:\/\/www.movacolor.com\/de\/wp-json\/wp\/v2\/pages\/6092\/revisions\/6171"}],"up":[{"embeddable":true,"href":"https:\/\/www.movacolor.com\/de\/wp-json\/wp\/v2\/pages\/4368"}],"wp:featuredmedia":[{"embeddable":true,"href":"https:\/\/www.movacolor.com\/de\/wp-json\/wp\/v2\/media\/3548"}],"wp:attachment":[{"href":"https:\/\/www.movacolor.com\/de\/wp-json\/wp\/v2\/media?parent=6092"}],"curies":[{"name":"wp","href":"https:\/\/api.w.org\/{rel}","templated":true}]}}