{"id":6057,"date":"2023-01-03T12:28:03","date_gmt":"2023-01-03T10:28:03","guid":{"rendered":"https:\/\/www.movacolor.com\/prozess\/"},"modified":"2024-02-08T22:27:04","modified_gmt":"2024-02-08T20:27:04","slug":"prozess","status":"publish","type":"page","link":"https:\/\/www.movacolor.com\/de\/prozess\/","title":{"rendered":"Prozess"},"content":{"rendered":"<section class=\"l-section wpb_row us_custom_645e9f38 us_animate_this height_auto\"><div class=\"l-section-h i-cf\"><div class=\"g-cols vc_row via_flex valign_top type_boxes stacking_default\"><div class=\"vc_col-sm-12 wpb_column vc_column_container\"><div class=\"vc_column-inner us_custom_3d831995\"><div class=\"wpb_wrapper\"><div class=\"wpb_text_column\"><div class=\"wpb_wrapper\"><h2>Holen Sie mit unseren modularen Dosier- und Mischl\u00f6sungen das Beste aus Ihrem Produktionsprozess heraus.<\/h2>\n<\/div><\/div><\/div><\/div><\/div><\/div><\/div><\/section><section class=\"l-section wpb_row us_custom_b0c8f7d6 height_auto\"><div class=\"l-section-h i-cf\"><div class=\"g-cols vc_row via_flex valign_top type_default stacking_default\"><div class=\"vc_col-sm-12 wpb_column vc_column_container\"><div class=\"vc_column-inner us_custom_f44b38f2\"><div class=\"wpb_wrapper\"><div class=\"w-post-elm post_image us_custom_6eef1e9e us_animate_this stretched\"><img loading=\"lazy\" decoding=\"async\" width=\"1500\" height=\"800\" src=\"https:\/\/www.movacolor.com\/wp-content\/uploads\/2023\/01\/mvc_process-1500x800.jpg\" class=\"attachment-us_1500_800_crop size-us_1500_800_crop wp-post-image\" alt=\"\" \/><\/div><\/div><\/div><\/div><\/div><\/div><\/section><section class=\"l-section wpb_row us_custom_2231b372 height_auto\"><div class=\"l-section-h i-cf\"><div class=\"g-cols vc_row via_flex valign_top type_boxes stacking_default\"><div class=\"vc_col-sm-12 wpb_column vc_column_container\"><div class=\"vc_column-inner\"><div class=\"wpb_wrapper\"><div class=\"w-separator size_custom\" style=\"height:7vmin\" id=\"gd56\"><style>@media(max-width:1499px){ #gd56{height:0rem!important}}@media(max-width:1024px){ #gd56{height:0rem!important}}<\/style><\/div><div class=\"wpb_text_column us_custom_60e9caca us_animate_this\"><div class=\"wpb_wrapper\"><p>Unsere L\u00f6sungen helfen Ihnen, Geld bei den Rohstoffen zu sparen, Ihren Produktionsprozess zu optimieren und die Qualit\u00e4t Ihres Endprodukts zu verbessern.<\/p>\n<p>Sind Sie besorgt, dass es keine Dosierl\u00f6sung f\u00fcr Ihren Kunststoffherstellungsprozess geben k\u00f6nnte? Suchen Sie nicht weiter; die modularen L\u00f6sungen von Movacolor erm\u00f6glichen eine vollst\u00e4ndig anpassbare Einrichtung auf der Grundlage Ihrer Anforderungen. Unser Produktspezialist hilft Ihnen bei der Bestimmung, was getan werden muss, um die bestm\u00f6gliche L\u00f6sung zu erreichen.<\/p>\n<\/div><\/div><div class=\"w-btn-wrapper align_none\"><a class=\"w-btn us-btn-style_1 us_custom_e177aafb us_animate_this\" href=\"https:\/\/www.movacolor.com\/de\/produktkategorien\/\"><span class=\"w-btn-label\">Mehr Informationen<\/span><\/a><\/div><div class=\"w-separator size_custom\" style=\"height:5vmin\" id=\"e18a\"><style>@media(max-width:768px){ #e18a{height:1.5rem!important}}@media(max-width:1024px){ #e18a{height:0rem!important}}<\/style><\/div><\/div><\/div><\/div><\/div><\/div><\/section><section class=\"l-section wpb_row height_medium\"><div class=\"l-section-h i-cf\"><div class=\"g-cols vc_row via_flex valign_top type_boxes stacking_default\"><div class=\"vc_col-sm-12 wpb_column vc_column_container\"><div class=\"vc_column-inner us_custom_5548ed63\"><div class=\"wpb_wrapper\"><div class=\"wpb_text_column us_custom_60e9caca us_animate_this\"><div class=\"wpb_wrapper\"><h2>Prozesse<\/h2>\n<\/div><\/div><div class=\"w-grid us_grid us_custom_e177aafb us_animate_this type_grid layout_1428 cols_3 preload_style_spinner\" id=\"us_grid_1\" style=\"--columns:3;--gap:0.5rem;\"><style>@media (max-width:1024px){#us_grid_1{--columns:2!important}}@media (max-width:768px){#us_grid_1{--columns:1!important}}.layout_1428 .w-grid-item-h{background:var(--color-content-bg-alt);box-shadow:0 0.08rem 0.15rem rgba(0,0,0,0.1),0 0.25rem 0.75rem rgba(0,0,0,0.1);transition-duration:0.3s}.no-touch .layout_1428 .w-grid-item-h:hover{box-shadow:0 0.03rem 0.06rem rgba(0,0,0,0.1),0 0.1rem 0.3rem rgba(0,0,0,0.15);z-index:4}.layout_1428 .usg_vwrapper_1{height:25vh!important;padding:1.5rem!important}.layout_1428 .usg_btn_1{position:absolute!important;left:1.5rem!important;bottom:1.5rem!important}.layout_1428 .usg_post_custom_field_1{width:3rem!important}@media (min-width:1025px) and (max-width:1280px){.layout_1428 .usg_vwrapper_1{height:15rem!important}}@media (min-width:769px) and (max-width:1024px){.layout_1428 .usg_vwrapper_1{height:15rem!important}}@media (max-width:768px){.layout_1428 .usg_vwrapper_1{height:15rem!important}}<\/style><div class=\"w-grid-list\">\t<article class=\"w-grid-item size_1x1 post-6127 page type-page status-publish hentry us_portfolio_tag-extrudieren\" data-id=\"6127\">\r\n\t\t<div class=\"w-grid-item-h\">\r\n\t\t\t\t\t\t<div class=\"w-vwrapper usg_vwrapper_1 align_left valign_top\"><div class=\"w-post-elm post_custom_field usg_post_custom_field_1 type_image page_icon color_link_inherit\"><img loading=\"lazy\" decoding=\"async\" width=\"1024\" height=\"1024\" src=\"https:\/\/www.movacolor.com\/wp-content\/uploads\/2023\/01\/process-extrusion.svg\" class=\"attachment-large size-large\" alt=\"extrusion\" \/><\/div><h5 class=\"w-post-elm post_title usg_post_title_1 entry-title color_link_inherit\"><a href=\"https:\/\/www.movacolor.com\/de\/prozess\/extrudieren\/\">Extrudieren<\/a><\/h5><a class=\"w-btn us-btn-style_5 usg_btn_1\" href=\"https:\/\/www.movacolor.com\/de\/prozess\/extrudieren\/\"><span class=\"w-btn-label\">Mehr lesen<\/span><\/a><\/div>\t\t<\/div>\r\n\t\t\t<\/article>\r\n\t<article class=\"w-grid-item size_1x1 post-6128 page type-page status-publish has-post-thumbnail hentry us_portfolio_tag-spritzguss\" data-id=\"6128\">\r\n\t\t<div class=\"w-grid-item-h\">\r\n\t\t\t\t\t\t<div class=\"w-vwrapper usg_vwrapper_1 align_left valign_top\"><div class=\"w-post-elm post_custom_field usg_post_custom_field_1 type_image page_icon color_link_inherit\"><img loading=\"lazy\" decoding=\"async\" width=\"1024\" height=\"1024\" src=\"https:\/\/www.movacolor.com\/wp-content\/uploads\/2023\/01\/process-injectionmolding.svg\" class=\"attachment-large size-large\" alt=\"injection molding\" \/><\/div><h5 class=\"w-post-elm post_title usg_post_title_1 entry-title color_link_inherit\"><a href=\"https:\/\/www.movacolor.com\/de\/prozess\/spritzgiesen\/\">Spritzgie\u00dfen<\/a><\/h5><a class=\"w-btn us-btn-style_5 usg_btn_1\" href=\"https:\/\/www.movacolor.com\/de\/prozess\/spritzgiesen\/\"><span class=\"w-btn-label\">Mehr lesen<\/span><\/a><\/div>\t\t<\/div>\r\n\t\t\t<\/article>\r\n\t<article class=\"w-grid-item size_1x1 post-6126 page type-page status-publish has-post-thumbnail hentry us_portfolio_tag-blasformen\" data-id=\"6126\">\r\n\t\t<div class=\"w-grid-item-h\">\r\n\t\t\t\t\t\t<div class=\"w-vwrapper usg_vwrapper_1 align_left valign_top\"><div class=\"w-post-elm post_custom_field usg_post_custom_field_1 type_image page_icon color_link_inherit\"><img loading=\"lazy\" decoding=\"async\" width=\"1024\" height=\"1024\" src=\"https:\/\/www.movacolor.com\/wp-content\/uploads\/2023\/01\/process-blowmolding.svg\" class=\"attachment-large size-large\" alt=\"blow molding\" \/><\/div><h5 class=\"w-post-elm post_title usg_post_title_1 entry-title color_link_inherit\"><a href=\"https:\/\/www.movacolor.com\/de\/prozess\/blasformen\/\">Blasformen<\/a><\/h5><a class=\"w-btn us-btn-style_5 usg_btn_1\" href=\"https:\/\/www.movacolor.com\/de\/prozess\/blasformen\/\"><span class=\"w-btn-label\">Mehr lesen<\/span><\/a><\/div>\t\t<\/div>\r\n\t\t\t<\/article>\r\n<\/div>\t<div class=\"w-grid-preloader\">\r\n\t\t<div class=\"g-preloader type_1\">\r\n\t\t\t<div><\/div>\r\n\t\t<\/div>\r\n\t<\/div>\r\n\t\t<div class=\"w-grid-json hidden\" onclick='return {&quot;action&quot;:&quot;us_ajax_grid&quot;,&quot;infinite_scroll&quot;:0,&quot;max_num_pages&quot;:1,&quot;pagination&quot;:&quot;none&quot;,&quot;template_vars&quot;:{&quot;columns&quot;:&quot;3&quot;,&quot;exclude_items&quot;:&quot;none&quot;,&quot;img_size&quot;:&quot;default&quot;,&quot;ignore_items_size&quot;:0,&quot;items_layout&quot;:&quot;1428&quot;,&quot;items_offset&quot;:&quot;1&quot;,&quot;load_animation&quot;:&quot;none&quot;,&quot;overriding_link&quot;:&quot;{\\&quot;url\\&quot;:\\&quot;\\&quot;}&quot;,&quot;post_id&quot;:0,&quot;query_args&quot;:{&quot;ignore_sticky_posts&quot;:1,&quot;post_type&quot;:&quot;any&quot;,&quot;post__in&quot;:[&quot;120&quot;,&quot;118&quot;,&quot;124&quot;],&quot;posts_per_page&quot;:&quot;999&quot;},&quot;orderby_query_args&quot;:{&quot;orderby&quot;:{&quot;post__in&quot;:&quot;ASC&quot;},&quot;order&quot;:&quot;ASC&quot;},&quot;type&quot;:&quot;grid&quot;,&quot;us_grid_post_type&quot;:&quot;ids&quot;,&quot;us_grid_ajax_index&quot;:1,&quot;us_grid_filter_query_string&quot;:null,&quot;us_grid_index&quot;:1,&quot;page_args&quot;:[],&quot;lang&quot;:&quot;de&quot;}}'><\/div>\r\n\t<\/div><\/div><\/div><\/div><\/div><\/div><\/section>\n","protected":false},"excerpt":{"rendered":"","protected":false},"author":6,"featured_media":382,"parent":0,"menu_order":0,"comment_status":"closed","ping_status":"closed","template":"","meta":{"_acf_changed":false,"footnotes":""},"class_list":["post-6057","page","type-page","status-publish","has-post-thumbnail","hentry"],"acf":[],"yoast_head":"<!-- This site is optimized with the Yoast SEO plugin v26.4 - https:\/\/yoast.com\/wordpress\/plugins\/seo\/ -->\n<title>Prozess - Movacolor<\/title>\n<meta name=\"description\" content=\"Suchst du nach Kosteneinsparungen bei Rohstoffen, einem stabileren Produktionsprozess, willst du die Effizienz steigern oder die Qualit\u00e4t verbessern?\" \/>\n<meta name=\"robots\" content=\"index, follow, max-snippet:-1, max-image-preview:large, max-video-preview:-1\" \/>\n<link rel=\"canonical\" href=\"https:\/\/www.movacolor.com\/de\/prozess\/\" \/>\n<meta property=\"og:locale\" content=\"de_DE\" \/>\n<meta property=\"og:type\" content=\"article\" \/>\n<meta property=\"og:title\" content=\"Prozess - Movacolor\" \/>\n<meta property=\"og:description\" content=\"Suchst du nach Kosteneinsparungen bei Rohstoffen, einem stabileren Produktionsprozess, willst du die Effizienz steigern oder die Qualit\u00e4t verbessern?\" \/>\n<meta property=\"og:url\" content=\"https:\/\/www.movacolor.com\/de\/prozess\/\" \/>\n<meta property=\"og:site_name\" content=\"Movacolor\" \/>\n<meta property=\"article:modified_time\" content=\"2024-02-08T20:27:04+00:00\" \/>\n<meta property=\"og:image\" content=\"https:\/\/www.movacolor.com\/wp-content\/uploads\/2023\/01\/mvc_process.jpg\" \/>\n\t<meta property=\"og:image:width\" content=\"1920\" \/>\n\t<meta property=\"og:image:height\" content=\"1280\" \/>\n\t<meta property=\"og:image:type\" content=\"image\/jpeg\" \/>\n<meta name=\"twitter:card\" content=\"summary_large_image\" \/>\n<meta name=\"twitter:label1\" content=\"Gesch\u00e4tzte Lesezeit\" \/>\n\t<meta name=\"twitter:data1\" content=\"1\u00a0Minute\" \/>\n<script type=\"application\/ld+json\" class=\"yoast-schema-graph\">{\"@context\":\"https:\/\/schema.org\",\"@graph\":[{\"@type\":\"WebPage\",\"@id\":\"https:\/\/www.movacolor.com\/de\/prozess\/\",\"url\":\"https:\/\/www.movacolor.com\/de\/prozess\/\",\"name\":\"Prozess - Movacolor\",\"isPartOf\":{\"@id\":\"https:\/\/www.movacolor.com\/de\/#website\"},\"primaryImageOfPage\":{\"@id\":\"https:\/\/www.movacolor.com\/de\/prozess\/#primaryimage\"},\"image\":{\"@id\":\"https:\/\/www.movacolor.com\/de\/prozess\/#primaryimage\"},\"thumbnailUrl\":\"https:\/\/www.movacolor.com\/wp-content\/uploads\/2023\/01\/mvc_process.jpg\",\"datePublished\":\"2023-01-03T10:28:03+00:00\",\"dateModified\":\"2024-02-08T20:27:04+00:00\",\"description\":\"Suchst du nach Kosteneinsparungen bei Rohstoffen, einem stabileren Produktionsprozess, willst du die Effizienz steigern oder die Qualit\u00e4t verbessern?\",\"breadcrumb\":{\"@id\":\"https:\/\/www.movacolor.com\/de\/prozess\/#breadcrumb\"},\"inLanguage\":\"de\",\"potentialAction\":[{\"@type\":\"ReadAction\",\"target\":[\"https:\/\/www.movacolor.com\/de\/prozess\/\"]}]},{\"@type\":\"ImageObject\",\"inLanguage\":\"de\",\"@id\":\"https:\/\/www.movacolor.com\/de\/prozess\/#primaryimage\",\"url\":\"https:\/\/www.movacolor.com\/wp-content\/uploads\/2023\/01\/mvc_process.jpg\",\"contentUrl\":\"https:\/\/www.movacolor.com\/wp-content\/uploads\/2023\/01\/mvc_process.jpg\",\"width\":1920,\"height\":1280},{\"@type\":\"BreadcrumbList\",\"@id\":\"https:\/\/www.movacolor.com\/de\/prozess\/#breadcrumb\",\"itemListElement\":[{\"@type\":\"ListItem\",\"position\":1,\"name\":\"Home\",\"item\":\"https:\/\/www.movacolor.com\/de\/\"},{\"@type\":\"ListItem\",\"position\":2,\"name\":\"Prozess\"}]},{\"@type\":\"WebSite\",\"@id\":\"https:\/\/www.movacolor.com\/de\/#website\",\"url\":\"https:\/\/www.movacolor.com\/de\/\",\"name\":\"Movacolor\",\"description\":\"modular dosing solutions\",\"potentialAction\":[{\"@type\":\"SearchAction\",\"target\":{\"@type\":\"EntryPoint\",\"urlTemplate\":\"https:\/\/www.movacolor.com\/de\/?s={search_term_string}\"},\"query-input\":{\"@type\":\"PropertyValueSpecification\",\"valueRequired\":true,\"valueName\":\"search_term_string\"}}],\"inLanguage\":\"de\"}]}<\/script>\n<!-- \/ Yoast SEO plugin. -->","yoast_head_json":{"title":"Prozess - Movacolor","description":"Suchst du nach Kosteneinsparungen bei Rohstoffen, einem stabileren Produktionsprozess, willst du die Effizienz steigern oder die Qualit\u00e4t verbessern?","robots":{"index":"index","follow":"follow","max-snippet":"max-snippet:-1","max-image-preview":"max-image-preview:large","max-video-preview":"max-video-preview:-1"},"canonical":"https:\/\/www.movacolor.com\/de\/prozess\/","og_locale":"de_DE","og_type":"article","og_title":"Prozess - Movacolor","og_description":"Suchst du nach Kosteneinsparungen bei Rohstoffen, einem stabileren Produktionsprozess, willst du die Effizienz steigern oder die Qualit\u00e4t verbessern?","og_url":"https:\/\/www.movacolor.com\/de\/prozess\/","og_site_name":"Movacolor","article_modified_time":"2024-02-08T20:27:04+00:00","og_image":[{"width":1920,"height":1280,"url":"https:\/\/www.movacolor.com\/wp-content\/uploads\/2023\/01\/mvc_process.jpg","type":"image\/jpeg"}],"twitter_card":"summary_large_image","twitter_misc":{"Gesch\u00e4tzte Lesezeit":"1\u00a0Minute"},"schema":{"@context":"https:\/\/schema.org","@graph":[{"@type":"WebPage","@id":"https:\/\/www.movacolor.com\/de\/prozess\/","url":"https:\/\/www.movacolor.com\/de\/prozess\/","name":"Prozess - Movacolor","isPartOf":{"@id":"https:\/\/www.movacolor.com\/de\/#website"},"primaryImageOfPage":{"@id":"https:\/\/www.movacolor.com\/de\/prozess\/#primaryimage"},"image":{"@id":"https:\/\/www.movacolor.com\/de\/prozess\/#primaryimage"},"thumbnailUrl":"https:\/\/www.movacolor.com\/wp-content\/uploads\/2023\/01\/mvc_process.jpg","datePublished":"2023-01-03T10:28:03+00:00","dateModified":"2024-02-08T20:27:04+00:00","description":"Suchst du nach Kosteneinsparungen bei Rohstoffen, einem stabileren Produktionsprozess, willst du die Effizienz steigern oder die Qualit\u00e4t verbessern?","breadcrumb":{"@id":"https:\/\/www.movacolor.com\/de\/prozess\/#breadcrumb"},"inLanguage":"de","potentialAction":[{"@type":"ReadAction","target":["https:\/\/www.movacolor.com\/de\/prozess\/"]}]},{"@type":"ImageObject","inLanguage":"de","@id":"https:\/\/www.movacolor.com\/de\/prozess\/#primaryimage","url":"https:\/\/www.movacolor.com\/wp-content\/uploads\/2023\/01\/mvc_process.jpg","contentUrl":"https:\/\/www.movacolor.com\/wp-content\/uploads\/2023\/01\/mvc_process.jpg","width":1920,"height":1280},{"@type":"BreadcrumbList","@id":"https:\/\/www.movacolor.com\/de\/prozess\/#breadcrumb","itemListElement":[{"@type":"ListItem","position":1,"name":"Home","item":"https:\/\/www.movacolor.com\/de\/"},{"@type":"ListItem","position":2,"name":"Prozess"}]},{"@type":"WebSite","@id":"https:\/\/www.movacolor.com\/de\/#website","url":"https:\/\/www.movacolor.com\/de\/","name":"Movacolor","description":"modular dosing solutions","potentialAction":[{"@type":"SearchAction","target":{"@type":"EntryPoint","urlTemplate":"https:\/\/www.movacolor.com\/de\/?s={search_term_string}"},"query-input":{"@type":"PropertyValueSpecification","valueRequired":true,"valueName":"search_term_string"}}],"inLanguage":"de"}]}},"_links":{"self":[{"href":"https:\/\/www.movacolor.com\/de\/wp-json\/wp\/v2\/pages\/6057","targetHints":{"allow":["GET"]}}],"collection":[{"href":"https:\/\/www.movacolor.com\/de\/wp-json\/wp\/v2\/pages"}],"about":[{"href":"https:\/\/www.movacolor.com\/de\/wp-json\/wp\/v2\/types\/page"}],"author":[{"embeddable":true,"href":"https:\/\/www.movacolor.com\/de\/wp-json\/wp\/v2\/users\/6"}],"replies":[{"embeddable":true,"href":"https:\/\/www.movacolor.com\/de\/wp-json\/wp\/v2\/comments?post=6057"}],"version-history":[{"count":5,"href":"https:\/\/www.movacolor.com\/de\/wp-json\/wp\/v2\/pages\/6057\/revisions"}],"predecessor-version":[{"id":13177,"href":"https:\/\/www.movacolor.com\/de\/wp-json\/wp\/v2\/pages\/6057\/revisions\/13177"}],"wp:featuredmedia":[{"embeddable":true,"href":"https:\/\/www.movacolor.com\/de\/wp-json\/wp\/v2\/media\/382"}],"wp:attachment":[{"href":"https:\/\/www.movacolor.com\/de\/wp-json\/wp\/v2\/media?parent=6057"}],"curies":[{"name":"wp","href":"https:\/\/api.w.org\/{rel}","templated":true}]}}