{"id":5312,"date":"2023-03-28T09:58:55","date_gmt":"2023-03-28T07:58:55","guid":{"rendered":"https:\/\/www.movacolor.com\/privacy-and-cookie-policy\/"},"modified":"2024-02-09T20:31:33","modified_gmt":"2024-02-09T18:31:33","slug":"privacy-and-cookie-policy","status":"publish","type":"page","link":"https:\/\/www.movacolor.com\/de\/datenschutz-und-cookie-richtlinie\/","title":{"rendered":"Datenschutz und Cookie-Richtlinie"},"content":{"rendered":"<section class=\"l-section wpb_row height_medium\"><div class=\"l-section-h i-cf\"><div class=\"g-cols vc_row via_flex valign_top type_default stacking_default\"><div class=\"vc_col-sm-12 wpb_column vc_column_container\"><div class=\"vc_column-inner\"><div class=\"wpb_wrapper\"><div class=\"wpb_text_column\"><div class=\"wpb_wrapper\"><h1>Datenschutz und Cookie-Richtlinie<\/h1>\n<\/div><\/div><div class=\"w-separator size_medium\"><\/div><div class=\"wpb_text_column\"><div class=\"wpb_wrapper\"><p>11. August 2023 &#8211; Bei der Verarbeitung halten wir uns an die Anforderungen der geltenden Datenschutzgesetze. Das bedeutet, dass wir:<\/p>\n<p>unsere Zwecke klar angeben, bevor wir personenbezogene Daten verarbeiten, indem wir diese Datenschutzerkl\u00e4rung verwenden;<br \/>\nWir beschr\u00e4nken die Erhebung personenbezogener Daten auf die f\u00fcr rechtm\u00e4\u00dfige Zwecke erforderlichen Daten;<br \/>\nin F\u00e4llen, in denen Ihre Zustimmung erforderlich ist, bitten wir Sie zun\u00e4chst um Ihre ausdr\u00fcckliche Zustimmung zur Verarbeitung Ihrer personenbezogenen Daten;<br \/>\nangemessene Sicherheitsma\u00dfnahmen ergreifen, um Ihre personenbezogenen Daten zu sch\u00fctzen, und wir verlangen dasselbe von den Parteien, die personenbezogene Daten in unserem Namen verarbeiten;<br \/>\nIhr Recht auf Einsichtnahme, Berichtigung oder L\u00f6schung Ihrer bei uns gespeicherten personenbezogenen Daten zu respektieren.<br \/>\nMovacolor B.V. ist die f\u00fcr die gesamte Datenverarbeitung verantwortliche Partei. In dieser Datenschutzerkl\u00e4rung erl\u00e4utern wir, welche personenbezogenen Daten wir sammeln und zu welchen Zwecken. Wir empfehlen Ihnen, sie sorgf\u00e4ltig zu lesen.<\/p>\n<p><strong>Zugang zum Portal<\/strong><\/p>\n<p>Innerhalb unseres Portals k\u00f6nnen Sie auf eine Verwaltungsumgebung zugreifen, in der Sie Einstellungen vornehmen, festlegen und \u00e4ndern k\u00f6nnen.<\/p>\n<p>Zu diesem Zweck verwenden wir Ihre Telefonnummer, E-Mail-Adresse, IP-Adresse, Rechnungsadresse sowie Ihre Namens- und Adressdaten. Wir tun dies auf der Grundlage Ihrer Zustimmung. Wir speichern diese Informationen, bis unsere Dienstleistungen f\u00fcr Sie beendet sind.<\/p>\n<p><strong>Kontaktformular und Newsletter<\/strong><\/p>\n<p>Sie k\u00f6nnen unser Kontaktformular nutzen, um Fragen zu stellen oder eine Anfrage zu stellen.<\/p>\n<p>Zu diesem Zweck verwenden wir Ihre IP-Adresse, Ihren Namen und Ihre Adressdaten, Ihre Telefonnummer und Ihre E-Mail-Adresse. Wir ben\u00f6tigen diese Daten aufgrund unserer Vereinbarung mit Ihnen. Wir speichern diese Daten, bis wir sicher sind, dass Sie mit unserer Antwort zufrieden sind, und danach sechs Monate lang. Auf diese Weise k\u00f6nnen wir leicht auf die Informationen zugreifen, falls Sie weitere Fragen haben, und unseren Kundendienst noch weiter verbessern.<\/p>\n<p>Wir haben einen Newsletter, um Interessierte \u00fcber unsere Produkte und\/oder Dienstleistungen zu informieren. Jeder Newsletter enth\u00e4lt einen Link, mit dem Sie sich von unserem Newsletter abmelden k\u00f6nnen. Sie k\u00f6nnen dazu auch unser Portal nutzen.<br \/>\nIhre E-Mail-Adresse wird nur mit Ihrer Zustimmung in die Liste der Abonnenten aufgenommen. Wir speichern diese Informationen, bis Sie Ihr Abonnement k\u00fcndigen.<\/p>\n<p><strong>Bearbeitung Ihrer Bestellung<\/strong><\/p>\n<p>Wir verwenden Ihre personenbezogenen Daten zur Abwicklung Ihrer Bestellung. Wir k\u00f6nnen Ihre Daten an den Lieferdienst weitergeben, um Ihre Bestellung zuzustellen. Wir k\u00f6nnen auch Informationen \u00fcber Ihre Zahlung von Ihrer Bank oder Ihrem Kreditkartenunternehmen einholen.<\/p>\n<p>Zu diesem Zweck verwenden wir Ihre E-Mail-Adresse, Ihre IP-Adresse, Ihre Telefonnummer, Ihre Rechnungsadresse sowie Ihre Namens- und Adressangaben. Wir ben\u00f6tigen diese Daten aufgrund unserer Vereinbarung mit Ihnen. Wir speichern diese Daten bis zum Abschluss Ihrer Bestellung und danach sieben Jahre lang (die gesetzliche Aufbewahrungsfrist).<\/p>\n<p><strong>Werbung<\/strong><\/p>\n<p>Abgesehen von der Werbung auf der Website k\u00f6nnen wir Sie \u00fcber neue Produkte oder Dienstleistungen informieren:<\/p>\n<ul>\n<li>per E-Mail<\/li>\n<li>\u00fcber soziale Medien<\/li>\n<\/ul>\n<p>Sie k\u00f6nnen jederzeit gegen diese Werbemitteilungen Widerspruch einlegen. Jede E-Mail enth\u00e4lt einen Link zur Abmeldung. In den sozialen Medien k\u00f6nnen Sie uns blockieren oder die Widerrufsoption nutzen. Au\u00dferdem k\u00f6nnen Sie uns \u00fcber das Portal informieren.<\/p>\n<p><strong>Weitergabe von Daten an Dritte<\/strong><\/p>\n<p>Mit Ausnahme der oben genannten Parteien geben wir Ihre personenbezogenen Daten unter keinen Umst\u00e4nden an andere Unternehmen oder Organisationen weiter, es sei denn, wir sind gesetzlich dazu verpflichtet (z. B. wenn die Polizei im Falle eines Verdachts auf eine Straftat Zugang zu personenbezogenen Daten verlangt).<\/p>\n<p><strong>Tracking-Cookies<\/strong><\/p>\n<p>Unsere Website verwendet Cookies. Cookies sind kleine Dateien, in denen wir Informationen speichern k\u00f6nnen, damit Sie diese Informationen nicht erneut eingeben m\u00fcssen. Wir k\u00f6nnen sie auch verwenden, um zu sehen, ob Sie uns wieder besuchen.<\/p>\n<p>Wenn Sie unsere Website zum ersten Mal besuchen, zeigen wir Ihnen eine Mitteilung an, in der wir unsere Cookies erkl\u00e4ren und Sie um Ihre Zustimmung zur Verwendung dieser Cookies bitten.<\/p>\n<p>Sie k\u00f6nnen die Verwendung von Cookies \u00fcber die Einstellungen Ihres Browsers deaktivieren, was jedoch dazu f\u00fchren kann, dass einige Teile unserer Website nicht mehr richtig funktionieren.<\/p>\n<p>Unsere Website verwendet Tracking-Cookies, um das Browsing-Erlebnis zu verbessern und personalisierte Inhalte und Dienste anzubieten. Diese Tracking-Cookies sammeln nicht-personenbezogene Informationen \u00fcber Ihre Interaktionen mit unserer Website, wie z. B. besuchte Seiten, angeklickte Links und die Dauer der Besuche. Diese Daten helfen uns, die Leistung unserer Website zu analysieren und zu verbessern, den Inhalt auf Ihre Interessen abzustimmen und die Wirksamkeit unserer Marketingkampagnen zu messen.<\/p>\n<p>Diese Tracking-Cookies erfassen keine pers\u00f6nlich identifizierbaren Informationen (PII), wie z. B. Ihren Namen, Ihre Adresse oder Kontaktangaben. Die gesammelten Informationen werden ausschlie\u00dflich f\u00fcr interne Zwecke verwendet, und wir geben sie nicht an Dritte zu Werbe- oder Marketingzwecken weiter.<\/p>\n<p>Sie k\u00f6nnen diese Tracking-Cookies \u00fcber die Einstellungen Ihres Browsers deaktivieren oder verwalten, was jedoch Auswirkungen auf bestimmte Merkmale und Funktionen unserer Website haben kann. Indem Sie unsere Website weiterhin nutzen, stimmen Sie der Verwendung von Tracking-Cookies wie in dieser Datenschutzerkl\u00e4rung beschrieben zu.<\/p>\n<p><strong>Leadinfo<\/strong><\/p>\n<p>Wir nutzen den von Leadinfo B.V., Rotterdam, Niederlande, zur Verf\u00fcgung gestellten Service zur Leadgenerierung, der Besuche von Unternehmen auf unserer Website auf der Grundlage von IP-Adressen erkennt und uns damit zusammenh\u00e4ngende \u00f6ffentlich zug\u00e4ngliche Informationen, wie z. B. Firmennamen oder Adressen, anzeigt. Dar\u00fcber hinaus setzt Leadinfo zwei First-Party-Cookies, um Transparenz dar\u00fcber zu schaffen, wie unsere Besucher unsere Website nutzen, und das Tool verarbeitet Domains aus eingegebenen Formularen (z. B. &#8220;leadinfo.com&#8221;), um IP-Adressen mit Unternehmen zu korrelieren und seine Dienste zu verbessern. F\u00fcr weitere Informationen besuchen Sie bitte www.leadinfo.com. Auf dieser Seite: www.leadinfo.com\/en\/opt-out haben Sie eine Opt-out-Option. Im Falle eines Opt-outs werden Ihre Daten von Leadinfo nicht mehr verwendet.<\/p>\n<p><strong>Google-Analytics<\/strong><\/p>\n<p>Wir verwenden Google Analytics, um Besucher auf unserer Website zu verfolgen und Berichte dar\u00fcber zu erhalten, wie Besucher die Website nutzen. Wir haben die Datenverarbeitungsvereinbarung von Google akzeptiert. Wir erlauben Google nicht, die von Analytics erhaltenen Informationen f\u00fcr andere Google-Dienste zu verwenden, und wir anonymisieren die IP-Adressen.<\/p>\n<p><strong>Microsoft Clarity<\/strong><\/p>\n<p>Wir arbeiten mit Microsoft Clarity und Microsoft Advertising zusammen, um zu erfassen, wie Sie unsere Website nutzen und mit ihr interagieren, und zwar mithilfe von Verhaltensmetriken, Heatmaps und Sitzungswiederholungen, um unsere Produkte und Dienstleistungen zu verbessern und zu vermarkten. Die Nutzungsdaten der Website werden mithilfe von Cookies von Erst- und Drittanbietern und anderen Tracking-Technologien erfasst, um die Beliebtheit von Produkten\/Dienstleistungen und Online-Aktivit\u00e4ten zu ermitteln. Au\u00dferdem verwenden wir diese Informationen zur Optimierung der Website, zu Betrugs-\/Sicherheitszwecken und f\u00fcr Werbung. Weitere Informationen dar\u00fcber, wie Microsoft Ihre Daten erfasst und verwendet, finden Sie in der Microsoft-Datenschutzerkl\u00e4rung.<\/p>\n<p><strong>Sicherheit<\/strong><\/p>\n<p>Wir ergreifen Sicherheitsma\u00dfnahmen, um den Missbrauch von und den unbefugten Zugriff auf pers\u00f6nliche Daten zu verhindern. Wir ergreifen insbesondere die folgenden Ma\u00dfnahmen:<\/p>\n<p>Der Zugriff auf personenbezogene Daten erfordert die Verwendung eines Benutzernamens und eines Kennworts.<br \/>\nWir verwenden sichere Verbindungen (Secure Sockets Layer, SSL), um alle Informationen zwischen Ihnen und unserer Website bei der Eingabe Ihrer pers\u00f6nlichen Daten zu verschl\u00fcsseln.<br \/>\n\u00c4nderungen an dieser Datenschutzerkl\u00e4rung<br \/>\nWir behalten uns das Recht vor, diese Erkl\u00e4rung zu \u00e4ndern. Wir empfehlen Ihnen, diese Erkl\u00e4rung regelm\u00e4\u00dfig zu lesen, damit Sie \u00fcber etwaige \u00c4nderungen informiert bleiben.<\/p>\n<p><strong>Einsichtnahme und \u00c4nderung Ihrer Daten<\/strong><\/p>\n<p>Sie k\u00f6nnen sich jederzeit an uns wenden, wenn Sie Fragen zu unseren Datenschutzbestimmungen haben oder Ihre personenbezogenen Daten einsehen, \u00e4ndern oder l\u00f6schen m\u00f6chten.<\/p>\n<p><strong>Sie haben das folgende Recht:<\/strong><\/p>\n<p>Auskunft dar\u00fcber zu erhalten, welche personenbezogenen Daten wir haben und wof\u00fcr wir sie verwenden;<br \/>\nEinsicht in die personenbezogenen Daten, die wir von Ihnen gespeichert haben;<br \/>\nBerichtigung unrichtiger Daten;<br \/>\nAntrag auf L\u00f6schung veralteter personenbezogener Daten;<br \/>\nIhre Zustimmung zu widerrufen;<br \/>\nEinspruch gegen bestimmte Verwendungen.<br \/>\nBitte beachten Sie, dass Sie immer deutlich machen, wer Sie sind, damit wir sicherstellen k\u00f6nnen, dass wir die Daten nicht von der falschen Person \u00e4ndern oder l\u00f6schen.<\/p>\n<p><strong>Reklamationen<\/strong><\/p>\n<p>Wenn Sie der Meinung sind, dass wir Ihnen nicht in der richtigen Weise helfen, haben Sie das Recht, eine Beschwerde bei einer Beh\u00f6rde einzureichen. In den Niederlanden ist dies die Autoriteit Persoonsgegevens.<\/p>\n<p><strong>Kontaktangaben<\/strong><\/p>\n<p>Movacolor B.V.<br \/>\nWolkammersstraat 5<br \/>\n8601 VB Sneek<br \/>\nDie Niederlande<br \/>\ninfo@movacolor.com<br \/>\n+31 515 570 020<\/p>\n<\/div><\/div><\/div><\/div><\/div><\/div><\/div><\/section>\n","protected":false},"excerpt":{"rendered":"Datenschutz und Cookie-Richtlinie 11. August 2023 &#8211; Bei der Verarbeitung halten wir uns an die Anforderungen der geltenden Datenschutzgesetze. Das bedeutet, dass wir: unsere Zwecke klar angeben, bevor wir personenbezogene Daten verarbeiten, indem wir diese Datenschutzerkl\u00e4rung verwenden; Wir beschr\u00e4nken die Erhebung personenbezogener Daten auf die f\u00fcr rechtm\u00e4\u00dfige Zwecke erforderlichen Daten; in F\u00e4llen, in denen Ihre...","protected":false},"author":2,"featured_media":0,"parent":0,"menu_order":0,"comment_status":"closed","ping_status":"closed","template":"","meta":{"_acf_changed":false,"footnotes":""},"class_list":["post-5312","page","type-page","status-publish","hentry"],"acf":[],"yoast_head":"<!-- This site is optimized with the Yoast SEO plugin v26.4 - https:\/\/yoast.com\/wordpress\/plugins\/seo\/ -->\n<title>Datenschutz und Cookie-Richtlinie - Movacolor<\/title>\n<meta name=\"description\" content=\"Sch\u00fctzen Sie Ihre Daten! Erfahren Sie, wie Movacolor Ihre Privatsph\u00e4re respektiert. Datenschutzerkl\u00e4rung und Cookie-Richtlinie.\" \/>\n<meta name=\"robots\" content=\"index, follow, max-snippet:-1, max-image-preview:large, max-video-preview:-1\" \/>\n<link rel=\"canonical\" href=\"https:\/\/www.movacolor.com\/de\/datenschutz-und-cookie-richtlinie\/\" \/>\n<meta property=\"og:locale\" content=\"de_DE\" \/>\n<meta property=\"og:type\" content=\"article\" \/>\n<meta property=\"og:title\" content=\"Datenschutz und Cookie-Richtlinie - Movacolor\" \/>\n<meta property=\"og:description\" content=\"Sch\u00fctzen Sie Ihre Daten! Erfahren Sie, wie Movacolor Ihre Privatsph\u00e4re respektiert. Datenschutzerkl\u00e4rung und Cookie-Richtlinie.\" \/>\n<meta property=\"og:url\" content=\"https:\/\/www.movacolor.com\/de\/datenschutz-und-cookie-richtlinie\/\" \/>\n<meta property=\"og:site_name\" content=\"Movacolor\" \/>\n<meta property=\"article:modified_time\" content=\"2024-02-09T18:31:33+00:00\" \/>\n<meta name=\"twitter:card\" content=\"summary_large_image\" \/>\n<meta name=\"twitter:label1\" content=\"Gesch\u00e4tzte Lesezeit\" \/>\n\t<meta name=\"twitter:data1\" content=\"6\u00a0Minuten\" \/>\n<script type=\"application\/ld+json\" class=\"yoast-schema-graph\">{\"@context\":\"https:\/\/schema.org\",\"@graph\":[{\"@type\":\"WebPage\",\"@id\":\"https:\/\/www.movacolor.com\/de\/datenschutz-und-cookie-richtlinie\/\",\"url\":\"https:\/\/www.movacolor.com\/de\/datenschutz-und-cookie-richtlinie\/\",\"name\":\"Datenschutz und Cookie-Richtlinie - Movacolor\",\"isPartOf\":{\"@id\":\"https:\/\/www.movacolor.com\/de\/#website\"},\"datePublished\":\"2023-03-28T07:58:55+00:00\",\"dateModified\":\"2024-02-09T18:31:33+00:00\",\"description\":\"Sch\u00fctzen Sie Ihre Daten! Erfahren Sie, wie Movacolor Ihre Privatsph\u00e4re respektiert. Datenschutzerkl\u00e4rung und Cookie-Richtlinie.\",\"breadcrumb\":{\"@id\":\"https:\/\/www.movacolor.com\/de\/datenschutz-und-cookie-richtlinie\/#breadcrumb\"},\"inLanguage\":\"de\",\"potentialAction\":[{\"@type\":\"ReadAction\",\"target\":[\"https:\/\/www.movacolor.com\/de\/datenschutz-und-cookie-richtlinie\/\"]}]},{\"@type\":\"BreadcrumbList\",\"@id\":\"https:\/\/www.movacolor.com\/de\/datenschutz-und-cookie-richtlinie\/#breadcrumb\",\"itemListElement\":[{\"@type\":\"ListItem\",\"position\":1,\"name\":\"Home\",\"item\":\"https:\/\/www.movacolor.com\/de\/\"},{\"@type\":\"ListItem\",\"position\":2,\"name\":\"Datenschutz und Cookie-Richtlinie\"}]},{\"@type\":\"WebSite\",\"@id\":\"https:\/\/www.movacolor.com\/de\/#website\",\"url\":\"https:\/\/www.movacolor.com\/de\/\",\"name\":\"Movacolor\",\"description\":\"modular dosing solutions\",\"potentialAction\":[{\"@type\":\"SearchAction\",\"target\":{\"@type\":\"EntryPoint\",\"urlTemplate\":\"https:\/\/www.movacolor.com\/de\/?s={search_term_string}\"},\"query-input\":{\"@type\":\"PropertyValueSpecification\",\"valueRequired\":true,\"valueName\":\"search_term_string\"}}],\"inLanguage\":\"de\"}]}<\/script>\n<!-- \/ Yoast SEO plugin. -->","yoast_head_json":{"title":"Datenschutz und Cookie-Richtlinie - Movacolor","description":"Sch\u00fctzen Sie Ihre Daten! Erfahren Sie, wie Movacolor Ihre Privatsph\u00e4re respektiert. Datenschutzerkl\u00e4rung und Cookie-Richtlinie.","robots":{"index":"index","follow":"follow","max-snippet":"max-snippet:-1","max-image-preview":"max-image-preview:large","max-video-preview":"max-video-preview:-1"},"canonical":"https:\/\/www.movacolor.com\/de\/datenschutz-und-cookie-richtlinie\/","og_locale":"de_DE","og_type":"article","og_title":"Datenschutz und Cookie-Richtlinie - Movacolor","og_description":"Sch\u00fctzen Sie Ihre Daten! Erfahren Sie, wie Movacolor Ihre Privatsph\u00e4re respektiert. Datenschutzerkl\u00e4rung und Cookie-Richtlinie.","og_url":"https:\/\/www.movacolor.com\/de\/datenschutz-und-cookie-richtlinie\/","og_site_name":"Movacolor","article_modified_time":"2024-02-09T18:31:33+00:00","twitter_card":"summary_large_image","twitter_misc":{"Gesch\u00e4tzte Lesezeit":"6\u00a0Minuten"},"schema":{"@context":"https:\/\/schema.org","@graph":[{"@type":"WebPage","@id":"https:\/\/www.movacolor.com\/de\/datenschutz-und-cookie-richtlinie\/","url":"https:\/\/www.movacolor.com\/de\/datenschutz-und-cookie-richtlinie\/","name":"Datenschutz und Cookie-Richtlinie - Movacolor","isPartOf":{"@id":"https:\/\/www.movacolor.com\/de\/#website"},"datePublished":"2023-03-28T07:58:55+00:00","dateModified":"2024-02-09T18:31:33+00:00","description":"Sch\u00fctzen Sie Ihre Daten! Erfahren Sie, wie Movacolor Ihre Privatsph\u00e4re respektiert. Datenschutzerkl\u00e4rung und Cookie-Richtlinie.","breadcrumb":{"@id":"https:\/\/www.movacolor.com\/de\/datenschutz-und-cookie-richtlinie\/#breadcrumb"},"inLanguage":"de","potentialAction":[{"@type":"ReadAction","target":["https:\/\/www.movacolor.com\/de\/datenschutz-und-cookie-richtlinie\/"]}]},{"@type":"BreadcrumbList","@id":"https:\/\/www.movacolor.com\/de\/datenschutz-und-cookie-richtlinie\/#breadcrumb","itemListElement":[{"@type":"ListItem","position":1,"name":"Home","item":"https:\/\/www.movacolor.com\/de\/"},{"@type":"ListItem","position":2,"name":"Datenschutz und Cookie-Richtlinie"}]},{"@type":"WebSite","@id":"https:\/\/www.movacolor.com\/de\/#website","url":"https:\/\/www.movacolor.com\/de\/","name":"Movacolor","description":"modular dosing solutions","potentialAction":[{"@type":"SearchAction","target":{"@type":"EntryPoint","urlTemplate":"https:\/\/www.movacolor.com\/de\/?s={search_term_string}"},"query-input":{"@type":"PropertyValueSpecification","valueRequired":true,"valueName":"search_term_string"}}],"inLanguage":"de"}]}},"_links":{"self":[{"href":"https:\/\/www.movacolor.com\/de\/wp-json\/wp\/v2\/pages\/5312","targetHints":{"allow":["GET"]}}],"collection":[{"href":"https:\/\/www.movacolor.com\/de\/wp-json\/wp\/v2\/pages"}],"about":[{"href":"https:\/\/www.movacolor.com\/de\/wp-json\/wp\/v2\/types\/page"}],"author":[{"embeddable":true,"href":"https:\/\/www.movacolor.com\/de\/wp-json\/wp\/v2\/users\/2"}],"replies":[{"embeddable":true,"href":"https:\/\/www.movacolor.com\/de\/wp-json\/wp\/v2\/comments?post=5312"}],"version-history":[{"count":5,"href":"https:\/\/www.movacolor.com\/de\/wp-json\/wp\/v2\/pages\/5312\/revisions"}],"predecessor-version":[{"id":17123,"href":"https:\/\/www.movacolor.com\/de\/wp-json\/wp\/v2\/pages\/5312\/revisions\/17123"}],"wp:attachment":[{"href":"https:\/\/www.movacolor.com\/de\/wp-json\/wp\/v2\/media?parent=5312"}],"curies":[{"name":"wp","href":"https:\/\/api.w.org\/{rel}","templated":true}]}}