{"id":4397,"date":"2023-01-03T12:28:18","date_gmt":"2023-01-03T10:28:18","guid":{"rendered":"https:\/\/www.movacolor.com\/materialien\/"},"modified":"2024-02-09T20:30:47","modified_gmt":"2024-02-09T18:30:47","slug":"materialien","status":"publish","type":"page","link":"https:\/\/www.movacolor.com\/de\/materialien\/","title":{"rendered":"Materialien"},"content":{"rendered":"<section class=\"l-section wpb_row us_custom_645e9f38 us_animate_this height_auto\"><div class=\"l-section-h i-cf\"><div class=\"g-cols vc_row via_flex valign_top type_boxes stacking_default\"><div class=\"vc_col-sm-12 wpb_column vc_column_container\"><div class=\"vc_column-inner us_custom_3d831995\"><div class=\"wpb_wrapper\"><div class=\"wpb_text_column\"><div class=\"wpb_wrapper\"><h1>Materialien<\/h1>\n<p>Das innovative, qualitativ hochwertige Sortiment von Movacolor umfasst gravimetrische, optometrische und volumetrische Dosiermaschinen, die ganz leicht alle Arten von Materialien, z.B. Mahlgut, Masterbatch, Fl\u00fcssigkeiten und Pulver, dosieren k\u00f6nnen.\u00a0 Bei all diesen Materialien kommt es beim Dosiervorgang zu spezifischen Herausforderungen. Movacolor ist Spezialist f\u00fcr die Dosierung jedes einzelnen dieser Materialien.<\/p>\n<\/div><\/div><\/div><\/div><\/div><\/div><\/div><\/section><section class=\"l-section wpb_row us_custom_b0c8f7d6 height_auto\"><div class=\"l-section-h i-cf\"><div class=\"g-cols vc_row via_flex valign_top type_default stacking_default\"><div class=\"vc_col-sm-12 wpb_column vc_column_container\"><div class=\"vc_column-inner us_custom_f44b38f2\"><div class=\"wpb_wrapper\"><div class=\"w-post-elm post_image us_custom_6eef1e9e us_animate_this stretched\"><img loading=\"lazy\" decoding=\"async\" width=\"1500\" height=\"800\" src=\"https:\/\/www.movacolor.com\/wp-content\/uploads\/2023\/01\/mvc_materials-1500x800.jpg\" class=\"attachment-us_1500_800_crop size-us_1500_800_crop wp-post-image\" alt=\"\" \/><\/div><\/div><\/div><\/div><\/div><\/div><\/section><section class=\"l-section wpb_row us_custom_2231b372 height_auto\"><div class=\"l-section-h i-cf\"><div class=\"g-cols vc_row via_flex valign_top type_boxes stacking_default\"><div class=\"vc_col-sm-12 wpb_column vc_column_container\"><div class=\"vc_column-inner\"><div class=\"wpb_wrapper\"><div class=\"w-separator size_custom\" style=\"height:7vmin\" id=\"o17b\"><style>@media(max-width:1499px){ #o17b{height:0rem!important}}@media(max-width:1024px){ #o17b{height:0rem!important}}<\/style><\/div><div class=\"wpb_text_column us_custom_60e9caca us_animate_this\"><div class=\"wpb_wrapper\"><h2><strong>Masterbatch-Materialien mit gravimetrischen, volumetrischen und optometrischen Dosieranlagen dosieren<\/strong><\/h2>\n<p>Die gravimetrischen, volumetrischen und optometrischen Lader von Movacolor sind weltweit die genausten Maschinen f\u00fcr die Dosierung von Materialien wie Kunststoff-Granulate, die auch als Masterbatch bekannt sind. F\u00fcr die Entwicklung unserer innovativen Dosieranlagen nutzen wir die Erfahrungen unserer Kunden hinsichtlich des Einsatzes von Farbstoffen in deren Produktionsprozessen und orientieren uns an ihren W\u00fcnschen f\u00fcr einen stabilen Produktionsprozess, Effizienz und hohe Einsparungen.\u00a0Erfahren Sie mehr \u00fcber die Dosierung von\u00a0<a title=\"Masterbatch dosieren mit der genauesten Dosierger\u00e4ten\" href=\"https:\/\/www.movacolor.de\/materialien\/masterbatch\">Masterbatch<\/a>-Material.<\/p>\n<h2><strong>Die Dosierung fl\u00fcssiger Materialien mit Dosieranlagen f\u00fcr Fl\u00fcssigkeiten<\/strong><\/h2>\n<p>Die exakte Dosierung fl\u00fcssiger Materialien ist immer eine besondere Herausforderung. Die Dosierung fl\u00fcssiger Materialien wie beispielsweise Farbstoffen erfolgt \u00fcblicherweise bei Spritzguss- und Extrusionsanwendungen. Die innovativen, qualitativ hochwertigen, gravimetrischen Dosieranlagen f\u00fcr fl\u00fcssige Materialien beweisen, dass der effektive Einsatz fl\u00fcssiger Farbstoffe einen stabilen Produktionsprozess garantiert. Dies f\u00fchrt zu hohen Einsparungen bei den teuren fl\u00fcssigen Farbstoffen und zu qualitativ hochwertigen Endprodukten. F\u00fcr die Dosierung von Materialien wie fl\u00fcssigen Farbstoffen hat Movacolor den innovativen MCLiquid entwickelt. Erfahren Sie mehr \u00fcber den MCLiquid und die Dosierung von\u00a0<a title=\"Gleichm\u00e4\u00dfiges F\u00e4rben mit der Movacolor-Dosiermaschine zur gravimetrischen Fl\u00fcssigkeitsdosierung\" href=\"https:\/\/www.movacolor.de\/materialien\/flussigkeiten\">Fl\u00fcssigkeiten<\/a>.<\/p>\n<h2><strong>Die Dosierung von Pulver-Materialien mit Dosieranlagen f\u00fcr Pulver<\/strong><\/h2>\n<p>Die Dosierung pulverf\u00f6rmiger Materialien ist eine Aufgabe, die ein hohes Ma\u00df an Spezialisierung erfordert. Auf Grundlage der Erfahrungen, die Movacolor bei der Zusammenarbeit mit Pulverherstellern und Kunststoff-Produzenten auf der ganzen Welt gesammelt hat, haben wir eeine qualitativ hochwertige gravimetrische Dosieranlage entwickelt, mit der nicht leichtflie\u00dfende Pulver und Hochleistungspulver exakt dosiert werden k\u00f6nnen. Dank unserer Dosieranlagen f\u00fcr Pulver k\u00f6nnen Sie bis zu 50\u00a0% Ihrer teuren Pulveradditive einsparen. Damit auch Sie Pulveradditive ganz leicht in Ihrem Produktionsprozess einsetzen k\u00f6nnen, hat Movacolor eigens den MCPowder und den MCWeight P entwickelt. Hier erfahren Sie mehr\u00fcber diese Pulverlader \u00a0und die Dosierung von\u00a0<a title=\"\u00c4u\u00dferst pr\u00e4zise Dosiermaschinen zum Dosieren und Messen von Pulver\" href=\"https:\/\/www.movacolor.de\/materialien\/pulver\">Pulver<\/a>.<\/p>\n<\/div><\/div><div class=\"w-separator size_custom\" style=\"height:5vmin\" id=\"d4e0\"><style>@media(max-width:768px){ #d4e0{height:1.5rem!important}}@media(max-width:1024px){ #d4e0{height:0rem!important}}<\/style><\/div><\/div><\/div><\/div><\/div><\/div><\/section><section class=\"l-section wpb_row height_medium\"><div class=\"l-section-h i-cf\"><div class=\"g-cols vc_row via_flex valign_top type_boxes stacking_default\"><div class=\"vc_col-sm-12 wpb_column vc_column_container\"><div class=\"vc_column-inner us_custom_5548ed63\"><div class=\"wpb_wrapper\"><div class=\"wpb_text_column us_custom_60e9caca us_animate_this\"><div class=\"wpb_wrapper\"><h2>Materialien<\/h2>\n<\/div><\/div><div class=\"w-grid us_grid us_custom_e177aafb us_animate_this type_grid layout_1428 cols_3 preload_style_spinner\" id=\"us_grid_1\" style=\"--columns:3;--gap:0.5rem;\"><style>@media (max-width:1024px){#us_grid_1{--columns:2!important}}@media (max-width:768px){#us_grid_1{--columns:1!important}}.layout_1428 .w-grid-item-h{background:var(--color-content-bg-alt);box-shadow:0 0.08rem 0.15rem rgba(0,0,0,0.1),0 0.25rem 0.75rem rgba(0,0,0,0.1);transition-duration:0.3s}.no-touch .layout_1428 .w-grid-item-h:hover{box-shadow:0 0.03rem 0.06rem rgba(0,0,0,0.1),0 0.1rem 0.3rem rgba(0,0,0,0.15);z-index:4}.layout_1428 .usg_vwrapper_1{height:25vh!important;padding:1.5rem!important}.layout_1428 .usg_btn_1{position:absolute!important;left:1.5rem!important;bottom:1.5rem!important}.layout_1428 .usg_post_custom_field_1{width:3rem!important}@media (min-width:1025px) and (max-width:1280px){.layout_1428 .usg_vwrapper_1{height:15rem!important}}@media (min-width:769px) and (max-width:1024px){.layout_1428 .usg_vwrapper_1{height:15rem!important}}@media (max-width:768px){.layout_1428 .usg_vwrapper_1{height:15rem!important}}<\/style><div class=\"w-grid-list\">\t<article class=\"w-grid-item size_1x1 post-6120 page type-page status-publish hentry us_portfolio_tag-masterbatch-de\" data-id=\"6120\">\r\n\t\t<div class=\"w-grid-item-h\">\r\n\t\t\t\t\t\t<div class=\"w-vwrapper usg_vwrapper_1 align_left valign_top\"><div class=\"w-post-elm post_custom_field usg_post_custom_field_1 type_image page_icon color_link_inherit\"><img loading=\"lazy\" decoding=\"async\" width=\"1024\" height=\"1024\" src=\"https:\/\/www.movacolor.com\/wp-content\/uploads\/2023\/01\/material-masterbatch.svg\" class=\"attachment-large size-large\" alt=\"master batch\" \/><\/div><h5 class=\"w-post-elm post_title usg_post_title_1 entry-title color_link_inherit\"><a href=\"https:\/\/www.movacolor.com\/de\/materialien\/masterbatch\/\">Masterbatch<\/a><\/h5><a class=\"w-btn us-btn-style_5 usg_btn_1\" href=\"https:\/\/www.movacolor.com\/de\/materialien\/masterbatch\/\"><span class=\"w-btn-label\">Mehr lesen<\/span><\/a><\/div>\t\t<\/div>\r\n\t\t\t<\/article>\r\n\t<article class=\"w-grid-item size_1x1 post-6122 page type-page status-publish has-post-thumbnail hentry us_portfolio_tag-mahlgut\" data-id=\"6122\">\r\n\t\t<div class=\"w-grid-item-h\">\r\n\t\t\t\t\t\t<div class=\"w-vwrapper usg_vwrapper_1 align_left valign_top\"><div class=\"w-post-elm post_custom_field usg_post_custom_field_1 type_image page_icon color_link_inherit\"><img loading=\"lazy\" decoding=\"async\" width=\"1024\" height=\"1024\" src=\"https:\/\/www.movacolor.com\/wp-content\/uploads\/2023\/01\/material-regrind.svg\" class=\"attachment-large size-large\" alt=\"regrind\" \/><\/div><h5 class=\"w-post-elm post_title usg_post_title_1 entry-title color_link_inherit\"><a href=\"https:\/\/www.movacolor.com\/de\/materialien\/mahlgut\/\">Mahlgut<\/a><\/h5><a class=\"w-btn us-btn-style_5 usg_btn_1\" href=\"https:\/\/www.movacolor.com\/de\/materialien\/mahlgut\/\"><span class=\"w-btn-label\">Mehr lesen<\/span><\/a><\/div>\t\t<\/div>\r\n\t\t\t<\/article>\r\n\t<article class=\"w-grid-item size_1x1 post-6119 page type-page status-publish has-post-thumbnail hentry us_portfolio_tag-flussigkeit\" data-id=\"6119\">\r\n\t\t<div class=\"w-grid-item-h\">\r\n\t\t\t\t\t\t<div class=\"w-vwrapper usg_vwrapper_1 align_left valign_top\"><div class=\"w-post-elm post_custom_field usg_post_custom_field_1 type_image page_icon color_link_inherit\"><img loading=\"lazy\" decoding=\"async\" width=\"1024\" height=\"1024\" src=\"https:\/\/www.movacolor.com\/wp-content\/uploads\/2023\/01\/material-liquid.svg\" class=\"attachment-large size-large\" alt=\"liquid\" \/><\/div><h5 class=\"w-post-elm post_title usg_post_title_1 entry-title color_link_inherit\"><a href=\"https:\/\/www.movacolor.com\/de\/materialien\/flussig\/\">Fl\u00fcssig<\/a><\/h5><a class=\"w-btn us-btn-style_5 usg_btn_1\" href=\"https:\/\/www.movacolor.com\/de\/materialien\/flussig\/\"><span class=\"w-btn-label\">Mehr lesen<\/span><\/a><\/div>\t\t<\/div>\r\n\t\t\t<\/article>\r\n\t<article class=\"w-grid-item size_1x1 post-6121 page type-page status-publish has-post-thumbnail hentry us_portfolio_tag-pulver\" data-id=\"6121\">\r\n\t\t<div class=\"w-grid-item-h\">\r\n\t\t\t\t\t\t<div class=\"w-vwrapper usg_vwrapper_1 align_left valign_top\"><div class=\"w-post-elm post_custom_field usg_post_custom_field_1 type_image page_icon color_link_inherit\"><img loading=\"lazy\" decoding=\"async\" width=\"1024\" height=\"1024\" src=\"https:\/\/www.movacolor.com\/wp-content\/uploads\/2023\/01\/material-powder.svg\" class=\"attachment-large size-large\" alt=\"powder\" \/><\/div><h5 class=\"w-post-elm post_title usg_post_title_1 entry-title color_link_inherit\"><a href=\"https:\/\/www.movacolor.com\/de\/materialien\/pulver\/\">Pulver<\/a><\/h5><a class=\"w-btn us-btn-style_5 usg_btn_1\" href=\"https:\/\/www.movacolor.com\/de\/materialien\/pulver\/\"><span class=\"w-btn-label\">Mehr lesen<\/span><\/a><\/div>\t\t<\/div>\r\n\t\t\t<\/article>\r\n<\/div>\t<div class=\"w-grid-preloader\">\r\n\t\t<div class=\"g-preloader type_1\">\r\n\t\t\t<div><\/div>\r\n\t\t<\/div>\r\n\t<\/div>\r\n\t\t<div class=\"w-grid-json hidden\" onclick='return {&quot;action&quot;:&quot;us_ajax_grid&quot;,&quot;infinite_scroll&quot;:0,&quot;max_num_pages&quot;:1,&quot;pagination&quot;:&quot;none&quot;,&quot;template_vars&quot;:{&quot;columns&quot;:&quot;3&quot;,&quot;exclude_items&quot;:&quot;none&quot;,&quot;img_size&quot;:&quot;default&quot;,&quot;ignore_items_size&quot;:0,&quot;items_layout&quot;:&quot;1428&quot;,&quot;items_offset&quot;:&quot;1&quot;,&quot;load_animation&quot;:&quot;none&quot;,&quot;overriding_link&quot;:&quot;{\\&quot;url\\&quot;:\\&quot;\\&quot;}&quot;,&quot;post_id&quot;:0,&quot;query_args&quot;:{&quot;ignore_sticky_posts&quot;:1,&quot;post_type&quot;:&quot;any&quot;,&quot;post__in&quot;:[&quot;128&quot;,&quot;122&quot;,&quot;130&quot;,&quot;126&quot;],&quot;posts_per_page&quot;:&quot;999&quot;},&quot;orderby_query_args&quot;:{&quot;orderby&quot;:{&quot;post__in&quot;:&quot;ASC&quot;},&quot;order&quot;:&quot;ASC&quot;},&quot;type&quot;:&quot;grid&quot;,&quot;us_grid_post_type&quot;:&quot;ids&quot;,&quot;us_grid_ajax_index&quot;:1,&quot;us_grid_filter_query_string&quot;:null,&quot;us_grid_index&quot;:1,&quot;page_args&quot;:[],&quot;lang&quot;:&quot;de&quot;}}'><\/div>\r\n\t<\/div><\/div><\/div><\/div><\/div><\/div><\/section><section class=\"l-section wpb_row us_custom_c70c97eb height_medium\"><div class=\"l-section-h i-cf\"><div class=\"g-cols vc_row via_flex valign_top type_boxes stacking_default\"><div class=\"vc_col-sm-12 wpb_column vc_column_container\"><div class=\"vc_column-inner us_custom_5548ed63\"><div class=\"wpb_wrapper\"><section class=\"l-section wpb_row height_auto width_full\"><div class=\"l-section-h i-cf\"><div class=\"g-cols vc_row via_flex valign_top type_default stacking_default\"><div class=\"vc_col-sm-12 wpb_column vc_column_container\"><div class=\"vc_column-inner us_custom_5548ed63\"><div class=\"wpb_wrapper\"><div class=\"wpb_text_column us_custom_60e9caca us_animate_this\"><div class=\"wpb_wrapper\"><h2 class=\"p1\">M\u00f6chten Sie mehr erfahren? Nehmen Sie Kontakt mit uns auf<\/h2>\n<\/div><\/div><div class=\"g-cols wpb_row us_custom_e177aafb shadow-banner us_animate_this via_flex valign_top type_boxes stacking_default\" style=\"--additional-gap:0.5rem;\"><div class=\"vc_col-sm-6 wpb_column vc_column_container  has_bg_color\"><div class=\"vc_column-inner us_custom_d96e306f us_animate_this\"><div class=\"wpb_wrapper\"><div class=\"wpb_text_column\"><div class=\"wpb_wrapper\"><h4>Kontakt<\/h4>\n<p>Ist Ihre Frage hier nicht aufgef\u00fchrt? Dann kontaktieren Sie uns bitte.<\/p>\n<\/div><\/div><div class=\"w-separator size_custom\" style=\"height:5rem\"><\/div><div class=\"w-btn-wrapper align_none\"><a class=\"w-btn us-btn-style_5 us_custom_f1b98e29 icon_atleft\" title=\"Kontakt\" href=\"\/de\/service\/contact\/\"><i class=\"far fa-phone\"><\/i><span class=\"w-btn-label\">Zum Kontakt<\/span><\/a><\/div><\/div><\/div><\/div><div class=\"vc_col-sm-6 wpb_column vc_column_container  has_bg_color\"><div class=\"vc_column-inner us_custom_82d545e0 us_animate_this\"><div class=\"wpb_wrapper\"><div class=\"wpb_text_column\"><div class=\"wpb_wrapper\"><h4>H\u00e4ndler finden<\/h4>\n<p>Sie k\u00f6nnen mit uns \u00fcber den Chatbot chatten. Wir sind werktags von 7.00 bis 16.30 Uhr f\u00fcr Sie da.<\/p>\n<\/div><\/div><div class=\"w-separator size_custom\" style=\"height:5rem\"><\/div><div class=\"w-btn-wrapper align_none\"><a class=\"w-btn us-btn-style_5 us_custom_f1b98e29 icon_atleft\" href=\"#\"><i class=\"far fa-phone\"><\/i><span class=\"w-btn-label\">Gespr\u00e4ch beginnen<\/span><\/a><\/div><\/div><\/div><\/div><\/div><\/div><\/div><\/div><\/div><\/div><\/section>\n<\/div><\/div><\/div><\/div><\/div><\/section>\n","protected":false},"excerpt":{"rendered":"Das Dosieren von Pulvern in Spritzguss- oder Extrusion Anwendungen ist ein sehr spezialisiertes Gesch\u00e4ft. Wir haben die Erfahrungen von Pulver Herstellern und Kunststoffproduzenten weltweit erfolgreich in den Produktentwicklungsprozess unserer Pulverdosierger\u00e4te einflie\u00dfen lassen. Mit Movacolor-Pulverdosierger\u00e4ten k\u00f6nnen Kunststoffhersteller bis zu 50\u00a0% der teuren Pulver Additive einsparen.","protected":false},"author":2,"featured_media":376,"parent":0,"menu_order":0,"comment_status":"closed","ping_status":"closed","template":"","meta":{"_acf_changed":false,"footnotes":""},"class_list":["post-4397","page","type-page","status-publish","has-post-thumbnail","hentry"],"acf":[],"yoast_head":"<!-- This site is optimized with the Yoast SEO plugin v26.4 - https:\/\/yoast.com\/wordpress\/plugins\/seo\/ -->\n<title>Materialien - Movacolor<\/title>\n<meta name=\"description\" content=\"Dosieren Sie Materialien wie Mahlgut, Masterbatch, Fl\u00fcssigkeiten und Pulver pr\u00e4zise mit den innovativen Dosierl\u00f6sungen von Movacolor. Weltweit Qualit\u00e4t.\" \/>\n<meta name=\"robots\" content=\"index, follow, max-snippet:-1, max-image-preview:large, max-video-preview:-1\" \/>\n<link rel=\"canonical\" href=\"https:\/\/www.movacolor.com\/de\/materialien\/\" \/>\n<meta property=\"og:locale\" content=\"de_DE\" \/>\n<meta property=\"og:type\" content=\"article\" \/>\n<meta property=\"og:title\" content=\"Materialien - Movacolor\" \/>\n<meta property=\"og:description\" content=\"Dosieren Sie Materialien wie Mahlgut, Masterbatch, Fl\u00fcssigkeiten und Pulver pr\u00e4zise mit den innovativen Dosierl\u00f6sungen von Movacolor. Weltweit Qualit\u00e4t.\" \/>\n<meta property=\"og:url\" content=\"https:\/\/www.movacolor.com\/de\/materialien\/\" \/>\n<meta property=\"og:site_name\" content=\"Movacolor\" \/>\n<meta property=\"article:modified_time\" content=\"2024-02-09T18:30:47+00:00\" \/>\n<meta property=\"og:image\" content=\"https:\/\/www.movacolor.com\/wp-content\/uploads\/2023\/01\/mvc_materials.jpg\" \/>\n\t<meta property=\"og:image:width\" content=\"1920\" \/>\n\t<meta property=\"og:image:height\" content=\"1280\" \/>\n\t<meta property=\"og:image:type\" content=\"image\/jpeg\" \/>\n<meta name=\"twitter:card\" content=\"summary_large_image\" \/>\n<meta name=\"twitter:label1\" content=\"Gesch\u00e4tzte Lesezeit\" \/>\n\t<meta name=\"twitter:data1\" content=\"2\u00a0Minuten\" \/>\n<script type=\"application\/ld+json\" class=\"yoast-schema-graph\">{\"@context\":\"https:\/\/schema.org\",\"@graph\":[{\"@type\":\"WebPage\",\"@id\":\"https:\/\/www.movacolor.com\/de\/materialien\/\",\"url\":\"https:\/\/www.movacolor.com\/de\/materialien\/\",\"name\":\"Materialien - Movacolor\",\"isPartOf\":{\"@id\":\"https:\/\/www.movacolor.com\/de\/#website\"},\"primaryImageOfPage\":{\"@id\":\"https:\/\/www.movacolor.com\/de\/materialien\/#primaryimage\"},\"image\":{\"@id\":\"https:\/\/www.movacolor.com\/de\/materialien\/#primaryimage\"},\"thumbnailUrl\":\"https:\/\/www.movacolor.com\/wp-content\/uploads\/2023\/01\/mvc_materials.jpg\",\"datePublished\":\"2023-01-03T10:28:18+00:00\",\"dateModified\":\"2024-02-09T18:30:47+00:00\",\"description\":\"Dosieren Sie Materialien wie Mahlgut, Masterbatch, Fl\u00fcssigkeiten und Pulver pr\u00e4zise mit den innovativen Dosierl\u00f6sungen von Movacolor. Weltweit Qualit\u00e4t.\",\"breadcrumb\":{\"@id\":\"https:\/\/www.movacolor.com\/de\/materialien\/#breadcrumb\"},\"inLanguage\":\"de\",\"potentialAction\":[{\"@type\":\"ReadAction\",\"target\":[\"https:\/\/www.movacolor.com\/de\/materialien\/\"]}]},{\"@type\":\"ImageObject\",\"inLanguage\":\"de\",\"@id\":\"https:\/\/www.movacolor.com\/de\/materialien\/#primaryimage\",\"url\":\"https:\/\/www.movacolor.com\/wp-content\/uploads\/2023\/01\/mvc_materials.jpg\",\"contentUrl\":\"https:\/\/www.movacolor.com\/wp-content\/uploads\/2023\/01\/mvc_materials.jpg\",\"width\":1920,\"height\":1280},{\"@type\":\"BreadcrumbList\",\"@id\":\"https:\/\/www.movacolor.com\/de\/materialien\/#breadcrumb\",\"itemListElement\":[{\"@type\":\"ListItem\",\"position\":1,\"name\":\"Home\",\"item\":\"https:\/\/www.movacolor.com\/de\/\"},{\"@type\":\"ListItem\",\"position\":2,\"name\":\"Materialien\"}]},{\"@type\":\"WebSite\",\"@id\":\"https:\/\/www.movacolor.com\/de\/#website\",\"url\":\"https:\/\/www.movacolor.com\/de\/\",\"name\":\"Movacolor\",\"description\":\"modular dosing solutions\",\"potentialAction\":[{\"@type\":\"SearchAction\",\"target\":{\"@type\":\"EntryPoint\",\"urlTemplate\":\"https:\/\/www.movacolor.com\/de\/?s={search_term_string}\"},\"query-input\":{\"@type\":\"PropertyValueSpecification\",\"valueRequired\":true,\"valueName\":\"search_term_string\"}}],\"inLanguage\":\"de\"}]}<\/script>\n<!-- \/ Yoast SEO plugin. -->","yoast_head_json":{"title":"Materialien - Movacolor","description":"Dosieren Sie Materialien wie Mahlgut, Masterbatch, Fl\u00fcssigkeiten und Pulver pr\u00e4zise mit den innovativen Dosierl\u00f6sungen von Movacolor. Weltweit Qualit\u00e4t.","robots":{"index":"index","follow":"follow","max-snippet":"max-snippet:-1","max-image-preview":"max-image-preview:large","max-video-preview":"max-video-preview:-1"},"canonical":"https:\/\/www.movacolor.com\/de\/materialien\/","og_locale":"de_DE","og_type":"article","og_title":"Materialien - Movacolor","og_description":"Dosieren Sie Materialien wie Mahlgut, Masterbatch, Fl\u00fcssigkeiten und Pulver pr\u00e4zise mit den innovativen Dosierl\u00f6sungen von Movacolor. Weltweit Qualit\u00e4t.","og_url":"https:\/\/www.movacolor.com\/de\/materialien\/","og_site_name":"Movacolor","article_modified_time":"2024-02-09T18:30:47+00:00","og_image":[{"width":1920,"height":1280,"url":"https:\/\/www.movacolor.com\/wp-content\/uploads\/2023\/01\/mvc_materials.jpg","type":"image\/jpeg"}],"twitter_card":"summary_large_image","twitter_misc":{"Gesch\u00e4tzte Lesezeit":"2\u00a0Minuten"},"schema":{"@context":"https:\/\/schema.org","@graph":[{"@type":"WebPage","@id":"https:\/\/www.movacolor.com\/de\/materialien\/","url":"https:\/\/www.movacolor.com\/de\/materialien\/","name":"Materialien - Movacolor","isPartOf":{"@id":"https:\/\/www.movacolor.com\/de\/#website"},"primaryImageOfPage":{"@id":"https:\/\/www.movacolor.com\/de\/materialien\/#primaryimage"},"image":{"@id":"https:\/\/www.movacolor.com\/de\/materialien\/#primaryimage"},"thumbnailUrl":"https:\/\/www.movacolor.com\/wp-content\/uploads\/2023\/01\/mvc_materials.jpg","datePublished":"2023-01-03T10:28:18+00:00","dateModified":"2024-02-09T18:30:47+00:00","description":"Dosieren Sie Materialien wie Mahlgut, Masterbatch, Fl\u00fcssigkeiten und Pulver pr\u00e4zise mit den innovativen Dosierl\u00f6sungen von Movacolor. Weltweit Qualit\u00e4t.","breadcrumb":{"@id":"https:\/\/www.movacolor.com\/de\/materialien\/#breadcrumb"},"inLanguage":"de","potentialAction":[{"@type":"ReadAction","target":["https:\/\/www.movacolor.com\/de\/materialien\/"]}]},{"@type":"ImageObject","inLanguage":"de","@id":"https:\/\/www.movacolor.com\/de\/materialien\/#primaryimage","url":"https:\/\/www.movacolor.com\/wp-content\/uploads\/2023\/01\/mvc_materials.jpg","contentUrl":"https:\/\/www.movacolor.com\/wp-content\/uploads\/2023\/01\/mvc_materials.jpg","width":1920,"height":1280},{"@type":"BreadcrumbList","@id":"https:\/\/www.movacolor.com\/de\/materialien\/#breadcrumb","itemListElement":[{"@type":"ListItem","position":1,"name":"Home","item":"https:\/\/www.movacolor.com\/de\/"},{"@type":"ListItem","position":2,"name":"Materialien"}]},{"@type":"WebSite","@id":"https:\/\/www.movacolor.com\/de\/#website","url":"https:\/\/www.movacolor.com\/de\/","name":"Movacolor","description":"modular dosing solutions","potentialAction":[{"@type":"SearchAction","target":{"@type":"EntryPoint","urlTemplate":"https:\/\/www.movacolor.com\/de\/?s={search_term_string}"},"query-input":{"@type":"PropertyValueSpecification","valueRequired":true,"valueName":"search_term_string"}}],"inLanguage":"de"}]}},"_links":{"self":[{"href":"https:\/\/www.movacolor.com\/de\/wp-json\/wp\/v2\/pages\/4397","targetHints":{"allow":["GET"]}}],"collection":[{"href":"https:\/\/www.movacolor.com\/de\/wp-json\/wp\/v2\/pages"}],"about":[{"href":"https:\/\/www.movacolor.com\/de\/wp-json\/wp\/v2\/types\/page"}],"author":[{"embeddable":true,"href":"https:\/\/www.movacolor.com\/de\/wp-json\/wp\/v2\/users\/2"}],"replies":[{"embeddable":true,"href":"https:\/\/www.movacolor.com\/de\/wp-json\/wp\/v2\/comments?post=4397"}],"version-history":[{"count":2,"href":"https:\/\/www.movacolor.com\/de\/wp-json\/wp\/v2\/pages\/4397\/revisions"}],"predecessor-version":[{"id":4399,"href":"https:\/\/www.movacolor.com\/de\/wp-json\/wp\/v2\/pages\/4397\/revisions\/4399"}],"wp:featuredmedia":[{"embeddable":true,"href":"https:\/\/www.movacolor.com\/de\/wp-json\/wp\/v2\/media\/376"}],"wp:attachment":[{"href":"https:\/\/www.movacolor.com\/de\/wp-json\/wp\/v2\/media?parent=4397"}],"curies":[{"name":"wp","href":"https:\/\/api.w.org\/{rel}","templated":true}]}}